{"id":52053,"date":"2019-05-09T12:13:40","date_gmt":"2019-05-09T12:13:40","guid":{"rendered":"https:\/\/business.roovi.com\/puzzle-adulti-1000-piese-vintage-map\/p\/"},"modified":"2022-07-13T10:15:21","modified_gmt":"2022-07-13T10:15:21","slug":"puzzle-adulte-1000-pieces-carte-vintage","status":"publish","type":"product","link":"https:\/\/business.roovi.com\/fr\/puzzle-adulte-1000-pieces-carte-vintage\/p\/","title":{"rendered":"Puzzle Adulte 1000 pi\u00e8ces Carte Vintage"},"content":{"rendered":"<p><span style=\"font-weight: 400;\">Tu veux un objet d\u00e9coratif pour donner de la personnalit\u00e9 \u00e0 ton bureau ? Ou tu aimes simplement les cartes des \u00e9poques d&rsquo;exploration lointaines ? Quelle que soit la cat\u00e9gorie \u00e0 laquelle tu appartiens, le puzzle de 1000 pi\u00e8ces de cartes vintage satisfait ton go\u00fbt pour la beaut\u00e9.<\/span><\/p>\n<p><span style=\"font-weight: 400;\">En 1630, Hendrik Hondius II a produit la premi\u00e8re carte du monde dat\u00e9e. Trouve son image dans le puzzle 1000 pi\u00e8ces de Vintage Map. Gr\u00e2ce \u00e0 un graphisme exceptionnel, l&rsquo;image reproduit fid\u00e8lement tous les d\u00e9tails de la carte. Les pi\u00e8ces de ce puzzle de 1000 pi\u00e8ces sont en carton de 2 mm d&rsquo;\u00e9paisseur qui s&#8217;embo\u00eetent parfaitement. Tu pourras donc profiter d&rsquo;une r\u00e9plique exquise d&rsquo;un c\u00e9l\u00e8bre tableau.<\/span><\/p>\n<p><span style=\"font-weight: 400;\">Les cartes anciennes sont d&rsquo;autant plus pr\u00e9cieuses qu&rsquo;elles proviennent d&rsquo;une \u00e9poque o\u00f9 une partie du globe n&rsquo;\u00e9tait pas encore d\u00e9couverte. Ils offrent donc un aper\u00e7u passionnant d&rsquo;un monde en qu\u00eate d&rsquo;illumination.<\/span><\/p>\n<p><span style=\"font-weight: 400;\">Embarquez pour une aventure exploratoire unique avec le puzzle Carte Vintage de 1000 pi\u00e8ces et d\u00e9couvrez parmi les milliers de d\u00e9tails les symboles de la civilisation des si\u00e8cles pass\u00e9s.<\/span><\/p>\n<p><strong>Comprend un puzzle de carte vintage de 1000 pi\u00e8ces :<\/strong><\/p>\n<p><strong>Taille de l&rsquo;image reconstitu\u00e9e : 50 x 70 cm.<\/strong><\/p>\n<p><strong>Mat\u00e9riau du puzzle <\/strong><\/p>\n<p><strong>carton bleu de haute qualit\u00e9<\/strong><\/p>\n<p><strong>des mat\u00e9riaux durables et recyclables<\/strong><\/p>\n<p><strong>finition semi-brillante, couleurs vives<\/strong><\/p>\n<p><strong>Nombre de pi\u00e8ces de puzzle : 1000<\/strong><\/p>\n<p><strong>\u00c2ge recommand\u00e9 : 14+<\/strong><\/p>\n<p><strong>Pourquoi le puzzle 1000 pi\u00e8ces Vintage Map est-il si sp\u00e9cial ?<\/strong><\/p>\n<p><span style=\"font-weight: 400;\">C&rsquo;est l&rsquo;occasion de passer du temps de qualit\u00e9 en profitant d&rsquo;une activit\u00e9 cr\u00e9ative.<\/span><\/p>\n<p><span style=\"font-weight: 400;\">Tu cr\u00e9es une image unique de la premi\u00e8re carte du monde enregistr\u00e9e dans un atlas g\u00e9ographique.<\/span><\/p>\n<p><span style=\"font-weight: 400;\">Tu affines tes comp\u00e9tences en mati\u00e8re de puzzles.<\/span><\/p>\n<p><span style=\"font-weight: 400;\">C&rsquo;est l&rsquo;occasion parfaite de socialiser avec un groupe d&rsquo;amis que tu n&rsquo;as pas rencontr\u00e9 depuis un moment.<\/span><\/p>\n<p><span style=\"font-weight: 400;\">Il t&rsquo;aide \u00e0 d\u00e9velopper ta concentration et ta capacit\u00e9 d&rsquo;attention.<\/span><\/p>\n<p><span style=\"font-weight: 400;\">Il entra\u00eene ta m\u00e9moire et ta pens\u00e9e logique.<\/span><\/p>\n<p><strong>Tu savais que&#8230; ?<\/strong><\/p>\n<p><span style=\"font-weight: 400;\">Henricus Hondius II \u00e9tait un cartographe n\u00e9erlandais qui a v\u00e9cu au 17e si\u00e8cle.<\/span><\/p>\n<p><span style=\"font-weight: 400;\">Sa carte, <\/span><em><span style=\"font-weight: 400;\">Nova totius Terrarum Orbis geographica ac hydrographica tabula, <\/span><\/em><span style=\"font-weight: 400;\">est la premi\u00e8re carte du monde largement disponible.<\/span><\/p>\n<p><span style=\"font-weight: 400;\">Par rapport \u00e0 ses pr\u00e9d\u00e9cesseurs, Henricus, sa carte d\u00e9limite avec pr\u00e9cision la c\u00f4te nord-est du Canada, y compris les territoires nouvellement cartographi\u00e9s comme l&rsquo;\u00eele de Baffin <\/span><\/p>\n<p><strong>Carte vintage puzzle 1000 pi\u00e8ces, une raison de faire connaissance avec tes proches<\/strong><\/p>\n<p><span style=\"font-weight: 400;\">Un long week-end en famille ou des journ\u00e9es de d\u00e9tente entre amis sont des occasions parfaites pour terminer ce jeu de puzzle unique <\/span><\/p>\n<p><span style=\"font-weight: 400;\">Tes enfants seront ravis de trouver les bonnes pi\u00e8ces pour recr\u00e9er une ancienne carte du monde. Raconte d&rsquo;autres histoires sur tes voyages pour d\u00e9couvrir diff\u00e9rentes r\u00e9gions du globe ou d&rsquo;autres cartes du monde. Transforme le jeu de puzzle en une activit\u00e9 d&rsquo;enrichissement des connaissances et de la culture g\u00e9n\u00e9rale.<\/span><\/p>\n<p><span style=\"font-weight: 400;\">Que tu choisisses ce puzzle de 1000 pi\u00e8ces pour profiter de quelques heures de d\u00e9tente ou pour passer du temps de qualit\u00e9 avec tes proches, l&rsquo;image finale est une v\u00e9ritable \u0153uvre d&rsquo;art qui m\u00e9rite d&rsquo;\u00eatre mise dans le cadre <\/span><\/p>\n<p><span style=\"font-weight: 400;\">Le puzzle 1000 pi\u00e8ces Vintage Map est un cadeau parfait pour les amateurs d&rsquo;art ou les amis passionn\u00e9s par les jeux de puzzle.<\/span><\/p><\/p>\n","protected":false},"excerpt":{"rendered":"<p>Tu veux un objet d\u00e9coratif pour donner de la personnalit\u00e9 \u00e0 ton bureau ? Ou tu aimes simplement les cartes<\/p>\n","protected":false},"featured_media":52054,"template":"","meta":[],"product_brand":[],"product_cat":[2314,2316,2315],"product_tag":[],"class_list":{"0":"post-52053","1":"product","2":"type-product","3":"status-publish","4":"has-post-thumbnail","6":"product_cat-puzzles-fr","7":"product_cat-puzzles-de-1000-pieces","8":"product_cat-puzzles-pour-adultes","9":"pa_brand-d_toys-fr","10":"pa_country_of_manufacture-ro-fr","11":"pa_filter_age-14-fr","12":"pa_painter-vintage-fr","13":"pa_tip_ambalaj-boite","14":"pa_tip_puzzle-classique","16":"first","17":"instock","18":"taxable","19":"shipping-taxable","20":"product-type-simple"},"yoast_head":"<!-- This site is optimized with the Yoast SEO plugin v20.1 - https:\/\/yoast.com\/wordpress\/plugins\/seo\/ -->\n<title>Puzzle Adulte 1000 pi\u00e8ces Carte Vintage<\/title>\n<meta name=\"description\" content=\"Puzzle Adulte 1000 pi\u00e8ces Carte Vintage\" \/>\n<meta name=\"robots\" content=\"index, follow, max-snippet:-1, max-image-preview:large, max-video-preview:-1\" \/>\n<link rel=\"canonical\" href=\"https:\/\/business.roovi.com\/fr\/puzzle-adulte-1000-pieces-carte-vintage\/p\/\" \/>\n<meta property=\"og:locale\" content=\"fr_FR\" \/>\n<meta property=\"og:type\" content=\"article\" \/>\n<meta property=\"og:title\" content=\"Puzzle Adulte 1000 pi\u00e8ces Carte Vintage\" \/>\n<meta property=\"og:description\" content=\"Puzzle Adulte 1000 pi\u00e8ces Carte Vintage\" \/>\n<meta property=\"og:url\" content=\"https:\/\/business.roovi.com\/fr\/puzzle-adulte-1000-pieces-carte-vintage\/p\/\" \/>\n<meta property=\"og:site_name\" content=\"Roovi B2B\" \/>\n<meta property=\"article:publisher\" content=\"https:\/\/www.facebook.com\/wwwjucariero\" \/>\n<meta property=\"article:modified_time\" content=\"2022-07-13T10:15:21+00:00\" \/>\n<meta property=\"og:image\" content=\"https:\/\/business.roovi.com\/wp-content\/uploads\/2019\/05\/75710_ansamblu_dimensiuni_cutie_cm_orizontal_1200x1200.png\" \/>\n\t<meta property=\"og:image:width\" content=\"1200\" \/>\n\t<meta property=\"og:image:height\" content=\"1200\" \/>\n\t<meta property=\"og:image:type\" content=\"image\/png\" \/>\n<meta name=\"twitter:label1\" content=\"Dur\u00e9e de lecture estim\u00e9e\" \/>\n\t<meta name=\"twitter:data1\" content=\"3 minutes\" \/>\n<script type=\"application\/ld+json\" class=\"yoast-schema-graph\">{\"@context\":\"https:\/\/schema.org\",\"@graph\":[{\"@type\":\"WebPage\",\"@id\":\"https:\/\/business.roovi.com\/fr\/puzzle-adulte-1000-pieces-carte-vintage\/p\/\",\"url\":\"https:\/\/business.roovi.com\/fr\/puzzle-adulte-1000-pieces-carte-vintage\/p\/\",\"name\":\"Puzzle Adulte 1000 pi\u00e8ces Carte Vintage\",\"isPartOf\":{\"@id\":\"https:\/\/business.roovi.com\/fr\/#website\"},\"datePublished\":\"2019-05-09T12:13:40+00:00\",\"dateModified\":\"2022-07-13T10:15:21+00:00\",\"description\":\"Puzzle Adulte 1000 pi\u00e8ces Carte Vintage\",\"breadcrumb\":{\"@id\":\"https:\/\/business.roovi.com\/fr\/puzzle-adulte-1000-pieces-carte-vintage\/p\/#breadcrumb\"},\"inLanguage\":\"fr-FR\",\"potentialAction\":[{\"@type\":\"ReadAction\",\"target\":[\"https:\/\/business.roovi.com\/fr\/puzzle-adulte-1000-pieces-carte-vintage\/p\/\"]}]},{\"@type\":\"BreadcrumbList\",\"@id\":\"https:\/\/business.roovi.com\/fr\/puzzle-adulte-1000-pieces-carte-vintage\/p\/#breadcrumb\",\"itemListElement\":[{\"@type\":\"ListItem\",\"position\":1,\"name\":\"Home\",\"item\":\"https:\/\/business.roovi.com\/fr\/\"},{\"@type\":\"ListItem\",\"position\":2,\"name\":\"Boutique\",\"item\":\"https:\/\/business.roovi.com\/fr\/boutique\/\"},{\"@type\":\"ListItem\",\"position\":3,\"name\":\"Puzzle Adulte 1000 pi\u00e8ces Carte Vintage\"}]},{\"@type\":\"WebSite\",\"@id\":\"https:\/\/business.roovi.com\/fr\/#website\",\"url\":\"https:\/\/business.roovi.com\/fr\/\",\"name\":\"Roovi B2B\",\"description\":\"Roovi Business Website\",\"potentialAction\":[{\"@type\":\"SearchAction\",\"target\":{\"@type\":\"EntryPoint\",\"urlTemplate\":\"https:\/\/business.roovi.com\/fr\/?s={search_term_string}\"},\"query-input\":\"required name=search_term_string\"}],\"inLanguage\":\"fr-FR\"}]}<\/script>\n<!-- \/ Yoast SEO plugin. -->","yoast_head_json":{"title":"Puzzle Adulte 1000 pi\u00e8ces Carte Vintage","description":"Puzzle Adulte 1000 pi\u00e8ces Carte Vintage","robots":{"index":"index","follow":"follow","max-snippet":"max-snippet:-1","max-image-preview":"max-image-preview:large","max-video-preview":"max-video-preview:-1"},"canonical":"https:\/\/business.roovi.com\/fr\/puzzle-adulte-1000-pieces-carte-vintage\/p\/","og_locale":"fr_FR","og_type":"article","og_title":"Puzzle Adulte 1000 pi\u00e8ces Carte Vintage","og_description":"Puzzle Adulte 1000 pi\u00e8ces Carte Vintage","og_url":"https:\/\/business.roovi.com\/fr\/puzzle-adulte-1000-pieces-carte-vintage\/p\/","og_site_name":"Roovi B2B","article_publisher":"https:\/\/www.facebook.com\/wwwjucariero","article_modified_time":"2022-07-13T10:15:21+00:00","og_image":[{"width":1200,"height":1200,"url":"https:\/\/business.roovi.com\/wp-content\/uploads\/2019\/05\/75710_ansamblu_dimensiuni_cutie_cm_orizontal_1200x1200.png","type":"image\/png"}],"twitter_misc":{"Dur\u00e9e de lecture estim\u00e9e":"3 minutes"},"schema":{"@context":"https:\/\/schema.org","@graph":[{"@type":"WebPage","@id":"https:\/\/business.roovi.com\/fr\/puzzle-adulte-1000-pieces-carte-vintage\/p\/","url":"https:\/\/business.roovi.com\/fr\/puzzle-adulte-1000-pieces-carte-vintage\/p\/","name":"Puzzle Adulte 1000 pi\u00e8ces Carte Vintage","isPartOf":{"@id":"https:\/\/business.roovi.com\/fr\/#website"},"datePublished":"2019-05-09T12:13:40+00:00","dateModified":"2022-07-13T10:15:21+00:00","description":"Puzzle Adulte 1000 pi\u00e8ces Carte Vintage","breadcrumb":{"@id":"https:\/\/business.roovi.com\/fr\/puzzle-adulte-1000-pieces-carte-vintage\/p\/#breadcrumb"},"inLanguage":"fr-FR","potentialAction":[{"@type":"ReadAction","target":["https:\/\/business.roovi.com\/fr\/puzzle-adulte-1000-pieces-carte-vintage\/p\/"]}]},{"@type":"BreadcrumbList","@id":"https:\/\/business.roovi.com\/fr\/puzzle-adulte-1000-pieces-carte-vintage\/p\/#breadcrumb","itemListElement":[{"@type":"ListItem","position":1,"name":"Home","item":"https:\/\/business.roovi.com\/fr\/"},{"@type":"ListItem","position":2,"name":"Boutique","item":"https:\/\/business.roovi.com\/fr\/boutique\/"},{"@type":"ListItem","position":3,"name":"Puzzle Adulte 1000 pi\u00e8ces Carte Vintage"}]},{"@type":"WebSite","@id":"https:\/\/business.roovi.com\/fr\/#website","url":"https:\/\/business.roovi.com\/fr\/","name":"Roovi B2B","description":"Roovi Business Website","potentialAction":[{"@type":"SearchAction","target":{"@type":"EntryPoint","urlTemplate":"https:\/\/business.roovi.com\/fr\/?s={search_term_string}"},"query-input":"required name=search_term_string"}],"inLanguage":"fr-FR"}]}},"_links":{"self":[{"href":"https:\/\/business.roovi.com\/fr\/wp-json\/wp\/v2\/product\/52053","targetHints":{"allow":["GET"]}}],"collection":[{"href":"https:\/\/business.roovi.com\/fr\/wp-json\/wp\/v2\/product"}],"about":[{"href":"https:\/\/business.roovi.com\/fr\/wp-json\/wp\/v2\/types\/product"}],"version-history":[{"count":0,"href":"https:\/\/business.roovi.com\/fr\/wp-json\/wp\/v2\/product\/52053\/revisions"}],"wp:featuredmedia":[{"embeddable":true,"href":"https:\/\/business.roovi.com\/fr\/wp-json\/wp\/v2\/media\/52054"}],"wp:attachment":[{"href":"https:\/\/business.roovi.com\/fr\/wp-json\/wp\/v2\/media?parent=52053"}],"wp:term":[{"taxonomy":"product_brand","embeddable":true,"href":"https:\/\/business.roovi.com\/fr\/wp-json\/wp\/v2\/product_brand?post=52053"},{"taxonomy":"product_cat","embeddable":true,"href":"https:\/\/business.roovi.com\/fr\/wp-json\/wp\/v2\/product_cat?post=52053"},{"taxonomy":"product_tag","embeddable":true,"href":"https:\/\/business.roovi.com\/fr\/wp-json\/wp\/v2\/product_tag?post=52053"}],"curies":[{"name":"wp","href":"https:\/\/api.w.org\/{rel}","templated":true}]}}