{"id":52091,"date":"2019-05-09T10:56:47","date_gmt":"2019-05-09T10:56:47","guid":{"rendered":"https:\/\/business.roovi.com\/puzzle-adulti-1000-piese-albert-bredow-romantic-winter-landscape-with-ice-skaters-by-a-castle\/p\/"},"modified":"2022-07-13T10:15:27","modified_gmt":"2022-07-13T10:15:27","slug":"albert-bredow-puzzle-adulte-de-1000-pieces-paysage-dhiver-romantique-avec-patineurs-sur-glace-pres-dun-chateau","status":"publish","type":"product","link":"https:\/\/business.roovi.com\/fr\/albert-bredow-puzzle-adulte-de-1000-pieces-paysage-dhiver-romantique-avec-patineurs-sur-glace-pres-dun-chateau\/p\/","title":{"rendered":"Albert Bredow Puzzle adulte de 1000 pi\u00e8ces &#8211; Paysage d&rsquo;hiver romantique avec patineurs sur glace pr\u00e8s d&rsquo;un ch\u00e2teau"},"content":{"rendered":"<p><span style=\"font-weight: 400;\">Sois inspir\u00e9 par la plus grande collection de puzzles d&rsquo;art de Roumanie ! Ach\u00e8te maintenant des puzzles de 1000 pi\u00e8ces avec des images de peintures c\u00e9l\u00e8bres, assemble-les, encadre-les et cr\u00e9e ta propre collection \u00e9tonnante de peintures de puzzles pour adultes ! <\/span><\/p>\n<p><span style=\"font-weight: 400;\">Ta collection ne devrait pas manquer le puzzle de 1000 pi\u00e8ces <em>Albert Bredow &#8211; Romantic Winter Landscape with Ice Skaters by a Castle \/ Paysage d&rsquo;hiver romantique avec des patineurs sur glace pr\u00e8s d&rsquo;un ch\u00e2teau<\/em> avec un paysage de conte de f\u00e9es qui te rapproche de la beaut\u00e9 de l&rsquo;hiver. Ce merveilleux puzzle artistique te donne l&rsquo;impression de refaire une carte de No\u00ebl plus grande de 50 x 70 cm. L&rsquo;image de la peinture est comme un conte de f\u00e9es rendu dans un tableau qui attend d&rsquo;\u00eatre racont\u00e9. Des gens ordinaires qui profitent d&rsquo;une journ\u00e9e d&rsquo;hiver en glissant de mani\u00e8re d\u00e9tendue sur la glace. Un ch\u00e2teau d\u00e9sert se trouve \u00e0 l&rsquo;arri\u00e8re-plan <\/span><\/p>\n<p><span style=\"font-weight: 400;\">Quel est le lien entre les personnages et le ch\u00e2teau ? Cela reste un myst\u00e8re sur lequel il n&rsquo;y a aucune information. Mais tu es libre d&rsquo;imaginer le sc\u00e9nario que tu veux car les \u00e9nigmes artistiques te donnent ce plaisir d&rsquo;explorer les \u0153uvres d&rsquo;art \u00e0 ta fa\u00e7on. Tu peux utiliser une table basse standard pour supporter les 1000 pi\u00e8ces du puzzle. Infuse ton meilleur th\u00e9 \u00e0 l&rsquo;orange et \u00e0 la cannelle et plonge dans l&rsquo;atmosph\u00e8re hivernale d&rsquo;un merveilleux puzzle artistique !<\/span><\/p>\n<p><span style=\"font-weight: 400;\">Caract\u00e9ristiques Puzzle de 1000 pi\u00e8ces Albert Bredow &#8211; Paysage d&rsquo;hiver romantique avec des patineurs sur glace pr\u00e8s d&rsquo;un ch\u00e2teau :<\/span><\/p>\n<p><strong>Mat\u00e9riau du puzzle <\/strong><\/p>\n<p><strong>carton bleu de haute qualit\u00e9<\/strong><\/p>\n<p><strong>des mat\u00e9riaux durables et recyclables<\/strong><\/p>\n<p><strong>finition semi-brillante, couleurs vives<\/strong><\/p>\n<p><strong>Nombre de pi\u00e8ces de puzzle : 1000<\/strong><\/p>\n<p><strong>\u00c2ge recommand\u00e9 : 14+<\/strong><\/p>\n<p><strong>Assembler des puzzles pour adultes : une activit\u00e9 profond\u00e9ment relaxante<\/strong><\/p>\n<p><span style=\"font-weight: 400;\">Les puzzles de 1000 pi\u00e8ces mettent ton esprit au d\u00e9fi de r\u00e9soudre le myst\u00e8re des images les plus \u00e9tonnantes. De plus, elle t&rsquo;aide \u00e0 te d\u00e9tendre profond\u00e9ment. Lorsque tu te concentres pour reconstituer l&rsquo;image d&rsquo;un puzzle de 1000 pi\u00e8ces, ton esprit entre dans un \u00e9tat \u00ab\u00a0Alpha\u00a0\u00bb, comme lorsque tu r\u00eaves. Ce sentiment merveilleux s&rsquo;accompagne d&rsquo;autres avantages pour toi :<\/span><\/p>\n<ul>\n<li><span style=\"font-weight: 400;\">Il am\u00e9liore ton humeur.<\/span><\/li>\n<li><span style=\"font-weight: 400;\">Il facilite les connexions c\u00e9r\u00e9brales profondes.<\/span><\/li>\n<li><span style=\"font-weight: 400;\">Cela augmente ta confiance en toi.<\/span><\/li>\n<li><span style=\"font-weight: 400;\">Elle te lib\u00e8re du stress et de l&rsquo;anxi\u00e9t\u00e9.<\/span><\/li>\n<\/ul>\n<p><strong>Albert Bredow : un paysagiste dou\u00e9 \u00e0 la vie inconnue<\/strong><\/p>\n<p><span style=\"font-weight: 400;\">On sait peu de choses sur la vie et le travail d&rsquo;Albert Bredow. Cependant, il reste de pr\u00e9cieuses peintures et illustrations de d\u00e9cors th\u00e9\u00e2traux exceptionnels qu&rsquo;il a r\u00e9alis\u00e9s de son vivant. Voici 6 faits sur ce peintre germano-russe :<\/span><\/p>\n<p><span style=\"font-weight: 400;\">1. Il est n\u00e9 en Allemagne en 1828 et \u00e9tait peintre paysagiste, lithographe et d\u00e9corateur.<\/span><\/p>\n<p><span style=\"font-weight: 400;\">2. On ne sait pas grand-chose de son lieu de naissance en Allemagne ni de ses \u00e9tudes d&rsquo;art ici. On sait cependant qu&rsquo;il a \u00e9tudi\u00e9 \u00e0 l&rsquo;Acad\u00e9mie imp\u00e9riale des arts de P\u00e9tersbourg.<\/span><\/p>\n<p><span style=\"font-weight: 400;\">3. Il a travaill\u00e9 comme sc\u00e9nographe \u00e0 Riga, Tallinn et comme d\u00e9corateur dans des th\u00e9\u00e2tres \u00e0 Petersburg et Moscou.<\/span><\/p>\n<p><span style=\"font-weight: 400;\">4. Il a peint des paysages allemands, lettons et russes.<\/span><\/p>\n<p><span style=\"font-weight: 400;\">5. Le travail <\/span><em><span style=\"font-weight: 400;\">Paysage d&rsquo;hiver romantique avec des patineurs sur glace pr\u00e8s d&rsquo;un ch\u00e2teau<\/span><\/em><span style=\"font-weight: 400;\"> a \u00e9t\u00e9 peint dans la derni\u00e8re partie de sa vie.<\/span><\/p>\n<p><span style=\"font-weight: 400;\">6. Ses peintures de paysages \u00e9th\u00e9r\u00e9s ont \u00e9t\u00e9 \u00e9valu\u00e9es positivement par les critiques d&rsquo;art russes.<\/span><\/p>\n<p><strong>Les puzzles artistiques te reconnectent avec toi-m\u00eame<\/strong><\/p>\n<p><span style=\"font-weight: 400;\">Tu as envie de faire une pause loin des \u00e9crans ? Les puzzles d&rsquo;art sont l\u00e0 pour t&rsquo;aider ! Ils t&rsquo;aident \u00e0 d\u00e9connecter de ta vie tr\u00e9pidante et stressante et t&rsquo;offrent des moments uniques pour te d\u00e9tendre et te reconnecter avec toi-m\u00eame <\/span><\/p>\n<p><span style=\"font-weight: 400;\">Ach\u00e8te le puzzle d&rsquo;art Albert Bredow &#8211; Paysage d&rsquo;hiver romantique avec des patineurs sur glace pr\u00e8s d&rsquo;un ch\u00e2teau et fais l&rsquo;exp\u00e9rience d&rsquo;une activit\u00e9 classique, relaxante et amusante. Tu peux recr\u00e9er l&rsquo;image dans ce puzzle de 1000 pi\u00e8ces avec l&rsquo;aide de ta famille et de tes amis. Cet \u00e9tonnant jeu de puzzle transforme tes soir\u00e9es monotones en moments de bonheur avec tes proches !<\/span><\/p>\n<p><span style=\"font-weight: 400;\">Si tu cherches un cadeau exquis pour la personne sp\u00e9ciale dans ta vie, le puzzle d&rsquo;art Albert Bredow &#8211; Paysage d&rsquo;hiver romantique avec patineurs sur glace pr\u00e8s d&rsquo;un ch\u00e2teau est le choix parfait <\/span><\/p><\/p>\n","protected":false},"excerpt":{"rendered":"<p>Sois inspir\u00e9 par la plus grande collection de puzzles d&rsquo;art de Roumanie ! Ach\u00e8te maintenant des puzzles de 1000 pi\u00e8ces<\/p>\n","protected":false},"featured_media":63663,"template":"","meta":[],"product_brand":[],"product_cat":[2314,2316,2315],"product_tag":[],"class_list":{"0":"post-52091","1":"product","2":"type-product","3":"status-publish","4":"has-post-thumbnail","6":"product_cat-puzzles-fr","7":"product_cat-puzzles-de-1000-pieces","8":"product_cat-puzzles-pour-adultes","9":"pa_brand-d_toys-fr","10":"pa_country_of_manufacture-ro-fr","11":"pa_filter_age-14-fr","12":"pa_tip_ambalaj-boite","13":"pa_tip_puzzle-classique","15":"first","16":"instock","17":"taxable","18":"shipping-taxable","19":"product-type-simple"},"yoast_head":"<!-- This site is optimized with the Yoast SEO plugin v20.1 - https:\/\/yoast.com\/wordpress\/plugins\/seo\/ -->\n<title>Albert Bredow Puzzle adulte de 1000 pi\u00e8ces - Paysage d&#039;hiver romantique avec patineurs sur glace pr\u00e8s d&#039;un ch\u00e2teau<\/title>\n<meta name=\"description\" content=\"Albert Bredow Puzzle adulte de 1000 pi\u00e8ces - Paysage d&#039;hiver romantique avec patineurs sur glace pr\u00e8s d&#039;un ch\u00e2teau\" \/>\n<meta name=\"robots\" content=\"index, follow, max-snippet:-1, max-image-preview:large, max-video-preview:-1\" \/>\n<link rel=\"canonical\" href=\"https:\/\/business.roovi.com\/fr\/albert-bredow-puzzle-adulte-de-1000-pieces-paysage-dhiver-romantique-avec-patineurs-sur-glace-pres-dun-chateau\/p\/\" \/>\n<meta property=\"og:locale\" content=\"fr_FR\" \/>\n<meta property=\"og:type\" content=\"article\" \/>\n<meta property=\"og:title\" content=\"Albert Bredow Puzzle adulte de 1000 pi\u00e8ces - Paysage d&#039;hiver romantique avec patineurs sur glace pr\u00e8s d&#039;un ch\u00e2teau\" \/>\n<meta property=\"og:description\" content=\"Albert Bredow Puzzle adulte de 1000 pi\u00e8ces - Paysage d&#039;hiver romantique avec patineurs sur glace pr\u00e8s d&#039;un ch\u00e2teau\" \/>\n<meta property=\"og:url\" content=\"https:\/\/business.roovi.com\/fr\/albert-bredow-puzzle-adulte-de-1000-pieces-paysage-dhiver-romantique-avec-patineurs-sur-glace-pres-dun-chateau\/p\/\" \/>\n<meta property=\"og:site_name\" content=\"Roovi B2B\" \/>\n<meta property=\"article:publisher\" content=\"https:\/\/www.facebook.com\/wwwjucariero\" \/>\n<meta property=\"article:modified_time\" content=\"2022-07-13T10:15:27+00:00\" \/>\n<meta property=\"og:image\" content=\"https:\/\/business.roovi.com\/wp-content\/uploads\/2019\/05\/puzzle_1000_albert_bredow_romantic_winter_landscape-75697_br01.jpg\" \/>\n\t<meta property=\"og:image:width\" content=\"1000\" \/>\n\t<meta property=\"og:image:height\" content=\"1000\" \/>\n\t<meta property=\"og:image:type\" content=\"image\/jpeg\" \/>\n<meta name=\"twitter:label1\" content=\"Dur\u00e9e de lecture estim\u00e9e\" \/>\n\t<meta name=\"twitter:data1\" content=\"4 minutes\" \/>\n<script type=\"application\/ld+json\" class=\"yoast-schema-graph\">{\"@context\":\"https:\/\/schema.org\",\"@graph\":[{\"@type\":\"WebPage\",\"@id\":\"https:\/\/business.roovi.com\/fr\/albert-bredow-puzzle-adulte-de-1000-pieces-paysage-dhiver-romantique-avec-patineurs-sur-glace-pres-dun-chateau\/p\/\",\"url\":\"https:\/\/business.roovi.com\/fr\/albert-bredow-puzzle-adulte-de-1000-pieces-paysage-dhiver-romantique-avec-patineurs-sur-glace-pres-dun-chateau\/p\/\",\"name\":\"Albert Bredow Puzzle adulte de 1000 pi\u00e8ces - Paysage d'hiver romantique avec patineurs sur glace pr\u00e8s d'un ch\u00e2teau\",\"isPartOf\":{\"@id\":\"https:\/\/business.roovi.com\/fr\/#website\"},\"datePublished\":\"2019-05-09T10:56:47+00:00\",\"dateModified\":\"2022-07-13T10:15:27+00:00\",\"description\":\"Albert Bredow Puzzle adulte de 1000 pi\u00e8ces - Paysage d'hiver romantique avec patineurs sur glace pr\u00e8s d'un ch\u00e2teau\",\"breadcrumb\":{\"@id\":\"https:\/\/business.roovi.com\/fr\/albert-bredow-puzzle-adulte-de-1000-pieces-paysage-dhiver-romantique-avec-patineurs-sur-glace-pres-dun-chateau\/p\/#breadcrumb\"},\"inLanguage\":\"fr-FR\",\"potentialAction\":[{\"@type\":\"ReadAction\",\"target\":[\"https:\/\/business.roovi.com\/fr\/albert-bredow-puzzle-adulte-de-1000-pieces-paysage-dhiver-romantique-avec-patineurs-sur-glace-pres-dun-chateau\/p\/\"]}]},{\"@type\":\"BreadcrumbList\",\"@id\":\"https:\/\/business.roovi.com\/fr\/albert-bredow-puzzle-adulte-de-1000-pieces-paysage-dhiver-romantique-avec-patineurs-sur-glace-pres-dun-chateau\/p\/#breadcrumb\",\"itemListElement\":[{\"@type\":\"ListItem\",\"position\":1,\"name\":\"Home\",\"item\":\"https:\/\/business.roovi.com\/fr\/\"},{\"@type\":\"ListItem\",\"position\":2,\"name\":\"Boutique\",\"item\":\"https:\/\/business.roovi.com\/fr\/boutique\/\"},{\"@type\":\"ListItem\",\"position\":3,\"name\":\"Albert Bredow Puzzle adulte de 1000 pi\u00e8ces &#8211; Paysage d&#8217;hiver romantique avec patineurs sur glace pr\u00e8s d&#8217;un ch\u00e2teau\"}]},{\"@type\":\"WebSite\",\"@id\":\"https:\/\/business.roovi.com\/fr\/#website\",\"url\":\"https:\/\/business.roovi.com\/fr\/\",\"name\":\"Roovi B2B\",\"description\":\"Roovi Business Website\",\"potentialAction\":[{\"@type\":\"SearchAction\",\"target\":{\"@type\":\"EntryPoint\",\"urlTemplate\":\"https:\/\/business.roovi.com\/fr\/?s={search_term_string}\"},\"query-input\":\"required name=search_term_string\"}],\"inLanguage\":\"fr-FR\"}]}<\/script>\n<!-- \/ Yoast SEO plugin. -->","yoast_head_json":{"title":"Albert Bredow Puzzle adulte de 1000 pi\u00e8ces - Paysage d'hiver romantique avec patineurs sur glace pr\u00e8s d'un ch\u00e2teau","description":"Albert Bredow Puzzle adulte de 1000 pi\u00e8ces - Paysage d'hiver romantique avec patineurs sur glace pr\u00e8s d'un ch\u00e2teau","robots":{"index":"index","follow":"follow","max-snippet":"max-snippet:-1","max-image-preview":"max-image-preview:large","max-video-preview":"max-video-preview:-1"},"canonical":"https:\/\/business.roovi.com\/fr\/albert-bredow-puzzle-adulte-de-1000-pieces-paysage-dhiver-romantique-avec-patineurs-sur-glace-pres-dun-chateau\/p\/","og_locale":"fr_FR","og_type":"article","og_title":"Albert Bredow Puzzle adulte de 1000 pi\u00e8ces - Paysage d'hiver romantique avec patineurs sur glace pr\u00e8s d'un ch\u00e2teau","og_description":"Albert Bredow Puzzle adulte de 1000 pi\u00e8ces - Paysage d'hiver romantique avec patineurs sur glace pr\u00e8s d'un ch\u00e2teau","og_url":"https:\/\/business.roovi.com\/fr\/albert-bredow-puzzle-adulte-de-1000-pieces-paysage-dhiver-romantique-avec-patineurs-sur-glace-pres-dun-chateau\/p\/","og_site_name":"Roovi B2B","article_publisher":"https:\/\/www.facebook.com\/wwwjucariero","article_modified_time":"2022-07-13T10:15:27+00:00","og_image":[{"width":1000,"height":1000,"url":"https:\/\/business.roovi.com\/wp-content\/uploads\/2019\/05\/puzzle_1000_albert_bredow_romantic_winter_landscape-75697_br01.jpg","type":"image\/jpeg"}],"twitter_misc":{"Dur\u00e9e de lecture estim\u00e9e":"4 minutes"},"schema":{"@context":"https:\/\/schema.org","@graph":[{"@type":"WebPage","@id":"https:\/\/business.roovi.com\/fr\/albert-bredow-puzzle-adulte-de-1000-pieces-paysage-dhiver-romantique-avec-patineurs-sur-glace-pres-dun-chateau\/p\/","url":"https:\/\/business.roovi.com\/fr\/albert-bredow-puzzle-adulte-de-1000-pieces-paysage-dhiver-romantique-avec-patineurs-sur-glace-pres-dun-chateau\/p\/","name":"Albert Bredow Puzzle adulte de 1000 pi\u00e8ces - Paysage d'hiver romantique avec patineurs sur glace pr\u00e8s d'un ch\u00e2teau","isPartOf":{"@id":"https:\/\/business.roovi.com\/fr\/#website"},"datePublished":"2019-05-09T10:56:47+00:00","dateModified":"2022-07-13T10:15:27+00:00","description":"Albert Bredow Puzzle adulte de 1000 pi\u00e8ces - Paysage d'hiver romantique avec patineurs sur glace pr\u00e8s d'un ch\u00e2teau","breadcrumb":{"@id":"https:\/\/business.roovi.com\/fr\/albert-bredow-puzzle-adulte-de-1000-pieces-paysage-dhiver-romantique-avec-patineurs-sur-glace-pres-dun-chateau\/p\/#breadcrumb"},"inLanguage":"fr-FR","potentialAction":[{"@type":"ReadAction","target":["https:\/\/business.roovi.com\/fr\/albert-bredow-puzzle-adulte-de-1000-pieces-paysage-dhiver-romantique-avec-patineurs-sur-glace-pres-dun-chateau\/p\/"]}]},{"@type":"BreadcrumbList","@id":"https:\/\/business.roovi.com\/fr\/albert-bredow-puzzle-adulte-de-1000-pieces-paysage-dhiver-romantique-avec-patineurs-sur-glace-pres-dun-chateau\/p\/#breadcrumb","itemListElement":[{"@type":"ListItem","position":1,"name":"Home","item":"https:\/\/business.roovi.com\/fr\/"},{"@type":"ListItem","position":2,"name":"Boutique","item":"https:\/\/business.roovi.com\/fr\/boutique\/"},{"@type":"ListItem","position":3,"name":"Albert Bredow Puzzle adulte de 1000 pi\u00e8ces &#8211; Paysage d&#8217;hiver romantique avec patineurs sur glace pr\u00e8s d&#8217;un ch\u00e2teau"}]},{"@type":"WebSite","@id":"https:\/\/business.roovi.com\/fr\/#website","url":"https:\/\/business.roovi.com\/fr\/","name":"Roovi B2B","description":"Roovi Business Website","potentialAction":[{"@type":"SearchAction","target":{"@type":"EntryPoint","urlTemplate":"https:\/\/business.roovi.com\/fr\/?s={search_term_string}"},"query-input":"required name=search_term_string"}],"inLanguage":"fr-FR"}]}},"_links":{"self":[{"href":"https:\/\/business.roovi.com\/fr\/wp-json\/wp\/v2\/product\/52091","targetHints":{"allow":["GET"]}}],"collection":[{"href":"https:\/\/business.roovi.com\/fr\/wp-json\/wp\/v2\/product"}],"about":[{"href":"https:\/\/business.roovi.com\/fr\/wp-json\/wp\/v2\/types\/product"}],"version-history":[{"count":0,"href":"https:\/\/business.roovi.com\/fr\/wp-json\/wp\/v2\/product\/52091\/revisions"}],"wp:featuredmedia":[{"embeddable":true,"href":"https:\/\/business.roovi.com\/fr\/wp-json\/wp\/v2\/media\/63663"}],"wp:attachment":[{"href":"https:\/\/business.roovi.com\/fr\/wp-json\/wp\/v2\/media?parent=52091"}],"wp:term":[{"taxonomy":"product_brand","embeddable":true,"href":"https:\/\/business.roovi.com\/fr\/wp-json\/wp\/v2\/product_brand?post=52091"},{"taxonomy":"product_cat","embeddable":true,"href":"https:\/\/business.roovi.com\/fr\/wp-json\/wp\/v2\/product_cat?post=52091"},{"taxonomy":"product_tag","embeddable":true,"href":"https:\/\/business.roovi.com\/fr\/wp-json\/wp\/v2\/product_tag?post=52091"}],"curies":[{"name":"wp","href":"https:\/\/api.w.org\/{rel}","templated":true}]}}