{"id":52092,"date":"2019-05-09T10:09:59","date_gmt":"2019-05-09T10:09:59","guid":{"rendered":"https:\/\/business.roovi.com\/puzzle-adulti-1000-piese-jean-beraud-apres-loffice-a-leglise-de-la-sainte-trinite\/p\/"},"modified":"2022-07-13T10:15:28","modified_gmt":"2022-07-13T10:15:28","slug":"puzzle-adulte-1000-pieces-jean-beraud-apres-loffice-de-leglise-de-la-sainte-trinite","status":"publish","type":"product","link":"https:\/\/business.roovi.com\/fr\/puzzle-adulte-1000-pieces-jean-beraud-apres-loffice-de-leglise-de-la-sainte-trinite\/p\/","title":{"rendered":"Puzzle adulte 1000 pi\u00e8ces Jean B\u00e9raud &#8211; Apr\u00e8s l&rsquo;office de l&rsquo;\u00e9glise de la Sainte Trinit\u00e9"},"content":{"rendered":"<p><span style=\"font-weight: 400;\">Tu ressens le besoin de te d\u00e9connecter de tes \u00e9crans ? Assemble des puzzles artistiques et donne de la valeur \u00e0 ton temps libre. Tu peux recr\u00e9er des images de tableaux c\u00e9l\u00e8bres : Mona Lisa, Oph\u00e9lie, Naissance de V\u00e9nus et plus encore \u00e0 partir de puzzles de 1000 pi\u00e8ces. Choisis maintenant tes \u0153uvres pr\u00e9f\u00e9r\u00e9es et reconstruis de v\u00e9ritables chefs-d&rsquo;\u0153uvre de tes propres mains !<\/span><\/p>\n<p><span style=\"font-weight: 400;\">Le puzzle adulte de 1000 pi\u00e8ces Jean B\u00e9raud &#8211; Apr\u00e8s L&rsquo;office \u00e0 L&rsquo;\u00e9glise de la Sainte Trinit\u00e9 t&rsquo;apporte presque une petite partie de l&rsquo;\u00e9l\u00e9gance et du raffinement du Paris du 19\u00e8me si\u00e8cle. Des hommes en manteaux fins, des enfants \u00e9l\u00e9gamment habill\u00e9s, des dames portant des fourrures co\u00fbteuses et des voiles de dentelle viennent de sortir de la messe de No\u00ebl \u00e0 la cath\u00e9drale am\u00e9ricaine de Paris. Une atmosph\u00e8re \u00e9l\u00e9gante, pleine d&rsquo;abondance et de sophistication, ravira tes sens avec ce puzzle artistique exquis.<\/span><\/p>\n<p><span style=\"font-weight: 400;\">Tu peux recr\u00e9er l&rsquo;image du c\u00e9l\u00e8bre tableau du peintre Jean B\u00e9raud en utilisant une table basse classique comme support pour les 1000 pi\u00e8ces du puzzle. Les dimensions de ton \u0153uvre d&rsquo;art seront de 50 x 70 cm.<\/span><\/p>\n<p><span style=\"font-weight: 400;\">Lis davantage sur le puzzle artistique Jean B\u00e9raud &#8211; Apr\u00e8s L&rsquo;office \u00e0 L&rsquo;\u00e9glise de la Sainte Trinit\u00e9 ci-dessous :<\/span><\/p>\n<p><strong>Mat\u00e9riau du puzzle <\/strong><\/p>\n<p><strong>carton bleu de haute qualit\u00e9<\/strong><\/p>\n<p><strong>des mat\u00e9riaux durables et recyclables<\/strong><\/p>\n<p><strong>finition semi-brillante, couleurs vives<\/strong><\/p>\n<p><strong>Nombre de pi\u00e8ces de puzzle : 1000<\/strong><\/p>\n<p><strong>\u00c2ge recommand\u00e9 : 14+<\/strong><\/p>\n<p><strong>les jeux de puzzle d\u00e9veloppent 4 comp\u00e9tences<\/strong><\/p>\n<p><strong>Pers\u00e9v\u00e9rance<\/strong><span style=\"font-weight: 400;\">. Rel\u00e8ve le d\u00e9fi, assemble des puzzles pour adultes et n&rsquo;abandonne pas, m\u00eame si parfois tu n&rsquo;arrives pas \u00e0 trouver les bonnes pi\u00e8ces. Avec de la patience et du courage, tu r\u00e9ussiras, et la satisfaction sera d&rsquo;autant plus grande. Cette formation t&rsquo;aidera aussi \u00e0 r\u00e9soudre d&rsquo;autres t\u00e2ches difficiles.<\/span><\/p>\n<p><strong>Fais attention aux d\u00e9tails.<\/strong><span style=\"font-weight: 400;\"> Assembler les images d&rsquo;un puzzle de 1000 pi\u00e8ces est un travail difficile et n\u00e9cessite une attention particuli\u00e8re. M\u00eame si tu n&rsquo;as pas un \u0153il d&rsquo;aigle au d\u00e9but, tu d\u00e9velopperas cette comp\u00e9tence en cours de route. Et c&rsquo;est d&rsquo;autant mieux que tu pourras \u00eatre tout aussi vigilante lors des occasions qui requi\u00e8rent ton attention aux d\u00e9tails.<\/span><\/p>\n<p><strong>Esprit d&rsquo;\u00e9quipe.<\/strong><span style=\"font-weight: 400;\"> Les jeux de puzzle sont plus amusants lorsqu&rsquo;ils impliquent plus de personnes. De cette fa\u00e7on, les gens apprennent \u00e0 mieux se conna\u00eetre, \u00e0 \u00e9tablir des relations et \u00e0 communiquer efficacement, et \u00e0 d\u00e9velopper un esprit d&rsquo;\u00e9quipe. Alors fais participer tes enfants ou tes amis \u00e0 cette activit\u00e9 et cr\u00e9e des chefs-d&rsquo;\u0153uvre ensemble.<\/span><\/p>\n<p><strong>Comp\u00e9tences en mati\u00e8re de r\u00e9solution de probl\u00e8mes <\/strong><span style=\"font-weight: 400;\">Le jeu de puzzle est comme un probl\u00e8me de logique. Il y a toujours une solution. Avec beaucoup de patience et de pers\u00e9v\u00e9rance, tu r\u00e9ussiras \u00e0 chaque fois. La m\u00eame chose se produira dans d&rsquo;autres situations que tu rencontreras dans la vie quotidienne <\/span><\/p>\n<p><strong>6 faits sur Jean B\u00e9raud et la peinture <\/strong><strong><em>Apr\u00e8s L&rsquo;office \u00e0 L&rsquo;\u00e9glise de la Sainte Trinit\u00e9<\/em><\/strong><\/p>\n<p><span style=\"font-weight: 400;\">1. Jean B\u00e9raud est n\u00e9 \u00e0 Saint-P\u00e9tersbourg et avant la guerre franco-prussienne, il voulait devenir avocat.<\/span><\/p>\n<p><span style=\"font-weight: 400;\">2. Son style de peinture se situe quelque part entre l&rsquo;art acad\u00e9mique et l&rsquo;art impressionniste.<\/span><\/p>\n<p><span style=\"font-weight: 400;\">3. L&rsquo;\u0153uvre a \u00e9t\u00e9 command\u00e9e par l&rsquo;homme d&rsquo;affaires am\u00e9ricain James Gordon Bennett Jr, l&rsquo;un des nombreux paroissiens influents de la cath\u00e9drale.<\/span><\/p>\n<p><span style=\"font-weight: 400;\">4. On pense que l&rsquo;objectif de la peinture \u00e9tait de promouvoir l&rsquo;amiti\u00e9 interculturelle entre la France et les \u00c9tats-Unis.<\/span><\/p>\n<p><span style=\"font-weight: 400;\">5. B\u00e9raud \u00e9tait un observateur scrupuleux et d\u00e9vou\u00e9 de la vie parisienne du XIXe si\u00e8cle et a d\u00e9peint la vie moderne dans ses \u0153uvres de la Belle \u00c9poque de Paris <\/span><\/p>\n<p><span style=\"font-weight: 400;\">6. Le tableau est rest\u00e9 \u00e0 la Cath\u00e9drale am\u00e9ricaine de Paris jusqu&rsquo;en 2000, apr\u00e8s quoi il a \u00e9t\u00e9 pr\u00eat\u00e9 au Mus\u00e9e Carnavalet<\/span><\/p>\n<p><strong>D\u00e9couvre le monde des peintures c\u00e9l\u00e8bres gr\u00e2ce \u00e0 des \u00e9nigmes artistiques<\/strong><\/p>\n<p><span style=\"font-weight: 400;\">Les puzzles d&rsquo;art te donnent la grande opportunit\u00e9 de d\u00e9couvrir le monde des peintures c\u00e9l\u00e8bres \u00e0 travers des jeux de puzzle \u00e9tonnants. En outre, ils t&rsquo;offrent d&rsquo;autres avantages tels que :<\/span><\/p>\n<ul>\n<li><span style=\"font-weight: 400;\">Il te donne jusqu&rsquo;\u00e0 30 heures de d\u00e9tente et de plaisir.<\/span><\/li>\n<li><span style=\"font-weight: 400;\">D\u00e9veloppe ton sens de l&rsquo;esth\u00e9tique.<\/span><\/li>\n<li><span style=\"font-weight: 400;\">T&rsquo;aide \u00e0 cr\u00e9er tes propres chefs-d&rsquo;\u0153uvre que tu peux ensuite encadrer et admirer quand tu en as envie.<\/span><\/li>\n<li><span style=\"font-weight: 400;\">Cela d\u00e9veloppe ton imagination.<\/span><\/li>\n<\/ul>\n<p><span style=\"font-weight: 400;\">Ach\u00e8te maintenant Jean B\u00e9raud &#8211; Apr\u00e8s L&rsquo;office \u00e0 L&rsquo;\u00e9glise de la Sainte Trinit\u00e9 Puzzle adulte 1000 pi\u00e8ces et cr\u00e9e un objet d\u00e9coratif qui embellira ta maison. Si tu veux surprendre agr\u00e9ablement un ami qui aime les jeux de puzzle, offre-lui ce merveilleux puzzle d&rsquo;art en cadeau.<\/span><\/p>\n","protected":false},"excerpt":{"rendered":"<p>Tu ressens le besoin de te d\u00e9connecter de tes \u00e9crans ? Assemble des puzzles artistiques et donne de la valeur<\/p>\n","protected":false},"featured_media":63651,"template":"","meta":[],"product_brand":[],"product_cat":[2314,2316,2315],"product_tag":[],"class_list":{"0":"post-52092","1":"product","2":"type-product","3":"status-publish","4":"has-post-thumbnail","6":"product_cat-puzzles-fr","7":"product_cat-puzzles-de-1000-pieces","8":"product_cat-puzzles-pour-adultes","9":"pa_brand-d_toys-fr","10":"pa_country_of_manufacture-ro-fr","11":"pa_filter_age-14-fr","12":"pa_tip_ambalaj-boite","13":"pa_tip_puzzle-classique","15":"first","16":"instock","17":"taxable","18":"shipping-taxable","19":"product-type-simple"},"yoast_head":"<!-- This site is optimized with the Yoast SEO plugin v20.1 - https:\/\/yoast.com\/wordpress\/plugins\/seo\/ -->\n<title>Puzzle adulte 1000 pi\u00e8ces Jean B\u00e9raud - Apr\u00e8s l&#039;office de l&#039;\u00e9glise de la Sainte Trinit\u00e9<\/title>\n<meta name=\"description\" content=\"Puzzle adulte 1000 pi\u00e8ces Jean B\u00e9raud - Apr\u00e8s l&#039;office de l&#039;\u00e9glise de la Sainte Trinit\u00e9\" \/>\n<meta name=\"robots\" content=\"index, follow, max-snippet:-1, max-image-preview:large, max-video-preview:-1\" \/>\n<link rel=\"canonical\" href=\"https:\/\/business.roovi.com\/fr\/puzzle-adulte-1000-pieces-jean-beraud-apres-loffice-de-leglise-de-la-sainte-trinite\/p\/\" \/>\n<meta property=\"og:locale\" content=\"fr_FR\" \/>\n<meta property=\"og:type\" content=\"article\" \/>\n<meta property=\"og:title\" content=\"Puzzle adulte 1000 pi\u00e8ces Jean B\u00e9raud - Apr\u00e8s l&#039;office de l&#039;\u00e9glise de la Sainte Trinit\u00e9\" \/>\n<meta property=\"og:description\" content=\"Puzzle adulte 1000 pi\u00e8ces Jean B\u00e9raud - Apr\u00e8s l&#039;office de l&#039;\u00e9glise de la Sainte Trinit\u00e9\" \/>\n<meta property=\"og:url\" content=\"https:\/\/business.roovi.com\/fr\/puzzle-adulte-1000-pieces-jean-beraud-apres-loffice-de-leglise-de-la-sainte-trinite\/p\/\" \/>\n<meta property=\"og:site_name\" content=\"Roovi B2B\" \/>\n<meta property=\"article:publisher\" content=\"https:\/\/www.facebook.com\/wwwjucariero\" \/>\n<meta property=\"article:modified_time\" content=\"2022-07-13T10:15:28+00:00\" \/>\n<meta property=\"og:image\" content=\"https:\/\/business.roovi.com\/wp-content\/uploads\/2019\/05\/75741-01_ansamblu_dimensiuni_cutie_cm_orizontal_1200x1200.png\" \/>\n\t<meta property=\"og:image:width\" content=\"1200\" \/>\n\t<meta property=\"og:image:height\" content=\"1200\" \/>\n\t<meta property=\"og:image:type\" content=\"image\/png\" \/>\n<meta name=\"twitter:label1\" content=\"Dur\u00e9e de lecture estim\u00e9e\" \/>\n\t<meta name=\"twitter:data1\" content=\"4 minutes\" \/>\n<script type=\"application\/ld+json\" class=\"yoast-schema-graph\">{\"@context\":\"https:\/\/schema.org\",\"@graph\":[{\"@type\":\"WebPage\",\"@id\":\"https:\/\/business.roovi.com\/fr\/puzzle-adulte-1000-pieces-jean-beraud-apres-loffice-de-leglise-de-la-sainte-trinite\/p\/\",\"url\":\"https:\/\/business.roovi.com\/fr\/puzzle-adulte-1000-pieces-jean-beraud-apres-loffice-de-leglise-de-la-sainte-trinite\/p\/\",\"name\":\"Puzzle adulte 1000 pi\u00e8ces Jean B\u00e9raud - Apr\u00e8s l'office de l'\u00e9glise de la Sainte Trinit\u00e9\",\"isPartOf\":{\"@id\":\"https:\/\/business.roovi.com\/fr\/#website\"},\"datePublished\":\"2019-05-09T10:09:59+00:00\",\"dateModified\":\"2022-07-13T10:15:28+00:00\",\"description\":\"Puzzle adulte 1000 pi\u00e8ces Jean B\u00e9raud - Apr\u00e8s l'office de l'\u00e9glise de la Sainte Trinit\u00e9\",\"breadcrumb\":{\"@id\":\"https:\/\/business.roovi.com\/fr\/puzzle-adulte-1000-pieces-jean-beraud-apres-loffice-de-leglise-de-la-sainte-trinite\/p\/#breadcrumb\"},\"inLanguage\":\"fr-FR\",\"potentialAction\":[{\"@type\":\"ReadAction\",\"target\":[\"https:\/\/business.roovi.com\/fr\/puzzle-adulte-1000-pieces-jean-beraud-apres-loffice-de-leglise-de-la-sainte-trinite\/p\/\"]}]},{\"@type\":\"BreadcrumbList\",\"@id\":\"https:\/\/business.roovi.com\/fr\/puzzle-adulte-1000-pieces-jean-beraud-apres-loffice-de-leglise-de-la-sainte-trinite\/p\/#breadcrumb\",\"itemListElement\":[{\"@type\":\"ListItem\",\"position\":1,\"name\":\"Home\",\"item\":\"https:\/\/business.roovi.com\/fr\/\"},{\"@type\":\"ListItem\",\"position\":2,\"name\":\"Boutique\",\"item\":\"https:\/\/business.roovi.com\/fr\/boutique\/\"},{\"@type\":\"ListItem\",\"position\":3,\"name\":\"Puzzle adulte 1000 pi\u00e8ces Jean B\u00e9raud &#8211; Apr\u00e8s l&#8217;office de l&#8217;\u00e9glise de la Sainte Trinit\u00e9\"}]},{\"@type\":\"WebSite\",\"@id\":\"https:\/\/business.roovi.com\/fr\/#website\",\"url\":\"https:\/\/business.roovi.com\/fr\/\",\"name\":\"Roovi B2B\",\"description\":\"Roovi Business Website\",\"potentialAction\":[{\"@type\":\"SearchAction\",\"target\":{\"@type\":\"EntryPoint\",\"urlTemplate\":\"https:\/\/business.roovi.com\/fr\/?s={search_term_string}\"},\"query-input\":\"required name=search_term_string\"}],\"inLanguage\":\"fr-FR\"}]}<\/script>\n<!-- \/ Yoast SEO plugin. -->","yoast_head_json":{"title":"Puzzle adulte 1000 pi\u00e8ces Jean B\u00e9raud - Apr\u00e8s l'office de l'\u00e9glise de la Sainte Trinit\u00e9","description":"Puzzle adulte 1000 pi\u00e8ces Jean B\u00e9raud - Apr\u00e8s l'office de l'\u00e9glise de la Sainte Trinit\u00e9","robots":{"index":"index","follow":"follow","max-snippet":"max-snippet:-1","max-image-preview":"max-image-preview:large","max-video-preview":"max-video-preview:-1"},"canonical":"https:\/\/business.roovi.com\/fr\/puzzle-adulte-1000-pieces-jean-beraud-apres-loffice-de-leglise-de-la-sainte-trinite\/p\/","og_locale":"fr_FR","og_type":"article","og_title":"Puzzle adulte 1000 pi\u00e8ces Jean B\u00e9raud - Apr\u00e8s l'office de l'\u00e9glise de la Sainte Trinit\u00e9","og_description":"Puzzle adulte 1000 pi\u00e8ces Jean B\u00e9raud - Apr\u00e8s l'office de l'\u00e9glise de la Sainte Trinit\u00e9","og_url":"https:\/\/business.roovi.com\/fr\/puzzle-adulte-1000-pieces-jean-beraud-apres-loffice-de-leglise-de-la-sainte-trinite\/p\/","og_site_name":"Roovi B2B","article_publisher":"https:\/\/www.facebook.com\/wwwjucariero","article_modified_time":"2022-07-13T10:15:28+00:00","og_image":[{"width":1200,"height":1200,"url":"https:\/\/business.roovi.com\/wp-content\/uploads\/2019\/05\/75741-01_ansamblu_dimensiuni_cutie_cm_orizontal_1200x1200.png","type":"image\/png"}],"twitter_misc":{"Dur\u00e9e de lecture estim\u00e9e":"4 minutes"},"schema":{"@context":"https:\/\/schema.org","@graph":[{"@type":"WebPage","@id":"https:\/\/business.roovi.com\/fr\/puzzle-adulte-1000-pieces-jean-beraud-apres-loffice-de-leglise-de-la-sainte-trinite\/p\/","url":"https:\/\/business.roovi.com\/fr\/puzzle-adulte-1000-pieces-jean-beraud-apres-loffice-de-leglise-de-la-sainte-trinite\/p\/","name":"Puzzle adulte 1000 pi\u00e8ces Jean B\u00e9raud - Apr\u00e8s l'office de l'\u00e9glise de la Sainte Trinit\u00e9","isPartOf":{"@id":"https:\/\/business.roovi.com\/fr\/#website"},"datePublished":"2019-05-09T10:09:59+00:00","dateModified":"2022-07-13T10:15:28+00:00","description":"Puzzle adulte 1000 pi\u00e8ces Jean B\u00e9raud - Apr\u00e8s l'office de l'\u00e9glise de la Sainte Trinit\u00e9","breadcrumb":{"@id":"https:\/\/business.roovi.com\/fr\/puzzle-adulte-1000-pieces-jean-beraud-apres-loffice-de-leglise-de-la-sainte-trinite\/p\/#breadcrumb"},"inLanguage":"fr-FR","potentialAction":[{"@type":"ReadAction","target":["https:\/\/business.roovi.com\/fr\/puzzle-adulte-1000-pieces-jean-beraud-apres-loffice-de-leglise-de-la-sainte-trinite\/p\/"]}]},{"@type":"BreadcrumbList","@id":"https:\/\/business.roovi.com\/fr\/puzzle-adulte-1000-pieces-jean-beraud-apres-loffice-de-leglise-de-la-sainte-trinite\/p\/#breadcrumb","itemListElement":[{"@type":"ListItem","position":1,"name":"Home","item":"https:\/\/business.roovi.com\/fr\/"},{"@type":"ListItem","position":2,"name":"Boutique","item":"https:\/\/business.roovi.com\/fr\/boutique\/"},{"@type":"ListItem","position":3,"name":"Puzzle adulte 1000 pi\u00e8ces Jean B\u00e9raud &#8211; Apr\u00e8s l&#8217;office de l&#8217;\u00e9glise de la Sainte Trinit\u00e9"}]},{"@type":"WebSite","@id":"https:\/\/business.roovi.com\/fr\/#website","url":"https:\/\/business.roovi.com\/fr\/","name":"Roovi B2B","description":"Roovi Business Website","potentialAction":[{"@type":"SearchAction","target":{"@type":"EntryPoint","urlTemplate":"https:\/\/business.roovi.com\/fr\/?s={search_term_string}"},"query-input":"required name=search_term_string"}],"inLanguage":"fr-FR"}]}},"_links":{"self":[{"href":"https:\/\/business.roovi.com\/fr\/wp-json\/wp\/v2\/product\/52092","targetHints":{"allow":["GET"]}}],"collection":[{"href":"https:\/\/business.roovi.com\/fr\/wp-json\/wp\/v2\/product"}],"about":[{"href":"https:\/\/business.roovi.com\/fr\/wp-json\/wp\/v2\/types\/product"}],"version-history":[{"count":0,"href":"https:\/\/business.roovi.com\/fr\/wp-json\/wp\/v2\/product\/52092\/revisions"}],"wp:featuredmedia":[{"embeddable":true,"href":"https:\/\/business.roovi.com\/fr\/wp-json\/wp\/v2\/media\/63651"}],"wp:attachment":[{"href":"https:\/\/business.roovi.com\/fr\/wp-json\/wp\/v2\/media?parent=52092"}],"wp:term":[{"taxonomy":"product_brand","embeddable":true,"href":"https:\/\/business.roovi.com\/fr\/wp-json\/wp\/v2\/product_brand?post=52092"},{"taxonomy":"product_cat","embeddable":true,"href":"https:\/\/business.roovi.com\/fr\/wp-json\/wp\/v2\/product_cat?post=52092"},{"taxonomy":"product_tag","embeddable":true,"href":"https:\/\/business.roovi.com\/fr\/wp-json\/wp\/v2\/product_tag?post=52092"}],"curies":[{"name":"wp","href":"https:\/\/api.w.org\/{rel}","templated":true}]}}