{"id":52103,"date":"2019-05-09T10:03:32","date_gmt":"2019-05-09T10:03:32","guid":{"rendered":"https:\/\/business.roovi.com\/puzzle-adulti-1000-piese-konstantin-makovsky-a-boyar-wedding-feast\/p\/"},"modified":"2022-07-13T10:15:32","modified_gmt":"2022-07-13T10:15:32","slug":"puzzle-adulte-konstantin-makovsky-de-1000-pieces-une-fete-de-mariage-boyar","status":"publish","type":"product","link":"https:\/\/business.roovi.com\/fr\/puzzle-adulte-konstantin-makovsky-de-1000-pieces-une-fete-de-mariage-boyar\/p\/","title":{"rendered":"Puzzle adulte Konstantin Makovsky de 1000 pi\u00e8ces &#8211; Une f\u00eate de mariage Boyar"},"content":{"rendered":"<p><span style=\"font-weight: 400;\">Tu es fascin\u00e9 par les peintures c\u00e9l\u00e8bres ? S\u00e9lectionne 1000 pi\u00e8ces parmi la plus grande gamme de puzzles d&rsquo;art en Roumanie et perce les myst\u00e8res des tableaux les plus c\u00e9l\u00e8bres du monde.<\/span><\/p>\n<p><span style=\"font-weight: 400;\">Le puzzle de 1000 pi\u00e8ces Konstantin Makovsky &#8211; Un festin de mariage de boyard pr\u00e9sente la peinture \u00e9ponyme repr\u00e9sentant un mariage de boyard russe du 17e si\u00e8cle. La multitude de personnages ainsi que les d\u00e9tails des v\u00eatements sont un d\u00e9fi pour un amateur de puzzles, mais une fois que tu commences \u00e0 disposer les pi\u00e8ces, tu ne peux pas t&rsquo;arr\u00eater avant d&rsquo;avoir termin\u00e9 le travail. La planche de puzzle de 1000 pi\u00e8ces te donnera la satisfaction d&rsquo;avoir cr\u00e9\u00e9 ta propre \u0153uvre d&rsquo;art.<\/span><\/p>\n<p><span style=\"font-weight: 400;\">Tu peux utiliser une table basse standard pour soutenir les pi\u00e8ces et pour l&rsquo;assemblage. L&rsquo;image reconstitu\u00e9e mesure 50 x 70 cm.<\/span><\/p>\n<p><span style=\"font-weight: 400;\">Autres caract\u00e9ristiques des 1000 pi\u00e8ces Konstantin Makovsky &#8211; Un festin de mariage Boyar :<\/span><\/p>\n<p><strong>Mat\u00e9riau du puzzle <\/strong><\/p>\n<p><strong>carton bleu de haute qualit\u00e9<\/strong><\/p>\n<p><strong>des mat\u00e9riaux durables et recyclables<\/strong><\/p>\n<p><strong>finition semi-brillante, couleurs vives<\/strong><\/p>\n<p><strong>Nombre de pi\u00e8ces de puzzle : 1000<\/strong><\/p>\n<p><strong>\u00c2ge recommand\u00e9 : 14+<\/strong><\/p>\n<p><strong>Quelles comp\u00e9tences d\u00e9veloppes-tu avec les jeux de r\u00e9flexion ?<\/strong><\/p>\n<p><span style=\"font-weight: 400;\">Les puzzles pour adultes sont un moyen de se d\u00e9tendre, mais aussi de se d\u00e9velopper. Une fois que tu es entr\u00e9 dans le monde des puzzles, tu profites de tous les avantages qu&rsquo;ils ont \u00e0 offrir. Voici quelques-unes des comp\u00e9tences que tu as la chance de d\u00e9velopper gr\u00e2ce aux puzzles 1000 pi\u00e8ces :<\/span><\/p>\n<p><strong>M\u00e9moire &#8211;<\/strong><span style=\"font-weight: 400;\"> les puzzles impliquent de m\u00e9moriser les pi\u00e8ces, les d\u00e9tails des couleurs ou les positions o\u00f9 les 1000 pi\u00e8ces du puzzle s&#8217;embo\u00eetent.<\/span><\/p>\n<p><strong>Attention aux d\u00e9tails &#8211; <\/strong><span style=\"font-weight: 400;\">pour chaque puzzle de 1000 pi\u00e8ces, tu exerces ton attention aux d\u00e9tails et \u00e0 mesure que tu en assembles de plus en plus, ton attention devient de plus en plus aiguis\u00e9e.<\/span><\/p>\n<p><strong>Capacit\u00e9 \u00e0 se concentrer &#8211; <\/strong><span style=\"font-weight: 400;\">pour reconstituer une image \u00e0 partir d&rsquo;un puzzle de 1000 pi\u00e8ces, tu te concentres profond\u00e9ment, si profond\u00e9ment que tu ne te rends m\u00eame pas compte que des heures de puzzle se sont \u00e9coul\u00e9es.<\/span><\/p>\n<p><strong>Pers\u00e9v\u00e9rance <\/strong><span style=\"font-weight: 400;\">&#8211; ce n&rsquo;est pas facile d&rsquo;\u00eatre pers\u00e9v\u00e9rant et de travailler m\u00e9ticuleusement jusqu&rsquo;\u00e0 la fin. Le jeu de puzzle entra\u00eene cette comp\u00e9tence, et la satisfaction que tu \u00e9prouves devant l&rsquo;image que tu as reconstitu\u00e9e \u00e0 partir de 1000 pi\u00e8ces de puzzle est inestimable et lui est due.<\/span><\/p>\n<p><strong>Imagination &#8211; <\/strong><span style=\"font-weight: 400;\">tu te sens comme un vrai d\u00e9tective lorsque tu reconstitues une image \u00e0 partir d&rsquo;un puzzle de 1000 pi\u00e8ces. De plus, chaque photo a sa propre histoire, qu&rsquo;il s&rsquo;agisse d&rsquo;une image d&rsquo;art, d&rsquo;un paysage ou d&rsquo;une attraction touristique.<\/span><\/p>\n<p><strong>Sais-tu ce qu&rsquo;est Konstantin Makovsky ?<\/strong><\/p>\n<p><span style=\"font-weight: 400;\">Il \u00e9tait un peintre r\u00e9aliste russe de la fin du 19\u00e8me si\u00e8cle.<\/span><\/p>\n<p><span style=\"font-weight: 400;\">Il a \u00e9tudi\u00e9 \u00e0 l&rsquo;Acad\u00e9mie des Arts de Saint-P\u00e9tersbourg d&rsquo;o\u00f9 il est parti sans dipl\u00f4me \u00e0 cause d&rsquo;une manifestation contre l&rsquo;Acad\u00e9mie \u00e0 laquelle il a particip\u00e9 avec 13 autres coll\u00e8gues.<\/span><\/p>\n<p><span style=\"font-weight: 400;\">La peinture  <\/span><em><span style=\"font-weight: 400;\">Un festin de mariage Boyar <\/span><\/em><span style=\"font-weight: 400;\">\u00e9tait \u00e0 l&rsquo;origine une sorte de spectacle vivant, organis\u00e9 dans la maison de l&rsquo;artiste, qui avait l&rsquo;habitude d&rsquo;organiser de tels divertissements collectifs, qui a ensuite \u00e9t\u00e9 traduit en peintures.<\/span><\/p>\n<p><span style=\"font-weight: 400;\">La figure de la mari\u00e9e dans le tableau est la femme de Makovsky.<\/span><\/p>\n<p><span style=\"font-weight: 400;\">Dans son tableau, l&rsquo;artiste reproduit fid\u00e8lement des \u00e9l\u00e9ments historiques : les v\u00eatements, les meubles, les accessoires et le d\u00e9cor en g\u00e9n\u00e9ral sont typiques d&rsquo;un mariage russe du 17e si\u00e8cle<\/span><\/p>\n<p><span style=\"font-weight: 400;\">Il est mort en 1915 dans un accident de tramway \u00e0 Saint-P\u00e9tersbourg.<\/span><\/p>\n<p><strong>Tu pourrais utiliser environ 30 heures de relaxation ? Avec les puzzles d&rsquo;art, tu peux tout avoir !<\/strong><\/p>\n<p><span style=\"font-weight: 400;\">Assembler les images de puzzles de 1000 pi\u00e8ces est un excellent moyen de se d\u00e9tendre. Mais assembler des tableaux c\u00e9l\u00e8bres \u00e0 partir de puzzles d&rsquo;art est un vrai r\u00e9gal. Chaque tableau a sa propre histoire et son propre charme. Avec chaque pi\u00e8ce correspondante, tu es plus pr\u00e8s de percer les myst\u00e8res de l&rsquo;\u0153uvre d&rsquo;art. Cette activit\u00e9 peut t&rsquo;apporter jusqu&rsquo;\u00e0 30 heures de d\u00e9tente. Et tu dois admettre que toutes les activit\u00e9s r\u00e9cr\u00e9atives ne sont pas aussi stimulantes !<\/span><\/p>\n<p><span style=\"font-weight: 400;\">Si tu es fascin\u00e9 par l&rsquo;art et que tu aimes froncer les sourcils apr\u00e8s une journ\u00e9e de travail devant une \u0153uvre d&rsquo;art, les 1000 <\/span><span style=\"font-weight: 400;\">pi\u00e8ces Konstantin Makovsky &#8211; Une f\u00eate de mariage Boyar <\/span><span style=\"font-weight: 400;\">est id\u00e9al pour toi. Ach\u00e8te maintenant ce merveilleux puzzle artistique, assemble l&rsquo;image et profite de nombreuses heures de plaisir relaxant.<\/span><\/p>\n<p><span style=\"font-weight: 400;\">Tu es \u00e0 court d&rsquo;id\u00e9es de cadeaux ? Acheter un puzzle de 1000 pi\u00e8ces<\/span><span style=\"font-weight: 400;\"> Konstantin Makovsky &#8211; Un festin de mariage Boyar et fais plaisir \u00e0 tes proches !<\/span><\/p>\n","protected":false},"excerpt":{"rendered":"<p>Tu es fascin\u00e9 par les peintures c\u00e9l\u00e8bres ? S\u00e9lectionne 1000 pi\u00e8ces parmi la plus grande gamme de puzzles d&rsquo;art en<\/p>\n","protected":false},"featured_media":63677,"template":"","meta":[],"product_brand":[],"product_cat":[2314,2316,2315],"product_tag":[],"class_list":{"0":"post-52103","1":"product","2":"type-product","3":"status-publish","4":"has-post-thumbnail","6":"product_cat-puzzles-fr","7":"product_cat-puzzles-de-1000-pieces","8":"product_cat-puzzles-pour-adultes","9":"pa_brand-d_toys-fr","10":"pa_country_of_manufacture-ro-fr","11":"pa_filter_age-14-fr","12":"pa_tip_ambalaj-boite","13":"pa_tip_puzzle-classique","15":"first","16":"instock","17":"taxable","18":"shipping-taxable","19":"product-type-simple"},"yoast_head":"<!-- This site is optimized with the Yoast SEO plugin v20.1 - https:\/\/yoast.com\/wordpress\/plugins\/seo\/ -->\n<title>Puzzle adulte Konstantin Makovsky de 1000 pi\u00e8ces - Une f\u00eate de mariage Boyar<\/title>\n<meta name=\"description\" content=\"Puzzle adulte Konstantin Makovsky de 1000 pi\u00e8ces - Une f\u00eate de mariage Boyar\" \/>\n<meta name=\"robots\" content=\"index, follow, max-snippet:-1, max-image-preview:large, max-video-preview:-1\" \/>\n<link rel=\"canonical\" href=\"https:\/\/business.roovi.com\/fr\/puzzle-adulte-konstantin-makovsky-de-1000-pieces-une-fete-de-mariage-boyar\/p\/\" \/>\n<meta property=\"og:locale\" content=\"fr_FR\" \/>\n<meta property=\"og:type\" content=\"article\" \/>\n<meta property=\"og:title\" content=\"Puzzle adulte Konstantin Makovsky de 1000 pi\u00e8ces - Une f\u00eate de mariage Boyar\" \/>\n<meta property=\"og:description\" content=\"Puzzle adulte Konstantin Makovsky de 1000 pi\u00e8ces - Une f\u00eate de mariage Boyar\" \/>\n<meta property=\"og:url\" content=\"https:\/\/business.roovi.com\/fr\/puzzle-adulte-konstantin-makovsky-de-1000-pieces-une-fete-de-mariage-boyar\/p\/\" \/>\n<meta property=\"og:site_name\" content=\"Roovi B2B\" \/>\n<meta property=\"article:publisher\" content=\"https:\/\/www.facebook.com\/wwwjucariero\" \/>\n<meta property=\"article:modified_time\" content=\"2022-07-13T10:15:32+00:00\" \/>\n<meta property=\"og:image\" content=\"https:\/\/business.roovi.com\/wp-content\/uploads\/2019\/05\/75680-01_ansamblu_dimensiuni_cutie_cm_orizontal.png\" \/>\n\t<meta property=\"og:image:width\" content=\"1200\" \/>\n\t<meta property=\"og:image:height\" content=\"1200\" \/>\n\t<meta property=\"og:image:type\" content=\"image\/png\" \/>\n<meta name=\"twitter:label1\" content=\"Dur\u00e9e de lecture estim\u00e9e\" \/>\n\t<meta name=\"twitter:data1\" content=\"4 minutes\" \/>\n<script type=\"application\/ld+json\" class=\"yoast-schema-graph\">{\"@context\":\"https:\/\/schema.org\",\"@graph\":[{\"@type\":\"WebPage\",\"@id\":\"https:\/\/business.roovi.com\/fr\/puzzle-adulte-konstantin-makovsky-de-1000-pieces-une-fete-de-mariage-boyar\/p\/\",\"url\":\"https:\/\/business.roovi.com\/fr\/puzzle-adulte-konstantin-makovsky-de-1000-pieces-une-fete-de-mariage-boyar\/p\/\",\"name\":\"Puzzle adulte Konstantin Makovsky de 1000 pi\u00e8ces - Une f\u00eate de mariage Boyar\",\"isPartOf\":{\"@id\":\"https:\/\/business.roovi.com\/fr\/#website\"},\"datePublished\":\"2019-05-09T10:03:32+00:00\",\"dateModified\":\"2022-07-13T10:15:32+00:00\",\"description\":\"Puzzle adulte Konstantin Makovsky de 1000 pi\u00e8ces - Une f\u00eate de mariage Boyar\",\"breadcrumb\":{\"@id\":\"https:\/\/business.roovi.com\/fr\/puzzle-adulte-konstantin-makovsky-de-1000-pieces-une-fete-de-mariage-boyar\/p\/#breadcrumb\"},\"inLanguage\":\"fr-FR\",\"potentialAction\":[{\"@type\":\"ReadAction\",\"target\":[\"https:\/\/business.roovi.com\/fr\/puzzle-adulte-konstantin-makovsky-de-1000-pieces-une-fete-de-mariage-boyar\/p\/\"]}]},{\"@type\":\"BreadcrumbList\",\"@id\":\"https:\/\/business.roovi.com\/fr\/puzzle-adulte-konstantin-makovsky-de-1000-pieces-une-fete-de-mariage-boyar\/p\/#breadcrumb\",\"itemListElement\":[{\"@type\":\"ListItem\",\"position\":1,\"name\":\"Home\",\"item\":\"https:\/\/business.roovi.com\/fr\/\"},{\"@type\":\"ListItem\",\"position\":2,\"name\":\"Boutique\",\"item\":\"https:\/\/business.roovi.com\/fr\/boutique\/\"},{\"@type\":\"ListItem\",\"position\":3,\"name\":\"Puzzle adulte Konstantin Makovsky de 1000 pi\u00e8ces &#8211; Une f\u00eate de mariage Boyar\"}]},{\"@type\":\"WebSite\",\"@id\":\"https:\/\/business.roovi.com\/fr\/#website\",\"url\":\"https:\/\/business.roovi.com\/fr\/\",\"name\":\"Roovi B2B\",\"description\":\"Roovi Business Website\",\"potentialAction\":[{\"@type\":\"SearchAction\",\"target\":{\"@type\":\"EntryPoint\",\"urlTemplate\":\"https:\/\/business.roovi.com\/fr\/?s={search_term_string}\"},\"query-input\":\"required name=search_term_string\"}],\"inLanguage\":\"fr-FR\"}]}<\/script>\n<!-- \/ Yoast SEO plugin. -->","yoast_head_json":{"title":"Puzzle adulte Konstantin Makovsky de 1000 pi\u00e8ces - Une f\u00eate de mariage Boyar","description":"Puzzle adulte Konstantin Makovsky de 1000 pi\u00e8ces - Une f\u00eate de mariage Boyar","robots":{"index":"index","follow":"follow","max-snippet":"max-snippet:-1","max-image-preview":"max-image-preview:large","max-video-preview":"max-video-preview:-1"},"canonical":"https:\/\/business.roovi.com\/fr\/puzzle-adulte-konstantin-makovsky-de-1000-pieces-une-fete-de-mariage-boyar\/p\/","og_locale":"fr_FR","og_type":"article","og_title":"Puzzle adulte Konstantin Makovsky de 1000 pi\u00e8ces - Une f\u00eate de mariage Boyar","og_description":"Puzzle adulte Konstantin Makovsky de 1000 pi\u00e8ces - Une f\u00eate de mariage Boyar","og_url":"https:\/\/business.roovi.com\/fr\/puzzle-adulte-konstantin-makovsky-de-1000-pieces-une-fete-de-mariage-boyar\/p\/","og_site_name":"Roovi B2B","article_publisher":"https:\/\/www.facebook.com\/wwwjucariero","article_modified_time":"2022-07-13T10:15:32+00:00","og_image":[{"width":1200,"height":1200,"url":"https:\/\/business.roovi.com\/wp-content\/uploads\/2019\/05\/75680-01_ansamblu_dimensiuni_cutie_cm_orizontal.png","type":"image\/png"}],"twitter_misc":{"Dur\u00e9e de lecture estim\u00e9e":"4 minutes"},"schema":{"@context":"https:\/\/schema.org","@graph":[{"@type":"WebPage","@id":"https:\/\/business.roovi.com\/fr\/puzzle-adulte-konstantin-makovsky-de-1000-pieces-une-fete-de-mariage-boyar\/p\/","url":"https:\/\/business.roovi.com\/fr\/puzzle-adulte-konstantin-makovsky-de-1000-pieces-une-fete-de-mariage-boyar\/p\/","name":"Puzzle adulte Konstantin Makovsky de 1000 pi\u00e8ces - Une f\u00eate de mariage Boyar","isPartOf":{"@id":"https:\/\/business.roovi.com\/fr\/#website"},"datePublished":"2019-05-09T10:03:32+00:00","dateModified":"2022-07-13T10:15:32+00:00","description":"Puzzle adulte Konstantin Makovsky de 1000 pi\u00e8ces - Une f\u00eate de mariage Boyar","breadcrumb":{"@id":"https:\/\/business.roovi.com\/fr\/puzzle-adulte-konstantin-makovsky-de-1000-pieces-une-fete-de-mariage-boyar\/p\/#breadcrumb"},"inLanguage":"fr-FR","potentialAction":[{"@type":"ReadAction","target":["https:\/\/business.roovi.com\/fr\/puzzle-adulte-konstantin-makovsky-de-1000-pieces-une-fete-de-mariage-boyar\/p\/"]}]},{"@type":"BreadcrumbList","@id":"https:\/\/business.roovi.com\/fr\/puzzle-adulte-konstantin-makovsky-de-1000-pieces-une-fete-de-mariage-boyar\/p\/#breadcrumb","itemListElement":[{"@type":"ListItem","position":1,"name":"Home","item":"https:\/\/business.roovi.com\/fr\/"},{"@type":"ListItem","position":2,"name":"Boutique","item":"https:\/\/business.roovi.com\/fr\/boutique\/"},{"@type":"ListItem","position":3,"name":"Puzzle adulte Konstantin Makovsky de 1000 pi\u00e8ces &#8211; Une f\u00eate de mariage Boyar"}]},{"@type":"WebSite","@id":"https:\/\/business.roovi.com\/fr\/#website","url":"https:\/\/business.roovi.com\/fr\/","name":"Roovi B2B","description":"Roovi Business Website","potentialAction":[{"@type":"SearchAction","target":{"@type":"EntryPoint","urlTemplate":"https:\/\/business.roovi.com\/fr\/?s={search_term_string}"},"query-input":"required name=search_term_string"}],"inLanguage":"fr-FR"}]}},"_links":{"self":[{"href":"https:\/\/business.roovi.com\/fr\/wp-json\/wp\/v2\/product\/52103","targetHints":{"allow":["GET"]}}],"collection":[{"href":"https:\/\/business.roovi.com\/fr\/wp-json\/wp\/v2\/product"}],"about":[{"href":"https:\/\/business.roovi.com\/fr\/wp-json\/wp\/v2\/types\/product"}],"version-history":[{"count":0,"href":"https:\/\/business.roovi.com\/fr\/wp-json\/wp\/v2\/product\/52103\/revisions"}],"wp:featuredmedia":[{"embeddable":true,"href":"https:\/\/business.roovi.com\/fr\/wp-json\/wp\/v2\/media\/63677"}],"wp:attachment":[{"href":"https:\/\/business.roovi.com\/fr\/wp-json\/wp\/v2\/media?parent=52103"}],"wp:term":[{"taxonomy":"product_brand","embeddable":true,"href":"https:\/\/business.roovi.com\/fr\/wp-json\/wp\/v2\/product_brand?post=52103"},{"taxonomy":"product_cat","embeddable":true,"href":"https:\/\/business.roovi.com\/fr\/wp-json\/wp\/v2\/product_cat?post=52103"},{"taxonomy":"product_tag","embeddable":true,"href":"https:\/\/business.roovi.com\/fr\/wp-json\/wp\/v2\/product_tag?post=52103"}],"curies":[{"name":"wp","href":"https:\/\/api.w.org\/{rel}","templated":true}]}}