{"id":52106,"date":"2019-05-09T08:47:42","date_gmt":"2019-05-09T08:47:42","guid":{"rendered":"https:\/\/business.roovi.com\/puzzle-adulti-1000-piese-discover-europe-tirolul-de-sud\/p\/"},"modified":"2022-07-13T10:15:32","modified_gmt":"2022-07-13T10:15:32","slug":"puzzle-du-tyrol-du-sud-puzzle-adulte-1000-pieces-decouvrir-leurope","status":"publish","type":"product","link":"https:\/\/business.roovi.com\/fr\/puzzle-du-tyrol-du-sud-puzzle-adulte-1000-pieces-decouvrir-leurope\/p\/","title":{"rendered":"Puzzle du Tyrol du Sud &#8211; Puzzle adulte 1000 pi\u00e8ces &#8211; D\u00e9couvrir l&rsquo;Europe"},"content":{"rendered":"<p><strong><em>Combine ta passion pour les jeux de puzzle et les voyages avec une collection fascinante : D\u00e9couvre l&rsquo;Europe. Des images de paysages de r\u00eave et de sites incontournables d&rsquo;Europe t&rsquo;attendent pour que tu les reconstitues \u00e0 partir de 1000 pi\u00e8ces de puzzle.<\/em><\/strong><\/p>\n<p><span style=\"font-weight: 400;\">Des montagnes imposantes et des lacs cristallins qui te coupent le souffle quand tu les regardes, des ch\u00e2teaux perch\u00e9s sur des falaises qui, de loin, semblent peints dans un tableau parfait, des villes aux centres m\u00e9di\u00e9vaux pittoresques ne sont que quelques-unes des attractions de la r\u00e9gion la plus au nord de l&rsquo;Italie &#8211; le Tyrol du Sud &#8211; une r\u00e9gion \u00e0 l&rsquo;histoire riche et au pass\u00e9 tumultueux.<\/span><\/p>\n<p><span style=\"font-weight: 400;\">Le puzzle de 1000 pi\u00e8ces du Tyrol du Sud repr\u00e9sente une image embl\u00e9matique de la r\u00e9gion : Lago di Braies, \u00e9galement connu sous le nom de <\/span><em><span style=\"font-weight: 400;\">Perle des Dolomites<\/span><\/em><span style=\"font-weight: 400;\">. Une image pittoresque du lac aux nuances infinies de vert \u00e9meraude refl\u00e9t\u00e9es par les cr\u00eates des montagnes ravit tes yeux et te donne un sentiment de paix totale <\/span><\/p>\n<p><span style=\"font-weight: 400;\">Si tu fermes les yeux, tu peux te visualiser sur le ponton, admirant tranquillement la perfection de la nature. Pour ces moments o\u00f9 tu veux \u00e9chapper \u00e0 l&rsquo;agitation de la vie quotidienne, comme tout amateur de jeux de r\u00e9flexion, ce mod\u00e8le est id\u00e9al. Mets en place pi\u00e8ce par pi\u00e8ce et regarde se dessiner un paysage magique qui te fait r\u00eaver.<\/span><\/p>\n<p><strong>Pourquoi choisir un puzzle de 1000 pi\u00e8ces de la collection D\u00e9couvrir l&rsquo;Europe ?<\/strong><\/p>\n<p><span style=\"font-weight: 400;\">Un puzzle avec la photo d&rsquo;une attraction touristique est l&rsquo;occasion de se d\u00e9tendre et de se d\u00e9connecter du quotidien.<\/span><\/p>\n<p><span style=\"font-weight: 400;\">Tu obtiens une photo de 68 x 47 cm qui donnera de la personnalit\u00e9 \u00e0 n&rsquo;importe quel endroit terne de ta maison.<\/span><\/p>\n<p><span style=\"font-weight: 400;\">Il est fabriqu\u00e9 en carton de haute qualit\u00e9, ce qui conf\u00e8re aux pi\u00e8ces une durabilit\u00e9 m\u00eame apr\u00e8s de multiples utilisations.<\/span><\/p>\n<p><span style=\"font-weight: 400;\">Chaque puzzle pour adultes est \u00e9cologique, fabriqu\u00e9 \u00e0 partir de mat\u00e9riaux durables et recyclables.<\/span><\/p>\n<p><span style=\"font-weight: 400;\">Il a une finition semi-brillante et des couleurs agr\u00e9ables qui font ressortir la beaut\u00e9 de l&rsquo;image.<\/span><\/p>\n<p><span style=\"font-weight: 400;\">Il convient aux personnes de plus de 14 ans, une excellente raison de passer du temps de qualit\u00e9 avec les adolescents.<\/span><\/p>\n<p><span style=\"font-weight: 400;\">Ce jeu de puzzle est un excellent entra\u00eenement c\u00e9r\u00e9bral, il met au d\u00e9fi les deux h\u00e9misph\u00e8res c\u00e9r\u00e9braux, ce qui aide \u00e0 am\u00e9liorer la m\u00e9moire.<\/span><\/p>\n<p><span style=\"font-weight: 400;\">Maintient la coordination, la mobilit\u00e9 fine et la dext\u00e9rit\u00e9 <\/span><\/p>\n<p><strong>Tu savais que&#8230; ?<\/strong><\/p>\n<p><span style=\"font-weight: 400;\">Pendant 550 ans, jusqu&rsquo;en 1918, le Tyrol du Sud a appartenu \u00e0 l&rsquo;Empire des Habsbourg, d&rsquo;o\u00f9 son influence sur la culture, l&rsquo;architecture et la gastronomie locales.<\/span><\/p>\n<p><span style=\"font-weight: 400;\">Environ 50% de la production italienne de pommes est cultiv\u00e9e dans le Tyrol du Sud, et la pomme du Tyrol du Sud est une marque locale.<\/span><\/p>\n<p><span style=\"font-weight: 400;\">Selon la l\u00e9gende locale, \u00e0 l&rsquo;extr\u00e9mit\u00e9 sud du Lago di Braies se trouve la porte du monde de l&rsquo;au-del\u00e0.<\/span><\/p>\n<p><strong>Le puzzle de 1000 pi\u00e8ces du Tyrol du Sud te relie \u00e0 tes proches<\/strong><\/p>\n<p><span style=\"font-weight: 400;\">L&rsquo;un des avantages incroyables que te procurent les jeux de r\u00e9flexion est qu&rsquo;ils rapprochent les gens. Transforme un puzzle de 1000 pi\u00e8ces en jeu de soci\u00e9t\u00e9 et cr\u00e9e une image fascinante avec tes proches, avec une vue panoramique sur le c\u00e9l\u00e8bre lac du Tyrol du Sud. Ensemble, vous \u00eates plus forts et passer du temps ensemble sera une exp\u00e9rience inoubliable.<\/span><\/p>\n<p><span style=\"font-weight: 400;\">Sors de ta zone de confort et entre dans un \u00e9tat de relaxation incroyable avec le puzzle adulte de 1000 pi\u00e8ces du Tyrol du Sud de la collection D\u00e9couvrir l&rsquo;Europe. Ach\u00e8te ce merveilleux jeu de puzzle et cr\u00e9e une image vibrante qui te procure une paix int\u00e9rieure ou offre-le en cadeau \u00e0 un ami proche ou \u00e0 un \u00eatre cher de la famille.<\/span><\/p><\/p>\n","protected":false},"excerpt":{"rendered":"<p>Combine ta passion pour les jeux de puzzle et les voyages avec une collection fascinante : D\u00e9couvre l&rsquo;Europe. Des images<\/p>\n","protected":false},"featured_media":52113,"template":"","meta":[],"product_brand":[],"product_cat":[2314,2316,2315],"product_tag":[],"class_list":{"0":"post-52106","1":"product","2":"type-product","3":"status-publish","4":"has-post-thumbnail","6":"product_cat-puzzles-fr","7":"product_cat-puzzles-de-1000-pieces","8":"product_cat-puzzles-pour-adultes","9":"pa_brand-d_toys-fr","10":"pa_country_of_manufacture-ro-fr","11":"pa_filter_age-14-fr","12":"pa_painter-discovereurope-fr","13":"pa_tip_ambalaj-boite","14":"pa_tip_puzzle-classique","16":"first","17":"instock","18":"taxable","19":"shipping-taxable","20":"product-type-simple"},"yoast_head":"<!-- This site is optimized with the Yoast SEO plugin v20.1 - https:\/\/yoast.com\/wordpress\/plugins\/seo\/ -->\n<title>Puzzle du Tyrol du Sud - Puzzle adulte 1000 pi\u00e8ces - D\u00e9couvrir l&#039;Europe<\/title>\n<meta name=\"description\" content=\"Puzzle du Tyrol du Sud - Puzzle adulte 1000 pi\u00e8ces - D\u00e9couvrir l&#039;Europe\" \/>\n<meta name=\"robots\" content=\"index, follow, max-snippet:-1, max-image-preview:large, max-video-preview:-1\" \/>\n<link rel=\"canonical\" href=\"https:\/\/business.roovi.com\/fr\/puzzle-du-tyrol-du-sud-puzzle-adulte-1000-pieces-decouvrir-leurope\/p\/\" \/>\n<meta property=\"og:locale\" content=\"fr_FR\" \/>\n<meta property=\"og:type\" content=\"article\" \/>\n<meta property=\"og:title\" content=\"Puzzle du Tyrol du Sud - Puzzle adulte 1000 pi\u00e8ces - D\u00e9couvrir l&#039;Europe\" \/>\n<meta property=\"og:description\" content=\"Puzzle du Tyrol du Sud - Puzzle adulte 1000 pi\u00e8ces - D\u00e9couvrir l&#039;Europe\" \/>\n<meta property=\"og:url\" content=\"https:\/\/business.roovi.com\/fr\/puzzle-du-tyrol-du-sud-puzzle-adulte-1000-pieces-decouvrir-leurope\/p\/\" \/>\n<meta property=\"og:site_name\" content=\"Roovi B2B\" \/>\n<meta property=\"article:publisher\" content=\"https:\/\/www.facebook.com\/wwwjucariero\" \/>\n<meta property=\"article:modified_time\" content=\"2022-07-13T10:15:32+00:00\" \/>\n<meta property=\"og:image\" content=\"https:\/\/business.roovi.com\/wp-content\/uploads\/2019\/05\/65995-09-ansamblu_dimensiuni-cutie-22x22-cm.png\" \/>\n\t<meta property=\"og:image:width\" content=\"1180\" \/>\n\t<meta property=\"og:image:height\" content=\"1180\" \/>\n\t<meta property=\"og:image:type\" content=\"image\/png\" \/>\n<meta name=\"twitter:label1\" content=\"Dur\u00e9e de lecture estim\u00e9e\" \/>\n\t<meta name=\"twitter:data1\" content=\"3 minutes\" \/>\n<script type=\"application\/ld+json\" class=\"yoast-schema-graph\">{\"@context\":\"https:\/\/schema.org\",\"@graph\":[{\"@type\":\"WebPage\",\"@id\":\"https:\/\/business.roovi.com\/fr\/puzzle-du-tyrol-du-sud-puzzle-adulte-1000-pieces-decouvrir-leurope\/p\/\",\"url\":\"https:\/\/business.roovi.com\/fr\/puzzle-du-tyrol-du-sud-puzzle-adulte-1000-pieces-decouvrir-leurope\/p\/\",\"name\":\"Puzzle du Tyrol du Sud - Puzzle adulte 1000 pi\u00e8ces - D\u00e9couvrir l'Europe\",\"isPartOf\":{\"@id\":\"https:\/\/business.roovi.com\/fr\/#website\"},\"datePublished\":\"2019-05-09T08:47:42+00:00\",\"dateModified\":\"2022-07-13T10:15:32+00:00\",\"description\":\"Puzzle du Tyrol du Sud - Puzzle adulte 1000 pi\u00e8ces - D\u00e9couvrir l'Europe\",\"breadcrumb\":{\"@id\":\"https:\/\/business.roovi.com\/fr\/puzzle-du-tyrol-du-sud-puzzle-adulte-1000-pieces-decouvrir-leurope\/p\/#breadcrumb\"},\"inLanguage\":\"fr-FR\",\"potentialAction\":[{\"@type\":\"ReadAction\",\"target\":[\"https:\/\/business.roovi.com\/fr\/puzzle-du-tyrol-du-sud-puzzle-adulte-1000-pieces-decouvrir-leurope\/p\/\"]}]},{\"@type\":\"BreadcrumbList\",\"@id\":\"https:\/\/business.roovi.com\/fr\/puzzle-du-tyrol-du-sud-puzzle-adulte-1000-pieces-decouvrir-leurope\/p\/#breadcrumb\",\"itemListElement\":[{\"@type\":\"ListItem\",\"position\":1,\"name\":\"Home\",\"item\":\"https:\/\/business.roovi.com\/fr\/\"},{\"@type\":\"ListItem\",\"position\":2,\"name\":\"Boutique\",\"item\":\"https:\/\/business.roovi.com\/fr\/boutique\/\"},{\"@type\":\"ListItem\",\"position\":3,\"name\":\"Puzzle du Tyrol du Sud &#8211; Puzzle adulte 1000 pi\u00e8ces &#8211; D\u00e9couvrir l&#8217;Europe\"}]},{\"@type\":\"WebSite\",\"@id\":\"https:\/\/business.roovi.com\/fr\/#website\",\"url\":\"https:\/\/business.roovi.com\/fr\/\",\"name\":\"Roovi B2B\",\"description\":\"Roovi Business Website\",\"potentialAction\":[{\"@type\":\"SearchAction\",\"target\":{\"@type\":\"EntryPoint\",\"urlTemplate\":\"https:\/\/business.roovi.com\/fr\/?s={search_term_string}\"},\"query-input\":\"required name=search_term_string\"}],\"inLanguage\":\"fr-FR\"}]}<\/script>\n<!-- \/ Yoast SEO plugin. -->","yoast_head_json":{"title":"Puzzle du Tyrol du Sud - Puzzle adulte 1000 pi\u00e8ces - D\u00e9couvrir l'Europe","description":"Puzzle du Tyrol du Sud - Puzzle adulte 1000 pi\u00e8ces - D\u00e9couvrir l'Europe","robots":{"index":"index","follow":"follow","max-snippet":"max-snippet:-1","max-image-preview":"max-image-preview:large","max-video-preview":"max-video-preview:-1"},"canonical":"https:\/\/business.roovi.com\/fr\/puzzle-du-tyrol-du-sud-puzzle-adulte-1000-pieces-decouvrir-leurope\/p\/","og_locale":"fr_FR","og_type":"article","og_title":"Puzzle du Tyrol du Sud - Puzzle adulte 1000 pi\u00e8ces - D\u00e9couvrir l'Europe","og_description":"Puzzle du Tyrol du Sud - Puzzle adulte 1000 pi\u00e8ces - D\u00e9couvrir l'Europe","og_url":"https:\/\/business.roovi.com\/fr\/puzzle-du-tyrol-du-sud-puzzle-adulte-1000-pieces-decouvrir-leurope\/p\/","og_site_name":"Roovi B2B","article_publisher":"https:\/\/www.facebook.com\/wwwjucariero","article_modified_time":"2022-07-13T10:15:32+00:00","og_image":[{"width":1180,"height":1180,"url":"https:\/\/business.roovi.com\/wp-content\/uploads\/2019\/05\/65995-09-ansamblu_dimensiuni-cutie-22x22-cm.png","type":"image\/png"}],"twitter_misc":{"Dur\u00e9e de lecture estim\u00e9e":"3 minutes"},"schema":{"@context":"https:\/\/schema.org","@graph":[{"@type":"WebPage","@id":"https:\/\/business.roovi.com\/fr\/puzzle-du-tyrol-du-sud-puzzle-adulte-1000-pieces-decouvrir-leurope\/p\/","url":"https:\/\/business.roovi.com\/fr\/puzzle-du-tyrol-du-sud-puzzle-adulte-1000-pieces-decouvrir-leurope\/p\/","name":"Puzzle du Tyrol du Sud - Puzzle adulte 1000 pi\u00e8ces - D\u00e9couvrir l'Europe","isPartOf":{"@id":"https:\/\/business.roovi.com\/fr\/#website"},"datePublished":"2019-05-09T08:47:42+00:00","dateModified":"2022-07-13T10:15:32+00:00","description":"Puzzle du Tyrol du Sud - Puzzle adulte 1000 pi\u00e8ces - D\u00e9couvrir l'Europe","breadcrumb":{"@id":"https:\/\/business.roovi.com\/fr\/puzzle-du-tyrol-du-sud-puzzle-adulte-1000-pieces-decouvrir-leurope\/p\/#breadcrumb"},"inLanguage":"fr-FR","potentialAction":[{"@type":"ReadAction","target":["https:\/\/business.roovi.com\/fr\/puzzle-du-tyrol-du-sud-puzzle-adulte-1000-pieces-decouvrir-leurope\/p\/"]}]},{"@type":"BreadcrumbList","@id":"https:\/\/business.roovi.com\/fr\/puzzle-du-tyrol-du-sud-puzzle-adulte-1000-pieces-decouvrir-leurope\/p\/#breadcrumb","itemListElement":[{"@type":"ListItem","position":1,"name":"Home","item":"https:\/\/business.roovi.com\/fr\/"},{"@type":"ListItem","position":2,"name":"Boutique","item":"https:\/\/business.roovi.com\/fr\/boutique\/"},{"@type":"ListItem","position":3,"name":"Puzzle du Tyrol du Sud &#8211; Puzzle adulte 1000 pi\u00e8ces &#8211; D\u00e9couvrir l&#8217;Europe"}]},{"@type":"WebSite","@id":"https:\/\/business.roovi.com\/fr\/#website","url":"https:\/\/business.roovi.com\/fr\/","name":"Roovi B2B","description":"Roovi Business Website","potentialAction":[{"@type":"SearchAction","target":{"@type":"EntryPoint","urlTemplate":"https:\/\/business.roovi.com\/fr\/?s={search_term_string}"},"query-input":"required name=search_term_string"}],"inLanguage":"fr-FR"}]}},"_links":{"self":[{"href":"https:\/\/business.roovi.com\/fr\/wp-json\/wp\/v2\/product\/52106","targetHints":{"allow":["GET"]}}],"collection":[{"href":"https:\/\/business.roovi.com\/fr\/wp-json\/wp\/v2\/product"}],"about":[{"href":"https:\/\/business.roovi.com\/fr\/wp-json\/wp\/v2\/types\/product"}],"version-history":[{"count":0,"href":"https:\/\/business.roovi.com\/fr\/wp-json\/wp\/v2\/product\/52106\/revisions"}],"wp:featuredmedia":[{"embeddable":true,"href":"https:\/\/business.roovi.com\/fr\/wp-json\/wp\/v2\/media\/52113"}],"wp:attachment":[{"href":"https:\/\/business.roovi.com\/fr\/wp-json\/wp\/v2\/media?parent=52106"}],"wp:term":[{"taxonomy":"product_brand","embeddable":true,"href":"https:\/\/business.roovi.com\/fr\/wp-json\/wp\/v2\/product_brand?post=52106"},{"taxonomy":"product_cat","embeddable":true,"href":"https:\/\/business.roovi.com\/fr\/wp-json\/wp\/v2\/product_cat?post=52106"},{"taxonomy":"product_tag","embeddable":true,"href":"https:\/\/business.roovi.com\/fr\/wp-json\/wp\/v2\/product_tag?post=52106"}],"curies":[{"name":"wp","href":"https:\/\/api.w.org\/{rel}","templated":true}]}}