{"id":52112,"date":"2019-05-09T08:38:37","date_gmt":"2019-05-09T08:38:37","guid":{"rendered":"https:\/\/business.roovi.com\/puzzle-adulti-1000-piese-nature-landscape-canada\/p\/"},"modified":"2022-07-13T10:15:32","modified_gmt":"2022-07-13T10:15:32","slug":"puzzle-adulte-1000-pieces-nature-landscape-canada","status":"publish","type":"product","link":"https:\/\/business.roovi.com\/fr\/puzzle-adulte-1000-pieces-nature-landscape-canada\/p\/","title":{"rendered":"Puzzle adulte 1000 pi\u00e8ces Nature Landscape &#8211; Canada"},"content":{"rendered":"<p><strong><em>Tu veux quelques heures de paix et de relaxation profonde ? Reconstitue une image de la nature sauvage canadienne \u00e0 partir d&rsquo;un puzzle de 1000 pi\u00e8ces et vis un \u00e9tat de d\u00e9tachement total.<\/em><\/strong><\/p>\n<p><span style=\"font-weight: 400;\">L&rsquo;image du lac Moraine dans le puzzle 1000 pi\u00e8ces Nature Landscape &#8211; Canada induit un \u00e9tat de calme et de relaxation. Avec chaque pi\u00e8ce que tu ins\u00e8res dans l&rsquo;image, tu deviens plus concentr\u00e9 et plus d\u00e9connect\u00e9 du quotidien. Et le sentiment est magique. Nous te mettons au d\u00e9fi d&rsquo;en faire l&rsquo;exp\u00e9rience !<\/span><\/p>\n<p><span style=\"font-weight: 400;\">Le lac Moraine au Canada est l&rsquo;un des sites les plus photographi\u00e9s du pays. L&rsquo;eau cristalline qui se refl\u00e8te sur les cr\u00eates des montagnes voisines et le paysage naturel environnant spectaculaire en font l&rsquo;un des plus beaux lacs glaciaires du monde.<\/span><\/p>\n<p><span style=\"font-weight: 400;\">Cette merveille naturelle est abrit\u00e9e par la vall\u00e9e des 10 pics dans le parc national de Banff au Canada. Ses vives nuances de turquoise deviennent plus intenses en \u00e9t\u00e9 lorsque les glaciers fondent. Le puzzle Paysage naturel de 1000 pi\u00e8ces &#8211; Lac Moraine, Canada pr\u00e9serve les couleurs parfaites de ce lac, et en assemblant l&rsquo;image, tu seras hypnotis\u00e9 par le spectacle des teintes et le paysage f\u00e9erique.<\/span><\/p>\n<p><strong>Pourquoi choisir le puzzle 1000 pi\u00e8ces de Moraine Lake, Canada ?<\/strong><\/p>\n<p><span style=\"font-weight: 400;\">Assemble une image de 68 x 47 cm qui donnera lieu \u00e0 la photo d&rsquo;une vie.<\/span><\/p>\n<p><span style=\"font-weight: 400;\">Tu peux utiliser le tableau comme un objet d\u00e9coratif pour embellir ta maison.<\/span><\/p>\n<p><span style=\"font-weight: 400;\">Les 1000 pi\u00e8ces du puzzle sont d\u00e9coup\u00e9es avec pr\u00e9cision et s&#8217;embo\u00eetent parfaitement, et l&rsquo;image finale est parfaite.<\/span><\/p>\n<p><span style=\"font-weight: 400;\">Il est fabriqu\u00e9 en carton bleu de haute qualit\u00e9, ce qui le rend durable m\u00eame apr\u00e8s de multiples assemblages.<\/span><\/p>\n<p><span style=\"font-weight: 400;\">Il est respectueux de la nature, fabriqu\u00e9 \u00e0 partir de mat\u00e9riaux recyclables et durables.<\/span><\/p>\n<p><span style=\"font-weight: 400;\">Elle a une finition semi-brillante et des couleurs vives qui font ressortir la beaut\u00e9 du paysage.<\/span><\/p>\n<p><span style=\"font-weight: 400;\">Convient aux personnes de plus de 14 ans &#8211; une excellente occasion de passer du temps avec tes enfants adolescents.<\/span><\/p>\n<p><strong>Tu savais que&#8230; ?<\/strong><\/p>\n<p><span style=\"font-weight: 400;\">Le lac Moraine se trouve \u00e0 une altitude de 1 885 m et le niveau d&rsquo;eau et les couleurs sont les plus intenses \u00e0 la fin juin.<\/span><\/p>\n<p><span style=\"font-weight: 400;\">La profondeur maximale de ce lac est de 15 m\u00e8tres.<\/span><\/p>\n<p><span style=\"font-weight: 400;\">L&rsquo;image du lac Moraine appara\u00eet \u00e9galement au dos des billets de 20 dollars canadiens de 1969 et 1979.<\/span><\/p>\n<p><span style=\"font-weight: 400;\">Le parc national de Banff, cr\u00e9\u00e9 en 1885, \u00e9tait le premier parc national du Canada et le troisi\u00e8me plus grand du monde.<\/span><\/p>\n<p><span style=\"font-weight: 400;\">Les montagnes de ce parc national ont jusqu&rsquo;\u00e0 120 millions d&rsquo;ann\u00e9es et abritent encore environ 1000 glaciers.<\/span><\/p>\n<p><span style=\"font-weight: 400;\">Un puzzle pour adultes avec un paysage naturel spectaculaire est une activit\u00e9 r\u00e9cr\u00e9ative qui t&rsquo;apporte de multiples avantages qui se refl\u00e8tent dans de nombreux aspects de ta vie <\/span><\/p>\n<ul>\n<li><span style=\"font-weight: 400;\">Elle cultive ta patience et ta pers\u00e9v\u00e9rance.<\/span><\/li>\n<li><span style=\"font-weight: 400;\">Il entra\u00eene ta m\u00e9moire.<\/span><\/li>\n<li><span style=\"font-weight: 400;\">Il d\u00e9veloppe ta pens\u00e9e logique <\/span><\/li>\n<li><span style=\"font-weight: 400;\">C&rsquo;est un bon exercice de cr\u00e9ativit\u00e9<\/span><\/li>\n<li><span style=\"font-weight: 400;\">Elle te donne de la bonne humeur et de l&rsquo;optimisme.<\/span><\/li>\n<li><span style=\"font-weight: 400;\">C&rsquo;est une bonne occasion de socialiser<\/span><\/li>\n<\/ul>\n<p><span style=\"font-weight: 400;\">Tu as de nombreuses raisons de choisir le puzzle 1000 pi\u00e8ces Moraine Lake. Garde-le chez toi et recr\u00e9e-le chaque fois que tu ressens le besoin d&rsquo;un d\u00e9fi cr\u00e9atif, profite-en avec ta famille ou tes amis ou mets-le sous le sapin de No\u00ebl et fais-en un super cadeau pour les amateurs de jeux de r\u00e9flexion.<\/span><\/p><\/p>\n","protected":false},"excerpt":{"rendered":"<p>Tu veux quelques heures de paix et de relaxation profonde ? Reconstitue une image de la nature sauvage canadienne \u00e0<\/p>\n","protected":false},"featured_media":52122,"template":"","meta":[],"product_brand":[],"product_cat":[2314,2316,2315],"product_tag":[],"class_list":{"0":"post-52112","1":"product","2":"type-product","3":"status-publish","4":"has-post-thumbnail","6":"product_cat-puzzles-fr","7":"product_cat-puzzles-de-1000-pieces","8":"product_cat-puzzles-pour-adultes","9":"pa_brand-d_toys-fr","10":"pa_country_of_manufacture-ro-fr","11":"pa_filter_age-14-fr","12":"pa_painter-landscapes-fr","13":"pa_tip_ambalaj-boite","14":"pa_tip_puzzle-classique","16":"first","17":"instock","18":"taxable","19":"shipping-taxable","20":"product-type-simple"},"yoast_head":"<!-- This site is optimized with the Yoast SEO plugin v20.1 - https:\/\/yoast.com\/wordpress\/plugins\/seo\/ -->\n<title>Puzzle adulte 1000 pi\u00e8ces Nature Landscape - Canada<\/title>\n<meta name=\"description\" content=\"Puzzle adulte 1000 pi\u00e8ces Nature Landscape - Canada\" \/>\n<meta name=\"robots\" content=\"index, follow, max-snippet:-1, max-image-preview:large, max-video-preview:-1\" \/>\n<link rel=\"canonical\" href=\"https:\/\/business.roovi.com\/fr\/puzzle-adulte-1000-pieces-nature-landscape-canada\/p\/\" \/>\n<meta property=\"og:locale\" content=\"fr_FR\" \/>\n<meta property=\"og:type\" content=\"article\" \/>\n<meta property=\"og:title\" content=\"Puzzle adulte 1000 pi\u00e8ces Nature Landscape - Canada\" \/>\n<meta property=\"og:description\" content=\"Puzzle adulte 1000 pi\u00e8ces Nature Landscape - Canada\" \/>\n<meta property=\"og:url\" content=\"https:\/\/business.roovi.com\/fr\/puzzle-adulte-1000-pieces-nature-landscape-canada\/p\/\" \/>\n<meta property=\"og:site_name\" content=\"Roovi B2B\" \/>\n<meta property=\"article:publisher\" content=\"https:\/\/www.facebook.com\/wwwjucariero\" \/>\n<meta property=\"article:modified_time\" content=\"2022-07-13T10:15:32+00:00\" \/>\n<meta property=\"og:image\" content=\"https:\/\/business.roovi.com\/wp-content\/uploads\/2019\/05\/75765-01-ansamblu_dimensiuni-cutie-cm_orizontal.png\" \/>\n\t<meta property=\"og:image:width\" content=\"900\" \/>\n\t<meta property=\"og:image:height\" content=\"900\" \/>\n\t<meta property=\"og:image:type\" content=\"image\/png\" \/>\n<meta name=\"twitter:label1\" content=\"Dur\u00e9e de lecture estim\u00e9e\" \/>\n\t<meta name=\"twitter:data1\" content=\"3 minutes\" \/>\n<script type=\"application\/ld+json\" class=\"yoast-schema-graph\">{\"@context\":\"https:\/\/schema.org\",\"@graph\":[{\"@type\":\"WebPage\",\"@id\":\"https:\/\/business.roovi.com\/fr\/puzzle-adulte-1000-pieces-nature-landscape-canada\/p\/\",\"url\":\"https:\/\/business.roovi.com\/fr\/puzzle-adulte-1000-pieces-nature-landscape-canada\/p\/\",\"name\":\"Puzzle adulte 1000 pi\u00e8ces Nature Landscape - Canada\",\"isPartOf\":{\"@id\":\"https:\/\/business.roovi.com\/fr\/#website\"},\"datePublished\":\"2019-05-09T08:38:37+00:00\",\"dateModified\":\"2022-07-13T10:15:32+00:00\",\"description\":\"Puzzle adulte 1000 pi\u00e8ces Nature Landscape - Canada\",\"breadcrumb\":{\"@id\":\"https:\/\/business.roovi.com\/fr\/puzzle-adulte-1000-pieces-nature-landscape-canada\/p\/#breadcrumb\"},\"inLanguage\":\"fr-FR\",\"potentialAction\":[{\"@type\":\"ReadAction\",\"target\":[\"https:\/\/business.roovi.com\/fr\/puzzle-adulte-1000-pieces-nature-landscape-canada\/p\/\"]}]},{\"@type\":\"BreadcrumbList\",\"@id\":\"https:\/\/business.roovi.com\/fr\/puzzle-adulte-1000-pieces-nature-landscape-canada\/p\/#breadcrumb\",\"itemListElement\":[{\"@type\":\"ListItem\",\"position\":1,\"name\":\"Home\",\"item\":\"https:\/\/business.roovi.com\/fr\/\"},{\"@type\":\"ListItem\",\"position\":2,\"name\":\"Boutique\",\"item\":\"https:\/\/business.roovi.com\/fr\/boutique\/\"},{\"@type\":\"ListItem\",\"position\":3,\"name\":\"Puzzle adulte 1000 pi\u00e8ces Nature Landscape &#8211; Canada\"}]},{\"@type\":\"WebSite\",\"@id\":\"https:\/\/business.roovi.com\/fr\/#website\",\"url\":\"https:\/\/business.roovi.com\/fr\/\",\"name\":\"Roovi B2B\",\"description\":\"Roovi Business Website\",\"potentialAction\":[{\"@type\":\"SearchAction\",\"target\":{\"@type\":\"EntryPoint\",\"urlTemplate\":\"https:\/\/business.roovi.com\/fr\/?s={search_term_string}\"},\"query-input\":\"required name=search_term_string\"}],\"inLanguage\":\"fr-FR\"}]}<\/script>\n<!-- \/ Yoast SEO plugin. -->","yoast_head_json":{"title":"Puzzle adulte 1000 pi\u00e8ces Nature Landscape - Canada","description":"Puzzle adulte 1000 pi\u00e8ces Nature Landscape - Canada","robots":{"index":"index","follow":"follow","max-snippet":"max-snippet:-1","max-image-preview":"max-image-preview:large","max-video-preview":"max-video-preview:-1"},"canonical":"https:\/\/business.roovi.com\/fr\/puzzle-adulte-1000-pieces-nature-landscape-canada\/p\/","og_locale":"fr_FR","og_type":"article","og_title":"Puzzle adulte 1000 pi\u00e8ces Nature Landscape - Canada","og_description":"Puzzle adulte 1000 pi\u00e8ces Nature Landscape - Canada","og_url":"https:\/\/business.roovi.com\/fr\/puzzle-adulte-1000-pieces-nature-landscape-canada\/p\/","og_site_name":"Roovi B2B","article_publisher":"https:\/\/www.facebook.com\/wwwjucariero","article_modified_time":"2022-07-13T10:15:32+00:00","og_image":[{"width":900,"height":900,"url":"https:\/\/business.roovi.com\/wp-content\/uploads\/2019\/05\/75765-01-ansamblu_dimensiuni-cutie-cm_orizontal.png","type":"image\/png"}],"twitter_misc":{"Dur\u00e9e de lecture estim\u00e9e":"3 minutes"},"schema":{"@context":"https:\/\/schema.org","@graph":[{"@type":"WebPage","@id":"https:\/\/business.roovi.com\/fr\/puzzle-adulte-1000-pieces-nature-landscape-canada\/p\/","url":"https:\/\/business.roovi.com\/fr\/puzzle-adulte-1000-pieces-nature-landscape-canada\/p\/","name":"Puzzle adulte 1000 pi\u00e8ces Nature Landscape - Canada","isPartOf":{"@id":"https:\/\/business.roovi.com\/fr\/#website"},"datePublished":"2019-05-09T08:38:37+00:00","dateModified":"2022-07-13T10:15:32+00:00","description":"Puzzle adulte 1000 pi\u00e8ces Nature Landscape - Canada","breadcrumb":{"@id":"https:\/\/business.roovi.com\/fr\/puzzle-adulte-1000-pieces-nature-landscape-canada\/p\/#breadcrumb"},"inLanguage":"fr-FR","potentialAction":[{"@type":"ReadAction","target":["https:\/\/business.roovi.com\/fr\/puzzle-adulte-1000-pieces-nature-landscape-canada\/p\/"]}]},{"@type":"BreadcrumbList","@id":"https:\/\/business.roovi.com\/fr\/puzzle-adulte-1000-pieces-nature-landscape-canada\/p\/#breadcrumb","itemListElement":[{"@type":"ListItem","position":1,"name":"Home","item":"https:\/\/business.roovi.com\/fr\/"},{"@type":"ListItem","position":2,"name":"Boutique","item":"https:\/\/business.roovi.com\/fr\/boutique\/"},{"@type":"ListItem","position":3,"name":"Puzzle adulte 1000 pi\u00e8ces Nature Landscape &#8211; Canada"}]},{"@type":"WebSite","@id":"https:\/\/business.roovi.com\/fr\/#website","url":"https:\/\/business.roovi.com\/fr\/","name":"Roovi B2B","description":"Roovi Business Website","potentialAction":[{"@type":"SearchAction","target":{"@type":"EntryPoint","urlTemplate":"https:\/\/business.roovi.com\/fr\/?s={search_term_string}"},"query-input":"required name=search_term_string"}],"inLanguage":"fr-FR"}]}},"_links":{"self":[{"href":"https:\/\/business.roovi.com\/fr\/wp-json\/wp\/v2\/product\/52112","targetHints":{"allow":["GET"]}}],"collection":[{"href":"https:\/\/business.roovi.com\/fr\/wp-json\/wp\/v2\/product"}],"about":[{"href":"https:\/\/business.roovi.com\/fr\/wp-json\/wp\/v2\/types\/product"}],"version-history":[{"count":0,"href":"https:\/\/business.roovi.com\/fr\/wp-json\/wp\/v2\/product\/52112\/revisions"}],"wp:featuredmedia":[{"embeddable":true,"href":"https:\/\/business.roovi.com\/fr\/wp-json\/wp\/v2\/media\/52122"}],"wp:attachment":[{"href":"https:\/\/business.roovi.com\/fr\/wp-json\/wp\/v2\/media?parent=52112"}],"wp:term":[{"taxonomy":"product_brand","embeddable":true,"href":"https:\/\/business.roovi.com\/fr\/wp-json\/wp\/v2\/product_brand?post=52112"},{"taxonomy":"product_cat","embeddable":true,"href":"https:\/\/business.roovi.com\/fr\/wp-json\/wp\/v2\/product_cat?post=52112"},{"taxonomy":"product_tag","embeddable":true,"href":"https:\/\/business.roovi.com\/fr\/wp-json\/wp\/v2\/product_tag?post=52112"}],"curies":[{"name":"wp","href":"https:\/\/api.w.org\/{rel}","templated":true}]}}