{"id":52146,"date":"2019-05-09T08:11:42","date_gmt":"2019-05-09T08:11:42","guid":{"rendered":"https:\/\/business.roovi.com\/puzzle-adulti-alphonse-mucha-artsarte-1000-piese\/p\/"},"modified":"2023-02-15T06:49:33","modified_gmt":"2023-02-15T06:49:33","slug":"alphonse-mucha-puzzle-adulte-1000-pieces-arts-arts","status":"publish","type":"product","link":"https:\/\/business.roovi.com\/fr\/alphonse-mucha-puzzle-adulte-1000-pieces-arts-arts\/p\/","title":{"rendered":"Alphonse Mucha puzzle adulte 1000 pi\u00e8ces &#8211; Arts"},"content":{"rendered":"<p><span style=\"font-weight: 400;\">Avec la plus grande gamme de puzzles d&rsquo;art, tu as maintenant la possibilit\u00e9 de construire une collection d&rsquo;art compl\u00e8te \u00e0 partir des puzzles de 1000 pi\u00e8ces de la plus haute qualit\u00e9.<\/span><\/p>\n<p><span style=\"font-weight: 400;\">Alphonse Mucha &#8211; Arts\/Arte puzzle de 1000 pi\u00e8ces est un collage repr\u00e9sentant quatre \u0153uvres de l&rsquo;artiste sur le th\u00e8me des Arts. Dans son cycle glorifiant les quatre arts, Mucha s&rsquo;est d\u00e9lib\u00e9r\u00e9ment abstenu d&rsquo;utiliser les attributs traditionnels pour repr\u00e9senter les arts, pla\u00e7ant plut\u00f4t chacun d&rsquo;eux sur une toile de fond li\u00e9e \u00e0 un moment de la journ\u00e9e : le matin pour la Danse, le midi pour la Peinture, le soir pour la Po\u00e9sie et la nuit pour la Musique. Assemble ce merveilleux plateau de puzzle de 1000 pi\u00e8ces et rassemble les quatre arts en un objet d\u00e9coratif qui embellira ta pi\u00e8ce pr\u00e9f\u00e9r\u00e9e.<\/span><\/p>\n<p><span style=\"font-weight: 400;\">Tout ce dont tu as besoin pour construire l&rsquo;\u0153uvre d&rsquo;art est une table basse ordinaire et, bien s\u00fbr, beaucoup de patience ! La peinture finale mesure 50&#215;70 cm.<\/span><\/p>\n<p><span style=\"font-weight: 400;\">Tu trouveras plus de d\u00e9tails sur le puzzle Alphonse Mucha 1000 pi\u00e8ces &#8211; Arts ci-dessous.<\/span><\/p>\n<p><strong>Mat\u00e9riau du puzzle <\/strong><\/p>\n<p><strong>carton bleu de haute qualit\u00e9<\/strong><\/p>\n<p><strong>des mat\u00e9riaux durables et recyclables<\/strong><\/p>\n<p><strong>finition semi-brillante, couleurs vives<\/strong><\/p>\n<p><strong>Nombre de pi\u00e8ces de puzzle : 1000<\/strong><\/p>\n<p><strong>\u00c2ge recommand\u00e9 : 14+<\/strong><\/p>\n<p><strong>Garde ton esprit sain en compl\u00e9tant des puzzles de 1000 pi\u00e8ces chaque jour !<\/strong><\/p>\n<p><span style=\"font-weight: 400;\">Les puzzles de 1000 pi\u00e8ces sont incroyables pour la sant\u00e9 du cerveau, car ils font travailler ton esprit. Les jeux de r\u00e9flexion sont un v\u00e9ritable entra\u00eenement mental qui aide \u00e0 maintenir tes capacit\u00e9s mentales en pleine forme <\/span><\/p>\n<p><strong>Termine des puzzles de 1000 pi\u00e8ces et entra\u00eene ton esprit strat\u00e9gique !<\/strong><\/p>\n<p><span style=\"font-weight: 400;\">Un puzzle de 1000 pi\u00e8ces est comme un probl\u00e8me que tu dois r\u00e9soudre. Selon l&rsquo;angle d&rsquo;approche et la strat\u00e9gie que tu choisis, tu r\u00e9soudras les \u00e9nigmes plus rapidement ou plus lentement. En t&rsquo;exer\u00e7ant chaque jour, tu entra\u00eeneras ton approche et tu r\u00e9soudras le myst\u00e8re du puzzle 1000 de plus en plus vite <\/span><\/p>\n<p><strong>Assembler 1000 puzzles t&rsquo;aide \u00e0 \u00e9largir ton horizon de connaissances<\/strong><\/p>\n<p><span style=\"font-weight: 400;\">Les puzzles pour adultes ne sont pas seulement un moyen de se d\u00e9tendre, mais aussi d&rsquo;apprendre. Que tu choisisses de compl\u00e9ter les 1000 puzzles d&rsquo;art, de paysage ou de visite touristique, l&rsquo;image te donne envie d&rsquo;en savoir plus. Laisse-toi entra\u00eener dans cette course \u00e0 la connaissance et d\u00e9veloppe ta culture g\u00e9n\u00e9rale.<\/span><\/p>\n<p><strong>Les puzzles de 1000 pi\u00e8ces te donnent une libert\u00e9 totale <\/strong><\/p>\n<p><span style=\"font-weight: 400;\">R\u00e9aliser des \u00e9nigmes pour adultes te donne la libert\u00e9 d&rsquo;\u00eatre cr\u00e9atif, de r\u00eaver, de savoir. De plus, chaque d\u00e9cision de mettre une pi\u00e8ce de puzzle de 1000 pi\u00e8ces au bon endroit t&rsquo;aide \u00e0 avoir de plus en plus confiance en tes propres forces <\/span><\/p>\n<p><strong>Peut-\u00eatre n&rsquo;\u00e9tais-tu pas au courant de <\/strong><strong><em>Arts<\/em><\/strong><strong> d&rsquo;Alphonse Mucha..<\/strong><\/p>\n<p><span style=\"font-weight: 400;\">Dans ces \u0153uvres, l&rsquo;artiste s&rsquo;est concentr\u00e9 sur la beaut\u00e9 naturelle des femmes comme incarnation de chaque discipline, entour\u00e9e et assign\u00e9e \u00e0 un moment particulier de la journ\u00e9e.<\/span><\/p>\n<p><em><span style=\"font-weight: 400;\">Danse <\/span><\/em><span style=\"font-weight: 400;\">pose de fa\u00e7on provocante dans la brise matinale d&rsquo;automne qui expose ses jambes, sa poitrine et son dos, offrant une image audacieuse pour 1898.<\/span><\/p>\n<p><em><span style=\"font-weight: 400;\">Peinture<\/span><\/em><span style=\"font-weight: 400;\"> tient une fleur rouge et est entour\u00e9e d&rsquo;arcs-en-ciel \u00e0 la lumi\u00e8re du jour.<\/span><\/p>\n<p><em><span style=\"font-weight: 400;\">Po\u00e9sie<\/span><\/em><span style=\"font-weight: 400;\"> contemple comme l&rsquo;\u00e9toile du soir brille dans le ciel au cr\u00e9puscule.<\/span><\/p>\n<p><em><span style=\"font-weight: 400;\">Musique<\/span><\/em><span style=\"font-weight: 400;\"> \u00e9coute le chant des oiseaux au lever de la lune.<\/span><\/p>\n<p><strong>Assemble le puzzle de 1000 pi\u00e8ces et tu te sentiras :<\/strong><\/p>\n<p><strong>Plus d\u00e9tendue !<\/strong><\/p>\n<p><strong>Moins de stress !<\/strong><\/p>\n<p><strong>Plus heureux !<\/strong><\/p>\n<p><span style=\"font-weight: 400;\">Tu veux admirer la perfection de la beaut\u00e9 f\u00e9minine dans des couleurs chaudes et harmonieuses ?<\/span> <span style=\"font-weight: 400;\">Ach\u00e8te maintenant Alphonse Mucha &#8211; Arts\/Arte puzzle de 1000 pi\u00e8ces, reconstitue l&rsquo;image et profite du merveilleux tableau dans ce jeu de puzzle <\/span><\/p>\n<p><span style=\"font-weight: 400;\">Ce puzzle de 1000 pi\u00e8ces peut \u00eatre un excellent cadeau si tu penses surprendre agr\u00e9ablement un \u00eatre cher lors d&rsquo;un anniversaire.<\/span><\/p>\n","protected":false},"excerpt":{"rendered":"<p>Avec la plus grande gamme de puzzles d&rsquo;art, tu as maintenant la possibilit\u00e9 de construire une collection d&rsquo;art compl\u00e8te \u00e0<\/p>\n","protected":false},"featured_media":60346,"template":"","meta":[],"product_brand":[],"product_cat":[2314,2316,2315],"product_tag":[],"class_list":{"0":"post-52146","1":"product","2":"type-product","3":"status-publish","4":"has-post-thumbnail","6":"product_cat-puzzles-fr","7":"product_cat-puzzles-de-1000-pieces","8":"product_cat-puzzles-pour-adultes","9":"pa_brand-d_toys-fr","10":"pa_country_of_manufacture-ro-fr","11":"pa_filter_age-14-fr","12":"pa_painter-alphonsemucha-fr","13":"pa_tip_ambalaj-boite","14":"pa_tip_puzzle-classique","16":"first","17":"instock","18":"taxable","19":"shipping-taxable","20":"product-type-simple"},"yoast_head":"<!-- This site is optimized with the Yoast SEO plugin v20.1 - https:\/\/yoast.com\/wordpress\/plugins\/seo\/ -->\n<title>Alphonse Mucha puzzle adulte 1000 pi\u00e8ces - Arts\/Arts<\/title>\n<meta name=\"description\" content=\"Alphonse Mucha puzzle adulte 1000 pi\u00e8ces - Arts\/Arts\" \/>\n<meta name=\"robots\" content=\"index, follow, max-snippet:-1, max-image-preview:large, max-video-preview:-1\" \/>\n<link rel=\"canonical\" href=\"https:\/\/business.roovi.com\/fr\/alphonse-mucha-puzzle-adulte-1000-pieces-arts-arts\/p\/\" \/>\n<meta property=\"og:locale\" content=\"fr_FR\" \/>\n<meta property=\"og:type\" content=\"article\" \/>\n<meta property=\"og:title\" content=\"Alphonse Mucha puzzle adulte 1000 pi\u00e8ces - Arts\/Arts\" \/>\n<meta property=\"og:description\" content=\"Alphonse Mucha puzzle adulte 1000 pi\u00e8ces - Arts\/Arts\" \/>\n<meta property=\"og:url\" content=\"https:\/\/business.roovi.com\/fr\/alphonse-mucha-puzzle-adulte-1000-pieces-arts-arts\/p\/\" \/>\n<meta property=\"og:site_name\" content=\"Roovi B2B\" \/>\n<meta property=\"article:publisher\" content=\"https:\/\/www.facebook.com\/wwwjucariero\" \/>\n<meta property=\"article:modified_time\" content=\"2023-02-15T06:49:33+00:00\" \/>\n<meta property=\"og:image\" content=\"https:\/\/business.roovi.com\/wp-content\/uploads\/2019\/05\/01_MAIN.jpg\" \/>\n\t<meta property=\"og:image:width\" content=\"1200\" \/>\n\t<meta property=\"og:image:height\" content=\"1200\" \/>\n\t<meta property=\"og:image:type\" content=\"image\/jpeg\" \/>\n<meta name=\"twitter:label1\" content=\"Dur\u00e9e de lecture estim\u00e9e\" \/>\n\t<meta name=\"twitter:data1\" content=\"4 minutes\" \/>\n<script type=\"application\/ld+json\" class=\"yoast-schema-graph\">{\"@context\":\"https:\/\/schema.org\",\"@graph\":[{\"@type\":\"WebPage\",\"@id\":\"https:\/\/business.roovi.com\/fr\/alphonse-mucha-puzzle-adulte-1000-pieces-arts-arts\/p\/\",\"url\":\"https:\/\/business.roovi.com\/fr\/alphonse-mucha-puzzle-adulte-1000-pieces-arts-arts\/p\/\",\"name\":\"Alphonse Mucha puzzle adulte 1000 pi\u00e8ces - Arts\/Arts\",\"isPartOf\":{\"@id\":\"https:\/\/business.roovi.com\/fr\/#website\"},\"datePublished\":\"2019-05-09T08:11:42+00:00\",\"dateModified\":\"2023-02-15T06:49:33+00:00\",\"description\":\"Alphonse Mucha puzzle adulte 1000 pi\u00e8ces - Arts\/Arts\",\"breadcrumb\":{\"@id\":\"https:\/\/business.roovi.com\/fr\/alphonse-mucha-puzzle-adulte-1000-pieces-arts-arts\/p\/#breadcrumb\"},\"inLanguage\":\"fr-FR\",\"potentialAction\":[{\"@type\":\"ReadAction\",\"target\":[\"https:\/\/business.roovi.com\/fr\/alphonse-mucha-puzzle-adulte-1000-pieces-arts-arts\/p\/\"]}]},{\"@type\":\"BreadcrumbList\",\"@id\":\"https:\/\/business.roovi.com\/fr\/alphonse-mucha-puzzle-adulte-1000-pieces-arts-arts\/p\/#breadcrumb\",\"itemListElement\":[{\"@type\":\"ListItem\",\"position\":1,\"name\":\"Home\",\"item\":\"https:\/\/business.roovi.com\/fr\/\"},{\"@type\":\"ListItem\",\"position\":2,\"name\":\"Boutique\",\"item\":\"https:\/\/business.roovi.com\/fr\/boutique\/\"},{\"@type\":\"ListItem\",\"position\":3,\"name\":\"Alphonse Mucha puzzle adulte 1000 pi\u00e8ces &#8211; Arts\"}]},{\"@type\":\"WebSite\",\"@id\":\"https:\/\/business.roovi.com\/fr\/#website\",\"url\":\"https:\/\/business.roovi.com\/fr\/\",\"name\":\"Roovi B2B\",\"description\":\"Roovi Business Website\",\"potentialAction\":[{\"@type\":\"SearchAction\",\"target\":{\"@type\":\"EntryPoint\",\"urlTemplate\":\"https:\/\/business.roovi.com\/fr\/?s={search_term_string}\"},\"query-input\":\"required name=search_term_string\"}],\"inLanguage\":\"fr-FR\"}]}<\/script>\n<!-- \/ Yoast SEO plugin. -->","yoast_head_json":{"title":"Alphonse Mucha puzzle adulte 1000 pi\u00e8ces - Arts\/Arts","description":"Alphonse Mucha puzzle adulte 1000 pi\u00e8ces - Arts\/Arts","robots":{"index":"index","follow":"follow","max-snippet":"max-snippet:-1","max-image-preview":"max-image-preview:large","max-video-preview":"max-video-preview:-1"},"canonical":"https:\/\/business.roovi.com\/fr\/alphonse-mucha-puzzle-adulte-1000-pieces-arts-arts\/p\/","og_locale":"fr_FR","og_type":"article","og_title":"Alphonse Mucha puzzle adulte 1000 pi\u00e8ces - Arts\/Arts","og_description":"Alphonse Mucha puzzle adulte 1000 pi\u00e8ces - Arts\/Arts","og_url":"https:\/\/business.roovi.com\/fr\/alphonse-mucha-puzzle-adulte-1000-pieces-arts-arts\/p\/","og_site_name":"Roovi B2B","article_publisher":"https:\/\/www.facebook.com\/wwwjucariero","article_modified_time":"2023-02-15T06:49:33+00:00","og_image":[{"width":1200,"height":1200,"url":"https:\/\/business.roovi.com\/wp-content\/uploads\/2019\/05\/01_MAIN.jpg","type":"image\/jpeg"}],"twitter_misc":{"Dur\u00e9e de lecture estim\u00e9e":"4 minutes"},"schema":{"@context":"https:\/\/schema.org","@graph":[{"@type":"WebPage","@id":"https:\/\/business.roovi.com\/fr\/alphonse-mucha-puzzle-adulte-1000-pieces-arts-arts\/p\/","url":"https:\/\/business.roovi.com\/fr\/alphonse-mucha-puzzle-adulte-1000-pieces-arts-arts\/p\/","name":"Alphonse Mucha puzzle adulte 1000 pi\u00e8ces - Arts\/Arts","isPartOf":{"@id":"https:\/\/business.roovi.com\/fr\/#website"},"datePublished":"2019-05-09T08:11:42+00:00","dateModified":"2023-02-15T06:49:33+00:00","description":"Alphonse Mucha puzzle adulte 1000 pi\u00e8ces - Arts\/Arts","breadcrumb":{"@id":"https:\/\/business.roovi.com\/fr\/alphonse-mucha-puzzle-adulte-1000-pieces-arts-arts\/p\/#breadcrumb"},"inLanguage":"fr-FR","potentialAction":[{"@type":"ReadAction","target":["https:\/\/business.roovi.com\/fr\/alphonse-mucha-puzzle-adulte-1000-pieces-arts-arts\/p\/"]}]},{"@type":"BreadcrumbList","@id":"https:\/\/business.roovi.com\/fr\/alphonse-mucha-puzzle-adulte-1000-pieces-arts-arts\/p\/#breadcrumb","itemListElement":[{"@type":"ListItem","position":1,"name":"Home","item":"https:\/\/business.roovi.com\/fr\/"},{"@type":"ListItem","position":2,"name":"Boutique","item":"https:\/\/business.roovi.com\/fr\/boutique\/"},{"@type":"ListItem","position":3,"name":"Alphonse Mucha puzzle adulte 1000 pi\u00e8ces &#8211; Arts"}]},{"@type":"WebSite","@id":"https:\/\/business.roovi.com\/fr\/#website","url":"https:\/\/business.roovi.com\/fr\/","name":"Roovi B2B","description":"Roovi Business Website","potentialAction":[{"@type":"SearchAction","target":{"@type":"EntryPoint","urlTemplate":"https:\/\/business.roovi.com\/fr\/?s={search_term_string}"},"query-input":"required name=search_term_string"}],"inLanguage":"fr-FR"}]}},"_links":{"self":[{"href":"https:\/\/business.roovi.com\/fr\/wp-json\/wp\/v2\/product\/52146","targetHints":{"allow":["GET"]}}],"collection":[{"href":"https:\/\/business.roovi.com\/fr\/wp-json\/wp\/v2\/product"}],"about":[{"href":"https:\/\/business.roovi.com\/fr\/wp-json\/wp\/v2\/types\/product"}],"version-history":[{"count":0,"href":"https:\/\/business.roovi.com\/fr\/wp-json\/wp\/v2\/product\/52146\/revisions"}],"wp:featuredmedia":[{"embeddable":true,"href":"https:\/\/business.roovi.com\/fr\/wp-json\/wp\/v2\/media\/60346"}],"wp:attachment":[{"href":"https:\/\/business.roovi.com\/fr\/wp-json\/wp\/v2\/media?parent=52146"}],"wp:term":[{"taxonomy":"product_brand","embeddable":true,"href":"https:\/\/business.roovi.com\/fr\/wp-json\/wp\/v2\/product_brand?post=52146"},{"taxonomy":"product_cat","embeddable":true,"href":"https:\/\/business.roovi.com\/fr\/wp-json\/wp\/v2\/product_cat?post=52146"},{"taxonomy":"product_tag","embeddable":true,"href":"https:\/\/business.roovi.com\/fr\/wp-json\/wp\/v2\/product_tag?post=52146"}],"curies":[{"name":"wp","href":"https:\/\/api.w.org\/{rel}","templated":true}]}}