{"id":52157,"date":"2019-05-09T08:00:10","date_gmt":"2019-05-09T08:00:10","guid":{"rendered":"https:\/\/business.roovi.com\/puzzle-adulti-alphonse-mucha-seasons-2anotimpuri-1000-piese\/p\/"},"modified":"2023-02-20T06:41:25","modified_gmt":"2023-02-20T06:41:25","slug":"alphonse-mucha-casse-tete-adulte-de-1000-pieces-saisons-2-seasons","status":"publish","type":"product","link":"https:\/\/business.roovi.com\/fr\/alphonse-mucha-casse-tete-adulte-de-1000-pieces-saisons-2-seasons\/p\/","title":{"rendered":"Alphonse Mucha Casse-t\u00eate adulte de 1000 pi\u00e8ces &#8211; Saisons 2"},"content":{"rendered":"<p><span style=\"font-weight: 400;\">Dans nos puzzles pour adultes, tu trouveras des images de peintures c\u00e9l\u00e8bres r\u00e9alis\u00e9es par des artistes c\u00e9l\u00e8bres, de l&rsquo;Antiquit\u00e9 \u00e0 nos jours <\/span><\/p>\n<p><span style=\"font-weight: 400;\">Le puzzle de 1000 pi\u00e8ces Seasons 2 d&rsquo;Alphonse Mucha repr\u00e9sente les quatre lithographies des Saisons r\u00e9alis\u00e9es en 1897, dans la deuxi\u00e8me s\u00e9rie qui a suivi la premi\u00e8re s\u00e9rie \u00e0 succ\u00e8s publi\u00e9e juste un an plus t\u00f4t. Assemble ce tableau exceptionnel et tu admireras jour apr\u00e8s jour les 4 nymphes d&rsquo;une beaut\u00e9 surr\u00e9aliste repr\u00e9sentant un printemps innocent, un \u00e9t\u00e9 \u00e9touffant, un automne fructueux et un hiver glacial. Sors ta table basse pr\u00e9f\u00e9r\u00e9e &#8211; c&rsquo;est ce dont tu as besoin pour r\u00e9aliser le tableau de 50 x 70 cm &#8211; et mets-toi au travail ! Le r\u00e9sultat final te ravira au-del\u00e0 de toute mesure.<\/span><\/p>\n<p><span style=\"font-weight: 400;\">Voici d&rsquo;autres caract\u00e9ristiques du puzzle Alphonse Mucha &#8211; Seasons 2 de 1000 pi\u00e8ces :<\/span><\/p>\n<p><strong>Mat\u00e9riau du puzzle <\/strong><\/p>\n<p><strong>carton bleu de haute qualit\u00e9<\/strong><\/p>\n<p><strong>des mat\u00e9riaux durables et recyclables<\/strong><\/p>\n<p><strong>finition semi-brillante, couleurs vives<\/strong><\/p>\n<p><strong>Nombre de pi\u00e8ces de puzzle : 1000<\/strong><\/p>\n<p><strong>\u00c2ge recommand\u00e9 : 14+<\/strong><\/p>\n<p><strong>D\u00e9connecte-toi des \u00e9crans et entre dans le monde fascinant des puzzles artistiques !<\/strong><\/p>\n<p><span style=\"font-weight: 400;\">Notre collection de puzzles artistiques t&rsquo;aidera \u00e0 te d\u00e9connecter de ton t\u00e9l\u00e9phone, de ton ordinateur portable ou de l&rsquo;\u00e9cran de t\u00e9l\u00e9vision et t&#8217;emm\u00e8nera dans un monde artistique merveilleux. Termine les puzzles artistiques de 1000 pi\u00e8ces et tu te sentiras d\u00e9tendu et vivant. De plus, tu seras l&rsquo;heureux propri\u00e9taire d&rsquo;une \u0153uvre d&rsquo;art cr\u00e9\u00e9e \u00e0 partir d&rsquo;un jeu de puzzle.<\/span><\/p>\n<p><strong>Les puzzles de 1000 pi\u00e8ces t&rsquo;aident \u00e0 surmonter l&rsquo;anxi\u00e9t\u00e9<\/strong><\/p>\n<p><span style=\"font-weight: 400;\">Lorsque tu termines le puzzle de 1000 pi\u00e8ces, tu participes \u00e0 une v\u00e9ritable s\u00e9ance de m\u00e9ditation. Tu vides ton esprit des soucis, de la pression, de l&rsquo;anxi\u00e9t\u00e9 et tu te concentres sur la recr\u00e9ation d&rsquo;une belle image. Cette concentration intense soulage la nervosit\u00e9 et l&rsquo;anxi\u00e9t\u00e9.<\/span><\/p>\n<p><strong>Tu veux socialiser davantage ? Prends un puzzle de 1000 pi\u00e8ces et appelle tes meilleurs amis !<\/strong><\/p>\n<p><span style=\"font-weight: 400;\">Transforme un jeu de puzzle en un v\u00e9ritable plaisir ! Appelle tes amis et travaille ensemble pour mettre en place la plus belle peinture d&rsquo;art ou recr\u00e9er la plus belle attraction touristique que tu as visit\u00e9e ensemble. Les puzzles de 1000 pi\u00e8ces garantissent jusqu&rsquo;\u00e0 30 heures de vrai plaisir ! <\/span><\/p>\n<p><strong>Tu ne peux pas \u00eatre persistant ? Pratique cette comp\u00e9tence avec le puzzle de 1000 pi\u00e8ces<\/strong><\/p>\n<p><span style=\"font-weight: 400;\">Assembler un puzzle pour adultes te permet de rester connect\u00e9 pendant des heures. Le d\u00e9sir de compl\u00e9ter l&rsquo;image grandit avec chaque pi\u00e8ce de puzzle 1000 correspondante. Ainsi, l&rsquo;exercice de pers\u00e9v\u00e9rance dure et est r\u00e9alis\u00e9 sans difficult\u00e9. Une fois entra\u00een\u00e9e, cette comp\u00e9tence sera utile pour d&rsquo;autres t\u00e2ches difficiles de la vie quotidienne.<\/span><\/p>\n<p><strong>Un peu d&rsquo;histoire sur Alphonse Mucha<\/strong><\/p>\n<ul style=\"list-style-type: disc;\">\n<li><span style=\"font-weight: 400;\">Pendant ses ann\u00e9es pr\u00e9scolaires, il a dessin\u00e9 exclusivement avec sa main gauche.<\/span><\/li>\n<li><span style=\"font-weight: 400;\">Il a \u00e9galement \u00e9t\u00e9 remarqu\u00e9 pour son talent en musique. Il a chant\u00e9 dans la chorale de la cath\u00e9drale Saint-Pierre de Brno.<\/span><\/li>\n<li><span style=\"font-weight: 400;\">Il est l&rsquo;auteur de la citation <\/span><em><span style=\"font-weight: 400;\">L&rsquo;art n&rsquo;existe que pour communiquer un message spirituel et rien de plus<\/span><\/em><\/li>\n<li><span style=\"font-weight: 400;\">La citation ci-dessus explique la frustration de l&rsquo;artiste face \u00e0 la c\u00e9l\u00e9brit\u00e9 qu&rsquo;il a connue de son vivant gr\u00e2ce \u00e0 ses \u0153uvres commerciales.<\/span><\/li>\n<li><span style=\"font-weight: 400;\">Pour lui, son travail le plus pr\u00e9cieux est <\/span><em><span style=\"font-weight: 400;\">L&rsquo;\u00e9pop\u00e9e slave<\/span><\/em><span style=\"font-weight: 400;\">qui contient vingt grandes peintures illustrant l&rsquo;histoire du peuple tch\u00e8que et des Slaves.<\/span><\/li>\n<li><span style=\"font-weight: 400;\">Il a donn\u00e9 son chef-d&rsquo;\u0153uvre, <\/span><em><span style=\"font-weight: 400;\">\u00c9pop\u00e9e slave<\/span><\/em><span style=\"font-weight: 400;\">\u00e0 la ville de Prague en 1928<\/span><span style=\"font-weight: 400;\">.<\/span><\/li>\n<\/ul>\n<p><strong>Que peux-tu faire d&rsquo;autre avec un puzzle de 1000 pi\u00e8ces ?<\/strong><\/p>\n<ul>\n<li><span style=\"font-weight: 400;\">Pour augmenter ton attention aux d\u00e9tails<\/span><\/li>\n<li><span style=\"font-weight: 400;\">Pour augmenter ta productivit\u00e9<\/span><\/li>\n<li><span style=\"font-weight: 400;\">Pour am\u00e9liorer ta m\u00e9moire<\/span><\/li>\n<li><span style=\"font-weight: 400;\">Pour d\u00e9velopper ta pens\u00e9e logique<\/span><\/li>\n<\/ul>\n<p><span style=\"font-weight: 400;\">Ach\u00e8te ce merveilleux puzzle Alphonse Mucha de 1000 pi\u00e8ces &#8211; Saisons 2 et \u00e9gaie les mornes soir\u00e9es d&rsquo;hiver. Seul ou en famille ou avec des amis, assembler un puzzle 1000 est une \u00e9vasion bien m\u00e9rit\u00e9e du quotidien. Fais l&rsquo;exp\u00e9rience des avantages quotidiens que peut t&rsquo;apporter un puzzle pour adultes de la collection puzzle art.<\/span><\/p>\n<p><span style=\"font-weight: 400;\">Le puzzle de 1000 pi\u00e8ces d&rsquo;Alphonse Mucha &#8211; Saisons 2 est une excellente id\u00e9e de cadeau pour une personne sp\u00e9ciale dans ta vie.<\/span><\/p>\n","protected":false},"excerpt":{"rendered":"<p>Dans nos puzzles pour adultes, tu trouveras des images de peintures c\u00e9l\u00e8bres r\u00e9alis\u00e9es par des artistes c\u00e9l\u00e8bres, de l&rsquo;Antiquit\u00e9 \u00e0<\/p>\n","protected":false},"featured_media":62987,"template":"","meta":[],"product_brand":[],"product_cat":[2314,2316,2315],"product_tag":[],"class_list":{"0":"post-52157","1":"product","2":"type-product","3":"status-publish","4":"has-post-thumbnail","6":"product_cat-puzzles-fr","7":"product_cat-puzzles-de-1000-pieces","8":"product_cat-puzzles-pour-adultes","9":"pa_brand-d_toys-fr","10":"pa_country_of_manufacture-ro-fr","11":"pa_filter_age-14-fr","12":"pa_painter-alphonsemucha-fr","13":"pa_tip_ambalaj-boite","14":"pa_tip_puzzle-classique","16":"first","17":"onbackorder","18":"taxable","19":"shipping-taxable","20":"product-type-simple"},"yoast_head":"<!-- This site is optimized with the Yoast SEO plugin v20.1 - https:\/\/yoast.com\/wordpress\/plugins\/seo\/ -->\n<title>Alphonse Mucha Casse-t\u00eate adulte de 1000 pi\u00e8ces - Saisons 2\/Seasons<\/title>\n<meta name=\"description\" content=\"Alphonse Mucha Casse-t\u00eate adulte de 1000 pi\u00e8ces - Saisons 2\/Seasons\" \/>\n<meta name=\"robots\" content=\"index, follow, max-snippet:-1, max-image-preview:large, max-video-preview:-1\" \/>\n<link rel=\"canonical\" href=\"https:\/\/business.roovi.com\/fr\/alphonse-mucha-casse-tete-adulte-de-1000-pieces-saisons-2-seasons\/p\/\" \/>\n<meta property=\"og:locale\" content=\"fr_FR\" \/>\n<meta property=\"og:type\" content=\"article\" \/>\n<meta property=\"og:title\" content=\"Alphonse Mucha Casse-t\u00eate adulte de 1000 pi\u00e8ces - Saisons 2\/Seasons\" \/>\n<meta property=\"og:description\" content=\"Alphonse Mucha Casse-t\u00eate adulte de 1000 pi\u00e8ces - Saisons 2\/Seasons\" \/>\n<meta property=\"og:url\" content=\"https:\/\/business.roovi.com\/fr\/alphonse-mucha-casse-tete-adulte-de-1000-pieces-saisons-2-seasons\/p\/\" \/>\n<meta property=\"og:site_name\" content=\"Roovi B2B\" \/>\n<meta property=\"article:publisher\" content=\"https:\/\/www.facebook.com\/wwwjucariero\" \/>\n<meta property=\"article:modified_time\" content=\"2023-02-20T06:41:25+00:00\" \/>\n<meta property=\"og:image\" content=\"https:\/\/business.roovi.com\/wp-content\/uploads\/2019\/05\/66930-12_ansamblu_dimensiuni_cutie_cm.png\" \/>\n\t<meta property=\"og:image:width\" content=\"1200\" \/>\n\t<meta property=\"og:image:height\" content=\"1200\" \/>\n\t<meta property=\"og:image:type\" content=\"image\/png\" \/>\n<meta name=\"twitter:label1\" content=\"Dur\u00e9e de lecture estim\u00e9e\" \/>\n\t<meta name=\"twitter:data1\" content=\"4 minutes\" \/>\n<script type=\"application\/ld+json\" class=\"yoast-schema-graph\">{\"@context\":\"https:\/\/schema.org\",\"@graph\":[{\"@type\":\"WebPage\",\"@id\":\"https:\/\/business.roovi.com\/fr\/alphonse-mucha-casse-tete-adulte-de-1000-pieces-saisons-2-seasons\/p\/\",\"url\":\"https:\/\/business.roovi.com\/fr\/alphonse-mucha-casse-tete-adulte-de-1000-pieces-saisons-2-seasons\/p\/\",\"name\":\"Alphonse Mucha Casse-t\u00eate adulte de 1000 pi\u00e8ces - Saisons 2\/Seasons\",\"isPartOf\":{\"@id\":\"https:\/\/business.roovi.com\/fr\/#website\"},\"datePublished\":\"2019-05-09T08:00:10+00:00\",\"dateModified\":\"2023-02-20T06:41:25+00:00\",\"description\":\"Alphonse Mucha Casse-t\u00eate adulte de 1000 pi\u00e8ces - Saisons 2\/Seasons\",\"breadcrumb\":{\"@id\":\"https:\/\/business.roovi.com\/fr\/alphonse-mucha-casse-tete-adulte-de-1000-pieces-saisons-2-seasons\/p\/#breadcrumb\"},\"inLanguage\":\"fr-FR\",\"potentialAction\":[{\"@type\":\"ReadAction\",\"target\":[\"https:\/\/business.roovi.com\/fr\/alphonse-mucha-casse-tete-adulte-de-1000-pieces-saisons-2-seasons\/p\/\"]}]},{\"@type\":\"BreadcrumbList\",\"@id\":\"https:\/\/business.roovi.com\/fr\/alphonse-mucha-casse-tete-adulte-de-1000-pieces-saisons-2-seasons\/p\/#breadcrumb\",\"itemListElement\":[{\"@type\":\"ListItem\",\"position\":1,\"name\":\"Home\",\"item\":\"https:\/\/business.roovi.com\/fr\/\"},{\"@type\":\"ListItem\",\"position\":2,\"name\":\"Boutique\",\"item\":\"https:\/\/business.roovi.com\/fr\/boutique\/\"},{\"@type\":\"ListItem\",\"position\":3,\"name\":\"Alphonse Mucha Casse-t\u00eate adulte de 1000 pi\u00e8ces &#8211; Saisons 2\"}]},{\"@type\":\"WebSite\",\"@id\":\"https:\/\/business.roovi.com\/fr\/#website\",\"url\":\"https:\/\/business.roovi.com\/fr\/\",\"name\":\"Roovi B2B\",\"description\":\"Roovi Business Website\",\"potentialAction\":[{\"@type\":\"SearchAction\",\"target\":{\"@type\":\"EntryPoint\",\"urlTemplate\":\"https:\/\/business.roovi.com\/fr\/?s={search_term_string}\"},\"query-input\":\"required name=search_term_string\"}],\"inLanguage\":\"fr-FR\"}]}<\/script>\n<!-- \/ Yoast SEO plugin. -->","yoast_head_json":{"title":"Alphonse Mucha Casse-t\u00eate adulte de 1000 pi\u00e8ces - Saisons 2\/Seasons","description":"Alphonse Mucha Casse-t\u00eate adulte de 1000 pi\u00e8ces - Saisons 2\/Seasons","robots":{"index":"index","follow":"follow","max-snippet":"max-snippet:-1","max-image-preview":"max-image-preview:large","max-video-preview":"max-video-preview:-1"},"canonical":"https:\/\/business.roovi.com\/fr\/alphonse-mucha-casse-tete-adulte-de-1000-pieces-saisons-2-seasons\/p\/","og_locale":"fr_FR","og_type":"article","og_title":"Alphonse Mucha Casse-t\u00eate adulte de 1000 pi\u00e8ces - Saisons 2\/Seasons","og_description":"Alphonse Mucha Casse-t\u00eate adulte de 1000 pi\u00e8ces - Saisons 2\/Seasons","og_url":"https:\/\/business.roovi.com\/fr\/alphonse-mucha-casse-tete-adulte-de-1000-pieces-saisons-2-seasons\/p\/","og_site_name":"Roovi B2B","article_publisher":"https:\/\/www.facebook.com\/wwwjucariero","article_modified_time":"2023-02-20T06:41:25+00:00","og_image":[{"width":1200,"height":1200,"url":"https:\/\/business.roovi.com\/wp-content\/uploads\/2019\/05\/66930-12_ansamblu_dimensiuni_cutie_cm.png","type":"image\/png"}],"twitter_misc":{"Dur\u00e9e de lecture estim\u00e9e":"4 minutes"},"schema":{"@context":"https:\/\/schema.org","@graph":[{"@type":"WebPage","@id":"https:\/\/business.roovi.com\/fr\/alphonse-mucha-casse-tete-adulte-de-1000-pieces-saisons-2-seasons\/p\/","url":"https:\/\/business.roovi.com\/fr\/alphonse-mucha-casse-tete-adulte-de-1000-pieces-saisons-2-seasons\/p\/","name":"Alphonse Mucha Casse-t\u00eate adulte de 1000 pi\u00e8ces - Saisons 2\/Seasons","isPartOf":{"@id":"https:\/\/business.roovi.com\/fr\/#website"},"datePublished":"2019-05-09T08:00:10+00:00","dateModified":"2023-02-20T06:41:25+00:00","description":"Alphonse Mucha Casse-t\u00eate adulte de 1000 pi\u00e8ces - Saisons 2\/Seasons","breadcrumb":{"@id":"https:\/\/business.roovi.com\/fr\/alphonse-mucha-casse-tete-adulte-de-1000-pieces-saisons-2-seasons\/p\/#breadcrumb"},"inLanguage":"fr-FR","potentialAction":[{"@type":"ReadAction","target":["https:\/\/business.roovi.com\/fr\/alphonse-mucha-casse-tete-adulte-de-1000-pieces-saisons-2-seasons\/p\/"]}]},{"@type":"BreadcrumbList","@id":"https:\/\/business.roovi.com\/fr\/alphonse-mucha-casse-tete-adulte-de-1000-pieces-saisons-2-seasons\/p\/#breadcrumb","itemListElement":[{"@type":"ListItem","position":1,"name":"Home","item":"https:\/\/business.roovi.com\/fr\/"},{"@type":"ListItem","position":2,"name":"Boutique","item":"https:\/\/business.roovi.com\/fr\/boutique\/"},{"@type":"ListItem","position":3,"name":"Alphonse Mucha Casse-t\u00eate adulte de 1000 pi\u00e8ces &#8211; Saisons 2"}]},{"@type":"WebSite","@id":"https:\/\/business.roovi.com\/fr\/#website","url":"https:\/\/business.roovi.com\/fr\/","name":"Roovi B2B","description":"Roovi Business Website","potentialAction":[{"@type":"SearchAction","target":{"@type":"EntryPoint","urlTemplate":"https:\/\/business.roovi.com\/fr\/?s={search_term_string}"},"query-input":"required name=search_term_string"}],"inLanguage":"fr-FR"}]}},"_links":{"self":[{"href":"https:\/\/business.roovi.com\/fr\/wp-json\/wp\/v2\/product\/52157","targetHints":{"allow":["GET"]}}],"collection":[{"href":"https:\/\/business.roovi.com\/fr\/wp-json\/wp\/v2\/product"}],"about":[{"href":"https:\/\/business.roovi.com\/fr\/wp-json\/wp\/v2\/types\/product"}],"version-history":[{"count":0,"href":"https:\/\/business.roovi.com\/fr\/wp-json\/wp\/v2\/product\/52157\/revisions"}],"wp:featuredmedia":[{"embeddable":true,"href":"https:\/\/business.roovi.com\/fr\/wp-json\/wp\/v2\/media\/62987"}],"wp:attachment":[{"href":"https:\/\/business.roovi.com\/fr\/wp-json\/wp\/v2\/media?parent=52157"}],"wp:term":[{"taxonomy":"product_brand","embeddable":true,"href":"https:\/\/business.roovi.com\/fr\/wp-json\/wp\/v2\/product_brand?post=52157"},{"taxonomy":"product_cat","embeddable":true,"href":"https:\/\/business.roovi.com\/fr\/wp-json\/wp\/v2\/product_cat?post=52157"},{"taxonomy":"product_tag","embeddable":true,"href":"https:\/\/business.roovi.com\/fr\/wp-json\/wp\/v2\/product_tag?post=52157"}],"curies":[{"name":"wp","href":"https:\/\/api.w.org\/{rel}","templated":true}]}}