{"id":52169,"date":"2019-05-09T07:38:13","date_gmt":"2019-05-09T07:38:13","guid":{"rendered":"https:\/\/business.roovi.com\/puzzle-adulti-1000-piese-animal-puzzle-bufnita-iarna\/p\/"},"modified":"2023-02-28T08:31:20","modified_gmt":"2023-02-28T08:31:20","slug":"puzzle-1000-pieces-adulte-puzzle-animal-hibou-dhiver","status":"publish","type":"product","link":"https:\/\/business.roovi.com\/fr\/puzzle-1000-pieces-adulte-puzzle-animal-hibou-dhiver\/p\/","title":{"rendered":"Puzzle 1000 pi\u00e8ces adulte &#8211; Puzzle animal &#8211; Hibou d&rsquo;hiver"},"content":{"rendered":"<p><span style=\"font-weight: 400;\">Savais-tu que la chouette est le symbole de la sagesse et le protecteur du destin dans certaines cultures anciennes ? On dit qu&rsquo;un objet repr\u00e9sentant cet oiseau nocturne est bon \u00e0 garder dans la maison. Compl\u00e8te l&rsquo;image dans le puzzle Winter Owl de 1000 pi\u00e8ces et cr\u00e9e un talisman unique.<\/span><\/p>\n<p><span style=\"font-weight: 400;\">Que tu sois fan de symbolisme, de nature ou de jeux de puzzle, l&rsquo;image \u00e9nigmatique de l&rsquo;oiseau de nuit dans le puzzle Winter Owl de 1000 pi\u00e8ces est une image fascinante qui sera spectaculaire o\u00f9 que tu choisisses de l&rsquo;exposer.<\/span><\/p>\n<p><span style=\"font-weight: 400;\">Pour les journ\u00e9es froides ou les moments ennuyeux o\u00f9 tu t&rsquo;ennuies et ne sais pas comment occuper ton temps, un puzzle de 1000 pi\u00e8ces est un choix inspir\u00e9. Cela t&rsquo;aide \u00e0 te d\u00e9tendre et \u00e0 sortir de ta routine, et \u00e0 la fin, le r\u00e9sultat de ton dur labeur se voit dans un objet d\u00e9coratif unique.<\/span><\/p>\n<p><span style=\"font-weight: 400;\">Tu peux aussi faire participer les enfants ou d&rsquo;autres membres de la famille \u00e0 cette activit\u00e9 cr\u00e9ative. Plus les mains sont habiles et les esprits vifs, plus vite la peinture est pr\u00eate. De plus, c&rsquo;est tr\u00e8s amusant lorsque tu as des proches \u00e0 proximit\u00e9.<\/span><\/p>\n<p><strong>Pourquoi choisir le puzzle Winter Owl de 1000 pi\u00e8ces ?<\/strong><\/p>\n<p><span style=\"font-weight: 400;\">Tu obtiens un tableau sp\u00e9cial de 1000 pi\u00e8ces de puzzle mesurant 70 x 50 cm.<\/span><\/p>\n<p><span style=\"font-weight: 400;\">Les pi\u00e8ces du puzzle sont fabriqu\u00e9es en carton bleu de haute qualit\u00e9, ce qui les rend plus r\u00e9sistantes \u00e0 de multiples utilisations.<\/span><\/p>\n<p><span style=\"font-weight: 400;\">Il est fabriqu\u00e9 \u00e0 partir de mat\u00e9riaux recyclables et respectueux de la nature.<\/span><\/p>\n<p><span style=\"font-weight: 400;\">C&rsquo;est un puzzle pour adultes qui dure dans le temps et tu peux le garder chez toi pour le r\u00e9utiliser quand tu veux.<\/span><\/p>\n<p><span style=\"font-weight: 400;\">La finition est agr\u00e9able, semi-brillante, dans des couleurs vives qui mettent en valeur la beaut\u00e9 de l&rsquo;image.<\/span><\/p>\n<p><span style=\"font-weight: 400;\">Il convient aux personnes de plus de 14 ans, ce qui est l&rsquo;occasion de d\u00e9connecter les adolescents de leurs t\u00e9l\u00e9phones portables et de les faire participer \u00e0 une merveilleuse activit\u00e9 r\u00e9cr\u00e9ative.<\/span><\/p>\n<p><strong>Avec le puzzle Winter Owl de 1000 pi\u00e8ces, tu entra\u00eenes ton cerveau et de nombreuses comp\u00e9tences qui t&rsquo;aident dans tes activit\u00e9s quotidiennes :<\/strong><\/p>\n<ul>\n<li><span style=\"font-weight: 400;\">Motricit\u00e9 fine<\/span><\/li>\n<li><span style=\"font-weight: 400;\">L&rsquo;attention au d\u00e9tail<\/span><\/li>\n<li><span style=\"font-weight: 400;\">Patience<\/span><\/li>\n<li><span style=\"font-weight: 400;\">Concentration<\/span><\/li>\n<li><span style=\"font-weight: 400;\">Logic<\/span><\/li>\n<li><span style=\"font-weight: 400;\">Capacit\u00e9 \u00e0 r\u00e9soudre les probl\u00e8mes <\/span><\/li>\n<\/ul>\n<p><strong>Tu savais que&#8230; ?<\/strong><\/p>\n<p><span style=\"font-weight: 400;\">Il existe une esp\u00e8ce de chouette qui vit dans la r\u00e9gion polaire et qui \u00e9met des sons similaires \u00e0 ceux des oiseaux de mer. Elle s&rsquo;appelle la chouette polaire.<\/span><\/p>\n<p><span style=\"font-weight: 400;\">Cette esp\u00e8ce polaire est l&rsquo;une des rares chouettes qui chassent principalement le jour.<\/span><\/p>\n<p><span style=\"font-weight: 400;\">La plus petite chouette d&rsquo;Europe s&rsquo;appelle <\/span><em><span style=\"font-weight: 400;\">ciuvica, <\/span><\/em><span style=\"font-weight: 400;\">et on en trouve quelques-uns dans notre pays, dans la r\u00e9gion de Bukovina. Il fait \u00e0 peu pr\u00e8s la taille d&rsquo;une petite paume.<\/span><\/p>\n<p><span style=\"font-weight: 400;\">Mais la plus petite chouette du monde est l&rsquo;esp\u00e8ce Elf. Il mesure environ 14 cm et p\u00e8se 40 grammes. Il vit dans les zones d\u00e9sertiques et niche dans les trous faits par les oiseaux dans les cactus g\u00e9ants.<\/span><\/p>\n<p><strong>Puzzle de 1000 pi\u00e8ces Winter Owl &#8211; une occasion de se reconnecter avec soi-m\u00eame<\/strong><\/p>\n<p><span style=\"font-weight: 400;\">Chaque amateur de casse-t\u00eate a besoin de moments pour \u00eatre seul avec lui-m\u00eame. Assemble le puzzle de 1000 pi\u00e8ces Owl Winter et vis un \u00e9tat d&rsquo;introspection et de reconnexion avec toi-m\u00eame.<\/span><\/p>\n<p><span style=\"font-weight: 400;\">Le motif complexe aux teintes claires te mettra au d\u00e9fi de te concentrer intens\u00e9ment, si intens\u00e9ment que tu ne sauras m\u00eame pas que des heures se sont \u00e9coul\u00e9es. \u00c0 la fin, lorsque tu colleras le dernier morceau de l&rsquo;image, le sentiment de satisfaction et d&rsquo;accomplissement te donnera confiance en ta propre force et \u00e9veillera l&rsquo;envie de recommencer <\/span><\/p>\n<p><span style=\"font-weight: 400;\">Que tu pr\u00e9f\u00e8res assembler des puzzles tout seul ou que tu aimes l&rsquo;id\u00e9e de passer du temps de mani\u00e8re cr\u00e9ative avec ta famille ou tes amis, le puzzle de la chouette d&rsquo;hiver de 1000 pi\u00e8ces est un puzzle pour adultes magnifiquement con\u00e7u qui vaut la peine d&rsquo;\u00eatre gard\u00e9 \u00e0 port\u00e9e de main en permanence.<\/span><\/p>\n<p><span style=\"font-weight: 400;\">Tu as des amis qui sont passionn\u00e9s par les jeux de r\u00e9flexion ou tu veux tester la patience de tes proches ? Le puzzle de 1000 pi\u00e8ces Owl Winter est le cadeau id\u00e9al pour eux.<\/span><\/p>\n","protected":false},"excerpt":{"rendered":"<p>Savais-tu que la chouette est le symbole de la sagesse et le protecteur du destin dans certaines cultures anciennes ?<\/p>\n","protected":false},"featured_media":64069,"template":"","meta":[],"product_brand":[],"product_cat":[2314,2316,2315],"product_tag":[],"class_list":{"0":"post-52169","1":"product","2":"type-product","3":"status-publish","4":"has-post-thumbnail","6":"product_cat-puzzles-fr","7":"product_cat-puzzles-de-1000-pieces","8":"product_cat-puzzles-pour-adultes","9":"pa_brand-deico-fr","10":"pa_country_of_manufacture-ro-fr","11":"pa_filter_age-14-fr","12":"pa_tip_ambalaj-boite","13":"pa_tip_puzzle-classique","15":"first","16":"instock","17":"taxable","18":"shipping-taxable","19":"product-type-simple"},"yoast_head":"<!-- This site is optimized with the Yoast SEO plugin v20.1 - https:\/\/yoast.com\/wordpress\/plugins\/seo\/ -->\n<title>Puzzle 1000 pi\u00e8ces adulte - Puzzle animal - Hibou d&#039;hiver<\/title>\n<meta name=\"description\" content=\"Puzzle 1000 pi\u00e8ces adulte - Puzzle animal - Hibou d&#039;hiver\" \/>\n<meta name=\"robots\" content=\"index, follow, max-snippet:-1, max-image-preview:large, max-video-preview:-1\" \/>\n<link rel=\"canonical\" href=\"https:\/\/business.roovi.com\/fr\/puzzle-1000-pieces-adulte-puzzle-animal-hibou-dhiver\/p\/\" \/>\n<meta property=\"og:locale\" content=\"fr_FR\" \/>\n<meta property=\"og:type\" content=\"article\" \/>\n<meta property=\"og:title\" content=\"Puzzle 1000 pi\u00e8ces adulte - Puzzle animal - Hibou d&#039;hiver\" \/>\n<meta property=\"og:description\" content=\"Puzzle 1000 pi\u00e8ces adulte - Puzzle animal - Hibou d&#039;hiver\" \/>\n<meta property=\"og:url\" content=\"https:\/\/business.roovi.com\/fr\/puzzle-1000-pieces-adulte-puzzle-animal-hibou-dhiver\/p\/\" \/>\n<meta property=\"og:site_name\" content=\"Roovi B2B\" \/>\n<meta property=\"article:publisher\" content=\"https:\/\/www.facebook.com\/wwwjucariero\" \/>\n<meta property=\"article:modified_time\" content=\"2023-02-28T08:31:20+00:00\" \/>\n<meta property=\"og:image\" content=\"https:\/\/business.roovi.com\/wp-content\/uploads\/2019\/05\/75727-Ansamblu_dimensiuni-cutie-cm_orizontal-2-1.png\" \/>\n\t<meta property=\"og:image:width\" content=\"1200\" \/>\n\t<meta property=\"og:image:height\" content=\"1200\" \/>\n\t<meta property=\"og:image:type\" content=\"image\/png\" \/>\n<meta name=\"twitter:label1\" content=\"Dur\u00e9e de lecture estim\u00e9e\" \/>\n\t<meta name=\"twitter:data1\" content=\"4 minutes\" \/>\n<script type=\"application\/ld+json\" class=\"yoast-schema-graph\">{\"@context\":\"https:\/\/schema.org\",\"@graph\":[{\"@type\":\"WebPage\",\"@id\":\"https:\/\/business.roovi.com\/fr\/puzzle-1000-pieces-adulte-puzzle-animal-hibou-dhiver\/p\/\",\"url\":\"https:\/\/business.roovi.com\/fr\/puzzle-1000-pieces-adulte-puzzle-animal-hibou-dhiver\/p\/\",\"name\":\"Puzzle 1000 pi\u00e8ces adulte - Puzzle animal - Hibou d'hiver\",\"isPartOf\":{\"@id\":\"https:\/\/business.roovi.com\/fr\/#website\"},\"datePublished\":\"2019-05-09T07:38:13+00:00\",\"dateModified\":\"2023-02-28T08:31:20+00:00\",\"description\":\"Puzzle 1000 pi\u00e8ces adulte - Puzzle animal - Hibou d'hiver\",\"breadcrumb\":{\"@id\":\"https:\/\/business.roovi.com\/fr\/puzzle-1000-pieces-adulte-puzzle-animal-hibou-dhiver\/p\/#breadcrumb\"},\"inLanguage\":\"fr-FR\",\"potentialAction\":[{\"@type\":\"ReadAction\",\"target\":[\"https:\/\/business.roovi.com\/fr\/puzzle-1000-pieces-adulte-puzzle-animal-hibou-dhiver\/p\/\"]}]},{\"@type\":\"BreadcrumbList\",\"@id\":\"https:\/\/business.roovi.com\/fr\/puzzle-1000-pieces-adulte-puzzle-animal-hibou-dhiver\/p\/#breadcrumb\",\"itemListElement\":[{\"@type\":\"ListItem\",\"position\":1,\"name\":\"Home\",\"item\":\"https:\/\/business.roovi.com\/fr\/\"},{\"@type\":\"ListItem\",\"position\":2,\"name\":\"Boutique\",\"item\":\"https:\/\/business.roovi.com\/fr\/boutique\/\"},{\"@type\":\"ListItem\",\"position\":3,\"name\":\"Puzzle 1000 pi\u00e8ces adulte &#8211; Puzzle animal &#8211; Hibou d&#8217;hiver\"}]},{\"@type\":\"WebSite\",\"@id\":\"https:\/\/business.roovi.com\/fr\/#website\",\"url\":\"https:\/\/business.roovi.com\/fr\/\",\"name\":\"Roovi B2B\",\"description\":\"Roovi Business Website\",\"potentialAction\":[{\"@type\":\"SearchAction\",\"target\":{\"@type\":\"EntryPoint\",\"urlTemplate\":\"https:\/\/business.roovi.com\/fr\/?s={search_term_string}\"},\"query-input\":\"required name=search_term_string\"}],\"inLanguage\":\"fr-FR\"}]}<\/script>\n<!-- \/ Yoast SEO plugin. -->","yoast_head_json":{"title":"Puzzle 1000 pi\u00e8ces adulte - Puzzle animal - Hibou d'hiver","description":"Puzzle 1000 pi\u00e8ces adulte - Puzzle animal - Hibou d'hiver","robots":{"index":"index","follow":"follow","max-snippet":"max-snippet:-1","max-image-preview":"max-image-preview:large","max-video-preview":"max-video-preview:-1"},"canonical":"https:\/\/business.roovi.com\/fr\/puzzle-1000-pieces-adulte-puzzle-animal-hibou-dhiver\/p\/","og_locale":"fr_FR","og_type":"article","og_title":"Puzzle 1000 pi\u00e8ces adulte - Puzzle animal - Hibou d'hiver","og_description":"Puzzle 1000 pi\u00e8ces adulte - Puzzle animal - Hibou d'hiver","og_url":"https:\/\/business.roovi.com\/fr\/puzzle-1000-pieces-adulte-puzzle-animal-hibou-dhiver\/p\/","og_site_name":"Roovi B2B","article_publisher":"https:\/\/www.facebook.com\/wwwjucariero","article_modified_time":"2023-02-28T08:31:20+00:00","og_image":[{"width":1200,"height":1200,"url":"https:\/\/business.roovi.com\/wp-content\/uploads\/2019\/05\/75727-Ansamblu_dimensiuni-cutie-cm_orizontal-2-1.png","type":"image\/png"}],"twitter_misc":{"Dur\u00e9e de lecture estim\u00e9e":"4 minutes"},"schema":{"@context":"https:\/\/schema.org","@graph":[{"@type":"WebPage","@id":"https:\/\/business.roovi.com\/fr\/puzzle-1000-pieces-adulte-puzzle-animal-hibou-dhiver\/p\/","url":"https:\/\/business.roovi.com\/fr\/puzzle-1000-pieces-adulte-puzzle-animal-hibou-dhiver\/p\/","name":"Puzzle 1000 pi\u00e8ces adulte - Puzzle animal - Hibou d'hiver","isPartOf":{"@id":"https:\/\/business.roovi.com\/fr\/#website"},"datePublished":"2019-05-09T07:38:13+00:00","dateModified":"2023-02-28T08:31:20+00:00","description":"Puzzle 1000 pi\u00e8ces adulte - Puzzle animal - Hibou d'hiver","breadcrumb":{"@id":"https:\/\/business.roovi.com\/fr\/puzzle-1000-pieces-adulte-puzzle-animal-hibou-dhiver\/p\/#breadcrumb"},"inLanguage":"fr-FR","potentialAction":[{"@type":"ReadAction","target":["https:\/\/business.roovi.com\/fr\/puzzle-1000-pieces-adulte-puzzle-animal-hibou-dhiver\/p\/"]}]},{"@type":"BreadcrumbList","@id":"https:\/\/business.roovi.com\/fr\/puzzle-1000-pieces-adulte-puzzle-animal-hibou-dhiver\/p\/#breadcrumb","itemListElement":[{"@type":"ListItem","position":1,"name":"Home","item":"https:\/\/business.roovi.com\/fr\/"},{"@type":"ListItem","position":2,"name":"Boutique","item":"https:\/\/business.roovi.com\/fr\/boutique\/"},{"@type":"ListItem","position":3,"name":"Puzzle 1000 pi\u00e8ces adulte &#8211; Puzzle animal &#8211; Hibou d&#8217;hiver"}]},{"@type":"WebSite","@id":"https:\/\/business.roovi.com\/fr\/#website","url":"https:\/\/business.roovi.com\/fr\/","name":"Roovi B2B","description":"Roovi Business Website","potentialAction":[{"@type":"SearchAction","target":{"@type":"EntryPoint","urlTemplate":"https:\/\/business.roovi.com\/fr\/?s={search_term_string}"},"query-input":"required name=search_term_string"}],"inLanguage":"fr-FR"}]}},"_links":{"self":[{"href":"https:\/\/business.roovi.com\/fr\/wp-json\/wp\/v2\/product\/52169","targetHints":{"allow":["GET"]}}],"collection":[{"href":"https:\/\/business.roovi.com\/fr\/wp-json\/wp\/v2\/product"}],"about":[{"href":"https:\/\/business.roovi.com\/fr\/wp-json\/wp\/v2\/types\/product"}],"version-history":[{"count":0,"href":"https:\/\/business.roovi.com\/fr\/wp-json\/wp\/v2\/product\/52169\/revisions"}],"wp:featuredmedia":[{"embeddable":true,"href":"https:\/\/business.roovi.com\/fr\/wp-json\/wp\/v2\/media\/64069"}],"wp:attachment":[{"href":"https:\/\/business.roovi.com\/fr\/wp-json\/wp\/v2\/media?parent=52169"}],"wp:term":[{"taxonomy":"product_brand","embeddable":true,"href":"https:\/\/business.roovi.com\/fr\/wp-json\/wp\/v2\/product_brand?post=52169"},{"taxonomy":"product_cat","embeddable":true,"href":"https:\/\/business.roovi.com\/fr\/wp-json\/wp\/v2\/product_cat?post=52169"},{"taxonomy":"product_tag","embeddable":true,"href":"https:\/\/business.roovi.com\/fr\/wp-json\/wp\/v2\/product_tag?post=52169"}],"curies":[{"name":"wp","href":"https:\/\/api.w.org\/{rel}","templated":true}]}}