{"id":52182,"date":"2019-04-26T09:26:09","date_gmt":"2019-04-26T09:26:09","guid":{"rendered":"https:\/\/business.roovi.com\/puzzle-adulti-1000-piese-kurti-andrea-owl-tales-2-bufnite\/p\/"},"modified":"2022-07-13T10:15:48","modified_gmt":"2022-07-13T10:15:48","slug":"kurti-andrea-casse-tete-adulte-de-1000-pieces-contes-de-hiboux-2-hiboux","status":"publish","type":"product","link":"https:\/\/business.roovi.com\/fr\/kurti-andrea-casse-tete-adulte-de-1000-pieces-contes-de-hiboux-2-hiboux\/p\/","title":{"rendered":"K\u00fcrti Andrea Casse-t\u00eate adulte de 1000 pi\u00e8ces &#8211; Contes de hiboux 2 \/ Hiboux"},"content":{"rendered":"<p><span style=\"font-weight: 400;\">Tu aimes les puzzles avec de superbes d\u00e9tails et te sentir comme un vrai d\u00e9tective lorsque tu cherches des indices parmi les centaines de pi\u00e8ces ? Le puzzle 1000 pi\u00e8ces Owl Tales 2 \/ Owls est une illustration sp\u00e9ciale avec de nombreux hiboux con\u00e7us de mani\u00e8re originale par l&rsquo;artiste K\u00fcrti Andrea.<\/span><\/p>\n<p><span style=\"font-weight: 400;\">Lorsque tu recr\u00e9es le puzzle de 1000 pi\u00e8ces Owl Tales 2 \/ Owls, tu composes plus qu&rsquo;une image incroyable : une \u0153uvre d&rsquo;art qui ravira tes yeux et fera ressortir l&rsquo;anonymat d&rsquo;un endroit banal de ta maison.<\/span><\/p>\n<p><span style=\"font-weight: 400;\">Une foule de pissenlits sans feuilles qui sont \u00e9clips\u00e9s par d&rsquo;innombrables hiboux color\u00e9s, aux ailes d\u00e9ploy\u00e9es ou \u00e0 la t\u00eate tournant de mani\u00e8re interrogative, cr\u00e9ent un tableau fascinant aux couleurs harmonieuses qui transmettent des vibrations artistiques.<\/span><\/p>\n<p><span style=\"font-weight: 400;\">Ce puzzle de 1000 pi\u00e8ces te donne l&rsquo;occasion de passer du temps avec tes proches. Tes enfants seront s\u00fbrement ravis de d\u00e9couvrir les merveilleux hiboux de diff\u00e9rentes couleurs et \u00e9tats dans cette illustration unique. Entra\u00eene tes ados dans l&rsquo;activit\u00e9 cr\u00e9ative consistant \u00e0 assembler le puzzle et d\u00e9couvre ensemble les fascinantes cr\u00e9atures nocturnes.<\/span><\/p>\n<p><strong>Pourquoi choisir le puzzle de 1000 pi\u00e8ces K\u00fcrti Andrea &#8211; Contes du hibou 2 \/ Hiboux ?<\/strong><\/p>\n<p><span style=\"font-weight: 400;\">Tu r\u00e9alises de tes propres mains (ou avec l&rsquo;aide de tes enfants) un tableau d\u00e9coratif de 50 x 70 cm.<\/span><\/p>\n<p><span style=\"font-weight: 400;\">C&rsquo;est un jeu de r\u00e9flexion en carton bleu de qualit\u00e9, tr\u00e8s r\u00e9sistant \u00e0 de multiples utilisations.<\/span><\/p>\n<p><span style=\"font-weight: 400;\">Les pi\u00e8ces ont une \u00e9paisseur de 2 mm, ce qui signifie qu&rsquo;elles ne se d\u00e9t\u00e9rioreront pas si la photo est r\u00e9p\u00e9t\u00e9e de nombreuses fois.<\/span><\/p>\n<p><span style=\"font-weight: 400;\">Nous aimons la nature et utilisons des mat\u00e9riaux recyclables et durables pour fabriquer nos jeux de r\u00e9flexion.<\/span><\/p>\n<p><span style=\"font-weight: 400;\">Les finitions sont semi-brillantes et font ressortir les couleurs vives.<\/span><\/p>\n<p><span style=\"font-weight: 400;\">Il est parfait pour les 14 ans et plus. Nous t&rsquo;encourageons donc \u00e0 le r\u00e9imaginer avec tes ados pour leur inculquer une passion pour les puzzles de qualit\u00e9.<\/span><\/p>\n<p><span style=\"font-weight: 400;\">Le puzzle de 1000 pi\u00e8ces t&rsquo;aide \u00e0 d\u00e9velopper les comp\u00e9tences dont tu as besoin dans tes activit\u00e9s quotidiennes :<\/span><\/p>\n<ul>\n<li><span style=\"font-weight: 400;\">Attention aux petits d\u00e9tails.<\/span><\/li>\n<li><span style=\"font-weight: 400;\">Pers\u00e9v\u00e9rance pour atteindre les objectifs.<\/span><\/li>\n<li><span style=\"font-weight: 400;\">La capacit\u00e9 \u00e0 se concentrer pour r\u00e9soudre des t\u00e2ches m\u00e9ticuleuses.<\/span><\/li>\n<li><span style=\"font-weight: 400;\">Motricit\u00e9 fine et coordination main-\u0153il.<\/span><\/li>\n<li><span style=\"font-weight: 400;\">M\u00e9moire \u00e0 court terme.<\/span><\/li>\n<li><span style=\"font-weight: 400;\">Cr\u00e9ativit\u00e9 dans tous les aspects de la vie.<\/span><\/li>\n<\/ul>\n<p><strong>Tu savais que&#8230; ?<\/strong><\/p>\n<p><span style=\"font-weight: 400;\">Les hiboux adorent chasser les h\u00e9rissons. Ils n&rsquo;ont pas peur de leurs buses car ils ont des serres solides pour les prot\u00e9ger.<\/span><\/p>\n<p><span style=\"font-weight: 400;\">Les chouettes femelles sont g\u00e9n\u00e9ralement plus grandes que les m\u00e2les et aussi plus agressives.<\/span><\/p>\n<p><span style=\"font-weight: 400;\">Il existe une esp\u00e8ce de chouettes qui vivent dans les trous faits par les pics dans les cactus g\u00e9ants.<\/span><\/p>\n<p><span style=\"font-weight: 400;\">Le hibou elfe est l&rsquo;esp\u00e8ce de hibou la plus petite mais la plus intelligente.<\/span><\/p>\n<p><span style=\"font-weight: 400;\">Certaines esp\u00e8ces, si elles ne trouvent pas assez de nourriture, mangent leurs propres petits.<\/span><\/p>\n<p><span style=\"font-weight: 400;\">Le hibou polaire \u00e9met un son similaire \u00e0 celui d&rsquo;un oiseau de mer.<\/span><\/p>\n<p><strong>Les jeux de puzzle ou comment augmenter ta productivit\u00e9<\/strong><\/p>\n<p><span style=\"font-weight: 400;\">Il s&rsquo;av\u00e8re qu&rsquo;une passion pour les jeux de r\u00e9flexion est plus qu&rsquo;un moyen de se d\u00e9tendre et de se d\u00e9connecter du quotidien. La concentration et le d\u00e9tachement intenses que tu \u00e9prouves lorsque tu es assis pendant des heures devant l&rsquo;image d&rsquo;un puzzle de 1000 pi\u00e8ces aident ton esprit \u00e0 se concentrer sur une seule t\u00e2che et \u00e0 surmonter les barri\u00e8res mentales qui dictent ta rh\u00e9torique <\/span><em><span style=\"font-weight: 400;\">tu ne peux pas<\/span><\/em><span style=\"font-weight: 400;\">. Et tu finis par \u00eatre capable de surmonter tes limites et d&rsquo;\u00eatre productive.<\/span><\/p>\n<p><span style=\"font-weight: 400;\">Il n&rsquo;est pas \u00e9tonnant que de nombreuses entreprises des grandes villes am\u00e9nagent des zones de pause et des espaces o\u00f9 les employ\u00e9s peuvent faire des casse-t\u00eate. Ils ont certainement remarqu\u00e9 les avantages de productivit\u00e9 des grands jeux de r\u00e9flexion.<\/span><\/p>\n<p><span style=\"font-weight: 400;\">Ach\u00e8te le puzzle de 1000 pi\u00e8ces de K\u00fcrti Andrea &#8211; Contes de hiboux \/ Hiboux et d\u00e9couvre tous les avantages qu&rsquo;un jeu de puzzle peut offrir. Si tu veux surprendre agr\u00e9ablement un ami tout aussi passionn\u00e9, ce puzzle pour adultes est le cadeau id\u00e9al.<\/span><\/p><\/p>\n","protected":false},"excerpt":{"rendered":"<p>Tu aimes les puzzles avec de superbes d\u00e9tails et te sentir comme un vrai d\u00e9tective lorsque tu cherches des indices<\/p>\n","protected":false},"featured_media":52183,"template":"","meta":[],"product_brand":[],"product_cat":[2314,2316,2315],"product_tag":[],"class_list":{"0":"post-52182","1":"product","2":"type-product","3":"status-publish","4":"has-post-thumbnail","6":"product_cat-puzzles-fr","7":"product_cat-puzzles-de-1000-pieces","8":"product_cat-puzzles-pour-adultes","9":"pa_brand-d_toys-fr","10":"pa_country_of_manufacture-ro-fr","11":"pa_filter_age-14-fr","12":"pa_painter-kurtiandrea-fr","13":"pa_tip_ambalaj-boite","14":"pa_tip_puzzle-classique","16":"first","17":"instock","18":"taxable","19":"shipping-taxable","20":"product-type-simple"},"yoast_head":"<!-- This site is optimized with the Yoast SEO plugin v20.1 - https:\/\/yoast.com\/wordpress\/plugins\/seo\/ -->\n<title>K\u00fcrti Andrea Casse-t\u00eate adulte de 1000 pi\u00e8ces - Contes de hiboux 2 \/ Hiboux<\/title>\n<meta name=\"description\" content=\"K\u00fcrti Andrea Casse-t\u00eate adulte de 1000 pi\u00e8ces - Contes de hiboux 2 \/ Hiboux\" \/>\n<meta name=\"robots\" content=\"index, follow, max-snippet:-1, max-image-preview:large, max-video-preview:-1\" \/>\n<link rel=\"canonical\" href=\"https:\/\/business.roovi.com\/fr\/kurti-andrea-casse-tete-adulte-de-1000-pieces-contes-de-hiboux-2-hiboux\/p\/\" \/>\n<meta property=\"og:locale\" content=\"fr_FR\" \/>\n<meta property=\"og:type\" content=\"article\" \/>\n<meta property=\"og:title\" content=\"K\u00fcrti Andrea Casse-t\u00eate adulte de 1000 pi\u00e8ces - Contes de hiboux 2 \/ Hiboux\" \/>\n<meta property=\"og:description\" content=\"K\u00fcrti Andrea Casse-t\u00eate adulte de 1000 pi\u00e8ces - Contes de hiboux 2 \/ Hiboux\" \/>\n<meta property=\"og:url\" content=\"https:\/\/business.roovi.com\/fr\/kurti-andrea-casse-tete-adulte-de-1000-pieces-contes-de-hiboux-2-hiboux\/p\/\" \/>\n<meta property=\"og:site_name\" content=\"Roovi B2B\" \/>\n<meta property=\"article:publisher\" content=\"https:\/\/www.facebook.com\/wwwjucariero\" \/>\n<meta property=\"article:modified_time\" content=\"2022-07-13T10:15:48+00:00\" \/>\n<meta property=\"og:image\" content=\"https:\/\/business.roovi.com\/wp-content\/uploads\/2019\/04\/75758-02_ansamblu_dimensiuni_cutie_cm_vertical_1200x1200.png\" \/>\n\t<meta property=\"og:image:width\" content=\"1200\" \/>\n\t<meta property=\"og:image:height\" content=\"1200\" \/>\n\t<meta property=\"og:image:type\" content=\"image\/png\" \/>\n<meta name=\"twitter:label1\" content=\"Dur\u00e9e de lecture estim\u00e9e\" \/>\n\t<meta name=\"twitter:data1\" content=\"3 minutes\" \/>\n<script type=\"application\/ld+json\" class=\"yoast-schema-graph\">{\"@context\":\"https:\/\/schema.org\",\"@graph\":[{\"@type\":\"WebPage\",\"@id\":\"https:\/\/business.roovi.com\/fr\/kurti-andrea-casse-tete-adulte-de-1000-pieces-contes-de-hiboux-2-hiboux\/p\/\",\"url\":\"https:\/\/business.roovi.com\/fr\/kurti-andrea-casse-tete-adulte-de-1000-pieces-contes-de-hiboux-2-hiboux\/p\/\",\"name\":\"K\u00fcrti Andrea Casse-t\u00eate adulte de 1000 pi\u00e8ces - Contes de hiboux 2 \/ Hiboux\",\"isPartOf\":{\"@id\":\"https:\/\/business.roovi.com\/fr\/#website\"},\"datePublished\":\"2019-04-26T09:26:09+00:00\",\"dateModified\":\"2022-07-13T10:15:48+00:00\",\"description\":\"K\u00fcrti Andrea Casse-t\u00eate adulte de 1000 pi\u00e8ces - Contes de hiboux 2 \/ Hiboux\",\"breadcrumb\":{\"@id\":\"https:\/\/business.roovi.com\/fr\/kurti-andrea-casse-tete-adulte-de-1000-pieces-contes-de-hiboux-2-hiboux\/p\/#breadcrumb\"},\"inLanguage\":\"fr-FR\",\"potentialAction\":[{\"@type\":\"ReadAction\",\"target\":[\"https:\/\/business.roovi.com\/fr\/kurti-andrea-casse-tete-adulte-de-1000-pieces-contes-de-hiboux-2-hiboux\/p\/\"]}]},{\"@type\":\"BreadcrumbList\",\"@id\":\"https:\/\/business.roovi.com\/fr\/kurti-andrea-casse-tete-adulte-de-1000-pieces-contes-de-hiboux-2-hiboux\/p\/#breadcrumb\",\"itemListElement\":[{\"@type\":\"ListItem\",\"position\":1,\"name\":\"Home\",\"item\":\"https:\/\/business.roovi.com\/fr\/\"},{\"@type\":\"ListItem\",\"position\":2,\"name\":\"Boutique\",\"item\":\"https:\/\/business.roovi.com\/fr\/boutique\/\"},{\"@type\":\"ListItem\",\"position\":3,\"name\":\"K\u00fcrti Andrea Casse-t\u00eate adulte de 1000 pi\u00e8ces &#8211; Contes de hiboux 2 \/ Hiboux\"}]},{\"@type\":\"WebSite\",\"@id\":\"https:\/\/business.roovi.com\/fr\/#website\",\"url\":\"https:\/\/business.roovi.com\/fr\/\",\"name\":\"Roovi B2B\",\"description\":\"Roovi Business Website\",\"potentialAction\":[{\"@type\":\"SearchAction\",\"target\":{\"@type\":\"EntryPoint\",\"urlTemplate\":\"https:\/\/business.roovi.com\/fr\/?s={search_term_string}\"},\"query-input\":\"required name=search_term_string\"}],\"inLanguage\":\"fr-FR\"}]}<\/script>\n<!-- \/ Yoast SEO plugin. -->","yoast_head_json":{"title":"K\u00fcrti Andrea Casse-t\u00eate adulte de 1000 pi\u00e8ces - Contes de hiboux 2 \/ Hiboux","description":"K\u00fcrti Andrea Casse-t\u00eate adulte de 1000 pi\u00e8ces - Contes de hiboux 2 \/ Hiboux","robots":{"index":"index","follow":"follow","max-snippet":"max-snippet:-1","max-image-preview":"max-image-preview:large","max-video-preview":"max-video-preview:-1"},"canonical":"https:\/\/business.roovi.com\/fr\/kurti-andrea-casse-tete-adulte-de-1000-pieces-contes-de-hiboux-2-hiboux\/p\/","og_locale":"fr_FR","og_type":"article","og_title":"K\u00fcrti Andrea Casse-t\u00eate adulte de 1000 pi\u00e8ces - Contes de hiboux 2 \/ Hiboux","og_description":"K\u00fcrti Andrea Casse-t\u00eate adulte de 1000 pi\u00e8ces - Contes de hiboux 2 \/ Hiboux","og_url":"https:\/\/business.roovi.com\/fr\/kurti-andrea-casse-tete-adulte-de-1000-pieces-contes-de-hiboux-2-hiboux\/p\/","og_site_name":"Roovi B2B","article_publisher":"https:\/\/www.facebook.com\/wwwjucariero","article_modified_time":"2022-07-13T10:15:48+00:00","og_image":[{"width":1200,"height":1200,"url":"https:\/\/business.roovi.com\/wp-content\/uploads\/2019\/04\/75758-02_ansamblu_dimensiuni_cutie_cm_vertical_1200x1200.png","type":"image\/png"}],"twitter_misc":{"Dur\u00e9e de lecture estim\u00e9e":"3 minutes"},"schema":{"@context":"https:\/\/schema.org","@graph":[{"@type":"WebPage","@id":"https:\/\/business.roovi.com\/fr\/kurti-andrea-casse-tete-adulte-de-1000-pieces-contes-de-hiboux-2-hiboux\/p\/","url":"https:\/\/business.roovi.com\/fr\/kurti-andrea-casse-tete-adulte-de-1000-pieces-contes-de-hiboux-2-hiboux\/p\/","name":"K\u00fcrti Andrea Casse-t\u00eate adulte de 1000 pi\u00e8ces - Contes de hiboux 2 \/ Hiboux","isPartOf":{"@id":"https:\/\/business.roovi.com\/fr\/#website"},"datePublished":"2019-04-26T09:26:09+00:00","dateModified":"2022-07-13T10:15:48+00:00","description":"K\u00fcrti Andrea Casse-t\u00eate adulte de 1000 pi\u00e8ces - Contes de hiboux 2 \/ Hiboux","breadcrumb":{"@id":"https:\/\/business.roovi.com\/fr\/kurti-andrea-casse-tete-adulte-de-1000-pieces-contes-de-hiboux-2-hiboux\/p\/#breadcrumb"},"inLanguage":"fr-FR","potentialAction":[{"@type":"ReadAction","target":["https:\/\/business.roovi.com\/fr\/kurti-andrea-casse-tete-adulte-de-1000-pieces-contes-de-hiboux-2-hiboux\/p\/"]}]},{"@type":"BreadcrumbList","@id":"https:\/\/business.roovi.com\/fr\/kurti-andrea-casse-tete-adulte-de-1000-pieces-contes-de-hiboux-2-hiboux\/p\/#breadcrumb","itemListElement":[{"@type":"ListItem","position":1,"name":"Home","item":"https:\/\/business.roovi.com\/fr\/"},{"@type":"ListItem","position":2,"name":"Boutique","item":"https:\/\/business.roovi.com\/fr\/boutique\/"},{"@type":"ListItem","position":3,"name":"K\u00fcrti Andrea Casse-t\u00eate adulte de 1000 pi\u00e8ces &#8211; Contes de hiboux 2 \/ Hiboux"}]},{"@type":"WebSite","@id":"https:\/\/business.roovi.com\/fr\/#website","url":"https:\/\/business.roovi.com\/fr\/","name":"Roovi B2B","description":"Roovi Business Website","potentialAction":[{"@type":"SearchAction","target":{"@type":"EntryPoint","urlTemplate":"https:\/\/business.roovi.com\/fr\/?s={search_term_string}"},"query-input":"required name=search_term_string"}],"inLanguage":"fr-FR"}]}},"_links":{"self":[{"href":"https:\/\/business.roovi.com\/fr\/wp-json\/wp\/v2\/product\/52182","targetHints":{"allow":["GET"]}}],"collection":[{"href":"https:\/\/business.roovi.com\/fr\/wp-json\/wp\/v2\/product"}],"about":[{"href":"https:\/\/business.roovi.com\/fr\/wp-json\/wp\/v2\/types\/product"}],"version-history":[{"count":0,"href":"https:\/\/business.roovi.com\/fr\/wp-json\/wp\/v2\/product\/52182\/revisions"}],"wp:featuredmedia":[{"embeddable":true,"href":"https:\/\/business.roovi.com\/fr\/wp-json\/wp\/v2\/media\/52183"}],"wp:attachment":[{"href":"https:\/\/business.roovi.com\/fr\/wp-json\/wp\/v2\/media?parent=52182"}],"wp:term":[{"taxonomy":"product_brand","embeddable":true,"href":"https:\/\/business.roovi.com\/fr\/wp-json\/wp\/v2\/product_brand?post=52182"},{"taxonomy":"product_cat","embeddable":true,"href":"https:\/\/business.roovi.com\/fr\/wp-json\/wp\/v2\/product_cat?post=52182"},{"taxonomy":"product_tag","embeddable":true,"href":"https:\/\/business.roovi.com\/fr\/wp-json\/wp\/v2\/product_tag?post=52182"}],"curies":[{"name":"wp","href":"https:\/\/api.w.org\/{rel}","templated":true}]}}