{"id":52197,"date":"2019-04-26T09:20:42","date_gmt":"2019-04-26T09:20:42","guid":{"rendered":"https:\/\/business.roovi.com\/puzzle-adulti-1000-piese-kurti-andrea-owl-tales-bufnite\/p\/"},"modified":"2022-10-18T10:08:06","modified_gmt":"2022-10-18T10:08:06","slug":"kurti-andrea-casse-tete-adulte-de-1000-pieces-contes-de-hiboux-hiboux","status":"publish","type":"product","link":"https:\/\/business.roovi.com\/fr\/kurti-andrea-casse-tete-adulte-de-1000-pieces-contes-de-hiboux-hiboux\/p\/","title":{"rendered":"K\u00fcrti Andrea Casse-t\u00eate adulte de 1000 pi\u00e8ces &#8211; Contes de hiboux \/ Hiboux"},"content":{"rendered":"<p><span style=\"font-weight: 400;\">Si tu aimes la nature et les jeux de puzzle, alors tu seras heureux de retrouver tes deux passions dans une illustration sp\u00e9ciale du puzzle de 1000 pi\u00e8ces Owl Tales \/ Hiboux.<\/span><\/p>\n<p><span style=\"font-weight: 400;\">L&rsquo;artiste K\u00fcrti Andrea a cr\u00e9\u00e9 l&rsquo;histoire des deux adorables hiboux avec une illustration originale et l&rsquo;a plac\u00e9e dans un super jeu de puzzle. Un couple unique, une chouette femelle montrant de l&rsquo;affection pour son compagnon, la chouette m\u00e2le est assise sur une branche et cr\u00e9e un moment d&rsquo;affection.<\/span><\/p>\n<p><span style=\"font-weight: 400;\">Quelle est leur histoire ? Laisse libre cours \u00e0 ton imagination et cr\u00e9e le texte dans ton esprit en assemblant les pi\u00e8ces du puzzle 1000. Si tu as besoin d&rsquo;aide, appelle tes enfants et refais le tableau ensemble, et celui du puzzle de 1000 pi\u00e8ces, ainsi que l&rsquo;histoire derri\u00e8re l&rsquo;illustration.<\/span><\/p>\n<p><span style=\"font-weight: 400;\">Un jeu cr\u00e9atif et imaginatif que tu peux faire avec tes enfants. Vous passerez du temps de qualit\u00e9 ensemble et ce sera une excellente occasion de vous comprendre et d&rsquo;apprendre \u00e0 mieux vous conna\u00eetre.<\/span><\/p>\n<p><strong>Pourquoi le puzzle 1000 pi\u00e8ces K\u00fcrti Andrea &#8211; Contes de chouettes \/ hiboux est-il si sp\u00e9cial ?<\/strong><\/p>\n<p><span style=\"font-weight: 400;\">C&rsquo;est une fa\u00e7on relaxante et cr\u00e9ative de passer ton temps libre.<\/span><\/p>\n<p><span style=\"font-weight: 400;\">Il te donne l&rsquo;occasion de cr\u00e9er une peinture artistique aux dimensions de 50 x 70 cm.<\/span><\/p>\n<p><span style=\"font-weight: 400;\">Les pi\u00e8ces sont en carton bleu de haute qualit\u00e9, d&rsquo;une \u00e9paisseur de 2 mm, tu peux donc refaire l&rsquo;image de nombreuses fois sans que les pi\u00e8ces ne se d\u00e9t\u00e9riorent.<\/span><\/p>\n<p><span style=\"font-weight: 400;\">C&rsquo;est un puzzle fabriqu\u00e9 \u00e0 partir de mat\u00e9riaux recyclables, donc tu n&rsquo;as pas \u00e0 t&rsquo;inqui\u00e9ter de nuire \u00e0 la nature en jouant.<\/span><\/p>\n<p><span style=\"font-weight: 400;\">Il a une finition semi-brillante qui fait ressortir les couleurs vives de l&rsquo;image.<\/span><\/p>\n<p><span style=\"font-weight: 400;\">Il aide \u00e0 garder ta m\u00e9moire entra\u00een\u00e9e et ton cerveau en bonne sant\u00e9.<\/span><\/p>\n<p><span style=\"font-weight: 400;\">Il convient aux personnes de plus de 14 ans &#8211; une chance de recr\u00e9er l&rsquo;image avec les adolescents.<\/span><\/p>\n<p><strong>Tu savais que&#8230; ?<\/strong><\/p>\n<p><span style=\"font-weight: 400;\">Il existe environ 220 esp\u00e8ces de chouettes dans le monde.<\/span><\/p>\n<p><span style=\"font-weight: 400;\">Toutes ces esp\u00e8ces ont des caract\u00e9ristiques diff\u00e9rentes, mais un point commun : elles ont la capacit\u00e9 de tourner leur t\u00eate \u00e0 270 degr\u00e9s.<\/span><\/p>\n<p><span style=\"font-weight: 400;\">Ils ont 14 vert\u00e8bres dans le cou, soit le double de la plupart des oiseaux.<\/span><\/p>\n<p><span style=\"font-weight: 400;\">Ils ont des yeux tubulaires et ne peuvent regarder que droit devant eux.<\/span><\/p>\n<p><span style=\"font-weight: 400;\">Les grandes esp\u00e8ces peuvent m\u00eame chasser les louveteaux ou les petits cerfs.<\/span><\/p>\n<p><span style=\"font-weight: 400;\">Bien qu&rsquo;ils soient connus comme des pr\u00e9dateurs tenaces, il existe aussi une esp\u00e8ce qui pr\u00e9f\u00e8re les fruits et les graines : le hibou elfe.<\/span><\/p>\n<p><strong>5 comp\u00e9tences que les jeux de puzzle d\u00e9veloppent<\/strong><\/p>\n<p><span style=\"font-weight: 400;\">1. Capacit\u00e9 \u00e0 se concentrer.<\/span><\/p>\n<p><span style=\"font-weight: 400;\">2. Pens\u00e9e logique.<\/span><\/p>\n<p><span style=\"font-weight: 400;\">3. Pers\u00e9v\u00e9rance.<\/span><\/p>\n<p><span style=\"font-weight: 400;\">4. Motricit\u00e9 fine.<\/span><\/p>\n<p><span style=\"font-weight: 400;\">5. Capacit\u00e9 \u00e0 r\u00e9soudre les probl\u00e8mes.<\/span><\/p>\n<p><strong>1000 pi\u00e8ces Contes de chouettes \/ Chouettes pour les amoureux de la nature<\/strong><\/p>\n<p><span style=\"font-weight: 400;\">L&rsquo;illustration du puzzle de 1000 pi\u00e8ces Owls Tales s&rsquo;inspire de la beaut\u00e9 de la nature. Recr\u00e9er cette image sp\u00e9ciale est un moment de d\u00e9tente et une charge d&rsquo;\u00e9nergie positive, comme si tu \u00e9tais au c\u0153ur de la for\u00eat.<\/span><\/p>\n<p><span style=\"font-weight: 400;\">En ouvrant ce puzzle, tu t&rsquo;engages sur un chemin de montagne et tu marches lentement sans perturber le paysage naturel. Tu appr\u00e9cies le pr\u00e9sent, tu vides ton esprit de ses pens\u00e9es, tu respires et tu es reconnaissant pour tout ce que tu vis. C&rsquo;est ton moment avec toi-m\u00eame. Vis-le \u00e0 fond et connecte-toi \u00e0 la merveilleuse \u00e9nergie inspir\u00e9e par un grand jeu de puzzle.<\/span><\/p>\n<p><span style=\"font-weight: 400;\">Ach\u00e8te K\u00fcrti Andrea &#8211; Contes de chouettes \/ hiboux Puzzle 1000 pi\u00e8ces pour vivre ton temps libre \u00e0 un rythme magique et cr\u00e9atif. Profite de cet \u00e9tonnant jeu de puzzle pour passer du temps avec tes proches ou offre-le en cadeau aux amateurs de puzzle que tu connais.<\/span><\/p>\n","protected":false},"excerpt":{"rendered":"<p>Si tu aimes la nature et les jeux de puzzle, alors tu seras heureux de retrouver tes deux passions dans<\/p>\n","protected":false},"featured_media":52198,"template":"","meta":[],"product_brand":[],"product_cat":[2314,2316,2315],"product_tag":[],"class_list":{"0":"post-52197","1":"product","2":"type-product","3":"status-publish","4":"has-post-thumbnail","6":"product_cat-puzzles-fr","7":"product_cat-puzzles-de-1000-pieces","8":"product_cat-puzzles-pour-adultes","9":"pa_brand-d_toys-fr","10":"pa_country_of_manufacture-ro-fr","11":"pa_filter_age-14-fr","12":"pa_painter-kurtiandrea-fr","13":"pa_tip_ambalaj-boite","14":"pa_tip_puzzle-classique","16":"first","17":"instock","18":"taxable","19":"shipping-taxable","20":"product-type-simple"},"yoast_head":"<!-- This site is optimized with the Yoast SEO plugin v20.1 - https:\/\/yoast.com\/wordpress\/plugins\/seo\/ -->\n<title>K\u00fcrti Andrea Casse-t\u00eate adulte de 1000 pi\u00e8ces - Contes de hiboux \/ Hiboux<\/title>\n<meta name=\"description\" content=\"K\u00fcrti Andrea Casse-t\u00eate adulte de 1000 pi\u00e8ces - Contes de hiboux \/ Hiboux\" \/>\n<meta name=\"robots\" content=\"index, follow, max-snippet:-1, max-image-preview:large, max-video-preview:-1\" \/>\n<link rel=\"canonical\" href=\"https:\/\/business.roovi.com\/fr\/kurti-andrea-casse-tete-adulte-de-1000-pieces-contes-de-hiboux-hiboux\/p\/\" \/>\n<meta property=\"og:locale\" content=\"fr_FR\" \/>\n<meta property=\"og:type\" content=\"article\" \/>\n<meta property=\"og:title\" content=\"K\u00fcrti Andrea Casse-t\u00eate adulte de 1000 pi\u00e8ces - Contes de hiboux \/ Hiboux\" \/>\n<meta property=\"og:description\" content=\"K\u00fcrti Andrea Casse-t\u00eate adulte de 1000 pi\u00e8ces - Contes de hiboux \/ Hiboux\" \/>\n<meta property=\"og:url\" content=\"https:\/\/business.roovi.com\/fr\/kurti-andrea-casse-tete-adulte-de-1000-pieces-contes-de-hiboux-hiboux\/p\/\" \/>\n<meta property=\"og:site_name\" content=\"Roovi B2B\" \/>\n<meta property=\"article:publisher\" content=\"https:\/\/www.facebook.com\/wwwjucariero\" \/>\n<meta property=\"article:modified_time\" content=\"2022-10-18T10:08:06+00:00\" \/>\n<meta property=\"og:image\" content=\"https:\/\/business.roovi.com\/wp-content\/uploads\/2019\/04\/75758-01_ansamblu_dimensiuni_cutie_cm_vertical_1200x1200.png\" \/>\n\t<meta property=\"og:image:width\" content=\"1200\" \/>\n\t<meta property=\"og:image:height\" content=\"1200\" \/>\n\t<meta property=\"og:image:type\" content=\"image\/png\" \/>\n<meta name=\"twitter:label1\" content=\"Dur\u00e9e de lecture estim\u00e9e\" \/>\n\t<meta name=\"twitter:data1\" content=\"3 minutes\" \/>\n<script type=\"application\/ld+json\" class=\"yoast-schema-graph\">{\"@context\":\"https:\/\/schema.org\",\"@graph\":[{\"@type\":\"WebPage\",\"@id\":\"https:\/\/business.roovi.com\/fr\/kurti-andrea-casse-tete-adulte-de-1000-pieces-contes-de-hiboux-hiboux\/p\/\",\"url\":\"https:\/\/business.roovi.com\/fr\/kurti-andrea-casse-tete-adulte-de-1000-pieces-contes-de-hiboux-hiboux\/p\/\",\"name\":\"K\u00fcrti Andrea Casse-t\u00eate adulte de 1000 pi\u00e8ces - Contes de hiboux \/ Hiboux\",\"isPartOf\":{\"@id\":\"https:\/\/business.roovi.com\/fr\/#website\"},\"datePublished\":\"2019-04-26T09:20:42+00:00\",\"dateModified\":\"2022-10-18T10:08:06+00:00\",\"description\":\"K\u00fcrti Andrea Casse-t\u00eate adulte de 1000 pi\u00e8ces - Contes de hiboux \/ Hiboux\",\"breadcrumb\":{\"@id\":\"https:\/\/business.roovi.com\/fr\/kurti-andrea-casse-tete-adulte-de-1000-pieces-contes-de-hiboux-hiboux\/p\/#breadcrumb\"},\"inLanguage\":\"fr-FR\",\"potentialAction\":[{\"@type\":\"ReadAction\",\"target\":[\"https:\/\/business.roovi.com\/fr\/kurti-andrea-casse-tete-adulte-de-1000-pieces-contes-de-hiboux-hiboux\/p\/\"]}]},{\"@type\":\"BreadcrumbList\",\"@id\":\"https:\/\/business.roovi.com\/fr\/kurti-andrea-casse-tete-adulte-de-1000-pieces-contes-de-hiboux-hiboux\/p\/#breadcrumb\",\"itemListElement\":[{\"@type\":\"ListItem\",\"position\":1,\"name\":\"Home\",\"item\":\"https:\/\/business.roovi.com\/fr\/\"},{\"@type\":\"ListItem\",\"position\":2,\"name\":\"Boutique\",\"item\":\"https:\/\/business.roovi.com\/fr\/boutique\/\"},{\"@type\":\"ListItem\",\"position\":3,\"name\":\"K\u00fcrti Andrea Casse-t\u00eate adulte de 1000 pi\u00e8ces &#8211; Contes de hiboux \/ Hiboux\"}]},{\"@type\":\"WebSite\",\"@id\":\"https:\/\/business.roovi.com\/fr\/#website\",\"url\":\"https:\/\/business.roovi.com\/fr\/\",\"name\":\"Roovi B2B\",\"description\":\"Roovi Business Website\",\"potentialAction\":[{\"@type\":\"SearchAction\",\"target\":{\"@type\":\"EntryPoint\",\"urlTemplate\":\"https:\/\/business.roovi.com\/fr\/?s={search_term_string}\"},\"query-input\":\"required name=search_term_string\"}],\"inLanguage\":\"fr-FR\"}]}<\/script>\n<!-- \/ Yoast SEO plugin. -->","yoast_head_json":{"title":"K\u00fcrti Andrea Casse-t\u00eate adulte de 1000 pi\u00e8ces - Contes de hiboux \/ Hiboux","description":"K\u00fcrti Andrea Casse-t\u00eate adulte de 1000 pi\u00e8ces - Contes de hiboux \/ Hiboux","robots":{"index":"index","follow":"follow","max-snippet":"max-snippet:-1","max-image-preview":"max-image-preview:large","max-video-preview":"max-video-preview:-1"},"canonical":"https:\/\/business.roovi.com\/fr\/kurti-andrea-casse-tete-adulte-de-1000-pieces-contes-de-hiboux-hiboux\/p\/","og_locale":"fr_FR","og_type":"article","og_title":"K\u00fcrti Andrea Casse-t\u00eate adulte de 1000 pi\u00e8ces - Contes de hiboux \/ Hiboux","og_description":"K\u00fcrti Andrea Casse-t\u00eate adulte de 1000 pi\u00e8ces - Contes de hiboux \/ Hiboux","og_url":"https:\/\/business.roovi.com\/fr\/kurti-andrea-casse-tete-adulte-de-1000-pieces-contes-de-hiboux-hiboux\/p\/","og_site_name":"Roovi B2B","article_publisher":"https:\/\/www.facebook.com\/wwwjucariero","article_modified_time":"2022-10-18T10:08:06+00:00","og_image":[{"width":1200,"height":1200,"url":"https:\/\/business.roovi.com\/wp-content\/uploads\/2019\/04\/75758-01_ansamblu_dimensiuni_cutie_cm_vertical_1200x1200.png","type":"image\/png"}],"twitter_misc":{"Dur\u00e9e de lecture estim\u00e9e":"3 minutes"},"schema":{"@context":"https:\/\/schema.org","@graph":[{"@type":"WebPage","@id":"https:\/\/business.roovi.com\/fr\/kurti-andrea-casse-tete-adulte-de-1000-pieces-contes-de-hiboux-hiboux\/p\/","url":"https:\/\/business.roovi.com\/fr\/kurti-andrea-casse-tete-adulte-de-1000-pieces-contes-de-hiboux-hiboux\/p\/","name":"K\u00fcrti Andrea Casse-t\u00eate adulte de 1000 pi\u00e8ces - Contes de hiboux \/ Hiboux","isPartOf":{"@id":"https:\/\/business.roovi.com\/fr\/#website"},"datePublished":"2019-04-26T09:20:42+00:00","dateModified":"2022-10-18T10:08:06+00:00","description":"K\u00fcrti Andrea Casse-t\u00eate adulte de 1000 pi\u00e8ces - Contes de hiboux \/ Hiboux","breadcrumb":{"@id":"https:\/\/business.roovi.com\/fr\/kurti-andrea-casse-tete-adulte-de-1000-pieces-contes-de-hiboux-hiboux\/p\/#breadcrumb"},"inLanguage":"fr-FR","potentialAction":[{"@type":"ReadAction","target":["https:\/\/business.roovi.com\/fr\/kurti-andrea-casse-tete-adulte-de-1000-pieces-contes-de-hiboux-hiboux\/p\/"]}]},{"@type":"BreadcrumbList","@id":"https:\/\/business.roovi.com\/fr\/kurti-andrea-casse-tete-adulte-de-1000-pieces-contes-de-hiboux-hiboux\/p\/#breadcrumb","itemListElement":[{"@type":"ListItem","position":1,"name":"Home","item":"https:\/\/business.roovi.com\/fr\/"},{"@type":"ListItem","position":2,"name":"Boutique","item":"https:\/\/business.roovi.com\/fr\/boutique\/"},{"@type":"ListItem","position":3,"name":"K\u00fcrti Andrea Casse-t\u00eate adulte de 1000 pi\u00e8ces &#8211; Contes de hiboux \/ Hiboux"}]},{"@type":"WebSite","@id":"https:\/\/business.roovi.com\/fr\/#website","url":"https:\/\/business.roovi.com\/fr\/","name":"Roovi B2B","description":"Roovi Business Website","potentialAction":[{"@type":"SearchAction","target":{"@type":"EntryPoint","urlTemplate":"https:\/\/business.roovi.com\/fr\/?s={search_term_string}"},"query-input":"required name=search_term_string"}],"inLanguage":"fr-FR"}]}},"_links":{"self":[{"href":"https:\/\/business.roovi.com\/fr\/wp-json\/wp\/v2\/product\/52197","targetHints":{"allow":["GET"]}}],"collection":[{"href":"https:\/\/business.roovi.com\/fr\/wp-json\/wp\/v2\/product"}],"about":[{"href":"https:\/\/business.roovi.com\/fr\/wp-json\/wp\/v2\/types\/product"}],"version-history":[{"count":0,"href":"https:\/\/business.roovi.com\/fr\/wp-json\/wp\/v2\/product\/52197\/revisions"}],"wp:featuredmedia":[{"embeddable":true,"href":"https:\/\/business.roovi.com\/fr\/wp-json\/wp\/v2\/media\/52198"}],"wp:attachment":[{"href":"https:\/\/business.roovi.com\/fr\/wp-json\/wp\/v2\/media?parent=52197"}],"wp:term":[{"taxonomy":"product_brand","embeddable":true,"href":"https:\/\/business.roovi.com\/fr\/wp-json\/wp\/v2\/product_brand?post=52197"},{"taxonomy":"product_cat","embeddable":true,"href":"https:\/\/business.roovi.com\/fr\/wp-json\/wp\/v2\/product_cat?post=52197"},{"taxonomy":"product_tag","embeddable":true,"href":"https:\/\/business.roovi.com\/fr\/wp-json\/wp\/v2\/product_tag?post=52197"}],"curies":[{"name":"wp","href":"https:\/\/api.w.org\/{rel}","templated":true}]}}