{"id":52209,"date":"2019-04-25T12:42:11","date_gmt":"2019-04-25T12:42:11","guid":{"rendered":"https:\/\/business.roovi.com\/puzzle-adulti-1000-piese-wassily-kandinsky-dominant-curve\/p\/"},"modified":"2022-07-13T10:15:52","modified_gmt":"2022-07-13T10:15:52","slug":"puzzle-adulte-wassily-kandinsky-de-1000-pieces-courbe-dominante","status":"publish","type":"product","link":"https:\/\/business.roovi.com\/fr\/puzzle-adulte-wassily-kandinsky-de-1000-pieces-courbe-dominante\/p\/","title":{"rendered":"Puzzle adulte Wassily Kandinsky de 1000 pi\u00e8ces &#8211; Courbe dominante"},"content":{"rendered":"<p><span style=\"font-weight: 400;\">Tu te sens inspir\u00e9 ? D\u00e9couvre les significations profondes des peintures les plus c\u00e9l\u00e8bres du monde gr\u00e2ce \u00e0 des \u00e9nigmes artistiques ! Mona Lisa, Oph\u00e9lie, Naissance de V\u00e9nus et bien d&rsquo;autres sont \u00e0 port\u00e9e de clic. Mets-les dans ton panier et commence le grand assemblage de puzzles de 1000 pi\u00e8ces !<\/span><\/p>\n<p><span style=\"font-weight: 400;\">Nous te mettons au d\u00e9fi de d\u00e9couvrir les significations cach\u00e9es du tableau dans le puzzle de 1000 pi\u00e8ces Wassily Kandinsky &#8211; Courbe dominante. Comme son nom l&rsquo;indique, cette peinture est une \u0153uvre dominante et repr\u00e9sentative de l&rsquo;art abstrait <\/span><\/p>\n<p><span style=\"font-weight: 400;\">La peinture repr\u00e9sente de nombreuses figures flottantes et des images biomorphiques dans des teintes pastel. Recr\u00e9er cette \u0153uvre d&rsquo;art implique un travail minutieux et une attention particuli\u00e8re aux d\u00e9tails. Installe ta table basse dans le salon &#8211; elle est id\u00e9ale pour contenir 1000 pi\u00e8ces de puzzle &#8211; et commence \u00e0 travailler sur ta premi\u00e8re \u0153uvre d&rsquo;art abstraite. La peinture qui en r\u00e9sulte mesure 50 x 70 cm.<\/span><\/p>\n<p><span style=\"font-weight: 400;\">Lis plus sur Wassily Kandinsky &#8211; Dominant Curve puzzle 1000 pi\u00e8ces ci-dessous :<\/span><\/p>\n<p><strong>Mat\u00e9riau du puzzle <\/strong><\/p>\n<p><strong>carton bleu de haute qualit\u00e9<\/strong><\/p>\n<p><strong>des mat\u00e9riaux durables et recyclables<\/strong><\/p>\n<p><strong>finition semi-brillante, couleurs vives<\/strong><\/p>\n<p><strong>Nombre de pi\u00e8ces de puzzle : 1000<\/strong><\/p>\n<p><strong>\u00c2ge recommand\u00e9 : 14+<\/strong><\/p>\n<p><strong>Les jeux de r\u00e9flexion : un super passe-temps qui ne profite qu&rsquo;\u00e0 toi<\/strong><\/p>\n<p><span style=\"font-weight: 400;\">Savais-tu que les puzzles pour adultes am\u00e9liorent tes capacit\u00e9s de r\u00e9solution de probl\u00e8mes ? C&rsquo;est parce que dans le jeu de puzzle, tu dois remarquer o\u00f9 chaque pi\u00e8ce du puzzle 1000 s&rsquo;int\u00e8gre dans l&rsquo;image plus grande. En t&rsquo;exer\u00e7ant constamment, tu peux trouver des solutions \u00e0 d&rsquo;autres probl\u00e8mes que tu rencontres chaque jour, m\u00eame lorsque tout semble impossible.<\/span><\/p>\n<p><span style=\"font-weight: 400;\">En plus de cet avantage incroyable, les jeux de puzzle t&rsquo;aident \u00e0 :<\/span><\/p>\n<p><span style=\"font-weight: 400;\">Concent Concent Concent Concent mieux<\/span><\/p>\n<p><span style=\"font-weight: 400;\">Sois toujours pers\u00e9v\u00e9rant lorsque tu veux atteindre tes objectifs.<\/span><\/p>\n<p><span style=\"font-weight: 400;\">D\u00e9tends-toi profond\u00e9ment et surmonte les situations stressantes.<\/span><\/p>\n<p><span style=\"font-weight: 400;\">Profite de moments de qualit\u00e9 avec tes proches.<\/span><\/p>\n<p><strong>Sais-tu quels symboles tu trouves dans la peinture <\/strong><strong><em>Courbe dominante ?<\/em><\/strong><\/p>\n<p><span style=\"font-weight: 400;\">Dans le coin sup\u00e9rieur droit, tu peux voir un embryon sch\u00e9matique en nuances de rose.<\/span><\/p>\n<p><span style=\"font-weight: 400;\">Certains critiques ont interpr\u00e9t\u00e9 l&rsquo;imagerie biomorphique de cette peinture comme la vision optimiste de l&rsquo;artiste d&rsquo;un avenir pacifique d&rsquo;apr\u00e8s-guerre <\/span><\/p>\n<p><span style=\"font-weight: 400;\">Pour d&rsquo;autres, la pr\u00e9sence de ces images dans <\/span><em><span style=\"font-weight: 400;\">Courbe dominante<\/span><\/em><span style=\"font-weight: 400;\"> t\u00e9moigne de la fascination de l&rsquo;artiste pour l&#8217;embryologie, la zoologie et la botanique.<\/span><\/p>\n<p><span style=\"font-weight: 400;\">Pendant la p\u00e9riode du Bauhaus, Kandinsky a d\u00e9coup\u00e9 et mont\u00e9 des illustrations d&rsquo;insectes et d&#8217;embryons dans des revues scientifiques \u00e0 des fins d&rsquo;enseignement et d&rsquo;\u00e9tude.<\/span><\/p>\n<p><strong>5 avantages des puzzles d&rsquo;art <\/strong><\/p>\n<p><span style=\"font-weight: 400;\"> Choisis des puzzles artistiques pour \u00e9gayer les cours monotones et pour.. :<\/span><\/p>\n<p><span style=\"font-weight: 400;\">1. Apprends \u00e0 conna\u00eetre les peintures c\u00e9l\u00e8bres et leurs histoires.<\/span><\/p>\n<p><span style=\"font-weight: 400;\">2. Cr\u00e9e des \u0153uvres d&rsquo;art \u00e9tablies de tes propres mains.<\/span><\/p>\n<p><span style=\"font-weight: 400;\">3. Enrichis ta culture g\u00e9n\u00e9rale avec des informations sur les grands chefs-d&rsquo;\u0153uvre du monde.<\/span><\/p>\n<p><span style=\"font-weight: 400;\">4. D\u00e9veloppe ton imagination.<\/span><\/p>\n<p><span style=\"font-weight: 400;\">5. Reconnecte-toi avec toi-m\u00eame.<\/span><\/p>\n<p><span style=\"font-weight: 400;\">Ach\u00e8te le puzzle artistique Wassily Kandinsky &#8211; Courbe dominante et connecte-toi \u00e0 un monde \u00e9tonnant plein de symboles et de couleurs. Recr\u00e9e l&rsquo;image du puzzle de 1000 pi\u00e8ces avec ta famille ou tes amis et profite de moments inoubliables avec tes proches. D\u00e9couvre tous les puzzles avec des images des tableaux de Kandinsky et cr\u00e9e ta propre collection unique de puzzles d&rsquo;art.<\/span><\/p>\n<p><span style=\"font-weight: 400;\">Le puzzle Wassily Kandinsky &#8211; Courbe dominante de 1000 pi\u00e8ces est un excellent cadeau pour les amis qui aiment les jeux de puzzle ou les peintures c\u00e9l\u00e8bres.<\/span><\/p><\/p>\n","protected":false},"excerpt":{"rendered":"<p>Tu te sens inspir\u00e9 ? D\u00e9couvre les significations profondes des peintures les plus c\u00e9l\u00e8bres du monde gr\u00e2ce \u00e0 des \u00e9nigmes<\/p>\n","protected":false},"featured_media":63519,"template":"","meta":[],"product_brand":[],"product_cat":[2314,2316,2315],"product_tag":[],"class_list":{"0":"post-52209","1":"product","2":"type-product","3":"status-publish","4":"has-post-thumbnail","6":"product_cat-puzzles-fr","7":"product_cat-puzzles-de-1000-pieces","8":"product_cat-puzzles-pour-adultes","9":"pa_bax-10-fr","10":"pa_brand-d_toys-fr","11":"pa_country_of_manufacture-ro-fr","12":"pa_filter_age-14-fr","13":"pa_painter-wassilykandinsky-fr","14":"pa_tip_ambalaj-boite","15":"pa_tip_puzzle-classique","17":"first","18":"instock","19":"taxable","20":"shipping-taxable","21":"product-type-simple"},"yoast_head":"<!-- This site is optimized with the Yoast SEO plugin v20.1 - https:\/\/yoast.com\/wordpress\/plugins\/seo\/ -->\n<title>Puzzle adulte Wassily Kandinsky de 1000 pi\u00e8ces - Courbe dominante<\/title>\n<meta name=\"description\" content=\"Puzzle adulte Wassily Kandinsky de 1000 pi\u00e8ces - Courbe dominante\" \/>\n<meta name=\"robots\" content=\"index, follow, max-snippet:-1, max-image-preview:large, max-video-preview:-1\" \/>\n<link rel=\"canonical\" href=\"https:\/\/business.roovi.com\/fr\/puzzle-adulte-wassily-kandinsky-de-1000-pieces-courbe-dominante\/p\/\" \/>\n<meta property=\"og:locale\" content=\"fr_FR\" \/>\n<meta property=\"og:type\" content=\"article\" \/>\n<meta property=\"og:title\" content=\"Puzzle adulte Wassily Kandinsky de 1000 pi\u00e8ces - Courbe dominante\" \/>\n<meta property=\"og:description\" content=\"Puzzle adulte Wassily Kandinsky de 1000 pi\u00e8ces - Courbe dominante\" \/>\n<meta property=\"og:url\" content=\"https:\/\/business.roovi.com\/fr\/puzzle-adulte-wassily-kandinsky-de-1000-pieces-courbe-dominante\/p\/\" \/>\n<meta property=\"og:site_name\" content=\"Roovi B2B\" \/>\n<meta property=\"article:publisher\" content=\"https:\/\/www.facebook.com\/wwwjucariero\" \/>\n<meta property=\"article:modified_time\" content=\"2022-07-13T10:15:52+00:00\" \/>\n<meta property=\"og:image\" content=\"https:\/\/business.roovi.com\/wp-content\/uploads\/2019\/04\/72849-06_ansamblu_dimensiuni_cutie_cm_orizontal.png\" \/>\n\t<meta property=\"og:image:width\" content=\"1200\" \/>\n\t<meta property=\"og:image:height\" content=\"1200\" \/>\n\t<meta property=\"og:image:type\" content=\"image\/png\" \/>\n<meta name=\"twitter:label1\" content=\"Dur\u00e9e de lecture estim\u00e9e\" \/>\n\t<meta name=\"twitter:data1\" content=\"3 minutes\" \/>\n<script type=\"application\/ld+json\" class=\"yoast-schema-graph\">{\"@context\":\"https:\/\/schema.org\",\"@graph\":[{\"@type\":\"WebPage\",\"@id\":\"https:\/\/business.roovi.com\/fr\/puzzle-adulte-wassily-kandinsky-de-1000-pieces-courbe-dominante\/p\/\",\"url\":\"https:\/\/business.roovi.com\/fr\/puzzle-adulte-wassily-kandinsky-de-1000-pieces-courbe-dominante\/p\/\",\"name\":\"Puzzle adulte Wassily Kandinsky de 1000 pi\u00e8ces - Courbe dominante\",\"isPartOf\":{\"@id\":\"https:\/\/business.roovi.com\/fr\/#website\"},\"datePublished\":\"2019-04-25T12:42:11+00:00\",\"dateModified\":\"2022-07-13T10:15:52+00:00\",\"description\":\"Puzzle adulte Wassily Kandinsky de 1000 pi\u00e8ces - Courbe dominante\",\"breadcrumb\":{\"@id\":\"https:\/\/business.roovi.com\/fr\/puzzle-adulte-wassily-kandinsky-de-1000-pieces-courbe-dominante\/p\/#breadcrumb\"},\"inLanguage\":\"fr-FR\",\"potentialAction\":[{\"@type\":\"ReadAction\",\"target\":[\"https:\/\/business.roovi.com\/fr\/puzzle-adulte-wassily-kandinsky-de-1000-pieces-courbe-dominante\/p\/\"]}]},{\"@type\":\"BreadcrumbList\",\"@id\":\"https:\/\/business.roovi.com\/fr\/puzzle-adulte-wassily-kandinsky-de-1000-pieces-courbe-dominante\/p\/#breadcrumb\",\"itemListElement\":[{\"@type\":\"ListItem\",\"position\":1,\"name\":\"Home\",\"item\":\"https:\/\/business.roovi.com\/fr\/\"},{\"@type\":\"ListItem\",\"position\":2,\"name\":\"Boutique\",\"item\":\"https:\/\/business.roovi.com\/fr\/boutique\/\"},{\"@type\":\"ListItem\",\"position\":3,\"name\":\"Puzzle adulte Wassily Kandinsky de 1000 pi\u00e8ces &#8211; Courbe dominante\"}]},{\"@type\":\"WebSite\",\"@id\":\"https:\/\/business.roovi.com\/fr\/#website\",\"url\":\"https:\/\/business.roovi.com\/fr\/\",\"name\":\"Roovi B2B\",\"description\":\"Roovi Business Website\",\"potentialAction\":[{\"@type\":\"SearchAction\",\"target\":{\"@type\":\"EntryPoint\",\"urlTemplate\":\"https:\/\/business.roovi.com\/fr\/?s={search_term_string}\"},\"query-input\":\"required name=search_term_string\"}],\"inLanguage\":\"fr-FR\"}]}<\/script>\n<!-- \/ Yoast SEO plugin. -->","yoast_head_json":{"title":"Puzzle adulte Wassily Kandinsky de 1000 pi\u00e8ces - Courbe dominante","description":"Puzzle adulte Wassily Kandinsky de 1000 pi\u00e8ces - Courbe dominante","robots":{"index":"index","follow":"follow","max-snippet":"max-snippet:-1","max-image-preview":"max-image-preview:large","max-video-preview":"max-video-preview:-1"},"canonical":"https:\/\/business.roovi.com\/fr\/puzzle-adulte-wassily-kandinsky-de-1000-pieces-courbe-dominante\/p\/","og_locale":"fr_FR","og_type":"article","og_title":"Puzzle adulte Wassily Kandinsky de 1000 pi\u00e8ces - Courbe dominante","og_description":"Puzzle adulte Wassily Kandinsky de 1000 pi\u00e8ces - Courbe dominante","og_url":"https:\/\/business.roovi.com\/fr\/puzzle-adulte-wassily-kandinsky-de-1000-pieces-courbe-dominante\/p\/","og_site_name":"Roovi B2B","article_publisher":"https:\/\/www.facebook.com\/wwwjucariero","article_modified_time":"2022-07-13T10:15:52+00:00","og_image":[{"width":1200,"height":1200,"url":"https:\/\/business.roovi.com\/wp-content\/uploads\/2019\/04\/72849-06_ansamblu_dimensiuni_cutie_cm_orizontal.png","type":"image\/png"}],"twitter_misc":{"Dur\u00e9e de lecture estim\u00e9e":"3 minutes"},"schema":{"@context":"https:\/\/schema.org","@graph":[{"@type":"WebPage","@id":"https:\/\/business.roovi.com\/fr\/puzzle-adulte-wassily-kandinsky-de-1000-pieces-courbe-dominante\/p\/","url":"https:\/\/business.roovi.com\/fr\/puzzle-adulte-wassily-kandinsky-de-1000-pieces-courbe-dominante\/p\/","name":"Puzzle adulte Wassily Kandinsky de 1000 pi\u00e8ces - Courbe dominante","isPartOf":{"@id":"https:\/\/business.roovi.com\/fr\/#website"},"datePublished":"2019-04-25T12:42:11+00:00","dateModified":"2022-07-13T10:15:52+00:00","description":"Puzzle adulte Wassily Kandinsky de 1000 pi\u00e8ces - Courbe dominante","breadcrumb":{"@id":"https:\/\/business.roovi.com\/fr\/puzzle-adulte-wassily-kandinsky-de-1000-pieces-courbe-dominante\/p\/#breadcrumb"},"inLanguage":"fr-FR","potentialAction":[{"@type":"ReadAction","target":["https:\/\/business.roovi.com\/fr\/puzzle-adulte-wassily-kandinsky-de-1000-pieces-courbe-dominante\/p\/"]}]},{"@type":"BreadcrumbList","@id":"https:\/\/business.roovi.com\/fr\/puzzle-adulte-wassily-kandinsky-de-1000-pieces-courbe-dominante\/p\/#breadcrumb","itemListElement":[{"@type":"ListItem","position":1,"name":"Home","item":"https:\/\/business.roovi.com\/fr\/"},{"@type":"ListItem","position":2,"name":"Boutique","item":"https:\/\/business.roovi.com\/fr\/boutique\/"},{"@type":"ListItem","position":3,"name":"Puzzle adulte Wassily Kandinsky de 1000 pi\u00e8ces &#8211; Courbe dominante"}]},{"@type":"WebSite","@id":"https:\/\/business.roovi.com\/fr\/#website","url":"https:\/\/business.roovi.com\/fr\/","name":"Roovi B2B","description":"Roovi Business Website","potentialAction":[{"@type":"SearchAction","target":{"@type":"EntryPoint","urlTemplate":"https:\/\/business.roovi.com\/fr\/?s={search_term_string}"},"query-input":"required name=search_term_string"}],"inLanguage":"fr-FR"}]}},"_links":{"self":[{"href":"https:\/\/business.roovi.com\/fr\/wp-json\/wp\/v2\/product\/52209","targetHints":{"allow":["GET"]}}],"collection":[{"href":"https:\/\/business.roovi.com\/fr\/wp-json\/wp\/v2\/product"}],"about":[{"href":"https:\/\/business.roovi.com\/fr\/wp-json\/wp\/v2\/types\/product"}],"version-history":[{"count":0,"href":"https:\/\/business.roovi.com\/fr\/wp-json\/wp\/v2\/product\/52209\/revisions"}],"wp:featuredmedia":[{"embeddable":true,"href":"https:\/\/business.roovi.com\/fr\/wp-json\/wp\/v2\/media\/63519"}],"wp:attachment":[{"href":"https:\/\/business.roovi.com\/fr\/wp-json\/wp\/v2\/media?parent=52209"}],"wp:term":[{"taxonomy":"product_brand","embeddable":true,"href":"https:\/\/business.roovi.com\/fr\/wp-json\/wp\/v2\/product_brand?post=52209"},{"taxonomy":"product_cat","embeddable":true,"href":"https:\/\/business.roovi.com\/fr\/wp-json\/wp\/v2\/product_cat?post=52209"},{"taxonomy":"product_tag","embeddable":true,"href":"https:\/\/business.roovi.com\/fr\/wp-json\/wp\/v2\/product_tag?post=52209"}],"curies":[{"name":"wp","href":"https:\/\/api.w.org\/{rel}","templated":true}]}}