{"id":52217,"date":"2019-04-25T12:39:50","date_gmt":"2019-04-25T12:39:50","guid":{"rendered":"https:\/\/business.roovi.com\/puzzle-adulti-1000-piese-wassily-kandinsky-composition-8compozitie-8\/p\/"},"modified":"2023-02-15T08:19:55","modified_gmt":"2023-02-15T08:19:55","slug":"puzzle-adulte-wassily-kandinsky-de-1000-pieces-composition-8-composition-8","status":"publish","type":"product","link":"https:\/\/business.roovi.com\/fr\/puzzle-adulte-wassily-kandinsky-de-1000-pieces-composition-8-composition-8\/p\/","title":{"rendered":"Puzzle adulte Wassily Kandinsky de 1000 pi\u00e8ces &#8211; Composition 8"},"content":{"rendered":"<p><span style=\"font-weight: 400;\">Fascin\u00e9 par l&rsquo;art et les myst\u00e8res cach\u00e9s ? Notre collection de puzzles d&rsquo;art est exactement ce qu&rsquo;il te faut ! Passe de nombreuses heures de d\u00e9tente et de plaisir en compagnie de puzzles de 1000 pi\u00e8ces avec des images de tableaux c\u00e9l\u00e8bres. Recadre les tableaux et profite d&rsquo;une exp\u00e9rience cr\u00e9ative unique !<\/span><\/p>\n<p><span style=\"font-weight: 400;\">Wassily Kandinsky est le premier auteur de l&rsquo;art abstrait. Ses peintures, pleines de formes, de points et de lignes, r\u00e9v\u00e8lent une harmonie artistique pour laquelle il est connu jusqu&rsquo;\u00e0 aujourd&rsquo;hui. Le puzzle de 1000 pi\u00e8ces Wassily Kandinsky &#8211; Composition 8 reproduit l&rsquo;image du tableau que Kandinsky lui-m\u00eame consid\u00e9rait comme son apog\u00e9e artistique.<\/span><\/p>\n<p><span style=\"font-weight: 400;\">Nous te mettons au d\u00e9fi de recr\u00e9er ce chef-d&rsquo;\u0153uvre : un puzzle sur un fond ouvert, plein de lignes et de formes abstraites, mais qui cache des significations profondes. Nous garantissons jusqu&rsquo;\u00e0 30 heures de plaisir relaxant et d&rsquo;\u0153uvres d&rsquo;art \u00e9poustouflantes !<\/span><\/p>\n<p><span style=\"font-weight: 400;\">Caract\u00e9ristiques Puzzle artistique Wassily Kandinsky &#8211; Composition 8\/Composition 8 :<\/span><\/p>\n<p><strong>Taille de l&rsquo;image : 50 x 70 cm <\/strong><span style=\"font-weight: 400;\">Tu peux utiliser une table basse ordinaire pour soutenir les pi\u00e8ces.<\/span><\/p>\n<p><strong>Mat\u00e9riau du puzzle <\/strong><\/p>\n<p><strong>carton bleu de haute qualit\u00e9<\/strong><\/p>\n<p><strong>des mat\u00e9riaux durables et recyclables<\/strong><\/p>\n<p><strong>finition semi-brillante, couleurs vives<\/strong><\/p>\n<p><strong>Nombre de pi\u00e8ces de puzzle : 1000<\/strong><\/p>\n<p><strong>\u00c2ge recommand\u00e9 : 14+<\/strong><\/p>\n<p><strong>Garde ton esprit actif avec le puzzle de 1000 pi\u00e8ces !<\/strong><\/p>\n<p><span style=\"font-weight: 400;\">Les jeux de puzzle sont une sorte de mise en forme du cerveau, c&rsquo;est pourquoi ils maintiennent ton cerveau actif. Voici quelques-uns des avantages que tu obtiens avec les puzzles de 1000 pi\u00e8ces :<\/span><\/p>\n<ul>\n<li><span style=\"font-weight: 400;\">R\u00e9duction du stress.<\/span><\/li>\n<li><span style=\"font-weight: 400;\">Am\u00e9lioration de la perception visuelle et spatiale.<\/span><\/li>\n<li><span style=\"font-weight: 400;\">Augmente la productivit\u00e9.<\/span><\/li>\n<li><span style=\"font-weight: 400;\">Am\u00e9lioration de la concentration et de l&rsquo;attention aux d\u00e9tails.<\/span><\/li>\n<li><span style=\"font-weight: 400;\">Am\u00e9liorer les comp\u00e9tences en mati\u00e8re de r\u00e9solution de probl\u00e8mes.<\/span><\/li>\n<\/ul>\n<p><strong><em>Composition 8 :<\/em><\/strong><strong> une combinaison de concentrique et d&rsquo;excentrique<\/strong><\/p>\n<p><span style=\"font-weight: 400;\">Tu veux en savoir plus sur la peinture <\/span><em><span style=\"font-weight: 400;\">Composition 8<\/span><\/em><span style=\"font-weight: 400;\"> du puzzle artistique de Wassily Kandinsky ? Voici quelques informations sur cette \u0153uvre unique <\/span><\/p>\n<p><em><span style=\"font-weight: 400;\">Composition 8<\/span><\/em><span style=\"font-weight: 400;\"> a une histoire longue et obscure. Kandinsky lui-m\u00eame l&rsquo;a consid\u00e9r\u00e9 comme le point culminant de sa premi\u00e8re p\u00e9riode au Bauhaus.<\/span><\/p>\n<p><span style=\"font-weight: 400;\">Dans le tableau <\/span><em><span style=\"font-weight: 400;\">Composition <\/span><\/em><span style=\"font-weight: 400;\">8 Il n&rsquo;y a pas deux couleurs identiques <\/span><\/p>\n<p><span style=\"font-weight: 400;\">Les formes g\u00e9om\u00e9triques color\u00e9es et interactives cr\u00e9ent une surface puls\u00e9e qui est alternativement dynamique et calme, agressive et tranquille.<\/span><\/p>\n<p><span style=\"font-weight: 400;\">Plut\u00f4t que de d\u00e9fier le spectateur, Kandinsky l&rsquo;invite \u00e0 r\u00e9agir aux images qu&rsquo;il a devant lui et \u00e0 interpr\u00e9ter l&rsquo;\u0153uvre personnellement.<\/span><\/p>\n<p><strong>Les jeux de r\u00e9flexion sont un outil incroyable pour la connexion sociale<\/strong><\/p>\n<p><span style=\"font-weight: 400;\">Tu veux socialiser davantage ? Ou apprendre \u00e0 mieux conna\u00eetre tes enfants adolescents ? Les puzzles de 1000 pi\u00e8ces peuvent t&rsquo;aider ! Utilise-les pour te connecter avec tes proches. Organise des soir\u00e9es casse-t\u00eate et recr\u00e9e des images incroyables ensemble. Profite de ces rassemblements pour communiquer davantage, travailler en \u00e9quipe et apprendre \u00e0 mieux conna\u00eetre tes proches.<\/span><\/p>\n<p><span style=\"font-weight: 400;\">Ach\u00e8te le puzzle artistique Wassily Kandinsky &#8211; Composition 8\/Composition 8, assemble l&rsquo;image du puzzle de 1000 pi\u00e8ces et c\u00e9l\u00e8bre le dur labeur en encadrant l&rsquo;\u0153uvre d&rsquo;art. D\u00e9couvre tous les jeux de puzzle avec des images des tableaux de Kandinsky et cr\u00e9e ta propre collection originale de tableaux de puzzle de 1000 pi\u00e8ces <\/span><\/p>\n<p><span style=\"font-weight: 400;\">Le puzzle artistique Wassily Kandinsky &#8211; Composition 8\/Composition 8 est un choix inspir\u00e9 si tu veux offrir un cadeau unique \u00e0 un ami qui aime les jeux de puzzle.<\/span><\/p>\n","protected":false},"excerpt":{"rendered":"<p>Fascin\u00e9 par l&rsquo;art et les myst\u00e8res cach\u00e9s ? Notre collection de puzzles d&rsquo;art est exactement ce qu&rsquo;il te faut !<\/p>\n","protected":false},"featured_media":63525,"template":"","meta":[],"product_brand":[],"product_cat":[2314,2315,2316],"product_tag":[],"class_list":{"0":"post-52217","1":"product","2":"type-product","3":"status-publish","4":"has-post-thumbnail","6":"product_cat-puzzles-fr","7":"product_cat-puzzles-pour-adultes","8":"product_cat-puzzles-de-1000-pieces","9":"pa_bax-10-fr","10":"pa_brand-d_toys-fr","11":"pa_country_of_manufacture-ro-fr","12":"pa_filter_age-14-fr","13":"pa_painter-wassilykandinsky-fr","14":"pa_tip_ambalaj-boite","15":"pa_tip_puzzle-classique","17":"first","18":"instock","19":"taxable","20":"shipping-taxable","21":"product-type-simple"},"yoast_head":"<!-- This site is optimized with the Yoast SEO plugin v20.1 - https:\/\/yoast.com\/wordpress\/plugins\/seo\/ -->\n<title>Puzzle adulte Wassily Kandinsky de 1000 pi\u00e8ces - Composition 8\/Composition 8<\/title>\n<meta name=\"description\" content=\"Puzzle adulte Wassily Kandinsky de 1000 pi\u00e8ces - Composition 8\/Composition 8\" \/>\n<meta name=\"robots\" content=\"index, follow, max-snippet:-1, max-image-preview:large, max-video-preview:-1\" \/>\n<link rel=\"canonical\" href=\"https:\/\/business.roovi.com\/fr\/puzzle-adulte-wassily-kandinsky-de-1000-pieces-composition-8-composition-8\/p\/\" \/>\n<meta property=\"og:locale\" content=\"fr_FR\" \/>\n<meta property=\"og:type\" content=\"article\" \/>\n<meta property=\"og:title\" content=\"Puzzle adulte Wassily Kandinsky de 1000 pi\u00e8ces - Composition 8\/Composition 8\" \/>\n<meta property=\"og:description\" content=\"Puzzle adulte Wassily Kandinsky de 1000 pi\u00e8ces - Composition 8\/Composition 8\" \/>\n<meta property=\"og:url\" content=\"https:\/\/business.roovi.com\/fr\/puzzle-adulte-wassily-kandinsky-de-1000-pieces-composition-8-composition-8\/p\/\" \/>\n<meta property=\"og:site_name\" content=\"Roovi B2B\" \/>\n<meta property=\"article:publisher\" content=\"https:\/\/www.facebook.com\/wwwjucariero\" \/>\n<meta property=\"article:modified_time\" content=\"2023-02-15T08:19:55+00:00\" \/>\n<meta property=\"og:image\" content=\"https:\/\/business.roovi.com\/wp-content\/uploads\/2019\/04\/72849-05_ansamblu_dimensiuni_cutie_cm_orizontal.png\" \/>\n\t<meta property=\"og:image:width\" content=\"1200\" \/>\n\t<meta property=\"og:image:height\" content=\"1200\" \/>\n\t<meta property=\"og:image:type\" content=\"image\/png\" \/>\n<meta name=\"twitter:label1\" content=\"Dur\u00e9e de lecture estim\u00e9e\" \/>\n\t<meta name=\"twitter:data1\" content=\"3 minutes\" \/>\n<script type=\"application\/ld+json\" class=\"yoast-schema-graph\">{\"@context\":\"https:\/\/schema.org\",\"@graph\":[{\"@type\":\"WebPage\",\"@id\":\"https:\/\/business.roovi.com\/fr\/puzzle-adulte-wassily-kandinsky-de-1000-pieces-composition-8-composition-8\/p\/\",\"url\":\"https:\/\/business.roovi.com\/fr\/puzzle-adulte-wassily-kandinsky-de-1000-pieces-composition-8-composition-8\/p\/\",\"name\":\"Puzzle adulte Wassily Kandinsky de 1000 pi\u00e8ces - Composition 8\/Composition 8\",\"isPartOf\":{\"@id\":\"https:\/\/business.roovi.com\/fr\/#website\"},\"datePublished\":\"2019-04-25T12:39:50+00:00\",\"dateModified\":\"2023-02-15T08:19:55+00:00\",\"description\":\"Puzzle adulte Wassily Kandinsky de 1000 pi\u00e8ces - Composition 8\/Composition 8\",\"breadcrumb\":{\"@id\":\"https:\/\/business.roovi.com\/fr\/puzzle-adulte-wassily-kandinsky-de-1000-pieces-composition-8-composition-8\/p\/#breadcrumb\"},\"inLanguage\":\"fr-FR\",\"potentialAction\":[{\"@type\":\"ReadAction\",\"target\":[\"https:\/\/business.roovi.com\/fr\/puzzle-adulte-wassily-kandinsky-de-1000-pieces-composition-8-composition-8\/p\/\"]}]},{\"@type\":\"BreadcrumbList\",\"@id\":\"https:\/\/business.roovi.com\/fr\/puzzle-adulte-wassily-kandinsky-de-1000-pieces-composition-8-composition-8\/p\/#breadcrumb\",\"itemListElement\":[{\"@type\":\"ListItem\",\"position\":1,\"name\":\"Home\",\"item\":\"https:\/\/business.roovi.com\/fr\/\"},{\"@type\":\"ListItem\",\"position\":2,\"name\":\"Boutique\",\"item\":\"https:\/\/business.roovi.com\/fr\/boutique\/\"},{\"@type\":\"ListItem\",\"position\":3,\"name\":\"Puzzle adulte Wassily Kandinsky de 1000 pi\u00e8ces &#8211; Composition 8\"}]},{\"@type\":\"WebSite\",\"@id\":\"https:\/\/business.roovi.com\/fr\/#website\",\"url\":\"https:\/\/business.roovi.com\/fr\/\",\"name\":\"Roovi B2B\",\"description\":\"Roovi Business Website\",\"potentialAction\":[{\"@type\":\"SearchAction\",\"target\":{\"@type\":\"EntryPoint\",\"urlTemplate\":\"https:\/\/business.roovi.com\/fr\/?s={search_term_string}\"},\"query-input\":\"required name=search_term_string\"}],\"inLanguage\":\"fr-FR\"}]}<\/script>\n<!-- \/ Yoast SEO plugin. -->","yoast_head_json":{"title":"Puzzle adulte Wassily Kandinsky de 1000 pi\u00e8ces - Composition 8\/Composition 8","description":"Puzzle adulte Wassily Kandinsky de 1000 pi\u00e8ces - Composition 8\/Composition 8","robots":{"index":"index","follow":"follow","max-snippet":"max-snippet:-1","max-image-preview":"max-image-preview:large","max-video-preview":"max-video-preview:-1"},"canonical":"https:\/\/business.roovi.com\/fr\/puzzle-adulte-wassily-kandinsky-de-1000-pieces-composition-8-composition-8\/p\/","og_locale":"fr_FR","og_type":"article","og_title":"Puzzle adulte Wassily Kandinsky de 1000 pi\u00e8ces - Composition 8\/Composition 8","og_description":"Puzzle adulte Wassily Kandinsky de 1000 pi\u00e8ces - Composition 8\/Composition 8","og_url":"https:\/\/business.roovi.com\/fr\/puzzle-adulte-wassily-kandinsky-de-1000-pieces-composition-8-composition-8\/p\/","og_site_name":"Roovi B2B","article_publisher":"https:\/\/www.facebook.com\/wwwjucariero","article_modified_time":"2023-02-15T08:19:55+00:00","og_image":[{"width":1200,"height":1200,"url":"https:\/\/business.roovi.com\/wp-content\/uploads\/2019\/04\/72849-05_ansamblu_dimensiuni_cutie_cm_orizontal.png","type":"image\/png"}],"twitter_misc":{"Dur\u00e9e de lecture estim\u00e9e":"3 minutes"},"schema":{"@context":"https:\/\/schema.org","@graph":[{"@type":"WebPage","@id":"https:\/\/business.roovi.com\/fr\/puzzle-adulte-wassily-kandinsky-de-1000-pieces-composition-8-composition-8\/p\/","url":"https:\/\/business.roovi.com\/fr\/puzzle-adulte-wassily-kandinsky-de-1000-pieces-composition-8-composition-8\/p\/","name":"Puzzle adulte Wassily Kandinsky de 1000 pi\u00e8ces - Composition 8\/Composition 8","isPartOf":{"@id":"https:\/\/business.roovi.com\/fr\/#website"},"datePublished":"2019-04-25T12:39:50+00:00","dateModified":"2023-02-15T08:19:55+00:00","description":"Puzzle adulte Wassily Kandinsky de 1000 pi\u00e8ces - Composition 8\/Composition 8","breadcrumb":{"@id":"https:\/\/business.roovi.com\/fr\/puzzle-adulte-wassily-kandinsky-de-1000-pieces-composition-8-composition-8\/p\/#breadcrumb"},"inLanguage":"fr-FR","potentialAction":[{"@type":"ReadAction","target":["https:\/\/business.roovi.com\/fr\/puzzle-adulte-wassily-kandinsky-de-1000-pieces-composition-8-composition-8\/p\/"]}]},{"@type":"BreadcrumbList","@id":"https:\/\/business.roovi.com\/fr\/puzzle-adulte-wassily-kandinsky-de-1000-pieces-composition-8-composition-8\/p\/#breadcrumb","itemListElement":[{"@type":"ListItem","position":1,"name":"Home","item":"https:\/\/business.roovi.com\/fr\/"},{"@type":"ListItem","position":2,"name":"Boutique","item":"https:\/\/business.roovi.com\/fr\/boutique\/"},{"@type":"ListItem","position":3,"name":"Puzzle adulte Wassily Kandinsky de 1000 pi\u00e8ces &#8211; Composition 8"}]},{"@type":"WebSite","@id":"https:\/\/business.roovi.com\/fr\/#website","url":"https:\/\/business.roovi.com\/fr\/","name":"Roovi B2B","description":"Roovi Business Website","potentialAction":[{"@type":"SearchAction","target":{"@type":"EntryPoint","urlTemplate":"https:\/\/business.roovi.com\/fr\/?s={search_term_string}"},"query-input":"required name=search_term_string"}],"inLanguage":"fr-FR"}]}},"_links":{"self":[{"href":"https:\/\/business.roovi.com\/fr\/wp-json\/wp\/v2\/product\/52217","targetHints":{"allow":["GET"]}}],"collection":[{"href":"https:\/\/business.roovi.com\/fr\/wp-json\/wp\/v2\/product"}],"about":[{"href":"https:\/\/business.roovi.com\/fr\/wp-json\/wp\/v2\/types\/product"}],"version-history":[{"count":0,"href":"https:\/\/business.roovi.com\/fr\/wp-json\/wp\/v2\/product\/52217\/revisions"}],"wp:featuredmedia":[{"embeddable":true,"href":"https:\/\/business.roovi.com\/fr\/wp-json\/wp\/v2\/media\/63525"}],"wp:attachment":[{"href":"https:\/\/business.roovi.com\/fr\/wp-json\/wp\/v2\/media?parent=52217"}],"wp:term":[{"taxonomy":"product_brand","embeddable":true,"href":"https:\/\/business.roovi.com\/fr\/wp-json\/wp\/v2\/product_brand?post=52217"},{"taxonomy":"product_cat","embeddable":true,"href":"https:\/\/business.roovi.com\/fr\/wp-json\/wp\/v2\/product_cat?post=52217"},{"taxonomy":"product_tag","embeddable":true,"href":"https:\/\/business.roovi.com\/fr\/wp-json\/wp\/v2\/product_tag?post=52217"}],"curies":[{"name":"wp","href":"https:\/\/api.w.org\/{rel}","templated":true}]}}