{"id":52233,"date":"2019-04-25T11:02:17","date_gmt":"2019-04-25T11:02:17","guid":{"rendered":"https:\/\/business.roovi.com\/puzzle-adulti-pieter-bruegel-cel-batran-landscape-with-the-fall-of-icaruscaderea-lui-icarus-1000-piese\/p\/"},"modified":"2022-07-13T10:15:55","modified_gmt":"2022-07-13T10:15:55","slug":"pieter-bruegel-lancien-paysage-avec-la-chute-dicare-puzzle-adulte-de-1000-pieces","status":"publish","type":"product","link":"https:\/\/business.roovi.com\/fr\/pieter-bruegel-lancien-paysage-avec-la-chute-dicare-puzzle-adulte-de-1000-pieces\/p\/","title":{"rendered":"Pieter Bruegel l&rsquo;Ancien &#8211; Paysage avec la chute d&rsquo;Icare &#8211; Puzzle adulte de 1000 pi\u00e8ces"},"content":{"rendered":"<p><span style=\"font-weight: 400;\">Les \u00e9nigmes pour adultes existent sous diverses formes depuis l&rsquo;Antiquit\u00e9. Il a longtemps \u00e9t\u00e9 utilis\u00e9 comme mat\u00e9riel p\u00e9dagogique pour les cours de g\u00e9ographie ou de math\u00e9matiques. Nous avons cr\u00e9\u00e9 une collection impressionnante de puzzles d&rsquo;art pour les amateurs de puzzles.<\/span><\/p>\n<p><span style=\"font-weight: 400;\">Es-tu l&rsquo;un d&rsquo;entre eux ? Nous avons beaucoup de recommandations pour toi. Peintures de la Renaissance, du Baroque ou contemporaines, nous avons la gamme la plus vari\u00e9e d&rsquo;art de puzzle produite en Roumanie <\/span><\/p>\n<p><span style=\"font-weight: 400;\">Refl\u00e8te dans un tableau m\u00e9morable l&rsquo;impressionnant tableau de <\/span><span style=\"font-weight: 400;\">Pieter Bruegel l&rsquo;Ancien<\/span><span style=\"font-weight: 400;\"> du puzzle de 1000 pi\u00e8ces <\/span><span style=\"font-weight: 400;\">La chute d&rsquo;Icare ! Recr\u00e9er cette peinture est un v\u00e9ritable plaisir mental car elle t&#8217;emm\u00e8ne \u00e0 travers les M\u00e9tamorphoses d&rsquo;Ovide et jusqu&rsquo;\u00e0 la Renaissance flamande. D\u00e9couvre le th\u00e8me fascinant de Bruegel dans ce puzzle de 1000 pi\u00e8ces ! Ton \u0153uvre finale mesure 50 x 70 cm et une table basse ordinaire peut \u00eatre assembl\u00e9e.<\/span><\/p>\n<p><span style=\"font-weight: 400;\">Lis plus sur ce puzzle artistique ci-dessous.<\/span><\/p>\n<p><strong>Mat\u00e9riau du puzzle <\/strong><\/p>\n<p><strong>carton bleu de haute qualit\u00e9<\/strong><\/p>\n<p><strong>des mat\u00e9riaux durables et recyclables<\/strong><\/p>\n<p><strong>finition semi-brillante, couleurs vives<\/strong><\/p>\n<p><strong>Nombre de pi\u00e8ces de puzzle : 1000<\/strong><\/p>\n<p><strong>\u00c2ge recommand\u00e9 : 14+<\/strong><\/p>\n<p><strong>Puzzle 1000 pi\u00e8ces<\/strong><\/p>\n<p><strong>5 avantages surprenants du puzzle de 1000 pi\u00e8ces<\/strong><\/p>\n<p><span style=\"font-weight: 400;\">Quand tu dis puzzle de 1000 pi\u00e8ces, tu penses au passe-temps qui t&rsquo;apporte joie, d\u00e9tente et amusement. Les jeux de r\u00e9flexion sont plus que cela. Voici quelques avantages surprenants que tu obtiens si tu es un amateur de puzzles pour adultes :<\/span><\/p>\n<p><strong>Les puzzles pour adultes sont un bon exercice mental<\/strong><\/p>\n<p><span style=\"font-weight: 400;\">Terminer un puzzle de 1000 pi\u00e8ces est un exercice complet pour le cerveau car il entra\u00eene \u00e0 la fois l&rsquo;h\u00e9misph\u00e8re c\u00e9r\u00e9bral gauche, responsable de la logique et de l&rsquo;objectivit\u00e9, et l&rsquo;h\u00e9misph\u00e8re c\u00e9r\u00e9bral droit, responsable de la cr\u00e9ativit\u00e9 et des \u00e9motions <\/span><\/p>\n<p><strong>Les puzzles pour adultes augmentent l&rsquo;attention port\u00e9e aux d\u00e9tails<\/strong><\/p>\n<p><span style=\"font-weight: 400;\">Dans la plupart des puzzles pour adultes, les pi\u00e8ces sont tr\u00e8s similaires, il est donc extr\u00eamement important de se concentrer sur les d\u00e9tails. Tu dois aussi entra\u00eener ta vue pour remarquer les petites diff\u00e9rences de forme ou de couleur qui t&rsquo;aident \u00e0 compl\u00e9ter l&rsquo;image du puzzle de 1000 pi\u00e8ces. Cette capacit\u00e9 \u00e0 saisir les d\u00e9tails est utile dans les activit\u00e9s quotidiennes et t&rsquo;aide \u00e0 am\u00e9liorer la qualit\u00e9 de ton travail.<\/span><\/p>\n<p><strong>Les puzzles pour adultes aident \u00e0 am\u00e9liorer ta m\u00e9moire<\/strong><\/p>\n<p><span style=\"font-weight: 400;\">\u00c0 chaque fois que tu associes les 1000 pi\u00e8ces du puzzle, tu dois m\u00e9moriser des formes, des couleurs, des images pour pouvoir recr\u00e9er l&rsquo;image le plus rapidement possible. Ces petits exercices sont tr\u00e8s importants pour am\u00e9liorer la m\u00e9moire \u00e0 court terme.<\/span><\/p>\n<p><strong>Les puzzles pour adultes sont une astuce pour augmenter le QI<\/strong><\/p>\n<p><span style=\"font-weight: 400;\">Et ce n&rsquo;est pas nous, mais un groupe de chercheurs de l&rsquo;Universit\u00e9 du Michigan qui a d\u00e9couvert dans une \u00e9tude que ceux qui passent au moins 25 minutes par jour \u00e0 faire un puzzle pour adultes peuvent augmenter leur QI de 4 points.<\/span><\/p>\n<p><strong>Les puzzles pour adultes r\u00e9duisent consid\u00e9rablement le niveau de stress<\/strong><\/p>\n<p><span style=\"font-weight: 400;\">&#8230; et t&rsquo;aide \u00e0 te d\u00e9tendre ! Il est dit que notre cerveau passe en \u00e9tat Alpha lorsque nous r\u00e9solvons des \u00e9nigmes. Cela ressemble \u00e0 l&rsquo;\u00e9tat dans lequel nous sommes lorsque nous r\u00eavons.<\/span><\/p>\n<p><strong>Image  <\/strong><strong><em>La chute d&rsquo;Icare<\/em><\/strong><strong>  du puzzle de 1000 pi\u00e8ces &#8211; envelopp\u00e9 de myst\u00e8re<\/strong><\/p>\n<p><span style=\"font-weight: 400;\">Les experts qui ont effectu\u00e9 un examen technique du tableau entre 1998 et 2006 ont conclu que la copie conserv\u00e9e \u00e0 ce jour n&rsquo;est pas authentique. Il s&rsquo;agit peut-\u00eatre d&rsquo;une \u0153uvre de son fils ou d&rsquo;une version de l&rsquo;original qui a \u00e9t\u00e9 perdue. Le myst\u00e8re plane toujours sur la peinture.<\/span><\/p>\n<p><strong>De plus, tu savais que&#8230;<\/strong><\/p>\n<ul style=\"list-style-type: disc;\">\n<li><em><span style=\"font-weight: 400;\">La chute d&rsquo;Icare <\/span><\/em> <span style=\"font-weight: 400;\">est le seul tableau mythologique de l&rsquo;\u0153uvre de Bruegel ?<\/span><\/li>\n<li><span style=\"font-weight: 400;\">La composition de l&rsquo;image est originale pour l&rsquo;\u00e9poque ? La chute d&rsquo;Icare se d\u00e9roule \u00e0 l&rsquo;arri\u00e8re-plan. Si tu ne regardes pas attentivement le tableau, tu manques presque le sujet principal.<\/span><\/li>\n<li><span style=\"font-weight: 400;\">Certains auteurs sont d&rsquo;avis que l&rsquo;auteur a en fait cr\u00e9\u00e9 une parabole sur les aspirations humaines ?<\/span><\/li>\n<\/ul>\n<p><strong>Plus, \u00e0 propos des puzzles de 1000 pi\u00e8ces<\/strong><\/p>\n<ul style=\"list-style-type: disc;\">\n<li><span style=\"font-weight: 400;\">Garde les maladies neurod\u00e9g\u00e9n\u00e9ratives hors de ton cerveau !<\/span><\/li>\n<li><span style=\"font-weight: 400;\">Ils te font passer un bon moment si tu les r\u00e9sous avec un \u00eatre cher !<\/span><\/li>\n<li><span style=\"font-weight: 400;\">Ils te donnent l&rsquo;impression d&rsquo;\u00eatre un vrai d\u00e9tective !<\/span><\/li>\n<li><span style=\"font-weight: 400;\">Ils t&rsquo;enveloppent d&rsquo;\u00e9nergie positive !<\/span><\/li>\n<li><span style=\"font-weight: 400;\">Ils t&rsquo;apprennent \u00e0 travailler de mani\u00e8re m\u00e9thodique et efficace !<\/span><\/li>\n<\/ul>\n<p><span style=\"font-weight: 400;\">Tu es passionn\u00e9 par les puzzles de 1000 pi\u00e8ces ? Le puzzle <\/span><span style=\"font-weight: 400;\">Pieter Bruegel l&rsquo;Ancien La chute d&rsquo;Icare est le bon choix pour rompre la monotonie des soir\u00e9es d&rsquo;hiver. Ach\u00e8te maintenant ce merveilleux jeu de puzzle de la collection puzzle art !<\/span><\/p>\n<p><span style=\"font-weight: 400;\">La Chute d&rsquo;Icare puzzle 1000 pi\u00e8ces est aussi un cadeau appropri\u00e9 si tu veux faire une belle surprise \u00e0 un ami cher <\/span><\/p>\n","protected":false},"excerpt":{"rendered":"<p>Les \u00e9nigmes pour adultes existent sous diverses formes depuis l&rsquo;Antiquit\u00e9. Il a longtemps \u00e9t\u00e9 utilis\u00e9 comme mat\u00e9riel p\u00e9dagogique pour les<\/p>\n","protected":false},"featured_media":63176,"template":"","meta":[],"product_brand":[],"product_cat":[2314,2316,2315],"product_tag":[],"class_list":{"0":"post-52233","1":"product","2":"type-product","3":"status-publish","4":"has-post-thumbnail","6":"product_cat-puzzles-fr","7":"product_cat-puzzles-de-1000-pieces","8":"product_cat-puzzles-pour-adultes","9":"pa_bax-10-fr","10":"pa_brand-d_toys-fr","11":"pa_country_of_manufacture-ro-fr","12":"pa_filter_age-14-fr","13":"pa_painter-pieterbreugeltheelder-fr","14":"pa_tip_ambalaj-boite","15":"pa_tip_puzzle-classique","17":"first","18":"instock","19":"taxable","20":"shipping-taxable","21":"product-type-simple"},"yoast_head":"<!-- This site is optimized with the Yoast SEO plugin v20.1 - https:\/\/yoast.com\/wordpress\/plugins\/seo\/ -->\n<title>Pieter Bruegel l&#039;Ancien - Paysage avec la chute d&#039;Icare - Puzzle adulte de 1000 pi\u00e8ces<\/title>\n<meta name=\"description\" content=\"Pieter Bruegel l&#039;Ancien - Paysage avec la chute d&#039;Icare - Puzzle adulte de 1000 pi\u00e8ces\" \/>\n<meta name=\"robots\" content=\"index, follow, max-snippet:-1, max-image-preview:large, max-video-preview:-1\" \/>\n<link rel=\"canonical\" href=\"https:\/\/business.roovi.com\/fr\/pieter-bruegel-lancien-paysage-avec-la-chute-dicare-puzzle-adulte-de-1000-pieces\/p\/\" \/>\n<meta property=\"og:locale\" content=\"fr_FR\" \/>\n<meta property=\"og:type\" content=\"article\" \/>\n<meta property=\"og:title\" content=\"Pieter Bruegel l&#039;Ancien - Paysage avec la chute d&#039;Icare - Puzzle adulte de 1000 pi\u00e8ces\" \/>\n<meta property=\"og:description\" content=\"Pieter Bruegel l&#039;Ancien - Paysage avec la chute d&#039;Icare - Puzzle adulte de 1000 pi\u00e8ces\" \/>\n<meta property=\"og:url\" content=\"https:\/\/business.roovi.com\/fr\/pieter-bruegel-lancien-paysage-avec-la-chute-dicare-puzzle-adulte-de-1000-pieces\/p\/\" \/>\n<meta property=\"og:site_name\" content=\"Roovi B2B\" \/>\n<meta property=\"article:publisher\" content=\"https:\/\/www.facebook.com\/wwwjucariero\" \/>\n<meta property=\"article:modified_time\" content=\"2022-07-13T10:15:55+00:00\" \/>\n<meta property=\"og:image\" content=\"https:\/\/business.roovi.com\/wp-content\/uploads\/2019\/04\/73778-03_ansamblu_dimensiuni_cutie_cm.png\" \/>\n\t<meta property=\"og:image:width\" content=\"1200\" \/>\n\t<meta property=\"og:image:height\" content=\"1200\" \/>\n\t<meta property=\"og:image:type\" content=\"image\/png\" \/>\n<meta name=\"twitter:label1\" content=\"Dur\u00e9e de lecture estim\u00e9e\" \/>\n\t<meta name=\"twitter:data1\" content=\"4 minutes\" \/>\n<script type=\"application\/ld+json\" class=\"yoast-schema-graph\">{\"@context\":\"https:\/\/schema.org\",\"@graph\":[{\"@type\":\"WebPage\",\"@id\":\"https:\/\/business.roovi.com\/fr\/pieter-bruegel-lancien-paysage-avec-la-chute-dicare-puzzle-adulte-de-1000-pieces\/p\/\",\"url\":\"https:\/\/business.roovi.com\/fr\/pieter-bruegel-lancien-paysage-avec-la-chute-dicare-puzzle-adulte-de-1000-pieces\/p\/\",\"name\":\"Pieter Bruegel l'Ancien - Paysage avec la chute d'Icare - Puzzle adulte de 1000 pi\u00e8ces\",\"isPartOf\":{\"@id\":\"https:\/\/business.roovi.com\/fr\/#website\"},\"datePublished\":\"2019-04-25T11:02:17+00:00\",\"dateModified\":\"2022-07-13T10:15:55+00:00\",\"description\":\"Pieter Bruegel l'Ancien - Paysage avec la chute d'Icare - Puzzle adulte de 1000 pi\u00e8ces\",\"breadcrumb\":{\"@id\":\"https:\/\/business.roovi.com\/fr\/pieter-bruegel-lancien-paysage-avec-la-chute-dicare-puzzle-adulte-de-1000-pieces\/p\/#breadcrumb\"},\"inLanguage\":\"fr-FR\",\"potentialAction\":[{\"@type\":\"ReadAction\",\"target\":[\"https:\/\/business.roovi.com\/fr\/pieter-bruegel-lancien-paysage-avec-la-chute-dicare-puzzle-adulte-de-1000-pieces\/p\/\"]}]},{\"@type\":\"BreadcrumbList\",\"@id\":\"https:\/\/business.roovi.com\/fr\/pieter-bruegel-lancien-paysage-avec-la-chute-dicare-puzzle-adulte-de-1000-pieces\/p\/#breadcrumb\",\"itemListElement\":[{\"@type\":\"ListItem\",\"position\":1,\"name\":\"Home\",\"item\":\"https:\/\/business.roovi.com\/fr\/\"},{\"@type\":\"ListItem\",\"position\":2,\"name\":\"Boutique\",\"item\":\"https:\/\/business.roovi.com\/fr\/boutique\/\"},{\"@type\":\"ListItem\",\"position\":3,\"name\":\"Pieter Bruegel l&#8217;Ancien &#8211; Paysage avec la chute d&#8217;Icare &#8211; Puzzle adulte de 1000 pi\u00e8ces\"}]},{\"@type\":\"WebSite\",\"@id\":\"https:\/\/business.roovi.com\/fr\/#website\",\"url\":\"https:\/\/business.roovi.com\/fr\/\",\"name\":\"Roovi B2B\",\"description\":\"Roovi Business Website\",\"potentialAction\":[{\"@type\":\"SearchAction\",\"target\":{\"@type\":\"EntryPoint\",\"urlTemplate\":\"https:\/\/business.roovi.com\/fr\/?s={search_term_string}\"},\"query-input\":\"required name=search_term_string\"}],\"inLanguage\":\"fr-FR\"}]}<\/script>\n<!-- \/ Yoast SEO plugin. -->","yoast_head_json":{"title":"Pieter Bruegel l'Ancien - Paysage avec la chute d'Icare - Puzzle adulte de 1000 pi\u00e8ces","description":"Pieter Bruegel l'Ancien - Paysage avec la chute d'Icare - Puzzle adulte de 1000 pi\u00e8ces","robots":{"index":"index","follow":"follow","max-snippet":"max-snippet:-1","max-image-preview":"max-image-preview:large","max-video-preview":"max-video-preview:-1"},"canonical":"https:\/\/business.roovi.com\/fr\/pieter-bruegel-lancien-paysage-avec-la-chute-dicare-puzzle-adulte-de-1000-pieces\/p\/","og_locale":"fr_FR","og_type":"article","og_title":"Pieter Bruegel l'Ancien - Paysage avec la chute d'Icare - Puzzle adulte de 1000 pi\u00e8ces","og_description":"Pieter Bruegel l'Ancien - Paysage avec la chute d'Icare - Puzzle adulte de 1000 pi\u00e8ces","og_url":"https:\/\/business.roovi.com\/fr\/pieter-bruegel-lancien-paysage-avec-la-chute-dicare-puzzle-adulte-de-1000-pieces\/p\/","og_site_name":"Roovi B2B","article_publisher":"https:\/\/www.facebook.com\/wwwjucariero","article_modified_time":"2022-07-13T10:15:55+00:00","og_image":[{"width":1200,"height":1200,"url":"https:\/\/business.roovi.com\/wp-content\/uploads\/2019\/04\/73778-03_ansamblu_dimensiuni_cutie_cm.png","type":"image\/png"}],"twitter_misc":{"Dur\u00e9e de lecture estim\u00e9e":"4 minutes"},"schema":{"@context":"https:\/\/schema.org","@graph":[{"@type":"WebPage","@id":"https:\/\/business.roovi.com\/fr\/pieter-bruegel-lancien-paysage-avec-la-chute-dicare-puzzle-adulte-de-1000-pieces\/p\/","url":"https:\/\/business.roovi.com\/fr\/pieter-bruegel-lancien-paysage-avec-la-chute-dicare-puzzle-adulte-de-1000-pieces\/p\/","name":"Pieter Bruegel l'Ancien - Paysage avec la chute d'Icare - Puzzle adulte de 1000 pi\u00e8ces","isPartOf":{"@id":"https:\/\/business.roovi.com\/fr\/#website"},"datePublished":"2019-04-25T11:02:17+00:00","dateModified":"2022-07-13T10:15:55+00:00","description":"Pieter Bruegel l'Ancien - Paysage avec la chute d'Icare - Puzzle adulte de 1000 pi\u00e8ces","breadcrumb":{"@id":"https:\/\/business.roovi.com\/fr\/pieter-bruegel-lancien-paysage-avec-la-chute-dicare-puzzle-adulte-de-1000-pieces\/p\/#breadcrumb"},"inLanguage":"fr-FR","potentialAction":[{"@type":"ReadAction","target":["https:\/\/business.roovi.com\/fr\/pieter-bruegel-lancien-paysage-avec-la-chute-dicare-puzzle-adulte-de-1000-pieces\/p\/"]}]},{"@type":"BreadcrumbList","@id":"https:\/\/business.roovi.com\/fr\/pieter-bruegel-lancien-paysage-avec-la-chute-dicare-puzzle-adulte-de-1000-pieces\/p\/#breadcrumb","itemListElement":[{"@type":"ListItem","position":1,"name":"Home","item":"https:\/\/business.roovi.com\/fr\/"},{"@type":"ListItem","position":2,"name":"Boutique","item":"https:\/\/business.roovi.com\/fr\/boutique\/"},{"@type":"ListItem","position":3,"name":"Pieter Bruegel l&#8217;Ancien &#8211; Paysage avec la chute d&#8217;Icare &#8211; Puzzle adulte de 1000 pi\u00e8ces"}]},{"@type":"WebSite","@id":"https:\/\/business.roovi.com\/fr\/#website","url":"https:\/\/business.roovi.com\/fr\/","name":"Roovi B2B","description":"Roovi Business Website","potentialAction":[{"@type":"SearchAction","target":{"@type":"EntryPoint","urlTemplate":"https:\/\/business.roovi.com\/fr\/?s={search_term_string}"},"query-input":"required name=search_term_string"}],"inLanguage":"fr-FR"}]}},"_links":{"self":[{"href":"https:\/\/business.roovi.com\/fr\/wp-json\/wp\/v2\/product\/52233","targetHints":{"allow":["GET"]}}],"collection":[{"href":"https:\/\/business.roovi.com\/fr\/wp-json\/wp\/v2\/product"}],"about":[{"href":"https:\/\/business.roovi.com\/fr\/wp-json\/wp\/v2\/types\/product"}],"version-history":[{"count":0,"href":"https:\/\/business.roovi.com\/fr\/wp-json\/wp\/v2\/product\/52233\/revisions"}],"wp:featuredmedia":[{"embeddable":true,"href":"https:\/\/business.roovi.com\/fr\/wp-json\/wp\/v2\/media\/63176"}],"wp:attachment":[{"href":"https:\/\/business.roovi.com\/fr\/wp-json\/wp\/v2\/media?parent=52233"}],"wp:term":[{"taxonomy":"product_brand","embeddable":true,"href":"https:\/\/business.roovi.com\/fr\/wp-json\/wp\/v2\/product_brand?post=52233"},{"taxonomy":"product_cat","embeddable":true,"href":"https:\/\/business.roovi.com\/fr\/wp-json\/wp\/v2\/product_cat?post=52233"},{"taxonomy":"product_tag","embeddable":true,"href":"https:\/\/business.roovi.com\/fr\/wp-json\/wp\/v2\/product_tag?post=52233"}],"curies":[{"name":"wp","href":"https:\/\/api.w.org\/{rel}","templated":true}]}}