{"id":52241,"date":"2019-04-25T10:39:19","date_gmt":"2019-04-25T10:39:19","guid":{"rendered":"https:\/\/business.roovi.com\/puzzle-adulti-1000-piese-brueghel-cel-batran-flowers-in-a-basket-and-a-vase\/p\/"},"modified":"2022-07-13T10:15:56","modified_gmt":"2022-07-13T10:15:56","slug":"puzzle-adulte-1000-pieces-brueghel-the-elder-fleurs-dans-un-panier-et-un-vase","status":"publish","type":"product","link":"https:\/\/business.roovi.com\/fr\/puzzle-adulte-1000-pieces-brueghel-the-elder-fleurs-dans-un-panier-et-un-vase\/p\/","title":{"rendered":"Puzzle adulte 1000 pi\u00e8ces Brueghel the Elder &#8211; Fleurs dans un panier et un vase"},"content":{"rendered":"<p><span style=\"font-weight: 400;\"> Tu trouveras ici des puzzles de 1000 pi\u00e8ces repr\u00e9sentant des images d&rsquo;\u0153uvres d&rsquo;art c\u00e9l\u00e8bres qui suscitent encore aujourd&rsquo;hui des \u00e9motions et de la joie, m\u00eame si elles datent de plusieurs si\u00e8cles. Ressens l&rsquo;excitation artistique en reconstruisant une telle \u0153uvre \u00e0 partir d&rsquo;un puzzle de 1000 pi\u00e8ces !<\/span><\/p>\n<p><span style=\"font-weight: 400;\">Puzzle de 1000 pi\u00e8ces Jan <\/span><span style=\"font-weight: 400;\">Brueghel l&rsquo;Ancien &#8211; Fleurs dans un panier et un vase recr\u00e9e la splendeur du monde naturel des fleurs dans le tableau du m\u00eame nom du c\u00e9l\u00e8bre artiste. Recr\u00e9er ce magnifique tableau \u00e0 partir d&rsquo;un puzzle de 100 pi\u00e8ces t&#8217;emm\u00e8ne dans le monde int\u00e9rieur du peintre et recr\u00e9e les formes effervescentes et extraordinairement naturelles du tableau original. \u00c0 la fin, une peinture de 50 x 70 cm ravira tes yeux <\/span><\/p>\n<p><span style=\"font-weight: 400;\">Tu trouveras plus de d\u00e9tails sur ce merveilleux puzzle de 1000 pi\u00e8ces ici :<\/span><\/p>\n<p><strong>Mat\u00e9riau du puzzle <\/strong><\/p>\n<p><strong>carton bleu de haute qualit\u00e9<\/strong><\/p>\n<p><strong>des mat\u00e9riaux durables et recyclables<\/strong><\/p>\n<p><strong>finition semi-brillante, couleurs vives<\/strong><\/p>\n<p><strong>Nombre de pi\u00e8ces de puzzle : 1000<\/strong><\/p>\n<p><strong>\u00c2ge recommand\u00e9 : 14+<\/strong><\/p>\n<p><strong>Pourquoi est-ce si g\u00e9nial d&rsquo;assembler des puzzles de 1000 pi\u00e8ces ?<\/strong><\/p>\n<p><span style=\"font-weight: 400;\">Au-del\u00e0 d&rsquo;un simple passe-temps, assembler des puzzles pour adultes apporte de multiples avantages. Voici quelques-unes d&rsquo;entre elles :<\/span><\/p>\n<ul style=\"list-style-type: disc;\">\n<li><span style=\"font-weight: 400;\">D\u00e9veloppe ta capacit\u00e9 \u00e0 \u00e9tablir des connexions plus profondes<\/span><\/li>\n<li><span style=\"font-weight: 400;\">Aide \u00e0 soulager le stress<\/span><\/li>\n<li><span style=\"font-weight: 400;\">Am\u00e9liore ton humeur<\/span><\/li>\n<li><span style=\"font-weight: 400;\">Aide \u00e0 \u00eatre plus confiante dans tes propres forces<\/span><\/li>\n<li><span style=\"font-weight: 400;\">Te donne du temps de qualit\u00e9 \u00e0 passer seul ou avec un \u00eatre cher, si tu choisis de compl\u00e9ter le puzzle de 1000 pi\u00e8ces accompagn\u00e9.<\/span><\/li>\n<\/ul>\n<p><strong>Ce que tu ne savais peut-\u00eatre pas sur Jan Brueghel l&rsquo;Ancien et son \u0153uvre<\/strong><\/p>\n<ul style=\"list-style-type: disc;\">\n<li><span style=\"font-weight: 400;\">Dans les ann\u00e9es 1600, les peintures de fleurs \u00e9taient \u00e0 la mode. Des collectionneurs ou des gens ordinaires ont command\u00e9 de tels tableaux \u00e0 des peintres c\u00e9l\u00e8bres ou moins talentueux, en fonction de leur budget.<\/span><\/li>\n<li><span style=\"font-weight: 400;\">Jan Brueghel l&rsquo;Ancien \u00e9tait surnomm\u00e9  <\/span><em><span style=\"font-weight: 400;\">Velvet Brueghel<\/span><\/em><span style=\"font-weight: 400;\">  en raison de la sensation velout\u00e9e, presque tangible, de ses \u0153uvres.<\/span><\/li>\n<li><span style=\"font-weight: 400;\">Pour se d\u00e9marquer de son c\u00e9l\u00e8bre p\u00e8re, Pieter Bruegel l&rsquo;Ancien, il a ajout\u00e9 une  <\/span><em><span style=\"font-weight: 400;\">h<\/span><\/em>  <span style=\"font-weight: 400;\">devenant ainsi  <\/span><em><span style=\"font-weight: 400;\">Brueghel<\/span><\/em><span style=\"font-weight: 400;\"><\/span><\/li>\n<li><span style=\"font-weight: 400;\">Dans le tableau  <\/span><em><span style=\"font-weight: 400;\">Fleurs dans un panier et un vase  <\/span><\/em><span style=\"font-weight: 400;\">une esp\u00e8ce rare de tulipe est repr\u00e9sent\u00e9e, qui \u00e0 l&rsquo;\u00e9poque se vendait \u00e0 des prix astronomiques.<\/span><\/li>\n<li><span style=\"font-weight: 400;\">Il a peint pas moins de 16 tableaux de fleurs, dont l&rsquo;un se trouve au Mus\u00e9e d&rsquo;art de Bucarest <\/span><\/li>\n<li><span style=\"font-weight: 400;\">Le tableau de Bucarest repr\u00e9sente environ 20 types d&rsquo;insectes.<\/span><\/li>\n<\/ul>\n<p><strong>Nous te recommandons d&rsquo;acheter et de compl\u00e9ter le puzzle de 1000 pi\u00e8ces de la collection de puzzles d&rsquo;art car :<\/strong><\/p>\n<ul style=\"list-style-type: disc;\">\n<li><span style=\"font-weight: 400;\">C&rsquo;est cool de d\u00e9couvrir l&rsquo;art et d&rsquo;enrichir ta culture artistique.<\/span><\/li>\n<li><span style=\"font-weight: 400;\">Terminer la peinture d&rsquo;art te donnera un grand sentiment de satisfaction.<\/span><\/li>\n<li><span style=\"font-weight: 400;\">Tu te sentiras comme un vrai d\u00e9tective qui essaie de r\u00e9soudre le myst\u00e8re d&rsquo;une \u0153uvre d&rsquo;art.<\/span><\/li>\n<li><span style=\"font-weight: 400;\">Tu t&rsquo;amuseras beaucoup avec ta famille ou tes amis en compl\u00e9tant le puzzle de 1000 pi\u00e8ces avec eux.<\/span><\/li>\n<\/ul>\n<p><span style=\"font-weight: 400;\">Ne t&rsquo;y attarde pas ! Ach\u00e8te maintenant le puzzle de 1000 pi\u00e8ces Brueghel the Elder &#8211; Fleurs dans un panier et un vase et tu es assur\u00e9 de 30 heures de plaisir ! Les jeux de puzzle sont un d\u00e9lice pour les adultes amateurs de puzzle.<\/span><\/p>\n<p><span style=\"font-weight: 400;\">Ce puzzle d&rsquo;art peut \u00eatre un excellent cadeau pour les amateurs d&rsquo;art ou ceux qui aiment compl\u00e9ter des puzzles de 1000 pi\u00e8ces.<\/span><\/p><\/p>\n","protected":false},"excerpt":{"rendered":"<p>Tu trouveras ici des puzzles de 1000 pi\u00e8ces repr\u00e9sentant des images d&rsquo;\u0153uvres d&rsquo;art c\u00e9l\u00e8bres qui suscitent encore aujourd&rsquo;hui des \u00e9motions<\/p>\n","protected":false},"featured_media":63182,"template":"","meta":[],"product_brand":[],"product_cat":[2314,2315,2316],"product_tag":[],"class_list":{"0":"post-52241","1":"product","2":"type-product","3":"status-publish","4":"has-post-thumbnail","6":"product_cat-puzzles-fr","7":"product_cat-puzzles-pour-adultes","8":"product_cat-puzzles-de-1000-pieces","9":"pa_bax-10-fr","10":"pa_brand-d_toys-fr","11":"pa_country_of_manufacture-ro-fr","12":"pa_filter_age-14-fr","13":"pa_painter-pieterbreugeltheelder-fr","14":"pa_tip_ambalaj-boite","15":"pa_tip_puzzle-classique","17":"first","18":"instock","19":"taxable","20":"shipping-taxable","21":"product-type-simple"},"yoast_head":"<!-- This site is optimized with the Yoast SEO plugin v20.1 - https:\/\/yoast.com\/wordpress\/plugins\/seo\/ -->\n<title>Puzzle adulte 1000 pi\u00e8ces Brueghel the Elder - Fleurs dans un panier et un vase<\/title>\n<meta name=\"description\" content=\"Puzzle adulte 1000 pi\u00e8ces Brueghel the Elder - Fleurs dans un panier et un vase\" \/>\n<meta name=\"robots\" content=\"index, follow, max-snippet:-1, max-image-preview:large, max-video-preview:-1\" \/>\n<link rel=\"canonical\" href=\"https:\/\/business.roovi.com\/fr\/puzzle-adulte-1000-pieces-brueghel-the-elder-fleurs-dans-un-panier-et-un-vase\/p\/\" \/>\n<meta property=\"og:locale\" content=\"fr_FR\" \/>\n<meta property=\"og:type\" content=\"article\" \/>\n<meta property=\"og:title\" content=\"Puzzle adulte 1000 pi\u00e8ces Brueghel the Elder - Fleurs dans un panier et un vase\" \/>\n<meta property=\"og:description\" content=\"Puzzle adulte 1000 pi\u00e8ces Brueghel the Elder - Fleurs dans un panier et un vase\" \/>\n<meta property=\"og:url\" content=\"https:\/\/business.roovi.com\/fr\/puzzle-adulte-1000-pieces-brueghel-the-elder-fleurs-dans-un-panier-et-un-vase\/p\/\" \/>\n<meta property=\"og:site_name\" content=\"Roovi B2B\" \/>\n<meta property=\"article:publisher\" content=\"https:\/\/www.facebook.com\/wwwjucariero\" \/>\n<meta property=\"article:modified_time\" content=\"2022-07-13T10:15:56+00:00\" \/>\n<meta property=\"og:image\" content=\"https:\/\/business.roovi.com\/wp-content\/uploads\/2019\/04\/73778-04_ansamblu_dimensiuni_cutie_cm_1200x1200.png\" \/>\n\t<meta property=\"og:image:width\" content=\"1200\" \/>\n\t<meta property=\"og:image:height\" content=\"1200\" \/>\n\t<meta property=\"og:image:type\" content=\"image\/png\" \/>\n<meta name=\"twitter:label1\" content=\"Dur\u00e9e de lecture estim\u00e9e\" \/>\n\t<meta name=\"twitter:data1\" content=\"3 minutes\" \/>\n<script type=\"application\/ld+json\" class=\"yoast-schema-graph\">{\"@context\":\"https:\/\/schema.org\",\"@graph\":[{\"@type\":\"WebPage\",\"@id\":\"https:\/\/business.roovi.com\/fr\/puzzle-adulte-1000-pieces-brueghel-the-elder-fleurs-dans-un-panier-et-un-vase\/p\/\",\"url\":\"https:\/\/business.roovi.com\/fr\/puzzle-adulte-1000-pieces-brueghel-the-elder-fleurs-dans-un-panier-et-un-vase\/p\/\",\"name\":\"Puzzle adulte 1000 pi\u00e8ces Brueghel the Elder - Fleurs dans un panier et un vase\",\"isPartOf\":{\"@id\":\"https:\/\/business.roovi.com\/fr\/#website\"},\"datePublished\":\"2019-04-25T10:39:19+00:00\",\"dateModified\":\"2022-07-13T10:15:56+00:00\",\"description\":\"Puzzle adulte 1000 pi\u00e8ces Brueghel the Elder - Fleurs dans un panier et un vase\",\"breadcrumb\":{\"@id\":\"https:\/\/business.roovi.com\/fr\/puzzle-adulte-1000-pieces-brueghel-the-elder-fleurs-dans-un-panier-et-un-vase\/p\/#breadcrumb\"},\"inLanguage\":\"fr-FR\",\"potentialAction\":[{\"@type\":\"ReadAction\",\"target\":[\"https:\/\/business.roovi.com\/fr\/puzzle-adulte-1000-pieces-brueghel-the-elder-fleurs-dans-un-panier-et-un-vase\/p\/\"]}]},{\"@type\":\"BreadcrumbList\",\"@id\":\"https:\/\/business.roovi.com\/fr\/puzzle-adulte-1000-pieces-brueghel-the-elder-fleurs-dans-un-panier-et-un-vase\/p\/#breadcrumb\",\"itemListElement\":[{\"@type\":\"ListItem\",\"position\":1,\"name\":\"Home\",\"item\":\"https:\/\/business.roovi.com\/fr\/\"},{\"@type\":\"ListItem\",\"position\":2,\"name\":\"Boutique\",\"item\":\"https:\/\/business.roovi.com\/fr\/boutique\/\"},{\"@type\":\"ListItem\",\"position\":3,\"name\":\"Puzzle adulte 1000 pi\u00e8ces Brueghel the Elder &#8211; Fleurs dans un panier et un vase\"}]},{\"@type\":\"WebSite\",\"@id\":\"https:\/\/business.roovi.com\/fr\/#website\",\"url\":\"https:\/\/business.roovi.com\/fr\/\",\"name\":\"Roovi B2B\",\"description\":\"Roovi Business Website\",\"potentialAction\":[{\"@type\":\"SearchAction\",\"target\":{\"@type\":\"EntryPoint\",\"urlTemplate\":\"https:\/\/business.roovi.com\/fr\/?s={search_term_string}\"},\"query-input\":\"required name=search_term_string\"}],\"inLanguage\":\"fr-FR\"}]}<\/script>\n<!-- \/ Yoast SEO plugin. -->","yoast_head_json":{"title":"Puzzle adulte 1000 pi\u00e8ces Brueghel the Elder - Fleurs dans un panier et un vase","description":"Puzzle adulte 1000 pi\u00e8ces Brueghel the Elder - Fleurs dans un panier et un vase","robots":{"index":"index","follow":"follow","max-snippet":"max-snippet:-1","max-image-preview":"max-image-preview:large","max-video-preview":"max-video-preview:-1"},"canonical":"https:\/\/business.roovi.com\/fr\/puzzle-adulte-1000-pieces-brueghel-the-elder-fleurs-dans-un-panier-et-un-vase\/p\/","og_locale":"fr_FR","og_type":"article","og_title":"Puzzle adulte 1000 pi\u00e8ces Brueghel the Elder - Fleurs dans un panier et un vase","og_description":"Puzzle adulte 1000 pi\u00e8ces Brueghel the Elder - Fleurs dans un panier et un vase","og_url":"https:\/\/business.roovi.com\/fr\/puzzle-adulte-1000-pieces-brueghel-the-elder-fleurs-dans-un-panier-et-un-vase\/p\/","og_site_name":"Roovi B2B","article_publisher":"https:\/\/www.facebook.com\/wwwjucariero","article_modified_time":"2022-07-13T10:15:56+00:00","og_image":[{"width":1200,"height":1200,"url":"https:\/\/business.roovi.com\/wp-content\/uploads\/2019\/04\/73778-04_ansamblu_dimensiuni_cutie_cm_1200x1200.png","type":"image\/png"}],"twitter_misc":{"Dur\u00e9e de lecture estim\u00e9e":"3 minutes"},"schema":{"@context":"https:\/\/schema.org","@graph":[{"@type":"WebPage","@id":"https:\/\/business.roovi.com\/fr\/puzzle-adulte-1000-pieces-brueghel-the-elder-fleurs-dans-un-panier-et-un-vase\/p\/","url":"https:\/\/business.roovi.com\/fr\/puzzle-adulte-1000-pieces-brueghel-the-elder-fleurs-dans-un-panier-et-un-vase\/p\/","name":"Puzzle adulte 1000 pi\u00e8ces Brueghel the Elder - Fleurs dans un panier et un vase","isPartOf":{"@id":"https:\/\/business.roovi.com\/fr\/#website"},"datePublished":"2019-04-25T10:39:19+00:00","dateModified":"2022-07-13T10:15:56+00:00","description":"Puzzle adulte 1000 pi\u00e8ces Brueghel the Elder - Fleurs dans un panier et un vase","breadcrumb":{"@id":"https:\/\/business.roovi.com\/fr\/puzzle-adulte-1000-pieces-brueghel-the-elder-fleurs-dans-un-panier-et-un-vase\/p\/#breadcrumb"},"inLanguage":"fr-FR","potentialAction":[{"@type":"ReadAction","target":["https:\/\/business.roovi.com\/fr\/puzzle-adulte-1000-pieces-brueghel-the-elder-fleurs-dans-un-panier-et-un-vase\/p\/"]}]},{"@type":"BreadcrumbList","@id":"https:\/\/business.roovi.com\/fr\/puzzle-adulte-1000-pieces-brueghel-the-elder-fleurs-dans-un-panier-et-un-vase\/p\/#breadcrumb","itemListElement":[{"@type":"ListItem","position":1,"name":"Home","item":"https:\/\/business.roovi.com\/fr\/"},{"@type":"ListItem","position":2,"name":"Boutique","item":"https:\/\/business.roovi.com\/fr\/boutique\/"},{"@type":"ListItem","position":3,"name":"Puzzle adulte 1000 pi\u00e8ces Brueghel the Elder &#8211; Fleurs dans un panier et un vase"}]},{"@type":"WebSite","@id":"https:\/\/business.roovi.com\/fr\/#website","url":"https:\/\/business.roovi.com\/fr\/","name":"Roovi B2B","description":"Roovi Business Website","potentialAction":[{"@type":"SearchAction","target":{"@type":"EntryPoint","urlTemplate":"https:\/\/business.roovi.com\/fr\/?s={search_term_string}"},"query-input":"required name=search_term_string"}],"inLanguage":"fr-FR"}]}},"_links":{"self":[{"href":"https:\/\/business.roovi.com\/fr\/wp-json\/wp\/v2\/product\/52241","targetHints":{"allow":["GET"]}}],"collection":[{"href":"https:\/\/business.roovi.com\/fr\/wp-json\/wp\/v2\/product"}],"about":[{"href":"https:\/\/business.roovi.com\/fr\/wp-json\/wp\/v2\/types\/product"}],"version-history":[{"count":0,"href":"https:\/\/business.roovi.com\/fr\/wp-json\/wp\/v2\/product\/52241\/revisions"}],"wp:featuredmedia":[{"embeddable":true,"href":"https:\/\/business.roovi.com\/fr\/wp-json\/wp\/v2\/media\/63182"}],"wp:attachment":[{"href":"https:\/\/business.roovi.com\/fr\/wp-json\/wp\/v2\/media?parent=52241"}],"wp:term":[{"taxonomy":"product_brand","embeddable":true,"href":"https:\/\/business.roovi.com\/fr\/wp-json\/wp\/v2\/product_brand?post=52241"},{"taxonomy":"product_cat","embeddable":true,"href":"https:\/\/business.roovi.com\/fr\/wp-json\/wp\/v2\/product_cat?post=52241"},{"taxonomy":"product_tag","embeddable":true,"href":"https:\/\/business.roovi.com\/fr\/wp-json\/wp\/v2\/product_tag?post=52241"}],"curies":[{"name":"wp","href":"https:\/\/api.w.org\/{rel}","templated":true}]}}