{"id":52249,"date":"2019-04-25T09:07:45","date_gmt":"2019-04-25T09:07:45","guid":{"rendered":"https:\/\/business.roovi.com\/puzzle-adulti-brueghel-cel-batran-flowers-in-a-wooden-vessel-1000-piese\/p\/"},"modified":"2022-07-13T10:15:58","modified_gmt":"2022-07-13T10:15:58","slug":"puzzle-1000-pieces-adulte-brueghel-the-elder-fleurs-dans-un-vase-en-bois","status":"publish","type":"product","link":"https:\/\/business.roovi.com\/fr\/puzzle-1000-pieces-adulte-brueghel-the-elder-fleurs-dans-un-vase-en-bois\/p\/","title":{"rendered":"Puzzle 1000 pi\u00e8ces adulte Brueghel the Elder &#8211; Fleurs dans un vase en bois"},"content":{"rendered":"<p><span style=\"font-weight: 400;\">Les puzzles de 1000 pi\u00e8ces pour adultes repr\u00e9sentent des \u0153uvres d&rsquo;art inestimables. Parcoure notre gamme de jeux de puzzle d&rsquo;art en ligne et s\u00e9lectionne tes puzzles pr\u00e9f\u00e9r\u00e9s !<\/span><\/p>\n<p><span style=\"font-weight: 400;\">Puzzle de 1000 pi\u00e8ces <\/span><span style=\"font-weight: 400;\">Brueghel l&rsquo;Ancien &#8211; Fleurs dans un vase en bois est une repr\u00e9sentation du tableau du m\u00eame nom <\/span><span style=\"font-weight: 400;\">qui est consid\u00e9r\u00e9e comme l&rsquo;une des natures mortes florales les plus c\u00e9l\u00e8bres de l&rsquo;art europ\u00e9en. Assemble cette \u0153uvre d&rsquo;art m\u00e9ticuleusement peinte avec une technique parfaite \u00e0 partir d&rsquo;un puzzle de 1000 pi\u00e8ces, pi\u00e8ce par pi\u00e8ce ! \u00c0 la fin, tu auras une belle peinture qui fera plaisir \u00e0 tes yeux et embellira ta maison en lui donnant une touche de raffinement total.<\/span><\/p>\n<p><span style=\"font-weight: 400;\">Assemble le puzzle Fleurs de 1000 pi\u00e8ces dans un vase en bois pour cr\u00e9er un tableau de 50 x 70 cm. Tu auras besoin d&rsquo;une table basse ordinaire pour travailler ce puzzle artistique en toute tranquillit\u00e9.<\/span><\/p>\n<p><span style=\"font-weight: 400;\">Plus de d\u00e9tails et de caract\u00e9ristiques du puzzle de 1000 pi\u00e8ces ci-dessous.<\/span><\/p>\n<p><strong>Mat\u00e9riau du puzzle <\/strong><\/p>\n<p><strong>carton bleu de haute qualit\u00e9<\/strong><\/p>\n<p><strong>des mat\u00e9riaux durables et recyclables<\/strong><\/p>\n<p><strong>finition semi-brillante, couleurs vives<\/strong><\/p>\n<p><strong>Nombre de pi\u00e8ces de puzzle : 1000<\/strong><\/p>\n<p><strong>\u00c2ge recommand\u00e9 : 14+<\/strong><\/p>\n<p><strong>Puzzle 1000 pi\u00e8ces<\/strong><\/p>\n<p><span style=\"font-weight: 400;\"> <\/span><strong>Cr\u00e9e des \u0153uvres d&rsquo;art \u00e0 partir de puzzles de 1000 pi\u00e8ces et lib\u00e8re ton esprit du stress !<\/strong><\/p>\n<p><span style=\"font-weight: 400;\">L&rsquo;un des avantages les plus importants qu&rsquo;un puzzle de 1000 pi\u00e8ces te procure est qu&rsquo;il t&rsquo;aide \u00e0 d\u00e9stresser. Mais ce n&rsquo;est pas le seul avantage, en voici d&rsquo;autres :<\/span><\/p>\n<p><strong>Il te permet d&rsquo;entrer dans un monde int\u00e9rieur plein de charme et de tranquillit\u00e9 <\/strong><span style=\"font-weight: 400;\">Nourrir pour faire le vide dans ton esprit et mettre les soucis de c\u00f4t\u00e9 ? Essaie d&rsquo;assembler un puzzle de 1000 pi\u00e8ces de la collection puzzle art et entre dans le monde color\u00e9, raffin\u00e9 et paisible des peintres.<\/span><\/p>\n<p><strong>Terminer un puzzle de 1000 pi\u00e8ces est une v\u00e9ritable s\u00e9ance de m\u00e9ditation.<\/strong><span style=\"font-weight: 400;\"> Tu te concentres sur les formes, la couleur, l&rsquo;image et soudain, il n&rsquo;y a plus rien d&rsquo;autre. Juste toi avec ton objectif de faire une belle peinture. Il se passe \u00e0 peu pr\u00e8s la m\u00eame chose lorsque tu m\u00e9dites : tu vides ton esprit et tu actives ta force cr\u00e9ative int\u00e9rieure. C&rsquo;est magique, n&rsquo;est-ce pas ?<\/span><\/p>\n<p><strong>Cela t&rsquo;aide \u00e0 rester motiv\u00e9e <\/strong><span style=\"font-weight: 400;\">La planche de puzzle de 1000 pi\u00e8ces est pr\u00eate. Comme c&rsquo;est satisfaisant, n&rsquo;est-ce pas ? Compl\u00e9ter progressivement l&rsquo;image dans le jeu de puzzle t&rsquo;a gard\u00e9 attach\u00e9 \u00e0 ta chaise pendant de nombreuses heures et tu as eu une forte motivation int\u00e9rieure pour cela. Cet exercice est b\u00e9n\u00e9fique et activera d&rsquo;autres aspects de ta vie.<\/span><\/p>\n<p><strong>Apprends-en plus sur le Bouquet de Brueghel !<\/strong><\/p>\n<ul style=\"list-style-type: disc;\">\n<li><span style=\"font-weight: 400;\">Le bouquet de  <\/span><em><span style=\"font-weight: 400;\">Fleurs dans un vase en bois  <\/span><\/em><span style=\"font-weight: 400;\">est devenu un prototype de nature morte avec des fleurs qui sera r\u00e9alis\u00e9 par plusieurs peintres de la dynastie Brueghel<\/span><\/li>\n<li><span style=\"font-weight: 400;\">Le bouquet contient des fleurs ou des fruits rares nouvellement acclimat\u00e9s dans l&rsquo;Europe du XVIIe si\u00e8cle, comme la tulipe ou la groseille.<\/span><\/li>\n<li><span style=\"font-weight: 400;\">L&rsquo;iris, symbole de la royaut\u00e9 et de la Vierge Marie, appara\u00eet dans pr\u00e8s de 20 poses diff\u00e9rentes et donne une touche religieuse au bouquet <\/span><\/li>\n<li><span style=\"font-weight: 400;\">Jan Brueghel a peint pas moins de 16 tableaux de fleurs.<\/span><\/li>\n<li><span style=\"font-weight: 400;\">L&rsquo;une de ses peintures se trouve au Mus\u00e9e national d&rsquo;art de Roumanie<\/span><\/li>\n<li><span style=\"font-weight: 400;\">Au d\u00e9but du 7e si\u00e8cle, il \u00e9tait tr\u00e8s \u00e0 la mode d&rsquo;avoir des peintures avec des fleurs. Des collectionneurs passionn\u00e9s ayant le don de commander des tableaux \u00e0 des peintres talentueux qui ont cr\u00e9\u00e9 des \u0153uvres \u00e9labor\u00e9es aux riches bouquets. Les moins riches se sont content\u00e9s de petites peintures avec peu de fleurs r\u00e9alis\u00e9es par des artistes qui sont rest\u00e9s anonymes dans l&rsquo;histoire.<\/span><\/li>\n<\/ul>\n<p><strong>5 autres avantages de compl\u00e9ter le puzzle de 1000 pi\u00e8ces<\/strong><\/p>\n<ul style=\"list-style-type: disc;\">\n<li><span style=\"font-weight: 400;\">Am\u00e9liore ta capacit\u00e9 \u00e0 \u00e9tablir des connexions plus profondes<\/span><\/li>\n<li><span style=\"font-weight: 400;\">Am\u00e9liore ton humeur<\/span><\/li>\n<li><span style=\"font-weight: 400;\">Aide \u00e0 renforcer ta confiance en toi<\/span><\/li>\n<li><span style=\"font-weight: 400;\">Soulage le stress<\/span><\/li>\n<li><span style=\"font-weight: 400;\">Il aide m\u00eame \u00e0 r\u00e9duire la pression sanguine et la fr\u00e9quence cardiaque.<\/span><\/li>\n<\/ul>\n<p><span style=\"font-weight: 400;\">Rel\u00e8ve le d\u00e9fi de compl\u00e9ter ce merveilleux puzzle artistique ! Trouve les pi\u00e8ces correspondantes du puzzle de 1000 et reconstitue petit \u00e0 petit le magnifique bouquet \u00e0 partir de  <\/span><em><span style=\"font-weight: 400;\">Fleurs dans un vase en bois  <\/span><\/em><span style=\"font-weight: 400;\">par Jan Brueghel l&rsquo;Ancien. D\u00e9couvre cette merveilleuse composition dans notre vaste collection de puzzles d&rsquo;art et profite de tes soir\u00e9es pour cr\u00e9er une peinture originale \u00e0 partir d&rsquo;un puzzle exceptionnel de 1000 pi\u00e8ces.<\/span><\/p>\n<p><span style=\"font-weight: 400;\">Puzzle 1000 pi\u00e8ces Brueghel the Elder &#8211; <\/span><em><span style=\"font-weight: 400;\">Fleurs dans un vase en bois  <\/span><\/em><span style=\"font-weight: 400;\">est un cadeau id\u00e9al pour les amateurs d&rsquo;art et les amateurs de jeux de r\u00e9flexion pour adultes.<\/span><\/p>\n","protected":false},"excerpt":{"rendered":"<p>Les puzzles de 1000 pi\u00e8ces pour adultes repr\u00e9sentent des \u0153uvres d&rsquo;art inestimables. Parcoure notre gamme de jeux de puzzle d&rsquo;art<\/p>\n","protected":false},"featured_media":63188,"template":"","meta":[],"product_brand":[],"product_cat":[2314,2316,2315],"product_tag":[],"class_list":{"0":"post-52249","1":"product","2":"type-product","3":"status-publish","4":"has-post-thumbnail","6":"product_cat-puzzles-fr","7":"product_cat-puzzles-de-1000-pieces","8":"product_cat-puzzles-pour-adultes","9":"pa_bax-10-fr","10":"pa_brand-d_toys-fr","11":"pa_country_of_manufacture-ro-fr","12":"pa_filter_age-14-fr","13":"pa_painter-pieterbreugeltheelder-fr","14":"pa_tip_ambalaj-boite","15":"pa_tip_puzzle-classique","17":"first","18":"instock","19":"taxable","20":"shipping-taxable","21":"product-type-simple"},"yoast_head":"<!-- This site is optimized with the Yoast SEO plugin v20.1 - https:\/\/yoast.com\/wordpress\/plugins\/seo\/ -->\n<title>Puzzle 1000 pi\u00e8ces adulte Brueghel the Elder - Fleurs dans un vase en bois<\/title>\n<meta name=\"description\" content=\"Puzzle 1000 pi\u00e8ces adulte Brueghel the Elder - Fleurs dans un vase en bois\" \/>\n<meta name=\"robots\" content=\"index, follow, max-snippet:-1, max-image-preview:large, max-video-preview:-1\" \/>\n<link rel=\"canonical\" href=\"https:\/\/business.roovi.com\/fr\/puzzle-1000-pieces-adulte-brueghel-the-elder-fleurs-dans-un-vase-en-bois\/p\/\" \/>\n<meta property=\"og:locale\" content=\"fr_FR\" \/>\n<meta property=\"og:type\" content=\"article\" \/>\n<meta property=\"og:title\" content=\"Puzzle 1000 pi\u00e8ces adulte Brueghel the Elder - Fleurs dans un vase en bois\" \/>\n<meta property=\"og:description\" content=\"Puzzle 1000 pi\u00e8ces adulte Brueghel the Elder - Fleurs dans un vase en bois\" \/>\n<meta property=\"og:url\" content=\"https:\/\/business.roovi.com\/fr\/puzzle-1000-pieces-adulte-brueghel-the-elder-fleurs-dans-un-vase-en-bois\/p\/\" \/>\n<meta property=\"og:site_name\" content=\"Roovi B2B\" \/>\n<meta property=\"article:publisher\" content=\"https:\/\/www.facebook.com\/wwwjucariero\" \/>\n<meta property=\"article:modified_time\" content=\"2022-07-13T10:15:58+00:00\" \/>\n<meta property=\"og:image\" content=\"https:\/\/business.roovi.com\/wp-content\/uploads\/2019\/04\/73778-05_ansamblu_dimensiuni_cutie_cm.png\" \/>\n\t<meta property=\"og:image:width\" content=\"1200\" \/>\n\t<meta property=\"og:image:height\" content=\"1200\" \/>\n\t<meta property=\"og:image:type\" content=\"image\/png\" \/>\n<meta name=\"twitter:label1\" content=\"Dur\u00e9e de lecture estim\u00e9e\" \/>\n\t<meta name=\"twitter:data1\" content=\"4 minutes\" \/>\n<script type=\"application\/ld+json\" class=\"yoast-schema-graph\">{\"@context\":\"https:\/\/schema.org\",\"@graph\":[{\"@type\":\"WebPage\",\"@id\":\"https:\/\/business.roovi.com\/fr\/puzzle-1000-pieces-adulte-brueghel-the-elder-fleurs-dans-un-vase-en-bois\/p\/\",\"url\":\"https:\/\/business.roovi.com\/fr\/puzzle-1000-pieces-adulte-brueghel-the-elder-fleurs-dans-un-vase-en-bois\/p\/\",\"name\":\"Puzzle 1000 pi\u00e8ces adulte Brueghel the Elder - Fleurs dans un vase en bois\",\"isPartOf\":{\"@id\":\"https:\/\/business.roovi.com\/fr\/#website\"},\"datePublished\":\"2019-04-25T09:07:45+00:00\",\"dateModified\":\"2022-07-13T10:15:58+00:00\",\"description\":\"Puzzle 1000 pi\u00e8ces adulte Brueghel the Elder - Fleurs dans un vase en bois\",\"breadcrumb\":{\"@id\":\"https:\/\/business.roovi.com\/fr\/puzzle-1000-pieces-adulte-brueghel-the-elder-fleurs-dans-un-vase-en-bois\/p\/#breadcrumb\"},\"inLanguage\":\"fr-FR\",\"potentialAction\":[{\"@type\":\"ReadAction\",\"target\":[\"https:\/\/business.roovi.com\/fr\/puzzle-1000-pieces-adulte-brueghel-the-elder-fleurs-dans-un-vase-en-bois\/p\/\"]}]},{\"@type\":\"BreadcrumbList\",\"@id\":\"https:\/\/business.roovi.com\/fr\/puzzle-1000-pieces-adulte-brueghel-the-elder-fleurs-dans-un-vase-en-bois\/p\/#breadcrumb\",\"itemListElement\":[{\"@type\":\"ListItem\",\"position\":1,\"name\":\"Home\",\"item\":\"https:\/\/business.roovi.com\/fr\/\"},{\"@type\":\"ListItem\",\"position\":2,\"name\":\"Boutique\",\"item\":\"https:\/\/business.roovi.com\/fr\/boutique\/\"},{\"@type\":\"ListItem\",\"position\":3,\"name\":\"Puzzle 1000 pi\u00e8ces adulte Brueghel the Elder &#8211; Fleurs dans un vase en bois\"}]},{\"@type\":\"WebSite\",\"@id\":\"https:\/\/business.roovi.com\/fr\/#website\",\"url\":\"https:\/\/business.roovi.com\/fr\/\",\"name\":\"Roovi B2B\",\"description\":\"Roovi Business Website\",\"potentialAction\":[{\"@type\":\"SearchAction\",\"target\":{\"@type\":\"EntryPoint\",\"urlTemplate\":\"https:\/\/business.roovi.com\/fr\/?s={search_term_string}\"},\"query-input\":\"required name=search_term_string\"}],\"inLanguage\":\"fr-FR\"}]}<\/script>\n<!-- \/ Yoast SEO plugin. -->","yoast_head_json":{"title":"Puzzle 1000 pi\u00e8ces adulte Brueghel the Elder - Fleurs dans un vase en bois","description":"Puzzle 1000 pi\u00e8ces adulte Brueghel the Elder - Fleurs dans un vase en bois","robots":{"index":"index","follow":"follow","max-snippet":"max-snippet:-1","max-image-preview":"max-image-preview:large","max-video-preview":"max-video-preview:-1"},"canonical":"https:\/\/business.roovi.com\/fr\/puzzle-1000-pieces-adulte-brueghel-the-elder-fleurs-dans-un-vase-en-bois\/p\/","og_locale":"fr_FR","og_type":"article","og_title":"Puzzle 1000 pi\u00e8ces adulte Brueghel the Elder - Fleurs dans un vase en bois","og_description":"Puzzle 1000 pi\u00e8ces adulte Brueghel the Elder - Fleurs dans un vase en bois","og_url":"https:\/\/business.roovi.com\/fr\/puzzle-1000-pieces-adulte-brueghel-the-elder-fleurs-dans-un-vase-en-bois\/p\/","og_site_name":"Roovi B2B","article_publisher":"https:\/\/www.facebook.com\/wwwjucariero","article_modified_time":"2022-07-13T10:15:58+00:00","og_image":[{"width":1200,"height":1200,"url":"https:\/\/business.roovi.com\/wp-content\/uploads\/2019\/04\/73778-05_ansamblu_dimensiuni_cutie_cm.png","type":"image\/png"}],"twitter_misc":{"Dur\u00e9e de lecture estim\u00e9e":"4 minutes"},"schema":{"@context":"https:\/\/schema.org","@graph":[{"@type":"WebPage","@id":"https:\/\/business.roovi.com\/fr\/puzzle-1000-pieces-adulte-brueghel-the-elder-fleurs-dans-un-vase-en-bois\/p\/","url":"https:\/\/business.roovi.com\/fr\/puzzle-1000-pieces-adulte-brueghel-the-elder-fleurs-dans-un-vase-en-bois\/p\/","name":"Puzzle 1000 pi\u00e8ces adulte Brueghel the Elder - Fleurs dans un vase en bois","isPartOf":{"@id":"https:\/\/business.roovi.com\/fr\/#website"},"datePublished":"2019-04-25T09:07:45+00:00","dateModified":"2022-07-13T10:15:58+00:00","description":"Puzzle 1000 pi\u00e8ces adulte Brueghel the Elder - Fleurs dans un vase en bois","breadcrumb":{"@id":"https:\/\/business.roovi.com\/fr\/puzzle-1000-pieces-adulte-brueghel-the-elder-fleurs-dans-un-vase-en-bois\/p\/#breadcrumb"},"inLanguage":"fr-FR","potentialAction":[{"@type":"ReadAction","target":["https:\/\/business.roovi.com\/fr\/puzzle-1000-pieces-adulte-brueghel-the-elder-fleurs-dans-un-vase-en-bois\/p\/"]}]},{"@type":"BreadcrumbList","@id":"https:\/\/business.roovi.com\/fr\/puzzle-1000-pieces-adulte-brueghel-the-elder-fleurs-dans-un-vase-en-bois\/p\/#breadcrumb","itemListElement":[{"@type":"ListItem","position":1,"name":"Home","item":"https:\/\/business.roovi.com\/fr\/"},{"@type":"ListItem","position":2,"name":"Boutique","item":"https:\/\/business.roovi.com\/fr\/boutique\/"},{"@type":"ListItem","position":3,"name":"Puzzle 1000 pi\u00e8ces adulte Brueghel the Elder &#8211; Fleurs dans un vase en bois"}]},{"@type":"WebSite","@id":"https:\/\/business.roovi.com\/fr\/#website","url":"https:\/\/business.roovi.com\/fr\/","name":"Roovi B2B","description":"Roovi Business Website","potentialAction":[{"@type":"SearchAction","target":{"@type":"EntryPoint","urlTemplate":"https:\/\/business.roovi.com\/fr\/?s={search_term_string}"},"query-input":"required name=search_term_string"}],"inLanguage":"fr-FR"}]}},"_links":{"self":[{"href":"https:\/\/business.roovi.com\/fr\/wp-json\/wp\/v2\/product\/52249","targetHints":{"allow":["GET"]}}],"collection":[{"href":"https:\/\/business.roovi.com\/fr\/wp-json\/wp\/v2\/product"}],"about":[{"href":"https:\/\/business.roovi.com\/fr\/wp-json\/wp\/v2\/types\/product"}],"version-history":[{"count":0,"href":"https:\/\/business.roovi.com\/fr\/wp-json\/wp\/v2\/product\/52249\/revisions"}],"wp:featuredmedia":[{"embeddable":true,"href":"https:\/\/business.roovi.com\/fr\/wp-json\/wp\/v2\/media\/63188"}],"wp:attachment":[{"href":"https:\/\/business.roovi.com\/fr\/wp-json\/wp\/v2\/media?parent=52249"}],"wp:term":[{"taxonomy":"product_brand","embeddable":true,"href":"https:\/\/business.roovi.com\/fr\/wp-json\/wp\/v2\/product_brand?post=52249"},{"taxonomy":"product_cat","embeddable":true,"href":"https:\/\/business.roovi.com\/fr\/wp-json\/wp\/v2\/product_cat?post=52249"},{"taxonomy":"product_tag","embeddable":true,"href":"https:\/\/business.roovi.com\/fr\/wp-json\/wp\/v2\/product_tag?post=52249"}],"curies":[{"name":"wp","href":"https:\/\/api.w.org\/{rel}","templated":true}]}}