{"id":52260,"date":"2019-04-12T12:16:55","date_gmt":"2019-04-12T12:16:55","guid":{"rendered":"https:\/\/business.roovi.com\/puzzle-adulti-1000-piese-nature-birds-and-insectspasari-si-insecte\/p\/"},"modified":"2022-07-13T10:16:01","modified_gmt":"2022-07-13T10:16:01","slug":"puzzle-adulte-1000-pieces-nature-oiseaux-et-insectes","status":"publish","type":"product","link":"https:\/\/business.roovi.com\/fr\/puzzle-adulte-1000-pieces-nature-oiseaux-et-insectes\/p\/","title":{"rendered":"Puzzle adulte 1000 pi\u00e8ces Nature &#8211; Oiseaux et Insectes"},"content":{"rendered":"<p><strong><em>Tu es fascin\u00e9 par le monde des jeux de puzzle et tu veux assembler un mod\u00e8le sp\u00e9cial pour d\u00e9montrer ta ma\u00eetrise ? Le puzzle de 1000 pi\u00e8ces Oiseaux et Insectes de la collection de puzzles Nature est exactement ce qu&rsquo;il te faut.<\/em><\/strong><\/p>\n<p><span style=\"font-weight: 400;\">D\u00e9couvre une illustration originale avec de nombreux d\u00e9tails fascinants de la nature, con\u00e7ue par l&rsquo;artiste <\/span><span style=\"font-weight: 400;\">D\u00e1vid-K\u00e1tai Eszter. Mets les pi\u00e8ces les unes apr\u00e8s les autres et trouve tous les oiseaux et insectes de l&rsquo;image <\/span><\/p>\n<p><span style=\"font-weight: 400;\">Tu as besoin d&rsquo;un peu d&rsquo;aide ? Pourquoi ne pas refaire la photo avec tes enfants ? Ils seront certainement ravis de d\u00e9couvrir un monde en mouvement, une v\u00e9ritable explosion de couleurs et de joie dans une image d\u00e9licieuse. Au final, l&rsquo;image obtenue peut devenir une pi\u00e8ce d\u00e9corative pour leur chambre. Il restera un merveilleux souvenir du temps pass\u00e9 ensemble.<\/span><\/p>\n<p><span style=\"font-weight: 400;\">Le puzzle de 1000 pi\u00e8ces Oiseaux et Insectes t&#8217;emm\u00e8ne dans un monde anim\u00e9 o\u00f9 les cr\u00e9atures vivent ensemble en harmonie. Recadre cette belle image et profite de nombreuses heures de d\u00e9tente et de plaisir authentique avec tes proches.<\/span><\/p>\n<p><strong>Pourquoi choisir le puzzle Oiseaux et Insectes de 1000 pi\u00e8ces ?<\/strong><\/p>\n<p><span style=\"font-weight: 400;\">Un puzzle de 1000 pi\u00e8ces avec une illustration originale t&rsquo;inspire et d\u00e9veloppe ta cr\u00e9ativit\u00e9.<\/span><\/p>\n<p><span style=\"font-weight: 400;\">C&rsquo;est l&rsquo;occasion de rompre avec la monotonie quotidienne.<\/span><\/p>\n<p><span style=\"font-weight: 400;\">Elle cultive ta patience et ton sens du d\u00e9tail.<\/span><\/p>\n<p><span style=\"font-weight: 400;\">Tu obtiens un tableau fascinant de 68 x 47 cm qui peut devenir une d\u00e9coration tr\u00e8s admir\u00e9e.<\/span><\/p>\n<p><span style=\"font-weight: 400;\">Il est fabriqu\u00e9 en carton de haute qualit\u00e9 qui lui conf\u00e8re une durabilit\u00e9 dans le temps, m\u00eame lorsqu&rsquo;il est assembl\u00e9 plusieurs fois.<\/span><\/p>\n<p><span style=\"font-weight: 400;\">Il a une finition semi-brillante et des couleurs vives qui font ressortir la beaut\u00e9 de l&rsquo;image.<\/span><\/p>\n<p><span style=\"font-weight: 400;\">Il est respectueux de la nature, fabriqu\u00e9 \u00e0 partir de mat\u00e9riaux durables et recyclables.<\/span><\/p>\n<p><span style=\"font-weight: 400;\">Il convient aux personnes de plus de 14 ans et pr\u00e9sente un degr\u00e9 de difficult\u00e9 moyen.<\/span><\/p>\n<p><strong>Savais-tu que..<\/strong><\/p>\n<p><span style=\"font-weight: 400;\">Les jeux de puzzle t&rsquo;aident \u00e0 stimuler ta productivit\u00e9. L&rsquo;activit\u00e9 d&rsquo;assemblage t&rsquo;aide \u00e0 te concentrer intens\u00e9ment sur une t\u00e2che pr\u00e9cise et \u00e0 atteindre ainsi l&rsquo;objectif souhait\u00e9. En entra\u00eenant ton esprit chaque jour de cette mani\u00e8re, tu parviens \u00e0 \u00eatre plus productif et \u00e0 r\u00e9soudre les t\u00e2ches quotidiennes rapidement et correctement.<\/span><\/p>\n<p><span style=\"font-weight: 400;\">Les jeux de r\u00e9flexion sont un excellent entra\u00eenement mental. Pendant l&rsquo;activit\u00e9 d&rsquo;assemblage, les h\u00e9misph\u00e8res droit et gauche du cerveau sont impliqu\u00e9s. Cela entra\u00eene ta pens\u00e9e logique et ta cr\u00e9ativit\u00e9 en m\u00eame temps <\/span><\/p>\n<p><strong>Puzzle adulte de 1000 pi\u00e8ces Oiseaux et insectes pour des moments de reconnexion avec soi-m\u00eame<\/strong><\/p>\n<p><span style=\"font-weight: 400;\">Si tu ressens le besoin de te r\u00e9server quelques heures rien que pour toi, le puzzle de 1000 pi\u00e8ces Oiseaux et Insectes de la collection de puzzles Nature est id\u00e9al. Pendant que tu te concentres pour faire entrer les pi\u00e8ces dans le grand tableau, tu te lib\u00e8res du stress et de toutes les pens\u00e9es n\u00e9gatives.<\/span><\/p>\n<p><span style=\"font-weight: 400;\">Tu te reconnectes avec toi-m\u00eame, tu d\u00e9couvres ton \u00eatre int\u00e9rieur et tu vis l&rsquo;harmonie du pr\u00e9sent sans \u00eatre perturb\u00e9 par les soucis quotidiens. Tu ne te rends m\u00eame pas compte que des heures ont pass\u00e9 et que tu es si calme et d\u00e9tendue quand tu colles la derni\u00e8re pi\u00e8ce du puzzle 1000.<\/span><\/p>\n<p><span style=\"font-weight: 400;\">Que tu veuilles socialiser avec tes amis, renforcer ta relation avec tes enfants ou te reconnecter avec l&rsquo;\u00e9nergie universelle, le puzzle pour adultes Oiseaux et Insectes de 1000 pi\u00e8ces est le jeu de puzzle dont tu ne veux pas te passer chez toi. Elle apporte des sourires, de l&rsquo;\u00e9nergie et de l&rsquo;optimisme \u00e0 toi et \u00e0 tes proches. Il peut aussi faire un excellent cadeau de vacances ou pour tout ami qui aime les jeux de r\u00e9flexion.<\/span><\/p><\/p>\n","protected":false},"excerpt":{"rendered":"<p>Tu es fascin\u00e9 par le monde des jeux de puzzle et tu veux assembler un mod\u00e8le sp\u00e9cial pour d\u00e9montrer ta<\/p>\n","protected":false},"featured_media":52262,"template":"","meta":[],"product_brand":[],"product_cat":[2314,2316,2315],"product_tag":[],"class_list":{"0":"post-52260","1":"product","2":"type-product","3":"status-publish","4":"has-post-thumbnail","6":"product_cat-puzzles-fr","7":"product_cat-puzzles-de-1000-pieces","8":"product_cat-puzzles-pour-adultes","9":"pa_brand-deico-fr","10":"pa_country_of_manufacture-ro-fr","11":"pa_filter_age-14-fr","12":"pa_tip_ambalaj-boite","13":"pa_tip_puzzle-classique","15":"first","16":"instock","17":"taxable","18":"shipping-taxable","19":"product-type-simple"},"yoast_head":"<!-- This site is optimized with the Yoast SEO plugin v20.1 - https:\/\/yoast.com\/wordpress\/plugins\/seo\/ -->\n<title>Puzzle adulte 1000 pi\u00e8ces Nature - Oiseaux et Insectes<\/title>\n<meta name=\"description\" content=\"Puzzle adulte 1000 pi\u00e8ces Nature - Oiseaux et Insectes\" \/>\n<meta name=\"robots\" content=\"index, follow, max-snippet:-1, max-image-preview:large, max-video-preview:-1\" \/>\n<link rel=\"canonical\" href=\"https:\/\/business.roovi.com\/fr\/puzzle-adulte-1000-pieces-nature-oiseaux-et-insectes\/p\/\" \/>\n<meta property=\"og:locale\" content=\"fr_FR\" \/>\n<meta property=\"og:type\" content=\"article\" \/>\n<meta property=\"og:title\" content=\"Puzzle adulte 1000 pi\u00e8ces Nature - Oiseaux et Insectes\" \/>\n<meta property=\"og:description\" content=\"Puzzle adulte 1000 pi\u00e8ces Nature - Oiseaux et Insectes\" \/>\n<meta property=\"og:url\" content=\"https:\/\/business.roovi.com\/fr\/puzzle-adulte-1000-pieces-nature-oiseaux-et-insectes\/p\/\" \/>\n<meta property=\"og:site_name\" content=\"Roovi B2B\" \/>\n<meta property=\"article:publisher\" content=\"https:\/\/www.facebook.com\/wwwjucariero\" \/>\n<meta property=\"article:modified_time\" content=\"2022-07-13T10:16:01+00:00\" \/>\n<meta property=\"og:image\" content=\"https:\/\/business.roovi.com\/wp-content\/uploads\/2019\/04\/puzzle_1000_nature-75451_np_02.jpg\" \/>\n\t<meta property=\"og:image:width\" content=\"1000\" \/>\n\t<meta property=\"og:image:height\" content=\"1000\" \/>\n\t<meta property=\"og:image:type\" content=\"image\/jpeg\" \/>\n<meta name=\"twitter:label1\" content=\"Dur\u00e9e de lecture estim\u00e9e\" \/>\n\t<meta name=\"twitter:data1\" content=\"3 minutes\" \/>\n<script type=\"application\/ld+json\" class=\"yoast-schema-graph\">{\"@context\":\"https:\/\/schema.org\",\"@graph\":[{\"@type\":\"WebPage\",\"@id\":\"https:\/\/business.roovi.com\/fr\/puzzle-adulte-1000-pieces-nature-oiseaux-et-insectes\/p\/\",\"url\":\"https:\/\/business.roovi.com\/fr\/puzzle-adulte-1000-pieces-nature-oiseaux-et-insectes\/p\/\",\"name\":\"Puzzle adulte 1000 pi\u00e8ces Nature - Oiseaux et Insectes\",\"isPartOf\":{\"@id\":\"https:\/\/business.roovi.com\/fr\/#website\"},\"datePublished\":\"2019-04-12T12:16:55+00:00\",\"dateModified\":\"2022-07-13T10:16:01+00:00\",\"description\":\"Puzzle adulte 1000 pi\u00e8ces Nature - Oiseaux et Insectes\",\"breadcrumb\":{\"@id\":\"https:\/\/business.roovi.com\/fr\/puzzle-adulte-1000-pieces-nature-oiseaux-et-insectes\/p\/#breadcrumb\"},\"inLanguage\":\"fr-FR\",\"potentialAction\":[{\"@type\":\"ReadAction\",\"target\":[\"https:\/\/business.roovi.com\/fr\/puzzle-adulte-1000-pieces-nature-oiseaux-et-insectes\/p\/\"]}]},{\"@type\":\"BreadcrumbList\",\"@id\":\"https:\/\/business.roovi.com\/fr\/puzzle-adulte-1000-pieces-nature-oiseaux-et-insectes\/p\/#breadcrumb\",\"itemListElement\":[{\"@type\":\"ListItem\",\"position\":1,\"name\":\"Home\",\"item\":\"https:\/\/business.roovi.com\/fr\/\"},{\"@type\":\"ListItem\",\"position\":2,\"name\":\"Boutique\",\"item\":\"https:\/\/business.roovi.com\/fr\/boutique\/\"},{\"@type\":\"ListItem\",\"position\":3,\"name\":\"Puzzle adulte 1000 pi\u00e8ces Nature &#8211; Oiseaux et Insectes\"}]},{\"@type\":\"WebSite\",\"@id\":\"https:\/\/business.roovi.com\/fr\/#website\",\"url\":\"https:\/\/business.roovi.com\/fr\/\",\"name\":\"Roovi B2B\",\"description\":\"Roovi Business Website\",\"potentialAction\":[{\"@type\":\"SearchAction\",\"target\":{\"@type\":\"EntryPoint\",\"urlTemplate\":\"https:\/\/business.roovi.com\/fr\/?s={search_term_string}\"},\"query-input\":\"required name=search_term_string\"}],\"inLanguage\":\"fr-FR\"}]}<\/script>\n<!-- \/ Yoast SEO plugin. -->","yoast_head_json":{"title":"Puzzle adulte 1000 pi\u00e8ces Nature - Oiseaux et Insectes","description":"Puzzle adulte 1000 pi\u00e8ces Nature - Oiseaux et Insectes","robots":{"index":"index","follow":"follow","max-snippet":"max-snippet:-1","max-image-preview":"max-image-preview:large","max-video-preview":"max-video-preview:-1"},"canonical":"https:\/\/business.roovi.com\/fr\/puzzle-adulte-1000-pieces-nature-oiseaux-et-insectes\/p\/","og_locale":"fr_FR","og_type":"article","og_title":"Puzzle adulte 1000 pi\u00e8ces Nature - Oiseaux et Insectes","og_description":"Puzzle adulte 1000 pi\u00e8ces Nature - Oiseaux et Insectes","og_url":"https:\/\/business.roovi.com\/fr\/puzzle-adulte-1000-pieces-nature-oiseaux-et-insectes\/p\/","og_site_name":"Roovi B2B","article_publisher":"https:\/\/www.facebook.com\/wwwjucariero","article_modified_time":"2022-07-13T10:16:01+00:00","og_image":[{"width":1000,"height":1000,"url":"https:\/\/business.roovi.com\/wp-content\/uploads\/2019\/04\/puzzle_1000_nature-75451_np_02.jpg","type":"image\/jpeg"}],"twitter_misc":{"Dur\u00e9e de lecture estim\u00e9e":"3 minutes"},"schema":{"@context":"https:\/\/schema.org","@graph":[{"@type":"WebPage","@id":"https:\/\/business.roovi.com\/fr\/puzzle-adulte-1000-pieces-nature-oiseaux-et-insectes\/p\/","url":"https:\/\/business.roovi.com\/fr\/puzzle-adulte-1000-pieces-nature-oiseaux-et-insectes\/p\/","name":"Puzzle adulte 1000 pi\u00e8ces Nature - Oiseaux et Insectes","isPartOf":{"@id":"https:\/\/business.roovi.com\/fr\/#website"},"datePublished":"2019-04-12T12:16:55+00:00","dateModified":"2022-07-13T10:16:01+00:00","description":"Puzzle adulte 1000 pi\u00e8ces Nature - Oiseaux et Insectes","breadcrumb":{"@id":"https:\/\/business.roovi.com\/fr\/puzzle-adulte-1000-pieces-nature-oiseaux-et-insectes\/p\/#breadcrumb"},"inLanguage":"fr-FR","potentialAction":[{"@type":"ReadAction","target":["https:\/\/business.roovi.com\/fr\/puzzle-adulte-1000-pieces-nature-oiseaux-et-insectes\/p\/"]}]},{"@type":"BreadcrumbList","@id":"https:\/\/business.roovi.com\/fr\/puzzle-adulte-1000-pieces-nature-oiseaux-et-insectes\/p\/#breadcrumb","itemListElement":[{"@type":"ListItem","position":1,"name":"Home","item":"https:\/\/business.roovi.com\/fr\/"},{"@type":"ListItem","position":2,"name":"Boutique","item":"https:\/\/business.roovi.com\/fr\/boutique\/"},{"@type":"ListItem","position":3,"name":"Puzzle adulte 1000 pi\u00e8ces Nature &#8211; Oiseaux et Insectes"}]},{"@type":"WebSite","@id":"https:\/\/business.roovi.com\/fr\/#website","url":"https:\/\/business.roovi.com\/fr\/","name":"Roovi B2B","description":"Roovi Business Website","potentialAction":[{"@type":"SearchAction","target":{"@type":"EntryPoint","urlTemplate":"https:\/\/business.roovi.com\/fr\/?s={search_term_string}"},"query-input":"required name=search_term_string"}],"inLanguage":"fr-FR"}]}},"_links":{"self":[{"href":"https:\/\/business.roovi.com\/fr\/wp-json\/wp\/v2\/product\/52260","targetHints":{"allow":["GET"]}}],"collection":[{"href":"https:\/\/business.roovi.com\/fr\/wp-json\/wp\/v2\/product"}],"about":[{"href":"https:\/\/business.roovi.com\/fr\/wp-json\/wp\/v2\/types\/product"}],"version-history":[{"count":0,"href":"https:\/\/business.roovi.com\/fr\/wp-json\/wp\/v2\/product\/52260\/revisions"}],"wp:featuredmedia":[{"embeddable":true,"href":"https:\/\/business.roovi.com\/fr\/wp-json\/wp\/v2\/media\/52262"}],"wp:attachment":[{"href":"https:\/\/business.roovi.com\/fr\/wp-json\/wp\/v2\/media?parent=52260"}],"wp:term":[{"taxonomy":"product_brand","embeddable":true,"href":"https:\/\/business.roovi.com\/fr\/wp-json\/wp\/v2\/product_brand?post=52260"},{"taxonomy":"product_cat","embeddable":true,"href":"https:\/\/business.roovi.com\/fr\/wp-json\/wp\/v2\/product_cat?post=52260"},{"taxonomy":"product_tag","embeddable":true,"href":"https:\/\/business.roovi.com\/fr\/wp-json\/wp\/v2\/product_tag?post=52260"}],"curies":[{"name":"wp","href":"https:\/\/api.w.org\/{rel}","templated":true}]}}