{"id":52263,"date":"2019-04-12T12:04:04","date_gmt":"2019-04-12T12:04:04","guid":{"rendered":"https:\/\/business.roovi.com\/puzzle-adulti-1000-piese-nature-aquatic\/p\/"},"modified":"2022-07-13T10:16:01","modified_gmt":"2022-07-13T10:16:01","slug":"puzzle-nature-adulte-1000-pieces-aquatique","status":"publish","type":"product","link":"https:\/\/business.roovi.com\/fr\/puzzle-nature-adulte-1000-pieces-aquatique\/p\/","title":{"rendered":"Puzzle Nature Adulte 1000 pi\u00e8ces &#8211; Aquatique"},"content":{"rendered":"<p><strong><em>Vis de nombreuses heures de plaisir et de d\u00e9tente avec le puzzle Nature &#8211; Aquatique de 1000 pi\u00e8ces. Un monde aquatique diff\u00e9rent dans une illustration originale te surprend dans un jeu de puzzle au design particulier.<\/em><\/strong><\/p>\n<p><span style=\"font-weight: 400;\">Si tu cherches un puzzle original de 1000 pi\u00e8ces avec une image qui ne ressemble \u00e0 rien de ce que tu as d\u00e9j\u00e0 assembl\u00e9, tu es au bon endroit. Le puzzle adulte Aquatic de la collection de puzzles 1000 pi\u00e8ces Nature pr\u00e9sente une illustration unique d&rsquo;un monde aquatique imagin\u00e9 par l&rsquo;artiste <\/span><span style=\"font-weight: 400;\">D\u00e1vid-K\u00e1tai Eszter.<\/span><\/p>\n<p><span style=\"font-weight: 400;\">De nombreux d\u00e9tails r\u00e9alis\u00e9s par des experts : des plantes, des poissons et d&rsquo;autres formes de vie marine dans des couleurs agr\u00e9ables et vives captent ton attention pendant longtemps et te mettent au d\u00e9fi de montrer tes comp\u00e9tences en mati\u00e8re de puzzle. Si tu veux passer quelques heures merveilleuses avec tes enfants, pense \u00e0 ce jeu de puzzle qui les ravira au-del\u00e0 de toute mesure.<\/span><\/p>\n<p><span style=\"font-weight: 400;\">Tu peux utiliser une table basse standard pour soutenir les pi\u00e8ces. \u00c0 la fin, tu auras une planche de <strong>47 x 68 cm.<\/strong> Mets-le dans le cadre et utilise-le comme un objet de d\u00e9coration <\/span><\/p>\n<p><strong>Comprend un puzzle Nature &#8211; Aquatique de 1000 pi\u00e8ces :<\/strong><\/p>\n<p><strong>Mat\u00e9riau du puzzle <\/strong><\/p>\n<p><strong>carton bleu de haute qualit\u00e9<\/strong><\/p>\n<p><strong>des mat\u00e9riaux durables et recyclables<\/strong><\/p>\n<p><strong>finition semi-brillante, couleurs vives<\/strong><\/p>\n<p><strong>Nombre de pi\u00e8ces de puzzle : 1000<\/strong><\/p>\n<p><strong>\u00c2ge recommand\u00e9 : 14+<\/strong><\/p>\n<p><strong>Savais-tu que..<\/strong><\/p>\n<p><span style=\"font-weight: 400;\">Les jeux de puzzle constituent un pr\u00e9cieux entra\u00eenement c\u00e9r\u00e9bral. Ils font appel aux h\u00e9misph\u00e8res droit et gauche du cerveau. Tu penses donc de mani\u00e8re analytique et tu d\u00e9veloppes en m\u00eame temps ta cr\u00e9ativit\u00e9. De plus, comme elle maintient ton cerveau actif \u00e0 tout \u00e2ge, elle te prot\u00e8ge des maladies neurod\u00e9g\u00e9n\u00e9ratives comme Alzheimer et la d\u00e9mence.<\/span><\/p>\n<p><span style=\"font-weight: 400;\">Pendant le jeu de puzzle, davantage de dopamine est s\u00e9cr\u00e9t\u00e9e dans le cerveau. Ce neurotransmetteur est responsable du sentiment de bien-\u00eatre, de l&rsquo;optimisme et du bonheur.<\/span><\/p>\n<p><span style=\"font-weight: 400;\">Les jeux de r\u00e9flexion offrent \u00e9galement de nombreux autres avantages qui se refl\u00e8tent \u00e0 plusieurs niveaux :<\/span><\/p>\n<ul>\n<li><span style=\"font-weight: 400;\">Il cultive ton attention et ta patience.<\/span><\/li>\n<li><span style=\"font-weight: 400;\">Ils am\u00e9liorent les comp\u00e9tences visuo-spatiales et la coordination.<\/span><\/li>\n<li><span style=\"font-weight: 400;\">Ils d\u00e9veloppent tes comp\u00e9tences en mati\u00e8re de r\u00e9solution de probl\u00e8mes.<\/span><\/li>\n<li><span style=\"font-weight: 400;\">Ils t&rsquo;aident \u00e0 mieux te concentrer et \u00e0 augmenter ta productivit\u00e9.<\/span><\/li>\n<li><span style=\"font-weight: 400;\">Encourage la coop\u00e9ration et le travail d&rsquo;\u00e9quipe.<\/span><\/li>\n<\/ul>\n<p><strong>Nature &#8211; Le puzzle aquatique de 1000 pi\u00e8ces rompt la monotonie des jours de mauvais temps<\/strong><\/p>\n<p><span style=\"font-weight: 400;\">Le soleil se cache derri\u00e8re les nuages et tu n&rsquo;as pas envie de sortir de la maison ? Assemble le puzzle Nature &#8211; Aquatique de 1000 pi\u00e8ces et donne de la valeur \u00e0 ton temps libre. Appelle tes amis et construis ensemble une image merveilleuse et de nombreux souvenirs inoubliables.<\/span><\/p>\n<p><span style=\"font-weight: 400;\">Choisis donc le puzzle adulte de 1000 pi\u00e8ces <\/span><span style=\"font-weight: 400;\">Nature &#8211; Aquatique pour rompre la monotonie des journ\u00e9es froides ou pour passer du temps de qualit\u00e9 avec tes proches. De plus, si tu cherches un cadeau pour surprendre agr\u00e9ablement un ami, ce jeu de puzzle magnifiquement con\u00e7u est l&rsquo;option parfaite.<\/span><\/p><\/p>\n","protected":false},"excerpt":{"rendered":"<p>Vis de nombreuses heures de plaisir et de d\u00e9tente avec le puzzle Nature &#8211; Aquatique de 1000 pi\u00e8ces. Un monde<\/p>\n","protected":false},"featured_media":0,"template":"","meta":[],"product_brand":[],"product_cat":[2314,2316,2315],"product_tag":[],"class_list":{"0":"post-52263","1":"product","2":"type-product","3":"status-publish","5":"product_cat-puzzles-fr","6":"product_cat-puzzles-de-1000-pieces","7":"product_cat-puzzles-pour-adultes","8":"pa_brand-deico-fr","9":"pa_country_of_manufacture-ro-fr","10":"pa_filter_age-14-fr","11":"pa_tip_ambalaj-boite","12":"pa_tip_puzzle-classique","14":"first","15":"instock","16":"taxable","17":"shipping-taxable","18":"product-type-simple"},"yoast_head":"<!-- This site is optimized with the Yoast SEO plugin v20.1 - https:\/\/yoast.com\/wordpress\/plugins\/seo\/ -->\n<title>Puzzle Nature Adulte 1000 pi\u00e8ces - Aquatique<\/title>\n<meta name=\"description\" content=\"Puzzle Nature Adulte 1000 pi\u00e8ces - Aquatique\" \/>\n<meta name=\"robots\" content=\"index, follow, max-snippet:-1, max-image-preview:large, max-video-preview:-1\" \/>\n<link rel=\"canonical\" href=\"https:\/\/business.roovi.com\/fr\/puzzle-nature-adulte-1000-pieces-aquatique\/p\/\" \/>\n<meta property=\"og:locale\" content=\"fr_FR\" \/>\n<meta property=\"og:type\" content=\"article\" \/>\n<meta property=\"og:title\" content=\"Puzzle Nature Adulte 1000 pi\u00e8ces - Aquatique\" \/>\n<meta property=\"og:description\" content=\"Puzzle Nature Adulte 1000 pi\u00e8ces - Aquatique\" \/>\n<meta property=\"og:url\" content=\"https:\/\/business.roovi.com\/fr\/puzzle-nature-adulte-1000-pieces-aquatique\/p\/\" \/>\n<meta property=\"og:site_name\" content=\"Roovi B2B\" \/>\n<meta property=\"article:publisher\" content=\"https:\/\/www.facebook.com\/wwwjucariero\" \/>\n<meta property=\"article:modified_time\" content=\"2022-07-13T10:16:01+00:00\" \/>\n<meta name=\"twitter:label1\" content=\"Dur\u00e9e de lecture estim\u00e9e\" \/>\n\t<meta name=\"twitter:data1\" content=\"3 minutes\" \/>\n<script type=\"application\/ld+json\" class=\"yoast-schema-graph\">{\"@context\":\"https:\/\/schema.org\",\"@graph\":[{\"@type\":\"WebPage\",\"@id\":\"https:\/\/business.roovi.com\/fr\/puzzle-nature-adulte-1000-pieces-aquatique\/p\/\",\"url\":\"https:\/\/business.roovi.com\/fr\/puzzle-nature-adulte-1000-pieces-aquatique\/p\/\",\"name\":\"Puzzle Nature Adulte 1000 pi\u00e8ces - Aquatique\",\"isPartOf\":{\"@id\":\"https:\/\/business.roovi.com\/fr\/#website\"},\"datePublished\":\"2019-04-12T12:04:04+00:00\",\"dateModified\":\"2022-07-13T10:16:01+00:00\",\"description\":\"Puzzle Nature Adulte 1000 pi\u00e8ces - Aquatique\",\"breadcrumb\":{\"@id\":\"https:\/\/business.roovi.com\/fr\/puzzle-nature-adulte-1000-pieces-aquatique\/p\/#breadcrumb\"},\"inLanguage\":\"fr-FR\",\"potentialAction\":[{\"@type\":\"ReadAction\",\"target\":[\"https:\/\/business.roovi.com\/fr\/puzzle-nature-adulte-1000-pieces-aquatique\/p\/\"]}]},{\"@type\":\"BreadcrumbList\",\"@id\":\"https:\/\/business.roovi.com\/fr\/puzzle-nature-adulte-1000-pieces-aquatique\/p\/#breadcrumb\",\"itemListElement\":[{\"@type\":\"ListItem\",\"position\":1,\"name\":\"Home\",\"item\":\"https:\/\/business.roovi.com\/fr\/\"},{\"@type\":\"ListItem\",\"position\":2,\"name\":\"Boutique\",\"item\":\"https:\/\/business.roovi.com\/fr\/boutique\/\"},{\"@type\":\"ListItem\",\"position\":3,\"name\":\"Puzzle Nature Adulte 1000 pi\u00e8ces &#8211; Aquatique\"}]},{\"@type\":\"WebSite\",\"@id\":\"https:\/\/business.roovi.com\/fr\/#website\",\"url\":\"https:\/\/business.roovi.com\/fr\/\",\"name\":\"Roovi B2B\",\"description\":\"Roovi Business Website\",\"potentialAction\":[{\"@type\":\"SearchAction\",\"target\":{\"@type\":\"EntryPoint\",\"urlTemplate\":\"https:\/\/business.roovi.com\/fr\/?s={search_term_string}\"},\"query-input\":\"required name=search_term_string\"}],\"inLanguage\":\"fr-FR\"}]}<\/script>\n<!-- \/ Yoast SEO plugin. -->","yoast_head_json":{"title":"Puzzle Nature Adulte 1000 pi\u00e8ces - Aquatique","description":"Puzzle Nature Adulte 1000 pi\u00e8ces - Aquatique","robots":{"index":"index","follow":"follow","max-snippet":"max-snippet:-1","max-image-preview":"max-image-preview:large","max-video-preview":"max-video-preview:-1"},"canonical":"https:\/\/business.roovi.com\/fr\/puzzle-nature-adulte-1000-pieces-aquatique\/p\/","og_locale":"fr_FR","og_type":"article","og_title":"Puzzle Nature Adulte 1000 pi\u00e8ces - Aquatique","og_description":"Puzzle Nature Adulte 1000 pi\u00e8ces - Aquatique","og_url":"https:\/\/business.roovi.com\/fr\/puzzle-nature-adulte-1000-pieces-aquatique\/p\/","og_site_name":"Roovi B2B","article_publisher":"https:\/\/www.facebook.com\/wwwjucariero","article_modified_time":"2022-07-13T10:16:01+00:00","twitter_misc":{"Dur\u00e9e de lecture estim\u00e9e":"3 minutes"},"schema":{"@context":"https:\/\/schema.org","@graph":[{"@type":"WebPage","@id":"https:\/\/business.roovi.com\/fr\/puzzle-nature-adulte-1000-pieces-aquatique\/p\/","url":"https:\/\/business.roovi.com\/fr\/puzzle-nature-adulte-1000-pieces-aquatique\/p\/","name":"Puzzle Nature Adulte 1000 pi\u00e8ces - Aquatique","isPartOf":{"@id":"https:\/\/business.roovi.com\/fr\/#website"},"datePublished":"2019-04-12T12:04:04+00:00","dateModified":"2022-07-13T10:16:01+00:00","description":"Puzzle Nature Adulte 1000 pi\u00e8ces - Aquatique","breadcrumb":{"@id":"https:\/\/business.roovi.com\/fr\/puzzle-nature-adulte-1000-pieces-aquatique\/p\/#breadcrumb"},"inLanguage":"fr-FR","potentialAction":[{"@type":"ReadAction","target":["https:\/\/business.roovi.com\/fr\/puzzle-nature-adulte-1000-pieces-aquatique\/p\/"]}]},{"@type":"BreadcrumbList","@id":"https:\/\/business.roovi.com\/fr\/puzzle-nature-adulte-1000-pieces-aquatique\/p\/#breadcrumb","itemListElement":[{"@type":"ListItem","position":1,"name":"Home","item":"https:\/\/business.roovi.com\/fr\/"},{"@type":"ListItem","position":2,"name":"Boutique","item":"https:\/\/business.roovi.com\/fr\/boutique\/"},{"@type":"ListItem","position":3,"name":"Puzzle Nature Adulte 1000 pi\u00e8ces &#8211; Aquatique"}]},{"@type":"WebSite","@id":"https:\/\/business.roovi.com\/fr\/#website","url":"https:\/\/business.roovi.com\/fr\/","name":"Roovi B2B","description":"Roovi Business Website","potentialAction":[{"@type":"SearchAction","target":{"@type":"EntryPoint","urlTemplate":"https:\/\/business.roovi.com\/fr\/?s={search_term_string}"},"query-input":"required name=search_term_string"}],"inLanguage":"fr-FR"}]}},"_links":{"self":[{"href":"https:\/\/business.roovi.com\/fr\/wp-json\/wp\/v2\/product\/52263","targetHints":{"allow":["GET"]}}],"collection":[{"href":"https:\/\/business.roovi.com\/fr\/wp-json\/wp\/v2\/product"}],"about":[{"href":"https:\/\/business.roovi.com\/fr\/wp-json\/wp\/v2\/types\/product"}],"version-history":[{"count":0,"href":"https:\/\/business.roovi.com\/fr\/wp-json\/wp\/v2\/product\/52263\/revisions"}],"wp:attachment":[{"href":"https:\/\/business.roovi.com\/fr\/wp-json\/wp\/v2\/media?parent=52263"}],"wp:term":[{"taxonomy":"product_brand","embeddable":true,"href":"https:\/\/business.roovi.com\/fr\/wp-json\/wp\/v2\/product_brand?post=52263"},{"taxonomy":"product_cat","embeddable":true,"href":"https:\/\/business.roovi.com\/fr\/wp-json\/wp\/v2\/product_cat?post=52263"},{"taxonomy":"product_tag","embeddable":true,"href":"https:\/\/business.roovi.com\/fr\/wp-json\/wp\/v2\/product_tag?post=52263"}],"curies":[{"name":"wp","href":"https:\/\/api.w.org\/{rel}","templated":true}]}}