{"id":52291,"date":"2019-02-19T10:25:26","date_gmt":"2019-02-19T10:25:26","guid":{"rendered":"https:\/\/business.roovi.com\/carti-de-joc-navigatori-celebri\/p\/"},"modified":"2023-03-01T15:24:23","modified_gmt":"2023-03-01T15:24:23","slug":"cartes-a-jouer-marins-celebres","status":"publish","type":"product","link":"https:\/\/business.roovi.com\/fr\/cartes-a-jouer-marins-celebres\/p\/","title":{"rendered":"Cartes \u00e0 jouer &#8211; Marins c\u00e9l\u00e8bres (55 cartes \u00e0 jouer avec des explorateurs et des marins c\u00e9l\u00e8bres)"},"content":{"rendered":"<p>Cartes \u00e0 jouer en papier de haute qualit\u00e9. Le paquet contient 55 cartes \u00e0 jouer repr\u00e9sentant de c\u00e9l\u00e8bres explorateurs et navigateurs : Roald Engelbregt Gravning Amundsen, Gertrude Bell, Vasco da Gama, Jean-Fran\u00e7ois de Galaup comte de La P\u00e9rouse, Jeanne Barret, Amerigo Vespucci, Francis Drake, Ida Pfeiffer, Christopher Columbus, Marco Polo, Isabella Bird, Ferdinand Magellan. Recommand\u00e9 pour les joueurs de plus de 14 ans.<\/p>\n","protected":false},"excerpt":{"rendered":"<p>Cartes \u00e0 jouer en papier de haute qualit\u00e9. Le paquet contient 55 cartes \u00e0 jouer repr\u00e9sentant de c\u00e9l\u00e8bres explorateurs et<\/p>\n","protected":false},"featured_media":52293,"template":"","meta":[],"product_brand":[],"product_cat":[2348,2303],"product_tag":[],"class_list":{"0":"post-52291","1":"product","2":"type-product","3":"status-publish","4":"has-post-thumbnail","6":"product_cat-cartes-a-jouer","7":"product_cat-jeux-de-societe","8":"pa_brand-deico-fr","9":"pa_country_of_manufacture-ro-fr","10":"pa_filter_age-14-fr","11":"pa_tip_ambalaj-boite","13":"first","14":"instock","15":"taxable","16":"shipping-taxable","17":"product-type-simple"},"yoast_head":"<!-- This site is optimized with the Yoast SEO plugin v20.1 - https:\/\/yoast.com\/wordpress\/plugins\/seo\/ -->\n<title>Cartes \u00e0 jouer - Marins c\u00e9l\u00e8bres<\/title>\n<meta name=\"description\" content=\"Cartes \u00e0 jouer - Marins c\u00e9l\u00e8bres\" \/>\n<meta name=\"robots\" content=\"index, follow, max-snippet:-1, max-image-preview:large, max-video-preview:-1\" \/>\n<link rel=\"canonical\" href=\"https:\/\/business.roovi.com\/fr\/cartes-a-jouer-marins-celebres\/p\/\" \/>\n<meta property=\"og:locale\" content=\"fr_FR\" \/>\n<meta property=\"og:type\" content=\"article\" \/>\n<meta property=\"og:title\" content=\"Cartes \u00e0 jouer - Marins c\u00e9l\u00e8bres\" \/>\n<meta property=\"og:description\" content=\"Cartes \u00e0 jouer - Marins c\u00e9l\u00e8bres\" \/>\n<meta property=\"og:url\" content=\"https:\/\/business.roovi.com\/fr\/cartes-a-jouer-marins-celebres\/p\/\" \/>\n<meta property=\"og:site_name\" content=\"Roovi B2B\" \/>\n<meta property=\"article:publisher\" content=\"https:\/\/www.facebook.com\/wwwjucariero\" \/>\n<meta property=\"article:modified_time\" content=\"2023-03-01T15:24:23+00:00\" \/>\n<meta property=\"og:image\" content=\"https:\/\/business.roovi.com\/wp-content\/uploads\/2019\/02\/navigator_kartya_3d.jpg\" \/>\n\t<meta property=\"og:image:width\" content=\"1200\" \/>\n\t<meta property=\"og:image:height\" content=\"1200\" \/>\n\t<meta property=\"og:image:type\" content=\"image\/jpeg\" \/>\n<meta name=\"twitter:label1\" content=\"Dur\u00e9e de lecture estim\u00e9e\" \/>\n\t<meta name=\"twitter:data1\" content=\"1 minute\" \/>\n<script type=\"application\/ld+json\" class=\"yoast-schema-graph\">{\"@context\":\"https:\/\/schema.org\",\"@graph\":[{\"@type\":\"WebPage\",\"@id\":\"https:\/\/business.roovi.com\/fr\/cartes-a-jouer-marins-celebres\/p\/\",\"url\":\"https:\/\/business.roovi.com\/fr\/cartes-a-jouer-marins-celebres\/p\/\",\"name\":\"Cartes \u00e0 jouer - Marins c\u00e9l\u00e8bres\",\"isPartOf\":{\"@id\":\"https:\/\/business.roovi.com\/fr\/#website\"},\"datePublished\":\"2019-02-19T10:25:26+00:00\",\"dateModified\":\"2023-03-01T15:24:23+00:00\",\"description\":\"Cartes \u00e0 jouer - Marins c\u00e9l\u00e8bres\",\"breadcrumb\":{\"@id\":\"https:\/\/business.roovi.com\/fr\/cartes-a-jouer-marins-celebres\/p\/#breadcrumb\"},\"inLanguage\":\"fr-FR\",\"potentialAction\":[{\"@type\":\"ReadAction\",\"target\":[\"https:\/\/business.roovi.com\/fr\/cartes-a-jouer-marins-celebres\/p\/\"]}]},{\"@type\":\"BreadcrumbList\",\"@id\":\"https:\/\/business.roovi.com\/fr\/cartes-a-jouer-marins-celebres\/p\/#breadcrumb\",\"itemListElement\":[{\"@type\":\"ListItem\",\"position\":1,\"name\":\"Home\",\"item\":\"https:\/\/business.roovi.com\/fr\/\"},{\"@type\":\"ListItem\",\"position\":2,\"name\":\"Boutique\",\"item\":\"https:\/\/business.roovi.com\/fr\/boutique\/\"},{\"@type\":\"ListItem\",\"position\":3,\"name\":\"Cartes \u00e0 jouer &#8211; Marins c\u00e9l\u00e8bres (55 cartes \u00e0 jouer avec des explorateurs et des marins c\u00e9l\u00e8bres)\"}]},{\"@type\":\"WebSite\",\"@id\":\"https:\/\/business.roovi.com\/fr\/#website\",\"url\":\"https:\/\/business.roovi.com\/fr\/\",\"name\":\"Roovi B2B\",\"description\":\"Roovi Business Website\",\"potentialAction\":[{\"@type\":\"SearchAction\",\"target\":{\"@type\":\"EntryPoint\",\"urlTemplate\":\"https:\/\/business.roovi.com\/fr\/?s={search_term_string}\"},\"query-input\":\"required name=search_term_string\"}],\"inLanguage\":\"fr-FR\"}]}<\/script>\n<!-- \/ Yoast SEO plugin. -->","yoast_head_json":{"title":"Cartes \u00e0 jouer - Marins c\u00e9l\u00e8bres","description":"Cartes \u00e0 jouer - Marins c\u00e9l\u00e8bres","robots":{"index":"index","follow":"follow","max-snippet":"max-snippet:-1","max-image-preview":"max-image-preview:large","max-video-preview":"max-video-preview:-1"},"canonical":"https:\/\/business.roovi.com\/fr\/cartes-a-jouer-marins-celebres\/p\/","og_locale":"fr_FR","og_type":"article","og_title":"Cartes \u00e0 jouer - Marins c\u00e9l\u00e8bres","og_description":"Cartes \u00e0 jouer - Marins c\u00e9l\u00e8bres","og_url":"https:\/\/business.roovi.com\/fr\/cartes-a-jouer-marins-celebres\/p\/","og_site_name":"Roovi B2B","article_publisher":"https:\/\/www.facebook.com\/wwwjucariero","article_modified_time":"2023-03-01T15:24:23+00:00","og_image":[{"width":1200,"height":1200,"url":"https:\/\/business.roovi.com\/wp-content\/uploads\/2019\/02\/navigator_kartya_3d.jpg","type":"image\/jpeg"}],"twitter_misc":{"Dur\u00e9e de lecture estim\u00e9e":"1 minute"},"schema":{"@context":"https:\/\/schema.org","@graph":[{"@type":"WebPage","@id":"https:\/\/business.roovi.com\/fr\/cartes-a-jouer-marins-celebres\/p\/","url":"https:\/\/business.roovi.com\/fr\/cartes-a-jouer-marins-celebres\/p\/","name":"Cartes \u00e0 jouer - Marins c\u00e9l\u00e8bres","isPartOf":{"@id":"https:\/\/business.roovi.com\/fr\/#website"},"datePublished":"2019-02-19T10:25:26+00:00","dateModified":"2023-03-01T15:24:23+00:00","description":"Cartes \u00e0 jouer - Marins c\u00e9l\u00e8bres","breadcrumb":{"@id":"https:\/\/business.roovi.com\/fr\/cartes-a-jouer-marins-celebres\/p\/#breadcrumb"},"inLanguage":"fr-FR","potentialAction":[{"@type":"ReadAction","target":["https:\/\/business.roovi.com\/fr\/cartes-a-jouer-marins-celebres\/p\/"]}]},{"@type":"BreadcrumbList","@id":"https:\/\/business.roovi.com\/fr\/cartes-a-jouer-marins-celebres\/p\/#breadcrumb","itemListElement":[{"@type":"ListItem","position":1,"name":"Home","item":"https:\/\/business.roovi.com\/fr\/"},{"@type":"ListItem","position":2,"name":"Boutique","item":"https:\/\/business.roovi.com\/fr\/boutique\/"},{"@type":"ListItem","position":3,"name":"Cartes \u00e0 jouer &#8211; Marins c\u00e9l\u00e8bres (55 cartes \u00e0 jouer avec des explorateurs et des marins c\u00e9l\u00e8bres)"}]},{"@type":"WebSite","@id":"https:\/\/business.roovi.com\/fr\/#website","url":"https:\/\/business.roovi.com\/fr\/","name":"Roovi B2B","description":"Roovi Business Website","potentialAction":[{"@type":"SearchAction","target":{"@type":"EntryPoint","urlTemplate":"https:\/\/business.roovi.com\/fr\/?s={search_term_string}"},"query-input":"required name=search_term_string"}],"inLanguage":"fr-FR"}]}},"_links":{"self":[{"href":"https:\/\/business.roovi.com\/fr\/wp-json\/wp\/v2\/product\/52291","targetHints":{"allow":["GET"]}}],"collection":[{"href":"https:\/\/business.roovi.com\/fr\/wp-json\/wp\/v2\/product"}],"about":[{"href":"https:\/\/business.roovi.com\/fr\/wp-json\/wp\/v2\/types\/product"}],"version-history":[{"count":0,"href":"https:\/\/business.roovi.com\/fr\/wp-json\/wp\/v2\/product\/52291\/revisions"}],"wp:featuredmedia":[{"embeddable":true,"href":"https:\/\/business.roovi.com\/fr\/wp-json\/wp\/v2\/media\/52293"}],"wp:attachment":[{"href":"https:\/\/business.roovi.com\/fr\/wp-json\/wp\/v2\/media?parent=52291"}],"wp:term":[{"taxonomy":"product_brand","embeddable":true,"href":"https:\/\/business.roovi.com\/fr\/wp-json\/wp\/v2\/product_brand?post=52291"},{"taxonomy":"product_cat","embeddable":true,"href":"https:\/\/business.roovi.com\/fr\/wp-json\/wp\/v2\/product_cat?post=52291"},{"taxonomy":"product_tag","embeddable":true,"href":"https:\/\/business.roovi.com\/fr\/wp-json\/wp\/v2\/product_tag?post=52291"}],"curies":[{"name":"wp","href":"https:\/\/api.w.org\/{rel}","templated":true}]}}