{"id":52347,"date":"2018-10-30T08:57:22","date_gmt":"2018-10-30T08:57:22","guid":{"rendered":"https:\/\/business.roovi.com\/joc-pantomime-sport\/p\/"},"modified":"2022-07-13T10:16:24","modified_gmt":"2022-07-13T10:16:24","slug":"pantomime-sport-game-jeu-de-plateau-et-de-mime","status":"publish","type":"product","link":"https:\/\/business.roovi.com\/fr\/pantomime-sport-game-jeu-de-plateau-et-de-mime\/p\/","title":{"rendered":"Pantomime Sport Game &#8211; Jeu de plateau et de mime"},"content":{"rendered":"<p>Dans la nouvelle \u00e9dition du jeu de Pantomime ador\u00e9, les enfants doivent mimer diff\u00e9rentes activit\u00e9s sportives en utilisant uniquement des mouvements. Jeu amusant et divertissant, id\u00e9al pour les f\u00eates, recommand\u00e9 pour 2-16 joueurs, \u00e0 partir de 7 ans. Contenu : 1 plateau de jeu, 1 d\u00e9, 4 pions, 1 sablier, 66 cartes \u00e0 jouer et les r\u00e8gles du jeu.<\/p>\n","protected":false},"excerpt":{"rendered":"<p>Dans la nouvelle \u00e9dition du jeu de Pantomime ador\u00e9, les enfants doivent mimer diff\u00e9rentes activit\u00e9s sportives en utilisant uniquement des<\/p>\n","protected":false},"featured_media":52350,"template":"","meta":[],"product_brand":[],"product_cat":[2304,2303],"product_tag":[],"class_list":{"0":"post-52347","1":"product","2":"type-product","3":"status-publish","4":"has-post-thumbnail","6":"product_cat-jeux-de-fete","7":"product_cat-jeux-de-societe","8":"pa_brand-d_toys-fr","9":"pa_country_of_manufacture-ro-fr","10":"pa_filter_age-14-fr","11":"pa_filter_age-7_9-fr","12":"pa_filter_age-9_14-fr","13":"pa_tip_ambalaj-boite","15":"first","16":"instock","17":"taxable","18":"shipping-taxable","19":"product-type-simple"},"yoast_head":"<!-- This site is optimized with the Yoast SEO plugin v20.1 - https:\/\/yoast.com\/wordpress\/plugins\/seo\/ -->\n<title>Pantomime Sport Game - Jeu de plateau et de mime<\/title>\n<meta name=\"description\" content=\"Pantomime Sport Game - Jeu de plateau et de mime\" \/>\n<meta name=\"robots\" content=\"index, follow, max-snippet:-1, max-image-preview:large, max-video-preview:-1\" \/>\n<link rel=\"canonical\" href=\"https:\/\/business.roovi.com\/fr\/pantomime-sport-game-jeu-de-plateau-et-de-mime\/p\/\" \/>\n<meta property=\"og:locale\" content=\"fr_FR\" \/>\n<meta property=\"og:type\" content=\"article\" \/>\n<meta property=\"og:title\" content=\"Pantomime Sport Game - Jeu de plateau et de mime\" \/>\n<meta property=\"og:description\" content=\"Pantomime Sport Game - Jeu de plateau et de mime\" \/>\n<meta property=\"og:url\" content=\"https:\/\/business.roovi.com\/fr\/pantomime-sport-game-jeu-de-plateau-et-de-mime\/p\/\" \/>\n<meta property=\"og:site_name\" content=\"Roovi B2B\" \/>\n<meta property=\"article:publisher\" content=\"https:\/\/www.facebook.com\/wwwjucariero\" \/>\n<meta property=\"article:modified_time\" content=\"2022-07-13T10:16:24+00:00\" \/>\n<meta property=\"og:image\" content=\"https:\/\/business.roovi.com\/wp-content\/uploads\/2018\/10\/pantomime_sport_eleje_nagy.jpg\" \/>\n\t<meta property=\"og:image:width\" content=\"1200\" \/>\n\t<meta property=\"og:image:height\" content=\"1200\" \/>\n\t<meta property=\"og:image:type\" content=\"image\/jpeg\" \/>\n<script type=\"application\/ld+json\" class=\"yoast-schema-graph\">{\"@context\":\"https:\/\/schema.org\",\"@graph\":[{\"@type\":\"WebPage\",\"@id\":\"https:\/\/business.roovi.com\/fr\/pantomime-sport-game-jeu-de-plateau-et-de-mime\/p\/\",\"url\":\"https:\/\/business.roovi.com\/fr\/pantomime-sport-game-jeu-de-plateau-et-de-mime\/p\/\",\"name\":\"Pantomime Sport Game - Jeu de plateau et de mime\",\"isPartOf\":{\"@id\":\"https:\/\/business.roovi.com\/fr\/#website\"},\"datePublished\":\"2018-10-30T08:57:22+00:00\",\"dateModified\":\"2022-07-13T10:16:24+00:00\",\"description\":\"Pantomime Sport Game - Jeu de plateau et de mime\",\"breadcrumb\":{\"@id\":\"https:\/\/business.roovi.com\/fr\/pantomime-sport-game-jeu-de-plateau-et-de-mime\/p\/#breadcrumb\"},\"inLanguage\":\"fr-FR\",\"potentialAction\":[{\"@type\":\"ReadAction\",\"target\":[\"https:\/\/business.roovi.com\/fr\/pantomime-sport-game-jeu-de-plateau-et-de-mime\/p\/\"]}]},{\"@type\":\"BreadcrumbList\",\"@id\":\"https:\/\/business.roovi.com\/fr\/pantomime-sport-game-jeu-de-plateau-et-de-mime\/p\/#breadcrumb\",\"itemListElement\":[{\"@type\":\"ListItem\",\"position\":1,\"name\":\"Home\",\"item\":\"https:\/\/business.roovi.com\/fr\/\"},{\"@type\":\"ListItem\",\"position\":2,\"name\":\"Boutique\",\"item\":\"https:\/\/business.roovi.com\/fr\/boutique\/\"},{\"@type\":\"ListItem\",\"position\":3,\"name\":\"Pantomime Sport Game &#8211; Jeu de plateau et de mime\"}]},{\"@type\":\"WebSite\",\"@id\":\"https:\/\/business.roovi.com\/fr\/#website\",\"url\":\"https:\/\/business.roovi.com\/fr\/\",\"name\":\"Roovi B2B\",\"description\":\"Roovi Business Website\",\"potentialAction\":[{\"@type\":\"SearchAction\",\"target\":{\"@type\":\"EntryPoint\",\"urlTemplate\":\"https:\/\/business.roovi.com\/fr\/?s={search_term_string}\"},\"query-input\":\"required name=search_term_string\"}],\"inLanguage\":\"fr-FR\"}]}<\/script>\n<!-- \/ Yoast SEO plugin. -->","yoast_head_json":{"title":"Pantomime Sport Game - Jeu de plateau et de mime","description":"Pantomime Sport Game - Jeu de plateau et de mime","robots":{"index":"index","follow":"follow","max-snippet":"max-snippet:-1","max-image-preview":"max-image-preview:large","max-video-preview":"max-video-preview:-1"},"canonical":"https:\/\/business.roovi.com\/fr\/pantomime-sport-game-jeu-de-plateau-et-de-mime\/p\/","og_locale":"fr_FR","og_type":"article","og_title":"Pantomime Sport Game - Jeu de plateau et de mime","og_description":"Pantomime Sport Game - Jeu de plateau et de mime","og_url":"https:\/\/business.roovi.com\/fr\/pantomime-sport-game-jeu-de-plateau-et-de-mime\/p\/","og_site_name":"Roovi B2B","article_publisher":"https:\/\/www.facebook.com\/wwwjucariero","article_modified_time":"2022-07-13T10:16:24+00:00","og_image":[{"width":1200,"height":1200,"url":"https:\/\/business.roovi.com\/wp-content\/uploads\/2018\/10\/pantomime_sport_eleje_nagy.jpg","type":"image\/jpeg"}],"schema":{"@context":"https:\/\/schema.org","@graph":[{"@type":"WebPage","@id":"https:\/\/business.roovi.com\/fr\/pantomime-sport-game-jeu-de-plateau-et-de-mime\/p\/","url":"https:\/\/business.roovi.com\/fr\/pantomime-sport-game-jeu-de-plateau-et-de-mime\/p\/","name":"Pantomime Sport Game - Jeu de plateau et de mime","isPartOf":{"@id":"https:\/\/business.roovi.com\/fr\/#website"},"datePublished":"2018-10-30T08:57:22+00:00","dateModified":"2022-07-13T10:16:24+00:00","description":"Pantomime Sport Game - Jeu de plateau et de mime","breadcrumb":{"@id":"https:\/\/business.roovi.com\/fr\/pantomime-sport-game-jeu-de-plateau-et-de-mime\/p\/#breadcrumb"},"inLanguage":"fr-FR","potentialAction":[{"@type":"ReadAction","target":["https:\/\/business.roovi.com\/fr\/pantomime-sport-game-jeu-de-plateau-et-de-mime\/p\/"]}]},{"@type":"BreadcrumbList","@id":"https:\/\/business.roovi.com\/fr\/pantomime-sport-game-jeu-de-plateau-et-de-mime\/p\/#breadcrumb","itemListElement":[{"@type":"ListItem","position":1,"name":"Home","item":"https:\/\/business.roovi.com\/fr\/"},{"@type":"ListItem","position":2,"name":"Boutique","item":"https:\/\/business.roovi.com\/fr\/boutique\/"},{"@type":"ListItem","position":3,"name":"Pantomime Sport Game &#8211; Jeu de plateau et de mime"}]},{"@type":"WebSite","@id":"https:\/\/business.roovi.com\/fr\/#website","url":"https:\/\/business.roovi.com\/fr\/","name":"Roovi B2B","description":"Roovi Business Website","potentialAction":[{"@type":"SearchAction","target":{"@type":"EntryPoint","urlTemplate":"https:\/\/business.roovi.com\/fr\/?s={search_term_string}"},"query-input":"required name=search_term_string"}],"inLanguage":"fr-FR"}]}},"_links":{"self":[{"href":"https:\/\/business.roovi.com\/fr\/wp-json\/wp\/v2\/product\/52347","targetHints":{"allow":["GET"]}}],"collection":[{"href":"https:\/\/business.roovi.com\/fr\/wp-json\/wp\/v2\/product"}],"about":[{"href":"https:\/\/business.roovi.com\/fr\/wp-json\/wp\/v2\/types\/product"}],"version-history":[{"count":0,"href":"https:\/\/business.roovi.com\/fr\/wp-json\/wp\/v2\/product\/52347\/revisions"}],"wp:featuredmedia":[{"embeddable":true,"href":"https:\/\/business.roovi.com\/fr\/wp-json\/wp\/v2\/media\/52350"}],"wp:attachment":[{"href":"https:\/\/business.roovi.com\/fr\/wp-json\/wp\/v2\/media?parent=52347"}],"wp:term":[{"taxonomy":"product_brand","embeddable":true,"href":"https:\/\/business.roovi.com\/fr\/wp-json\/wp\/v2\/product_brand?post=52347"},{"taxonomy":"product_cat","embeddable":true,"href":"https:\/\/business.roovi.com\/fr\/wp-json\/wp\/v2\/product_cat?post=52347"},{"taxonomy":"product_tag","embeddable":true,"href":"https:\/\/business.roovi.com\/fr\/wp-json\/wp\/v2\/product_tag?post=52347"}],"curies":[{"name":"wp","href":"https:\/\/api.w.org\/{rel}","templated":true}]}}