{"id":52353,"date":"2018-10-04T09:45:32","date_gmt":"2018-10-04T09:45:32","guid":{"rendered":"https:\/\/business.roovi.com\/joc-piki-koko-insecte-2\/p\/"},"modified":"2022-07-13T10:16:26","modified_gmt":"2022-07-13T10:16:26","slug":"jeu-de-societe-educatif-piki-koko-insectes","status":"publish","type":"product","link":"https:\/\/business.roovi.com\/fr\/jeu-de-societe-educatif-piki-koko-insectes\/p\/","title":{"rendered":"Jeu de soci\u00e9t\u00e9 \u00e9ducatif Piki Koko &#8211; Insectes"},"content":{"rendered":"<p>Aide le chef Piki Koko \u00e0 collecter de jolies bestioles pour la table de f\u00eate ! Piki Koko Insectes est un nouveau jeu de soci\u00e9t\u00e9 \u00e9ducatif pour 2 \u00e0 6 joueurs, \u00e2g\u00e9s de 4 ans et plus, dans lequel les joueurs collectent des jetons d&rsquo;insectes distribu\u00e9s par un m\u00e9canisme sp\u00e9cial en forme de paon. Le paon Piki Koko distribue 6 jetons en d\u00e9pla\u00e7ant son corps \u00e0 gauche ou \u00e0 droite. Le jeu contient Piki Koko Peacock, 6 planches de jeu, 120 jetons de jeu et les r\u00e8gles du jeu. Le jeu d\u00e9veloppe les capacit\u00e9s d&rsquo;observation et d&rsquo;association des enfants, leur attention, leur dext\u00e9rit\u00e9, leur logique et leur m\u00e9moire.<\/p>\n","protected":false},"excerpt":{"rendered":"<p>Aide le chef Piki Koko \u00e0 collecter de jolies bestioles pour la table de f\u00eate ! Piki Koko Insectes est<\/p>\n","protected":false},"featured_media":52356,"template":"","meta":[],"product_brand":[],"product_cat":[2305,2303],"product_tag":[],"class_list":{"0":"post-52353","1":"product","2":"type-product","3":"status-publish","4":"has-post-thumbnail","6":"product_cat-jeux-de-famille","7":"product_cat-jeux-de-societe","8":"pa_brand-d_toys-fr","9":"pa_country_of_manufacture-ro-fr","10":"pa_filter_age-3_5-fr","11":"pa_filter_age-5_7-fr","12":"pa_filter_age-7_9-fr","13":"pa_tip_ambalaj-boite","15":"first","16":"instock","17":"taxable","18":"shipping-taxable","19":"product-type-simple"},"yoast_head":"<!-- This site is optimized with the Yoast SEO plugin v20.1 - https:\/\/yoast.com\/wordpress\/plugins\/seo\/ -->\n<title>Jeu de soci\u00e9t\u00e9 \u00e9ducatif Piki Koko - Insectes<\/title>\n<meta name=\"description\" content=\"Jeu de soci\u00e9t\u00e9 \u00e9ducatif Piki Koko - Insectes\" \/>\n<meta name=\"robots\" content=\"index, follow, max-snippet:-1, max-image-preview:large, max-video-preview:-1\" \/>\n<link rel=\"canonical\" href=\"https:\/\/business.roovi.com\/fr\/jeu-de-societe-educatif-piki-koko-insectes\/p\/\" \/>\n<meta property=\"og:locale\" content=\"fr_FR\" \/>\n<meta property=\"og:type\" content=\"article\" \/>\n<meta property=\"og:title\" content=\"Jeu de soci\u00e9t\u00e9 \u00e9ducatif Piki Koko - Insectes\" \/>\n<meta property=\"og:description\" content=\"Jeu de soci\u00e9t\u00e9 \u00e9ducatif Piki Koko - Insectes\" \/>\n<meta property=\"og:url\" content=\"https:\/\/business.roovi.com\/fr\/jeu-de-societe-educatif-piki-koko-insectes\/p\/\" \/>\n<meta property=\"og:site_name\" content=\"Roovi B2B\" \/>\n<meta property=\"article:publisher\" content=\"https:\/\/www.facebook.com\/wwwjucariero\" \/>\n<meta property=\"article:modified_time\" content=\"2022-07-13T10:16:26+00:00\" \/>\n<meta property=\"og:image\" content=\"https:\/\/business.roovi.com\/wp-content\/uploads\/2018\/10\/75536_piki_koko_bucatar_elo.jpg\" \/>\n\t<meta property=\"og:image:width\" content=\"1200\" \/>\n\t<meta property=\"og:image:height\" content=\"1200\" \/>\n\t<meta property=\"og:image:type\" content=\"image\/jpeg\" \/>\n<meta name=\"twitter:label1\" content=\"Dur\u00e9e de lecture estim\u00e9e\" \/>\n\t<meta name=\"twitter:data1\" content=\"1 minute\" \/>\n<script type=\"application\/ld+json\" class=\"yoast-schema-graph\">{\"@context\":\"https:\/\/schema.org\",\"@graph\":[{\"@type\":\"WebPage\",\"@id\":\"https:\/\/business.roovi.com\/fr\/jeu-de-societe-educatif-piki-koko-insectes\/p\/\",\"url\":\"https:\/\/business.roovi.com\/fr\/jeu-de-societe-educatif-piki-koko-insectes\/p\/\",\"name\":\"Jeu de soci\u00e9t\u00e9 \u00e9ducatif Piki Koko - Insectes\",\"isPartOf\":{\"@id\":\"https:\/\/business.roovi.com\/fr\/#website\"},\"datePublished\":\"2018-10-04T09:45:32+00:00\",\"dateModified\":\"2022-07-13T10:16:26+00:00\",\"description\":\"Jeu de soci\u00e9t\u00e9 \u00e9ducatif Piki Koko - Insectes\",\"breadcrumb\":{\"@id\":\"https:\/\/business.roovi.com\/fr\/jeu-de-societe-educatif-piki-koko-insectes\/p\/#breadcrumb\"},\"inLanguage\":\"fr-FR\",\"potentialAction\":[{\"@type\":\"ReadAction\",\"target\":[\"https:\/\/business.roovi.com\/fr\/jeu-de-societe-educatif-piki-koko-insectes\/p\/\"]}]},{\"@type\":\"BreadcrumbList\",\"@id\":\"https:\/\/business.roovi.com\/fr\/jeu-de-societe-educatif-piki-koko-insectes\/p\/#breadcrumb\",\"itemListElement\":[{\"@type\":\"ListItem\",\"position\":1,\"name\":\"Home\",\"item\":\"https:\/\/business.roovi.com\/fr\/\"},{\"@type\":\"ListItem\",\"position\":2,\"name\":\"Boutique\",\"item\":\"https:\/\/business.roovi.com\/fr\/boutique\/\"},{\"@type\":\"ListItem\",\"position\":3,\"name\":\"Jeu de soci\u00e9t\u00e9 \u00e9ducatif Piki Koko &#8211; Insectes\"}]},{\"@type\":\"WebSite\",\"@id\":\"https:\/\/business.roovi.com\/fr\/#website\",\"url\":\"https:\/\/business.roovi.com\/fr\/\",\"name\":\"Roovi B2B\",\"description\":\"Roovi Business Website\",\"potentialAction\":[{\"@type\":\"SearchAction\",\"target\":{\"@type\":\"EntryPoint\",\"urlTemplate\":\"https:\/\/business.roovi.com\/fr\/?s={search_term_string}\"},\"query-input\":\"required name=search_term_string\"}],\"inLanguage\":\"fr-FR\"}]}<\/script>\n<!-- \/ Yoast SEO plugin. -->","yoast_head_json":{"title":"Jeu de soci\u00e9t\u00e9 \u00e9ducatif Piki Koko - Insectes","description":"Jeu de soci\u00e9t\u00e9 \u00e9ducatif Piki Koko - Insectes","robots":{"index":"index","follow":"follow","max-snippet":"max-snippet:-1","max-image-preview":"max-image-preview:large","max-video-preview":"max-video-preview:-1"},"canonical":"https:\/\/business.roovi.com\/fr\/jeu-de-societe-educatif-piki-koko-insectes\/p\/","og_locale":"fr_FR","og_type":"article","og_title":"Jeu de soci\u00e9t\u00e9 \u00e9ducatif Piki Koko - Insectes","og_description":"Jeu de soci\u00e9t\u00e9 \u00e9ducatif Piki Koko - Insectes","og_url":"https:\/\/business.roovi.com\/fr\/jeu-de-societe-educatif-piki-koko-insectes\/p\/","og_site_name":"Roovi B2B","article_publisher":"https:\/\/www.facebook.com\/wwwjucariero","article_modified_time":"2022-07-13T10:16:26+00:00","og_image":[{"width":1200,"height":1200,"url":"https:\/\/business.roovi.com\/wp-content\/uploads\/2018\/10\/75536_piki_koko_bucatar_elo.jpg","type":"image\/jpeg"}],"twitter_misc":{"Dur\u00e9e de lecture estim\u00e9e":"1 minute"},"schema":{"@context":"https:\/\/schema.org","@graph":[{"@type":"WebPage","@id":"https:\/\/business.roovi.com\/fr\/jeu-de-societe-educatif-piki-koko-insectes\/p\/","url":"https:\/\/business.roovi.com\/fr\/jeu-de-societe-educatif-piki-koko-insectes\/p\/","name":"Jeu de soci\u00e9t\u00e9 \u00e9ducatif Piki Koko - Insectes","isPartOf":{"@id":"https:\/\/business.roovi.com\/fr\/#website"},"datePublished":"2018-10-04T09:45:32+00:00","dateModified":"2022-07-13T10:16:26+00:00","description":"Jeu de soci\u00e9t\u00e9 \u00e9ducatif Piki Koko - Insectes","breadcrumb":{"@id":"https:\/\/business.roovi.com\/fr\/jeu-de-societe-educatif-piki-koko-insectes\/p\/#breadcrumb"},"inLanguage":"fr-FR","potentialAction":[{"@type":"ReadAction","target":["https:\/\/business.roovi.com\/fr\/jeu-de-societe-educatif-piki-koko-insectes\/p\/"]}]},{"@type":"BreadcrumbList","@id":"https:\/\/business.roovi.com\/fr\/jeu-de-societe-educatif-piki-koko-insectes\/p\/#breadcrumb","itemListElement":[{"@type":"ListItem","position":1,"name":"Home","item":"https:\/\/business.roovi.com\/fr\/"},{"@type":"ListItem","position":2,"name":"Boutique","item":"https:\/\/business.roovi.com\/fr\/boutique\/"},{"@type":"ListItem","position":3,"name":"Jeu de soci\u00e9t\u00e9 \u00e9ducatif Piki Koko &#8211; Insectes"}]},{"@type":"WebSite","@id":"https:\/\/business.roovi.com\/fr\/#website","url":"https:\/\/business.roovi.com\/fr\/","name":"Roovi B2B","description":"Roovi Business Website","potentialAction":[{"@type":"SearchAction","target":{"@type":"EntryPoint","urlTemplate":"https:\/\/business.roovi.com\/fr\/?s={search_term_string}"},"query-input":"required name=search_term_string"}],"inLanguage":"fr-FR"}]}},"_links":{"self":[{"href":"https:\/\/business.roovi.com\/fr\/wp-json\/wp\/v2\/product\/52353","targetHints":{"allow":["GET"]}}],"collection":[{"href":"https:\/\/business.roovi.com\/fr\/wp-json\/wp\/v2\/product"}],"about":[{"href":"https:\/\/business.roovi.com\/fr\/wp-json\/wp\/v2\/types\/product"}],"version-history":[{"count":0,"href":"https:\/\/business.roovi.com\/fr\/wp-json\/wp\/v2\/product\/52353\/revisions"}],"wp:featuredmedia":[{"embeddable":true,"href":"https:\/\/business.roovi.com\/fr\/wp-json\/wp\/v2\/media\/52356"}],"wp:attachment":[{"href":"https:\/\/business.roovi.com\/fr\/wp-json\/wp\/v2\/media?parent=52353"}],"wp:term":[{"taxonomy":"product_brand","embeddable":true,"href":"https:\/\/business.roovi.com\/fr\/wp-json\/wp\/v2\/product_brand?post=52353"},{"taxonomy":"product_cat","embeddable":true,"href":"https:\/\/business.roovi.com\/fr\/wp-json\/wp\/v2\/product_cat?post=52353"},{"taxonomy":"product_tag","embeddable":true,"href":"https:\/\/business.roovi.com\/fr\/wp-json\/wp\/v2\/product_tag?post=52353"}],"curies":[{"name":"wp","href":"https:\/\/api.w.org\/{rel}","templated":true}]}}