{"id":52359,"date":"2018-10-04T09:41:28","date_gmt":"2018-10-04T09:41:28","guid":{"rendered":"https:\/\/business.roovi.com\/joc-piki-koko-la-tara\/p\/"},"modified":"2022-07-13T10:16:27","modified_gmt":"2022-07-13T10:16:27","slug":"piki-koko-a-la-campagne-jeu-de-societe-educatif","status":"publish","type":"product","link":"https:\/\/business.roovi.com\/fr\/piki-koko-a-la-campagne-jeu-de-societe-educatif\/p\/","title":{"rendered":"Piki Koko \u00e0 la campagne &#8211; Jeu de soci\u00e9t\u00e9 \u00e9ducatif"},"content":{"rendered":"<p>Viens avec Piki Koko \u00e0 la campagne ! De superbes aventures, animaux, fruits et l\u00e9gumes t&rsquo;attendent. Piki Koko \u00e0 la campagne est un nouveau jeu de soci\u00e9t\u00e9 \u00e9ducatif pour 2 \u00e0 6 joueurs, \u00e2g\u00e9s de 4 ans et plus. Les joueurs s&rsquo;affronteront pour remplir leur propre plateau de jeu avec des animaux domestiques, des fruits et des l\u00e9gumes pour lesquels le m\u00e9canisme sp\u00e9cial en forme de paon distribue 6 jetons de jeu. Le jeu contient Piki Koko Peacock, 120 jetons de jeu, 12 planches de jeu, 1 disque \u00e0 fl\u00e8ches rotatives et les r\u00e8gles du jeu. Piki Koko \u00e0 la campagne d\u00e9veloppe l&rsquo;observation, les capacit\u00e9s d&rsquo;association, l&rsquo;attention, la dext\u00e9rit\u00e9, la logique et la m\u00e9moire chez les jeunes enfants <\/p>\n","protected":false},"excerpt":{"rendered":"<p>Viens avec Piki Koko \u00e0 la campagne ! De superbes aventures, animaux, fruits et l\u00e9gumes t&rsquo;attendent. Piki Koko \u00e0 la<\/p>\n","protected":false},"featured_media":52361,"template":"","meta":[],"product_brand":[],"product_cat":[2305,2303],"product_tag":[],"class_list":{"0":"post-52359","1":"product","2":"type-product","3":"status-publish","4":"has-post-thumbnail","6":"product_cat-jeux-de-famille","7":"product_cat-jeux-de-societe","8":"pa_brand-d_toys-fr","9":"pa_country_of_manufacture-ro-fr","10":"pa_filter_age-3_5-fr","11":"pa_filter_age-5_7-fr","12":"pa_filter_age-7_9-fr","13":"pa_tip_ambalaj-boite","15":"first","16":"instock","17":"taxable","18":"shipping-taxable","19":"product-type-simple"},"yoast_head":"<!-- This site is optimized with the Yoast SEO plugin v20.1 - https:\/\/yoast.com\/wordpress\/plugins\/seo\/ -->\n<title>Piki Koko \u00e0 la campagne - Jeu de soci\u00e9t\u00e9 \u00e9ducatif<\/title>\n<meta name=\"description\" content=\"Piki Koko \u00e0 la campagne - Jeu de soci\u00e9t\u00e9 \u00e9ducatif\" \/>\n<meta name=\"robots\" content=\"index, follow, max-snippet:-1, max-image-preview:large, max-video-preview:-1\" \/>\n<link rel=\"canonical\" href=\"https:\/\/business.roovi.com\/fr\/piki-koko-a-la-campagne-jeu-de-societe-educatif\/p\/\" \/>\n<meta property=\"og:locale\" content=\"fr_FR\" \/>\n<meta property=\"og:type\" content=\"article\" \/>\n<meta property=\"og:title\" content=\"Piki Koko \u00e0 la campagne - Jeu de soci\u00e9t\u00e9 \u00e9ducatif\" \/>\n<meta property=\"og:description\" content=\"Piki Koko \u00e0 la campagne - Jeu de soci\u00e9t\u00e9 \u00e9ducatif\" \/>\n<meta property=\"og:url\" content=\"https:\/\/business.roovi.com\/fr\/piki-koko-a-la-campagne-jeu-de-societe-educatif\/p\/\" \/>\n<meta property=\"og:site_name\" content=\"Roovi B2B\" \/>\n<meta property=\"article:publisher\" content=\"https:\/\/www.facebook.com\/wwwjucariero\" \/>\n<meta property=\"article:modified_time\" content=\"2022-07-13T10:16:27+00:00\" \/>\n<meta property=\"og:image\" content=\"https:\/\/business.roovi.com\/wp-content\/uploads\/2018\/10\/75529_piki_koko_la_tara_elo.jpg\" \/>\n\t<meta property=\"og:image:width\" content=\"1200\" \/>\n\t<meta property=\"og:image:height\" content=\"1200\" \/>\n\t<meta property=\"og:image:type\" content=\"image\/jpeg\" \/>\n<meta name=\"twitter:label1\" content=\"Dur\u00e9e de lecture estim\u00e9e\" \/>\n\t<meta name=\"twitter:data1\" content=\"1 minute\" \/>\n<script type=\"application\/ld+json\" class=\"yoast-schema-graph\">{\"@context\":\"https:\/\/schema.org\",\"@graph\":[{\"@type\":\"WebPage\",\"@id\":\"https:\/\/business.roovi.com\/fr\/piki-koko-a-la-campagne-jeu-de-societe-educatif\/p\/\",\"url\":\"https:\/\/business.roovi.com\/fr\/piki-koko-a-la-campagne-jeu-de-societe-educatif\/p\/\",\"name\":\"Piki Koko \u00e0 la campagne - Jeu de soci\u00e9t\u00e9 \u00e9ducatif\",\"isPartOf\":{\"@id\":\"https:\/\/business.roovi.com\/fr\/#website\"},\"datePublished\":\"2018-10-04T09:41:28+00:00\",\"dateModified\":\"2022-07-13T10:16:27+00:00\",\"description\":\"Piki Koko \u00e0 la campagne - Jeu de soci\u00e9t\u00e9 \u00e9ducatif\",\"breadcrumb\":{\"@id\":\"https:\/\/business.roovi.com\/fr\/piki-koko-a-la-campagne-jeu-de-societe-educatif\/p\/#breadcrumb\"},\"inLanguage\":\"fr-FR\",\"potentialAction\":[{\"@type\":\"ReadAction\",\"target\":[\"https:\/\/business.roovi.com\/fr\/piki-koko-a-la-campagne-jeu-de-societe-educatif\/p\/\"]}]},{\"@type\":\"BreadcrumbList\",\"@id\":\"https:\/\/business.roovi.com\/fr\/piki-koko-a-la-campagne-jeu-de-societe-educatif\/p\/#breadcrumb\",\"itemListElement\":[{\"@type\":\"ListItem\",\"position\":1,\"name\":\"Home\",\"item\":\"https:\/\/business.roovi.com\/fr\/\"},{\"@type\":\"ListItem\",\"position\":2,\"name\":\"Boutique\",\"item\":\"https:\/\/business.roovi.com\/fr\/boutique\/\"},{\"@type\":\"ListItem\",\"position\":3,\"name\":\"Piki Koko \u00e0 la campagne &#8211; Jeu de soci\u00e9t\u00e9 \u00e9ducatif\"}]},{\"@type\":\"WebSite\",\"@id\":\"https:\/\/business.roovi.com\/fr\/#website\",\"url\":\"https:\/\/business.roovi.com\/fr\/\",\"name\":\"Roovi B2B\",\"description\":\"Roovi Business Website\",\"potentialAction\":[{\"@type\":\"SearchAction\",\"target\":{\"@type\":\"EntryPoint\",\"urlTemplate\":\"https:\/\/business.roovi.com\/fr\/?s={search_term_string}\"},\"query-input\":\"required name=search_term_string\"}],\"inLanguage\":\"fr-FR\"}]}<\/script>\n<!-- \/ Yoast SEO plugin. -->","yoast_head_json":{"title":"Piki Koko \u00e0 la campagne - Jeu de soci\u00e9t\u00e9 \u00e9ducatif","description":"Piki Koko \u00e0 la campagne - Jeu de soci\u00e9t\u00e9 \u00e9ducatif","robots":{"index":"index","follow":"follow","max-snippet":"max-snippet:-1","max-image-preview":"max-image-preview:large","max-video-preview":"max-video-preview:-1"},"canonical":"https:\/\/business.roovi.com\/fr\/piki-koko-a-la-campagne-jeu-de-societe-educatif\/p\/","og_locale":"fr_FR","og_type":"article","og_title":"Piki Koko \u00e0 la campagne - Jeu de soci\u00e9t\u00e9 \u00e9ducatif","og_description":"Piki Koko \u00e0 la campagne - Jeu de soci\u00e9t\u00e9 \u00e9ducatif","og_url":"https:\/\/business.roovi.com\/fr\/piki-koko-a-la-campagne-jeu-de-societe-educatif\/p\/","og_site_name":"Roovi B2B","article_publisher":"https:\/\/www.facebook.com\/wwwjucariero","article_modified_time":"2022-07-13T10:16:27+00:00","og_image":[{"width":1200,"height":1200,"url":"https:\/\/business.roovi.com\/wp-content\/uploads\/2018\/10\/75529_piki_koko_la_tara_elo.jpg","type":"image\/jpeg"}],"twitter_misc":{"Dur\u00e9e de lecture estim\u00e9e":"1 minute"},"schema":{"@context":"https:\/\/schema.org","@graph":[{"@type":"WebPage","@id":"https:\/\/business.roovi.com\/fr\/piki-koko-a-la-campagne-jeu-de-societe-educatif\/p\/","url":"https:\/\/business.roovi.com\/fr\/piki-koko-a-la-campagne-jeu-de-societe-educatif\/p\/","name":"Piki Koko \u00e0 la campagne - Jeu de soci\u00e9t\u00e9 \u00e9ducatif","isPartOf":{"@id":"https:\/\/business.roovi.com\/fr\/#website"},"datePublished":"2018-10-04T09:41:28+00:00","dateModified":"2022-07-13T10:16:27+00:00","description":"Piki Koko \u00e0 la campagne - Jeu de soci\u00e9t\u00e9 \u00e9ducatif","breadcrumb":{"@id":"https:\/\/business.roovi.com\/fr\/piki-koko-a-la-campagne-jeu-de-societe-educatif\/p\/#breadcrumb"},"inLanguage":"fr-FR","potentialAction":[{"@type":"ReadAction","target":["https:\/\/business.roovi.com\/fr\/piki-koko-a-la-campagne-jeu-de-societe-educatif\/p\/"]}]},{"@type":"BreadcrumbList","@id":"https:\/\/business.roovi.com\/fr\/piki-koko-a-la-campagne-jeu-de-societe-educatif\/p\/#breadcrumb","itemListElement":[{"@type":"ListItem","position":1,"name":"Home","item":"https:\/\/business.roovi.com\/fr\/"},{"@type":"ListItem","position":2,"name":"Boutique","item":"https:\/\/business.roovi.com\/fr\/boutique\/"},{"@type":"ListItem","position":3,"name":"Piki Koko \u00e0 la campagne &#8211; Jeu de soci\u00e9t\u00e9 \u00e9ducatif"}]},{"@type":"WebSite","@id":"https:\/\/business.roovi.com\/fr\/#website","url":"https:\/\/business.roovi.com\/fr\/","name":"Roovi B2B","description":"Roovi Business Website","potentialAction":[{"@type":"SearchAction","target":{"@type":"EntryPoint","urlTemplate":"https:\/\/business.roovi.com\/fr\/?s={search_term_string}"},"query-input":"required name=search_term_string"}],"inLanguage":"fr-FR"}]}},"_links":{"self":[{"href":"https:\/\/business.roovi.com\/fr\/wp-json\/wp\/v2\/product\/52359","targetHints":{"allow":["GET"]}}],"collection":[{"href":"https:\/\/business.roovi.com\/fr\/wp-json\/wp\/v2\/product"}],"about":[{"href":"https:\/\/business.roovi.com\/fr\/wp-json\/wp\/v2\/types\/product"}],"version-history":[{"count":0,"href":"https:\/\/business.roovi.com\/fr\/wp-json\/wp\/v2\/product\/52359\/revisions"}],"wp:featuredmedia":[{"embeddable":true,"href":"https:\/\/business.roovi.com\/fr\/wp-json\/wp\/v2\/media\/52361"}],"wp:attachment":[{"href":"https:\/\/business.roovi.com\/fr\/wp-json\/wp\/v2\/media?parent=52359"}],"wp:term":[{"taxonomy":"product_brand","embeddable":true,"href":"https:\/\/business.roovi.com\/fr\/wp-json\/wp\/v2\/product_brand?post=52359"},{"taxonomy":"product_cat","embeddable":true,"href":"https:\/\/business.roovi.com\/fr\/wp-json\/wp\/v2\/product_cat?post=52359"},{"taxonomy":"product_tag","embeddable":true,"href":"https:\/\/business.roovi.com\/fr\/wp-json\/wp\/v2\/product_tag?post=52359"}],"curies":[{"name":"wp","href":"https:\/\/api.w.org\/{rel}","templated":true}]}}