{"id":52372,"date":"2018-09-27T17:37:55","date_gmt":"2018-09-27T17:37:55","guid":{"rendered":"https:\/\/business.roovi.com\/joc-gestomano\/p\/"},"modified":"2022-07-13T10:16:29","modified_gmt":"2022-07-13T10:16:29","slug":"jeu-de-strategie-pour-2-enfants-gestomano","status":"publish","type":"product","link":"https:\/\/business.roovi.com\/fr\/jeu-de-strategie-pour-2-enfants-gestomano\/p\/","title":{"rendered":"Jeu de strat\u00e9gie pour 2 enfants &#8211; Gestomano"},"content":{"rendered":"<p>Jeu strat\u00e9gique pour 2 joueurs. Occupe-toi du but de ton adversaire, mais r\u00e9fl\u00e9chis bien avant chaque \u00e9tape ! Une petite main se pr\u00e9pare d\u00e9j\u00e0 \u00e0 t&rsquo;attraper ! Le jeu a 2 variantes. Composants : 1 plateau de jeu avec 2 c\u00f4t\u00e9s, 18 pions sp\u00e9ciaux avec poign\u00e9es, 18 supports de pions, r\u00e8gles du jeu.  Recommand\u00e9 pour les enfants de plus de 9 ans.<\/p>\n","protected":false},"excerpt":{"rendered":"<p>Jeu strat\u00e9gique pour 2 joueurs. Occupe-toi du but de ton adversaire, mais r\u00e9fl\u00e9chis bien avant chaque \u00e9tape ! Une petite<\/p>\n","protected":false},"featured_media":52374,"template":"","meta":[],"product_brand":[],"product_cat":[2303,2334],"product_tag":[],"class_list":{"0":"post-52372","1":"product","2":"type-product","3":"status-publish","4":"has-post-thumbnail","6":"product_cat-jeux-de-societe","7":"product_cat-jeux-de-strategie","8":"pa_brand-d_toys-fr","9":"pa_country_of_manufacture-ro-fr","10":"pa_filter_age-14-fr","11":"pa_filter_age-9_14-fr","12":"pa_tip_ambalaj-boite","14":"first","15":"instock","16":"taxable","17":"shipping-taxable","18":"product-type-simple"},"yoast_head":"<!-- This site is optimized with the Yoast SEO plugin v20.1 - https:\/\/yoast.com\/wordpress\/plugins\/seo\/ -->\n<title>Jeu de strat\u00e9gie pour 2 enfants - Gestomano<\/title>\n<meta name=\"description\" content=\"Jeu de strat\u00e9gie pour 2 enfants - Gestomano\" \/>\n<meta name=\"robots\" content=\"index, follow, max-snippet:-1, max-image-preview:large, max-video-preview:-1\" \/>\n<link rel=\"canonical\" href=\"https:\/\/business.roovi.com\/fr\/jeu-de-strategie-pour-2-enfants-gestomano\/p\/\" \/>\n<meta property=\"og:locale\" content=\"fr_FR\" \/>\n<meta property=\"og:type\" content=\"article\" \/>\n<meta property=\"og:title\" content=\"Jeu de strat\u00e9gie pour 2 enfants - Gestomano\" \/>\n<meta property=\"og:description\" content=\"Jeu de strat\u00e9gie pour 2 enfants - Gestomano\" \/>\n<meta property=\"og:url\" content=\"https:\/\/business.roovi.com\/fr\/jeu-de-strategie-pour-2-enfants-gestomano\/p\/\" \/>\n<meta property=\"og:site_name\" content=\"Roovi B2B\" \/>\n<meta property=\"article:publisher\" content=\"https:\/\/www.facebook.com\/wwwjucariero\" \/>\n<meta property=\"article:modified_time\" content=\"2022-07-13T10:16:29+00:00\" \/>\n<meta property=\"og:image\" content=\"https:\/\/business.roovi.com\/wp-content\/uploads\/2018\/09\/75505_gestomano_elo.jpg\" \/>\n\t<meta property=\"og:image:width\" content=\"1200\" \/>\n\t<meta property=\"og:image:height\" content=\"1200\" \/>\n\t<meta property=\"og:image:type\" content=\"image\/jpeg\" \/>\n<script type=\"application\/ld+json\" class=\"yoast-schema-graph\">{\"@context\":\"https:\/\/schema.org\",\"@graph\":[{\"@type\":\"WebPage\",\"@id\":\"https:\/\/business.roovi.com\/fr\/jeu-de-strategie-pour-2-enfants-gestomano\/p\/\",\"url\":\"https:\/\/business.roovi.com\/fr\/jeu-de-strategie-pour-2-enfants-gestomano\/p\/\",\"name\":\"Jeu de strat\u00e9gie pour 2 enfants - Gestomano\",\"isPartOf\":{\"@id\":\"https:\/\/business.roovi.com\/fr\/#website\"},\"datePublished\":\"2018-09-27T17:37:55+00:00\",\"dateModified\":\"2022-07-13T10:16:29+00:00\",\"description\":\"Jeu de strat\u00e9gie pour 2 enfants - Gestomano\",\"breadcrumb\":{\"@id\":\"https:\/\/business.roovi.com\/fr\/jeu-de-strategie-pour-2-enfants-gestomano\/p\/#breadcrumb\"},\"inLanguage\":\"fr-FR\",\"potentialAction\":[{\"@type\":\"ReadAction\",\"target\":[\"https:\/\/business.roovi.com\/fr\/jeu-de-strategie-pour-2-enfants-gestomano\/p\/\"]}]},{\"@type\":\"BreadcrumbList\",\"@id\":\"https:\/\/business.roovi.com\/fr\/jeu-de-strategie-pour-2-enfants-gestomano\/p\/#breadcrumb\",\"itemListElement\":[{\"@type\":\"ListItem\",\"position\":1,\"name\":\"Home\",\"item\":\"https:\/\/business.roovi.com\/fr\/\"},{\"@type\":\"ListItem\",\"position\":2,\"name\":\"Boutique\",\"item\":\"https:\/\/business.roovi.com\/fr\/boutique\/\"},{\"@type\":\"ListItem\",\"position\":3,\"name\":\"Jeu de strat\u00e9gie pour 2 enfants &#8211; Gestomano\"}]},{\"@type\":\"WebSite\",\"@id\":\"https:\/\/business.roovi.com\/fr\/#website\",\"url\":\"https:\/\/business.roovi.com\/fr\/\",\"name\":\"Roovi B2B\",\"description\":\"Roovi Business Website\",\"potentialAction\":[{\"@type\":\"SearchAction\",\"target\":{\"@type\":\"EntryPoint\",\"urlTemplate\":\"https:\/\/business.roovi.com\/fr\/?s={search_term_string}\"},\"query-input\":\"required name=search_term_string\"}],\"inLanguage\":\"fr-FR\"}]}<\/script>\n<!-- \/ Yoast SEO plugin. -->","yoast_head_json":{"title":"Jeu de strat\u00e9gie pour 2 enfants - Gestomano","description":"Jeu de strat\u00e9gie pour 2 enfants - Gestomano","robots":{"index":"index","follow":"follow","max-snippet":"max-snippet:-1","max-image-preview":"max-image-preview:large","max-video-preview":"max-video-preview:-1"},"canonical":"https:\/\/business.roovi.com\/fr\/jeu-de-strategie-pour-2-enfants-gestomano\/p\/","og_locale":"fr_FR","og_type":"article","og_title":"Jeu de strat\u00e9gie pour 2 enfants - Gestomano","og_description":"Jeu de strat\u00e9gie pour 2 enfants - Gestomano","og_url":"https:\/\/business.roovi.com\/fr\/jeu-de-strategie-pour-2-enfants-gestomano\/p\/","og_site_name":"Roovi B2B","article_publisher":"https:\/\/www.facebook.com\/wwwjucariero","article_modified_time":"2022-07-13T10:16:29+00:00","og_image":[{"width":1200,"height":1200,"url":"https:\/\/business.roovi.com\/wp-content\/uploads\/2018\/09\/75505_gestomano_elo.jpg","type":"image\/jpeg"}],"schema":{"@context":"https:\/\/schema.org","@graph":[{"@type":"WebPage","@id":"https:\/\/business.roovi.com\/fr\/jeu-de-strategie-pour-2-enfants-gestomano\/p\/","url":"https:\/\/business.roovi.com\/fr\/jeu-de-strategie-pour-2-enfants-gestomano\/p\/","name":"Jeu de strat\u00e9gie pour 2 enfants - Gestomano","isPartOf":{"@id":"https:\/\/business.roovi.com\/fr\/#website"},"datePublished":"2018-09-27T17:37:55+00:00","dateModified":"2022-07-13T10:16:29+00:00","description":"Jeu de strat\u00e9gie pour 2 enfants - Gestomano","breadcrumb":{"@id":"https:\/\/business.roovi.com\/fr\/jeu-de-strategie-pour-2-enfants-gestomano\/p\/#breadcrumb"},"inLanguage":"fr-FR","potentialAction":[{"@type":"ReadAction","target":["https:\/\/business.roovi.com\/fr\/jeu-de-strategie-pour-2-enfants-gestomano\/p\/"]}]},{"@type":"BreadcrumbList","@id":"https:\/\/business.roovi.com\/fr\/jeu-de-strategie-pour-2-enfants-gestomano\/p\/#breadcrumb","itemListElement":[{"@type":"ListItem","position":1,"name":"Home","item":"https:\/\/business.roovi.com\/fr\/"},{"@type":"ListItem","position":2,"name":"Boutique","item":"https:\/\/business.roovi.com\/fr\/boutique\/"},{"@type":"ListItem","position":3,"name":"Jeu de strat\u00e9gie pour 2 enfants &#8211; Gestomano"}]},{"@type":"WebSite","@id":"https:\/\/business.roovi.com\/fr\/#website","url":"https:\/\/business.roovi.com\/fr\/","name":"Roovi B2B","description":"Roovi Business Website","potentialAction":[{"@type":"SearchAction","target":{"@type":"EntryPoint","urlTemplate":"https:\/\/business.roovi.com\/fr\/?s={search_term_string}"},"query-input":"required name=search_term_string"}],"inLanguage":"fr-FR"}]}},"_links":{"self":[{"href":"https:\/\/business.roovi.com\/fr\/wp-json\/wp\/v2\/product\/52372","targetHints":{"allow":["GET"]}}],"collection":[{"href":"https:\/\/business.roovi.com\/fr\/wp-json\/wp\/v2\/product"}],"about":[{"href":"https:\/\/business.roovi.com\/fr\/wp-json\/wp\/v2\/types\/product"}],"version-history":[{"count":0,"href":"https:\/\/business.roovi.com\/fr\/wp-json\/wp\/v2\/product\/52372\/revisions"}],"wp:featuredmedia":[{"embeddable":true,"href":"https:\/\/business.roovi.com\/fr\/wp-json\/wp\/v2\/media\/52374"}],"wp:attachment":[{"href":"https:\/\/business.roovi.com\/fr\/wp-json\/wp\/v2\/media?parent=52372"}],"wp:term":[{"taxonomy":"product_brand","embeddable":true,"href":"https:\/\/business.roovi.com\/fr\/wp-json\/wp\/v2\/product_brand?post=52372"},{"taxonomy":"product_cat","embeddable":true,"href":"https:\/\/business.roovi.com\/fr\/wp-json\/wp\/v2\/product_cat?post=52372"},{"taxonomy":"product_tag","embeddable":true,"href":"https:\/\/business.roovi.com\/fr\/wp-json\/wp\/v2\/product_tag?post=52372"}],"curies":[{"name":"wp","href":"https:\/\/api.w.org\/{rel}","templated":true}]}}