{"id":52379,"date":"2018-09-27T17:29:49","date_gmt":"2018-09-27T17:29:49","guid":{"rendered":"https:\/\/business.roovi.com\/joc-romanesc-m30\/p\/"},"modified":"2022-07-13T10:16:31","modified_gmt":"2022-07-13T10:16:31","slug":"jeu-m30-jeu-de-strategie-roumain","status":"publish","type":"product","link":"https:\/\/business.roovi.com\/fr\/jeu-m30-jeu-de-strategie-roumain\/p\/","title":{"rendered":"Jeu M30 &#8211; Jeu de strat\u00e9gie roumain"},"content":{"rendered":"<p><span style=\"font-weight: 400;\">Comment parler aux enfants des zones historiques ? Et comment les aider \u00e0 d\u00e9couvrir la richesse culturelle de la Roumanie ?<\/span><\/p>\n<p><span style=\"font-weight: 400;\">La richesse culturelle et artistique de la Roumanie est impressionnante. Des centaines de monuments fi\u00e8rement construits dans tout le pays, des ch\u00e2teaux, des \u00e9glises et des monast\u00e8res ou des forteresses couronnent chaque comt\u00e9 <\/span><\/p>\n<p><span style=\"font-weight: 400;\">D\u00e9couvre un jeu de strat\u00e9gie int\u00e9ressant pour explorer tous ces monuments historiques avec tes enfants. Joue intelligemment et occupe autant de comt\u00e9s que tu peux pour gagner !  <\/span><\/p>\n<h2><span style=\"font-weight: 400;\">Savais-tu que le jeu M30..<\/span><\/h2>\n<ul>\n<li><span style=\"font-weight: 400;\">C&rsquo;est une fa\u00e7on int\u00e9ressante et interactive d&rsquo;explorer les zones historiques du pays <\/span><\/li>\n<li><span style=\"font-weight: 400;\">Il convient de familiariser les enfants avec le patrimoine culturel de la Roumanie et de discuter avec eux de l&rsquo;histoire, de la culture et m\u00eame de l&rsquo;architecture propre \u00e0 certaines r\u00e9gions.<\/span><\/li>\n<li><span style=\"font-weight: 400;\">C&rsquo;est une fa\u00e7on amusante d&rsquo;enrichir la culture g\u00e9n\u00e9rale <\/span><\/li>\n<li><span style=\"font-weight: 400;\">Il d\u00e9veloppe la pens\u00e9e strat\u00e9gique et la m\u00e9moire <\/span><\/li>\n<li><span style=\"font-weight: 400;\">Il stimule l&rsquo;esprit de comp\u00e9tition.<\/span><\/li>\n<li><span style=\"font-weight: 400;\">Aide \u00e0 d\u00e9velopper l&rsquo;attention et est un bon exercice de motricit\u00e9 fine.<\/span><\/li>\n<\/ul>\n<h2><span style=\"font-weight: 400;\">Pourquoi choisir le jeu M30<\/span><\/h2>\n<p><span style=\"font-weight: 400;\">C&rsquo;est un jeu de strat\u00e9gie relaxant auquel tu peux jouer avec des enfants plus \u00e2g\u00e9s pour les aider \u00e0 comprendre les concepts historiques et la culture roumaine sp\u00e9cifiques \u00e0 chaque r\u00e9gion <\/span><\/p>\n<p><span style=\"font-weight: 400;\">Cr\u00e9e ta propre strat\u00e9gie pour conqu\u00e9rir 2 r\u00e9gions historiques et gagner la partie. Collecte autant de jetons que tu peux et conquiers autant de monuments que tu peux de ton adversaire <\/span><\/p>\n<p><span style=\"font-weight: 400;\">D\u00e9couvre 30 monuments importants r\u00e9partis dans tout le pays et apprends des d\u00e9tails int\u00e9ressants sur chacun d&rsquo;eux <\/span><\/p>\n<p><span style=\"font-weight: 400;\">Les cartes de jeu contiennent des illustrations originales des monuments et les jetons sont en carton \u00e9pais et r\u00e9sistant.<\/span><\/p>\n<p><span style=\"font-weight: 400;\">D\u00e9couvre la Roumanie \u00e0 travers le jeu M30 et coche les sites que tu visites dans la vraie vie <\/span><\/p>\n<p><span style=\"font-weight: 400;\">\u00c2ge recommand\u00e9 : 10+<\/span><\/p>\n<p><span style=\"font-weight: 400;\">Joueurs : 2 personnes<\/span><\/p>\n<p><span style=\"font-weight: 400;\">La bo\u00eete contient : 1 plateau de jeu avec une carte de la Roumanie, 32 cartes \u00e0 jouer avec des monuments, 49 jetons de jeu, 1 d\u00e9, 2 pions, r\u00e8gles du jeu.  <\/span><\/p>\n<p><span style=\"font-weight: 400;\">Non recommand\u00e9 pour les enfants de moins de 3 ans.<\/span><\/p><\/p>\n","protected":false},"excerpt":{"rendered":"<p>Comment parler aux enfants des zones historiques ? Et comment les aider \u00e0 d\u00e9couvrir la richesse culturelle de la Roumanie<\/p>\n","protected":false},"featured_media":52380,"template":"","meta":[],"product_brand":[],"product_cat":[2333],"product_tag":[],"class_list":{"0":"post-52379","1":"product","2":"type-product","3":"status-publish","4":"has-post-thumbnail","6":"product_cat-jeux-roumains","7":"pa_brand-d_toys-fr","8":"pa_country_of_manufacture-ro-fr","9":"pa_filter_age-14-fr","10":"pa_filter_age-9_14-fr","11":"pa_tip_ambalaj-boite","13":"first","14":"instock","15":"taxable","16":"shipping-taxable","17":"product-type-simple"},"yoast_head":"<!-- This site is optimized with the Yoast SEO plugin v20.1 - https:\/\/yoast.com\/wordpress\/plugins\/seo\/ -->\n<title>Jeu M30 - Jeu de strat\u00e9gie roumain<\/title>\n<meta name=\"description\" content=\"Jeu M30 - Jeu de strat\u00e9gie roumain\" \/>\n<meta name=\"robots\" content=\"index, follow, max-snippet:-1, max-image-preview:large, max-video-preview:-1\" \/>\n<link rel=\"canonical\" href=\"https:\/\/business.roovi.com\/fr\/jeu-m30-jeu-de-strategie-roumain\/p\/\" \/>\n<meta property=\"og:locale\" content=\"fr_FR\" \/>\n<meta property=\"og:type\" content=\"article\" \/>\n<meta property=\"og:title\" content=\"Jeu M30 - Jeu de strat\u00e9gie roumain\" \/>\n<meta property=\"og:description\" content=\"Jeu M30 - Jeu de strat\u00e9gie roumain\" \/>\n<meta property=\"og:url\" content=\"https:\/\/business.roovi.com\/fr\/jeu-m30-jeu-de-strategie-roumain\/p\/\" \/>\n<meta property=\"og:site_name\" content=\"Roovi B2B\" \/>\n<meta property=\"article:publisher\" content=\"https:\/\/www.facebook.com\/wwwjucariero\" \/>\n<meta property=\"article:modified_time\" content=\"2022-07-13T10:16:31+00:00\" \/>\n<meta property=\"og:image\" content=\"https:\/\/business.roovi.com\/wp-content\/uploads\/2018\/09\/75345_m30_elo.jpg\" \/>\n\t<meta property=\"og:image:width\" content=\"1200\" \/>\n\t<meta property=\"og:image:height\" content=\"1200\" \/>\n\t<meta property=\"og:image:type\" content=\"image\/jpeg\" \/>\n<meta name=\"twitter:label1\" content=\"Dur\u00e9e de lecture estim\u00e9e\" \/>\n\t<meta name=\"twitter:data1\" content=\"2 minutes\" \/>\n<script type=\"application\/ld+json\" class=\"yoast-schema-graph\">{\"@context\":\"https:\/\/schema.org\",\"@graph\":[{\"@type\":\"WebPage\",\"@id\":\"https:\/\/business.roovi.com\/fr\/jeu-m30-jeu-de-strategie-roumain\/p\/\",\"url\":\"https:\/\/business.roovi.com\/fr\/jeu-m30-jeu-de-strategie-roumain\/p\/\",\"name\":\"Jeu M30 - Jeu de strat\u00e9gie roumain\",\"isPartOf\":{\"@id\":\"https:\/\/business.roovi.com\/fr\/#website\"},\"datePublished\":\"2018-09-27T17:29:49+00:00\",\"dateModified\":\"2022-07-13T10:16:31+00:00\",\"description\":\"Jeu M30 - Jeu de strat\u00e9gie roumain\",\"breadcrumb\":{\"@id\":\"https:\/\/business.roovi.com\/fr\/jeu-m30-jeu-de-strategie-roumain\/p\/#breadcrumb\"},\"inLanguage\":\"fr-FR\",\"potentialAction\":[{\"@type\":\"ReadAction\",\"target\":[\"https:\/\/business.roovi.com\/fr\/jeu-m30-jeu-de-strategie-roumain\/p\/\"]}]},{\"@type\":\"BreadcrumbList\",\"@id\":\"https:\/\/business.roovi.com\/fr\/jeu-m30-jeu-de-strategie-roumain\/p\/#breadcrumb\",\"itemListElement\":[{\"@type\":\"ListItem\",\"position\":1,\"name\":\"Home\",\"item\":\"https:\/\/business.roovi.com\/fr\/\"},{\"@type\":\"ListItem\",\"position\":2,\"name\":\"Boutique\",\"item\":\"https:\/\/business.roovi.com\/fr\/boutique\/\"},{\"@type\":\"ListItem\",\"position\":3,\"name\":\"Jeu M30 &#8211; Jeu de strat\u00e9gie roumain\"}]},{\"@type\":\"WebSite\",\"@id\":\"https:\/\/business.roovi.com\/fr\/#website\",\"url\":\"https:\/\/business.roovi.com\/fr\/\",\"name\":\"Roovi B2B\",\"description\":\"Roovi Business Website\",\"potentialAction\":[{\"@type\":\"SearchAction\",\"target\":{\"@type\":\"EntryPoint\",\"urlTemplate\":\"https:\/\/business.roovi.com\/fr\/?s={search_term_string}\"},\"query-input\":\"required name=search_term_string\"}],\"inLanguage\":\"fr-FR\"}]}<\/script>\n<!-- \/ Yoast SEO plugin. -->","yoast_head_json":{"title":"Jeu M30 - Jeu de strat\u00e9gie roumain","description":"Jeu M30 - Jeu de strat\u00e9gie roumain","robots":{"index":"index","follow":"follow","max-snippet":"max-snippet:-1","max-image-preview":"max-image-preview:large","max-video-preview":"max-video-preview:-1"},"canonical":"https:\/\/business.roovi.com\/fr\/jeu-m30-jeu-de-strategie-roumain\/p\/","og_locale":"fr_FR","og_type":"article","og_title":"Jeu M30 - Jeu de strat\u00e9gie roumain","og_description":"Jeu M30 - Jeu de strat\u00e9gie roumain","og_url":"https:\/\/business.roovi.com\/fr\/jeu-m30-jeu-de-strategie-roumain\/p\/","og_site_name":"Roovi B2B","article_publisher":"https:\/\/www.facebook.com\/wwwjucariero","article_modified_time":"2022-07-13T10:16:31+00:00","og_image":[{"width":1200,"height":1200,"url":"https:\/\/business.roovi.com\/wp-content\/uploads\/2018\/09\/75345_m30_elo.jpg","type":"image\/jpeg"}],"twitter_misc":{"Dur\u00e9e de lecture estim\u00e9e":"2 minutes"},"schema":{"@context":"https:\/\/schema.org","@graph":[{"@type":"WebPage","@id":"https:\/\/business.roovi.com\/fr\/jeu-m30-jeu-de-strategie-roumain\/p\/","url":"https:\/\/business.roovi.com\/fr\/jeu-m30-jeu-de-strategie-roumain\/p\/","name":"Jeu M30 - Jeu de strat\u00e9gie roumain","isPartOf":{"@id":"https:\/\/business.roovi.com\/fr\/#website"},"datePublished":"2018-09-27T17:29:49+00:00","dateModified":"2022-07-13T10:16:31+00:00","description":"Jeu M30 - Jeu de strat\u00e9gie roumain","breadcrumb":{"@id":"https:\/\/business.roovi.com\/fr\/jeu-m30-jeu-de-strategie-roumain\/p\/#breadcrumb"},"inLanguage":"fr-FR","potentialAction":[{"@type":"ReadAction","target":["https:\/\/business.roovi.com\/fr\/jeu-m30-jeu-de-strategie-roumain\/p\/"]}]},{"@type":"BreadcrumbList","@id":"https:\/\/business.roovi.com\/fr\/jeu-m30-jeu-de-strategie-roumain\/p\/#breadcrumb","itemListElement":[{"@type":"ListItem","position":1,"name":"Home","item":"https:\/\/business.roovi.com\/fr\/"},{"@type":"ListItem","position":2,"name":"Boutique","item":"https:\/\/business.roovi.com\/fr\/boutique\/"},{"@type":"ListItem","position":3,"name":"Jeu M30 &#8211; Jeu de strat\u00e9gie roumain"}]},{"@type":"WebSite","@id":"https:\/\/business.roovi.com\/fr\/#website","url":"https:\/\/business.roovi.com\/fr\/","name":"Roovi B2B","description":"Roovi Business Website","potentialAction":[{"@type":"SearchAction","target":{"@type":"EntryPoint","urlTemplate":"https:\/\/business.roovi.com\/fr\/?s={search_term_string}"},"query-input":"required name=search_term_string"}],"inLanguage":"fr-FR"}]}},"_links":{"self":[{"href":"https:\/\/business.roovi.com\/fr\/wp-json\/wp\/v2\/product\/52379","targetHints":{"allow":["GET"]}}],"collection":[{"href":"https:\/\/business.roovi.com\/fr\/wp-json\/wp\/v2\/product"}],"about":[{"href":"https:\/\/business.roovi.com\/fr\/wp-json\/wp\/v2\/types\/product"}],"version-history":[{"count":0,"href":"https:\/\/business.roovi.com\/fr\/wp-json\/wp\/v2\/product\/52379\/revisions"}],"wp:featuredmedia":[{"embeddable":true,"href":"https:\/\/business.roovi.com\/fr\/wp-json\/wp\/v2\/media\/52380"}],"wp:attachment":[{"href":"https:\/\/business.roovi.com\/fr\/wp-json\/wp\/v2\/media?parent=52379"}],"wp:term":[{"taxonomy":"product_brand","embeddable":true,"href":"https:\/\/business.roovi.com\/fr\/wp-json\/wp\/v2\/product_brand?post=52379"},{"taxonomy":"product_cat","embeddable":true,"href":"https:\/\/business.roovi.com\/fr\/wp-json\/wp\/v2\/product_cat?post=52379"},{"taxonomy":"product_tag","embeddable":true,"href":"https:\/\/business.roovi.com\/fr\/wp-json\/wp\/v2\/product_tag?post=52379"}],"curies":[{"name":"wp","href":"https:\/\/api.w.org\/{rel}","templated":true}]}}