{"id":52403,"date":"2018-09-10T10:40:05","date_gmt":"2018-09-10T10:40:05","guid":{"rendered":"https:\/\/business.roovi.com\/puzzle-adulti-1000-piese-animal-faces-catspisici-2\/p\/"},"modified":"2022-07-13T10:16:40","modified_gmt":"2022-07-13T10:16:40","slug":"puzzle-adult-1000-pieces-animal-faces-cats-cats","status":"publish","type":"product","link":"https:\/\/business.roovi.com\/fr\/puzzle-adult-1000-pieces-animal-faces-cats-cats\/p\/","title":{"rendered":"Puzzle Adult 1000 pi\u00e8ces Animal Faces &#8211; Cats\/Cats"},"content":{"rendered":"<p><span style=\"font-weight: 400;\">Entra\u00eene ton attention aux d\u00e9tails et ta m\u00e9moire avec le puzzle Visages d&rsquo;animaux &#8211; Chats ! Des dizaines de visages int\u00e9ressants de chats de diff\u00e9rentes races te regardent avec s\u00e9rieux depuis l&rsquo;image du puzzle. Mets les pi\u00e8ces les unes apr\u00e8s les autres et recr\u00e9e l&rsquo;image avec les myst\u00e9rieux f\u00e9lins.<\/span><\/p>\n<p><span style=\"font-weight: 400;\">Tu veux montrer tes comp\u00e9tences en mati\u00e8re de puzzle ? Le puzzle 1000 pi\u00e8ces Animal Faces &#8211; Cats est l&rsquo;occasion id\u00e9ale. Un puzzle en patchwork est le d\u00e9fi ultime pour tout amateur de puzzle. Et lorsque l&rsquo;image repr\u00e9sente les f\u00e9lins les plus mignons de la maison humaine, le plaisir de faire le puzzle est d&rsquo;autant plus grand.<\/span><\/p>\n<p><span style=\"font-weight: 400;\">Si tu veux quand m\u00eame un peu d&rsquo;aide pour compl\u00e9ter l&rsquo;image, tu peux faire participer tes enfants \u00e0 l&rsquo;activit\u00e9. C&rsquo;est une bonne occasion de communiquer, de s&rsquo;amuser et de se d\u00e9tendre. Commence par le cadre photo, puis s\u00e9lectionne les pi\u00e8ces par nuances, divise les t\u00e2ches pour que tous les membres de l&rsquo;\u00e9quipe aient des t\u00e2ches pr\u00e9cises, et commence l&rsquo;aventure cr\u00e9ative.<\/span><\/p>\n<p><span style=\"font-weight: 400;\">Tu peux utiliser une table basse standard pour soutenir les pi\u00e8ces et recr\u00e9er l&rsquo;image. Les dimensions de la peinture finale sont de 50 x 70 cm.<\/span><\/p>\n<p><span style=\"font-weight: 400;\">Autres caract\u00e9ristiques du puzzle 1000 pi\u00e8ces Animal Faces &#8211; Cats :<\/span><\/p>\n<p><strong>Mat\u00e9riau du puzzle <\/strong><\/p>\n<p><strong>carton bleu de haute qualit\u00e9<\/strong><\/p>\n<p><strong>des mat\u00e9riaux durables et recyclables<\/strong><\/p>\n<p><strong>finition semi-brillante, couleurs vives<\/strong><\/p>\n<p><strong>Nombre de pi\u00e8ces de puzzle : 1000<\/strong><\/p>\n<p><strong>\u00c2ge recommand\u00e9 : 14+<\/strong><\/p>\n<p><strong>Pourquoi le puzzle 1000 pi\u00e8ces Animal Faces &#8211; Cats\/Cats est-il si sp\u00e9cial ?<\/strong><\/p>\n<p><span style=\"font-weight: 400;\">C&rsquo;est le moment de te d\u00e9tendre et de d\u00e9connecter du quotidien.<\/span><\/p>\n<p><span style=\"font-weight: 400;\">L&rsquo;image de ce jeu de puzzle t&rsquo;\u00e9tonne par sa clart\u00e9 et la perfection de ses nuances.<\/span><\/p>\n<p><span style=\"font-weight: 400;\">Tu as la possibilit\u00e9 de d\u00e9velopper tes comp\u00e9tences en mati\u00e8re de puzzle.<\/span><\/p>\n<p><span style=\"font-weight: 400;\">Tu peux cr\u00e9er une peinture unique pour d\u00e9corer ta maison.<\/span><\/p>\n<p><span style=\"font-weight: 400;\">C&rsquo;est l&rsquo;occasion de passer du temps de qualit\u00e9 avec les enfants ou les amis.<\/span><\/p>\n<p><span style=\"font-weight: 400;\">En outre, tu d\u00e9veloppes des comp\u00e9tences telles que :<\/span><\/p>\n<ul>\n<li><span style=\"font-weight: 400;\">L&rsquo;attention au d\u00e9tail<\/span><\/li>\n<li><span style=\"font-weight: 400;\">M\u00e9moire<\/span><\/li>\n<li><span style=\"font-weight: 400;\">Pens\u00e9e logique<\/span><\/li>\n<li><span style=\"font-weight: 400;\">Dext\u00e9rit\u00e9<\/span><\/li>\n<li><span style=\"font-weight: 400;\">Coordination<\/span><\/li>\n<li><span style=\"font-weight: 400;\">Pers\u00e9v\u00e9rance.<\/span><\/li>\n<\/ul>\n<p><strong>6 faits uniques sur les chats<\/strong><\/p>\n<p><span style=\"font-weight: 400;\">Apparemment, les \u00c9gyptiens ont domestiqu\u00e9 les chats. C&rsquo;\u00e9tait aux alentours de 2200 avant J\u00e9sus-Christ.<\/span><\/p>\n<p><span style=\"font-weight: 400;\">La plupart des chats sont intol\u00e9rants au lactose, il ne faut donc pas leur donner de lait.<\/span><\/p>\n<p><span style=\"font-weight: 400;\">Les chats ont presque deux fois plus de neurones que les chiens.<\/span><\/p>\n<p><span style=\"font-weight: 400;\">Le squelette du chat compte 244 os (le squelette humain en compte 206).<\/span><\/p>\n<p><span style=\"font-weight: 400;\">Un chat dort en moyenne 16 heures par jour.<\/span><\/p>\n<p><span style=\"font-weight: 400;\">Le plus ancien film de chats date de 1894.<\/span><\/p>\n<p><strong>Animal Faces &#8211; Cats\/Cats puzzle 1000 pi\u00e8ces : un exercice de patience<\/strong><\/p>\n<p><span style=\"font-weight: 400;\">Chaque objectif que tu t&rsquo;es fix\u00e9 n\u00e9cessite de la patience. Parfois, tu veux tout avoir en m\u00eame temps, et tu as besoin d&rsquo;exercice pour garder ta concentration et ton attention sur des t\u00e2ches sp\u00e9cifiques.<\/span><\/p>\n<p><span style=\"font-weight: 400;\">Le puzzle 1000 pi\u00e8ces Animal Faces &#8211; Cats\/Cats est l&rsquo;exercice parfait qui entra\u00eene ton esprit pour des objectifs pr\u00e9cis. Les moments o\u00f9 elle est concentr\u00e9e et connect\u00e9e au jeu de puzzle sont spontan\u00e9s, naturels. Tu cherches parmi les centaines de pi\u00e8ces si semblables, tu mets pi\u00e8ce par pi\u00e8ce et l&rsquo;image devient de plus en plus claire. Des heures ont pass\u00e9, mais c&rsquo;est comme si le temps s&rsquo;\u00e9tait arr\u00eat\u00e9. \u00c0 la fin, tu te sens rafra\u00eechie, confiante et optimiste, pr\u00eate \u00e0 relever un nouveau d\u00e9fi.<\/span><\/p>\n<p><span style=\"font-weight: 400;\">Que tu aimes les jeux de puzzle, les f\u00e9lins ou que tu cherches simplement un moyen de casser la routine, le puzzle de 1000 pi\u00e8ces Animal Faces &#8211; Cats\/Pisici est le bon choix. Garde-le dans la maison et assemble-le chaque fois que tu ressens le besoin d&rsquo;un d\u00e9fi cr\u00e9atif, ou mets-le dans un cadre et personnalise un endroit banal de ta maison.<\/span><\/p><\/p>\n","protected":false},"excerpt":{"rendered":"<p>Entra\u00eene ton attention aux d\u00e9tails et ta m\u00e9moire avec le puzzle Visages d&rsquo;animaux &#8211; Chats ! Des dizaines de visages<\/p>\n","protected":false},"featured_media":50567,"template":"","meta":[],"product_brand":[],"product_cat":[2314,2316,2315],"product_tag":[],"class_list":{"0":"post-52403","1":"product","2":"type-product","3":"status-publish","4":"has-post-thumbnail","6":"product_cat-puzzles-fr","7":"product_cat-puzzles-de-1000-pieces","8":"product_cat-puzzles-pour-adultes","9":"pa_brand-d_toys-fr","10":"pa_country_of_manufacture-ro-fr","11":"pa_filter_age-14-fr","12":"pa_painter-animalfaces-fr","13":"pa_tip_ambalaj-boite","14":"pa_tip_puzzle-classique","16":"first","17":"instock","18":"taxable","19":"shipping-taxable","20":"product-type-simple"},"yoast_head":"<!-- This site is optimized with the Yoast SEO plugin v20.1 - https:\/\/yoast.com\/wordpress\/plugins\/seo\/ -->\n<title>Puzzle Adult 1000 pi\u00e8ces Animal Faces - Cats\/Cats<\/title>\n<meta name=\"description\" content=\"Puzzle Adult 1000 pi\u00e8ces Animal Faces - Cats\/Cats\" \/>\n<meta name=\"robots\" content=\"index, follow, max-snippet:-1, max-image-preview:large, max-video-preview:-1\" \/>\n<link rel=\"canonical\" href=\"https:\/\/business.roovi.com\/fr\/puzzle-adult-1000-pieces-animal-faces-cats-cats\/p\/\" \/>\n<meta property=\"og:locale\" content=\"fr_FR\" \/>\n<meta property=\"og:type\" content=\"article\" \/>\n<meta property=\"og:title\" content=\"Puzzle Adult 1000 pi\u00e8ces Animal Faces - Cats\/Cats\" \/>\n<meta property=\"og:description\" content=\"Puzzle Adult 1000 pi\u00e8ces Animal Faces - Cats\/Cats\" \/>\n<meta property=\"og:url\" content=\"https:\/\/business.roovi.com\/fr\/puzzle-adult-1000-pieces-animal-faces-cats-cats\/p\/\" \/>\n<meta property=\"og:site_name\" content=\"Roovi B2B\" \/>\n<meta property=\"article:publisher\" content=\"https:\/\/www.facebook.com\/wwwjucariero\" \/>\n<meta property=\"article:modified_time\" content=\"2022-07-13T10:16:40+00:00\" \/>\n<meta property=\"og:image\" content=\"https:\/\/business.roovi.com\/wp-content\/uploads\/2018\/09\/74331_02.jpg\" \/>\n\t<meta property=\"og:image:width\" content=\"1200\" \/>\n\t<meta property=\"og:image:height\" content=\"1200\" \/>\n\t<meta property=\"og:image:type\" content=\"image\/jpeg\" \/>\n<meta name=\"twitter:label1\" content=\"Dur\u00e9e de lecture estim\u00e9e\" \/>\n\t<meta name=\"twitter:data1\" content=\"3 minutes\" \/>\n<script type=\"application\/ld+json\" class=\"yoast-schema-graph\">{\"@context\":\"https:\/\/schema.org\",\"@graph\":[{\"@type\":\"WebPage\",\"@id\":\"https:\/\/business.roovi.com\/fr\/puzzle-adult-1000-pieces-animal-faces-cats-cats\/p\/\",\"url\":\"https:\/\/business.roovi.com\/fr\/puzzle-adult-1000-pieces-animal-faces-cats-cats\/p\/\",\"name\":\"Puzzle Adult 1000 pi\u00e8ces Animal Faces - Cats\/Cats\",\"isPartOf\":{\"@id\":\"https:\/\/business.roovi.com\/fr\/#website\"},\"datePublished\":\"2018-09-10T10:40:05+00:00\",\"dateModified\":\"2022-07-13T10:16:40+00:00\",\"description\":\"Puzzle Adult 1000 pi\u00e8ces Animal Faces - Cats\/Cats\",\"breadcrumb\":{\"@id\":\"https:\/\/business.roovi.com\/fr\/puzzle-adult-1000-pieces-animal-faces-cats-cats\/p\/#breadcrumb\"},\"inLanguage\":\"fr-FR\",\"potentialAction\":[{\"@type\":\"ReadAction\",\"target\":[\"https:\/\/business.roovi.com\/fr\/puzzle-adult-1000-pieces-animal-faces-cats-cats\/p\/\"]}]},{\"@type\":\"BreadcrumbList\",\"@id\":\"https:\/\/business.roovi.com\/fr\/puzzle-adult-1000-pieces-animal-faces-cats-cats\/p\/#breadcrumb\",\"itemListElement\":[{\"@type\":\"ListItem\",\"position\":1,\"name\":\"Home\",\"item\":\"https:\/\/business.roovi.com\/fr\/\"},{\"@type\":\"ListItem\",\"position\":2,\"name\":\"Boutique\",\"item\":\"https:\/\/business.roovi.com\/fr\/boutique\/\"},{\"@type\":\"ListItem\",\"position\":3,\"name\":\"Puzzle Adult 1000 pi\u00e8ces Animal Faces &#8211; Cats\/Cats\"}]},{\"@type\":\"WebSite\",\"@id\":\"https:\/\/business.roovi.com\/fr\/#website\",\"url\":\"https:\/\/business.roovi.com\/fr\/\",\"name\":\"Roovi B2B\",\"description\":\"Roovi Business Website\",\"potentialAction\":[{\"@type\":\"SearchAction\",\"target\":{\"@type\":\"EntryPoint\",\"urlTemplate\":\"https:\/\/business.roovi.com\/fr\/?s={search_term_string}\"},\"query-input\":\"required name=search_term_string\"}],\"inLanguage\":\"fr-FR\"}]}<\/script>\n<!-- \/ Yoast SEO plugin. -->","yoast_head_json":{"title":"Puzzle Adult 1000 pi\u00e8ces Animal Faces - Cats\/Cats","description":"Puzzle Adult 1000 pi\u00e8ces Animal Faces - Cats\/Cats","robots":{"index":"index","follow":"follow","max-snippet":"max-snippet:-1","max-image-preview":"max-image-preview:large","max-video-preview":"max-video-preview:-1"},"canonical":"https:\/\/business.roovi.com\/fr\/puzzle-adult-1000-pieces-animal-faces-cats-cats\/p\/","og_locale":"fr_FR","og_type":"article","og_title":"Puzzle Adult 1000 pi\u00e8ces Animal Faces - Cats\/Cats","og_description":"Puzzle Adult 1000 pi\u00e8ces Animal Faces - Cats\/Cats","og_url":"https:\/\/business.roovi.com\/fr\/puzzle-adult-1000-pieces-animal-faces-cats-cats\/p\/","og_site_name":"Roovi B2B","article_publisher":"https:\/\/www.facebook.com\/wwwjucariero","article_modified_time":"2022-07-13T10:16:40+00:00","og_image":[{"width":1200,"height":1200,"url":"https:\/\/business.roovi.com\/wp-content\/uploads\/2018\/09\/74331_02.jpg","type":"image\/jpeg"}],"twitter_misc":{"Dur\u00e9e de lecture estim\u00e9e":"3 minutes"},"schema":{"@context":"https:\/\/schema.org","@graph":[{"@type":"WebPage","@id":"https:\/\/business.roovi.com\/fr\/puzzle-adult-1000-pieces-animal-faces-cats-cats\/p\/","url":"https:\/\/business.roovi.com\/fr\/puzzle-adult-1000-pieces-animal-faces-cats-cats\/p\/","name":"Puzzle Adult 1000 pi\u00e8ces Animal Faces - Cats\/Cats","isPartOf":{"@id":"https:\/\/business.roovi.com\/fr\/#website"},"datePublished":"2018-09-10T10:40:05+00:00","dateModified":"2022-07-13T10:16:40+00:00","description":"Puzzle Adult 1000 pi\u00e8ces Animal Faces - Cats\/Cats","breadcrumb":{"@id":"https:\/\/business.roovi.com\/fr\/puzzle-adult-1000-pieces-animal-faces-cats-cats\/p\/#breadcrumb"},"inLanguage":"fr-FR","potentialAction":[{"@type":"ReadAction","target":["https:\/\/business.roovi.com\/fr\/puzzle-adult-1000-pieces-animal-faces-cats-cats\/p\/"]}]},{"@type":"BreadcrumbList","@id":"https:\/\/business.roovi.com\/fr\/puzzle-adult-1000-pieces-animal-faces-cats-cats\/p\/#breadcrumb","itemListElement":[{"@type":"ListItem","position":1,"name":"Home","item":"https:\/\/business.roovi.com\/fr\/"},{"@type":"ListItem","position":2,"name":"Boutique","item":"https:\/\/business.roovi.com\/fr\/boutique\/"},{"@type":"ListItem","position":3,"name":"Puzzle Adult 1000 pi\u00e8ces Animal Faces &#8211; Cats\/Cats"}]},{"@type":"WebSite","@id":"https:\/\/business.roovi.com\/fr\/#website","url":"https:\/\/business.roovi.com\/fr\/","name":"Roovi B2B","description":"Roovi Business Website","potentialAction":[{"@type":"SearchAction","target":{"@type":"EntryPoint","urlTemplate":"https:\/\/business.roovi.com\/fr\/?s={search_term_string}"},"query-input":"required name=search_term_string"}],"inLanguage":"fr-FR"}]}},"_links":{"self":[{"href":"https:\/\/business.roovi.com\/fr\/wp-json\/wp\/v2\/product\/52403","targetHints":{"allow":["GET"]}}],"collection":[{"href":"https:\/\/business.roovi.com\/fr\/wp-json\/wp\/v2\/product"}],"about":[{"href":"https:\/\/business.roovi.com\/fr\/wp-json\/wp\/v2\/types\/product"}],"version-history":[{"count":0,"href":"https:\/\/business.roovi.com\/fr\/wp-json\/wp\/v2\/product\/52403\/revisions"}],"wp:featuredmedia":[{"embeddable":true,"href":"https:\/\/business.roovi.com\/fr\/wp-json\/wp\/v2\/media\/50567"}],"wp:attachment":[{"href":"https:\/\/business.roovi.com\/fr\/wp-json\/wp\/v2\/media?parent=52403"}],"wp:term":[{"taxonomy":"product_brand","embeddable":true,"href":"https:\/\/business.roovi.com\/fr\/wp-json\/wp\/v2\/product_brand?post=52403"},{"taxonomy":"product_cat","embeddable":true,"href":"https:\/\/business.roovi.com\/fr\/wp-json\/wp\/v2\/product_cat?post=52403"},{"taxonomy":"product_tag","embeddable":true,"href":"https:\/\/business.roovi.com\/fr\/wp-json\/wp\/v2\/product_tag?post=52403"}],"curies":[{"name":"wp","href":"https:\/\/api.w.org\/{rel}","templated":true}]}}