{"id":52416,"date":"2018-09-07T09:16:28","date_gmt":"2018-09-07T09:16:28","guid":{"rendered":"https:\/\/business.roovi.com\/puzzle-adulti-1000-piese-claude-monet-water-liliesnuferi\/p\/"},"modified":"2022-07-13T10:16:44","modified_gmt":"2022-07-13T10:16:44","slug":"puzzle-adulte-1000-pieces-claude-monet-nympheas","status":"publish","type":"product","link":"https:\/\/business.roovi.com\/fr\/puzzle-adulte-1000-pieces-claude-monet-nympheas\/p\/","title":{"rendered":"Puzzle adulte 1000 pi\u00e8ces Claude Monet &#8211; Nymph\u00e9as"},"content":{"rendered":"<p><span style=\"font-weight: 400;\">Nous t&rsquo;invitons \u00e0 d\u00e9couvrir la plus grande galerie d&rsquo;art virtuelle de puzzles de 1000 pi\u00e8ces. Tu as maintenant la possibilit\u00e9 de r\u00e9aliser tes propres chefs-d&rsquo;\u0153uvre repr\u00e9sentant des images de tableaux c\u00e9l\u00e8bres. Parcoure la collection de puzzles d&rsquo;art et s\u00e9lectionne tes jeux de puzzle pr\u00e9f\u00e9r\u00e9s. Constitue ta propre collection de puzzles d&rsquo;art et profite de tes sens en admirant les peintures uniques.<\/span><\/p>\n<p><span style=\"font-weight: 400;\">Le puzzle de 1000 pi\u00e8ces Claude Monet &#8211; N\u00e9nuphars\/Nuferi reproduit l&rsquo;un des tableaux les plus c\u00e9l\u00e8bres de l&rsquo;artiste et fait partie d&rsquo;une s\u00e9rie impressionnante de 250 \u0153uvres consacr\u00e9es \u00e0 cette fleur. Les peintures de cette s\u00e9rie montrent des n\u00e9nuphars \u00e0 diff\u00e9rents moments de la journ\u00e9e, avec des reflets lumineux diff\u00e9rents ou mettant en valeur certaines humeurs de l&rsquo;artiste. Assieds-toi et commence \u00e0 construire un tableau vibrant, plein de couleurs et de sophistication. Tout ce dont tu as besoin, c&rsquo;est d&rsquo;une table basse ordinaire &#8211; le tableau final mesure 50 x 70 cm &#8211; et d&rsquo;une attention particuli\u00e8re aux d\u00e9tails.<\/span><\/p>\n<p><strong>Caract\u00e9ristiques du puzzle Claude Monet &#8211; N\u00e9nuphars<\/strong><\/p>\n<p><strong>Mat\u00e9riau du puzzle <\/strong><\/p>\n<p><strong>carton bleu de haute qualit\u00e9<\/strong><\/p>\n<p><strong>des mat\u00e9riaux durables et recyclables<\/strong><\/p>\n<p><strong>finition semi-brillante, couleurs vives<\/strong><\/p>\n<p><strong>Nombre de pi\u00e8ces de puzzle : 1000<\/strong><\/p>\n<p><strong>\u00c2ge recommand\u00e9 : 14+<\/strong><\/p>\n<p><strong>Jeux de puzzle : 3 comp\u00e9tences qu&rsquo;ils d\u00e9veloppent<\/strong><\/p>\n<p><strong>1. Fais attention aux d\u00e9tails.<\/strong><span style=\"font-weight: 400;\"> Assembler \u00e0 partir de 1000 pi\u00e8ces de puzzle <\/span><em><span style=\"font-weight: 400;\">Nuages  <\/span><\/em><span style=\"font-weight: 400;\">les puzzles de Monet, par exemple, sont un exercice d&rsquo;attention minutieuse. Les teintes trouv\u00e9es dans le tableau sont tr\u00e8s similaires et tu risques de confondre l&#8217;emplacement des 1000 pi\u00e8ces du puzzle. Avec un peu de pratique, tu y arrives et le plus important, en plus de recr\u00e9er le merveilleux tableau, c&rsquo;est que tu d\u00e9veloppes ce sens de l&rsquo;observation des d\u00e9tails. Dans de nombreuses professions ou activit\u00e9s, le souci du d\u00e9tail est tr\u00e8s important : en chirurgie, en ing\u00e9nierie et bien d&rsquo;autres.<\/span><\/p>\n<p><strong>2. Pers\u00e9v\u00e9rance.<\/strong><span style=\"font-weight: 400;\"> Une fois que tu as commenc\u00e9 un puzzle de 1000 pi\u00e8ces, tu ne peux plus revenir en arri\u00e8re, tu dois obtenir l&rsquo;image compl\u00e8te. Si tu commences \u00e0 peine, ne te d\u00e9courage pas. Plus tu t&rsquo;entra\u00eenes et plus souvent tu le fais, plus vite tu obtiendras des r\u00e9sultats. Si tu es patiente, tu pourras atteindre n&rsquo;importe quel objectif que tu t&rsquo;es fix\u00e9.<\/span><\/p>\n<p><strong>3. La capacit\u00e9 \u00e0 r\u00e9soudre les probl\u00e8mes <\/strong><span style=\"font-weight: 400;\">Le jeu de puzzle est comme un probl\u00e8me complexe. Tu as de nombreux indices qui peuvent t&rsquo;aider, mais tu dois \u00eatre pers\u00e9v\u00e9rante, examiner la situation sous tous les angles, \u00e9tablir ta strat\u00e9gie et chercher les meilleures solutions. Au final, tu obtiendras l&rsquo;image que tu veux du puzzle de 1000 pi\u00e8ces, et la satisfaction en vaudra la peine. Ces comp\u00e9tences utilis\u00e9es dans un puzzle pour adultes seront transf\u00e9r\u00e9es \u00e0 d&rsquo;autres activit\u00e9s de ta vie quotidienne et te permettront d&rsquo;avoir plus confiance en tes propres forces et de trouver des solutions \u00e0 tous les probl\u00e8mes que tu rencontres.<\/span><\/p>\n<p><strong>Claude Monet et son obsession pour les n\u00e9nuphars<\/strong><\/p>\n<p><strong>Monet a fait venir des n\u00e9nuphars du monde entier pour son jardin<\/strong><span style=\"font-weight: 400;\">notamment d&rsquo;\u00c9gypte et d&rsquo;Afrique du Sud. Apr\u00e8s les avoir plant\u00e9s, il a commenc\u00e9 \u00e0 les peindre.<\/span><\/p>\n<p><strong>Sa fascination pour ces fleurs lui a valu des ennuis avec ses voisins.<\/strong><span style=\"font-weight: 400;\"> Ne connaissant pas les plantes exotiques et craignant qu&rsquo;elles n&#8217;empoisonnent l&rsquo;eau, ils se sont plaints \u00e0 la mairie. Les autorit\u00e9s lui ont ordonn\u00e9 d&rsquo;abandonner les n\u00e9nuphars, mais le peintre a ignor\u00e9 les avertissements <\/span><\/p>\n<p><strong>Il a pay\u00e9 un jardinier pour d\u00e9poussi\u00e9rer ses n\u00e9nuphars <\/strong><span style=\"font-weight: 400;\">Six jardiniers s&rsquo;occupaient du jardin de Monet. L&rsquo;un d&rsquo;eux s&rsquo;occupait exclusivement des n\u00e9nuphars, qu&rsquo;il d\u00e9poussi\u00e9rait quotidiennement. Apr\u00e8s cela, Monet les a peintes.<\/span><\/p>\n<p><strong>Dans un acc\u00e8s de rage, il a coup\u00e9 15 peintures de n\u00e9nuphars avec un couteau <\/strong><span style=\"font-weight: 400;\">juste avant l&rsquo;exposition de Paris qui a \u00e9t\u00e9 report\u00e9e \u00e0 cause de cet&#8230; incident <\/span><\/p>\n<p><strong>L&rsquo;artiste a peint de nombreux n\u00e9nuphars apr\u00e8s avoir \u00e9t\u00e9 diagnostiqu\u00e9 avec une cataracte<\/strong><span style=\"font-weight: 400;\">et sa vue a \u00e9t\u00e9 affect\u00e9e. Certaines de ses peintures sont plus sombres \u00e0 cause de cela, et non parce qu&rsquo;il voulait changer de style.<\/span><\/p>\n<p><span style=\"font-weight: 400;\">Les puzzles artistiques t&rsquo;aident \u00e0 d\u00e9velopper ton sens artistique. De plus, tu deviendras un expert pour assembler des puzzles et tu pourras montrer tes comp\u00e9tences \u00e0 tes amis.<\/span><\/p>\n<p><span style=\"font-weight: 400;\">Ach\u00e8te maintenant le puzzle de 1000 pi\u00e8ces de Claude Monet &#8211; N\u00e9nuphars \/ Water Lilies et tu poss\u00e9deras une r\u00e9plique \u00e9tonnante de l&rsquo;une des 250 peintures consacr\u00e9es \u00e0 ces plantes. Assemble le puzzle de 1000 pi\u00e8ces de Monet &#8211; N\u00e9nuphars, seul ou avec tes proches. Nous garantissons jusqu&rsquo;\u00e0 30 heures de d\u00e9tente <\/span><\/p>\n<p><span style=\"font-weight: 400;\">Si tu veux offrir un cadeau sp\u00e9cial \u00e0 un ami qui aime les jeux de r\u00e9flexion, ce produit est le choix id\u00e9al.<\/span><\/p><\/p>\n","protected":false},"excerpt":{"rendered":"<p>Nous t&rsquo;invitons \u00e0 d\u00e9couvrir la plus grande galerie d&rsquo;art virtuelle de puzzles de 1000 pi\u00e8ces. Tu as maintenant la possibilit\u00e9<\/p>\n","protected":false},"featured_media":63246,"template":"","meta":[],"product_brand":[],"product_cat":[2314,2316,2315],"product_tag":[],"class_list":{"0":"post-52416","1":"product","2":"type-product","3":"status-publish","4":"has-post-thumbnail","6":"product_cat-puzzles-fr","7":"product_cat-puzzles-de-1000-pieces","8":"product_cat-puzzles-pour-adultes","9":"pa_brand-d_toys-fr","10":"pa_country_of_manufacture-ro-fr","11":"pa_filter_age-14-fr","12":"pa_painter-claudemonet-fr","13":"pa_tip_ambalaj-boite","14":"pa_tip_puzzle-classique","16":"first","17":"instock","18":"taxable","19":"shipping-taxable","20":"product-type-simple"},"yoast_head":"<!-- This site is optimized with the Yoast SEO plugin v20.1 - https:\/\/yoast.com\/wordpress\/plugins\/seo\/ -->\n<title>Puzzle adulte 1000 pi\u00e8ces Claude Monet - Nymph\u00e9as<\/title>\n<meta name=\"description\" content=\"Puzzle adulte 1000 pi\u00e8ces Claude Monet - Nymph\u00e9as\" \/>\n<meta name=\"robots\" content=\"index, follow, max-snippet:-1, max-image-preview:large, max-video-preview:-1\" \/>\n<link rel=\"canonical\" href=\"https:\/\/business.roovi.com\/fr\/puzzle-adulte-1000-pieces-claude-monet-nympheas\/p\/\" \/>\n<meta property=\"og:locale\" content=\"fr_FR\" \/>\n<meta property=\"og:type\" content=\"article\" \/>\n<meta property=\"og:title\" content=\"Puzzle adulte 1000 pi\u00e8ces Claude Monet - Nymph\u00e9as\" \/>\n<meta property=\"og:description\" content=\"Puzzle adulte 1000 pi\u00e8ces Claude Monet - Nymph\u00e9as\" \/>\n<meta property=\"og:url\" content=\"https:\/\/business.roovi.com\/fr\/puzzle-adulte-1000-pieces-claude-monet-nympheas\/p\/\" \/>\n<meta property=\"og:site_name\" content=\"Roovi B2B\" \/>\n<meta property=\"article:publisher\" content=\"https:\/\/www.facebook.com\/wwwjucariero\" \/>\n<meta property=\"article:modified_time\" content=\"2022-07-13T10:16:44+00:00\" \/>\n<meta property=\"og:image\" content=\"https:\/\/business.roovi.com\/wp-content\/uploads\/2018\/09\/67548-06_ansamblu_dimensiuni_cutie_cm_1200x1200.png\" \/>\n\t<meta property=\"og:image:width\" content=\"1200\" \/>\n\t<meta property=\"og:image:height\" content=\"1200\" \/>\n\t<meta property=\"og:image:type\" content=\"image\/png\" \/>\n<meta name=\"twitter:label1\" content=\"Dur\u00e9e de lecture estim\u00e9e\" \/>\n\t<meta name=\"twitter:data1\" content=\"4 minutes\" \/>\n<script type=\"application\/ld+json\" class=\"yoast-schema-graph\">{\"@context\":\"https:\/\/schema.org\",\"@graph\":[{\"@type\":\"WebPage\",\"@id\":\"https:\/\/business.roovi.com\/fr\/puzzle-adulte-1000-pieces-claude-monet-nympheas\/p\/\",\"url\":\"https:\/\/business.roovi.com\/fr\/puzzle-adulte-1000-pieces-claude-monet-nympheas\/p\/\",\"name\":\"Puzzle adulte 1000 pi\u00e8ces Claude Monet - Nymph\u00e9as\",\"isPartOf\":{\"@id\":\"https:\/\/business.roovi.com\/fr\/#website\"},\"datePublished\":\"2018-09-07T09:16:28+00:00\",\"dateModified\":\"2022-07-13T10:16:44+00:00\",\"description\":\"Puzzle adulte 1000 pi\u00e8ces Claude Monet - Nymph\u00e9as\",\"breadcrumb\":{\"@id\":\"https:\/\/business.roovi.com\/fr\/puzzle-adulte-1000-pieces-claude-monet-nympheas\/p\/#breadcrumb\"},\"inLanguage\":\"fr-FR\",\"potentialAction\":[{\"@type\":\"ReadAction\",\"target\":[\"https:\/\/business.roovi.com\/fr\/puzzle-adulte-1000-pieces-claude-monet-nympheas\/p\/\"]}]},{\"@type\":\"BreadcrumbList\",\"@id\":\"https:\/\/business.roovi.com\/fr\/puzzle-adulte-1000-pieces-claude-monet-nympheas\/p\/#breadcrumb\",\"itemListElement\":[{\"@type\":\"ListItem\",\"position\":1,\"name\":\"Home\",\"item\":\"https:\/\/business.roovi.com\/fr\/\"},{\"@type\":\"ListItem\",\"position\":2,\"name\":\"Boutique\",\"item\":\"https:\/\/business.roovi.com\/fr\/boutique\/\"},{\"@type\":\"ListItem\",\"position\":3,\"name\":\"Puzzle adulte 1000 pi\u00e8ces Claude Monet &#8211; Nymph\u00e9as\"}]},{\"@type\":\"WebSite\",\"@id\":\"https:\/\/business.roovi.com\/fr\/#website\",\"url\":\"https:\/\/business.roovi.com\/fr\/\",\"name\":\"Roovi B2B\",\"description\":\"Roovi Business Website\",\"potentialAction\":[{\"@type\":\"SearchAction\",\"target\":{\"@type\":\"EntryPoint\",\"urlTemplate\":\"https:\/\/business.roovi.com\/fr\/?s={search_term_string}\"},\"query-input\":\"required name=search_term_string\"}],\"inLanguage\":\"fr-FR\"}]}<\/script>\n<!-- \/ Yoast SEO plugin. -->","yoast_head_json":{"title":"Puzzle adulte 1000 pi\u00e8ces Claude Monet - Nymph\u00e9as","description":"Puzzle adulte 1000 pi\u00e8ces Claude Monet - Nymph\u00e9as","robots":{"index":"index","follow":"follow","max-snippet":"max-snippet:-1","max-image-preview":"max-image-preview:large","max-video-preview":"max-video-preview:-1"},"canonical":"https:\/\/business.roovi.com\/fr\/puzzle-adulte-1000-pieces-claude-monet-nympheas\/p\/","og_locale":"fr_FR","og_type":"article","og_title":"Puzzle adulte 1000 pi\u00e8ces Claude Monet - Nymph\u00e9as","og_description":"Puzzle adulte 1000 pi\u00e8ces Claude Monet - Nymph\u00e9as","og_url":"https:\/\/business.roovi.com\/fr\/puzzle-adulte-1000-pieces-claude-monet-nympheas\/p\/","og_site_name":"Roovi B2B","article_publisher":"https:\/\/www.facebook.com\/wwwjucariero","article_modified_time":"2022-07-13T10:16:44+00:00","og_image":[{"width":1200,"height":1200,"url":"https:\/\/business.roovi.com\/wp-content\/uploads\/2018\/09\/67548-06_ansamblu_dimensiuni_cutie_cm_1200x1200.png","type":"image\/png"}],"twitter_misc":{"Dur\u00e9e de lecture estim\u00e9e":"4 minutes"},"schema":{"@context":"https:\/\/schema.org","@graph":[{"@type":"WebPage","@id":"https:\/\/business.roovi.com\/fr\/puzzle-adulte-1000-pieces-claude-monet-nympheas\/p\/","url":"https:\/\/business.roovi.com\/fr\/puzzle-adulte-1000-pieces-claude-monet-nympheas\/p\/","name":"Puzzle adulte 1000 pi\u00e8ces Claude Monet - Nymph\u00e9as","isPartOf":{"@id":"https:\/\/business.roovi.com\/fr\/#website"},"datePublished":"2018-09-07T09:16:28+00:00","dateModified":"2022-07-13T10:16:44+00:00","description":"Puzzle adulte 1000 pi\u00e8ces Claude Monet - Nymph\u00e9as","breadcrumb":{"@id":"https:\/\/business.roovi.com\/fr\/puzzle-adulte-1000-pieces-claude-monet-nympheas\/p\/#breadcrumb"},"inLanguage":"fr-FR","potentialAction":[{"@type":"ReadAction","target":["https:\/\/business.roovi.com\/fr\/puzzle-adulte-1000-pieces-claude-monet-nympheas\/p\/"]}]},{"@type":"BreadcrumbList","@id":"https:\/\/business.roovi.com\/fr\/puzzle-adulte-1000-pieces-claude-monet-nympheas\/p\/#breadcrumb","itemListElement":[{"@type":"ListItem","position":1,"name":"Home","item":"https:\/\/business.roovi.com\/fr\/"},{"@type":"ListItem","position":2,"name":"Boutique","item":"https:\/\/business.roovi.com\/fr\/boutique\/"},{"@type":"ListItem","position":3,"name":"Puzzle adulte 1000 pi\u00e8ces Claude Monet &#8211; Nymph\u00e9as"}]},{"@type":"WebSite","@id":"https:\/\/business.roovi.com\/fr\/#website","url":"https:\/\/business.roovi.com\/fr\/","name":"Roovi B2B","description":"Roovi Business Website","potentialAction":[{"@type":"SearchAction","target":{"@type":"EntryPoint","urlTemplate":"https:\/\/business.roovi.com\/fr\/?s={search_term_string}"},"query-input":"required name=search_term_string"}],"inLanguage":"fr-FR"}]}},"_links":{"self":[{"href":"https:\/\/business.roovi.com\/fr\/wp-json\/wp\/v2\/product\/52416","targetHints":{"allow":["GET"]}}],"collection":[{"href":"https:\/\/business.roovi.com\/fr\/wp-json\/wp\/v2\/product"}],"about":[{"href":"https:\/\/business.roovi.com\/fr\/wp-json\/wp\/v2\/types\/product"}],"version-history":[{"count":0,"href":"https:\/\/business.roovi.com\/fr\/wp-json\/wp\/v2\/product\/52416\/revisions"}],"wp:featuredmedia":[{"embeddable":true,"href":"https:\/\/business.roovi.com\/fr\/wp-json\/wp\/v2\/media\/63246"}],"wp:attachment":[{"href":"https:\/\/business.roovi.com\/fr\/wp-json\/wp\/v2\/media?parent=52416"}],"wp:term":[{"taxonomy":"product_brand","embeddable":true,"href":"https:\/\/business.roovi.com\/fr\/wp-json\/wp\/v2\/product_brand?post=52416"},{"taxonomy":"product_cat","embeddable":true,"href":"https:\/\/business.roovi.com\/fr\/wp-json\/wp\/v2\/product_cat?post=52416"},{"taxonomy":"product_tag","embeddable":true,"href":"https:\/\/business.roovi.com\/fr\/wp-json\/wp\/v2\/product_tag?post=52416"}],"curies":[{"name":"wp","href":"https:\/\/api.w.org\/{rel}","templated":true}]}}