{"id":52419,"date":"2018-09-06T10:57:20","date_gmt":"2018-09-06T10:57:20","guid":{"rendered":"https:\/\/business.roovi.com\/puzzle-adulti-1000-piese-vincent-van-gogh-starry-night-over-the-rhone-2\/p\/"},"modified":"2022-07-13T10:16:45","modified_gmt":"2022-07-13T10:16:45","slug":"puzzle-1000-pieces-adulte-vincent-van-gogh-nuit-etoilee-sur-le-rhone","status":"publish","type":"product","link":"https:\/\/business.roovi.com\/fr\/puzzle-1000-pieces-adulte-vincent-van-gogh-nuit-etoilee-sur-le-rhone\/p\/","title":{"rendered":"Puzzle 1000 pi\u00e8ces adulte Vincent van Gogh &#8211; Nuit \u00e9toil\u00e9e sur le Rh\u00f4ne"},"content":{"rendered":"<p><span style=\"font-weight: 400;\">Que serait-ce de pouvoir se promener virtuellement dans une galerie d&rsquo;art et de mettre des tableaux d&rsquo;art \u00e9tablis dans ton panier ? Notre collection de puzzles d&rsquo;art rend cet achat unique possible <\/span><\/p>\n<p><span style=\"font-weight: 400;\">Le puzzle de 1000 pi\u00e8ces Vincent van Gogh &#8211; Nuit \u00e9toil\u00e9e au-dessus du Rh\u00f4ne repr\u00e9sente le tableau \u00e9ponyme de l&rsquo;artiste fascin\u00e9 par la beaut\u00e9 et le myst\u00e8re du ciel \u00e9toil\u00e9. Tu peux cr\u00e9er ta propre \u0153uvre d&rsquo;art \u00e0 partir de ce magnifique puzzle pour adultes. Le produit est fabriqu\u00e9 avec des mat\u00e9riaux de premi\u00e8re qualit\u00e9, ce qui le rend r\u00e9sistant \u00e0 de multiples utilisations.<\/span><\/p>\n<p><span style=\"font-weight: 400;\">Autres caract\u00e9ristiques du puzzle artistique Vincent van Gogh &#8211; Nuit \u00e9toil\u00e9e au-dessus du Rh\u00f4ne :<\/span><\/p>\n<p><strong>Dimensions de la peinture reconstitu\u00e9e : 50 x 70 cm.<\/strong><span style=\"font-weight: 400;\"> Tu peux utiliser une table basse ordinaire pour recr\u00e9er l&rsquo;image.<\/span><\/p>\n<p><strong>Mat\u00e9riau du puzzle <\/strong><\/p>\n<p><strong>carton bleu de haute qualit\u00e9<\/strong><\/p>\n<p><strong>des mat\u00e9riaux durables et recyclables<\/strong><\/p>\n<p><strong>finition semi-brillante, couleurs vives<\/strong><\/p>\n<p><strong>Nombre de pi\u00e8ces de puzzle : 1000<\/strong><\/p>\n<p><strong>\u00c2ge recommand\u00e9 : 14+<\/strong><\/p>\n<p><strong>Les jeux de r\u00e9flexion sont plus qu&rsquo;un simple moyen de se d\u00e9tendre<\/strong><\/p>\n<p><span style=\"font-weight: 400;\">Assembler des puzzles de 1000 pi\u00e8ces n&rsquo;est pas seulement relaxant et amusant, c&rsquo;est aussi bon pour ta sant\u00e9. Voici pourquoi :<\/span><\/p>\n<p><span style=\"font-weight: 400;\">Am\u00e9liore la m\u00e9moire \u00e0 long terme<\/span><\/p>\n<p><span style=\"font-weight: 400;\">Stimule la production de dopamine dans le cerveau, ce qui cr\u00e9e un sentiment g\u00e9n\u00e9ral de bien-\u00eatre.<\/span><\/p>\n<p><span style=\"font-weight: 400;\">Cr\u00e9e un effet de relaxation mentale semblable \u00e0 la m\u00e9ditation.<\/span><\/p>\n<p><span style=\"font-weight: 400;\">Pr\u00e9venir les maladies neurod\u00e9g\u00e9n\u00e9ratives telles que la maladie d&rsquo;Alzheimer.<\/span><\/p>\n<p><strong>Savais-tu que Vincent van Gogh&#8230; ?<\/strong><\/p>\n<p><span style=\"font-weight: 400;\">Il a peint 900 tableaux en 10 ans. Apparemment, cet exploit \u00e9tait en fait d\u00fb \u00e0 l&rsquo;hypergraphie, un trouble qui te fait \u00e9crire encore et encore, et qui chez lui s&rsquo;est manifest\u00e9 par un d\u00e9sir farouche de peindre.<\/span><\/p>\n<p><span style=\"font-weight: 400;\">Avant de se consacrer exclusivement \u00e0 l&rsquo;art, il a \u00e9t\u00e9 tour \u00e0 tour : marchand d&rsquo;art, enseignant et pr\u00e9dicateur.<\/span><\/p>\n<p><span style=\"font-weight: 400;\">On dit qu&rsquo;il n&rsquo;a vendu qu&rsquo;une seule peinture de son vivant &#8211; <\/span><em><span style=\"font-weight: 400;\">Le vignoble rouge.<\/span><\/em><\/p>\n<p><span style=\"font-weight: 400;\">Il \u00e9tait un pi\u00e8tre artiste. Il n&rsquo;avait pas les moyens de payer des mod\u00e8les pour poser pour lui, c&rsquo;est pourquoi beaucoup de ses peintures repr\u00e9sentent des paysans, des fleurs et des paysages.<\/span><\/p>\n<p><strong>La tristesse persistera toujours<\/strong><span style=\"font-weight: 400;\"> &#8211; \u00e9taient ses derniers mots, selon son fr\u00e8re Theo, qui \u00e9tait \u00e0 ses c\u00f4t\u00e9s dans ses derniers instants.<\/span><\/p>\n<p><strong>Les jeux de puzzle te mettent au d\u00e9fi d&rsquo;\u00eatre ing\u00e9nieux !<\/strong><\/p>\n<p><span style=\"font-weight: 400;\">Les puzzles pour adultes sont un d\u00e9fi constant. Ils te font r\u00e9fl\u00e9chir et r\u00e9soudre le jeu d&rsquo;\u00e9nigmes en utilisant diff\u00e9rentes fa\u00e7ons de l&rsquo;aborder. Les tentatives r\u00e9p\u00e9t\u00e9es, parfois suivies d&rsquo;un \u00e9chec, parfois d&rsquo;un succ\u00e8s, stimulent ta cr\u00e9ativit\u00e9. Cette formation de l&rsquo;imagination t&rsquo;aide \u00e0 d\u00e9velopper des comp\u00e9tences pour r\u00e9soudre des probl\u00e8mes dans diff\u00e9rents domaines de mani\u00e8re innovante et efficace.<\/span><\/p>\n<p><span style=\"font-weight: 400;\">Alors teste ton ing\u00e9niosit\u00e9 en r\u00e9solvant l&rsquo;\u00e9nigme de l&rsquo;art <\/span><span style=\"font-weight: 400;\">Vincent van Gogh &#8211; Nuit \u00e9toil\u00e9e sur le Rh\u00f4ne ! Ach\u00e8te ce puzzle de 1000 pi\u00e8ces et compl\u00e8te le tableau d&rsquo;art seul ou avec ta famille et tes amis. Aussi, si tu cherches un cadeau sp\u00e9cial, le puzzle de 10000 pi\u00e8ces <\/span><span style=\"font-weight: 400;\"> <\/span><span style=\"font-weight: 400;\">Vincent van Gogh &#8211; Nuit \u00e9toil\u00e9e sur le Rh\u00f4ne de la collection de puzzles d&rsquo;art est le cadeau parfait !<\/span><\/p>\n","protected":false},"excerpt":{"rendered":"<p>Que serait-ce de pouvoir se promener virtuellement dans une galerie d&rsquo;art et de mettre des tableaux d&rsquo;art \u00e9tablis dans ton<\/p>\n","protected":false},"featured_media":62882,"template":"","meta":[],"product_brand":[],"product_cat":[2314,2316,2315],"product_tag":[],"class_list":{"0":"post-52419","1":"product","2":"type-product","3":"status-publish","4":"has-post-thumbnail","6":"product_cat-puzzles-fr","7":"product_cat-puzzles-de-1000-pieces","8":"product_cat-puzzles-pour-adultes","9":"pa_bax-10-fr","10":"pa_brand-d_toys-fr","11":"pa_country_of_manufacture-ro-fr","12":"pa_filter_age-14-fr","13":"pa_painter-vincentvangogh-fr","14":"pa_tip_ambalaj-boite","15":"pa_tip_puzzle-classique","17":"first","18":"instock","19":"taxable","20":"shipping-taxable","21":"product-type-simple"},"yoast_head":"<!-- This site is optimized with the Yoast SEO plugin v20.1 - https:\/\/yoast.com\/wordpress\/plugins\/seo\/ -->\n<title>Puzzle 1000 pi\u00e8ces adulte Vincent van Gogh - Nuit \u00e9toil\u00e9e sur le Rh\u00f4ne<\/title>\n<meta name=\"description\" content=\"Puzzle 1000 pi\u00e8ces adulte Vincent van Gogh - Nuit \u00e9toil\u00e9e sur le Rh\u00f4ne\" \/>\n<meta name=\"robots\" content=\"index, follow, max-snippet:-1, max-image-preview:large, max-video-preview:-1\" \/>\n<link rel=\"canonical\" href=\"https:\/\/business.roovi.com\/fr\/puzzle-1000-pieces-adulte-vincent-van-gogh-nuit-etoilee-sur-le-rhone\/p\/\" \/>\n<meta property=\"og:locale\" content=\"fr_FR\" \/>\n<meta property=\"og:type\" content=\"article\" \/>\n<meta property=\"og:title\" content=\"Puzzle 1000 pi\u00e8ces adulte Vincent van Gogh - Nuit \u00e9toil\u00e9e sur le Rh\u00f4ne\" \/>\n<meta property=\"og:description\" content=\"Puzzle 1000 pi\u00e8ces adulte Vincent van Gogh - Nuit \u00e9toil\u00e9e sur le Rh\u00f4ne\" \/>\n<meta property=\"og:url\" content=\"https:\/\/business.roovi.com\/fr\/puzzle-1000-pieces-adulte-vincent-van-gogh-nuit-etoilee-sur-le-rhone\/p\/\" \/>\n<meta property=\"og:site_name\" content=\"Roovi B2B\" \/>\n<meta property=\"article:publisher\" content=\"https:\/\/www.facebook.com\/wwwjucariero\" \/>\n<meta property=\"article:modified_time\" content=\"2022-07-13T10:16:45+00:00\" \/>\n<meta property=\"og:image\" content=\"https:\/\/business.roovi.com\/wp-content\/uploads\/2018\/09\/66916-11_ansamblu_dimensiuni_cutie_cm_1200x1200.png\" \/>\n\t<meta property=\"og:image:width\" content=\"1200\" \/>\n\t<meta property=\"og:image:height\" content=\"1200\" \/>\n\t<meta property=\"og:image:type\" content=\"image\/png\" \/>\n<meta name=\"twitter:label1\" content=\"Dur\u00e9e de lecture estim\u00e9e\" \/>\n\t<meta name=\"twitter:data1\" content=\"3 minutes\" \/>\n<script type=\"application\/ld+json\" class=\"yoast-schema-graph\">{\"@context\":\"https:\/\/schema.org\",\"@graph\":[{\"@type\":\"WebPage\",\"@id\":\"https:\/\/business.roovi.com\/fr\/puzzle-1000-pieces-adulte-vincent-van-gogh-nuit-etoilee-sur-le-rhone\/p\/\",\"url\":\"https:\/\/business.roovi.com\/fr\/puzzle-1000-pieces-adulte-vincent-van-gogh-nuit-etoilee-sur-le-rhone\/p\/\",\"name\":\"Puzzle 1000 pi\u00e8ces adulte Vincent van Gogh - Nuit \u00e9toil\u00e9e sur le Rh\u00f4ne\",\"isPartOf\":{\"@id\":\"https:\/\/business.roovi.com\/fr\/#website\"},\"datePublished\":\"2018-09-06T10:57:20+00:00\",\"dateModified\":\"2022-07-13T10:16:45+00:00\",\"description\":\"Puzzle 1000 pi\u00e8ces adulte Vincent van Gogh - Nuit \u00e9toil\u00e9e sur le Rh\u00f4ne\",\"breadcrumb\":{\"@id\":\"https:\/\/business.roovi.com\/fr\/puzzle-1000-pieces-adulte-vincent-van-gogh-nuit-etoilee-sur-le-rhone\/p\/#breadcrumb\"},\"inLanguage\":\"fr-FR\",\"potentialAction\":[{\"@type\":\"ReadAction\",\"target\":[\"https:\/\/business.roovi.com\/fr\/puzzle-1000-pieces-adulte-vincent-van-gogh-nuit-etoilee-sur-le-rhone\/p\/\"]}]},{\"@type\":\"BreadcrumbList\",\"@id\":\"https:\/\/business.roovi.com\/fr\/puzzle-1000-pieces-adulte-vincent-van-gogh-nuit-etoilee-sur-le-rhone\/p\/#breadcrumb\",\"itemListElement\":[{\"@type\":\"ListItem\",\"position\":1,\"name\":\"Home\",\"item\":\"https:\/\/business.roovi.com\/fr\/\"},{\"@type\":\"ListItem\",\"position\":2,\"name\":\"Boutique\",\"item\":\"https:\/\/business.roovi.com\/fr\/boutique\/\"},{\"@type\":\"ListItem\",\"position\":3,\"name\":\"Puzzle 1000 pi\u00e8ces adulte Vincent van Gogh &#8211; Nuit \u00e9toil\u00e9e sur le Rh\u00f4ne\"}]},{\"@type\":\"WebSite\",\"@id\":\"https:\/\/business.roovi.com\/fr\/#website\",\"url\":\"https:\/\/business.roovi.com\/fr\/\",\"name\":\"Roovi B2B\",\"description\":\"Roovi Business Website\",\"potentialAction\":[{\"@type\":\"SearchAction\",\"target\":{\"@type\":\"EntryPoint\",\"urlTemplate\":\"https:\/\/business.roovi.com\/fr\/?s={search_term_string}\"},\"query-input\":\"required name=search_term_string\"}],\"inLanguage\":\"fr-FR\"}]}<\/script>\n<!-- \/ Yoast SEO plugin. -->","yoast_head_json":{"title":"Puzzle 1000 pi\u00e8ces adulte Vincent van Gogh - Nuit \u00e9toil\u00e9e sur le Rh\u00f4ne","description":"Puzzle 1000 pi\u00e8ces adulte Vincent van Gogh - Nuit \u00e9toil\u00e9e sur le Rh\u00f4ne","robots":{"index":"index","follow":"follow","max-snippet":"max-snippet:-1","max-image-preview":"max-image-preview:large","max-video-preview":"max-video-preview:-1"},"canonical":"https:\/\/business.roovi.com\/fr\/puzzle-1000-pieces-adulte-vincent-van-gogh-nuit-etoilee-sur-le-rhone\/p\/","og_locale":"fr_FR","og_type":"article","og_title":"Puzzle 1000 pi\u00e8ces adulte Vincent van Gogh - Nuit \u00e9toil\u00e9e sur le Rh\u00f4ne","og_description":"Puzzle 1000 pi\u00e8ces adulte Vincent van Gogh - Nuit \u00e9toil\u00e9e sur le Rh\u00f4ne","og_url":"https:\/\/business.roovi.com\/fr\/puzzle-1000-pieces-adulte-vincent-van-gogh-nuit-etoilee-sur-le-rhone\/p\/","og_site_name":"Roovi B2B","article_publisher":"https:\/\/www.facebook.com\/wwwjucariero","article_modified_time":"2022-07-13T10:16:45+00:00","og_image":[{"width":1200,"height":1200,"url":"https:\/\/business.roovi.com\/wp-content\/uploads\/2018\/09\/66916-11_ansamblu_dimensiuni_cutie_cm_1200x1200.png","type":"image\/png"}],"twitter_misc":{"Dur\u00e9e de lecture estim\u00e9e":"3 minutes"},"schema":{"@context":"https:\/\/schema.org","@graph":[{"@type":"WebPage","@id":"https:\/\/business.roovi.com\/fr\/puzzle-1000-pieces-adulte-vincent-van-gogh-nuit-etoilee-sur-le-rhone\/p\/","url":"https:\/\/business.roovi.com\/fr\/puzzle-1000-pieces-adulte-vincent-van-gogh-nuit-etoilee-sur-le-rhone\/p\/","name":"Puzzle 1000 pi\u00e8ces adulte Vincent van Gogh - Nuit \u00e9toil\u00e9e sur le Rh\u00f4ne","isPartOf":{"@id":"https:\/\/business.roovi.com\/fr\/#website"},"datePublished":"2018-09-06T10:57:20+00:00","dateModified":"2022-07-13T10:16:45+00:00","description":"Puzzle 1000 pi\u00e8ces adulte Vincent van Gogh - Nuit \u00e9toil\u00e9e sur le Rh\u00f4ne","breadcrumb":{"@id":"https:\/\/business.roovi.com\/fr\/puzzle-1000-pieces-adulte-vincent-van-gogh-nuit-etoilee-sur-le-rhone\/p\/#breadcrumb"},"inLanguage":"fr-FR","potentialAction":[{"@type":"ReadAction","target":["https:\/\/business.roovi.com\/fr\/puzzle-1000-pieces-adulte-vincent-van-gogh-nuit-etoilee-sur-le-rhone\/p\/"]}]},{"@type":"BreadcrumbList","@id":"https:\/\/business.roovi.com\/fr\/puzzle-1000-pieces-adulte-vincent-van-gogh-nuit-etoilee-sur-le-rhone\/p\/#breadcrumb","itemListElement":[{"@type":"ListItem","position":1,"name":"Home","item":"https:\/\/business.roovi.com\/fr\/"},{"@type":"ListItem","position":2,"name":"Boutique","item":"https:\/\/business.roovi.com\/fr\/boutique\/"},{"@type":"ListItem","position":3,"name":"Puzzle 1000 pi\u00e8ces adulte Vincent van Gogh &#8211; Nuit \u00e9toil\u00e9e sur le Rh\u00f4ne"}]},{"@type":"WebSite","@id":"https:\/\/business.roovi.com\/fr\/#website","url":"https:\/\/business.roovi.com\/fr\/","name":"Roovi B2B","description":"Roovi Business Website","potentialAction":[{"@type":"SearchAction","target":{"@type":"EntryPoint","urlTemplate":"https:\/\/business.roovi.com\/fr\/?s={search_term_string}"},"query-input":"required name=search_term_string"}],"inLanguage":"fr-FR"}]}},"_links":{"self":[{"href":"https:\/\/business.roovi.com\/fr\/wp-json\/wp\/v2\/product\/52419","targetHints":{"allow":["GET"]}}],"collection":[{"href":"https:\/\/business.roovi.com\/fr\/wp-json\/wp\/v2\/product"}],"about":[{"href":"https:\/\/business.roovi.com\/fr\/wp-json\/wp\/v2\/types\/product"}],"version-history":[{"count":0,"href":"https:\/\/business.roovi.com\/fr\/wp-json\/wp\/v2\/product\/52419\/revisions"}],"wp:featuredmedia":[{"embeddable":true,"href":"https:\/\/business.roovi.com\/fr\/wp-json\/wp\/v2\/media\/62882"}],"wp:attachment":[{"href":"https:\/\/business.roovi.com\/fr\/wp-json\/wp\/v2\/media?parent=52419"}],"wp:term":[{"taxonomy":"product_brand","embeddable":true,"href":"https:\/\/business.roovi.com\/fr\/wp-json\/wp\/v2\/product_brand?post=52419"},{"taxonomy":"product_cat","embeddable":true,"href":"https:\/\/business.roovi.com\/fr\/wp-json\/wp\/v2\/product_cat?post=52419"},{"taxonomy":"product_tag","embeddable":true,"href":"https:\/\/business.roovi.com\/fr\/wp-json\/wp\/v2\/product_tag?post=52419"}],"curies":[{"name":"wp","href":"https:\/\/api.w.org\/{rel}","templated":true}]}}