{"id":52424,"date":"2018-09-06T09:28:30","date_gmt":"2018-09-06T09:28:30","guid":{"rendered":"https:\/\/business.roovi.com\/puzzle-adulti-1000-piese-discover-europe-insula-corfu\/p\/"},"modified":"2022-07-13T10:16:46","modified_gmt":"2022-07-13T10:16:46","slug":"casse-tete-de-lile-de-corfou-casse-tete-adulte-1000-pieces-decouvrir-leurope","status":"publish","type":"product","link":"https:\/\/business.roovi.com\/fr\/casse-tete-de-lile-de-corfou-casse-tete-adulte-1000-pieces-decouvrir-leurope\/p\/","title":{"rendered":"Casse-t\u00eate de l&rsquo;\u00eele de Corfou &#8211; Casse-t\u00eate adulte 1000 pi\u00e8ces &#8211; D\u00e9couvrir l&rsquo;Europe"},"content":{"rendered":"<p><strong><em>La gamme de puzzles de 1000 pi\u00e8ces Discover Europe combine la passion des puzzles et des voyages. Cr\u00e9e ta propre collection unique de planches de puzzle de 1000 pi\u00e8ces avec des images de certains des sites les plus c\u00e9l\u00e8bres du vieux continent.<\/em><\/strong><\/p>\n<p><span style=\"font-weight: 400;\">Le puzzle de 1000 pi\u00e8ces Island of Corfu fait s&rsquo;envoler tes pens\u00e9es vers l&rsquo;une des plages sauvages de cette magnifique destination. Un paysage idyllique qui te donne une sensation de d\u00e9tente et te fait d\u00e9tacher des soucis quotidiens.<\/span><\/p>\n<p><span style=\"font-weight: 400;\">L&rsquo;\u00eele de Corfou, \u00e9galement appel\u00e9e <\/span><em><span style=\"font-weight: 400;\">\u00cele d&rsquo;Emeraude <\/span><\/em><span style=\"font-weight: 400;\">de Gr\u00e8ce abrite plus de 3 millions d&rsquo;oliviers et est l&rsquo;\u00eele grecque la plus verte. Des plages exotiques, des paysages \u00e0 couper le souffle, des eaux turquoise infinies et une histoire riche entrelac\u00e9e de l\u00e9gendes et de symboles en font une destination de conte de f\u00e9es que chaque passionn\u00e9 de voyage veut visiter au moins une fois.<\/span><\/p>\n<p><span style=\"font-weight: 400;\">Nous t&rsquo;invitons \u00e0 recr\u00e9er le paysage du puzzle de 1000 pi\u00e8ces \u00cele de Corfou et \u00e0 exp\u00e9rimenter le sentiment de libert\u00e9 qu&rsquo;il inspire. Les pi\u00e8ces de ce jeu de puzzle sont d\u00e9coup\u00e9es avec pr\u00e9cision et s&#8217;embo\u00eetent parfaitement, pour que l&rsquo;image finale soit parfaite. Encadre le paysage assembl\u00e9 du puzzle de 1000 pi\u00e8ces et utilise-le comme objet de d\u00e9coration.<\/span><\/p>\n<p><strong>Pourquoi choisir un puzzle de 1000 pi\u00e8ces de la collection D\u00e9couvrir l&rsquo;Europe ?<\/strong><\/p>\n<p><span style=\"font-weight: 400;\">Un puzzle avec la photo d&rsquo;une attraction touristique est l&rsquo;occasion de se d\u00e9tendre et de se d\u00e9connecter du quotidien.<\/span><\/p>\n<p><span style=\"font-weight: 400;\">Tu obtiens une photo de 68 x 47 cm qui donnera de la personnalit\u00e9 \u00e0 n&rsquo;importe quel endroit terne de ta maison.<\/span><\/p>\n<p><span style=\"font-weight: 400;\">Il est fabriqu\u00e9 en carton de haute qualit\u00e9, ce qui conf\u00e8re aux pi\u00e8ces une durabilit\u00e9 m\u00eame apr\u00e8s de multiples utilisations.<\/span><\/p>\n<p><span style=\"font-weight: 400;\">Chaque puzzle pour adultes est respectueux de la nature, fabriqu\u00e9 \u00e0 partir de mat\u00e9riaux durables et recyclables.<\/span><\/p>\n<p><span style=\"font-weight: 400;\">Il a une finition semi-brillante et des couleurs agr\u00e9ables qui font ressortir la beaut\u00e9 de l&rsquo;image.<\/span><\/p>\n<p><span style=\"font-weight: 400;\">Il convient aux personnes de plus de 14 ans, une excellente raison de passer du temps de qualit\u00e9 avec les adolescents.<\/span><\/p>\n<p><span style=\"font-weight: 400;\">Assembler un puzzle pour adultes de 1000 pi\u00e8ces est une activit\u00e9 qui te profite \u00e0 plusieurs niveaux :<\/span><\/p>\n<ul>\n<li><span style=\"font-weight: 400;\">Elle cultive ta patience et ta pers\u00e9v\u00e9rance.<\/span><\/li>\n<li><span style=\"font-weight: 400;\">Elle d\u00e9veloppe ta cr\u00e9ativit\u00e9 et ton d\u00e9sir de connaissances.<\/span><\/li>\n<li><span style=\"font-weight: 400;\">C&rsquo;est un excellent moyen d&rsquo;entra\u00eener ta m\u00e9moire.<\/span><\/li>\n<li><span style=\"font-weight: 400;\">Tu deviens plus attentif aux d\u00e9tails et tu gardes ta concentration sur une seule t\u00e2che pendant longtemps.<\/span><\/li>\n<li><span style=\"font-weight: 400;\">Tu am\u00e9liores ton humeur et tu prends confiance en tes propres forces.<\/span><\/li>\n<\/ul>\n<p><strong>Tu savais que&#8230; ?<\/strong><\/p>\n<p><span style=\"font-weight: 400;\">Nom de l&rsquo;\u00eele, <\/span><em><span style=\"font-weight: 400;\">Corfou,<\/span><\/em><span style=\"font-weight: 400;\"> vient du nom de la nymphe <\/span><em><span style=\"font-weight: 400;\">KorKyra <\/span><\/em><span style=\"font-weight: 400;\">Selon la l\u00e9gende, Poesidon, le dieu de la mer, est tomb\u00e9 amoureux d&rsquo;elle, l&rsquo;a kidnapp\u00e9e et l&rsquo;a amen\u00e9e sur cette \u00eele, qui a ensuite pris son nom.<\/span><\/p>\n<p><span style=\"font-weight: 400;\">\u00c0 P\u00e2ques, Corfou a une coutume bruyante : le samedi de P\u00e2ques, les habitants lancent des cruches en argile \u00e0 deux anses auxquelles sont attach\u00e9s des rubans rouges depuis les balcons des b\u00e2timents. Cette coutume est cens\u00e9e \u00e9loigner les mauvais esprits et apporter prosp\u00e9rit\u00e9 et chance.<\/span><\/p>\n<p><span style=\"font-weight: 400;\">On raconte qu&rsquo;aux 14e et 18e si\u00e8cles, les habitants recevaient une pi\u00e8ce d&rsquo;or pour chaque olivier plant\u00e9. L&rsquo;huile \u00e9tait utilis\u00e9e pour allumer des lampes \u00e0 Venise.<\/span><\/p>\n<p><strong>Puzzle 1000 pi\u00e8ces de l&rsquo;\u00eele de Corfou &#8211; pour r\u00e9tablir l&rsquo;\u00e9quilibre int\u00e9rieur<\/strong><\/p>\n<p><span style=\"font-weight: 400;\">Ce jeu de puzzle met ton esprit au d\u00e9fi et t&rsquo;aide en m\u00eame temps \u00e0 te d\u00e9tendre profond\u00e9ment. Cette activit\u00e9 \u00e9tonnante induit l&rsquo;humeur <\/span><em><span style=\"font-weight: 400;\">Alpha <\/span><\/em><span style=\"font-weight: 400;\">similaire \u00e0 l&rsquo;\u00e9tat de r\u00eave. C&rsquo;est pourquoi tu parviens \u00e0 \u00e9vacuer le stress et \u00e0 te d\u00e9tacher des pens\u00e9es et probl\u00e8mes n\u00e9gatifs <\/span><\/p>\n<p><span style=\"font-weight: 400;\">Tu te reconnectes avec toi-m\u00eame et r\u00e9tablis ton \u00e9quilibre int\u00e9rieur sans effort, simplement en mettant 1000 pi\u00e8ces de puzzle au bon endroit.<\/span><\/p>\n<p><span style=\"font-weight: 400;\">Pour les moments de d\u00e9tente int\u00e9rieure, pour renouer avec les \u00eatres chers ou pour socialiser avec des amis, le puzzle de 1000 pi\u00e8ces \u00cele de Corfou de la collection D\u00e9couvrir l&rsquo;Europe est le jeu parfait. De plus, ce puzzle pour adultes peut \u00eatre le bon cadeau si tu cherches un cadeau de vacances ou d&rsquo;anniversaire.<\/span><\/p><\/p>\n","protected":false},"excerpt":{"rendered":"<p>La gamme de puzzles de 1000 pi\u00e8ces Discover Europe combine la passion des puzzles et des voyages. Cr\u00e9e ta propre<\/p>\n","protected":false},"featured_media":50490,"template":"","meta":[],"product_brand":[],"product_cat":[2314,2316,2315],"product_tag":[],"class_list":{"0":"post-52424","1":"product","2":"type-product","3":"status-publish","4":"has-post-thumbnail","6":"product_cat-puzzles-fr","7":"product_cat-puzzles-de-1000-pieces","8":"product_cat-puzzles-pour-adultes","9":"pa_bax-7-fr","10":"pa_brand-d_toys-fr","11":"pa_country_of_manufacture-ro-fr","12":"pa_filter_age-14-fr","13":"pa_painter-discovereurope-fr","14":"pa_tip_ambalaj-boite","15":"pa_tip_puzzle-classique","17":"first","18":"instock","19":"taxable","20":"shipping-taxable","21":"product-type-simple"},"yoast_head":"<!-- This site is optimized with the Yoast SEO plugin v20.1 - https:\/\/yoast.com\/wordpress\/plugins\/seo\/ -->\n<title>Casse-t\u00eate de l&#039;\u00eele de Corfou - Casse-t\u00eate adulte 1000 pi\u00e8ces - D\u00e9couvrir l&#039;Europe<\/title>\n<meta name=\"description\" content=\"Casse-t\u00eate de l&#039;\u00eele de Corfou - Casse-t\u00eate adulte 1000 pi\u00e8ces - D\u00e9couvrir l&#039;Europe\" \/>\n<meta name=\"robots\" content=\"index, follow, max-snippet:-1, max-image-preview:large, max-video-preview:-1\" \/>\n<link rel=\"canonical\" href=\"https:\/\/business.roovi.com\/fr\/casse-tete-de-lile-de-corfou-casse-tete-adulte-1000-pieces-decouvrir-leurope\/p\/\" \/>\n<meta property=\"og:locale\" content=\"fr_FR\" \/>\n<meta property=\"og:type\" content=\"article\" \/>\n<meta property=\"og:title\" content=\"Casse-t\u00eate de l&#039;\u00eele de Corfou - Casse-t\u00eate adulte 1000 pi\u00e8ces - D\u00e9couvrir l&#039;Europe\" \/>\n<meta property=\"og:description\" content=\"Casse-t\u00eate de l&#039;\u00eele de Corfou - Casse-t\u00eate adulte 1000 pi\u00e8ces - D\u00e9couvrir l&#039;Europe\" \/>\n<meta property=\"og:url\" content=\"https:\/\/business.roovi.com\/fr\/casse-tete-de-lile-de-corfou-casse-tete-adulte-1000-pieces-decouvrir-leurope\/p\/\" \/>\n<meta property=\"og:site_name\" content=\"Roovi B2B\" \/>\n<meta property=\"article:publisher\" content=\"https:\/\/www.facebook.com\/wwwjucariero\" \/>\n<meta property=\"article:modified_time\" content=\"2022-07-13T10:16:46+00:00\" \/>\n<meta property=\"og:image\" content=\"https:\/\/business.roovi.com\/wp-content\/uploads\/2018\/09\/65995-08-ansamblu_dimensiuni-cutie-cm.png\" \/>\n\t<meta property=\"og:image:width\" content=\"1200\" \/>\n\t<meta property=\"og:image:height\" content=\"1200\" \/>\n\t<meta property=\"og:image:type\" content=\"image\/png\" \/>\n<meta name=\"twitter:label1\" content=\"Dur\u00e9e de lecture estim\u00e9e\" \/>\n\t<meta name=\"twitter:data1\" content=\"4 minutes\" \/>\n<script type=\"application\/ld+json\" class=\"yoast-schema-graph\">{\"@context\":\"https:\/\/schema.org\",\"@graph\":[{\"@type\":\"WebPage\",\"@id\":\"https:\/\/business.roovi.com\/fr\/casse-tete-de-lile-de-corfou-casse-tete-adulte-1000-pieces-decouvrir-leurope\/p\/\",\"url\":\"https:\/\/business.roovi.com\/fr\/casse-tete-de-lile-de-corfou-casse-tete-adulte-1000-pieces-decouvrir-leurope\/p\/\",\"name\":\"Casse-t\u00eate de l'\u00eele de Corfou - Casse-t\u00eate adulte 1000 pi\u00e8ces - D\u00e9couvrir l'Europe\",\"isPartOf\":{\"@id\":\"https:\/\/business.roovi.com\/fr\/#website\"},\"datePublished\":\"2018-09-06T09:28:30+00:00\",\"dateModified\":\"2022-07-13T10:16:46+00:00\",\"description\":\"Casse-t\u00eate de l'\u00eele de Corfou - Casse-t\u00eate adulte 1000 pi\u00e8ces - D\u00e9couvrir l'Europe\",\"breadcrumb\":{\"@id\":\"https:\/\/business.roovi.com\/fr\/casse-tete-de-lile-de-corfou-casse-tete-adulte-1000-pieces-decouvrir-leurope\/p\/#breadcrumb\"},\"inLanguage\":\"fr-FR\",\"potentialAction\":[{\"@type\":\"ReadAction\",\"target\":[\"https:\/\/business.roovi.com\/fr\/casse-tete-de-lile-de-corfou-casse-tete-adulte-1000-pieces-decouvrir-leurope\/p\/\"]}]},{\"@type\":\"BreadcrumbList\",\"@id\":\"https:\/\/business.roovi.com\/fr\/casse-tete-de-lile-de-corfou-casse-tete-adulte-1000-pieces-decouvrir-leurope\/p\/#breadcrumb\",\"itemListElement\":[{\"@type\":\"ListItem\",\"position\":1,\"name\":\"Home\",\"item\":\"https:\/\/business.roovi.com\/fr\/\"},{\"@type\":\"ListItem\",\"position\":2,\"name\":\"Boutique\",\"item\":\"https:\/\/business.roovi.com\/fr\/boutique\/\"},{\"@type\":\"ListItem\",\"position\":3,\"name\":\"Casse-t\u00eate de l&#8217;\u00eele de Corfou &#8211; Casse-t\u00eate adulte 1000 pi\u00e8ces &#8211; D\u00e9couvrir l&#8217;Europe\"}]},{\"@type\":\"WebSite\",\"@id\":\"https:\/\/business.roovi.com\/fr\/#website\",\"url\":\"https:\/\/business.roovi.com\/fr\/\",\"name\":\"Roovi B2B\",\"description\":\"Roovi Business Website\",\"potentialAction\":[{\"@type\":\"SearchAction\",\"target\":{\"@type\":\"EntryPoint\",\"urlTemplate\":\"https:\/\/business.roovi.com\/fr\/?s={search_term_string}\"},\"query-input\":\"required name=search_term_string\"}],\"inLanguage\":\"fr-FR\"}]}<\/script>\n<!-- \/ Yoast SEO plugin. -->","yoast_head_json":{"title":"Casse-t\u00eate de l'\u00eele de Corfou - Casse-t\u00eate adulte 1000 pi\u00e8ces - D\u00e9couvrir l'Europe","description":"Casse-t\u00eate de l'\u00eele de Corfou - Casse-t\u00eate adulte 1000 pi\u00e8ces - D\u00e9couvrir l'Europe","robots":{"index":"index","follow":"follow","max-snippet":"max-snippet:-1","max-image-preview":"max-image-preview:large","max-video-preview":"max-video-preview:-1"},"canonical":"https:\/\/business.roovi.com\/fr\/casse-tete-de-lile-de-corfou-casse-tete-adulte-1000-pieces-decouvrir-leurope\/p\/","og_locale":"fr_FR","og_type":"article","og_title":"Casse-t\u00eate de l'\u00eele de Corfou - Casse-t\u00eate adulte 1000 pi\u00e8ces - D\u00e9couvrir l'Europe","og_description":"Casse-t\u00eate de l'\u00eele de Corfou - Casse-t\u00eate adulte 1000 pi\u00e8ces - D\u00e9couvrir l'Europe","og_url":"https:\/\/business.roovi.com\/fr\/casse-tete-de-lile-de-corfou-casse-tete-adulte-1000-pieces-decouvrir-leurope\/p\/","og_site_name":"Roovi B2B","article_publisher":"https:\/\/www.facebook.com\/wwwjucariero","article_modified_time":"2022-07-13T10:16:46+00:00","og_image":[{"width":1200,"height":1200,"url":"https:\/\/business.roovi.com\/wp-content\/uploads\/2018\/09\/65995-08-ansamblu_dimensiuni-cutie-cm.png","type":"image\/png"}],"twitter_misc":{"Dur\u00e9e de lecture estim\u00e9e":"4 minutes"},"schema":{"@context":"https:\/\/schema.org","@graph":[{"@type":"WebPage","@id":"https:\/\/business.roovi.com\/fr\/casse-tete-de-lile-de-corfou-casse-tete-adulte-1000-pieces-decouvrir-leurope\/p\/","url":"https:\/\/business.roovi.com\/fr\/casse-tete-de-lile-de-corfou-casse-tete-adulte-1000-pieces-decouvrir-leurope\/p\/","name":"Casse-t\u00eate de l'\u00eele de Corfou - Casse-t\u00eate adulte 1000 pi\u00e8ces - D\u00e9couvrir l'Europe","isPartOf":{"@id":"https:\/\/business.roovi.com\/fr\/#website"},"datePublished":"2018-09-06T09:28:30+00:00","dateModified":"2022-07-13T10:16:46+00:00","description":"Casse-t\u00eate de l'\u00eele de Corfou - Casse-t\u00eate adulte 1000 pi\u00e8ces - D\u00e9couvrir l'Europe","breadcrumb":{"@id":"https:\/\/business.roovi.com\/fr\/casse-tete-de-lile-de-corfou-casse-tete-adulte-1000-pieces-decouvrir-leurope\/p\/#breadcrumb"},"inLanguage":"fr-FR","potentialAction":[{"@type":"ReadAction","target":["https:\/\/business.roovi.com\/fr\/casse-tete-de-lile-de-corfou-casse-tete-adulte-1000-pieces-decouvrir-leurope\/p\/"]}]},{"@type":"BreadcrumbList","@id":"https:\/\/business.roovi.com\/fr\/casse-tete-de-lile-de-corfou-casse-tete-adulte-1000-pieces-decouvrir-leurope\/p\/#breadcrumb","itemListElement":[{"@type":"ListItem","position":1,"name":"Home","item":"https:\/\/business.roovi.com\/fr\/"},{"@type":"ListItem","position":2,"name":"Boutique","item":"https:\/\/business.roovi.com\/fr\/boutique\/"},{"@type":"ListItem","position":3,"name":"Casse-t\u00eate de l&#8217;\u00eele de Corfou &#8211; Casse-t\u00eate adulte 1000 pi\u00e8ces &#8211; D\u00e9couvrir l&#8217;Europe"}]},{"@type":"WebSite","@id":"https:\/\/business.roovi.com\/fr\/#website","url":"https:\/\/business.roovi.com\/fr\/","name":"Roovi B2B","description":"Roovi Business Website","potentialAction":[{"@type":"SearchAction","target":{"@type":"EntryPoint","urlTemplate":"https:\/\/business.roovi.com\/fr\/?s={search_term_string}"},"query-input":"required name=search_term_string"}],"inLanguage":"fr-FR"}]}},"_links":{"self":[{"href":"https:\/\/business.roovi.com\/fr\/wp-json\/wp\/v2\/product\/52424","targetHints":{"allow":["GET"]}}],"collection":[{"href":"https:\/\/business.roovi.com\/fr\/wp-json\/wp\/v2\/product"}],"about":[{"href":"https:\/\/business.roovi.com\/fr\/wp-json\/wp\/v2\/types\/product"}],"version-history":[{"count":0,"href":"https:\/\/business.roovi.com\/fr\/wp-json\/wp\/v2\/product\/52424\/revisions"}],"wp:featuredmedia":[{"embeddable":true,"href":"https:\/\/business.roovi.com\/fr\/wp-json\/wp\/v2\/media\/50490"}],"wp:attachment":[{"href":"https:\/\/business.roovi.com\/fr\/wp-json\/wp\/v2\/media?parent=52424"}],"wp:term":[{"taxonomy":"product_brand","embeddable":true,"href":"https:\/\/business.roovi.com\/fr\/wp-json\/wp\/v2\/product_brand?post=52424"},{"taxonomy":"product_cat","embeddable":true,"href":"https:\/\/business.roovi.com\/fr\/wp-json\/wp\/v2\/product_cat?post=52424"},{"taxonomy":"product_tag","embeddable":true,"href":"https:\/\/business.roovi.com\/fr\/wp-json\/wp\/v2\/product_tag?post=52424"}],"curies":[{"name":"wp","href":"https:\/\/api.w.org\/{rel}","templated":true}]}}