{"id":52428,"date":"2018-09-06T09:26:27","date_gmt":"2018-09-06T09:26:27","guid":{"rendered":"https:\/\/business.roovi.com\/puzzle-adulti-1000-piese-discover-europe-como-italia\/p\/"},"modified":"2022-07-13T10:16:48","modified_gmt":"2022-07-13T10:16:48","slug":"como-italie-puzzle-adulte-1000-pieces-decouvrir-leurope","status":"publish","type":"product","link":"https:\/\/business.roovi.com\/fr\/como-italie-puzzle-adulte-1000-pieces-decouvrir-leurope\/p\/","title":{"rendered":"Como, Italie &#8211; Puzzle adulte 1000 pi\u00e8ces &#8211; D\u00e9couvrir l&rsquo;Europe"},"content":{"rendered":"<p><strong><em>Tu as beaucoup de lieux c\u00e9l\u00e8bres en Europe sur ta liste de choses \u00e0 faire avant de mourir ? Ou bien tu as d\u00e9j\u00e0 coch\u00e9 de nombreuses curiosit\u00e9s et tu aimerais garder leur image pour toujours ?<\/em><\/strong><span style=\"font-weight: 400;\"> <\/span><\/p>\n<p><span style=\"font-weight: 400;\">La gamme de puzzles de 1000 pi\u00e8ces Discover Europe te rapproche des destinations de r\u00eave et te donne l&rsquo;occasion de cr\u00e9er des images uniques de certains des sites les plus c\u00e9l\u00e8bres d&rsquo;Europe.<\/span><\/p>\n<p><span style=\"font-weight: 400;\">Si tu fais une liste des sites \u00e0 voir en Italie, ne manque pas d&rsquo;ajouter le lac de C\u00f4me. Le puzzle de 1000 pi\u00e8ces Discover Europe &#8211; Como te le rappellera certainement <\/span><\/p>\n<p><span style=\"font-weight: 400;\">Le lac de C\u00f4me est une destination populaire depuis l&rsquo;\u00e9poque romaine, lorsque les personnes fortun\u00e9es se retiraient dans ce lieu enchanteur pour se divertir. La tradition s&rsquo;est perp\u00e9tu\u00e9e et, aujourd&rsquo;hui encore, des personnes fortun\u00e9es du monde entier poss\u00e8dent des maisons au bord du lac.<\/span><\/p>\n<p><span style=\"font-weight: 400;\">Situ\u00e9 dans une d\u00e9pression entour\u00e9e de montagnes qui semblent le prot\u00e9ger des regards indiscrets, le lac de C\u00f4me est l&rsquo;un des lacs les plus pittoresques d&rsquo;Italie. Avec le puzzle du lac de C\u00f4me de 1000 pi\u00e8ces, tu peux maintenant assembler une merveilleuse image et profiter de la vue fascinante du magnifique lac chaque fois que tu ressens le besoin de t&rsquo;\u00e9loigner de l&rsquo;agitation de la vie quotidienne.<\/span><\/p>\n<p><span style=\"font-weight: 400;\">Le puzzle de 1000 pi\u00e8ces peut \u00eatre un refuge pour les moments o\u00f9 tu ressens le besoin de te retirer rien que pour toi ou peut \u00eatre l&rsquo;excuse parfaite pour passer quelques heures de d\u00e9tente avec tes enfants, impatients d&rsquo;\u00eatre \u00e0 tes c\u00f4t\u00e9s.<\/span><\/p>\n<p><strong>Pourquoi choisir un puzzle de 1000 pi\u00e8ces de la collection D\u00e9couvrir l&rsquo;Europe ?<\/strong><\/p>\n<p><span style=\"font-weight: 400;\">Tu as la possibilit\u00e9 de cr\u00e9er une photo unique et d&rsquo;admirer en d\u00e9tail une attraction touristique mondialement connue.<\/span><\/p>\n<p><span style=\"font-weight: 400;\">Tu obtiens un tableau de 68 x 47 cm qui ajoutera une touche raffin\u00e9e \u00e0 n&rsquo;importe quel endroit terne de ta maison.<\/span><\/p>\n<p><span style=\"font-weight: 400;\">Tous nos puzzles sont fabriqu\u00e9s \u00e0 partir de carton bleu de haute qualit\u00e9 qui rend les pi\u00e8ces solides m\u00eame lorsqu&rsquo;elles sont assembl\u00e9es plusieurs fois.<\/span><\/p>\n<p><span style=\"font-weight: 400;\">Nous utilisons uniquement des mat\u00e9riaux durables et recyclables pour la production de nos puzzles.<\/span><\/p>\n<p><span style=\"font-weight: 400;\">Les finitions sont semi-brillantes et les couleurs vives qui font ressortir la clart\u00e9 des images.<\/span><\/p>\n<p><span style=\"font-weight: 400;\">Convient aux personnes de plus de 14 ans, une raison suppl\u00e9mentaire de passer du temps de qualit\u00e9 avec les adolescents.<\/span><\/p>\n<p><span style=\"font-weight: 400;\">Un puzzle avec la photo d&rsquo;une attraction touristique est un moment de d\u00e9tente et de d\u00e9tachement du quotidien.<\/span><\/p>\n<p><span style=\"font-weight: 400;\">Elle d\u00e9veloppe l&rsquo;attention aux d\u00e9tails, la concentration et la pers\u00e9v\u00e9rance.<\/span><\/p>\n<p><strong>Tu savais que&#8230; ?<\/strong><\/p>\n<p><span style=\"font-weight: 400;\">Le lac de C\u00f4me est le lac le plus profond d&rsquo;Italie et l&rsquo;un des plus profonds d&rsquo;Europe <\/span><\/p>\n<p><span style=\"font-weight: 400;\">Il est en forme de Y et d&rsquo;origine glaciaire.<\/span><\/p>\n<p><span style=\"font-weight: 400;\">C&rsquo;est une destination connue pour ses villas et ses palais. Villa Olmo, Villa Serbelloni et Villa Carlotta ne sont que quelques-unes d&rsquo;entre elles.<\/span><\/p>\n<p><span style=\"font-weight: 400;\">Si tu te prom\u00e8nes dans les rues de la r\u00e9gion, tu as toutes les chances de rencontrer&#8230; George Clooney. Lui et d&rsquo;autres c\u00e9l\u00e9brit\u00e9s comme Madonna et Gianni Versace poss\u00e8dent des propri\u00e9t\u00e9s ici.<\/span><\/p>\n<p><span style=\"font-weight: 400;\">James Bond est aussi venu ici&#8230; De nombreuses sc\u00e8nes de Casino Royale ont \u00e9t\u00e9 tourn\u00e9es dans les c\u00e9l\u00e8bres villas de la r\u00e9gion.<\/span><\/p>\n<p><strong>D\u00e9couvrir l&rsquo;Europe &#8211; Le lac de C\u00f4me, une exp\u00e9rience relaxante et amusante<\/strong><\/p>\n<p><span style=\"font-weight: 400;\">Choisis le puzzle D\u00e9couverte de l&rsquo;Europe &#8211; Lac de C\u00f4me de 1000 pi\u00e8ces et laisse-toi s\u00e9duire par le charme du <\/span><em><span style=\"font-weight: 400;\">dolce vita<\/span><\/em><span style=\"font-weight: 400;\">. Mets-y pi\u00e8ce par pi\u00e8ce, minutieusement et soigneusement, et construis une image d&rsquo;un coin de paradis sur terre <\/span><\/p>\n<p><span style=\"font-weight: 400;\">Le puzzle de 1000 pi\u00e8ces Discover Europe &#8211; Lake Como rassemble la famille et les amis pour une exp\u00e9rience amusante et cr\u00e9ative. De plus, c&rsquo;est un moyen de mieux se conna\u00eetre et de renforcer les relations avec les proches. Travaille en \u00e9quipe et reconstruis ton image en un rien de temps. Appr\u00e9cie le r\u00e9sultat final et pourquoi ne pas planifier des vacances dans cet endroit de r\u00eave.<\/span><\/p>\n<p><span style=\"font-weight: 400;\">D\u00e9couvre tous les jeux de puzzle de la gamme D\u00e9couvrir l&rsquo;Europe et cr\u00e9e une collection unique de tableaux qui conservent le charme de certains des sites les plus c\u00e9l\u00e8bres d&rsquo;Europe.<\/span><\/p><\/p>\n","protected":false},"excerpt":{"rendered":"<p>Tu as beaucoup de lieux c\u00e9l\u00e8bres en Europe sur ta liste de choses \u00e0 faire avant de mourir ? Ou<\/p>\n","protected":false},"featured_media":50475,"template":"","meta":[],"product_brand":[],"product_cat":[2314,2316,2315],"product_tag":[],"class_list":{"0":"post-52428","1":"product","2":"type-product","3":"status-publish","4":"has-post-thumbnail","6":"product_cat-puzzles-fr","7":"product_cat-puzzles-de-1000-pieces","8":"product_cat-puzzles-pour-adultes","9":"pa_bax-7-fr","10":"pa_brand-d_toys-fr","11":"pa_country_of_manufacture-ro-fr","12":"pa_filter_age-14-fr","13":"pa_painter-discovereurope-fr","14":"pa_tip_ambalaj-boite","15":"pa_tip_puzzle-classique","17":"first","18":"instock","19":"taxable","20":"shipping-taxable","21":"product-type-simple"},"yoast_head":"<!-- This site is optimized with the Yoast SEO plugin v20.1 - https:\/\/yoast.com\/wordpress\/plugins\/seo\/ -->\n<title>Como, Italie - Puzzle adulte 1000 pi\u00e8ces - D\u00e9couvrir l&#039;Europe<\/title>\n<meta name=\"description\" content=\"Como, Italie - Puzzle adulte 1000 pi\u00e8ces - D\u00e9couvrir l&#039;Europe\" \/>\n<meta name=\"robots\" content=\"index, follow, max-snippet:-1, max-image-preview:large, max-video-preview:-1\" \/>\n<link rel=\"canonical\" href=\"https:\/\/business.roovi.com\/fr\/como-italie-puzzle-adulte-1000-pieces-decouvrir-leurope\/p\/\" \/>\n<meta property=\"og:locale\" content=\"fr_FR\" \/>\n<meta property=\"og:type\" content=\"article\" \/>\n<meta property=\"og:title\" content=\"Como, Italie - Puzzle adulte 1000 pi\u00e8ces - D\u00e9couvrir l&#039;Europe\" \/>\n<meta property=\"og:description\" content=\"Como, Italie - Puzzle adulte 1000 pi\u00e8ces - D\u00e9couvrir l&#039;Europe\" \/>\n<meta property=\"og:url\" content=\"https:\/\/business.roovi.com\/fr\/como-italie-puzzle-adulte-1000-pieces-decouvrir-leurope\/p\/\" \/>\n<meta property=\"og:site_name\" content=\"Roovi B2B\" \/>\n<meta property=\"article:publisher\" content=\"https:\/\/www.facebook.com\/wwwjucariero\" \/>\n<meta property=\"article:modified_time\" content=\"2022-07-13T10:16:48+00:00\" \/>\n<meta property=\"og:image\" content=\"https:\/\/business.roovi.com\/wp-content\/uploads\/2018\/09\/65995-07-ansamblu_dimensiuni-cutie-22x22-cm.png\" \/>\n\t<meta property=\"og:image:width\" content=\"1200\" \/>\n\t<meta property=\"og:image:height\" content=\"1200\" \/>\n\t<meta property=\"og:image:type\" content=\"image\/png\" \/>\n<meta name=\"twitter:label1\" content=\"Dur\u00e9e de lecture estim\u00e9e\" \/>\n\t<meta name=\"twitter:data1\" content=\"4 minutes\" \/>\n<script type=\"application\/ld+json\" class=\"yoast-schema-graph\">{\"@context\":\"https:\/\/schema.org\",\"@graph\":[{\"@type\":\"WebPage\",\"@id\":\"https:\/\/business.roovi.com\/fr\/como-italie-puzzle-adulte-1000-pieces-decouvrir-leurope\/p\/\",\"url\":\"https:\/\/business.roovi.com\/fr\/como-italie-puzzle-adulte-1000-pieces-decouvrir-leurope\/p\/\",\"name\":\"Como, Italie - Puzzle adulte 1000 pi\u00e8ces - D\u00e9couvrir l'Europe\",\"isPartOf\":{\"@id\":\"https:\/\/business.roovi.com\/fr\/#website\"},\"datePublished\":\"2018-09-06T09:26:27+00:00\",\"dateModified\":\"2022-07-13T10:16:48+00:00\",\"description\":\"Como, Italie - Puzzle adulte 1000 pi\u00e8ces - D\u00e9couvrir l'Europe\",\"breadcrumb\":{\"@id\":\"https:\/\/business.roovi.com\/fr\/como-italie-puzzle-adulte-1000-pieces-decouvrir-leurope\/p\/#breadcrumb\"},\"inLanguage\":\"fr-FR\",\"potentialAction\":[{\"@type\":\"ReadAction\",\"target\":[\"https:\/\/business.roovi.com\/fr\/como-italie-puzzle-adulte-1000-pieces-decouvrir-leurope\/p\/\"]}]},{\"@type\":\"BreadcrumbList\",\"@id\":\"https:\/\/business.roovi.com\/fr\/como-italie-puzzle-adulte-1000-pieces-decouvrir-leurope\/p\/#breadcrumb\",\"itemListElement\":[{\"@type\":\"ListItem\",\"position\":1,\"name\":\"Home\",\"item\":\"https:\/\/business.roovi.com\/fr\/\"},{\"@type\":\"ListItem\",\"position\":2,\"name\":\"Boutique\",\"item\":\"https:\/\/business.roovi.com\/fr\/boutique\/\"},{\"@type\":\"ListItem\",\"position\":3,\"name\":\"Como, Italie &#8211; Puzzle adulte 1000 pi\u00e8ces &#8211; D\u00e9couvrir l&#8217;Europe\"}]},{\"@type\":\"WebSite\",\"@id\":\"https:\/\/business.roovi.com\/fr\/#website\",\"url\":\"https:\/\/business.roovi.com\/fr\/\",\"name\":\"Roovi B2B\",\"description\":\"Roovi Business Website\",\"potentialAction\":[{\"@type\":\"SearchAction\",\"target\":{\"@type\":\"EntryPoint\",\"urlTemplate\":\"https:\/\/business.roovi.com\/fr\/?s={search_term_string}\"},\"query-input\":\"required name=search_term_string\"}],\"inLanguage\":\"fr-FR\"}]}<\/script>\n<!-- \/ Yoast SEO plugin. -->","yoast_head_json":{"title":"Como, Italie - Puzzle adulte 1000 pi\u00e8ces - D\u00e9couvrir l'Europe","description":"Como, Italie - Puzzle adulte 1000 pi\u00e8ces - D\u00e9couvrir l'Europe","robots":{"index":"index","follow":"follow","max-snippet":"max-snippet:-1","max-image-preview":"max-image-preview:large","max-video-preview":"max-video-preview:-1"},"canonical":"https:\/\/business.roovi.com\/fr\/como-italie-puzzle-adulte-1000-pieces-decouvrir-leurope\/p\/","og_locale":"fr_FR","og_type":"article","og_title":"Como, Italie - Puzzle adulte 1000 pi\u00e8ces - D\u00e9couvrir l'Europe","og_description":"Como, Italie - Puzzle adulte 1000 pi\u00e8ces - D\u00e9couvrir l'Europe","og_url":"https:\/\/business.roovi.com\/fr\/como-italie-puzzle-adulte-1000-pieces-decouvrir-leurope\/p\/","og_site_name":"Roovi B2B","article_publisher":"https:\/\/www.facebook.com\/wwwjucariero","article_modified_time":"2022-07-13T10:16:48+00:00","og_image":[{"width":1200,"height":1200,"url":"https:\/\/business.roovi.com\/wp-content\/uploads\/2018\/09\/65995-07-ansamblu_dimensiuni-cutie-22x22-cm.png","type":"image\/png"}],"twitter_misc":{"Dur\u00e9e de lecture estim\u00e9e":"4 minutes"},"schema":{"@context":"https:\/\/schema.org","@graph":[{"@type":"WebPage","@id":"https:\/\/business.roovi.com\/fr\/como-italie-puzzle-adulte-1000-pieces-decouvrir-leurope\/p\/","url":"https:\/\/business.roovi.com\/fr\/como-italie-puzzle-adulte-1000-pieces-decouvrir-leurope\/p\/","name":"Como, Italie - Puzzle adulte 1000 pi\u00e8ces - D\u00e9couvrir l'Europe","isPartOf":{"@id":"https:\/\/business.roovi.com\/fr\/#website"},"datePublished":"2018-09-06T09:26:27+00:00","dateModified":"2022-07-13T10:16:48+00:00","description":"Como, Italie - Puzzle adulte 1000 pi\u00e8ces - D\u00e9couvrir l'Europe","breadcrumb":{"@id":"https:\/\/business.roovi.com\/fr\/como-italie-puzzle-adulte-1000-pieces-decouvrir-leurope\/p\/#breadcrumb"},"inLanguage":"fr-FR","potentialAction":[{"@type":"ReadAction","target":["https:\/\/business.roovi.com\/fr\/como-italie-puzzle-adulte-1000-pieces-decouvrir-leurope\/p\/"]}]},{"@type":"BreadcrumbList","@id":"https:\/\/business.roovi.com\/fr\/como-italie-puzzle-adulte-1000-pieces-decouvrir-leurope\/p\/#breadcrumb","itemListElement":[{"@type":"ListItem","position":1,"name":"Home","item":"https:\/\/business.roovi.com\/fr\/"},{"@type":"ListItem","position":2,"name":"Boutique","item":"https:\/\/business.roovi.com\/fr\/boutique\/"},{"@type":"ListItem","position":3,"name":"Como, Italie &#8211; Puzzle adulte 1000 pi\u00e8ces &#8211; D\u00e9couvrir l&#8217;Europe"}]},{"@type":"WebSite","@id":"https:\/\/business.roovi.com\/fr\/#website","url":"https:\/\/business.roovi.com\/fr\/","name":"Roovi B2B","description":"Roovi Business Website","potentialAction":[{"@type":"SearchAction","target":{"@type":"EntryPoint","urlTemplate":"https:\/\/business.roovi.com\/fr\/?s={search_term_string}"},"query-input":"required name=search_term_string"}],"inLanguage":"fr-FR"}]}},"_links":{"self":[{"href":"https:\/\/business.roovi.com\/fr\/wp-json\/wp\/v2\/product\/52428","targetHints":{"allow":["GET"]}}],"collection":[{"href":"https:\/\/business.roovi.com\/fr\/wp-json\/wp\/v2\/product"}],"about":[{"href":"https:\/\/business.roovi.com\/fr\/wp-json\/wp\/v2\/types\/product"}],"version-history":[{"count":0,"href":"https:\/\/business.roovi.com\/fr\/wp-json\/wp\/v2\/product\/52428\/revisions"}],"wp:featuredmedia":[{"embeddable":true,"href":"https:\/\/business.roovi.com\/fr\/wp-json\/wp\/v2\/media\/50475"}],"wp:attachment":[{"href":"https:\/\/business.roovi.com\/fr\/wp-json\/wp\/v2\/media?parent=52428"}],"wp:term":[{"taxonomy":"product_brand","embeddable":true,"href":"https:\/\/business.roovi.com\/fr\/wp-json\/wp\/v2\/product_brand?post=52428"},{"taxonomy":"product_cat","embeddable":true,"href":"https:\/\/business.roovi.com\/fr\/wp-json\/wp\/v2\/product_cat?post=52428"},{"taxonomy":"product_tag","embeddable":true,"href":"https:\/\/business.roovi.com\/fr\/wp-json\/wp\/v2\/product_tag?post=52428"}],"curies":[{"name":"wp","href":"https:\/\/api.w.org\/{rel}","templated":true}]}}