{"id":52430,"date":"2018-09-06T09:23:48","date_gmt":"2018-09-06T09:23:48","guid":{"rendered":"https:\/\/business.roovi.com\/puzzle-adulti-1000-piese-discover-europe-santorini\/p\/"},"modified":"2022-07-13T10:16:49","modified_gmt":"2022-07-13T10:16:49","slug":"casse-tete-santorini-casse-tete-adulte-1000-pieces-decouvrir-leurope","status":"publish","type":"product","link":"https:\/\/business.roovi.com\/fr\/casse-tete-santorini-casse-tete-adulte-1000-pieces-decouvrir-leurope\/p\/","title":{"rendered":"Casse-t\u00eate Santorini &#8211; Casse-t\u00eate adulte 1000 pi\u00e8ces &#8211; D\u00e9couvrir l&rsquo;Europe"},"content":{"rendered":"<p><strong><em>Si tu r\u00eaves de vacances prolong\u00e9es en Europe ou si tu as d\u00e9j\u00e0 visit\u00e9 de nombreux lieux c\u00e9l\u00e8bres et que tu souhaites conserver tes souvenirs sous une forme unique, la gamme de puzzles de 1000 pi\u00e8ces Discover Europe est exactement ce qu&rsquo;il te faut. Il met ton esprit au d\u00e9fi et t&#8217;emm\u00e8ne dans des endroits de r\u00eave.<\/em><\/strong><\/p>\n<p><span style=\"font-weight: 400;\">Les plages exotiques, les couchers de soleil \u00e0 couper le souffle et le vin de premi\u00e8re qualit\u00e9 ne sont que quelques-unes des attractions qui font de Santorin une destination pr\u00e9f\u00e9r\u00e9e des touristes du monde entier. Discover Europe &#8211; Santorini puzzle 1000 pi\u00e8ces donne une image pittoresque de la c\u00e9l\u00e8bre \u00eele grecque.<\/span><\/p>\n<p><span style=\"font-weight: 400;\">Situ\u00e9e dans le sud de la mer \u00c9g\u00e9e, Santorin se trouverait sur le site de l&rsquo;ancienne cit\u00e9 de l&rsquo;Atlantide. Elle a \u00e9t\u00e9 fond\u00e9e par des colons doriens au 9e si\u00e8cle avant J.-C., alors qu&rsquo;elle \u00e9tait connue sous le nom de <\/span><em><span style=\"font-weight: 400;\">Thera<\/span><\/em><span style=\"font-weight: 400;\">. Tout au long de l&rsquo;histoire, l&rsquo;\u00eele a \u00e9t\u00e9 gouvern\u00e9e par les Byzantins, les V\u00e9nitiens, les Ottomans et plus tard les Grecs.<\/span><\/p>\n<p><span style=\"font-weight: 400;\">Avec le puzzle Santorini de 1000 pi\u00e8ces, tu peux recr\u00e9er une image de conte de f\u00e9es de cette \u00eele embl\u00e9matique et profiter d&rsquo;une image ensoleill\u00e9e qui te ram\u00e8ne \u00e0 des vacances bien m\u00e9rit\u00e9es dans un pays plein de l\u00e9gendes et de symboles.<\/span><\/p>\n<p><strong>Pourquoi le puzzle Discover Europe &#8211; Santorini de 1000 pi\u00e8ces est-il si sp\u00e9cial ?<\/strong><\/p>\n<p><span style=\"font-weight: 400;\">Tu peux construire une fascinante image de toi-m\u00eame de 68 x 47 cm \u00e0 partir de 1000 pi\u00e8ces de puzzle.<\/span><\/p>\n<p><span style=\"font-weight: 400;\">Tu peux utiliser cette planche comme un objet d\u00e9coratif pour d\u00e9corer ta maison.<\/span><\/p>\n<p><span style=\"font-weight: 400;\">Il est fabriqu\u00e9 en carton de haute qualit\u00e9, ce qui rend les pi\u00e8ces du puzzle plus r\u00e9sistantes aux assemblages multiples.<\/span><\/p>\n<p><span style=\"font-weight: 400;\">La finition est semi-brillante, dans des couleurs vives qui donnent de la clart\u00e9 \u00e0 l&rsquo;image.<\/span><\/p>\n<p><span style=\"font-weight: 400;\">C&rsquo;est un produit respectueux de la nature, fabriqu\u00e9 \u00e0 partir de mat\u00e9riaux recyclables et durables.<\/span><\/p>\n<p><span style=\"font-weight: 400;\">Il convient aux plus de 14 ans &#8211; recr\u00e9e l&rsquo;image avec tes ados et fais-leur d\u00e9couvrir les l\u00e9gendes de l&rsquo;\u00eele.<\/span><\/p>\n<p><span style=\"font-weight: 400;\">C&rsquo;est l&rsquo;occasion de se d\u00e9tendre et de s&rsquo;\u00e9loigner de tout.<\/span><\/p>\n<p><span style=\"font-weight: 400;\">Il t&rsquo;aide \u00e0 d\u00e9velopper de nombreuses comp\u00e9tences telles que :<\/span><\/p>\n<ul>\n<li><span style=\"font-weight: 400;\">L&rsquo;attention au d\u00e9tail<\/span><\/li>\n<li><span style=\"font-weight: 400;\">Coordination et motricit\u00e9 fine<\/span><\/li>\n<li><span style=\"font-weight: 400;\">Pens\u00e9e logique et m\u00e9moire.<\/span><\/li>\n<li><span style=\"font-weight: 400;\">Capacit\u00e9 \u00e0 se concentrer.<\/span><\/li>\n<li><span style=\"font-weight: 400;\">Comp\u00e9tences en mati\u00e8re de r\u00e9solution de probl\u00e8mes.<\/span><\/li>\n<\/ul>\n<p><strong>Tu savais que&#8230; ?<\/strong><\/p>\n<p><span style=\"font-weight: 400;\">Santorin n&rsquo;a qu&rsquo;une seule source naturelle d&rsquo;eau potable : une petite source dans une grotte derri\u00e8re une petite chapelle. L&rsquo;\u00eele est approvisionn\u00e9e en eau par une usine de dessalement locale.<\/span><\/p>\n<p><span style=\"font-weight: 400;\">Santorin est domin\u00e9e par l&rsquo;architecture gr\u00e9co-romaine. La plupart des anciens b\u00e2timents ont \u00e9t\u00e9 d\u00e9truits lors du tremblement de terre de 1956. La capitale de l&rsquo;\u00eele poss\u00e8de de nombreux b\u00e2timents inspir\u00e9s de l&rsquo;architecture v\u00e9nitienne.<\/span><\/p>\n<p><span style=\"font-weight: 400;\">Plus de 80 vari\u00e9t\u00e9s de raisins sont cultiv\u00e9es \u00e0 Santorin. On dit que le meilleur vin de Gr\u00e8ce se trouve ici. L&rsquo;histoire de la vinification ici remonte \u00e0 plus de 30 si\u00e8cles <\/span><\/p>\n<p><span style=\"font-weight: 400;\">Il y a un volcan actif sur l&rsquo;\u00eele. La lave des \u00e9ruptions volcaniques au cours des \u00e2ges a fa\u00e7onn\u00e9 le littoral de l&rsquo;\u00eele et lui a donn\u00e9 l&rsquo;aspect unique que l&rsquo;on peut voir aujourd&rsquo;hui.<\/span><\/p>\n<p><span style=\"font-weight: 400;\">Les chambres d&rsquo;h\u00f4tel les plus ch\u00e8res ici sont situ\u00e9es au bord du volcan. De leurs fen\u00eatres, tu peux voir les couchers et les levers de soleil les plus fascinants de l&rsquo;\u00eele.<\/span><\/p>\n<p><strong>D\u00e9couvre l&rsquo;Europe &#8211; Santorin puzzle 1000 pi\u00e8ces, une exp\u00e9rience de d\u00e9tachement total<\/strong><\/p>\n<p><span style=\"font-weight: 400;\">L&rsquo;activit\u00e9 consistant \u00e0 assembler des jeux de puzzle est comme une m\u00e9ditation apaisante pour l&rsquo;esprit et l&rsquo;\u00e2me. Tu te concentres intens\u00e9ment, tu fais attention \u00e0 chaque d\u00e9tail qui a sa place bien \u00e9tablie dans le tableau g\u00e9n\u00e9ral, et toutes les autres pens\u00e9es se dissipent et disparaissent.<\/span><\/p>\n<p><span style=\"font-weight: 400;\">Lorsque le tableau est termin\u00e9, si tu fermes les yeux, tu peux t&rsquo;imaginer debout sur les marches du tableau et regarder le paysage sublime qui se d\u00e9roule devant toi. Tu es d\u00e9tendue et connect\u00e9e \u00e0 l&rsquo;\u00e9nergie positive du lieu et tu veux que ce sentiment reste avec toi tous les jours.<\/span><\/p>\n<p><span style=\"font-weight: 400;\">Choisis le puzzle Santorini de 1000 pi\u00e8ces pour l&rsquo;exp\u00e9rience m\u00e9ditative ultime ou pour de nombreuses heures de plaisir et de d\u00e9tente avec tes proches. Ou mets-le sous le sapin de No\u00ebl et ajoute du charme \u00e0 ces jours de f\u00eate o\u00f9 le froid te retient \u00e0 l&rsquo;int\u00e9rieur.<\/span><\/p><\/p>\n","protected":false},"excerpt":{"rendered":"<p>Si tu r\u00eaves de vacances prolong\u00e9es en Europe ou si tu as d\u00e9j\u00e0 visit\u00e9 de nombreux lieux c\u00e9l\u00e8bres et que<\/p>\n","protected":false},"featured_media":50462,"template":"","meta":[],"product_brand":[],"product_cat":[2314,2316,2315],"product_tag":[],"class_list":{"0":"post-52430","1":"product","2":"type-product","3":"status-publish","4":"has-post-thumbnail","6":"product_cat-puzzles-fr","7":"product_cat-puzzles-de-1000-pieces","8":"product_cat-puzzles-pour-adultes","9":"pa_bax-7-fr","10":"pa_brand-d_toys-fr","11":"pa_country_of_manufacture-ro-fr","12":"pa_filter_age-14-fr","13":"pa_painter-discovereurope-fr","14":"pa_tip_ambalaj-boite","15":"pa_tip_puzzle-classique","17":"first","18":"instock","19":"taxable","20":"shipping-taxable","21":"product-type-simple"},"yoast_head":"<!-- This site is optimized with the Yoast SEO plugin v20.1 - https:\/\/yoast.com\/wordpress\/plugins\/seo\/ -->\n<title>Casse-t\u00eate Santorini - Casse-t\u00eate adulte 1000 pi\u00e8ces - D\u00e9couvrir l&#039;Europe<\/title>\n<meta name=\"description\" content=\"Casse-t\u00eate Santorini - Casse-t\u00eate adulte 1000 pi\u00e8ces - D\u00e9couvrir l&#039;Europe\" \/>\n<meta name=\"robots\" content=\"index, follow, max-snippet:-1, max-image-preview:large, max-video-preview:-1\" \/>\n<link rel=\"canonical\" href=\"https:\/\/business.roovi.com\/fr\/casse-tete-santorini-casse-tete-adulte-1000-pieces-decouvrir-leurope\/p\/\" \/>\n<meta property=\"og:locale\" content=\"fr_FR\" \/>\n<meta property=\"og:type\" content=\"article\" \/>\n<meta property=\"og:title\" content=\"Casse-t\u00eate Santorini - Casse-t\u00eate adulte 1000 pi\u00e8ces - D\u00e9couvrir l&#039;Europe\" \/>\n<meta property=\"og:description\" content=\"Casse-t\u00eate Santorini - Casse-t\u00eate adulte 1000 pi\u00e8ces - D\u00e9couvrir l&#039;Europe\" \/>\n<meta property=\"og:url\" content=\"https:\/\/business.roovi.com\/fr\/casse-tete-santorini-casse-tete-adulte-1000-pieces-decouvrir-leurope\/p\/\" \/>\n<meta property=\"og:site_name\" content=\"Roovi B2B\" \/>\n<meta property=\"article:publisher\" content=\"https:\/\/www.facebook.com\/wwwjucariero\" \/>\n<meta property=\"article:modified_time\" content=\"2022-07-13T10:16:49+00:00\" \/>\n<meta property=\"og:image\" content=\"https:\/\/business.roovi.com\/wp-content\/uploads\/2018\/09\/65995-06_ansamblu_dimensiuni_cutie_cm_cutie_patrata.png\" \/>\n\t<meta property=\"og:image:width\" content=\"2000\" \/>\n\t<meta property=\"og:image:height\" content=\"2000\" \/>\n\t<meta property=\"og:image:type\" content=\"image\/png\" \/>\n<meta name=\"twitter:label1\" content=\"Dur\u00e9e de lecture estim\u00e9e\" \/>\n\t<meta name=\"twitter:data1\" content=\"4 minutes\" \/>\n<script type=\"application\/ld+json\" class=\"yoast-schema-graph\">{\"@context\":\"https:\/\/schema.org\",\"@graph\":[{\"@type\":\"WebPage\",\"@id\":\"https:\/\/business.roovi.com\/fr\/casse-tete-santorini-casse-tete-adulte-1000-pieces-decouvrir-leurope\/p\/\",\"url\":\"https:\/\/business.roovi.com\/fr\/casse-tete-santorini-casse-tete-adulte-1000-pieces-decouvrir-leurope\/p\/\",\"name\":\"Casse-t\u00eate Santorini - Casse-t\u00eate adulte 1000 pi\u00e8ces - D\u00e9couvrir l'Europe\",\"isPartOf\":{\"@id\":\"https:\/\/business.roovi.com\/fr\/#website\"},\"datePublished\":\"2018-09-06T09:23:48+00:00\",\"dateModified\":\"2022-07-13T10:16:49+00:00\",\"description\":\"Casse-t\u00eate Santorini - Casse-t\u00eate adulte 1000 pi\u00e8ces - D\u00e9couvrir l'Europe\",\"breadcrumb\":{\"@id\":\"https:\/\/business.roovi.com\/fr\/casse-tete-santorini-casse-tete-adulte-1000-pieces-decouvrir-leurope\/p\/#breadcrumb\"},\"inLanguage\":\"fr-FR\",\"potentialAction\":[{\"@type\":\"ReadAction\",\"target\":[\"https:\/\/business.roovi.com\/fr\/casse-tete-santorini-casse-tete-adulte-1000-pieces-decouvrir-leurope\/p\/\"]}]},{\"@type\":\"BreadcrumbList\",\"@id\":\"https:\/\/business.roovi.com\/fr\/casse-tete-santorini-casse-tete-adulte-1000-pieces-decouvrir-leurope\/p\/#breadcrumb\",\"itemListElement\":[{\"@type\":\"ListItem\",\"position\":1,\"name\":\"Home\",\"item\":\"https:\/\/business.roovi.com\/fr\/\"},{\"@type\":\"ListItem\",\"position\":2,\"name\":\"Boutique\",\"item\":\"https:\/\/business.roovi.com\/fr\/boutique\/\"},{\"@type\":\"ListItem\",\"position\":3,\"name\":\"Casse-t\u00eate Santorini &#8211; Casse-t\u00eate adulte 1000 pi\u00e8ces &#8211; D\u00e9couvrir l&#8217;Europe\"}]},{\"@type\":\"WebSite\",\"@id\":\"https:\/\/business.roovi.com\/fr\/#website\",\"url\":\"https:\/\/business.roovi.com\/fr\/\",\"name\":\"Roovi B2B\",\"description\":\"Roovi Business Website\",\"potentialAction\":[{\"@type\":\"SearchAction\",\"target\":{\"@type\":\"EntryPoint\",\"urlTemplate\":\"https:\/\/business.roovi.com\/fr\/?s={search_term_string}\"},\"query-input\":\"required name=search_term_string\"}],\"inLanguage\":\"fr-FR\"}]}<\/script>\n<!-- \/ Yoast SEO plugin. -->","yoast_head_json":{"title":"Casse-t\u00eate Santorini - Casse-t\u00eate adulte 1000 pi\u00e8ces - D\u00e9couvrir l'Europe","description":"Casse-t\u00eate Santorini - Casse-t\u00eate adulte 1000 pi\u00e8ces - D\u00e9couvrir l'Europe","robots":{"index":"index","follow":"follow","max-snippet":"max-snippet:-1","max-image-preview":"max-image-preview:large","max-video-preview":"max-video-preview:-1"},"canonical":"https:\/\/business.roovi.com\/fr\/casse-tete-santorini-casse-tete-adulte-1000-pieces-decouvrir-leurope\/p\/","og_locale":"fr_FR","og_type":"article","og_title":"Casse-t\u00eate Santorini - Casse-t\u00eate adulte 1000 pi\u00e8ces - D\u00e9couvrir l'Europe","og_description":"Casse-t\u00eate Santorini - Casse-t\u00eate adulte 1000 pi\u00e8ces - D\u00e9couvrir l'Europe","og_url":"https:\/\/business.roovi.com\/fr\/casse-tete-santorini-casse-tete-adulte-1000-pieces-decouvrir-leurope\/p\/","og_site_name":"Roovi B2B","article_publisher":"https:\/\/www.facebook.com\/wwwjucariero","article_modified_time":"2022-07-13T10:16:49+00:00","og_image":[{"width":2000,"height":2000,"url":"https:\/\/business.roovi.com\/wp-content\/uploads\/2018\/09\/65995-06_ansamblu_dimensiuni_cutie_cm_cutie_patrata.png","type":"image\/png"}],"twitter_misc":{"Dur\u00e9e de lecture estim\u00e9e":"4 minutes"},"schema":{"@context":"https:\/\/schema.org","@graph":[{"@type":"WebPage","@id":"https:\/\/business.roovi.com\/fr\/casse-tete-santorini-casse-tete-adulte-1000-pieces-decouvrir-leurope\/p\/","url":"https:\/\/business.roovi.com\/fr\/casse-tete-santorini-casse-tete-adulte-1000-pieces-decouvrir-leurope\/p\/","name":"Casse-t\u00eate Santorini - Casse-t\u00eate adulte 1000 pi\u00e8ces - D\u00e9couvrir l'Europe","isPartOf":{"@id":"https:\/\/business.roovi.com\/fr\/#website"},"datePublished":"2018-09-06T09:23:48+00:00","dateModified":"2022-07-13T10:16:49+00:00","description":"Casse-t\u00eate Santorini - Casse-t\u00eate adulte 1000 pi\u00e8ces - D\u00e9couvrir l'Europe","breadcrumb":{"@id":"https:\/\/business.roovi.com\/fr\/casse-tete-santorini-casse-tete-adulte-1000-pieces-decouvrir-leurope\/p\/#breadcrumb"},"inLanguage":"fr-FR","potentialAction":[{"@type":"ReadAction","target":["https:\/\/business.roovi.com\/fr\/casse-tete-santorini-casse-tete-adulte-1000-pieces-decouvrir-leurope\/p\/"]}]},{"@type":"BreadcrumbList","@id":"https:\/\/business.roovi.com\/fr\/casse-tete-santorini-casse-tete-adulte-1000-pieces-decouvrir-leurope\/p\/#breadcrumb","itemListElement":[{"@type":"ListItem","position":1,"name":"Home","item":"https:\/\/business.roovi.com\/fr\/"},{"@type":"ListItem","position":2,"name":"Boutique","item":"https:\/\/business.roovi.com\/fr\/boutique\/"},{"@type":"ListItem","position":3,"name":"Casse-t\u00eate Santorini &#8211; Casse-t\u00eate adulte 1000 pi\u00e8ces &#8211; D\u00e9couvrir l&#8217;Europe"}]},{"@type":"WebSite","@id":"https:\/\/business.roovi.com\/fr\/#website","url":"https:\/\/business.roovi.com\/fr\/","name":"Roovi B2B","description":"Roovi Business Website","potentialAction":[{"@type":"SearchAction","target":{"@type":"EntryPoint","urlTemplate":"https:\/\/business.roovi.com\/fr\/?s={search_term_string}"},"query-input":"required name=search_term_string"}],"inLanguage":"fr-FR"}]}},"_links":{"self":[{"href":"https:\/\/business.roovi.com\/fr\/wp-json\/wp\/v2\/product\/52430","targetHints":{"allow":["GET"]}}],"collection":[{"href":"https:\/\/business.roovi.com\/fr\/wp-json\/wp\/v2\/product"}],"about":[{"href":"https:\/\/business.roovi.com\/fr\/wp-json\/wp\/v2\/types\/product"}],"version-history":[{"count":0,"href":"https:\/\/business.roovi.com\/fr\/wp-json\/wp\/v2\/product\/52430\/revisions"}],"wp:featuredmedia":[{"embeddable":true,"href":"https:\/\/business.roovi.com\/fr\/wp-json\/wp\/v2\/media\/50462"}],"wp:attachment":[{"href":"https:\/\/business.roovi.com\/fr\/wp-json\/wp\/v2\/media?parent=52430"}],"wp:term":[{"taxonomy":"product_brand","embeddable":true,"href":"https:\/\/business.roovi.com\/fr\/wp-json\/wp\/v2\/product_brand?post=52430"},{"taxonomy":"product_cat","embeddable":true,"href":"https:\/\/business.roovi.com\/fr\/wp-json\/wp\/v2\/product_cat?post=52430"},{"taxonomy":"product_tag","embeddable":true,"href":"https:\/\/business.roovi.com\/fr\/wp-json\/wp\/v2\/product_tag?post=52430"}],"curies":[{"name":"wp","href":"https:\/\/api.w.org\/{rel}","templated":true}]}}