{"id":52431,"date":"2018-09-06T09:18:05","date_gmt":"2018-09-06T09:18:05","guid":{"rendered":"https:\/\/business.roovi.com\/puzzle-adulti-1000-piese-discover-europe-acropolis\/p\/"},"modified":"2022-07-13T10:16:49","modified_gmt":"2022-07-13T10:16:49","slug":"casse-tete-acropolis-casse-tete-adulte-1000-pieces-decouvrir-leurope","status":"publish","type":"product","link":"https:\/\/business.roovi.com\/fr\/casse-tete-acropolis-casse-tete-adulte-1000-pieces-decouvrir-leurope\/p\/","title":{"rendered":"Casse-t\u00eate Acropolis &#8211; Casse-t\u00eate adulte 1000 pi\u00e8ces &#8211; D\u00e9couvrir l&rsquo;Europe"},"content":{"rendered":"<p><strong><em>Pr\u00e9serve les souvenirs inoubliables de vacances de r\u00eave en Europe dans des images uniques de puzzle de 1000 pi\u00e8ces. La gamme D\u00e9couvrir l&rsquo;Europe comprend des jeux de puzzle avec des images \u00e9tonnantes de certains des sites les plus spectaculaires du vieux continent.<\/em><\/strong><\/p>\n<p><span style=\"font-weight: 400;\">Avec le puzzle 1000 pi\u00e8ces Discover Europe &#8211; Acropolis, tu as la possibilit\u00e9 de recr\u00e9er \u00e0 partir de 1000 pi\u00e8ces de puzzle l&rsquo;image de ce chef-d&rsquo;\u0153uvre antique, symbole de la grandeur de l&rsquo;art grec.<\/span><\/p>\n<p><span style=\"font-weight: 400;\">Si tu es \u00e0 Ath\u00e8nes, tu ne peux pas manquer l&rsquo;Acropole, tout d&rsquo;abord parce que cette <\/span><span style=\"font-weight: 400;\">le monument culturel mondial embl\u00e9matique est visible de tous les coins de la capitale grecque <\/span><\/p>\n<p><span style=\"font-weight: 400;\">L&rsquo;Acropole ath\u00e9nienne est le complexe monumental le plus impressionnant de la Gr\u00e8ce antique qui a surv\u00e9cu jusqu&rsquo;\u00e0 nos jours. Situ\u00e9 sur une colline rocheuse au-dessus d&rsquo;Ath\u00e8nes, il abrite les vestiges de plusieurs b\u00e2timents antiques d&rsquo;une valeur architecturale inestimable, dont le plus c\u00e9l\u00e8bre est le Parth\u00e9non.<\/span><\/p>\n<p><span style=\"font-weight: 400;\">Gr\u00e2ce \u00e0 ce puzzle de 1000 pi\u00e8ces, tu as la possibilit\u00e9 d&rsquo;admirer les d\u00e9tails impressionnants de ce c\u00e9l\u00e8bre monument, charg\u00e9 d&rsquo;histoire et de symboles. Construis pi\u00e8ce par pi\u00e8ce un superbe puzzle adulte Acropolis qui sera spectaculaire o\u00f9 que tu choisisses de l&rsquo;exposer.<\/span><\/p>\n<p><strong>Pourquoi choisir le puzzle de 1000 pi\u00e8ces Discover Europe &#8211; Acropolis ?<\/strong><\/p>\n<p><span style=\"font-weight: 400;\">C&rsquo;est une fa\u00e7on r\u00e9cr\u00e9ative et relaxante de passer ton temps libre.<\/span><\/p>\n<p><span style=\"font-weight: 400;\">Tu obtiens un tableau de 68 x 47 cm qui ajoutera une touche raffin\u00e9e \u00e0 n&rsquo;importe quel endroit terne de ta maison.<\/span><\/p>\n<p><span style=\"font-weight: 400;\">Il est fabriqu\u00e9 en carton bleu de haute qualit\u00e9 qui rend les pi\u00e8ces solides m\u00eame lorsqu&rsquo;elles sont assembl\u00e9es plusieurs fois.<\/span><\/p>\n<p><span style=\"font-weight: 400;\">Nous utilisons uniquement des mat\u00e9riaux durables et recyclables pour la production de nos jeux de r\u00e9flexion.<\/span><\/p>\n<p><span style=\"font-weight: 400;\">Il a une finition semi-brillante et des couleurs vives qui font ressortir la beaut\u00e9 de l&rsquo;image.<\/span><\/p>\n<p><span style=\"font-weight: 400;\">Convient aux personnes de plus de 14 ans, une raison suppl\u00e9mentaire d&rsquo;initier les adolescents aux myst\u00e8res du monde grec antique.<\/span><\/p>\n<p><span style=\"font-weight: 400;\">Donne-toi l&rsquo;occasion de passer quelques heures de d\u00e9tente avec tes amis.<\/span><\/p>\n<p><span style=\"font-weight: 400;\">C&rsquo;est un excellent moyen de d\u00e9velopper des comp\u00e9tences telles que l&rsquo;attention aux d\u00e9tails, la dext\u00e9rit\u00e9 et la motricit\u00e9 fine.<\/span><\/p>\n<p><strong>Tu savais que&#8230; ?<\/strong><\/p>\n<p><span style=\"font-weight: 400;\">Les premiers b\u00e2timents du complexe de l&rsquo;Acropole ont \u00e9t\u00e9 construits \u00e0 des fins d\u00e9fensives. Les anciens Myc\u00e9niens ont construit son premier mur d\u00e9fensif au 13e si\u00e8cle avant J\u00e9sus-Christ. On peut encore voir des fragments de cette structure aujourd&rsquo;hui <\/span><\/p>\n<p><span style=\"font-weight: 400;\">Le b\u00e2timent le plus imposant du complexe, le Parth\u00e9non, le temple de la d\u00e9esse Ath\u00e9na, a \u00e9t\u00e9 construit \u00e0 partir de 447 av. Au fil de l&rsquo;histoire, elle a \u00e9t\u00e9 un lieu de culte, une \u00e9glise, une \u00e9glise chr\u00e9tienne, une mosqu\u00e9e, un d\u00e9p\u00f4t de munitions et maintenant une attraction touristique.<\/span><\/p>\n<p><strong>Puzzle Acropolis et l&rsquo;\u00c9tat du bonheur de 1000 pi\u00e8ces<\/strong><\/p>\n<p><span style=\"font-weight: 400;\">Il a \u00e9t\u00e9 d\u00e9montr\u00e9 que pendant un jeu de puzzle, le cerveau humain produit plus de dopamine, un neurotransmetteur qui assure le bien-\u00eatre, l&rsquo;optimisme et le bonheur <\/span><\/p>\n<p><span style=\"font-weight: 400;\">Plus qu&rsquo;une simple d\u00e9tente, tu peux vivre avec le puzzle de 1000 pi\u00e8ces Acropolis un \u00e9tat de joie, associ\u00e9 \u00e0 la satisfaction d&rsquo;avoir cr\u00e9\u00e9 de tes propres mains un tableau exceptionnel. Mets ce chef-d&rsquo;\u0153uvre dans le cadre et admire-le \u00e0 ton aise <\/span><span style=\"font-weight: 400;\">les \u00e9l\u00e9ments architecturaux exceptionnels d&rsquo;un monument de renomm\u00e9e mondiale.<\/span><\/p>\n<p><span style=\"font-weight: 400;\">Puzzle de 1000 pi\u00e8ces <\/span><span style=\"font-weight: 400;\">Acropole de la collection Discover Europe<\/span><span style=\"font-weight: 400;\"> est un cadeau id\u00e9al pour tout amateur de beaut\u00e9 et de jeux de r\u00e9flexion. N&rsquo;h\u00e9site pas \u00e0 l&rsquo;offrir en cadeau \u00e0 tes proches. Tu leur apporteras beaucoup de sourires et de joie avec ce puzzle sp\u00e9cial pour adultes.<\/span><\/p><\/p>\n","protected":false},"excerpt":{"rendered":"<p>Pr\u00e9serve les souvenirs inoubliables de vacances de r\u00eave en Europe dans des images uniques de puzzle de 1000 pi\u00e8ces. La<\/p>\n","protected":false},"featured_media":50447,"template":"","meta":[],"product_brand":[],"product_cat":[2314,2316,2315],"product_tag":[],"class_list":{"0":"post-52431","1":"product","2":"type-product","3":"status-publish","4":"has-post-thumbnail","6":"product_cat-puzzles-fr","7":"product_cat-puzzles-de-1000-pieces","8":"product_cat-puzzles-pour-adultes","9":"pa_bax-7-fr","10":"pa_brand-d_toys-fr","11":"pa_country_of_manufacture-ro-fr","12":"pa_filter_age-14-fr","13":"pa_painter-discovereurope-fr","14":"pa_tip_ambalaj-boite","15":"pa_tip_puzzle-classique","17":"first","18":"instock","19":"taxable","20":"shipping-taxable","21":"product-type-simple"},"yoast_head":"<!-- This site is optimized with the Yoast SEO plugin v20.1 - https:\/\/yoast.com\/wordpress\/plugins\/seo\/ -->\n<title>Casse-t\u00eate Acropolis - Casse-t\u00eate adulte 1000 pi\u00e8ces - D\u00e9couvrir l&#039;Europe<\/title>\n<meta name=\"description\" content=\"Casse-t\u00eate Acropolis - Casse-t\u00eate adulte 1000 pi\u00e8ces - D\u00e9couvrir l&#039;Europe\" \/>\n<meta name=\"robots\" content=\"index, follow, max-snippet:-1, max-image-preview:large, max-video-preview:-1\" \/>\n<link rel=\"canonical\" href=\"https:\/\/business.roovi.com\/fr\/casse-tete-acropolis-casse-tete-adulte-1000-pieces-decouvrir-leurope\/p\/\" \/>\n<meta property=\"og:locale\" content=\"fr_FR\" \/>\n<meta property=\"og:type\" content=\"article\" \/>\n<meta property=\"og:title\" content=\"Casse-t\u00eate Acropolis - Casse-t\u00eate adulte 1000 pi\u00e8ces - D\u00e9couvrir l&#039;Europe\" \/>\n<meta property=\"og:description\" content=\"Casse-t\u00eate Acropolis - Casse-t\u00eate adulte 1000 pi\u00e8ces - D\u00e9couvrir l&#039;Europe\" \/>\n<meta property=\"og:url\" content=\"https:\/\/business.roovi.com\/fr\/casse-tete-acropolis-casse-tete-adulte-1000-pieces-decouvrir-leurope\/p\/\" \/>\n<meta property=\"og:site_name\" content=\"Roovi B2B\" \/>\n<meta property=\"article:publisher\" content=\"https:\/\/www.facebook.com\/wwwjucariero\" \/>\n<meta property=\"article:modified_time\" content=\"2022-07-13T10:16:49+00:00\" \/>\n<meta property=\"og:image\" content=\"https:\/\/business.roovi.com\/wp-content\/uploads\/2018\/09\/65995-05-ansamblu_dimensiuni-cutie-22x22-cm.png\" \/>\n\t<meta property=\"og:image:width\" content=\"1140\" \/>\n\t<meta property=\"og:image:height\" content=\"1140\" \/>\n\t<meta property=\"og:image:type\" content=\"image\/png\" \/>\n<meta name=\"twitter:label1\" content=\"Dur\u00e9e de lecture estim\u00e9e\" \/>\n\t<meta name=\"twitter:data1\" content=\"3 minutes\" \/>\n<script type=\"application\/ld+json\" class=\"yoast-schema-graph\">{\"@context\":\"https:\/\/schema.org\",\"@graph\":[{\"@type\":\"WebPage\",\"@id\":\"https:\/\/business.roovi.com\/fr\/casse-tete-acropolis-casse-tete-adulte-1000-pieces-decouvrir-leurope\/p\/\",\"url\":\"https:\/\/business.roovi.com\/fr\/casse-tete-acropolis-casse-tete-adulte-1000-pieces-decouvrir-leurope\/p\/\",\"name\":\"Casse-t\u00eate Acropolis - Casse-t\u00eate adulte 1000 pi\u00e8ces - D\u00e9couvrir l'Europe\",\"isPartOf\":{\"@id\":\"https:\/\/business.roovi.com\/fr\/#website\"},\"datePublished\":\"2018-09-06T09:18:05+00:00\",\"dateModified\":\"2022-07-13T10:16:49+00:00\",\"description\":\"Casse-t\u00eate Acropolis - Casse-t\u00eate adulte 1000 pi\u00e8ces - D\u00e9couvrir l'Europe\",\"breadcrumb\":{\"@id\":\"https:\/\/business.roovi.com\/fr\/casse-tete-acropolis-casse-tete-adulte-1000-pieces-decouvrir-leurope\/p\/#breadcrumb\"},\"inLanguage\":\"fr-FR\",\"potentialAction\":[{\"@type\":\"ReadAction\",\"target\":[\"https:\/\/business.roovi.com\/fr\/casse-tete-acropolis-casse-tete-adulte-1000-pieces-decouvrir-leurope\/p\/\"]}]},{\"@type\":\"BreadcrumbList\",\"@id\":\"https:\/\/business.roovi.com\/fr\/casse-tete-acropolis-casse-tete-adulte-1000-pieces-decouvrir-leurope\/p\/#breadcrumb\",\"itemListElement\":[{\"@type\":\"ListItem\",\"position\":1,\"name\":\"Home\",\"item\":\"https:\/\/business.roovi.com\/fr\/\"},{\"@type\":\"ListItem\",\"position\":2,\"name\":\"Boutique\",\"item\":\"https:\/\/business.roovi.com\/fr\/boutique\/\"},{\"@type\":\"ListItem\",\"position\":3,\"name\":\"Casse-t\u00eate Acropolis &#8211; Casse-t\u00eate adulte 1000 pi\u00e8ces &#8211; D\u00e9couvrir l&#8217;Europe\"}]},{\"@type\":\"WebSite\",\"@id\":\"https:\/\/business.roovi.com\/fr\/#website\",\"url\":\"https:\/\/business.roovi.com\/fr\/\",\"name\":\"Roovi B2B\",\"description\":\"Roovi Business Website\",\"potentialAction\":[{\"@type\":\"SearchAction\",\"target\":{\"@type\":\"EntryPoint\",\"urlTemplate\":\"https:\/\/business.roovi.com\/fr\/?s={search_term_string}\"},\"query-input\":\"required name=search_term_string\"}],\"inLanguage\":\"fr-FR\"}]}<\/script>\n<!-- \/ Yoast SEO plugin. -->","yoast_head_json":{"title":"Casse-t\u00eate Acropolis - Casse-t\u00eate adulte 1000 pi\u00e8ces - D\u00e9couvrir l'Europe","description":"Casse-t\u00eate Acropolis - Casse-t\u00eate adulte 1000 pi\u00e8ces - D\u00e9couvrir l'Europe","robots":{"index":"index","follow":"follow","max-snippet":"max-snippet:-1","max-image-preview":"max-image-preview:large","max-video-preview":"max-video-preview:-1"},"canonical":"https:\/\/business.roovi.com\/fr\/casse-tete-acropolis-casse-tete-adulte-1000-pieces-decouvrir-leurope\/p\/","og_locale":"fr_FR","og_type":"article","og_title":"Casse-t\u00eate Acropolis - Casse-t\u00eate adulte 1000 pi\u00e8ces - D\u00e9couvrir l'Europe","og_description":"Casse-t\u00eate Acropolis - Casse-t\u00eate adulte 1000 pi\u00e8ces - D\u00e9couvrir l'Europe","og_url":"https:\/\/business.roovi.com\/fr\/casse-tete-acropolis-casse-tete-adulte-1000-pieces-decouvrir-leurope\/p\/","og_site_name":"Roovi B2B","article_publisher":"https:\/\/www.facebook.com\/wwwjucariero","article_modified_time":"2022-07-13T10:16:49+00:00","og_image":[{"width":1140,"height":1140,"url":"https:\/\/business.roovi.com\/wp-content\/uploads\/2018\/09\/65995-05-ansamblu_dimensiuni-cutie-22x22-cm.png","type":"image\/png"}],"twitter_misc":{"Dur\u00e9e de lecture estim\u00e9e":"3 minutes"},"schema":{"@context":"https:\/\/schema.org","@graph":[{"@type":"WebPage","@id":"https:\/\/business.roovi.com\/fr\/casse-tete-acropolis-casse-tete-adulte-1000-pieces-decouvrir-leurope\/p\/","url":"https:\/\/business.roovi.com\/fr\/casse-tete-acropolis-casse-tete-adulte-1000-pieces-decouvrir-leurope\/p\/","name":"Casse-t\u00eate Acropolis - Casse-t\u00eate adulte 1000 pi\u00e8ces - D\u00e9couvrir l'Europe","isPartOf":{"@id":"https:\/\/business.roovi.com\/fr\/#website"},"datePublished":"2018-09-06T09:18:05+00:00","dateModified":"2022-07-13T10:16:49+00:00","description":"Casse-t\u00eate Acropolis - Casse-t\u00eate adulte 1000 pi\u00e8ces - D\u00e9couvrir l'Europe","breadcrumb":{"@id":"https:\/\/business.roovi.com\/fr\/casse-tete-acropolis-casse-tete-adulte-1000-pieces-decouvrir-leurope\/p\/#breadcrumb"},"inLanguage":"fr-FR","potentialAction":[{"@type":"ReadAction","target":["https:\/\/business.roovi.com\/fr\/casse-tete-acropolis-casse-tete-adulte-1000-pieces-decouvrir-leurope\/p\/"]}]},{"@type":"BreadcrumbList","@id":"https:\/\/business.roovi.com\/fr\/casse-tete-acropolis-casse-tete-adulte-1000-pieces-decouvrir-leurope\/p\/#breadcrumb","itemListElement":[{"@type":"ListItem","position":1,"name":"Home","item":"https:\/\/business.roovi.com\/fr\/"},{"@type":"ListItem","position":2,"name":"Boutique","item":"https:\/\/business.roovi.com\/fr\/boutique\/"},{"@type":"ListItem","position":3,"name":"Casse-t\u00eate Acropolis &#8211; Casse-t\u00eate adulte 1000 pi\u00e8ces &#8211; D\u00e9couvrir l&#8217;Europe"}]},{"@type":"WebSite","@id":"https:\/\/business.roovi.com\/fr\/#website","url":"https:\/\/business.roovi.com\/fr\/","name":"Roovi B2B","description":"Roovi Business Website","potentialAction":[{"@type":"SearchAction","target":{"@type":"EntryPoint","urlTemplate":"https:\/\/business.roovi.com\/fr\/?s={search_term_string}"},"query-input":"required name=search_term_string"}],"inLanguage":"fr-FR"}]}},"_links":{"self":[{"href":"https:\/\/business.roovi.com\/fr\/wp-json\/wp\/v2\/product\/52431","targetHints":{"allow":["GET"]}}],"collection":[{"href":"https:\/\/business.roovi.com\/fr\/wp-json\/wp\/v2\/product"}],"about":[{"href":"https:\/\/business.roovi.com\/fr\/wp-json\/wp\/v2\/types\/product"}],"version-history":[{"count":0,"href":"https:\/\/business.roovi.com\/fr\/wp-json\/wp\/v2\/product\/52431\/revisions"}],"wp:featuredmedia":[{"embeddable":true,"href":"https:\/\/business.roovi.com\/fr\/wp-json\/wp\/v2\/media\/50447"}],"wp:attachment":[{"href":"https:\/\/business.roovi.com\/fr\/wp-json\/wp\/v2\/media?parent=52431"}],"wp:term":[{"taxonomy":"product_brand","embeddable":true,"href":"https:\/\/business.roovi.com\/fr\/wp-json\/wp\/v2\/product_brand?post=52431"},{"taxonomy":"product_cat","embeddable":true,"href":"https:\/\/business.roovi.com\/fr\/wp-json\/wp\/v2\/product_cat?post=52431"},{"taxonomy":"product_tag","embeddable":true,"href":"https:\/\/business.roovi.com\/fr\/wp-json\/wp\/v2\/product_tag?post=52431"}],"curies":[{"name":"wp","href":"https:\/\/api.w.org\/{rel}","templated":true}]}}