{"id":52435,"date":"2018-09-06T08:58:10","date_gmt":"2018-09-06T08:58:10","guid":{"rendered":"https:\/\/business.roovi.com\/puzzle-adulti-1000-piese-cal-murg\/p\/"},"modified":"2022-10-20T10:07:17","modified_gmt":"2022-10-20T10:07:17","slug":"puzzle-adulte-1000-pieces-cal-murg","status":"publish","type":"product","link":"https:\/\/business.roovi.com\/fr\/puzzle-adulte-1000-pieces-cal-murg\/p\/","title":{"rendered":"Puzzle adulte 1000 pi\u00e8ces Cal murg"},"content":{"rendered":"<p><strong><em>Tu es passionn\u00e9 par les jeux de r\u00e9flexion et tu pr\u00e9f\u00e8res les images classiques d&rsquo;animaux captur\u00e9s dans la nature ? Assemble le puzzle de 1000 pi\u00e8ces Cal murg et obtient une image fascinante qui te donne un sentiment de libert\u00e9 totale.<\/em><\/strong><\/p>\n<p><span style=\"font-weight: 400;\">Si tu veux te d\u00e9connecter de tes \u00e9crans et profiter de nombreuses heures de d\u00e9tente, le puzzle Cal murg de 1000 pi\u00e8ces est le choix id\u00e9al. Entra\u00eene aussi tes enfants dans le jeu de puzzle. D\u00e9couvre d&rsquo;autres faits int\u00e9ressants sur ce noble animal et tu as la recette id\u00e9ale pour un merveilleux apr\u00e8s-midi \u00e0 passer avec toute la famille.<\/span><\/p>\n<p><span style=\"font-weight: 400;\">Lorsque tu t&rsquo;assieds et que tu cherches les bonnes pi\u00e8ces pour compl\u00e9ter l&rsquo;image du puzzle 1000, tu as la possibilit\u00e9 de communiquer et d&rsquo;apprendre \u00e0 mieux te conna\u00eetre. Dans les moments de calme et de d\u00e9tente, les enfants se sentent en s\u00e9curit\u00e9 et peuvent partager avec toi des pens\u00e9es et des sentiments qu&rsquo;ils ne veulent pas r\u00e9v\u00e9ler autrement <\/span><\/p>\n<p><span style=\"font-weight: 400;\">Alors choisis le puzzle Cal murg 1000 pi\u00e8ces et profite d&rsquo;une exp\u00e9rience cr\u00e9ative incroyable avec tes proches ou dans les moments o\u00f9 tu veux faire une pause dans le quotidien. Une table basse ordinaire suffira pour soutenir les pi\u00e8ces. Le tableau final mesure <strong>47 x 68 cm<\/strong> et peut \u00eatre transform\u00e9 en une pi\u00e8ce de d\u00e9coration originale.<\/span><\/p>\n<p><strong>Pourquoi le puzzle adulte 1000 pi\u00e8ces Cal murg est-il si sp\u00e9cial ?<\/strong><\/p>\n<p><span style=\"font-weight: 400;\">L&rsquo;image magnifique induit un \u00e9tat de calme et de relaxation.<\/span><\/p>\n<p><span style=\"font-weight: 400;\">C&rsquo;est un excellent moyen r\u00e9cr\u00e9atif.<\/span><\/p>\n<p><span style=\"font-weight: 400;\">Le jeu de puzzle aide \u00e0 am\u00e9liorer la m\u00e9moire.<\/span><\/p>\n<p><span style=\"font-weight: 400;\">Il stimule la s\u00e9cr\u00e9tion de dopamine, l&rsquo;hormone dite du bonheur.<\/span><\/p>\n<p><span style=\"font-weight: 400;\">Les pi\u00e8ces sont fabriqu\u00e9es en carton bleu de haute qualit\u00e9, sont durables et s&rsquo;assemblent parfaitement \u00e0 chaque montage <\/span><\/p>\n<p><span style=\"font-weight: 400;\">Il est respectueux de l&rsquo;environnement car il est fabriqu\u00e9 \u00e0 partir de mat\u00e9riaux recyclables et durables.<\/span><\/p>\n<p><span style=\"font-weight: 400;\">La finition est semi-brillante, dans des couleurs agr\u00e9ables qui font ressortir la clart\u00e9 de l&rsquo;image.<\/span><\/p>\n<p><span style=\"font-weight: 400;\">Il est adapt\u00e9 aux plus de 14 ans, une occasion de passer du temps libre avec les adolescents.<\/span><\/p>\n<p><strong>Savais-tu que..<\/strong><\/p>\n<p><span style=\"font-weight: 400;\">L&rsquo;anc\u00eatre du cheval s&rsquo;appelle <\/span><em><span style=\"font-weight: 400;\">Eohippus <\/span><\/em><span style=\"font-weight: 400;\">et a v\u00e9cu il y a plus de 50 millions d&rsquo;ann\u00e9es.<\/span><\/p>\n<p><span style=\"font-weight: 400;\">De tous les mammif\u00e8res, les chevaux ont le plus large champ de vision \u00e0 360 degr\u00e9s.<\/span><\/p>\n<p><span style=\"font-weight: 400;\">Les chevaux ont les plus grands yeux de tous les mammif\u00e8res. Leur diam\u00e8tre est d&rsquo;environ 5 cm. En volume, ils sont 9 fois plus grands que les yeux humains.<\/span><\/p>\n<p><span style=\"font-weight: 400;\">Les chevaux l\u00e8vent leur l\u00e8vre sup\u00e9rieure pour distinguer une odeur particuli\u00e8re et non pour sourire.<\/span><\/p>\n<p><span style=\"font-weight: 400;\">Un cheval peut courir quelques heures apr\u00e8s sa naissance.<\/span><\/p>\n<p><span style=\"font-weight: 400;\">Les chevaux ont 10 types de muscles dans leurs oreilles, c&rsquo;est pourquoi ils peuvent les tourner \u00e0 180 degr\u00e9s.<\/span><\/p>\n<p><strong>Puzzle 1000 pi\u00e8ces Horse Murg &#8211; une activit\u00e9 r\u00e9cr\u00e9ative \u00e9tonnante<\/strong><\/p>\n<p><span style=\"font-weight: 400;\">Regarder ce noble animal profiter de la libert\u00e9 te donne le sentiment que tu es toi-m\u00eame un esprit libre. Chaque pi\u00e8ce mise en place renforce ta confiance et tu sens que chaque objectif que tu te fixes est r\u00e9alisable si tu es pers\u00e9v\u00e9rant et que tu crois en toi.<\/span><\/p>\n<p><span style=\"font-weight: 400;\">Que tu pr\u00e9f\u00e8res refaire ton image seule ou en compagnie de ta famille et de tes amis, <\/span><span style=\"font-weight: 400;\">le puzzle adulte de 1000 pi\u00e8ces Cal murg est un jeu de puzzle que tu devrais toujours avoir \u00e0 port\u00e9e de main. Il met ton esprit au d\u00e9fi et te procure jusqu&rsquo;\u00e0 30 heures de plaisir et de d\u00e9tente.<\/span><\/p>\n<p><span style=\"font-weight: 400;\">Tu peux aussi choisir le puzzle Cal murg 1000 pi\u00e8ces pour l&rsquo;offrir \u00e0 tes amis amateurs de puzzles \u00e0 l&rsquo;occasion des f\u00eates ou des anniversaires.<\/span><\/p>\n","protected":false},"excerpt":{"rendered":"<p>Tu es passionn\u00e9 par les jeux de r\u00e9flexion et tu pr\u00e9f\u00e8res les images classiques d&rsquo;animaux captur\u00e9s dans la nature ?<\/p>\n","protected":false},"featured_media":58853,"template":"","meta":[],"product_brand":[],"product_cat":[2314,2316,2315],"product_tag":[],"class_list":{"0":"post-52435","1":"product","2":"type-product","3":"status-publish","4":"has-post-thumbnail","6":"product_cat-puzzles-fr","7":"product_cat-puzzles-de-1000-pieces","8":"product_cat-puzzles-pour-adultes","9":"pa_brand-d_toys-fr","10":"pa_country_of_manufacture-ro-fr","11":"pa_filter_age-14-fr","12":"pa_painter-chevaux","13":"pa_tip_ambalaj-boite","14":"pa_tip_puzzle-classique","16":"first","17":"instock","18":"taxable","19":"shipping-taxable","20":"product-type-simple"},"yoast_head":"<!-- This site is optimized with the Yoast SEO plugin v20.1 - https:\/\/yoast.com\/wordpress\/plugins\/seo\/ -->\n<title>Puzzle adulte 1000 pi\u00e8ces Cal murg<\/title>\n<meta name=\"description\" content=\"Puzzle adulte 1000 pi\u00e8ces Cal murg\" \/>\n<meta name=\"robots\" content=\"index, follow, max-snippet:-1, max-image-preview:large, max-video-preview:-1\" \/>\n<link rel=\"canonical\" href=\"https:\/\/business.roovi.com\/fr\/puzzle-adulte-1000-pieces-cal-murg\/p\/\" \/>\n<meta property=\"og:locale\" content=\"fr_FR\" \/>\n<meta property=\"og:type\" content=\"article\" \/>\n<meta property=\"og:title\" content=\"Puzzle adulte 1000 pi\u00e8ces Cal murg\" \/>\n<meta property=\"og:description\" content=\"Puzzle adulte 1000 pi\u00e8ces Cal murg\" \/>\n<meta property=\"og:url\" content=\"https:\/\/business.roovi.com\/fr\/puzzle-adulte-1000-pieces-cal-murg\/p\/\" \/>\n<meta property=\"og:site_name\" content=\"Roovi B2B\" \/>\n<meta property=\"article:publisher\" content=\"https:\/\/www.facebook.com\/wwwjucariero\" \/>\n<meta property=\"article:modified_time\" content=\"2022-10-20T10:07:17+00:00\" \/>\n<meta property=\"og:image\" content=\"https:\/\/business.roovi.com\/wp-content\/uploads\/2018\/09\/65988-04-Ansamblu_dimensiuni-cutie-cm_orizontal-1.png\" \/>\n\t<meta property=\"og:image:width\" content=\"1200\" \/>\n\t<meta property=\"og:image:height\" content=\"1200\" \/>\n\t<meta property=\"og:image:type\" content=\"image\/png\" \/>\n<meta name=\"twitter:label1\" content=\"Dur\u00e9e de lecture estim\u00e9e\" \/>\n\t<meta name=\"twitter:data1\" content=\"4 minutes\" \/>\n<script type=\"application\/ld+json\" class=\"yoast-schema-graph\">{\"@context\":\"https:\/\/schema.org\",\"@graph\":[{\"@type\":\"WebPage\",\"@id\":\"https:\/\/business.roovi.com\/fr\/puzzle-adulte-1000-pieces-cal-murg\/p\/\",\"url\":\"https:\/\/business.roovi.com\/fr\/puzzle-adulte-1000-pieces-cal-murg\/p\/\",\"name\":\"Puzzle adulte 1000 pi\u00e8ces Cal murg\",\"isPartOf\":{\"@id\":\"https:\/\/business.roovi.com\/fr\/#website\"},\"datePublished\":\"2018-09-06T08:58:10+00:00\",\"dateModified\":\"2022-10-20T10:07:17+00:00\",\"description\":\"Puzzle adulte 1000 pi\u00e8ces Cal murg\",\"breadcrumb\":{\"@id\":\"https:\/\/business.roovi.com\/fr\/puzzle-adulte-1000-pieces-cal-murg\/p\/#breadcrumb\"},\"inLanguage\":\"fr-FR\",\"potentialAction\":[{\"@type\":\"ReadAction\",\"target\":[\"https:\/\/business.roovi.com\/fr\/puzzle-adulte-1000-pieces-cal-murg\/p\/\"]}]},{\"@type\":\"BreadcrumbList\",\"@id\":\"https:\/\/business.roovi.com\/fr\/puzzle-adulte-1000-pieces-cal-murg\/p\/#breadcrumb\",\"itemListElement\":[{\"@type\":\"ListItem\",\"position\":1,\"name\":\"Home\",\"item\":\"https:\/\/business.roovi.com\/fr\/\"},{\"@type\":\"ListItem\",\"position\":2,\"name\":\"Boutique\",\"item\":\"https:\/\/business.roovi.com\/fr\/boutique\/\"},{\"@type\":\"ListItem\",\"position\":3,\"name\":\"Puzzle adulte 1000 pi\u00e8ces Cal murg\"}]},{\"@type\":\"WebSite\",\"@id\":\"https:\/\/business.roovi.com\/fr\/#website\",\"url\":\"https:\/\/business.roovi.com\/fr\/\",\"name\":\"Roovi B2B\",\"description\":\"Roovi Business Website\",\"potentialAction\":[{\"@type\":\"SearchAction\",\"target\":{\"@type\":\"EntryPoint\",\"urlTemplate\":\"https:\/\/business.roovi.com\/fr\/?s={search_term_string}\"},\"query-input\":\"required name=search_term_string\"}],\"inLanguage\":\"fr-FR\"}]}<\/script>\n<!-- \/ Yoast SEO plugin. -->","yoast_head_json":{"title":"Puzzle adulte 1000 pi\u00e8ces Cal murg","description":"Puzzle adulte 1000 pi\u00e8ces Cal murg","robots":{"index":"index","follow":"follow","max-snippet":"max-snippet:-1","max-image-preview":"max-image-preview:large","max-video-preview":"max-video-preview:-1"},"canonical":"https:\/\/business.roovi.com\/fr\/puzzle-adulte-1000-pieces-cal-murg\/p\/","og_locale":"fr_FR","og_type":"article","og_title":"Puzzle adulte 1000 pi\u00e8ces Cal murg","og_description":"Puzzle adulte 1000 pi\u00e8ces Cal murg","og_url":"https:\/\/business.roovi.com\/fr\/puzzle-adulte-1000-pieces-cal-murg\/p\/","og_site_name":"Roovi B2B","article_publisher":"https:\/\/www.facebook.com\/wwwjucariero","article_modified_time":"2022-10-20T10:07:17+00:00","og_image":[{"width":1200,"height":1200,"url":"https:\/\/business.roovi.com\/wp-content\/uploads\/2018\/09\/65988-04-Ansamblu_dimensiuni-cutie-cm_orizontal-1.png","type":"image\/png"}],"twitter_misc":{"Dur\u00e9e de lecture estim\u00e9e":"4 minutes"},"schema":{"@context":"https:\/\/schema.org","@graph":[{"@type":"WebPage","@id":"https:\/\/business.roovi.com\/fr\/puzzle-adulte-1000-pieces-cal-murg\/p\/","url":"https:\/\/business.roovi.com\/fr\/puzzle-adulte-1000-pieces-cal-murg\/p\/","name":"Puzzle adulte 1000 pi\u00e8ces Cal murg","isPartOf":{"@id":"https:\/\/business.roovi.com\/fr\/#website"},"datePublished":"2018-09-06T08:58:10+00:00","dateModified":"2022-10-20T10:07:17+00:00","description":"Puzzle adulte 1000 pi\u00e8ces Cal murg","breadcrumb":{"@id":"https:\/\/business.roovi.com\/fr\/puzzle-adulte-1000-pieces-cal-murg\/p\/#breadcrumb"},"inLanguage":"fr-FR","potentialAction":[{"@type":"ReadAction","target":["https:\/\/business.roovi.com\/fr\/puzzle-adulte-1000-pieces-cal-murg\/p\/"]}]},{"@type":"BreadcrumbList","@id":"https:\/\/business.roovi.com\/fr\/puzzle-adulte-1000-pieces-cal-murg\/p\/#breadcrumb","itemListElement":[{"@type":"ListItem","position":1,"name":"Home","item":"https:\/\/business.roovi.com\/fr\/"},{"@type":"ListItem","position":2,"name":"Boutique","item":"https:\/\/business.roovi.com\/fr\/boutique\/"},{"@type":"ListItem","position":3,"name":"Puzzle adulte 1000 pi\u00e8ces Cal murg"}]},{"@type":"WebSite","@id":"https:\/\/business.roovi.com\/fr\/#website","url":"https:\/\/business.roovi.com\/fr\/","name":"Roovi B2B","description":"Roovi Business Website","potentialAction":[{"@type":"SearchAction","target":{"@type":"EntryPoint","urlTemplate":"https:\/\/business.roovi.com\/fr\/?s={search_term_string}"},"query-input":"required name=search_term_string"}],"inLanguage":"fr-FR"}]}},"_links":{"self":[{"href":"https:\/\/business.roovi.com\/fr\/wp-json\/wp\/v2\/product\/52435","targetHints":{"allow":["GET"]}}],"collection":[{"href":"https:\/\/business.roovi.com\/fr\/wp-json\/wp\/v2\/product"}],"about":[{"href":"https:\/\/business.roovi.com\/fr\/wp-json\/wp\/v2\/types\/product"}],"version-history":[{"count":0,"href":"https:\/\/business.roovi.com\/fr\/wp-json\/wp\/v2\/product\/52435\/revisions"}],"wp:featuredmedia":[{"embeddable":true,"href":"https:\/\/business.roovi.com\/fr\/wp-json\/wp\/v2\/media\/58853"}],"wp:attachment":[{"href":"https:\/\/business.roovi.com\/fr\/wp-json\/wp\/v2\/media?parent=52435"}],"wp:term":[{"taxonomy":"product_brand","embeddable":true,"href":"https:\/\/business.roovi.com\/fr\/wp-json\/wp\/v2\/product_brand?post=52435"},{"taxonomy":"product_cat","embeddable":true,"href":"https:\/\/business.roovi.com\/fr\/wp-json\/wp\/v2\/product_cat?post=52435"},{"taxonomy":"product_tag","embeddable":true,"href":"https:\/\/business.roovi.com\/fr\/wp-json\/wp\/v2\/product_tag?post=52435"}],"curies":[{"name":"wp","href":"https:\/\/api.w.org\/{rel}","templated":true}]}}