{"id":52437,"date":"2018-09-06T08:52:49","date_gmt":"2018-09-06T08:52:49","guid":{"rendered":"https:\/\/business.roovi.com\/puzzle-adulti-1000-piese-un-cal-sur\/p\/"},"modified":"2023-02-22T08:48:32","modified_gmt":"2023-02-22T08:48:32","slug":"puzzle-adulte-de-1000-pieces-un-cheval-sur-le-sud","status":"publish","type":"product","link":"https:\/\/business.roovi.com\/fr\/puzzle-adulte-de-1000-pieces-un-cheval-sur-le-sud\/p\/","title":{"rendered":"Puzzle adulte de 1000 pi\u00e8ces &#8211; Un cheval sur le sud"},"content":{"rendered":"<p><strong><em>Passe ton temps libre de fa\u00e7on cr\u00e9ative avec le puzzle de 1000 pi\u00e8ces ! Choisis le jeu de puzzle avec l&rsquo;image d&rsquo;un cheval du sud en libert\u00e9 et vis un \u00e9tat de relaxation et de d\u00e9tachement \u00e9tonnant.<\/em><\/strong><\/p>\n<p><span style=\"font-weight: 400;\">Le cheval est consid\u00e9r\u00e9 comme l&rsquo;un des animaux les plus intelligents qui, \u00e0 travers les \u00e2ges, a \u00e9t\u00e9 un partenaire fiable de l&rsquo;homme. Dans la croyance populaire, on dit qu&rsquo;il a \u00e9t\u00e9 cr\u00e9\u00e9 par Dieu pour servir la pens\u00e9e de l&rsquo;homme et cela explique peut-\u00eatre la relation profonde que l&rsquo;homme entretient avec cet animal.<\/span><\/p>\n<p><span style=\"font-weight: 400;\">Le cheval est le symbole universel de l&rsquo;esprit libre, de la puissance et de la sagesse. On dit qu&rsquo;un objet avec l&rsquo;image d&rsquo;un cheval attire l&rsquo;\u00e9nergie positive et la prosp\u00e9rit\u00e9. Que tu sois familier avec ce symbolisme et que tu veuilles un porte-bonheur, ou que tu sois un amateur de puzzle et que tu veuilles assembler une image de qualit\u00e9, le puzzle South Horse de 1000 pi\u00e8ces est le choix id\u00e9al.<\/span><\/p>\n<p><span style=\"font-weight: 400;\">Tu peux utiliser une table basse ordinaire pour supporter les 1000 pi\u00e8ces du puzzle. L&rsquo;image reconstruite est de la taille de <\/span><strong>47 x 68 cm<\/strong><span style=\"font-weight: 400;\"> et tu peux le transformer en un tableau d\u00e9coratif exceptionnel.<\/span><\/p>\n<p><strong>Pourquoi choisir le puzzle de 1000 pi\u00e8ces &#8211; Un cheval du Sud ?<\/strong><\/p>\n<ul>\n<li><span style=\"font-weight: 400;\">C&rsquo;est une fa\u00e7on relaxante de passer ton temps libre.<\/span><\/li>\n<li><span style=\"font-weight: 400;\">Cela te fait te sentir bien et optimiste <\/span><\/li>\n<li><span style=\"font-weight: 400;\">Le jeu de puzzle stimule la m\u00e9moire et l&rsquo;esprit critique.<\/span><\/li>\n<li><span style=\"font-weight: 400;\">Il maintient la coordination main-\u0153il et la concentration sur une seule t\u00e2che pendant longtemps.<\/span><\/li>\n<li><span style=\"font-weight: 400;\">Augmente l&rsquo;attention aux d\u00e9tails et la pers\u00e9v\u00e9rance.<\/span><\/li>\n<li><span style=\"font-weight: 400;\">Il est fabriqu\u00e9 en carton bleu de haute qualit\u00e9, ce qui le rend plus durable dans le temps <\/span><\/li>\n<li><span style=\"font-weight: 400;\">Il est respectueux de l&rsquo;environnement car il est fabriqu\u00e9 \u00e0 partir de mat\u00e9riaux recyclables et durables.<\/span><\/li>\n<li><span style=\"font-weight: 400;\">La finition est semi-brillante, dans des couleurs agr\u00e9ables qui font ressortir la clart\u00e9 de l&rsquo;image.<\/span><\/li>\n<li><span style=\"font-weight: 400;\">Il est adapt\u00e9 aux plus de 14 ans, une occasion de passer du temps libre avec les adolescents.<\/span><\/li>\n<\/ul>\n<p><strong>Savais-tu que..<\/strong><\/p>\n<p><span style=\"font-weight: 400;\">Les chevaux arabes ont une vert\u00e8bre de moins que les autres races : 5 vert\u00e8bres lombaires, contre 6 pour les autres races. Ce sont aussi les meilleurs coureurs, capables de courir 100 miles sans s&rsquo;arr\u00eater.<\/span><\/p>\n<p><span style=\"font-weight: 400;\">On estime qu&rsquo;il y a environ 60 millions de chevaux dans le monde.<\/span><\/p>\n<p><span style=\"font-weight: 400;\">L&rsquo;\u00e2ge d&rsquo;un cheval peut \u00eatre estim\u00e9 gr\u00e2ce \u00e0 ses dents.<\/span><\/p>\n<p><span style=\"font-weight: 400;\">Dans des pays comme l&rsquo;Allemagne, la France, le Japon, etc., la viande de cheval est consid\u00e9r\u00e9e comme un mets d\u00e9licat.<\/span><\/p>\n<p><span style=\"font-weight: 400;\">Les chevaux ne boivent pas l&rsquo;eau d&rsquo;autres animaux ou de r\u00e9cipients sales.<\/span><\/p>\n<p><strong>Les jeux de puzzle aident \u00e0 soulager le stress<\/strong><\/p>\n<p><span style=\"font-weight: 400;\">Faire le puzzle de 1000 pi\u00e8ces &#8211; Un cheval du Sud est un moyen incroyable de se lib\u00e9rer du stress quotidien. Quand il n&rsquo;y a que toi et les 1000 pi\u00e8ces que tu veux mettre dans le bon ordre, ton esprit se concentre et fait passer au second plan les milliers de pens\u00e9es qui te p\u00e8sent constamment.<\/span><\/p>\n<p><span style=\"font-weight: 400;\">Cet exercice de pleine conscience a des effets b\u00e9n\u00e9fiques sur l&rsquo;humeur, le sommeil et la m\u00e9moire. En outre, tu as confiance en tes propres forces et tu es persuad\u00e9e qu&rsquo;aucun obstacle ne peut se dresser sur ton chemin lorsque tu veux vraiment quelque chose.<\/span><\/p>\n<p><span style=\"font-weight: 400;\">Choisis le puzzle de 1000 pi\u00e8ces avec l&rsquo;image d&rsquo;un cheval dans la nature \u00e0 reconstituer seul, lorsque tu ressens le besoin de t&rsquo;\u00e9chapper du quotidien ou avec tes proches, dans les moments mornes o\u00f9 le mauvais temps te retient \u00e0 l&rsquo;int\u00e9rieur. Ce jeu de puzzle peut aussi \u00eatre un excellent cadeau pour les f\u00eates.<\/span><\/p>\n","protected":false},"excerpt":{"rendered":"<p>Passe ton temps libre de fa\u00e7on cr\u00e9ative avec le puzzle de 1000 pi\u00e8ces ! Choisis le jeu de puzzle avec<\/p>\n","protected":false},"featured_media":63747,"template":"","meta":[],"product_brand":[],"product_cat":[2314,2316,2315],"product_tag":[],"class_list":{"0":"post-52437","1":"product","2":"type-product","3":"status-publish","4":"has-post-thumbnail","6":"product_cat-puzzles-fr","7":"product_cat-puzzles-de-1000-pieces","8":"product_cat-puzzles-pour-adultes","9":"pa_brand-d_toys-fr","10":"pa_country_of_manufacture-ro-fr","11":"pa_filter_age-14-fr","12":"pa_painter-chevaux","13":"pa_tip_ambalaj-boite","14":"pa_tip_puzzle-classique","16":"first","17":"instock","18":"taxable","19":"shipping-taxable","20":"product-type-simple"},"yoast_head":"<!-- This site is optimized with the Yoast SEO plugin v20.1 - https:\/\/yoast.com\/wordpress\/plugins\/seo\/ -->\n<title>Puzzle adulte de 1000 pi\u00e8ces - Un cheval sur le sud<\/title>\n<meta name=\"description\" content=\"Puzzle adulte de 1000 pi\u00e8ces - Un cheval sur le sud\" \/>\n<meta name=\"robots\" content=\"index, follow, max-snippet:-1, max-image-preview:large, max-video-preview:-1\" \/>\n<link rel=\"canonical\" href=\"https:\/\/business.roovi.com\/fr\/puzzle-adulte-de-1000-pieces-un-cheval-sur-le-sud\/p\/\" \/>\n<meta property=\"og:locale\" content=\"fr_FR\" \/>\n<meta property=\"og:type\" content=\"article\" \/>\n<meta property=\"og:title\" content=\"Puzzle adulte de 1000 pi\u00e8ces - Un cheval sur le sud\" \/>\n<meta property=\"og:description\" content=\"Puzzle adulte de 1000 pi\u00e8ces - Un cheval sur le sud\" \/>\n<meta property=\"og:url\" content=\"https:\/\/business.roovi.com\/fr\/puzzle-adulte-de-1000-pieces-un-cheval-sur-le-sud\/p\/\" \/>\n<meta property=\"og:site_name\" content=\"Roovi B2B\" \/>\n<meta property=\"article:publisher\" content=\"https:\/\/www.facebook.com\/wwwjucariero\" \/>\n<meta property=\"article:modified_time\" content=\"2023-02-22T08:48:32+00:00\" \/>\n<meta property=\"og:image\" content=\"https:\/\/business.roovi.com\/wp-content\/uploads\/2018\/09\/65988-03-Ansamblu_dimensiuni-cutie-cm_vertical-2-1.png\" \/>\n\t<meta property=\"og:image:width\" content=\"1200\" \/>\n\t<meta property=\"og:image:height\" content=\"1200\" \/>\n\t<meta property=\"og:image:type\" content=\"image\/png\" \/>\n<meta name=\"twitter:label1\" content=\"Dur\u00e9e de lecture estim\u00e9e\" \/>\n\t<meta name=\"twitter:data1\" content=\"4 minutes\" \/>\n<script type=\"application\/ld+json\" class=\"yoast-schema-graph\">{\"@context\":\"https:\/\/schema.org\",\"@graph\":[{\"@type\":\"WebPage\",\"@id\":\"https:\/\/business.roovi.com\/fr\/puzzle-adulte-de-1000-pieces-un-cheval-sur-le-sud\/p\/\",\"url\":\"https:\/\/business.roovi.com\/fr\/puzzle-adulte-de-1000-pieces-un-cheval-sur-le-sud\/p\/\",\"name\":\"Puzzle adulte de 1000 pi\u00e8ces - Un cheval sur le sud\",\"isPartOf\":{\"@id\":\"https:\/\/business.roovi.com\/fr\/#website\"},\"datePublished\":\"2018-09-06T08:52:49+00:00\",\"dateModified\":\"2023-02-22T08:48:32+00:00\",\"description\":\"Puzzle adulte de 1000 pi\u00e8ces - Un cheval sur le sud\",\"breadcrumb\":{\"@id\":\"https:\/\/business.roovi.com\/fr\/puzzle-adulte-de-1000-pieces-un-cheval-sur-le-sud\/p\/#breadcrumb\"},\"inLanguage\":\"fr-FR\",\"potentialAction\":[{\"@type\":\"ReadAction\",\"target\":[\"https:\/\/business.roovi.com\/fr\/puzzle-adulte-de-1000-pieces-un-cheval-sur-le-sud\/p\/\"]}]},{\"@type\":\"BreadcrumbList\",\"@id\":\"https:\/\/business.roovi.com\/fr\/puzzle-adulte-de-1000-pieces-un-cheval-sur-le-sud\/p\/#breadcrumb\",\"itemListElement\":[{\"@type\":\"ListItem\",\"position\":1,\"name\":\"Home\",\"item\":\"https:\/\/business.roovi.com\/fr\/\"},{\"@type\":\"ListItem\",\"position\":2,\"name\":\"Boutique\",\"item\":\"https:\/\/business.roovi.com\/fr\/boutique\/\"},{\"@type\":\"ListItem\",\"position\":3,\"name\":\"Puzzle adulte de 1000 pi\u00e8ces &#8211; Un cheval sur le sud\"}]},{\"@type\":\"WebSite\",\"@id\":\"https:\/\/business.roovi.com\/fr\/#website\",\"url\":\"https:\/\/business.roovi.com\/fr\/\",\"name\":\"Roovi B2B\",\"description\":\"Roovi Business Website\",\"potentialAction\":[{\"@type\":\"SearchAction\",\"target\":{\"@type\":\"EntryPoint\",\"urlTemplate\":\"https:\/\/business.roovi.com\/fr\/?s={search_term_string}\"},\"query-input\":\"required name=search_term_string\"}],\"inLanguage\":\"fr-FR\"}]}<\/script>\n<!-- \/ Yoast SEO plugin. -->","yoast_head_json":{"title":"Puzzle adulte de 1000 pi\u00e8ces - Un cheval sur le sud","description":"Puzzle adulte de 1000 pi\u00e8ces - Un cheval sur le sud","robots":{"index":"index","follow":"follow","max-snippet":"max-snippet:-1","max-image-preview":"max-image-preview:large","max-video-preview":"max-video-preview:-1"},"canonical":"https:\/\/business.roovi.com\/fr\/puzzle-adulte-de-1000-pieces-un-cheval-sur-le-sud\/p\/","og_locale":"fr_FR","og_type":"article","og_title":"Puzzle adulte de 1000 pi\u00e8ces - Un cheval sur le sud","og_description":"Puzzle adulte de 1000 pi\u00e8ces - Un cheval sur le sud","og_url":"https:\/\/business.roovi.com\/fr\/puzzle-adulte-de-1000-pieces-un-cheval-sur-le-sud\/p\/","og_site_name":"Roovi B2B","article_publisher":"https:\/\/www.facebook.com\/wwwjucariero","article_modified_time":"2023-02-22T08:48:32+00:00","og_image":[{"width":1200,"height":1200,"url":"https:\/\/business.roovi.com\/wp-content\/uploads\/2018\/09\/65988-03-Ansamblu_dimensiuni-cutie-cm_vertical-2-1.png","type":"image\/png"}],"twitter_misc":{"Dur\u00e9e de lecture estim\u00e9e":"4 minutes"},"schema":{"@context":"https:\/\/schema.org","@graph":[{"@type":"WebPage","@id":"https:\/\/business.roovi.com\/fr\/puzzle-adulte-de-1000-pieces-un-cheval-sur-le-sud\/p\/","url":"https:\/\/business.roovi.com\/fr\/puzzle-adulte-de-1000-pieces-un-cheval-sur-le-sud\/p\/","name":"Puzzle adulte de 1000 pi\u00e8ces - Un cheval sur le sud","isPartOf":{"@id":"https:\/\/business.roovi.com\/fr\/#website"},"datePublished":"2018-09-06T08:52:49+00:00","dateModified":"2023-02-22T08:48:32+00:00","description":"Puzzle adulte de 1000 pi\u00e8ces - Un cheval sur le sud","breadcrumb":{"@id":"https:\/\/business.roovi.com\/fr\/puzzle-adulte-de-1000-pieces-un-cheval-sur-le-sud\/p\/#breadcrumb"},"inLanguage":"fr-FR","potentialAction":[{"@type":"ReadAction","target":["https:\/\/business.roovi.com\/fr\/puzzle-adulte-de-1000-pieces-un-cheval-sur-le-sud\/p\/"]}]},{"@type":"BreadcrumbList","@id":"https:\/\/business.roovi.com\/fr\/puzzle-adulte-de-1000-pieces-un-cheval-sur-le-sud\/p\/#breadcrumb","itemListElement":[{"@type":"ListItem","position":1,"name":"Home","item":"https:\/\/business.roovi.com\/fr\/"},{"@type":"ListItem","position":2,"name":"Boutique","item":"https:\/\/business.roovi.com\/fr\/boutique\/"},{"@type":"ListItem","position":3,"name":"Puzzle adulte de 1000 pi\u00e8ces &#8211; Un cheval sur le sud"}]},{"@type":"WebSite","@id":"https:\/\/business.roovi.com\/fr\/#website","url":"https:\/\/business.roovi.com\/fr\/","name":"Roovi B2B","description":"Roovi Business Website","potentialAction":[{"@type":"SearchAction","target":{"@type":"EntryPoint","urlTemplate":"https:\/\/business.roovi.com\/fr\/?s={search_term_string}"},"query-input":"required name=search_term_string"}],"inLanguage":"fr-FR"}]}},"_links":{"self":[{"href":"https:\/\/business.roovi.com\/fr\/wp-json\/wp\/v2\/product\/52437","targetHints":{"allow":["GET"]}}],"collection":[{"href":"https:\/\/business.roovi.com\/fr\/wp-json\/wp\/v2\/product"}],"about":[{"href":"https:\/\/business.roovi.com\/fr\/wp-json\/wp\/v2\/types\/product"}],"version-history":[{"count":0,"href":"https:\/\/business.roovi.com\/fr\/wp-json\/wp\/v2\/product\/52437\/revisions"}],"wp:featuredmedia":[{"embeddable":true,"href":"https:\/\/business.roovi.com\/fr\/wp-json\/wp\/v2\/media\/63747"}],"wp:attachment":[{"href":"https:\/\/business.roovi.com\/fr\/wp-json\/wp\/v2\/media?parent=52437"}],"wp:term":[{"taxonomy":"product_brand","embeddable":true,"href":"https:\/\/business.roovi.com\/fr\/wp-json\/wp\/v2\/product_brand?post=52437"},{"taxonomy":"product_cat","embeddable":true,"href":"https:\/\/business.roovi.com\/fr\/wp-json\/wp\/v2\/product_cat?post=52437"},{"taxonomy":"product_tag","embeddable":true,"href":"https:\/\/business.roovi.com\/fr\/wp-json\/wp\/v2\/product_tag?post=52437"}],"curies":[{"name":"wp","href":"https:\/\/api.w.org\/{rel}","templated":true}]}}