{"id":52442,"date":"2018-09-06T08:38:35","date_gmt":"2018-09-06T08:38:35","guid":{"rendered":"https:\/\/business.roovi.com\/puzzle-adulti-1000-piese-egiptul-antic-nebamun-hunting-in-the-marshes\/p\/"},"modified":"2022-07-13T10:16:52","modified_gmt":"2022-07-13T10:16:52","slug":"puzzle-adulte-1000-pieces-egypte-ancienne-nebamun-chassant-dans-les-marais","status":"publish","type":"product","link":"https:\/\/business.roovi.com\/fr\/puzzle-adulte-1000-pieces-egypte-ancienne-nebamun-chassant-dans-les-marais\/p\/","title":{"rendered":"Puzzle adulte 1000 pi\u00e8ces &#8211; Egypte ancienne &#8211; Nebamun chassant dans les marais"},"content":{"rendered":"<p><span style=\"font-weight: 400;\">Fascin\u00e9 par les myst\u00e8res du monde de l&rsquo;\u00c9gypte ancienne ? Le puzzle pour adultes Ancient Egypt te met au d\u00e9fi de recr\u00e9er \u00e0 partir de 1000 pi\u00e8ces certains des symboles les plus \u00e9tonnants de cette ancienne civilisation.<\/span><\/p>\n<p><span style=\"font-weight: 400;\">Si tu es enthousiasm\u00e9 par les puzzles aux d\u00e9tails \u00e9tonnants ainsi que par l&rsquo;histoire du monde de l&rsquo;\u00c9gypte ancienne, alors le puzzle d&rsquo;art de Nebamun <\/span><span style=\"font-weight: 400;\">la chasse dans les marais est parfaite pour toi.<\/span><\/p>\n<p><span style=\"font-weight: 400;\">La sc\u00e8ne <\/span><em><span style=\"font-weight: 400;\">Nebamun <\/span><\/em><em><span style=\"font-weight: 400;\">chasse dans les marais\/Nebamun chasse dans les marais <\/span><\/em><span style=\"font-weight: 400;\"> repr\u00e9sente une image de la tombe de Nebamun d\u00e9couverte en 1820 par le Grec Giovanni d&rsquo;Athanasi. Le tombeau de <\/span><span style=\"font-weight: 400;\">Nebamun <\/span><span style=\"font-weight: 400;\">a \u00e9t\u00e9 la source de plusieurs sc\u00e8nes fun\u00e9raires d\u00e9coratives c\u00e9l\u00e8bres, qui sont expos\u00e9es au British Museum de Londres.<\/span><\/p>\n<p><span style=\"font-weight: 400;\">Nebamun est repr\u00e9sent\u00e9 en train de chasser des oiseaux dans les marais du Nil dans un petit bateau avec sa femme Hatchepsout et leur jeune fille. La sc\u00e8ne est typique de l&rsquo;ancienne tradition \u00e9gyptienne qui consiste \u00e0 d\u00e9corer les tombes et \u00e0 repr\u00e9senter les d\u00e9funts profitant de la beaut\u00e9 de la vie.<\/span><\/p>\n<p><span style=\"font-weight: 400;\">La figure de Nebamun domine la sc\u00e8ne. Il est heureux et \u00e9ternellement jeune, ancr\u00e9 dans une vie prosp\u00e8re et vari\u00e9e. Bien qu&rsquo;il s&rsquo;agisse d&rsquo;une image repr\u00e9sent\u00e9e sur une tombe, la sc\u00e8ne c\u00e9l\u00e8bre la vie et la joie de vivre sur terre <\/span><\/p>\n<p><span style=\"font-weight: 400;\">Puzzle 1000 pi\u00e8ces de l&rsquo;Egypte ancienne &#8211; Nebamun <\/span><span style=\"font-weight: 400;\">chasse dans les marais <\/span><span style=\"font-weight: 400;\">te donne l&rsquo;occasion de reconstituer un tableau unique rempli de symboles \u00e9gyptiens. Approche ta table basse dans le salon et commence \u00e0 travailler sur cette \u0153uvre d&rsquo;art <\/span><\/p>\n<p><span style=\"font-weight: 400;\">Caract\u00e9ristiques Puzzle d&rsquo;art de l&rsquo;\u00c9gypte ancienne &#8211; Nebamun <\/span><span style=\"font-weight: 400;\">la chasse dans les marais :<\/span><\/p>\n<p><strong>Puzzle mat\u00e9riel <\/strong><\/p>\n<p><strong>carton bleu de haute qualit\u00e9<\/strong><\/p>\n<p><strong>des mat\u00e9riaux durables et recyclables<\/strong><\/p>\n<p><strong>finition semi-brillante, couleurs vives<\/strong><\/p>\n<p><strong>Nombre de pi\u00e8ces de puzzle : 1000<\/strong><\/p>\n<p><strong>\u00c2ge recommand\u00e9 : 14+<\/strong><\/p>\n<p><strong>Pourquoi le puzzle 1000 pi\u00e8ces Ancienne Egypte est si sp\u00e9cial &#8211; Nebamun <\/strong><strong>la chasse dans les marais ?<\/strong><\/p>\n<p><span style=\"font-weight: 400;\">Il te d\u00e9connecte des soucis quotidiens et te connecte \u00e0 une page d&rsquo;histoire fascinante.<\/span><\/p>\n<p><span style=\"font-weight: 400;\">Il te donne l&rsquo;occasion d&rsquo;analyser et d&rsquo;admirer d&rsquo;anciens symboles \u00e9gyptiens, vieux de plusieurs milliers d&rsquo;ann\u00e9es.<\/span><\/p>\n<p><span style=\"font-weight: 400;\">Tu peux cr\u00e9er une peinture sp\u00e9ciale \u00e0 exposer dans ta maison.<\/span><\/p>\n<p><span style=\"font-weight: 400;\">Il cultive ta curiosit\u00e9 pour les myst\u00e8res des \u00e9nigmes \u00e9gyptiennes.<\/span><\/p>\n<p><span style=\"font-weight: 400;\">Cela peut \u00eatre l&rsquo;occasion de passer du temps avec ses proches et de renforcer les liens familiaux.<\/span><\/p>\n<p><strong>Tu savais que&#8230; ?<\/strong><\/p>\n<p><span style=\"font-weight: 400;\">Nebamun a v\u00e9cu aux alentours de 1350 avant J.-C. et \u00e9tait un scribe officiel de rang moyen <\/span><\/p>\n<p><span style=\"font-weight: 400;\">Dans la culture \u00e9gyptienne, les marais fertiles <\/span><span style=\"font-weight: 400;\">\u00e9taient consid\u00e9r\u00e9s comme un lieu de renaissance et d&rsquo;\u00e9rotisme.<\/span><\/p>\n<p><span style=\"font-weight: 400;\">Grec <\/span><span style=\"font-weight: 400;\">D&rsquo;Athanasius a litt\u00e9ralement repris les morceaux d\u00e9sir\u00e9s avec les sc\u00e8nes repr\u00e9sent\u00e9es sur la tombe de Nebamun.<\/span><\/p>\n<p><span style=\"font-weight: 400;\"><\/span><span style=\"font-weight: 400;\">Le travail de D&rsquo;Athanasi, a vendu des parties des pi\u00e8ces au <\/span><span style=\"font-weight: 400;\">Le British Museum.<\/span><\/p>\n<p><span style=\"font-weight: 400;\">D&rsquo;Athanasi a connu sa fin dans la pauvret\u00e9 et n&rsquo;a jamais r\u00e9v\u00e9l\u00e9 l&#8217;emplacement exact de la tombe.<\/span><\/p>\n<p><strong>Puzzle 1000 pi\u00e8ces Ancient Egypt &#8211; un voyage dans l&rsquo;histoire de la civilisation \u00e9gyptienne<\/strong><\/p>\n<p><span style=\"font-weight: 400;\">Lorsque tu es confront\u00e9 \u00e0 l&rsquo;image d&rsquo;un symbole \u00e9gyptien ancien, tu n&rsquo;es pas seulement pris dans un jeu de puzzle, mais dans une page d&rsquo;histoire. Tu te sens comme un vrai d\u00e9tective qui cherche parmi les centaines de pi\u00e8ces du puzzle les pr\u00e9cieux indices qui permettent de percer l&rsquo;ancien myst\u00e8re.<\/span><\/p>\n<p><span style=\"font-weight: 400;\">Une fois que le puzzle de 1000 pi\u00e8ces est termin\u00e9, tu veux plonger plus profond\u00e9ment dans le monde fascinant de l&rsquo;\u00c9gypte ancienne. Ce merveilleux jeu de puzzle te met au d\u00e9fi de d\u00e9velopper tes connaissances g\u00e9n\u00e9rales <\/span><span style=\"font-weight: 400;\">Acheter maintenant Puzzle de 1000 pi\u00e8ces de l&rsquo;Egypte ancienne &#8211; Nebamun <\/span><span style=\"font-weight: 400;\">chasser dans les marais et animer tes apr\u00e8s-midi monotones. Construis l&rsquo;image et encadre le puzzle de 1000 pi\u00e8ces. D\u00e9couvre tous les puzzles de la gamme de puzzles de l&rsquo;\u00c9gypte ancienne et cr\u00e9e ta propre collection de puzzles de 1000 pi\u00e8ces.<\/span><\/p><\/p>\n","protected":false},"excerpt":{"rendered":"<p>Fascin\u00e9 par les myst\u00e8res du monde de l&rsquo;\u00c9gypte ancienne ? Le puzzle pour adultes Ancient Egypt te met au d\u00e9fi<\/p>\n","protected":false},"featured_media":50416,"template":"","meta":[],"product_brand":[],"product_cat":[2314,2316,2315],"product_tag":[],"class_list":{"0":"post-52442","1":"product","2":"type-product","3":"status-publish","4":"has-post-thumbnail","6":"product_cat-puzzles-fr","7":"product_cat-puzzles-de-1000-pieces","8":"product_cat-puzzles-pour-adultes","9":"pa_bax-10-fr","10":"pa_brand-d_toys-fr","11":"pa_country_of_manufacture-ro-fr","12":"pa_filter_age-14-fr","13":"pa_painter-legypte-ancienne","14":"pa_tip_ambalaj-boite","15":"pa_tip_puzzle-classique","17":"first","18":"instock","19":"taxable","20":"shipping-taxable","21":"product-type-simple"},"yoast_head":"<!-- This site is optimized with the Yoast SEO plugin v20.1 - https:\/\/yoast.com\/wordpress\/plugins\/seo\/ -->\n<title>Puzzle adulte 1000 pi\u00e8ces - Egypte ancienne - Nebamun chassant dans les marais<\/title>\n<meta name=\"description\" content=\"Puzzle adulte 1000 pi\u00e8ces - Egypte ancienne - Nebamun chassant dans les marais\" \/>\n<meta name=\"robots\" content=\"index, follow, max-snippet:-1, max-image-preview:large, max-video-preview:-1\" \/>\n<link rel=\"canonical\" href=\"https:\/\/business.roovi.com\/fr\/puzzle-adulte-1000-pieces-egypte-ancienne-nebamun-chassant-dans-les-marais\/p\/\" \/>\n<meta property=\"og:locale\" content=\"fr_FR\" \/>\n<meta property=\"og:type\" content=\"article\" \/>\n<meta property=\"og:title\" content=\"Puzzle adulte 1000 pi\u00e8ces - Egypte ancienne - Nebamun chassant dans les marais\" \/>\n<meta property=\"og:description\" content=\"Puzzle adulte 1000 pi\u00e8ces - Egypte ancienne - Nebamun chassant dans les marais\" \/>\n<meta property=\"og:url\" content=\"https:\/\/business.roovi.com\/fr\/puzzle-adulte-1000-pieces-egypte-ancienne-nebamun-chassant-dans-les-marais\/p\/\" \/>\n<meta property=\"og:site_name\" content=\"Roovi B2B\" \/>\n<meta property=\"article:publisher\" content=\"https:\/\/www.facebook.com\/wwwjucariero\" \/>\n<meta property=\"article:modified_time\" content=\"2022-07-13T10:16:52+00:00\" \/>\n<meta property=\"og:image\" content=\"https:\/\/business.roovi.com\/wp-content\/uploads\/2018\/09\/65971-3_ansamblu_dimensiuni_cutie_cm_orizontal_1200x1200.png\" \/>\n\t<meta property=\"og:image:width\" content=\"1200\" \/>\n\t<meta property=\"og:image:height\" content=\"1200\" \/>\n\t<meta property=\"og:image:type\" content=\"image\/png\" \/>\n<meta name=\"twitter:label1\" content=\"Dur\u00e9e de lecture estim\u00e9e\" \/>\n\t<meta name=\"twitter:data1\" content=\"3 minutes\" \/>\n<script type=\"application\/ld+json\" class=\"yoast-schema-graph\">{\"@context\":\"https:\/\/schema.org\",\"@graph\":[{\"@type\":\"WebPage\",\"@id\":\"https:\/\/business.roovi.com\/fr\/puzzle-adulte-1000-pieces-egypte-ancienne-nebamun-chassant-dans-les-marais\/p\/\",\"url\":\"https:\/\/business.roovi.com\/fr\/puzzle-adulte-1000-pieces-egypte-ancienne-nebamun-chassant-dans-les-marais\/p\/\",\"name\":\"Puzzle adulte 1000 pi\u00e8ces - Egypte ancienne - Nebamun chassant dans les marais\",\"isPartOf\":{\"@id\":\"https:\/\/business.roovi.com\/fr\/#website\"},\"datePublished\":\"2018-09-06T08:38:35+00:00\",\"dateModified\":\"2022-07-13T10:16:52+00:00\",\"description\":\"Puzzle adulte 1000 pi\u00e8ces - Egypte ancienne - Nebamun chassant dans les marais\",\"breadcrumb\":{\"@id\":\"https:\/\/business.roovi.com\/fr\/puzzle-adulte-1000-pieces-egypte-ancienne-nebamun-chassant-dans-les-marais\/p\/#breadcrumb\"},\"inLanguage\":\"fr-FR\",\"potentialAction\":[{\"@type\":\"ReadAction\",\"target\":[\"https:\/\/business.roovi.com\/fr\/puzzle-adulte-1000-pieces-egypte-ancienne-nebamun-chassant-dans-les-marais\/p\/\"]}]},{\"@type\":\"BreadcrumbList\",\"@id\":\"https:\/\/business.roovi.com\/fr\/puzzle-adulte-1000-pieces-egypte-ancienne-nebamun-chassant-dans-les-marais\/p\/#breadcrumb\",\"itemListElement\":[{\"@type\":\"ListItem\",\"position\":1,\"name\":\"Home\",\"item\":\"https:\/\/business.roovi.com\/fr\/\"},{\"@type\":\"ListItem\",\"position\":2,\"name\":\"Boutique\",\"item\":\"https:\/\/business.roovi.com\/fr\/boutique\/\"},{\"@type\":\"ListItem\",\"position\":3,\"name\":\"Puzzle adulte 1000 pi\u00e8ces &#8211; Egypte ancienne &#8211; Nebamun chassant dans les marais\"}]},{\"@type\":\"WebSite\",\"@id\":\"https:\/\/business.roovi.com\/fr\/#website\",\"url\":\"https:\/\/business.roovi.com\/fr\/\",\"name\":\"Roovi B2B\",\"description\":\"Roovi Business Website\",\"potentialAction\":[{\"@type\":\"SearchAction\",\"target\":{\"@type\":\"EntryPoint\",\"urlTemplate\":\"https:\/\/business.roovi.com\/fr\/?s={search_term_string}\"},\"query-input\":\"required name=search_term_string\"}],\"inLanguage\":\"fr-FR\"}]}<\/script>\n<!-- \/ Yoast SEO plugin. -->","yoast_head_json":{"title":"Puzzle adulte 1000 pi\u00e8ces - Egypte ancienne - Nebamun chassant dans les marais","description":"Puzzle adulte 1000 pi\u00e8ces - Egypte ancienne - Nebamun chassant dans les marais","robots":{"index":"index","follow":"follow","max-snippet":"max-snippet:-1","max-image-preview":"max-image-preview:large","max-video-preview":"max-video-preview:-1"},"canonical":"https:\/\/business.roovi.com\/fr\/puzzle-adulte-1000-pieces-egypte-ancienne-nebamun-chassant-dans-les-marais\/p\/","og_locale":"fr_FR","og_type":"article","og_title":"Puzzle adulte 1000 pi\u00e8ces - Egypte ancienne - Nebamun chassant dans les marais","og_description":"Puzzle adulte 1000 pi\u00e8ces - Egypte ancienne - Nebamun chassant dans les marais","og_url":"https:\/\/business.roovi.com\/fr\/puzzle-adulte-1000-pieces-egypte-ancienne-nebamun-chassant-dans-les-marais\/p\/","og_site_name":"Roovi B2B","article_publisher":"https:\/\/www.facebook.com\/wwwjucariero","article_modified_time":"2022-07-13T10:16:52+00:00","og_image":[{"width":1200,"height":1200,"url":"https:\/\/business.roovi.com\/wp-content\/uploads\/2018\/09\/65971-3_ansamblu_dimensiuni_cutie_cm_orizontal_1200x1200.png","type":"image\/png"}],"twitter_misc":{"Dur\u00e9e de lecture estim\u00e9e":"3 minutes"},"schema":{"@context":"https:\/\/schema.org","@graph":[{"@type":"WebPage","@id":"https:\/\/business.roovi.com\/fr\/puzzle-adulte-1000-pieces-egypte-ancienne-nebamun-chassant-dans-les-marais\/p\/","url":"https:\/\/business.roovi.com\/fr\/puzzle-adulte-1000-pieces-egypte-ancienne-nebamun-chassant-dans-les-marais\/p\/","name":"Puzzle adulte 1000 pi\u00e8ces - Egypte ancienne - Nebamun chassant dans les marais","isPartOf":{"@id":"https:\/\/business.roovi.com\/fr\/#website"},"datePublished":"2018-09-06T08:38:35+00:00","dateModified":"2022-07-13T10:16:52+00:00","description":"Puzzle adulte 1000 pi\u00e8ces - Egypte ancienne - Nebamun chassant dans les marais","breadcrumb":{"@id":"https:\/\/business.roovi.com\/fr\/puzzle-adulte-1000-pieces-egypte-ancienne-nebamun-chassant-dans-les-marais\/p\/#breadcrumb"},"inLanguage":"fr-FR","potentialAction":[{"@type":"ReadAction","target":["https:\/\/business.roovi.com\/fr\/puzzle-adulte-1000-pieces-egypte-ancienne-nebamun-chassant-dans-les-marais\/p\/"]}]},{"@type":"BreadcrumbList","@id":"https:\/\/business.roovi.com\/fr\/puzzle-adulte-1000-pieces-egypte-ancienne-nebamun-chassant-dans-les-marais\/p\/#breadcrumb","itemListElement":[{"@type":"ListItem","position":1,"name":"Home","item":"https:\/\/business.roovi.com\/fr\/"},{"@type":"ListItem","position":2,"name":"Boutique","item":"https:\/\/business.roovi.com\/fr\/boutique\/"},{"@type":"ListItem","position":3,"name":"Puzzle adulte 1000 pi\u00e8ces &#8211; Egypte ancienne &#8211; Nebamun chassant dans les marais"}]},{"@type":"WebSite","@id":"https:\/\/business.roovi.com\/fr\/#website","url":"https:\/\/business.roovi.com\/fr\/","name":"Roovi B2B","description":"Roovi Business Website","potentialAction":[{"@type":"SearchAction","target":{"@type":"EntryPoint","urlTemplate":"https:\/\/business.roovi.com\/fr\/?s={search_term_string}"},"query-input":"required name=search_term_string"}],"inLanguage":"fr-FR"}]}},"_links":{"self":[{"href":"https:\/\/business.roovi.com\/fr\/wp-json\/wp\/v2\/product\/52442","targetHints":{"allow":["GET"]}}],"collection":[{"href":"https:\/\/business.roovi.com\/fr\/wp-json\/wp\/v2\/product"}],"about":[{"href":"https:\/\/business.roovi.com\/fr\/wp-json\/wp\/v2\/types\/product"}],"version-history":[{"count":0,"href":"https:\/\/business.roovi.com\/fr\/wp-json\/wp\/v2\/product\/52442\/revisions"}],"wp:featuredmedia":[{"embeddable":true,"href":"https:\/\/business.roovi.com\/fr\/wp-json\/wp\/v2\/media\/50416"}],"wp:attachment":[{"href":"https:\/\/business.roovi.com\/fr\/wp-json\/wp\/v2\/media?parent=52442"}],"wp:term":[{"taxonomy":"product_brand","embeddable":true,"href":"https:\/\/business.roovi.com\/fr\/wp-json\/wp\/v2\/product_brand?post=52442"},{"taxonomy":"product_cat","embeddable":true,"href":"https:\/\/business.roovi.com\/fr\/wp-json\/wp\/v2\/product_cat?post=52442"},{"taxonomy":"product_tag","embeddable":true,"href":"https:\/\/business.roovi.com\/fr\/wp-json\/wp\/v2\/product_tag?post=52442"}],"curies":[{"name":"wp","href":"https:\/\/api.w.org\/{rel}","templated":true}]}}