{"id":52443,"date":"2018-09-06T08:24:18","date_gmt":"2018-09-06T08:24:18","guid":{"rendered":"https:\/\/business.roovi.com\/puzzle-adulti-1000-piese-peisaje-de-noapte-hagia-sophia-turcia\/p\/"},"modified":"2022-07-13T10:16:54","modified_gmt":"2022-07-13T10:16:54","slug":"puzzle-adulte-1000-pieces-paysages-de-nuit-hagia-sophia-turquie","status":"publish","type":"product","link":"https:\/\/business.roovi.com\/fr\/puzzle-adulte-1000-pieces-paysages-de-nuit-hagia-sophia-turquie\/p\/","title":{"rendered":"Puzzle Adulte 1000 pi\u00e8ces Paysages de nuit &#8211; Hagia Sophia, Turquie"},"content":{"rendered":"<p><em><strong>Es-tu un ma\u00eetre du puzzle ? Nous te mettons au d\u00e9fi de compl\u00e9ter toute la collection Paysages de nuit de puzzles de 1000 pi\u00e8ces avec des images \u00e9tonnantes de sites touristiques c\u00e9l\u00e8bres dans le monde entier.<\/strong><\/em><\/p>\n<p><span style=\"font-weight: 400;\">Puzzle de 1000 pi\u00e8ces <\/span><span style=\"font-weight: 400;\">Hagia Sophia compl\u00e8te la collection <\/span><em><span style=\"font-weight: 400;\">Paysages de nuit <\/span><\/em><span style=\"font-weight: 400;\">et rend le c\u00e9l\u00e8bre rep\u00e8re d&rsquo;Istanbul dans une image impeccable.<\/span><\/p>\n<p><span style=\"font-weight: 400;\">Hagia Sophia est un monument repr\u00e9sentatif des empires byzantin et ottoman. D&rsquo;abord une \u00e9glise, puis une mosqu\u00e9e et enfin un mus\u00e9e, Sainte-Sophie est un pr\u00e9cieux joyau architectural de tous les temps. Ses colonnes de marbre monolithiques, ses mosa\u00efques rares et son d\u00f4me \u00e0 couper le souffle ne sont que quelques-uns des \u00e9l\u00e9ments qui le rendent unique et attirent des millions de visiteurs chaque ann\u00e9e <\/span><\/p>\n<p><span style=\"font-weight: 400;\">Avec le puzzle de 1000 pi\u00e8ces Hagia Sophia, tu as la possibilit\u00e9 de d\u00e9couvrir et d&rsquo;admirer la splendeur d&rsquo;un monument impressionnant charg\u00e9 d&rsquo;histoire et de symbolisme. Les 1000 pi\u00e8ces du puzzle sont fabriqu\u00e9es en carton de haute qualit\u00e9, sont d\u00e9coup\u00e9es avec pr\u00e9cision et s&#8217;embo\u00eetent parfaitement, ce qui permet de garder l&rsquo;image claire. L&rsquo;image obtenue peut \u00eatre plac\u00e9e dans le cadre. Elle sera superbe, o\u00f9 que tu l&rsquo;exposes.<\/span><\/p>\n<p><strong>Pourquoi choisir le puzzle 1000 pi\u00e8ces Nightscapes &#8211; Hagia Sophia ?<\/strong><\/p>\n<p><span style=\"font-weight: 400;\">Tu obtiens une magnifique peinture de 68 x 47 cm de la c\u00e9l\u00e8bre Hagia Sophia captur\u00e9e le soir.<\/span><\/p>\n<p><span style=\"font-weight: 400;\">Tu peux utiliser cette peinture \u00e0 des fins d\u00e9coratives pour embellir ta maison.<\/span><\/p>\n<p><span style=\"font-weight: 400;\">Il a une finition semi-brillante dans des couleurs agr\u00e9ables qui font ressortir la qualit\u00e9 de l&rsquo;image.<\/span><\/p>\n<p><span style=\"font-weight: 400;\">Il est fabriqu\u00e9 en carton bleu de haute qualit\u00e9, ce qui le rend r\u00e9sistant \u00e0 de multiples assemblages.<\/span><\/p>\n<p><span style=\"font-weight: 400;\">Les mat\u00e9riaux utilis\u00e9s pour fabriquer ce puzzle de 1000 pi\u00e8ces sont durables et recyclables.<\/span><\/p>\n<p><span style=\"font-weight: 400;\">Convient aux plus de 14 ans et peut \u00eatre une occasion unique de passer du temps de qualit\u00e9 avec des adolescents.<\/span><\/p>\n<p><span style=\"font-weight: 400;\">Elle aide \u00e0 soulager le stress et \u00e0 se d\u00e9tacher des probl\u00e8mes quotidiens.<\/span><\/p>\n<p><span style=\"font-weight: 400;\">Un puzzle de 1000 pi\u00e8ces est un moyen relaxant de d\u00e9couvrir l&rsquo;unicit\u00e9 et la grandeur de sites touristiques c\u00e9l\u00e8bres dans le monde entier.<\/span><\/p>\n<p><span style=\"font-weight: 400;\">De plus, avec le puzzle Hagia Sophia de 1000 pi\u00e8ces de la collection Paysages de nuit, tu d\u00e9veloppes les comp\u00e9tences dont tu as besoin dans tes activit\u00e9s quotidiennes :<\/span><\/p>\n<ul>\n<li><span style=\"font-weight: 400;\">L&rsquo;attention au d\u00e9tail<\/span><\/li>\n<li><span style=\"font-weight: 400;\">Patience<\/span><\/li>\n<li><span style=\"font-weight: 400;\">Pers\u00e9v\u00e9rance<\/span><\/li>\n<li><span style=\"font-weight: 400;\">Coordination<\/span><\/li>\n<li><span style=\"font-weight: 400;\">M\u00e9moire.<\/span><\/li>\n<\/ul>\n<p><strong>Que disent les l\u00e9gendes \u00e0 propos de Sainte-Sophie ?<\/strong><\/p>\n<p><strong>Un lieu aux pouvoirs de gu\u00e9rison<\/strong><\/p>\n<p><span style=\"font-weight: 400;\">L&rsquo;une des 107 colonnes impressionnantes du monument est connue comme la <\/span><em><span style=\"font-weight: 400;\">\u00ab\u00a0La colonne de transpiration<\/span><\/em><span style=\"font-weight: 400;\">\u00ab\u00a0. Dans son fond, il y a un creux qui est humide au toucher. On dit que toucher cet endroit te gu\u00e9rit de n&rsquo;importe quelle maladie.<\/span><\/p>\n<p><strong><em>Solomon, je t&rsquo;ai vaincu !<\/em><\/strong><\/p>\n<p><span style=\"font-weight: 400;\">L&#8217;empereur Justinien Ier avait le grand r\u00eave de construire une \u00e9glise majestueuse comme aucune autre au monde. Il a choisi les architectes les plus habiles de l&rsquo;\u00e9poque et les mat\u00e9riaux les plus pr\u00e9cieux et <\/span><em><span style=\"font-weight: 400;\">Aya Sophia <\/span><\/em><span style=\"font-weight: 400;\">\u00e9tait pr\u00eat en six ans environ. On raconte que lors du premier office en 537 dans l&rsquo;\u00e9glise \u00e0 la grandeur et \u00e0 la richesse \u00e9crasantes, l&#8217;empereur s&rsquo;est exclam\u00e9 <\/span><em><span style=\"font-weight: 400;\">Solomon, je t&rsquo;ai vaincu !<\/span><\/em><\/p>\n<p><strong>La l\u00e9gende de la disparition de l&#8217;empereur Constantin XI<\/strong><\/p>\n<p><span style=\"font-weight: 400;\">Les pages historiques disent qu&rsquo;\u00e0 la chute de Constantinople, l&#8217;empereur Constantin XI a \u00e9t\u00e9 tu\u00e9 par les Turcs. Mais la l\u00e9gende raconte que lui, bless\u00e9, s&rsquo;est r\u00e9fugi\u00e9 dans l&rsquo;\u00e9glise avec deux pr\u00eatres qui ont pris le calice de J\u00e9sus et Tava avec anafura. Le mur est s&rsquo;est ouvert, un ange est descendu et les a tous tir\u00e9s \u00e0 l&rsquo;int\u00e9rieur, les transformant en statues de pierre. Les habitants de l&rsquo;endroit ont longtemps pri\u00e9 pour que le roi revienne \u00e0 la vie et les d\u00e9barrasse des envahisseurs, mais leur souhait n&rsquo;a pas \u00e9t\u00e9 exauc\u00e9.<\/span><\/p>\n<p><strong>Puzzle 1000 pi\u00e8ces Hagia Sophia &#8211; une occasion de se d\u00e9tendre et de m\u00e9diter<\/strong><\/p>\n<p><span style=\"font-weight: 400;\">Tu te sens d\u00e9pass\u00e9 par les pens\u00e9es et les probl\u00e8mes quotidiens ? Envisage de passer quelques heures de d\u00e9tente en compagnie d&rsquo;un puzzle de 1000 pi\u00e8ces magnifiquement con\u00e7u. Une fois que tu as commenc\u00e9 \u00e0 le mettre en place, tu ne peux pas l&rsquo;abandonner avant qu&rsquo;il ne soit termin\u00e9. Cela enl\u00e8ve la pression de ton esprit, d\u00e9tend tes sens et ouvre l&rsquo;\u0153il de ton esprit pour te visualiser \u00e0 l&rsquo;endroit que tu es en train de composer \u00e0 partir de 1000 pi\u00e8ces de puzzle.<\/span><\/p>\n<p><span style=\"font-weight: 400;\">Tu vis une exp\u00e9rience unique. D\u00e9connectant, cr\u00e9atif et addictif, tu voudras le revivre encore et encore. Aussi, si tu veux passer quelques heures avec tes proches, utilise le puzzle de 1000 pi\u00e8ces d&rsquo;Hagia Sophia comme pr\u00e9texte pour socialiser. C&rsquo;est un excellent moyen de s&rsquo;amuser, mais aussi d&rsquo;apprendre \u00e0 se conna\u00eetre et de renforcer les relations.<\/span><\/p>\n<p><span style=\"font-weight: 400;\">Ach\u00e8te le puzzle Hagia Sophia de 1000 pi\u00e8ces de la collection Paysages de nuit pour t&rsquo;amuser ou m\u00e9diter. Ce jeu de puzzle sp\u00e9cial peut \u00eatre un excellent cadeau de vacances ou d&rsquo;anniversaire pour les amis qui aiment les puzzles pour adultes.<\/span><\/p><\/p>\n","protected":false},"excerpt":{"rendered":"<p>Es-tu un ma\u00eetre du puzzle ? Nous te mettons au d\u00e9fi de compl\u00e9ter toute la collection Paysages de nuit de<\/p>\n","protected":false},"featured_media":50402,"template":"","meta":[],"product_brand":[],"product_cat":[2314,2316,2315],"product_tag":[],"class_list":{"0":"post-52443","1":"product","2":"type-product","3":"status-publish","4":"has-post-thumbnail","6":"product_cat-puzzles-fr","7":"product_cat-puzzles-de-1000-pieces","8":"product_cat-puzzles-pour-adultes","9":"pa_brand-d_toys-fr","10":"pa_country_of_manufacture-ro-fr","11":"pa_filter_age-14-fr","12":"pa_painter-nightlandscapes-fr","13":"pa_tip_ambalaj-boite","14":"pa_tip_puzzle-classique","16":"first","17":"instock","18":"taxable","19":"shipping-taxable","20":"product-type-simple"},"yoast_head":"<!-- This site is optimized with the Yoast SEO plugin v20.1 - https:\/\/yoast.com\/wordpress\/plugins\/seo\/ -->\n<title>Puzzle Adulte 1000 pi\u00e8ces Paysages de nuit - Hagia Sophia, Turquie<\/title>\n<meta name=\"description\" content=\"Puzzle Adulte 1000 pi\u00e8ces Paysages de nuit - Hagia Sophia, Turquie\" \/>\n<meta name=\"robots\" content=\"index, follow, max-snippet:-1, max-image-preview:large, max-video-preview:-1\" \/>\n<link rel=\"canonical\" href=\"https:\/\/business.roovi.com\/fr\/puzzle-adulte-1000-pieces-paysages-de-nuit-hagia-sophia-turquie\/p\/\" \/>\n<meta property=\"og:locale\" content=\"fr_FR\" \/>\n<meta property=\"og:type\" content=\"article\" \/>\n<meta property=\"og:title\" content=\"Puzzle Adulte 1000 pi\u00e8ces Paysages de nuit - Hagia Sophia, Turquie\" \/>\n<meta property=\"og:description\" content=\"Puzzle Adulte 1000 pi\u00e8ces Paysages de nuit - Hagia Sophia, Turquie\" \/>\n<meta property=\"og:url\" content=\"https:\/\/business.roovi.com\/fr\/puzzle-adulte-1000-pieces-paysages-de-nuit-hagia-sophia-turquie\/p\/\" \/>\n<meta property=\"og:site_name\" content=\"Roovi B2B\" \/>\n<meta property=\"article:publisher\" content=\"https:\/\/www.facebook.com\/wwwjucariero\" \/>\n<meta property=\"article:modified_time\" content=\"2022-07-13T10:16:54+00:00\" \/>\n<meta property=\"og:image\" content=\"https:\/\/business.roovi.com\/wp-content\/uploads\/2018\/09\/64301-11-ansamblu_dimensiuni-cutie-cm_orizontal.png\" \/>\n\t<meta property=\"og:image:width\" content=\"960\" \/>\n\t<meta property=\"og:image:height\" content=\"960\" \/>\n\t<meta property=\"og:image:type\" content=\"image\/png\" \/>\n<meta name=\"twitter:label1\" content=\"Dur\u00e9e de lecture estim\u00e9e\" \/>\n\t<meta name=\"twitter:data1\" content=\"4 minutes\" \/>\n<script type=\"application\/ld+json\" class=\"yoast-schema-graph\">{\"@context\":\"https:\/\/schema.org\",\"@graph\":[{\"@type\":\"WebPage\",\"@id\":\"https:\/\/business.roovi.com\/fr\/puzzle-adulte-1000-pieces-paysages-de-nuit-hagia-sophia-turquie\/p\/\",\"url\":\"https:\/\/business.roovi.com\/fr\/puzzle-adulte-1000-pieces-paysages-de-nuit-hagia-sophia-turquie\/p\/\",\"name\":\"Puzzle Adulte 1000 pi\u00e8ces Paysages de nuit - Hagia Sophia, Turquie\",\"isPartOf\":{\"@id\":\"https:\/\/business.roovi.com\/fr\/#website\"},\"datePublished\":\"2018-09-06T08:24:18+00:00\",\"dateModified\":\"2022-07-13T10:16:54+00:00\",\"description\":\"Puzzle Adulte 1000 pi\u00e8ces Paysages de nuit - Hagia Sophia, Turquie\",\"breadcrumb\":{\"@id\":\"https:\/\/business.roovi.com\/fr\/puzzle-adulte-1000-pieces-paysages-de-nuit-hagia-sophia-turquie\/p\/#breadcrumb\"},\"inLanguage\":\"fr-FR\",\"potentialAction\":[{\"@type\":\"ReadAction\",\"target\":[\"https:\/\/business.roovi.com\/fr\/puzzle-adulte-1000-pieces-paysages-de-nuit-hagia-sophia-turquie\/p\/\"]}]},{\"@type\":\"BreadcrumbList\",\"@id\":\"https:\/\/business.roovi.com\/fr\/puzzle-adulte-1000-pieces-paysages-de-nuit-hagia-sophia-turquie\/p\/#breadcrumb\",\"itemListElement\":[{\"@type\":\"ListItem\",\"position\":1,\"name\":\"Home\",\"item\":\"https:\/\/business.roovi.com\/fr\/\"},{\"@type\":\"ListItem\",\"position\":2,\"name\":\"Boutique\",\"item\":\"https:\/\/business.roovi.com\/fr\/boutique\/\"},{\"@type\":\"ListItem\",\"position\":3,\"name\":\"Puzzle Adulte 1000 pi\u00e8ces Paysages de nuit &#8211; Hagia Sophia, Turquie\"}]},{\"@type\":\"WebSite\",\"@id\":\"https:\/\/business.roovi.com\/fr\/#website\",\"url\":\"https:\/\/business.roovi.com\/fr\/\",\"name\":\"Roovi B2B\",\"description\":\"Roovi Business Website\",\"potentialAction\":[{\"@type\":\"SearchAction\",\"target\":{\"@type\":\"EntryPoint\",\"urlTemplate\":\"https:\/\/business.roovi.com\/fr\/?s={search_term_string}\"},\"query-input\":\"required name=search_term_string\"}],\"inLanguage\":\"fr-FR\"}]}<\/script>\n<!-- \/ Yoast SEO plugin. -->","yoast_head_json":{"title":"Puzzle Adulte 1000 pi\u00e8ces Paysages de nuit - Hagia Sophia, Turquie","description":"Puzzle Adulte 1000 pi\u00e8ces Paysages de nuit - Hagia Sophia, Turquie","robots":{"index":"index","follow":"follow","max-snippet":"max-snippet:-1","max-image-preview":"max-image-preview:large","max-video-preview":"max-video-preview:-1"},"canonical":"https:\/\/business.roovi.com\/fr\/puzzle-adulte-1000-pieces-paysages-de-nuit-hagia-sophia-turquie\/p\/","og_locale":"fr_FR","og_type":"article","og_title":"Puzzle Adulte 1000 pi\u00e8ces Paysages de nuit - Hagia Sophia, Turquie","og_description":"Puzzle Adulte 1000 pi\u00e8ces Paysages de nuit - Hagia Sophia, Turquie","og_url":"https:\/\/business.roovi.com\/fr\/puzzle-adulte-1000-pieces-paysages-de-nuit-hagia-sophia-turquie\/p\/","og_site_name":"Roovi B2B","article_publisher":"https:\/\/www.facebook.com\/wwwjucariero","article_modified_time":"2022-07-13T10:16:54+00:00","og_image":[{"width":960,"height":960,"url":"https:\/\/business.roovi.com\/wp-content\/uploads\/2018\/09\/64301-11-ansamblu_dimensiuni-cutie-cm_orizontal.png","type":"image\/png"}],"twitter_misc":{"Dur\u00e9e de lecture estim\u00e9e":"4 minutes"},"schema":{"@context":"https:\/\/schema.org","@graph":[{"@type":"WebPage","@id":"https:\/\/business.roovi.com\/fr\/puzzle-adulte-1000-pieces-paysages-de-nuit-hagia-sophia-turquie\/p\/","url":"https:\/\/business.roovi.com\/fr\/puzzle-adulte-1000-pieces-paysages-de-nuit-hagia-sophia-turquie\/p\/","name":"Puzzle Adulte 1000 pi\u00e8ces Paysages de nuit - Hagia Sophia, Turquie","isPartOf":{"@id":"https:\/\/business.roovi.com\/fr\/#website"},"datePublished":"2018-09-06T08:24:18+00:00","dateModified":"2022-07-13T10:16:54+00:00","description":"Puzzle Adulte 1000 pi\u00e8ces Paysages de nuit - Hagia Sophia, Turquie","breadcrumb":{"@id":"https:\/\/business.roovi.com\/fr\/puzzle-adulte-1000-pieces-paysages-de-nuit-hagia-sophia-turquie\/p\/#breadcrumb"},"inLanguage":"fr-FR","potentialAction":[{"@type":"ReadAction","target":["https:\/\/business.roovi.com\/fr\/puzzle-adulte-1000-pieces-paysages-de-nuit-hagia-sophia-turquie\/p\/"]}]},{"@type":"BreadcrumbList","@id":"https:\/\/business.roovi.com\/fr\/puzzle-adulte-1000-pieces-paysages-de-nuit-hagia-sophia-turquie\/p\/#breadcrumb","itemListElement":[{"@type":"ListItem","position":1,"name":"Home","item":"https:\/\/business.roovi.com\/fr\/"},{"@type":"ListItem","position":2,"name":"Boutique","item":"https:\/\/business.roovi.com\/fr\/boutique\/"},{"@type":"ListItem","position":3,"name":"Puzzle Adulte 1000 pi\u00e8ces Paysages de nuit &#8211; Hagia Sophia, Turquie"}]},{"@type":"WebSite","@id":"https:\/\/business.roovi.com\/fr\/#website","url":"https:\/\/business.roovi.com\/fr\/","name":"Roovi B2B","description":"Roovi Business Website","potentialAction":[{"@type":"SearchAction","target":{"@type":"EntryPoint","urlTemplate":"https:\/\/business.roovi.com\/fr\/?s={search_term_string}"},"query-input":"required name=search_term_string"}],"inLanguage":"fr-FR"}]}},"_links":{"self":[{"href":"https:\/\/business.roovi.com\/fr\/wp-json\/wp\/v2\/product\/52443","targetHints":{"allow":["GET"]}}],"collection":[{"href":"https:\/\/business.roovi.com\/fr\/wp-json\/wp\/v2\/product"}],"about":[{"href":"https:\/\/business.roovi.com\/fr\/wp-json\/wp\/v2\/types\/product"}],"version-history":[{"count":0,"href":"https:\/\/business.roovi.com\/fr\/wp-json\/wp\/v2\/product\/52443\/revisions"}],"wp:featuredmedia":[{"embeddable":true,"href":"https:\/\/business.roovi.com\/fr\/wp-json\/wp\/v2\/media\/50402"}],"wp:attachment":[{"href":"https:\/\/business.roovi.com\/fr\/wp-json\/wp\/v2\/media?parent=52443"}],"wp:term":[{"taxonomy":"product_brand","embeddable":true,"href":"https:\/\/business.roovi.com\/fr\/wp-json\/wp\/v2\/product_brand?post=52443"},{"taxonomy":"product_cat","embeddable":true,"href":"https:\/\/business.roovi.com\/fr\/wp-json\/wp\/v2\/product_cat?post=52443"},{"taxonomy":"product_tag","embeddable":true,"href":"https:\/\/business.roovi.com\/fr\/wp-json\/wp\/v2\/product_tag?post=52443"}],"curies":[{"name":"wp","href":"https:\/\/api.w.org\/{rel}","templated":true}]}}