{"id":52445,"date":"2018-09-06T07:21:59","date_gmt":"2018-09-06T07:21:59","guid":{"rendered":"https:\/\/business.roovi.com\/puzzle-adulti-1000-piese-locuri-celebre-turnul-eiffel-paris\/p\/"},"modified":"2022-10-18T10:23:20","modified_gmt":"2022-10-18T10:23:20","slug":"puzzle-adulte-1000-pieces-famous-places-tour-eiffel-paris","status":"publish","type":"product","link":"https:\/\/business.roovi.com\/fr\/puzzle-adulte-1000-pieces-famous-places-tour-eiffel-paris\/p\/","title":{"rendered":"Puzzle adulte 1000 pi\u00e8ces Famous Places &#8211; Tour Eiffel, Paris"},"content":{"rendered":"<p><strong><em>Tu cherches une activit\u00e9 relaxante pour passer du temps avec ta famille ou tes amis ? Choisis la gamme de puzzles pour adultes Famous Places 1000 pi\u00e8ces et cr\u00e9e des souvenirs inoubliables avec tes proches.<\/em><\/strong><\/p>\n<p><span style=\"font-weight: 400;\">Le puzzle de 1000 pi\u00e8ces Tour Eiffel, Paris compl\u00e8te la collection de jeux de puzzle Lieux c\u00e9l\u00e8bres. Une image \u00e9tonnante et de qualit\u00e9 exceptionnelle de la c\u00e9l\u00e8bre tour au c\u0153ur de Paris que tu peux maintenant construire \u00e0 partir de 1000 pi\u00e8ces d\u00e9coup\u00e9es avec pr\u00e9cision qui s&#8217;embo\u00eetent parfaitement pour former une image fascinante.<\/span><\/p>\n<p><span style=\"font-weight: 400;\">Bien que la Tour Eiffel soit d\u00e9sormais reconnue comme un symbole fran\u00e7ais embl\u00e9matique, l&rsquo;imposant b\u00e2timent n&rsquo;a pas exactement suscit\u00e9 de bons sentiments lors de son inauguration. Un certain nombre d&rsquo;artistes fran\u00e7ais ont sign\u00e9 un manifeste en 1887 contre la construction de ce qu&rsquo;ils ont appel\u00e9 <\/span><em><span style=\"font-weight: 400;\">\u00ab\u00a0une construction monstrueuse\u00a0\u00bb <\/span><\/em><\/p>\n<p><span style=\"font-weight: 400;\">Mais la construction s&rsquo;est poursuivie et est rest\u00e9e debout, m\u00eame si le plan initial pr\u00e9voyait de d\u00e9molir la tour apr\u00e8s 20 ans. Aujourd&rsquo;hui, la Tour Eiffel est l&rsquo;une des principales attractions touristiques de France, visit\u00e9e par plus de 5 millions de touristes du monde entier chaque ann\u00e9e.<\/span><\/p>\n<p><span style=\"font-weight: 400;\">Pars dans une aventure fascinante et d\u00e9couvre la grandeur d&rsquo;un b\u00e2timent c\u00e9l\u00e8bre. Mets en ordre les 1000 pi\u00e8ces du puzzle adulte de la Tour Eiffel et compose un tableau d\u00e9coratif exceptionnel.<\/span><\/p>\n<p><strong>Pourquoi choisir le puzzle Tour Eiffel de 1000 pi\u00e8ces de la collection de puzzles Lieux c\u00e9l\u00e8bres ?<\/strong><\/p>\n<p><span style=\"font-weight: 400;\">Un puzzle de 1000 pi\u00e8ces est un d\u00e9fi unique pour les esprits difficiles <\/span><\/p>\n<p><span style=\"font-weight: 400;\">C&rsquo;est un moyen incroyable de d\u00e9couvrir la beaut\u00e9 et le caract\u00e8re unique de sites c\u00e9l\u00e8bres du monde entier.<\/span><\/p>\n<p><span style=\"font-weight: 400;\">Tu peux cr\u00e9er de tes propres mains un magnifique tableau de 68 x 47 cm qui deviendra une pi\u00e8ce de d\u00e9coration irr\u00e9sistible.<\/span><\/p>\n<p><span style=\"font-weight: 400;\">Il est fabriqu\u00e9 \u00e0 partir de carton bleu de premi\u00e8re qualit\u00e9 qui donne \u00e0 la pi\u00e8ce une durabilit\u00e9 dans le temps.<\/span><\/p>\n<p><span style=\"font-weight: 400;\">Nous utilisons des mat\u00e9riaux durables et recyclables pour la production de nos jeux de puzzle 1000 pi\u00e8ces.<\/span><\/p>\n<p><span style=\"font-weight: 400;\">Tu appr\u00e9cies un jeu de puzzle avec une finition parfaite, semi-brillante, aux couleurs vives.<\/span><\/p>\n<p><span style=\"font-weight: 400;\">Convient aux plus de 14 ans, une occasion de faire d\u00e9couvrir aux adolescents les myst\u00e8res des puzzles \u00e0 plusieurs pi\u00e8ces.<\/span><\/p>\n<p><span style=\"font-weight: 400;\">C&rsquo;est une fa\u00e7on \u00e9ducative de passer son temps libre.<\/span><\/p>\n<p><span style=\"font-weight: 400;\">Il cultive l&rsquo;attention, la patience et la capacit\u00e9 \u00e0 r\u00e9soudre des probl\u00e8mes.<\/span><\/p>\n<p><strong>Savais-tu que..<\/strong><\/p>\n<p><span style=\"font-weight: 400;\">L&rsquo;ach\u00e8vement en seulement 2 ans a \u00e9t\u00e9 rendu possible par un syst\u00e8me technique r\u00e9volutionnaire invent\u00e9 par l&rsquo;ing\u00e9nieur roumain Gheorghe P\u0103nculescu <\/span><\/p>\n<p><span style=\"font-weight: 400;\">La Tour Eiffel contient 18 038 pi\u00e8ces reli\u00e9es par pas moins de 2 500 000 rivets.<\/span><\/p>\n<p><span style=\"font-weight: 400;\">La Tour Eiffel \u00e9tait \u00e0 une \u00e9poque un \u00e9norme panneau publicitaire utilis\u00e9 par la soci\u00e9t\u00e9 Citro\u00ebn pour faire de la publicit\u00e9 pour ses voitures.<\/span><\/p>\n<p><span style=\"font-weight: 400;\">Soixante tonnes de peinture sont utilis\u00e9es tous les 7 ans pour entretenir la tour afin d&rsquo;\u00e9viter la rouille. La tour a \u00e9t\u00e9 enti\u00e8rement repeinte au moins 19 fois depuis sa construction.<\/span><\/p>\n<p><strong>Puzzle Tour Eiffel 1000 pi\u00e8ces &#8211; pour un esprit d\u00e9tendu et entra\u00een\u00e9<\/strong><\/p>\n<p><span style=\"font-weight: 400;\">Tu es submerg\u00e9e par tes t\u00e2ches quotidiennes et tu veux prendre quelques instants pour te d\u00e9tendre ? Assemble le puzzle de 1000 pi\u00e8ces chaque jour pendant au moins 30 minutes et vois les avantages que cela te procure :<\/span><\/p>\n<ul>\n<li><span style=\"font-weight: 400;\">Il t&rsquo;aide \u00e0 \u00e9vacuer le stress et \u00e0 te d\u00e9connecter des soucis quotidiens.<\/span><\/li>\n<li><span style=\"font-weight: 400;\">Il am\u00e9liore ton humeur et te redonne de l&rsquo;optimisme.<\/span><\/li>\n<li><span style=\"font-weight: 400;\">Tu as un sommeil plus r\u00e9parateur et tu g\u00e8res mieux l&rsquo;anxi\u00e9t\u00e9.<\/span><\/li>\n<li><span style=\"font-weight: 400;\">Tu te socialises mieux avec les autres.<\/span><\/li>\n<li><span style=\"font-weight: 400;\">Tu deviens plus efficace et plus productif dans ton travail quotidien.<\/span><\/li>\n<\/ul>\n<p><span style=\"font-weight: 400;\">Tu as de nombreuses raisons de consacrer tes heures au puzzle. En outre, tu peux entra\u00eener tes enfants ou tes amis dans cette activit\u00e9. La satisfaction de la derni\u00e8re pi\u00e8ce est plus grande lorsque le travail est r\u00e9alis\u00e9 en \u00e9quipe.<\/span><\/p>\n<p><span style=\"font-weight: 400;\">Pour les jours moroses o\u00f9 tu ne sais pas comment occuper ton temps, pour te rapprocher de tes proches ou pour offrir un cadeau sp\u00e9cial, le puzzle de la Tour Eiffel de 1000 pi\u00e8ces de la collection de puzzles Lieux c\u00e9l\u00e8bres est le choix id\u00e9al.<\/span><\/p>\n","protected":false},"excerpt":{"rendered":"<p>Tu cherches une activit\u00e9 relaxante pour passer du temps avec ta famille ou tes amis ? Choisis la gamme de<\/p>\n","protected":false},"featured_media":50379,"template":"","meta":[],"product_brand":[],"product_cat":[2314,2316,2315],"product_tag":[],"class_list":{"0":"post-52445","1":"product","2":"type-product","3":"status-publish","4":"has-post-thumbnail","6":"product_cat-puzzles-fr","7":"product_cat-puzzles-de-1000-pieces","8":"product_cat-puzzles-pour-adultes","9":"pa_brand-d_toys-fr","10":"pa_country_of_manufacture-ro-fr","11":"pa_filter_age-14-fr","12":"pa_painter-lieux-celebres","13":"pa_tip_ambalaj-boite","14":"pa_tip_puzzle-classique","16":"first","17":"instock","18":"taxable","19":"shipping-taxable","20":"product-type-simple"},"yoast_head":"<!-- This site is optimized with the Yoast SEO plugin v20.1 - https:\/\/yoast.com\/wordpress\/plugins\/seo\/ -->\n<title>Puzzle adulte 1000 pi\u00e8ces Famous Places - Tour Eiffel, Paris<\/title>\n<meta name=\"description\" content=\"Puzzle adulte 1000 pi\u00e8ces Famous Places - Tour Eiffel, Paris\" \/>\n<meta name=\"robots\" content=\"index, follow, max-snippet:-1, max-image-preview:large, max-video-preview:-1\" \/>\n<link rel=\"canonical\" href=\"https:\/\/business.roovi.com\/fr\/puzzle-adulte-1000-pieces-famous-places-tour-eiffel-paris\/p\/\" \/>\n<meta property=\"og:locale\" content=\"fr_FR\" \/>\n<meta property=\"og:type\" content=\"article\" \/>\n<meta property=\"og:title\" content=\"Puzzle adulte 1000 pi\u00e8ces Famous Places - Tour Eiffel, Paris\" \/>\n<meta property=\"og:description\" content=\"Puzzle adulte 1000 pi\u00e8ces Famous Places - Tour Eiffel, Paris\" \/>\n<meta property=\"og:url\" content=\"https:\/\/business.roovi.com\/fr\/puzzle-adulte-1000-pieces-famous-places-tour-eiffel-paris\/p\/\" \/>\n<meta property=\"og:site_name\" content=\"Roovi B2B\" \/>\n<meta property=\"article:publisher\" content=\"https:\/\/www.facebook.com\/wwwjucariero\" \/>\n<meta property=\"article:modified_time\" content=\"2022-10-18T10:23:20+00:00\" \/>\n<meta property=\"og:image\" content=\"https:\/\/business.roovi.com\/wp-content\/uploads\/2018\/09\/64288-12_ansamblu_dimensiuni_cutie_cm_orizontal.png\" \/>\n\t<meta property=\"og:image:width\" content=\"1200\" \/>\n\t<meta property=\"og:image:height\" content=\"1200\" \/>\n\t<meta property=\"og:image:type\" content=\"image\/png\" \/>\n<meta name=\"twitter:label1\" content=\"Dur\u00e9e de lecture estim\u00e9e\" \/>\n\t<meta name=\"twitter:data1\" content=\"3 minutes\" \/>\n<script type=\"application\/ld+json\" class=\"yoast-schema-graph\">{\"@context\":\"https:\/\/schema.org\",\"@graph\":[{\"@type\":\"WebPage\",\"@id\":\"https:\/\/business.roovi.com\/fr\/puzzle-adulte-1000-pieces-famous-places-tour-eiffel-paris\/p\/\",\"url\":\"https:\/\/business.roovi.com\/fr\/puzzle-adulte-1000-pieces-famous-places-tour-eiffel-paris\/p\/\",\"name\":\"Puzzle adulte 1000 pi\u00e8ces Famous Places - Tour Eiffel, Paris\",\"isPartOf\":{\"@id\":\"https:\/\/business.roovi.com\/fr\/#website\"},\"datePublished\":\"2018-09-06T07:21:59+00:00\",\"dateModified\":\"2022-10-18T10:23:20+00:00\",\"description\":\"Puzzle adulte 1000 pi\u00e8ces Famous Places - Tour Eiffel, Paris\",\"breadcrumb\":{\"@id\":\"https:\/\/business.roovi.com\/fr\/puzzle-adulte-1000-pieces-famous-places-tour-eiffel-paris\/p\/#breadcrumb\"},\"inLanguage\":\"fr-FR\",\"potentialAction\":[{\"@type\":\"ReadAction\",\"target\":[\"https:\/\/business.roovi.com\/fr\/puzzle-adulte-1000-pieces-famous-places-tour-eiffel-paris\/p\/\"]}]},{\"@type\":\"BreadcrumbList\",\"@id\":\"https:\/\/business.roovi.com\/fr\/puzzle-adulte-1000-pieces-famous-places-tour-eiffel-paris\/p\/#breadcrumb\",\"itemListElement\":[{\"@type\":\"ListItem\",\"position\":1,\"name\":\"Home\",\"item\":\"https:\/\/business.roovi.com\/fr\/\"},{\"@type\":\"ListItem\",\"position\":2,\"name\":\"Boutique\",\"item\":\"https:\/\/business.roovi.com\/fr\/boutique\/\"},{\"@type\":\"ListItem\",\"position\":3,\"name\":\"Puzzle adulte 1000 pi\u00e8ces Famous Places &#8211; Tour Eiffel, Paris\"}]},{\"@type\":\"WebSite\",\"@id\":\"https:\/\/business.roovi.com\/fr\/#website\",\"url\":\"https:\/\/business.roovi.com\/fr\/\",\"name\":\"Roovi B2B\",\"description\":\"Roovi Business Website\",\"potentialAction\":[{\"@type\":\"SearchAction\",\"target\":{\"@type\":\"EntryPoint\",\"urlTemplate\":\"https:\/\/business.roovi.com\/fr\/?s={search_term_string}\"},\"query-input\":\"required name=search_term_string\"}],\"inLanguage\":\"fr-FR\"}]}<\/script>\n<!-- \/ Yoast SEO plugin. -->","yoast_head_json":{"title":"Puzzle adulte 1000 pi\u00e8ces Famous Places - Tour Eiffel, Paris","description":"Puzzle adulte 1000 pi\u00e8ces Famous Places - Tour Eiffel, Paris","robots":{"index":"index","follow":"follow","max-snippet":"max-snippet:-1","max-image-preview":"max-image-preview:large","max-video-preview":"max-video-preview:-1"},"canonical":"https:\/\/business.roovi.com\/fr\/puzzle-adulte-1000-pieces-famous-places-tour-eiffel-paris\/p\/","og_locale":"fr_FR","og_type":"article","og_title":"Puzzle adulte 1000 pi\u00e8ces Famous Places - Tour Eiffel, Paris","og_description":"Puzzle adulte 1000 pi\u00e8ces Famous Places - Tour Eiffel, Paris","og_url":"https:\/\/business.roovi.com\/fr\/puzzle-adulte-1000-pieces-famous-places-tour-eiffel-paris\/p\/","og_site_name":"Roovi B2B","article_publisher":"https:\/\/www.facebook.com\/wwwjucariero","article_modified_time":"2022-10-18T10:23:20+00:00","og_image":[{"width":1200,"height":1200,"url":"https:\/\/business.roovi.com\/wp-content\/uploads\/2018\/09\/64288-12_ansamblu_dimensiuni_cutie_cm_orizontal.png","type":"image\/png"}],"twitter_misc":{"Dur\u00e9e de lecture estim\u00e9e":"3 minutes"},"schema":{"@context":"https:\/\/schema.org","@graph":[{"@type":"WebPage","@id":"https:\/\/business.roovi.com\/fr\/puzzle-adulte-1000-pieces-famous-places-tour-eiffel-paris\/p\/","url":"https:\/\/business.roovi.com\/fr\/puzzle-adulte-1000-pieces-famous-places-tour-eiffel-paris\/p\/","name":"Puzzle adulte 1000 pi\u00e8ces Famous Places - Tour Eiffel, Paris","isPartOf":{"@id":"https:\/\/business.roovi.com\/fr\/#website"},"datePublished":"2018-09-06T07:21:59+00:00","dateModified":"2022-10-18T10:23:20+00:00","description":"Puzzle adulte 1000 pi\u00e8ces Famous Places - Tour Eiffel, Paris","breadcrumb":{"@id":"https:\/\/business.roovi.com\/fr\/puzzle-adulte-1000-pieces-famous-places-tour-eiffel-paris\/p\/#breadcrumb"},"inLanguage":"fr-FR","potentialAction":[{"@type":"ReadAction","target":["https:\/\/business.roovi.com\/fr\/puzzle-adulte-1000-pieces-famous-places-tour-eiffel-paris\/p\/"]}]},{"@type":"BreadcrumbList","@id":"https:\/\/business.roovi.com\/fr\/puzzle-adulte-1000-pieces-famous-places-tour-eiffel-paris\/p\/#breadcrumb","itemListElement":[{"@type":"ListItem","position":1,"name":"Home","item":"https:\/\/business.roovi.com\/fr\/"},{"@type":"ListItem","position":2,"name":"Boutique","item":"https:\/\/business.roovi.com\/fr\/boutique\/"},{"@type":"ListItem","position":3,"name":"Puzzle adulte 1000 pi\u00e8ces Famous Places &#8211; Tour Eiffel, Paris"}]},{"@type":"WebSite","@id":"https:\/\/business.roovi.com\/fr\/#website","url":"https:\/\/business.roovi.com\/fr\/","name":"Roovi B2B","description":"Roovi Business Website","potentialAction":[{"@type":"SearchAction","target":{"@type":"EntryPoint","urlTemplate":"https:\/\/business.roovi.com\/fr\/?s={search_term_string}"},"query-input":"required name=search_term_string"}],"inLanguage":"fr-FR"}]}},"_links":{"self":[{"href":"https:\/\/business.roovi.com\/fr\/wp-json\/wp\/v2\/product\/52445","targetHints":{"allow":["GET"]}}],"collection":[{"href":"https:\/\/business.roovi.com\/fr\/wp-json\/wp\/v2\/product"}],"about":[{"href":"https:\/\/business.roovi.com\/fr\/wp-json\/wp\/v2\/types\/product"}],"version-history":[{"count":0,"href":"https:\/\/business.roovi.com\/fr\/wp-json\/wp\/v2\/product\/52445\/revisions"}],"wp:featuredmedia":[{"embeddable":true,"href":"https:\/\/business.roovi.com\/fr\/wp-json\/wp\/v2\/media\/50379"}],"wp:attachment":[{"href":"https:\/\/business.roovi.com\/fr\/wp-json\/wp\/v2\/media?parent=52445"}],"wp:term":[{"taxonomy":"product_brand","embeddable":true,"href":"https:\/\/business.roovi.com\/fr\/wp-json\/wp\/v2\/product_brand?post=52445"},{"taxonomy":"product_cat","embeddable":true,"href":"https:\/\/business.roovi.com\/fr\/wp-json\/wp\/v2\/product_cat?post=52445"},{"taxonomy":"product_tag","embeddable":true,"href":"https:\/\/business.roovi.com\/fr\/wp-json\/wp\/v2\/product_tag?post=52445"}],"curies":[{"name":"wp","href":"https:\/\/api.w.org\/{rel}","templated":true}]}}