{"id":52448,"date":"2018-09-06T07:18:14","date_gmt":"2018-09-06T07:18:14","guid":{"rendered":"https:\/\/business.roovi.com\/puzzle-adulti-1000-piese-locuri-celebre-biserica-adormirea-maicii-domnului-ierusalim\/p\/"},"modified":"2022-07-13T10:16:56","modified_gmt":"2022-07-13T10:16:56","slug":"puzzle-adulte-1000-pieces-lieux-celebres-eglise-de-lassomption-de-la-vierge-marie-jerusalem","status":"publish","type":"product","link":"https:\/\/business.roovi.com\/fr\/puzzle-adulte-1000-pieces-lieux-celebres-eglise-de-lassomption-de-la-vierge-marie-jerusalem\/p\/","title":{"rendered":"Puzzle adulte 1000 pi\u00e8ces Lieux c\u00e9l\u00e8bres &#8211; \u00c9glise de l&rsquo;Assomption de la Vierge Marie, J\u00e9rusalem"},"content":{"rendered":"<p><strong><em>Pr\u00eat pour une nouvelle aventure dans le royaume des jeux de r\u00e9flexion ? Construis \u00e0 partir de 1000 pi\u00e8ces de puzzle des images des sites les plus c\u00e9l\u00e8bres du monde et cr\u00e9e ta propre collection de tableaux originaux avec la nouvelle collection de puzzle pour adultes Famous Places.<\/em><\/strong><\/p>\n<p><span style=\"font-weight: 400;\">Que tu sois croyant ou non, les lieux saints de J\u00e9rusalem sont remplis d&rsquo;une longue histoire et de symboles fascinants. Chaque monument, qui est visit\u00e9 par des millions de p\u00e8lerins, a un charme et une \u00e9nergie qui lui sont propres <\/span><\/p>\n<p><span style=\"font-weight: 400;\">L&rsquo;\u00e9glise de l&rsquo;Assomption de la Vierge Marie est \u00e0 la fois un lieu de recueillement et de pri\u00e8re et un joyau artistique inestimable. Le puzzle de 1000 pi\u00e8ces avec son image est une occasion de d\u00e9tente, d&rsquo;introspection et de joie, tout \u00e0 la fois. Pi\u00e8ce par pi\u00e8ce, reconstituer le puzzle de l&rsquo;\u00e9glise de l&rsquo;Assomption de la Vierge Marie te donne l&rsquo;impression d&rsquo;\u00eatre un architecte talentueux cr\u00e9ant un chef-d&rsquo;\u0153uvre divin.<\/span><\/p>\n<p><span style=\"font-weight: 400;\">L&#8217;emplacement de cette \u00e9glise a une signification particuli\u00e8re dans la tradition chr\u00e9tienne car elle est consid\u00e9r\u00e9e comme le lieu o\u00f9 la Vierge est d\u00e9c\u00e9d\u00e9e. Construite entre 1900 et 1910 sur ordre de l&#8217;empereur Wilhelm II d&rsquo;Allemagne, l&rsquo;\u00e9glise appartient \u00e0 l&rsquo;ordre catholique romain des Beneittines. Il semble que l&rsquo;\u00e9glise actuelle ait \u00e9t\u00e9 construite sur les ruines d&rsquo;une ancienne \u00e9glise byzantine \u00e9galement d\u00e9di\u00e9e \u00e0 la Vierge Marie.<\/span><\/p>\n<p><span style=\"font-weight: 400;\">Le puzzle de 1000 pi\u00e8ces de l&rsquo;Assomption de la Vierge Marie, J\u00e9rusalem t&rsquo;invite donc \u00e0 cr\u00e9er une image unique et \u00e0 d\u00e9couvrir en m\u00eame temps un lieu merveilleux plein de symboles et d&rsquo;\u00e9nergie divine.<\/span><\/p>\n<p><strong>Pourquoi choisir le puzzle de 1000 pi\u00e8ces L&rsquo;Assomption de la Vierge Marie, J\u00e9rusalem ?<\/strong><\/p>\n<p><span style=\"font-weight: 400;\">Un puzzle de 1000 pi\u00e8ces est un moyen unique de d\u00e9couvrir des lieux touristiques uniques dans le monde, avec un symbolisme particulier.<\/span><\/p>\n<p><span style=\"font-weight: 400;\">Cr\u00e9e de tes propres mains une image fascinante de l&rsquo;impressionnante \u00e9glise, un symbole religieux remarquable.<\/span><\/p>\n<p><span style=\"font-weight: 400;\">La taille de l&rsquo;image restaur\u00e9e, 68 x 47 cm, te permet de la transformer en un objet d\u00e9coratif qui embellira ta maison.<\/span><\/p>\n<p><span style=\"font-weight: 400;\">Il est fabriqu\u00e9 en carton bleu de haute qualit\u00e9, ce qui rend les pi\u00e8ces r\u00e9sistantes \u00e0 de multiples assemblages.<\/span><\/p>\n<p><span style=\"font-weight: 400;\">Il est respectueux de la nature, \u00e9tant fabriqu\u00e9 \u00e0 partir de mat\u00e9riaux durables et recyclables.<\/span><\/p>\n<p><span style=\"font-weight: 400;\">Il a une finition semi-brillante et des couleurs vives qui font ressortir la clart\u00e9 de l&rsquo;image.<\/span><\/p>\n<p><span style=\"font-weight: 400;\">Convient aux plus de 14 ans. C&rsquo;est le moment id\u00e9al pour partager ta passion pour les jeux de r\u00e9flexion avec tes adolescents.<\/span><\/p>\n<p><span style=\"font-weight: 400;\">Entra\u00eene ta m\u00e9moire, ta pens\u00e9e logique et ta concentration.<\/span><\/p>\n<p><span style=\"font-weight: 400;\">Aide \u00e0 maintenir la sant\u00e9 du cerveau et \u00e0 am\u00e9liorer l&rsquo;humeur.<\/span><\/p>\n<p><strong>Tu savais que&#8230; ?<\/strong><\/p>\n<p><span style=\"font-weight: 400;\">Le terrain sur lequel se trouve l&rsquo;\u00e9glise de l&rsquo;Assomption de la Vierge Marie \u00e0 J\u00e9rusalem a \u00e9t\u00e9 donn\u00e9 en 1898 par le Sultan Abdul Hamid II au Kaiser Wilhelm II d&rsquo;Allemagne, qui l&rsquo;a ensuite donn\u00e9 \u00e0 l&rsquo;\u00c9glise catholique <\/span><\/p>\n<p><span style=\"font-weight: 400;\">\u00c0 l&rsquo;int\u00e9rieur de l&rsquo;\u00e9glise se trouve une statue en bronze de St Beno\u00eet de Nursie, le fondateur de l&rsquo;ordre chr\u00e9tien des moines b\u00e9n\u00e9dictins, consid\u00e9r\u00e9 comme le saint patron de l&rsquo;Europe.<\/span><\/p>\n<p><span style=\"font-weight: 400;\">Dans le sous-sol de l&rsquo;\u00e9glise, il y a une statue de la M\u00e8re de Dieu endormie, et sur le d\u00f4me du baldaquin \u00e0 l&rsquo;int\u00e9rieur de l&rsquo;\u00e9glise, il y a l&rsquo;image de J\u00e9sus ainsi que des figures embl\u00e9matiques de l&rsquo;Ancien Testament : Esther, Judith et m\u00eame la premi\u00e8re femme, Eve.<\/span><\/p>\n<p><strong>Puzzle de 1000 pi\u00e8ces Dormition, J\u00e9rusalem pour des moments de silence et d&rsquo;introspection<\/strong><\/p>\n<p><span style=\"font-weight: 400;\">Pour \u00e9chapper \u00e0 l&rsquo;agitation du quotidien et vivre quelques heures de calme, le puzzle de 1000 pi\u00e8ces L&rsquo;Assomption de la Vierge Marie, J\u00e9rusalem est l&rsquo;occasion id\u00e9ale. \u00c0 mesure que tu assembles les pi\u00e8ces et que l&rsquo;image de la belle \u00e9glise prend forme, ton esprit entre dans un \u00e9tat de relaxation profonde. Tu te concentres profond\u00e9ment et vis le moment pr\u00e9sent. Toutes les pens\u00e9es et les soucis s&rsquo;effacent en arri\u00e8re-plan et il n&rsquo;y a que toi avec toi.<\/span><\/p>\n<p><span style=\"font-weight: 400;\">Tu appr\u00e9cies cet \u00e9tat de paix et te reconnecte avec ton propre moi. \u00c0 la fin, quand le tableau est termin\u00e9, tu es plus repos\u00e9e et d\u00e9tach\u00e9e que jamais <\/span><\/p>\n<p><span style=\"font-weight: 400;\">Pour des moments d&rsquo;introspection ainsi que pour passer ton temps libre avec tes proches de mani\u00e8re cr\u00e9ative, le puzzle adulte de 1000 pi\u00e8ces L&rsquo;Assomption de la Vierge Marie \u00e0 J\u00e9rusalem est le choix id\u00e9al.<\/span><\/p><\/p>\n","protected":false},"excerpt":{"rendered":"<p>Pr\u00eat pour une nouvelle aventure dans le royaume des jeux de r\u00e9flexion ? Construis \u00e0 partir de 1000 pi\u00e8ces de<\/p>\n","protected":false},"featured_media":50372,"template":"","meta":[],"product_brand":[],"product_cat":[2314,2316,2315],"product_tag":[],"class_list":{"0":"post-52448","1":"product","2":"type-product","3":"status-publish","4":"has-post-thumbnail","6":"product_cat-puzzles-fr","7":"product_cat-puzzles-de-1000-pieces","8":"product_cat-puzzles-pour-adultes","9":"pa_brand-d_toys-fr","10":"pa_country_of_manufacture-ro-fr","11":"pa_filter_age-14-fr","12":"pa_painter-lieux-celebres","13":"pa_tip_ambalaj-boite","14":"pa_tip_puzzle-classique","16":"first","17":"instock","18":"taxable","19":"shipping-taxable","20":"product-type-simple"},"yoast_head":"<!-- This site is optimized with the Yoast SEO plugin v20.1 - https:\/\/yoast.com\/wordpress\/plugins\/seo\/ -->\n<title>Puzzle adulte 1000 pi\u00e8ces Lieux c\u00e9l\u00e8bres - \u00c9glise de l&#039;Assomption de la Vierge Marie, J\u00e9rusalem<\/title>\n<meta name=\"description\" content=\"Puzzle adulte 1000 pi\u00e8ces Lieux c\u00e9l\u00e8bres - \u00c9glise de l&#039;Assomption de la Vierge Marie, J\u00e9rusalem\" \/>\n<meta name=\"robots\" content=\"index, follow, max-snippet:-1, max-image-preview:large, max-video-preview:-1\" \/>\n<link rel=\"canonical\" href=\"https:\/\/business.roovi.com\/fr\/puzzle-adulte-1000-pieces-lieux-celebres-eglise-de-lassomption-de-la-vierge-marie-jerusalem\/p\/\" \/>\n<meta property=\"og:locale\" content=\"fr_FR\" \/>\n<meta property=\"og:type\" content=\"article\" \/>\n<meta property=\"og:title\" content=\"Puzzle adulte 1000 pi\u00e8ces Lieux c\u00e9l\u00e8bres - \u00c9glise de l&#039;Assomption de la Vierge Marie, J\u00e9rusalem\" \/>\n<meta property=\"og:description\" content=\"Puzzle adulte 1000 pi\u00e8ces Lieux c\u00e9l\u00e8bres - \u00c9glise de l&#039;Assomption de la Vierge Marie, J\u00e9rusalem\" \/>\n<meta property=\"og:url\" content=\"https:\/\/business.roovi.com\/fr\/puzzle-adulte-1000-pieces-lieux-celebres-eglise-de-lassomption-de-la-vierge-marie-jerusalem\/p\/\" \/>\n<meta property=\"og:site_name\" content=\"Roovi B2B\" \/>\n<meta property=\"article:publisher\" content=\"https:\/\/www.facebook.com\/wwwjucariero\" \/>\n<meta property=\"article:modified_time\" content=\"2022-07-13T10:16:56+00:00\" \/>\n<meta property=\"og:image\" content=\"https:\/\/business.roovi.com\/wp-content\/uploads\/2018\/09\/64288-09-ansamblu_dimensiuni-cutie-cm_vertical_1.png\" \/>\n\t<meta property=\"og:image:width\" content=\"1200\" \/>\n\t<meta property=\"og:image:height\" content=\"1200\" \/>\n\t<meta property=\"og:image:type\" content=\"image\/png\" \/>\n<meta name=\"twitter:label1\" content=\"Dur\u00e9e de lecture estim\u00e9e\" \/>\n\t<meta name=\"twitter:data1\" content=\"4 minutes\" \/>\n<script type=\"application\/ld+json\" class=\"yoast-schema-graph\">{\"@context\":\"https:\/\/schema.org\",\"@graph\":[{\"@type\":\"WebPage\",\"@id\":\"https:\/\/business.roovi.com\/fr\/puzzle-adulte-1000-pieces-lieux-celebres-eglise-de-lassomption-de-la-vierge-marie-jerusalem\/p\/\",\"url\":\"https:\/\/business.roovi.com\/fr\/puzzle-adulte-1000-pieces-lieux-celebres-eglise-de-lassomption-de-la-vierge-marie-jerusalem\/p\/\",\"name\":\"Puzzle adulte 1000 pi\u00e8ces Lieux c\u00e9l\u00e8bres - \u00c9glise de l'Assomption de la Vierge Marie, J\u00e9rusalem\",\"isPartOf\":{\"@id\":\"https:\/\/business.roovi.com\/fr\/#website\"},\"datePublished\":\"2018-09-06T07:18:14+00:00\",\"dateModified\":\"2022-07-13T10:16:56+00:00\",\"description\":\"Puzzle adulte 1000 pi\u00e8ces Lieux c\u00e9l\u00e8bres - \u00c9glise de l'Assomption de la Vierge Marie, J\u00e9rusalem\",\"breadcrumb\":{\"@id\":\"https:\/\/business.roovi.com\/fr\/puzzle-adulte-1000-pieces-lieux-celebres-eglise-de-lassomption-de-la-vierge-marie-jerusalem\/p\/#breadcrumb\"},\"inLanguage\":\"fr-FR\",\"potentialAction\":[{\"@type\":\"ReadAction\",\"target\":[\"https:\/\/business.roovi.com\/fr\/puzzle-adulte-1000-pieces-lieux-celebres-eglise-de-lassomption-de-la-vierge-marie-jerusalem\/p\/\"]}]},{\"@type\":\"BreadcrumbList\",\"@id\":\"https:\/\/business.roovi.com\/fr\/puzzle-adulte-1000-pieces-lieux-celebres-eglise-de-lassomption-de-la-vierge-marie-jerusalem\/p\/#breadcrumb\",\"itemListElement\":[{\"@type\":\"ListItem\",\"position\":1,\"name\":\"Home\",\"item\":\"https:\/\/business.roovi.com\/fr\/\"},{\"@type\":\"ListItem\",\"position\":2,\"name\":\"Boutique\",\"item\":\"https:\/\/business.roovi.com\/fr\/boutique\/\"},{\"@type\":\"ListItem\",\"position\":3,\"name\":\"Puzzle adulte 1000 pi\u00e8ces Lieux c\u00e9l\u00e8bres &#8211; \u00c9glise de l&#8217;Assomption de la Vierge Marie, J\u00e9rusalem\"}]},{\"@type\":\"WebSite\",\"@id\":\"https:\/\/business.roovi.com\/fr\/#website\",\"url\":\"https:\/\/business.roovi.com\/fr\/\",\"name\":\"Roovi B2B\",\"description\":\"Roovi Business Website\",\"potentialAction\":[{\"@type\":\"SearchAction\",\"target\":{\"@type\":\"EntryPoint\",\"urlTemplate\":\"https:\/\/business.roovi.com\/fr\/?s={search_term_string}\"},\"query-input\":\"required name=search_term_string\"}],\"inLanguage\":\"fr-FR\"}]}<\/script>\n<!-- \/ Yoast SEO plugin. -->","yoast_head_json":{"title":"Puzzle adulte 1000 pi\u00e8ces Lieux c\u00e9l\u00e8bres - \u00c9glise de l'Assomption de la Vierge Marie, J\u00e9rusalem","description":"Puzzle adulte 1000 pi\u00e8ces Lieux c\u00e9l\u00e8bres - \u00c9glise de l'Assomption de la Vierge Marie, J\u00e9rusalem","robots":{"index":"index","follow":"follow","max-snippet":"max-snippet:-1","max-image-preview":"max-image-preview:large","max-video-preview":"max-video-preview:-1"},"canonical":"https:\/\/business.roovi.com\/fr\/puzzle-adulte-1000-pieces-lieux-celebres-eglise-de-lassomption-de-la-vierge-marie-jerusalem\/p\/","og_locale":"fr_FR","og_type":"article","og_title":"Puzzle adulte 1000 pi\u00e8ces Lieux c\u00e9l\u00e8bres - \u00c9glise de l'Assomption de la Vierge Marie, J\u00e9rusalem","og_description":"Puzzle adulte 1000 pi\u00e8ces Lieux c\u00e9l\u00e8bres - \u00c9glise de l'Assomption de la Vierge Marie, J\u00e9rusalem","og_url":"https:\/\/business.roovi.com\/fr\/puzzle-adulte-1000-pieces-lieux-celebres-eglise-de-lassomption-de-la-vierge-marie-jerusalem\/p\/","og_site_name":"Roovi B2B","article_publisher":"https:\/\/www.facebook.com\/wwwjucariero","article_modified_time":"2022-07-13T10:16:56+00:00","og_image":[{"width":1200,"height":1200,"url":"https:\/\/business.roovi.com\/wp-content\/uploads\/2018\/09\/64288-09-ansamblu_dimensiuni-cutie-cm_vertical_1.png","type":"image\/png"}],"twitter_misc":{"Dur\u00e9e de lecture estim\u00e9e":"4 minutes"},"schema":{"@context":"https:\/\/schema.org","@graph":[{"@type":"WebPage","@id":"https:\/\/business.roovi.com\/fr\/puzzle-adulte-1000-pieces-lieux-celebres-eglise-de-lassomption-de-la-vierge-marie-jerusalem\/p\/","url":"https:\/\/business.roovi.com\/fr\/puzzle-adulte-1000-pieces-lieux-celebres-eglise-de-lassomption-de-la-vierge-marie-jerusalem\/p\/","name":"Puzzle adulte 1000 pi\u00e8ces Lieux c\u00e9l\u00e8bres - \u00c9glise de l'Assomption de la Vierge Marie, J\u00e9rusalem","isPartOf":{"@id":"https:\/\/business.roovi.com\/fr\/#website"},"datePublished":"2018-09-06T07:18:14+00:00","dateModified":"2022-07-13T10:16:56+00:00","description":"Puzzle adulte 1000 pi\u00e8ces Lieux c\u00e9l\u00e8bres - \u00c9glise de l'Assomption de la Vierge Marie, J\u00e9rusalem","breadcrumb":{"@id":"https:\/\/business.roovi.com\/fr\/puzzle-adulte-1000-pieces-lieux-celebres-eglise-de-lassomption-de-la-vierge-marie-jerusalem\/p\/#breadcrumb"},"inLanguage":"fr-FR","potentialAction":[{"@type":"ReadAction","target":["https:\/\/business.roovi.com\/fr\/puzzle-adulte-1000-pieces-lieux-celebres-eglise-de-lassomption-de-la-vierge-marie-jerusalem\/p\/"]}]},{"@type":"BreadcrumbList","@id":"https:\/\/business.roovi.com\/fr\/puzzle-adulte-1000-pieces-lieux-celebres-eglise-de-lassomption-de-la-vierge-marie-jerusalem\/p\/#breadcrumb","itemListElement":[{"@type":"ListItem","position":1,"name":"Home","item":"https:\/\/business.roovi.com\/fr\/"},{"@type":"ListItem","position":2,"name":"Boutique","item":"https:\/\/business.roovi.com\/fr\/boutique\/"},{"@type":"ListItem","position":3,"name":"Puzzle adulte 1000 pi\u00e8ces Lieux c\u00e9l\u00e8bres &#8211; \u00c9glise de l&#8217;Assomption de la Vierge Marie, J\u00e9rusalem"}]},{"@type":"WebSite","@id":"https:\/\/business.roovi.com\/fr\/#website","url":"https:\/\/business.roovi.com\/fr\/","name":"Roovi B2B","description":"Roovi Business Website","potentialAction":[{"@type":"SearchAction","target":{"@type":"EntryPoint","urlTemplate":"https:\/\/business.roovi.com\/fr\/?s={search_term_string}"},"query-input":"required name=search_term_string"}],"inLanguage":"fr-FR"}]}},"_links":{"self":[{"href":"https:\/\/business.roovi.com\/fr\/wp-json\/wp\/v2\/product\/52448","targetHints":{"allow":["GET"]}}],"collection":[{"href":"https:\/\/business.roovi.com\/fr\/wp-json\/wp\/v2\/product"}],"about":[{"href":"https:\/\/business.roovi.com\/fr\/wp-json\/wp\/v2\/types\/product"}],"version-history":[{"count":0,"href":"https:\/\/business.roovi.com\/fr\/wp-json\/wp\/v2\/product\/52448\/revisions"}],"wp:featuredmedia":[{"embeddable":true,"href":"https:\/\/business.roovi.com\/fr\/wp-json\/wp\/v2\/media\/50372"}],"wp:attachment":[{"href":"https:\/\/business.roovi.com\/fr\/wp-json\/wp\/v2\/media?parent=52448"}],"wp:term":[{"taxonomy":"product_brand","embeddable":true,"href":"https:\/\/business.roovi.com\/fr\/wp-json\/wp\/v2\/product_brand?post=52448"},{"taxonomy":"product_cat","embeddable":true,"href":"https:\/\/business.roovi.com\/fr\/wp-json\/wp\/v2\/product_cat?post=52448"},{"taxonomy":"product_tag","embeddable":true,"href":"https:\/\/business.roovi.com\/fr\/wp-json\/wp\/v2\/product_tag?post=52448"}],"curies":[{"name":"wp","href":"https:\/\/api.w.org\/{rel}","templated":true}]}}