{"id":52449,"date":"2018-09-05T16:19:52","date_gmt":"2018-09-05T16:19:52","guid":{"rendered":"https:\/\/business.roovi.com\/puzzle-1000-piese-imagini-din-romania-cazinoul-din-constanta-noaptea\/p\/"},"modified":"2022-07-13T10:16:57","modified_gmt":"2022-07-13T10:16:57","slug":"puzzle-adulte-1000-pieces-photos-de-roumanie-casino-de-constanta-la-nuit","status":"publish","type":"product","link":"https:\/\/business.roovi.com\/fr\/puzzle-adulte-1000-pieces-photos-de-roumanie-casino-de-constanta-la-nuit\/p\/","title":{"rendered":"Puzzle adulte 1000 pi\u00e8ces &#8211; Photos de Roumanie &#8211; Casino de Constanta la nuit"},"content":{"rendered":"<p><span style=\"font-weight: 400;\">Le Casino de Constanta est l&rsquo;un des b\u00e2timents embl\u00e9matiques et repr\u00e9sentatifs de la ville, un symbole de la vie de boh\u00e8me et de l&rsquo;\u00e9poque o\u00f9 toute l&rsquo;\u00e9lite de la ville d\u00e9filait sur la promenade <\/span><\/p>\n<p><span style=\"font-weight: 400;\">Situ\u00e9 en plein front de mer, pr\u00e8s du plus grand port de Roumanie, le port de Constanta, le Casino borde le centre historique de la ville, mais semble avoir perdu sa gloire et son lustre d&rsquo;antan car les murs se sont d\u00e9t\u00e9rior\u00e9s <\/span><\/p>\n<p><span style=\"font-weight: 400;\">N\u00e9anmoins, la superbe architecture Art Nouveau parvient \u00e0 attirer le regard m\u00eame au-del\u00e0 des murs en ruine et invite le spectateur \u00e0 imaginer la splendeur que le b\u00e2timent du Casino a connue autrefois et conna\u00eetra \u00e0 nouveau apr\u00e8s une vaste r\u00e9novation.<\/span><\/p>\n<p><span style=\"font-weight: 400;\">Construit entre 1904 et 1910 \u00e0 l&rsquo;initiative du roi Charles Ier, il \u00e9tait \u00e0 l&rsquo;origine con\u00e7u dans une combinaison de styles architecturaux roumains, mais le design a \u00e9t\u00e9 modifi\u00e9 apr\u00e8s le d\u00e9but des travaux pour l&rsquo;aligner sur le style des autres casinos d&rsquo;Europe, qui affichaient l&rsquo;extravagance dans les d\u00e9tails, commandaient le respect et invitaient \u00e0 l&rsquo;\u00e9l\u00e9gance vestimentaire.   <\/span><\/p>\n<p><span style=\"font-weight: 400;\">D\u00e9couvre et admire de pr\u00e8s les d\u00e9tails architecturaux fascinants du Casino de Constanta, envelopp\u00e9 de lumi\u00e8re sous le ciel \u00e9toil\u00e9, \u00e0 travers un puzzle de 1000 pi\u00e8ces.<\/span><\/p>\n<h2><span style=\"font-weight: 400;\">Pourquoi choisir un puzzle adulte 1000 pi\u00e8ces Pictures de Roumanie<\/span><\/h2>\n<ul>\n<li><span style=\"font-weight: 400;\">Un puzzle est un moyen relaxant de d\u00e9couvrir la beaut\u00e9 et le caract\u00e8re unique de sites embl\u00e9matiques \u00e0 l&rsquo;histoire riche.<\/span><\/li>\n<li><span style=\"font-weight: 400;\">\u00c0 la fin, tu obtiendras une image fascinante du Casino de Constanta, qui peut devenir une d\u00e9coration admir\u00e9e depuis longtemps dans n&rsquo;importe quelle pi\u00e8ce <\/span><\/li>\n<li><span style=\"font-weight: 400;\">La taille de ce puzzle est de 68 x 47 cm, assez grande pour devenir le prochain tableau avec lequel tu d\u00e9coreras ton espace personnel.<\/span><\/li>\n<li><span style=\"font-weight: 400;\">Les pi\u00e8ces sont fabriqu\u00e9es en carton durable de haute qualit\u00e9, de sorte que le tableau peut \u00eatre assembl\u00e9 plusieurs fois sans que les pi\u00e8ces soient endommag\u00e9es.<\/span><\/li>\n<li><span style=\"font-weight: 400;\">Nous utilisons des mat\u00e9riaux recyclables et durables pour fabriquer chaque puzzle.<\/span><\/li>\n<li><span style=\"font-weight: 400;\">L&rsquo;agr\u00e9able finition semi-brillante fait ressortir les couleurs vives et donne de la clart\u00e9 \u00e0 l&rsquo;image.<\/span><\/li>\n<li><span style=\"font-weight: 400;\">Le jeu de puzzle est un entra\u00eenement mental pr\u00e9cieux, qui engage les deux h\u00e9misph\u00e8res du cerveau et aide \u00e0 am\u00e9liorer la m\u00e9moire.<\/span><\/li>\n<li><span style=\"font-weight: 400;\">C&rsquo;est un moyen agr\u00e9able d&rsquo;entra\u00eener et d&rsquo;entretenir la coordination, la motricit\u00e9 et la dext\u00e9rit\u00e9 \u00e0 tout \u00e2ge.<\/span><\/li>\n<li><span style=\"font-weight: 400;\">Il augmente l&rsquo;attention aux d\u00e9tails et la concentration.<\/span><\/li>\n<li><span style=\"font-weight: 400;\">C&rsquo;est un jeu adapt\u00e9 \u00e0 partir de 14 ans, avec un degr\u00e9 de complexit\u00e9 moyen.<\/span><\/li>\n<\/ul>\n<h2><span style=\"font-weight: 400;\">Le savais-tu ?<\/span><\/h2>\n<p><span style=\"font-weight: 400;\">Le magnifique b\u00e2timent du Casino a \u00e9t\u00e9 inaugur\u00e9 en pr\u00e9sence du Prince Ferdinand le 15 ao\u00fbt 1910 et \u00e9tait le plus grand b\u00e2timent de ce type en Roumanie <\/span><\/p>\n<p><span style=\"font-weight: 400;\">Pour l&rsquo;amusement et le plaisir de ses visiteurs, le Casino de Constanta a organis\u00e9 des parties de roulette, de blackjack, de baccarat, des spectacles de th\u00e9\u00e2tre et des repas somptueux dans le cadre enchanteur du restaurant sur la falaise, au son des vagues qui s&rsquo;\u00e9crasent contre les rochers.<\/span><\/p>\n<p><span style=\"font-weight: 400;\">En 1912, un pavillon restaurant a \u00e9t\u00e9 ajout\u00e9 devant le Casino, un b\u00e2timent int\u00e9ressant qui abrite aujourd&rsquo;hui l&rsquo;Aquarium de Constanta <\/span><\/p>\n<h2><span style=\"font-weight: 400;\">Puzzle adulte de 1000 pi\u00e8ces &#8211; d\u00e9couvre une activit\u00e9 amusante et passionnante<\/span><\/h2>\n<p><span style=\"font-weight: 400;\">Choisis de d\u00e9couvrir la Roumanie d&rsquo;une mani\u00e8re unique, en assemblant un puzzle, et pi\u00e8ce par pi\u00e8ce, reconstitue un joyau architectural embl\u00e9matique <\/span><\/p>\n<p><span style=\"font-weight: 400;\">D\u00e9couvre le Casino de Constanta avec un puzzle de 1000 pi\u00e8ces et profite de quelques heures de d\u00e9tente cr\u00e9ative en trouvant les bonnes pi\u00e8ces pour compl\u00e9ter le tableau <\/span><\/p>\n<p><span style=\"font-weight: 400;\">De plus, assembler un puzzle avec des images de la Roumanie est une activit\u00e9 tr\u00e8s agr\u00e9able, qui te permet de renouer avec tes origines. Un voyage dans notre longue et turbulente histoire, \u00e0 travers laquelle tu peux d\u00e9couvrir des d\u00e9tails et des monuments impressionnants, tout en te d\u00e9tendant et en te d\u00e9connectant de l&rsquo;agitation de la vie quotidienne.<\/span><\/p><\/p>\n","protected":false},"excerpt":{"rendered":"<p>Le Casino de Constanta est l&rsquo;un des b\u00e2timents embl\u00e9matiques et repr\u00e9sentatifs de la ville, un symbole de la vie de<\/p>\n","protected":false},"featured_media":50370,"template":"","meta":[],"product_brand":[],"product_cat":[2314,2315,2316],"product_tag":[],"class_list":{"0":"post-52449","1":"product","2":"type-product","3":"status-publish","4":"has-post-thumbnail","6":"product_cat-puzzles-fr","7":"product_cat-puzzles-pour-adultes","8":"product_cat-puzzles-de-1000-pieces","9":"pa_brand-d_toys-fr","10":"pa_country_of_manufacture-ro-fr","11":"pa_filter_age-14-fr","12":"pa_painter-romania-fr","13":"pa_tip_ambalaj-boite","14":"pa_tip_puzzle-classique","16":"first","17":"instock","18":"taxable","19":"shipping-taxable","20":"product-type-simple"},"yoast_head":"<!-- This site is optimized with the Yoast SEO plugin v20.1 - https:\/\/yoast.com\/wordpress\/plugins\/seo\/ -->\n<title>Puzzle adulte 1000 pi\u00e8ces - Photos de Roumanie - Casino de Constanta la nuit<\/title>\n<meta name=\"description\" content=\"Puzzle adulte 1000 pi\u00e8ces - Photos de Roumanie - Casino de Constanta la nuit\" \/>\n<meta name=\"robots\" content=\"index, follow, max-snippet:-1, max-image-preview:large, max-video-preview:-1\" \/>\n<link rel=\"canonical\" href=\"https:\/\/business.roovi.com\/fr\/puzzle-adulte-1000-pieces-photos-de-roumanie-casino-de-constanta-la-nuit\/p\/\" \/>\n<meta property=\"og:locale\" content=\"fr_FR\" \/>\n<meta property=\"og:type\" content=\"article\" \/>\n<meta property=\"og:title\" content=\"Puzzle adulte 1000 pi\u00e8ces - Photos de Roumanie - Casino de Constanta la nuit\" \/>\n<meta property=\"og:description\" content=\"Puzzle adulte 1000 pi\u00e8ces - Photos de Roumanie - Casino de Constanta la nuit\" \/>\n<meta property=\"og:url\" content=\"https:\/\/business.roovi.com\/fr\/puzzle-adulte-1000-pieces-photos-de-roumanie-casino-de-constanta-la-nuit\/p\/\" \/>\n<meta property=\"og:site_name\" content=\"Roovi B2B\" \/>\n<meta property=\"article:publisher\" content=\"https:\/\/www.facebook.com\/wwwjucariero\" \/>\n<meta property=\"article:modified_time\" content=\"2022-07-13T10:16:57+00:00\" \/>\n<meta property=\"og:image\" content=\"https:\/\/business.roovi.com\/wp-content\/uploads\/2018\/09\/63038_15.jpg\" \/>\n\t<meta property=\"og:image:width\" content=\"1200\" \/>\n\t<meta property=\"og:image:height\" content=\"1200\" \/>\n\t<meta property=\"og:image:type\" content=\"image\/jpeg\" \/>\n<meta name=\"twitter:label1\" content=\"Dur\u00e9e de lecture estim\u00e9e\" \/>\n\t<meta name=\"twitter:data1\" content=\"3 minutes\" \/>\n<script type=\"application\/ld+json\" class=\"yoast-schema-graph\">{\"@context\":\"https:\/\/schema.org\",\"@graph\":[{\"@type\":\"WebPage\",\"@id\":\"https:\/\/business.roovi.com\/fr\/puzzle-adulte-1000-pieces-photos-de-roumanie-casino-de-constanta-la-nuit\/p\/\",\"url\":\"https:\/\/business.roovi.com\/fr\/puzzle-adulte-1000-pieces-photos-de-roumanie-casino-de-constanta-la-nuit\/p\/\",\"name\":\"Puzzle adulte 1000 pi\u00e8ces - Photos de Roumanie - Casino de Constanta la nuit\",\"isPartOf\":{\"@id\":\"https:\/\/business.roovi.com\/fr\/#website\"},\"datePublished\":\"2018-09-05T16:19:52+00:00\",\"dateModified\":\"2022-07-13T10:16:57+00:00\",\"description\":\"Puzzle adulte 1000 pi\u00e8ces - Photos de Roumanie - Casino de Constanta la nuit\",\"breadcrumb\":{\"@id\":\"https:\/\/business.roovi.com\/fr\/puzzle-adulte-1000-pieces-photos-de-roumanie-casino-de-constanta-la-nuit\/p\/#breadcrumb\"},\"inLanguage\":\"fr-FR\",\"potentialAction\":[{\"@type\":\"ReadAction\",\"target\":[\"https:\/\/business.roovi.com\/fr\/puzzle-adulte-1000-pieces-photos-de-roumanie-casino-de-constanta-la-nuit\/p\/\"]}]},{\"@type\":\"BreadcrumbList\",\"@id\":\"https:\/\/business.roovi.com\/fr\/puzzle-adulte-1000-pieces-photos-de-roumanie-casino-de-constanta-la-nuit\/p\/#breadcrumb\",\"itemListElement\":[{\"@type\":\"ListItem\",\"position\":1,\"name\":\"Home\",\"item\":\"https:\/\/business.roovi.com\/fr\/\"},{\"@type\":\"ListItem\",\"position\":2,\"name\":\"Boutique\",\"item\":\"https:\/\/business.roovi.com\/fr\/boutique\/\"},{\"@type\":\"ListItem\",\"position\":3,\"name\":\"Puzzle adulte 1000 pi\u00e8ces &#8211; Photos de Roumanie &#8211; Casino de Constanta la nuit\"}]},{\"@type\":\"WebSite\",\"@id\":\"https:\/\/business.roovi.com\/fr\/#website\",\"url\":\"https:\/\/business.roovi.com\/fr\/\",\"name\":\"Roovi B2B\",\"description\":\"Roovi Business Website\",\"potentialAction\":[{\"@type\":\"SearchAction\",\"target\":{\"@type\":\"EntryPoint\",\"urlTemplate\":\"https:\/\/business.roovi.com\/fr\/?s={search_term_string}\"},\"query-input\":\"required name=search_term_string\"}],\"inLanguage\":\"fr-FR\"}]}<\/script>\n<!-- \/ Yoast SEO plugin. -->","yoast_head_json":{"title":"Puzzle adulte 1000 pi\u00e8ces - Photos de Roumanie - Casino de Constanta la nuit","description":"Puzzle adulte 1000 pi\u00e8ces - Photos de Roumanie - Casino de Constanta la nuit","robots":{"index":"index","follow":"follow","max-snippet":"max-snippet:-1","max-image-preview":"max-image-preview:large","max-video-preview":"max-video-preview:-1"},"canonical":"https:\/\/business.roovi.com\/fr\/puzzle-adulte-1000-pieces-photos-de-roumanie-casino-de-constanta-la-nuit\/p\/","og_locale":"fr_FR","og_type":"article","og_title":"Puzzle adulte 1000 pi\u00e8ces - Photos de Roumanie - Casino de Constanta la nuit","og_description":"Puzzle adulte 1000 pi\u00e8ces - Photos de Roumanie - Casino de Constanta la nuit","og_url":"https:\/\/business.roovi.com\/fr\/puzzle-adulte-1000-pieces-photos-de-roumanie-casino-de-constanta-la-nuit\/p\/","og_site_name":"Roovi B2B","article_publisher":"https:\/\/www.facebook.com\/wwwjucariero","article_modified_time":"2022-07-13T10:16:57+00:00","og_image":[{"width":1200,"height":1200,"url":"https:\/\/business.roovi.com\/wp-content\/uploads\/2018\/09\/63038_15.jpg","type":"image\/jpeg"}],"twitter_misc":{"Dur\u00e9e de lecture estim\u00e9e":"3 minutes"},"schema":{"@context":"https:\/\/schema.org","@graph":[{"@type":"WebPage","@id":"https:\/\/business.roovi.com\/fr\/puzzle-adulte-1000-pieces-photos-de-roumanie-casino-de-constanta-la-nuit\/p\/","url":"https:\/\/business.roovi.com\/fr\/puzzle-adulte-1000-pieces-photos-de-roumanie-casino-de-constanta-la-nuit\/p\/","name":"Puzzle adulte 1000 pi\u00e8ces - Photos de Roumanie - Casino de Constanta la nuit","isPartOf":{"@id":"https:\/\/business.roovi.com\/fr\/#website"},"datePublished":"2018-09-05T16:19:52+00:00","dateModified":"2022-07-13T10:16:57+00:00","description":"Puzzle adulte 1000 pi\u00e8ces - Photos de Roumanie - Casino de Constanta la nuit","breadcrumb":{"@id":"https:\/\/business.roovi.com\/fr\/puzzle-adulte-1000-pieces-photos-de-roumanie-casino-de-constanta-la-nuit\/p\/#breadcrumb"},"inLanguage":"fr-FR","potentialAction":[{"@type":"ReadAction","target":["https:\/\/business.roovi.com\/fr\/puzzle-adulte-1000-pieces-photos-de-roumanie-casino-de-constanta-la-nuit\/p\/"]}]},{"@type":"BreadcrumbList","@id":"https:\/\/business.roovi.com\/fr\/puzzle-adulte-1000-pieces-photos-de-roumanie-casino-de-constanta-la-nuit\/p\/#breadcrumb","itemListElement":[{"@type":"ListItem","position":1,"name":"Home","item":"https:\/\/business.roovi.com\/fr\/"},{"@type":"ListItem","position":2,"name":"Boutique","item":"https:\/\/business.roovi.com\/fr\/boutique\/"},{"@type":"ListItem","position":3,"name":"Puzzle adulte 1000 pi\u00e8ces &#8211; Photos de Roumanie &#8211; Casino de Constanta la nuit"}]},{"@type":"WebSite","@id":"https:\/\/business.roovi.com\/fr\/#website","url":"https:\/\/business.roovi.com\/fr\/","name":"Roovi B2B","description":"Roovi Business Website","potentialAction":[{"@type":"SearchAction","target":{"@type":"EntryPoint","urlTemplate":"https:\/\/business.roovi.com\/fr\/?s={search_term_string}"},"query-input":"required name=search_term_string"}],"inLanguage":"fr-FR"}]}},"_links":{"self":[{"href":"https:\/\/business.roovi.com\/fr\/wp-json\/wp\/v2\/product\/52449","targetHints":{"allow":["GET"]}}],"collection":[{"href":"https:\/\/business.roovi.com\/fr\/wp-json\/wp\/v2\/product"}],"about":[{"href":"https:\/\/business.roovi.com\/fr\/wp-json\/wp\/v2\/types\/product"}],"version-history":[{"count":0,"href":"https:\/\/business.roovi.com\/fr\/wp-json\/wp\/v2\/product\/52449\/revisions"}],"wp:featuredmedia":[{"embeddable":true,"href":"https:\/\/business.roovi.com\/fr\/wp-json\/wp\/v2\/media\/50370"}],"wp:attachment":[{"href":"https:\/\/business.roovi.com\/fr\/wp-json\/wp\/v2\/media?parent=52449"}],"wp:term":[{"taxonomy":"product_brand","embeddable":true,"href":"https:\/\/business.roovi.com\/fr\/wp-json\/wp\/v2\/product_brand?post=52449"},{"taxonomy":"product_cat","embeddable":true,"href":"https:\/\/business.roovi.com\/fr\/wp-json\/wp\/v2\/product_cat?post=52449"},{"taxonomy":"product_tag","embeddable":true,"href":"https:\/\/business.roovi.com\/fr\/wp-json\/wp\/v2\/product_tag?post=52449"}],"curies":[{"name":"wp","href":"https:\/\/api.w.org\/{rel}","templated":true}]}}