{"id":52455,"date":"2018-09-05T16:16:33","date_gmt":"2018-09-05T16:16:33","guid":{"rendered":"https:\/\/business.roovi.com\/puzzle-1000-piese-imagini-din-romania-manastirea-curtea-de-arges-2\/p\/"},"modified":"2022-07-13T10:17:00","modified_gmt":"2022-07-13T10:17:00","slug":"puzzle-adulte-de-1000-pieces-images-de-roumanie-monastere-de-curtea-de-arges-2","status":"publish","type":"product","link":"https:\/\/business.roovi.com\/fr\/puzzle-adulte-de-1000-pieces-images-de-roumanie-monastere-de-curtea-de-arges-2\/p\/","title":{"rendered":"Puzzle adulte de 1000 pi\u00e8ces &#8211; Images de Roumanie &#8211; Monast\u00e8re de Curtea de Arges"},"content":{"rendered":"<p><span style=\"font-weight: 400;\">Le monast\u00e8re Curtea de Arge\u0219, fond\u00e9 par Neagoe Basarab, est un b\u00e2timent impressionnant, tant sur le plan architectural que sur celui des peintures int\u00e9rieures.<\/span><\/p>\n<p><span style=\"font-weight: 400;\">Construit sur le site de l&rsquo;ancienne Mitropolis de Valachie, fond\u00e9e par Vlad Tepes au 15e si\u00e8cle, le monast\u00e8re de Curtea de Arge\u0219 abrite d\u00e9sormais la n\u00e9cropole de la famille royale de Roumanie, ainsi que les reliques de plusieurs saints. Le roi Charles I et la reine Elizabeth, le roi Ferdinand et la reine Marie veillent toujours sur la Roumanie d&rsquo;ici, et le roi Michel I est maintenant avec eux.<\/span><\/p>\n<p><span style=\"font-weight: 400;\">La construction du monast\u00e8re a \u00e9t\u00e9 confi\u00e9e \u00e0 un habile artisan, dont la m\u00e9moire est li\u00e9e \u00e0 l&rsquo;une des plus c\u00e9l\u00e8bres l\u00e9gendes roumaines : la l\u00e9gende de Ma\u00eetre Manole <\/span><\/p>\n<p><span style=\"font-weight: 400;\">L&rsquo;architecte fran\u00e7ais Andr\u00e9 Lecomte du Nouy, dans la seconde moiti\u00e9 du XIXe si\u00e8cle, a contribu\u00e9 \u00e0 la forme actuelle du monast\u00e8re, mais a d\u00e9cid\u00e9 de modifier une partie des fresques int\u00e9rieures originales, g\u00e2chant ainsi sa valeur artistique et historique.<\/span><\/p>\n<p><span style=\"font-weight: 400;\">\u00c0 travers un puzzle de 1000 pi\u00e8ces, tu peux admirer de pr\u00e8s les fascinants d\u00e9tails architecturaux du monast\u00e8re de Curtea de Arge\u0219 et composer pi\u00e8ce par pi\u00e8ce une image panoramique du monast\u00e8re et du parc qui l&rsquo;entoure <\/span><\/p>\n<h2><span style=\"font-weight: 400;\">Pourquoi est-ce si sp\u00e9cial un puzzle pour adultes 1000 pi\u00e8ces Images de Roumanie<\/span><\/h2>\n<ul>\n<li><span style=\"font-weight: 400;\">Un puzzle est un moyen relaxant de d\u00e9couvrir la beaut\u00e9 et le caract\u00e8re unique de sites populaires, auxquels sont li\u00e9es des l\u00e9gendes connues.<\/span><\/li>\n<li><span style=\"font-weight: 400;\">\u00c0 la fin, tu obtiendras une image fascinante du monast\u00e8re de Curtea de Arge\u0219, qui peut devenir un paysage admir\u00e9 depuis longtemps <\/span><\/li>\n<li><span style=\"font-weight: 400;\">La taille de ce puzzle est de 68 x 47 cm, assez grande pour devenir le prochain tableau avec lequel tu d\u00e9coreras ton espace personnel.<\/span><\/li>\n<li><span style=\"font-weight: 400;\">Les pi\u00e8ces sont fabriqu\u00e9es en carton durable de haute qualit\u00e9, de sorte que le tableau peut \u00eatre assembl\u00e9 plusieurs fois sans que les pi\u00e8ces soient endommag\u00e9es.<\/span><\/li>\n<li><span style=\"font-weight: 400;\">Nous utilisons des mat\u00e9riaux recyclables et durables pour fabriquer chaque puzzle.<\/span><\/li>\n<li><span style=\"font-weight: 400;\">L&rsquo;agr\u00e9able finition semi-brillante fait ressortir les couleurs vives et donne de la clart\u00e9 \u00e0 l&rsquo;image.<\/span><\/li>\n<li><span style=\"font-weight: 400;\">Le jeu de puzzle est un entra\u00eenement mental pr\u00e9cieux, qui engage les deux h\u00e9misph\u00e8res du cerveau et aide \u00e0 am\u00e9liorer la m\u00e9moire.<\/span><\/li>\n<li><span style=\"font-weight: 400;\">C&rsquo;est un moyen agr\u00e9able d&rsquo;entra\u00eener et d&rsquo;entretenir la coordination, la motricit\u00e9 et la dext\u00e9rit\u00e9 \u00e0 tout \u00e2ge.<\/span><\/li>\n<li><span style=\"font-weight: 400;\">Il augmente l&rsquo;attention aux d\u00e9tails et la concentration.<\/span><\/li>\n<li><span style=\"font-weight: 400;\">C&rsquo;est un jeu adapt\u00e9 \u00e0 partir de 14 ans, avec un degr\u00e9 de complexit\u00e9 moyen.<\/span><\/li>\n<\/ul>\n<h2><span style=\"font-weight: 400;\">Le savais-tu ?<\/span><\/h2>\n<p><span style=\"font-weight: 400;\">La construction r\u00e9ussie du beau monast\u00e8re n&rsquo;a malheureusement pas une base tr\u00e8s heureuse, mais plut\u00f4t une base sanglante, fond\u00e9e sur le sacrifice et la vanit\u00e9.<\/span><\/p>\n<p><span style=\"font-weight: 400;\">Le sacrifice, parce que Manole n&rsquo;a pu achever les travaux qu&rsquo;apr\u00e8s avoir offert une offrande et construit sa femme, Ana, dans les murs du monast\u00e8re, et la vanit\u00e9, parce qu&rsquo;\u00e0 la fin des travaux, le souverain a ordonn\u00e9 d&rsquo;enlever l&rsquo;\u00e9chafaudage, laissant les artisans sur le toit, pour ne pas \u00e9riger un autre b\u00e2timent aussi grand et beau que celui-ci. Les artisans, dont Manole, pour tenter de se sauver, ont construit des ailes en bardeaux et se sont jet\u00e9s du toit dans l&rsquo;espoir de pouvoir voler <\/span><\/p>\n<p><span style=\"font-weight: 400;\">La fontaine de Manole, pr\u00e8s des murs du monast\u00e8re, est cens\u00e9e \u00eatre apparue l\u00e0 o\u00f9 Manole est mort, en tombant du toit <\/span><\/p>\n<p><span style=\"font-weight: 400;\">\u00c0 l&rsquo;int\u00e9rieur du monast\u00e8re se trouve un \u00c9vangile \u00e9crit en lettres d&rsquo;or par la reine Elizabeth de Roumanie elle-m\u00eame <\/span><\/p>\n<h2><span style=\"font-weight: 400;\">Puzzle adulte de 1000 pi\u00e8ces &#8211; d\u00e9couvre une activit\u00e9 amusante et passionnante<\/span><\/h2>\n<p><span style=\"font-weight: 400;\">Choisis de d\u00e9couvrir la Roumanie d&rsquo;une mani\u00e8re unique, en assemblant un puzzle, et pi\u00e8ce par pi\u00e8ce, reconstitue un joyau architectural <\/span><\/p>\n<p><span style=\"font-weight: 400;\">D\u00e9couvre le monast\u00e8re de Curtea de Arge\u0219 \u00e0 l&rsquo;aide d&rsquo;un puzzle de 1000 pi\u00e8ces et profite de quelques heures de d\u00e9tente cr\u00e9ative pendant que tu trouves les bonnes pi\u00e8ces pour compl\u00e9ter le tableau <\/span><\/p>\n<p><span style=\"font-weight: 400;\">De plus, assembler un puzzle avec des images de Roumanie est une activit\u00e9 tr\u00e8s agr\u00e9able, qui te permet de renouer avec tes origines. Un voyage dans notre longue et turbulente histoire, \u00e0 travers laquelle tu peux d\u00e9couvrir des d\u00e9tails et des monuments impressionnants, tout en te d\u00e9tendant et en te d\u00e9connectant de l&rsquo;agitation de la vie quotidienne.<\/span><\/p><\/p>\n","protected":false},"excerpt":{"rendered":"<p>Le monast\u00e8re Curtea de Arge\u0219, fond\u00e9 par Neagoe Basarab, est un b\u00e2timent impressionnant, tant sur le plan architectural que sur<\/p>\n","protected":false},"featured_media":50368,"template":"","meta":[],"product_brand":[],"product_cat":[2314,2316,2315],"product_tag":[],"class_list":{"0":"post-52455","1":"product","2":"type-product","3":"status-publish","4":"has-post-thumbnail","6":"product_cat-puzzles-fr","7":"product_cat-puzzles-de-1000-pieces","8":"product_cat-puzzles-pour-adultes","9":"pa_brand-d_toys-fr","10":"pa_country_of_manufacture-ro-fr","11":"pa_filter_age-14-fr","12":"pa_painter-romania-fr","13":"pa_tip_ambalaj-boite","14":"pa_tip_puzzle-classique","16":"first","17":"instock","18":"taxable","19":"shipping-taxable","20":"product-type-simple"},"yoast_head":"<!-- This site is optimized with the Yoast SEO plugin v20.1 - https:\/\/yoast.com\/wordpress\/plugins\/seo\/ -->\n<title>Puzzle adulte de 1000 pi\u00e8ces - Images de Roumanie - Monast\u00e8re de Curtea de Arges<\/title>\n<meta name=\"description\" content=\"Puzzle adulte de 1000 pi\u00e8ces - Images de Roumanie - Monast\u00e8re de Curtea de Arges\" \/>\n<meta name=\"robots\" content=\"index, follow, max-snippet:-1, max-image-preview:large, max-video-preview:-1\" \/>\n<link rel=\"canonical\" href=\"https:\/\/business.roovi.com\/fr\/puzzle-adulte-de-1000-pieces-images-de-roumanie-monastere-de-curtea-de-arges-2\/p\/\" \/>\n<meta property=\"og:locale\" content=\"fr_FR\" \/>\n<meta property=\"og:type\" content=\"article\" \/>\n<meta property=\"og:title\" content=\"Puzzle adulte de 1000 pi\u00e8ces - Images de Roumanie - Monast\u00e8re de Curtea de Arges\" \/>\n<meta property=\"og:description\" content=\"Puzzle adulte de 1000 pi\u00e8ces - Images de Roumanie - Monast\u00e8re de Curtea de Arges\" \/>\n<meta property=\"og:url\" content=\"https:\/\/business.roovi.com\/fr\/puzzle-adulte-de-1000-pieces-images-de-roumanie-monastere-de-curtea-de-arges-2\/p\/\" \/>\n<meta property=\"og:site_name\" content=\"Roovi B2B\" \/>\n<meta property=\"article:publisher\" content=\"https:\/\/www.facebook.com\/wwwjucariero\" \/>\n<meta property=\"article:modified_time\" content=\"2022-07-13T10:17:00+00:00\" \/>\n<meta property=\"og:image\" content=\"https:\/\/business.roovi.com\/wp-content\/uploads\/2018\/09\/63038_14.jpg\" \/>\n\t<meta property=\"og:image:width\" content=\"1200\" \/>\n\t<meta property=\"og:image:height\" content=\"1200\" \/>\n\t<meta property=\"og:image:type\" content=\"image\/jpeg\" \/>\n<meta name=\"twitter:label1\" content=\"Dur\u00e9e de lecture estim\u00e9e\" \/>\n\t<meta name=\"twitter:data1\" content=\"4 minutes\" \/>\n<script type=\"application\/ld+json\" class=\"yoast-schema-graph\">{\"@context\":\"https:\/\/schema.org\",\"@graph\":[{\"@type\":\"WebPage\",\"@id\":\"https:\/\/business.roovi.com\/fr\/puzzle-adulte-de-1000-pieces-images-de-roumanie-monastere-de-curtea-de-arges-2\/p\/\",\"url\":\"https:\/\/business.roovi.com\/fr\/puzzle-adulte-de-1000-pieces-images-de-roumanie-monastere-de-curtea-de-arges-2\/p\/\",\"name\":\"Puzzle adulte de 1000 pi\u00e8ces - Images de Roumanie - Monast\u00e8re de Curtea de Arges\",\"isPartOf\":{\"@id\":\"https:\/\/business.roovi.com\/fr\/#website\"},\"datePublished\":\"2018-09-05T16:16:33+00:00\",\"dateModified\":\"2022-07-13T10:17:00+00:00\",\"description\":\"Puzzle adulte de 1000 pi\u00e8ces - Images de Roumanie - Monast\u00e8re de Curtea de Arges\",\"breadcrumb\":{\"@id\":\"https:\/\/business.roovi.com\/fr\/puzzle-adulte-de-1000-pieces-images-de-roumanie-monastere-de-curtea-de-arges-2\/p\/#breadcrumb\"},\"inLanguage\":\"fr-FR\",\"potentialAction\":[{\"@type\":\"ReadAction\",\"target\":[\"https:\/\/business.roovi.com\/fr\/puzzle-adulte-de-1000-pieces-images-de-roumanie-monastere-de-curtea-de-arges-2\/p\/\"]}]},{\"@type\":\"BreadcrumbList\",\"@id\":\"https:\/\/business.roovi.com\/fr\/puzzle-adulte-de-1000-pieces-images-de-roumanie-monastere-de-curtea-de-arges-2\/p\/#breadcrumb\",\"itemListElement\":[{\"@type\":\"ListItem\",\"position\":1,\"name\":\"Home\",\"item\":\"https:\/\/business.roovi.com\/fr\/\"},{\"@type\":\"ListItem\",\"position\":2,\"name\":\"Boutique\",\"item\":\"https:\/\/business.roovi.com\/fr\/boutique\/\"},{\"@type\":\"ListItem\",\"position\":3,\"name\":\"Puzzle adulte de 1000 pi\u00e8ces &#8211; Images de Roumanie &#8211; Monast\u00e8re de Curtea de Arges\"}]},{\"@type\":\"WebSite\",\"@id\":\"https:\/\/business.roovi.com\/fr\/#website\",\"url\":\"https:\/\/business.roovi.com\/fr\/\",\"name\":\"Roovi B2B\",\"description\":\"Roovi Business Website\",\"potentialAction\":[{\"@type\":\"SearchAction\",\"target\":{\"@type\":\"EntryPoint\",\"urlTemplate\":\"https:\/\/business.roovi.com\/fr\/?s={search_term_string}\"},\"query-input\":\"required name=search_term_string\"}],\"inLanguage\":\"fr-FR\"}]}<\/script>\n<!-- \/ Yoast SEO plugin. -->","yoast_head_json":{"title":"Puzzle adulte de 1000 pi\u00e8ces - Images de Roumanie - Monast\u00e8re de Curtea de Arges","description":"Puzzle adulte de 1000 pi\u00e8ces - Images de Roumanie - Monast\u00e8re de Curtea de Arges","robots":{"index":"index","follow":"follow","max-snippet":"max-snippet:-1","max-image-preview":"max-image-preview:large","max-video-preview":"max-video-preview:-1"},"canonical":"https:\/\/business.roovi.com\/fr\/puzzle-adulte-de-1000-pieces-images-de-roumanie-monastere-de-curtea-de-arges-2\/p\/","og_locale":"fr_FR","og_type":"article","og_title":"Puzzle adulte de 1000 pi\u00e8ces - Images de Roumanie - Monast\u00e8re de Curtea de Arges","og_description":"Puzzle adulte de 1000 pi\u00e8ces - Images de Roumanie - Monast\u00e8re de Curtea de Arges","og_url":"https:\/\/business.roovi.com\/fr\/puzzle-adulte-de-1000-pieces-images-de-roumanie-monastere-de-curtea-de-arges-2\/p\/","og_site_name":"Roovi B2B","article_publisher":"https:\/\/www.facebook.com\/wwwjucariero","article_modified_time":"2022-07-13T10:17:00+00:00","og_image":[{"width":1200,"height":1200,"url":"https:\/\/business.roovi.com\/wp-content\/uploads\/2018\/09\/63038_14.jpg","type":"image\/jpeg"}],"twitter_misc":{"Dur\u00e9e de lecture estim\u00e9e":"4 minutes"},"schema":{"@context":"https:\/\/schema.org","@graph":[{"@type":"WebPage","@id":"https:\/\/business.roovi.com\/fr\/puzzle-adulte-de-1000-pieces-images-de-roumanie-monastere-de-curtea-de-arges-2\/p\/","url":"https:\/\/business.roovi.com\/fr\/puzzle-adulte-de-1000-pieces-images-de-roumanie-monastere-de-curtea-de-arges-2\/p\/","name":"Puzzle adulte de 1000 pi\u00e8ces - Images de Roumanie - Monast\u00e8re de Curtea de Arges","isPartOf":{"@id":"https:\/\/business.roovi.com\/fr\/#website"},"datePublished":"2018-09-05T16:16:33+00:00","dateModified":"2022-07-13T10:17:00+00:00","description":"Puzzle adulte de 1000 pi\u00e8ces - Images de Roumanie - Monast\u00e8re de Curtea de Arges","breadcrumb":{"@id":"https:\/\/business.roovi.com\/fr\/puzzle-adulte-de-1000-pieces-images-de-roumanie-monastere-de-curtea-de-arges-2\/p\/#breadcrumb"},"inLanguage":"fr-FR","potentialAction":[{"@type":"ReadAction","target":["https:\/\/business.roovi.com\/fr\/puzzle-adulte-de-1000-pieces-images-de-roumanie-monastere-de-curtea-de-arges-2\/p\/"]}]},{"@type":"BreadcrumbList","@id":"https:\/\/business.roovi.com\/fr\/puzzle-adulte-de-1000-pieces-images-de-roumanie-monastere-de-curtea-de-arges-2\/p\/#breadcrumb","itemListElement":[{"@type":"ListItem","position":1,"name":"Home","item":"https:\/\/business.roovi.com\/fr\/"},{"@type":"ListItem","position":2,"name":"Boutique","item":"https:\/\/business.roovi.com\/fr\/boutique\/"},{"@type":"ListItem","position":3,"name":"Puzzle adulte de 1000 pi\u00e8ces &#8211; Images de Roumanie &#8211; Monast\u00e8re de Curtea de Arges"}]},{"@type":"WebSite","@id":"https:\/\/business.roovi.com\/fr\/#website","url":"https:\/\/business.roovi.com\/fr\/","name":"Roovi B2B","description":"Roovi Business Website","potentialAction":[{"@type":"SearchAction","target":{"@type":"EntryPoint","urlTemplate":"https:\/\/business.roovi.com\/fr\/?s={search_term_string}"},"query-input":"required name=search_term_string"}],"inLanguage":"fr-FR"}]}},"_links":{"self":[{"href":"https:\/\/business.roovi.com\/fr\/wp-json\/wp\/v2\/product\/52455","targetHints":{"allow":["GET"]}}],"collection":[{"href":"https:\/\/business.roovi.com\/fr\/wp-json\/wp\/v2\/product"}],"about":[{"href":"https:\/\/business.roovi.com\/fr\/wp-json\/wp\/v2\/types\/product"}],"version-history":[{"count":0,"href":"https:\/\/business.roovi.com\/fr\/wp-json\/wp\/v2\/product\/52455\/revisions"}],"wp:featuredmedia":[{"embeddable":true,"href":"https:\/\/business.roovi.com\/fr\/wp-json\/wp\/v2\/media\/50368"}],"wp:attachment":[{"href":"https:\/\/business.roovi.com\/fr\/wp-json\/wp\/v2\/media?parent=52455"}],"wp:term":[{"taxonomy":"product_brand","embeddable":true,"href":"https:\/\/business.roovi.com\/fr\/wp-json\/wp\/v2\/product_brand?post=52455"},{"taxonomy":"product_cat","embeddable":true,"href":"https:\/\/business.roovi.com\/fr\/wp-json\/wp\/v2\/product_cat?post=52455"},{"taxonomy":"product_tag","embeddable":true,"href":"https:\/\/business.roovi.com\/fr\/wp-json\/wp\/v2\/product_tag?post=52455"}],"curies":[{"name":"wp","href":"https:\/\/api.w.org\/{rel}","templated":true}]}}