{"id":52457,"date":"2018-09-05T15:23:36","date_gmt":"2018-09-05T15:23:36","guid":{"rendered":"https:\/\/business.roovi.com\/puzzle-adulti-1000-piese-peisaje-de-zi-podul-alexandru-al-iii-lea-paris\/p\/"},"modified":"2022-07-13T10:16:59","modified_gmt":"2022-07-13T10:16:59","slug":"puzzle-adulte-de-1000-pieces-paysages-de-jour-pont-alexandre-iii-paris","status":"publish","type":"product","link":"https:\/\/business.roovi.com\/fr\/puzzle-adulte-de-1000-pieces-paysages-de-jour-pont-alexandre-iii-paris\/p\/","title":{"rendered":"Puzzle adulte de 1000 pi\u00e8ces Paysages de jour &#8211; Pont Alexandre III, Paris"},"content":{"rendered":"<p><strong><em>Tu cherches une activit\u00e9 relaxante pour t&rsquo;\u00e9loigner des \u00e9crans ? Assemble les puzzles de la collection de 1000 pi\u00e8ces de la collection de puzzles Paysages de jour pour adultes et admire les magnifiques sites d&rsquo;Europe depuis l&rsquo;intimit\u00e9 de ta maison.<\/em><\/strong><\/p>\n<p><span style=\"font-weight: 400;\">Le puzzle de 1000 pi\u00e8ces Pont Alexandre III capture un point de rep\u00e8re embl\u00e9matique de Paris, un v\u00e9ritable monument historique inaugur\u00e9 en 1900. Le pont porte le nom du tsar Alexandre III de Russie et est un symbole de l&rsquo;amiti\u00e9 entre les deux pays.<\/span><\/p>\n<p><span style=\"font-weight: 400;\">Construit au-dessus de la Seine, le Pont Alexandre relie le c\u00e9l\u00e8bre boulevard des Champs-\u00c9lys\u00e9es au quartier des Invalides. D\u00e9cor\u00e9 de nombreux \u00e9l\u00e9ments d&rsquo;h\u00e9raldique fran\u00e7aise et russe, il est consid\u00e9r\u00e9 comme le pont le plus extravagant et le plus beau de la ville.<\/span><\/p>\n<p><span style=\"font-weight: 400;\">\u00c0 l&rsquo;\u00e9poque o\u00f9 elle a \u00e9t\u00e9 construite, c&rsquo;\u00e9tait un v\u00e9ritable d\u00e9fi d&rsquo;ing\u00e9nierie. La vue des Champs-\u00c9lys\u00e9es et du D\u00f4me des Invalides ne devait pas \u00eatre obstru\u00e9e, c&rsquo;est pourquoi le pont est tr\u00e8s bas, seulement 6 m\u00e8tres de haut. Le paysage spectaculaire est encore appr\u00e9ci\u00e9 aujourd&rsquo;hui, les touristes du monde entier s&rsquo;arr\u00eatant pour l&rsquo;admirer ou immortalisant la vue imprenable dans des photos de collection.<\/span><\/p>\n<p><span style=\"font-weight: 400;\">Le puzzle du Pont Alexandre III de 1000 pi\u00e8ces de la collection de puzzles pour adultes Landscapes te met au d\u00e9fi de te mettre dans la peau d&rsquo;un v\u00e9ritable architecte et de construire un monument Art nouveau tr\u00e8s appr\u00e9ci\u00e9 \u00e0 partir de 1000 pi\u00e8ces. \u00c0 la fin, tu peux encadrer la peinture obtenue et profiter d&rsquo;un objet d\u00e9coratif original <\/span><\/p>\n<p><strong>Pourquoi choisir le puzzle 1000 pi\u00e8ces Pont Alexandre III ?<\/strong><\/p>\n<p><span style=\"font-weight: 400;\">L&rsquo;activit\u00e9 d&rsquo;assemblage te donne l&rsquo;occasion d&rsquo;admirer un objet fascinant qui a une longue histoire.<\/span><\/p>\n<p><span style=\"font-weight: 400;\">C&rsquo;est un excellent moyen de garder ta coordination et ta concentration plus longtemps.<\/span><\/p>\n<p><span style=\"font-weight: 400;\">Cela t&rsquo;aide \u00e0 te d\u00e9tendre et \u00e0 sortir de ta routine.<\/span><\/p>\n<p><span style=\"font-weight: 400;\">Tu obtiens un tableau de 68 x 47 cm que tu peux transformer en pi\u00e8ce de d\u00e9coration.<\/span><\/p>\n<p><span style=\"font-weight: 400;\">Il est fabriqu\u00e9 en carton bleu de haute qualit\u00e9, ce qui rend les pi\u00e8ces solides m\u00eame lorsqu&rsquo;elles sont assembl\u00e9es plusieurs fois.<\/span><\/p>\n<p><span style=\"font-weight: 400;\">Chaque puzzle de 1000 pi\u00e8ces est fabriqu\u00e9 \u00e0 partir de mat\u00e9riaux durables et recyclables.<\/span><\/p>\n<p><span style=\"font-weight: 400;\">Il a une finition semi-brillante et des couleurs agr\u00e9ables qui font ressortir la clart\u00e9 de l&rsquo;image.<\/span><\/p>\n<p><span style=\"font-weight: 400;\">Il convient aux personnes de plus de 14 ans et a un niveau de difficult\u00e9 moyen.<\/span><\/p>\n<p><strong>Tu savais que&#8230; ? <\/strong><\/p>\n<p><span style=\"font-weight: 400;\">Le pont Alexandre III est d\u00e9cor\u00e9 de lanternes, d&rsquo;angelots et de nymphes. Aux extr\u00e9mit\u00e9s du pont, des statues plaqu\u00e9es or se dressent sur des piliers de 17 m\u00e8tres de haut.<\/span><\/p>\n<p><span style=\"font-weight: 400;\">Le pont a \u00e9t\u00e9 inaugur\u00e9 lors de l&rsquo;Exposition universelle de 1900 \u00e0 Paris, \u00e0 laquelle ont particip\u00e9 quelque 50 millions de visiteurs.<\/span><\/p>\n<p><span style=\"font-weight: 400;\">La gare d&rsquo;Orsay, le Petit Palais et le Grand Palais ont \u00e9galement \u00e9t\u00e9 construits \u00e0 la m\u00eame \u00e9poque.<\/span><\/p>\n<p><span style=\"font-weight: 400;\">Pour marquer l&rsquo;alliance franco-russe, une structure similaire a \u00e9t\u00e9 construite en Russie : le pont de la Trinit\u00e9 \u00e0 Saint-P\u00e9tersbourg<\/span><\/p>\n<p><strong>Puzzle du Pont Alexandre III de 1000 pi\u00e8ces pour la d\u00e9tente en famille<\/strong><\/p>\n<p><span style=\"font-weight: 400;\">Tu veux bannir la monotonie des jours o\u00f9 le mauvais temps te retient \u00e0 l&rsquo;int\u00e9rieur ? Ou tu veux passer plus de temps avec tes enfants adolescents ? Le puzzle du Pont Alexandre III de 1000 pi\u00e8ces est l&rsquo;occasion id\u00e9ale de se connecter avec tes proches.<\/span><\/p>\n<p><span style=\"font-weight: 400;\">Trouve toutes les pi\u00e8ces qui constituent les bords de la planche de puzzle 1000, divise les pi\u00e8ces par couleur, travaille en \u00e9quipe et l&rsquo;image est pr\u00eate en un rien de temps. C\u00e9l\u00e8bre ton succ\u00e8s en encadrant le travail termin\u00e9. Pr\u00e9serve le souvenir de moments inoubliables dans un puzzle exceptionnel de 1000 pi\u00e8ces.<\/span><\/p>\n<p><span style=\"font-weight: 400;\">D\u00e9couvre tous les puzzles de la gamme de puzzles Paysages du jour pour adultes et donne de la valeur \u00e0 ton temps libre avec tes proches.<\/span><\/p><\/p>\n","protected":false},"excerpt":{"rendered":"<p>Tu cherches une activit\u00e9 relaxante pour t&rsquo;\u00e9loigner des \u00e9crans ? Assemble les puzzles de la collection de 1000 pi\u00e8ces de<\/p>\n","protected":false},"featured_media":50360,"template":"","meta":[],"product_brand":[],"product_cat":[2314,2316,2315],"product_tag":[],"class_list":{"0":"post-52457","1":"product","2":"type-product","3":"status-publish","4":"has-post-thumbnail","6":"product_cat-puzzles-fr","7":"product_cat-puzzles-de-1000-pieces","8":"product_cat-puzzles-pour-adultes","9":"pa_brand-d_toys-fr","10":"pa_country_of_manufacture-ro-fr","11":"pa_filter_age-14-fr","12":"pa_painter-landscapes-fr","13":"pa_tip_ambalaj-boite","14":"pa_tip_puzzle-classique","16":"first","17":"instock","18":"taxable","19":"shipping-taxable","20":"product-type-simple"},"yoast_head":"<!-- This site is optimized with the Yoast SEO plugin v20.1 - https:\/\/yoast.com\/wordpress\/plugins\/seo\/ -->\n<title>Puzzle adulte de 1000 pi\u00e8ces Paysages de jour - Pont Alexandre III, Paris<\/title>\n<meta name=\"description\" content=\"Puzzle adulte de 1000 pi\u00e8ces Paysages de jour - Pont Alexandre III, Paris\" \/>\n<meta name=\"robots\" content=\"index, follow, max-snippet:-1, max-image-preview:large, max-video-preview:-1\" \/>\n<link rel=\"canonical\" href=\"https:\/\/business.roovi.com\/fr\/puzzle-adulte-de-1000-pieces-paysages-de-jour-pont-alexandre-iii-paris\/p\/\" \/>\n<meta property=\"og:locale\" content=\"fr_FR\" \/>\n<meta property=\"og:type\" content=\"article\" \/>\n<meta property=\"og:title\" content=\"Puzzle adulte de 1000 pi\u00e8ces Paysages de jour - Pont Alexandre III, Paris\" \/>\n<meta property=\"og:description\" content=\"Puzzle adulte de 1000 pi\u00e8ces Paysages de jour - Pont Alexandre III, Paris\" \/>\n<meta property=\"og:url\" content=\"https:\/\/business.roovi.com\/fr\/puzzle-adulte-de-1000-pieces-paysages-de-jour-pont-alexandre-iii-paris\/p\/\" \/>\n<meta property=\"og:site_name\" content=\"Roovi B2B\" \/>\n<meta property=\"article:publisher\" content=\"https:\/\/www.facebook.com\/wwwjucariero\" \/>\n<meta property=\"article:modified_time\" content=\"2022-07-13T10:16:59+00:00\" \/>\n<meta property=\"og:image\" content=\"https:\/\/business.roovi.com\/wp-content\/uploads\/2018\/09\/62154-18_ansamblu_dimensiuni_cutie_cm_orizontal.png\" \/>\n\t<meta property=\"og:image:width\" content=\"1200\" \/>\n\t<meta property=\"og:image:height\" content=\"1200\" \/>\n\t<meta property=\"og:image:type\" content=\"image\/png\" \/>\n<meta name=\"twitter:label1\" content=\"Dur\u00e9e de lecture estim\u00e9e\" \/>\n\t<meta name=\"twitter:data1\" content=\"3 minutes\" \/>\n<script type=\"application\/ld+json\" class=\"yoast-schema-graph\">{\"@context\":\"https:\/\/schema.org\",\"@graph\":[{\"@type\":\"WebPage\",\"@id\":\"https:\/\/business.roovi.com\/fr\/puzzle-adulte-de-1000-pieces-paysages-de-jour-pont-alexandre-iii-paris\/p\/\",\"url\":\"https:\/\/business.roovi.com\/fr\/puzzle-adulte-de-1000-pieces-paysages-de-jour-pont-alexandre-iii-paris\/p\/\",\"name\":\"Puzzle adulte de 1000 pi\u00e8ces Paysages de jour - Pont Alexandre III, Paris\",\"isPartOf\":{\"@id\":\"https:\/\/business.roovi.com\/fr\/#website\"},\"datePublished\":\"2018-09-05T15:23:36+00:00\",\"dateModified\":\"2022-07-13T10:16:59+00:00\",\"description\":\"Puzzle adulte de 1000 pi\u00e8ces Paysages de jour - Pont Alexandre III, Paris\",\"breadcrumb\":{\"@id\":\"https:\/\/business.roovi.com\/fr\/puzzle-adulte-de-1000-pieces-paysages-de-jour-pont-alexandre-iii-paris\/p\/#breadcrumb\"},\"inLanguage\":\"fr-FR\",\"potentialAction\":[{\"@type\":\"ReadAction\",\"target\":[\"https:\/\/business.roovi.com\/fr\/puzzle-adulte-de-1000-pieces-paysages-de-jour-pont-alexandre-iii-paris\/p\/\"]}]},{\"@type\":\"BreadcrumbList\",\"@id\":\"https:\/\/business.roovi.com\/fr\/puzzle-adulte-de-1000-pieces-paysages-de-jour-pont-alexandre-iii-paris\/p\/#breadcrumb\",\"itemListElement\":[{\"@type\":\"ListItem\",\"position\":1,\"name\":\"Home\",\"item\":\"https:\/\/business.roovi.com\/fr\/\"},{\"@type\":\"ListItem\",\"position\":2,\"name\":\"Boutique\",\"item\":\"https:\/\/business.roovi.com\/fr\/boutique\/\"},{\"@type\":\"ListItem\",\"position\":3,\"name\":\"Puzzle adulte de 1000 pi\u00e8ces Paysages de jour &#8211; Pont Alexandre III, Paris\"}]},{\"@type\":\"WebSite\",\"@id\":\"https:\/\/business.roovi.com\/fr\/#website\",\"url\":\"https:\/\/business.roovi.com\/fr\/\",\"name\":\"Roovi B2B\",\"description\":\"Roovi Business Website\",\"potentialAction\":[{\"@type\":\"SearchAction\",\"target\":{\"@type\":\"EntryPoint\",\"urlTemplate\":\"https:\/\/business.roovi.com\/fr\/?s={search_term_string}\"},\"query-input\":\"required name=search_term_string\"}],\"inLanguage\":\"fr-FR\"}]}<\/script>\n<!-- \/ Yoast SEO plugin. -->","yoast_head_json":{"title":"Puzzle adulte de 1000 pi\u00e8ces Paysages de jour - Pont Alexandre III, Paris","description":"Puzzle adulte de 1000 pi\u00e8ces Paysages de jour - Pont Alexandre III, Paris","robots":{"index":"index","follow":"follow","max-snippet":"max-snippet:-1","max-image-preview":"max-image-preview:large","max-video-preview":"max-video-preview:-1"},"canonical":"https:\/\/business.roovi.com\/fr\/puzzle-adulte-de-1000-pieces-paysages-de-jour-pont-alexandre-iii-paris\/p\/","og_locale":"fr_FR","og_type":"article","og_title":"Puzzle adulte de 1000 pi\u00e8ces Paysages de jour - Pont Alexandre III, Paris","og_description":"Puzzle adulte de 1000 pi\u00e8ces Paysages de jour - Pont Alexandre III, Paris","og_url":"https:\/\/business.roovi.com\/fr\/puzzle-adulte-de-1000-pieces-paysages-de-jour-pont-alexandre-iii-paris\/p\/","og_site_name":"Roovi B2B","article_publisher":"https:\/\/www.facebook.com\/wwwjucariero","article_modified_time":"2022-07-13T10:16:59+00:00","og_image":[{"width":1200,"height":1200,"url":"https:\/\/business.roovi.com\/wp-content\/uploads\/2018\/09\/62154-18_ansamblu_dimensiuni_cutie_cm_orizontal.png","type":"image\/png"}],"twitter_misc":{"Dur\u00e9e de lecture estim\u00e9e":"3 minutes"},"schema":{"@context":"https:\/\/schema.org","@graph":[{"@type":"WebPage","@id":"https:\/\/business.roovi.com\/fr\/puzzle-adulte-de-1000-pieces-paysages-de-jour-pont-alexandre-iii-paris\/p\/","url":"https:\/\/business.roovi.com\/fr\/puzzle-adulte-de-1000-pieces-paysages-de-jour-pont-alexandre-iii-paris\/p\/","name":"Puzzle adulte de 1000 pi\u00e8ces Paysages de jour - Pont Alexandre III, Paris","isPartOf":{"@id":"https:\/\/business.roovi.com\/fr\/#website"},"datePublished":"2018-09-05T15:23:36+00:00","dateModified":"2022-07-13T10:16:59+00:00","description":"Puzzle adulte de 1000 pi\u00e8ces Paysages de jour - Pont Alexandre III, Paris","breadcrumb":{"@id":"https:\/\/business.roovi.com\/fr\/puzzle-adulte-de-1000-pieces-paysages-de-jour-pont-alexandre-iii-paris\/p\/#breadcrumb"},"inLanguage":"fr-FR","potentialAction":[{"@type":"ReadAction","target":["https:\/\/business.roovi.com\/fr\/puzzle-adulte-de-1000-pieces-paysages-de-jour-pont-alexandre-iii-paris\/p\/"]}]},{"@type":"BreadcrumbList","@id":"https:\/\/business.roovi.com\/fr\/puzzle-adulte-de-1000-pieces-paysages-de-jour-pont-alexandre-iii-paris\/p\/#breadcrumb","itemListElement":[{"@type":"ListItem","position":1,"name":"Home","item":"https:\/\/business.roovi.com\/fr\/"},{"@type":"ListItem","position":2,"name":"Boutique","item":"https:\/\/business.roovi.com\/fr\/boutique\/"},{"@type":"ListItem","position":3,"name":"Puzzle adulte de 1000 pi\u00e8ces Paysages de jour &#8211; Pont Alexandre III, Paris"}]},{"@type":"WebSite","@id":"https:\/\/business.roovi.com\/fr\/#website","url":"https:\/\/business.roovi.com\/fr\/","name":"Roovi B2B","description":"Roovi Business Website","potentialAction":[{"@type":"SearchAction","target":{"@type":"EntryPoint","urlTemplate":"https:\/\/business.roovi.com\/fr\/?s={search_term_string}"},"query-input":"required name=search_term_string"}],"inLanguage":"fr-FR"}]}},"_links":{"self":[{"href":"https:\/\/business.roovi.com\/fr\/wp-json\/wp\/v2\/product\/52457","targetHints":{"allow":["GET"]}}],"collection":[{"href":"https:\/\/business.roovi.com\/fr\/wp-json\/wp\/v2\/product"}],"about":[{"href":"https:\/\/business.roovi.com\/fr\/wp-json\/wp\/v2\/types\/product"}],"version-history":[{"count":0,"href":"https:\/\/business.roovi.com\/fr\/wp-json\/wp\/v2\/product\/52457\/revisions"}],"wp:featuredmedia":[{"embeddable":true,"href":"https:\/\/business.roovi.com\/fr\/wp-json\/wp\/v2\/media\/50360"}],"wp:attachment":[{"href":"https:\/\/business.roovi.com\/fr\/wp-json\/wp\/v2\/media?parent=52457"}],"wp:term":[{"taxonomy":"product_brand","embeddable":true,"href":"https:\/\/business.roovi.com\/fr\/wp-json\/wp\/v2\/product_brand?post=52457"},{"taxonomy":"product_cat","embeddable":true,"href":"https:\/\/business.roovi.com\/fr\/wp-json\/wp\/v2\/product_cat?post=52457"},{"taxonomy":"product_tag","embeddable":true,"href":"https:\/\/business.roovi.com\/fr\/wp-json\/wp\/v2\/product_tag?post=52457"}],"curies":[{"name":"wp","href":"https:\/\/api.w.org\/{rel}","templated":true}]}}