{"id":52459,"date":"2018-09-05T15:17:45","date_gmt":"2018-09-05T15:17:45","guid":{"rendered":"https:\/\/business.roovi.com\/puzzle-adulti-1000-piese-peisaje-de-zi-rothenburg-germania\/p\/"},"modified":"2022-07-13T10:17:01","modified_gmt":"2022-07-13T10:17:01","slug":"puzzle-adulte-de-1000-pieces-paysages-de-jour-rothenburg-allemagne","status":"publish","type":"product","link":"https:\/\/business.roovi.com\/fr\/puzzle-adulte-de-1000-pieces-paysages-de-jour-rothenburg-allemagne\/p\/","title":{"rendered":"Puzzle adulte de 1000 pi\u00e8ces Paysages de jour &#8211; Rothenburg, Allemagne"},"content":{"rendered":"<p><strong><em>D\u00e9couvre les destinations f\u00e9eriques de l&rsquo;Europe \u00e0 travers une collection unique : puzzle adulte de 1000 pi\u00e8ces Paysages de jour <\/em><\/strong><\/p>\n<p><span style=\"font-weight: 400;\">Puzzle 1000 Rothenburg te met au d\u00e9fi de recr\u00e9er une image pittoresque de la r\u00e9gion <\/span><span style=\"font-weight: 400;\">Pl\u00f6nlein<\/span><span style=\"font-weight: 400;\">l&rsquo;un des emplacements les plus populaires du vieux centre ville<\/span><span style=\"font-weight: 400;\">,<\/span><span style=\"font-weight: 400;\"> avec en toile de fond deux des tours embl\u00e9matiques de la ville, construites au 13e si\u00e8cle.<\/span><\/p>\n<p><span style=\"font-weight: 400;\">Lorsque tu veux sortir de ta routine quotidienne et d\u00e9connecter du quotidien, ce jeu de puzzle magnifiquement con\u00e7u est une v\u00e9ritable th\u00e9rapie par les couleurs. Et le tableau qui en r\u00e9sulte apporte de l&rsquo;optimisme et de la personnalit\u00e9 \u00e0 tout endroit terne o\u00f9 tu d\u00e9cides de l&rsquo;exposer.<\/span><\/p>\n<p><span style=\"font-weight: 400;\">Rothenburg ob der Tauber <\/span><span style=\"font-weight: 400;\">est l&rsquo;une des villes m\u00e9di\u00e9vales les mieux pr\u00e9serv\u00e9es de tous les temps et <\/span><span style=\"font-weight: 400;\">fait partie de ce que l&rsquo;on appelle <\/span><em><span style=\"font-weight: 400;\">Romantische Stra\u00dfe &#8211; La route romantique<\/span><\/em><span style=\"font-weight: 400;\"> le long duquel tu peux visiter un certain nombre de sites datant de l&rsquo;\u00e9poque m\u00e9di\u00e9vale <\/span><\/p>\n<p><span style=\"font-weight: 400;\">Le cadre pittoresque sur les rives escarp\u00e9es de la Tauber, les murs et les tours qui ressemblent \u00e0 ce qu&rsquo;ils \u00e9taient au XVIe si\u00e8cle, les rues pav\u00e9es et les maisons color\u00e9es en font un joyau touristique, o\u00f9 les touristes du monde entier viennent s\u00e9journer.<\/span><\/p>\n<p><span style=\"font-weight: 400;\">Fais une pause dans l&rsquo;agitation de la vie quotidienne, assemble des puzzles pour adultes de 1000 pi\u00e8ces <\/span><span style=\"font-weight: 400;\">Rothenburg de la collection de puzzles Paysages de jour et laisse-toi porter dans les rues d&rsquo;une ville de conte de f\u00e9es.<\/span><\/p>\n<p><strong>Pourquoi choisir le puzzle 1000 pi\u00e8ces <\/strong><strong>Rothenburg, Allemagne ?<\/strong><\/p>\n<p><span style=\"font-weight: 400;\">C&rsquo;est une fa\u00e7on relaxante de d\u00e9couvrir d&rsquo;une nouvelle mani\u00e8re un lieu c\u00e9l\u00e8bre avec une longue histoire et un symbolisme particulier.<\/span><\/p>\n<p><span style=\"font-weight: 400;\">Tu d\u00e9veloppes diverses comp\u00e9tences telles que la coordination, la dext\u00e9rit\u00e9 et la mobilit\u00e9 fine.<\/span><\/p>\n<p><span style=\"font-weight: 400;\">Tu peux en profiter pour passer du temps avec ta famille ou te rapprocher de tes amis.<\/span><\/p>\n<p><span style=\"font-weight: 400;\">Un jeu de r\u00e9flexion est toujours l&rsquo;occasion de se d\u00e9connecter des \u00e9crans de ton appareil mobile.<\/span><\/p>\n<p><span style=\"font-weight: 400;\">Tu cr\u00e9es une planche de 68 x 47 cm qui sera une superbe d\u00e9coration pour ta maison.<\/span><\/p>\n<p><span style=\"font-weight: 400;\">Il est fabriqu\u00e9 en carton bleu de haute qualit\u00e9, les pi\u00e8ces s&#8217;embo\u00eetent parfaitement et tu obtiens une image parfaite \u00e0 chaque assemblage.<\/span><\/p>\n<p><span style=\"font-weight: 400;\">Les mat\u00e9riaux du puzzle de 1000 pi\u00e8ces sont recyclables et durables.<\/span><\/p>\n<p><span style=\"font-weight: 400;\">Il a une finition semi-brillante et des couleurs agr\u00e9ables qui font ressortir la beaut\u00e9 de l&rsquo;image.<\/span><\/p>\n<p><span style=\"font-weight: 400;\">Convient aux plus de 14 ans &#8211; une occasion de faire entrer les adolescents dans le jeu du puzzle aussi.<\/span><\/p>\n<p><strong>Tu savais que&#8230; ?<\/strong><\/p>\n<p><span style=\"font-weight: 400;\">L&rsquo;une des attractions de la ville est l&rsquo;\u00e9glise de St James. Construite en 1485, elle est consid\u00e9r\u00e9e comme l&rsquo;un des plus beaux lieux de p\u00e8lerinage d&rsquo;Allemagne. Il abrite le \u00ab\u00a0Sanctuaire de la <\/span><span style=\"font-weight: 400;\">Du Saint-S Sang Saint<\/span><span style=\"font-weight: 400;\">\u00a0\u00bb <\/span><span style=\"font-weight: 400;\"> repr\u00e9sentant la C\u00e8ne. C&rsquo;\u00e9tait <\/span><span style=\"font-weight: 400;\">con\u00e7u en <\/span><span style=\"font-weight: 400;\">1505 pour tenir un r\u00e9cipient contenant une goutte du sang de J\u00e9sus.<\/span><\/p>\n<p><span style=\"font-weight: 400;\">On peut aussi y visiter le Mus\u00e9e de No\u00ebl, o\u00f9 tu pourras admirer des expositions d\u00e9crivant le d\u00e9veloppement de cette f\u00eate en Allemagne. A c\u00f4t\u00e9, il y a le magasin de No\u00ebl, devant lequel est gar\u00e9 <\/span><span style=\"font-weight: 400;\">\u00ab\u00a0<\/span><span style=\"font-weight: 400;\">voiture<\/span><span style=\"font-weight: 400;\">\u00ab\u00a0<\/span><span style=\"font-weight: 400;\"> Santa<\/span><span style=\"font-weight: 400;\">i<\/span><span style=\"font-weight: 400;\">avec lequel, tr\u00e8s probablement, le gentil vieillard fait ses provisions :).<\/span><\/p>\n<p><strong>Puzzle 1000 pi\u00e8ces <\/strong><strong>Rothenburg relie les gens<\/strong><\/p>\n<p><span style=\"font-weight: 400;\">Si tu veux passer plus de temps avec tes enfants et les garder hors du monde virtuel, le puzzle de 1000 pi\u00e8ces<\/span> <span style=\"font-weight: 400;\">Rothenburg est l&rsquo;occasion id\u00e9ale. Ce merveilleux jeu de puzzle rassemble la famille et t&rsquo;aide \u00e0 mieux communiquer avec tes proches <\/span><\/p>\n<p><span style=\"font-weight: 400;\">Lorsque vous vous asseyez tous et essayez de mettre les pi\u00e8ces dans le bon ordre, vous pratiquez le travail d&rsquo;\u00e9quipe et la coop\u00e9ration. Il est beaucoup plus facile d&rsquo;ouvrir son c\u0153ur et d&rsquo;apprendre \u00e0 mieux se conna\u00eetre. Profite donc du jeu du puzzle et renforce tes relations avec les membres de ta famille.<\/span><\/p>\n<p><span style=\"font-weight: 400;\">D\u00e9couvre tous les puzzles de la gamme de puzzles pour adultes Paysages du jour et construis ta propre collection originale d&rsquo;images \u00e0 partir de milliers de pi\u00e8ces de puzzle <\/span><\/p><\/p>\n","protected":false},"excerpt":{"rendered":"<p>D\u00e9couvre les destinations f\u00e9eriques de l&rsquo;Europe \u00e0 travers une collection unique : puzzle adulte de 1000 pi\u00e8ces Paysages de jour<\/p>\n","protected":false},"featured_media":50346,"template":"","meta":[],"product_brand":[],"product_cat":[2314,2316,2315],"product_tag":[],"class_list":{"0":"post-52459","1":"product","2":"type-product","3":"status-publish","4":"has-post-thumbnail","6":"product_cat-puzzles-fr","7":"product_cat-puzzles-de-1000-pieces","8":"product_cat-puzzles-pour-adultes","9":"pa_brand-d_toys-fr","10":"pa_country_of_manufacture-ro-fr","11":"pa_filter_age-14-fr","12":"pa_painter-landscapes-fr","13":"pa_tip_ambalaj-boite","14":"pa_tip_puzzle-classique","16":"first","17":"instock","18":"taxable","19":"shipping-taxable","20":"product-type-simple"},"yoast_head":"<!-- This site is optimized with the Yoast SEO plugin v20.1 - https:\/\/yoast.com\/wordpress\/plugins\/seo\/ -->\n<title>Puzzle adulte de 1000 pi\u00e8ces Paysages de jour - Rothenburg, Allemagne<\/title>\n<meta name=\"description\" content=\"Puzzle adulte de 1000 pi\u00e8ces Paysages de jour - Rothenburg, Allemagne\" \/>\n<meta name=\"robots\" content=\"index, follow, max-snippet:-1, max-image-preview:large, max-video-preview:-1\" \/>\n<link rel=\"canonical\" href=\"https:\/\/business.roovi.com\/fr\/puzzle-adulte-de-1000-pieces-paysages-de-jour-rothenburg-allemagne\/p\/\" \/>\n<meta property=\"og:locale\" content=\"fr_FR\" \/>\n<meta property=\"og:type\" content=\"article\" \/>\n<meta property=\"og:title\" content=\"Puzzle adulte de 1000 pi\u00e8ces Paysages de jour - Rothenburg, Allemagne\" \/>\n<meta property=\"og:description\" content=\"Puzzle adulte de 1000 pi\u00e8ces Paysages de jour - Rothenburg, Allemagne\" \/>\n<meta property=\"og:url\" content=\"https:\/\/business.roovi.com\/fr\/puzzle-adulte-de-1000-pieces-paysages-de-jour-rothenburg-allemagne\/p\/\" \/>\n<meta property=\"og:site_name\" content=\"Roovi B2B\" \/>\n<meta property=\"article:publisher\" content=\"https:\/\/www.facebook.com\/wwwjucariero\" \/>\n<meta property=\"article:modified_time\" content=\"2022-07-13T10:17:01+00:00\" \/>\n<meta property=\"og:image\" content=\"https:\/\/business.roovi.com\/wp-content\/uploads\/2018\/09\/62154-17_ansamblu_dimensiuni_cutie_cm_orizontal.png\" \/>\n\t<meta property=\"og:image:width\" content=\"1200\" \/>\n\t<meta property=\"og:image:height\" content=\"1200\" \/>\n\t<meta property=\"og:image:type\" content=\"image\/png\" \/>\n<meta name=\"twitter:label1\" content=\"Dur\u00e9e de lecture estim\u00e9e\" \/>\n\t<meta name=\"twitter:data1\" content=\"3 minutes\" \/>\n<script type=\"application\/ld+json\" class=\"yoast-schema-graph\">{\"@context\":\"https:\/\/schema.org\",\"@graph\":[{\"@type\":\"WebPage\",\"@id\":\"https:\/\/business.roovi.com\/fr\/puzzle-adulte-de-1000-pieces-paysages-de-jour-rothenburg-allemagne\/p\/\",\"url\":\"https:\/\/business.roovi.com\/fr\/puzzle-adulte-de-1000-pieces-paysages-de-jour-rothenburg-allemagne\/p\/\",\"name\":\"Puzzle adulte de 1000 pi\u00e8ces Paysages de jour - Rothenburg, Allemagne\",\"isPartOf\":{\"@id\":\"https:\/\/business.roovi.com\/fr\/#website\"},\"datePublished\":\"2018-09-05T15:17:45+00:00\",\"dateModified\":\"2022-07-13T10:17:01+00:00\",\"description\":\"Puzzle adulte de 1000 pi\u00e8ces Paysages de jour - Rothenburg, Allemagne\",\"breadcrumb\":{\"@id\":\"https:\/\/business.roovi.com\/fr\/puzzle-adulte-de-1000-pieces-paysages-de-jour-rothenburg-allemagne\/p\/#breadcrumb\"},\"inLanguage\":\"fr-FR\",\"potentialAction\":[{\"@type\":\"ReadAction\",\"target\":[\"https:\/\/business.roovi.com\/fr\/puzzle-adulte-de-1000-pieces-paysages-de-jour-rothenburg-allemagne\/p\/\"]}]},{\"@type\":\"BreadcrumbList\",\"@id\":\"https:\/\/business.roovi.com\/fr\/puzzle-adulte-de-1000-pieces-paysages-de-jour-rothenburg-allemagne\/p\/#breadcrumb\",\"itemListElement\":[{\"@type\":\"ListItem\",\"position\":1,\"name\":\"Home\",\"item\":\"https:\/\/business.roovi.com\/fr\/\"},{\"@type\":\"ListItem\",\"position\":2,\"name\":\"Boutique\",\"item\":\"https:\/\/business.roovi.com\/fr\/boutique\/\"},{\"@type\":\"ListItem\",\"position\":3,\"name\":\"Puzzle adulte de 1000 pi\u00e8ces Paysages de jour &#8211; Rothenburg, Allemagne\"}]},{\"@type\":\"WebSite\",\"@id\":\"https:\/\/business.roovi.com\/fr\/#website\",\"url\":\"https:\/\/business.roovi.com\/fr\/\",\"name\":\"Roovi B2B\",\"description\":\"Roovi Business Website\",\"potentialAction\":[{\"@type\":\"SearchAction\",\"target\":{\"@type\":\"EntryPoint\",\"urlTemplate\":\"https:\/\/business.roovi.com\/fr\/?s={search_term_string}\"},\"query-input\":\"required name=search_term_string\"}],\"inLanguage\":\"fr-FR\"}]}<\/script>\n<!-- \/ Yoast SEO plugin. -->","yoast_head_json":{"title":"Puzzle adulte de 1000 pi\u00e8ces Paysages de jour - Rothenburg, Allemagne","description":"Puzzle adulte de 1000 pi\u00e8ces Paysages de jour - Rothenburg, Allemagne","robots":{"index":"index","follow":"follow","max-snippet":"max-snippet:-1","max-image-preview":"max-image-preview:large","max-video-preview":"max-video-preview:-1"},"canonical":"https:\/\/business.roovi.com\/fr\/puzzle-adulte-de-1000-pieces-paysages-de-jour-rothenburg-allemagne\/p\/","og_locale":"fr_FR","og_type":"article","og_title":"Puzzle adulte de 1000 pi\u00e8ces Paysages de jour - Rothenburg, Allemagne","og_description":"Puzzle adulte de 1000 pi\u00e8ces Paysages de jour - Rothenburg, Allemagne","og_url":"https:\/\/business.roovi.com\/fr\/puzzle-adulte-de-1000-pieces-paysages-de-jour-rothenburg-allemagne\/p\/","og_site_name":"Roovi B2B","article_publisher":"https:\/\/www.facebook.com\/wwwjucariero","article_modified_time":"2022-07-13T10:17:01+00:00","og_image":[{"width":1200,"height":1200,"url":"https:\/\/business.roovi.com\/wp-content\/uploads\/2018\/09\/62154-17_ansamblu_dimensiuni_cutie_cm_orizontal.png","type":"image\/png"}],"twitter_misc":{"Dur\u00e9e de lecture estim\u00e9e":"3 minutes"},"schema":{"@context":"https:\/\/schema.org","@graph":[{"@type":"WebPage","@id":"https:\/\/business.roovi.com\/fr\/puzzle-adulte-de-1000-pieces-paysages-de-jour-rothenburg-allemagne\/p\/","url":"https:\/\/business.roovi.com\/fr\/puzzle-adulte-de-1000-pieces-paysages-de-jour-rothenburg-allemagne\/p\/","name":"Puzzle adulte de 1000 pi\u00e8ces Paysages de jour - Rothenburg, Allemagne","isPartOf":{"@id":"https:\/\/business.roovi.com\/fr\/#website"},"datePublished":"2018-09-05T15:17:45+00:00","dateModified":"2022-07-13T10:17:01+00:00","description":"Puzzle adulte de 1000 pi\u00e8ces Paysages de jour - Rothenburg, Allemagne","breadcrumb":{"@id":"https:\/\/business.roovi.com\/fr\/puzzle-adulte-de-1000-pieces-paysages-de-jour-rothenburg-allemagne\/p\/#breadcrumb"},"inLanguage":"fr-FR","potentialAction":[{"@type":"ReadAction","target":["https:\/\/business.roovi.com\/fr\/puzzle-adulte-de-1000-pieces-paysages-de-jour-rothenburg-allemagne\/p\/"]}]},{"@type":"BreadcrumbList","@id":"https:\/\/business.roovi.com\/fr\/puzzle-adulte-de-1000-pieces-paysages-de-jour-rothenburg-allemagne\/p\/#breadcrumb","itemListElement":[{"@type":"ListItem","position":1,"name":"Home","item":"https:\/\/business.roovi.com\/fr\/"},{"@type":"ListItem","position":2,"name":"Boutique","item":"https:\/\/business.roovi.com\/fr\/boutique\/"},{"@type":"ListItem","position":3,"name":"Puzzle adulte de 1000 pi\u00e8ces Paysages de jour &#8211; Rothenburg, Allemagne"}]},{"@type":"WebSite","@id":"https:\/\/business.roovi.com\/fr\/#website","url":"https:\/\/business.roovi.com\/fr\/","name":"Roovi B2B","description":"Roovi Business Website","potentialAction":[{"@type":"SearchAction","target":{"@type":"EntryPoint","urlTemplate":"https:\/\/business.roovi.com\/fr\/?s={search_term_string}"},"query-input":"required name=search_term_string"}],"inLanguage":"fr-FR"}]}},"_links":{"self":[{"href":"https:\/\/business.roovi.com\/fr\/wp-json\/wp\/v2\/product\/52459","targetHints":{"allow":["GET"]}}],"collection":[{"href":"https:\/\/business.roovi.com\/fr\/wp-json\/wp\/v2\/product"}],"about":[{"href":"https:\/\/business.roovi.com\/fr\/wp-json\/wp\/v2\/types\/product"}],"version-history":[{"count":0,"href":"https:\/\/business.roovi.com\/fr\/wp-json\/wp\/v2\/product\/52459\/revisions"}],"wp:featuredmedia":[{"embeddable":true,"href":"https:\/\/business.roovi.com\/fr\/wp-json\/wp\/v2\/media\/50346"}],"wp:attachment":[{"href":"https:\/\/business.roovi.com\/fr\/wp-json\/wp\/v2\/media?parent=52459"}],"wp:term":[{"taxonomy":"product_brand","embeddable":true,"href":"https:\/\/business.roovi.com\/fr\/wp-json\/wp\/v2\/product_brand?post=52459"},{"taxonomy":"product_cat","embeddable":true,"href":"https:\/\/business.roovi.com\/fr\/wp-json\/wp\/v2\/product_cat?post=52459"},{"taxonomy":"product_tag","embeddable":true,"href":"https:\/\/business.roovi.com\/fr\/wp-json\/wp\/v2\/product_tag?post=52459"}],"curies":[{"name":"wp","href":"https:\/\/api.w.org\/{rel}","templated":true}]}}