{"id":52466,"date":"2018-09-05T11:45:27","date_gmt":"2018-09-05T11:45:27","guid":{"rendered":"https:\/\/business.roovi.com\/puzzle-adulti-1000-piese-vintage-collage-flowers-flori\/p\/"},"modified":"2022-07-13T10:17:04","modified_gmt":"2022-07-13T10:17:04","slug":"adulte-1000-pieces-casse-tete-collage-vintage-fleurs","status":"publish","type":"product","link":"https:\/\/business.roovi.com\/fr\/adulte-1000-pieces-casse-tete-collage-vintage-fleurs\/p\/","title":{"rendered":"Adulte 1000 pi\u00e8ces Casse-t\u00eate Collage Vintage &#8211; Fleurs"},"content":{"rendered":"<p><span style=\"font-weight: 400;\">Tu cherches un moyen de te d\u00e9connecter du quotidien ? D\u00e9couvre la collection de puzzles Vintage Collage, s\u00e9lectionne des jeux de puzzle avec de superbes illustrations d&rsquo;art vintage et donne de la valeur \u00e0 ton temps libre.<\/span><\/p>\n<p><span style=\"font-weight: 400;\">Si tu aimes les d\u00e9tails color\u00e9s dans les puzzles et que tu aimes chercher comme un vrai d\u00e9tective parmi des centaines de pi\u00e8ces de puzzle de teintes similaires pour les mettre au bon endroit, alors le puzzle de 1000 pi\u00e8ces de fleurs est exactement ce que tu cherches.<\/span><\/p>\n<p><span style=\"font-weight: 400;\">Retrouve une collection de mini-illustrations vintage de dizaines de fleurs et de leurs noms dans un puzzle pour adultes magnifiquement con\u00e7u avec des pi\u00e8ces de qualit\u00e9 irr\u00e9prochable qui s&#8217;embo\u00eetent parfaitement pour former une image vintage de collection.<\/span><\/p>\n<p><span style=\"font-weight: 400;\">Assieds-toi confortablement devant la table basse de ton salon, place les pi\u00e8ces du puzzle et laisse la vivacit\u00e9 des couleurs et l&rsquo;harmonie t&rsquo;envelopper. Le tableau final ravira tes yeux et donnera un aspect frais et lumineux \u00e0 tout endroit terne o\u00f9 tu l&rsquo;exposes.<\/span><\/p>\n<p><span style=\"font-weight: 400;\">Caract\u00e9ristiques Collage vintage Puzzle de 1000 pi\u00e8ces &#8211; Fleurs :<\/span><\/p>\n<p><strong>Taille de l&rsquo;image reconstitu\u00e9e : 50 x 70 cm.<\/strong><\/p>\n<p><strong>Mat\u00e9riau du puzzle <\/strong><\/p>\n<p><strong>carton bleu de haute qualit\u00e9<\/strong><\/p>\n<p><strong>des mat\u00e9riaux durables et recyclables<\/strong><\/p>\n<p><strong>finition semi-brillante, couleurs vives<\/strong><\/p>\n<p><strong>Nombre de pi\u00e8ces de puzzle : 1000<\/strong><\/p>\n<p><strong>\u00c2ge recommand\u00e9 : 14+<\/strong><\/p>\n<p><strong>Pourquoi le puzzle 1000 pi\u00e8ces Vintage Collage &#8211; Flowers \/ Flori est si sp\u00e9cial ?<\/strong><\/p>\n<p><span style=\"font-weight: 400;\">C&rsquo;est l&rsquo;occasion de s&rsquo;\u00e9loigner des probl\u00e8mes quotidiens.<\/span><\/p>\n<p><span style=\"font-weight: 400;\">Bannis la monotonie et l&rsquo;ennui des journ\u00e9es mornes ou des moments o\u00f9 tu n&rsquo;as rien \u00e0 faire.<\/span><\/p>\n<p><span style=\"font-weight: 400;\">Cela t&rsquo;aide \u00e0 rester concentr\u00e9 plus longtemps sur une t\u00e2che sp\u00e9cifique.<\/span><\/p>\n<p><span style=\"font-weight: 400;\">Elle t&rsquo;offre des moments pr\u00e9cieux de proximit\u00e9 avec tes proches, si tu choisis de reconstruire ton image avec eux.<\/span><\/p>\n<p><span style=\"font-weight: 400;\">Tu obtiens un superbe tableau color\u00e9 de style vintage que tu peux utiliser comme objet de d\u00e9coration.<\/span><\/p>\n<p><strong>5 curiosit\u00e9s sur certaines fleurs qui apparaissent dans l&rsquo;illustration du puzzle collage vintage de 1000 pi\u00e8ces<\/strong><\/p>\n<p><span style=\"font-weight: 400;\">Les \u0153illets font partie des fleurs cultiv\u00e9es les plus anciennes du monde.<\/span><\/p>\n<p><span style=\"font-weight: 400;\">Les souverains azt\u00e8ques partaient \u00e0 la guerre avec une fleur de dahlia sur la poitrine.<\/span><\/p>\n<p><span style=\"font-weight: 400;\">Le th\u00e9 \u00e0 l&rsquo;hibiscus contient plus d&rsquo;antioxydants que le th\u00e9 vert.<\/span><\/p>\n<p><span style=\"font-weight: 400;\">Les anciens \u00c9gyptiens utilisaient les graines de pavot comme analg\u00e9sique pour apaiser la douleur des souffrants.<\/span><\/p>\n<p><span style=\"font-weight: 400;\">En 2012, les tournesols ont atteint&#8230; l&rsquo;espace. Quelques graines de la plante ont \u00e9t\u00e9 transport\u00e9es l\u00e0 par un astronaute de la NASA.<\/span><\/p>\n<p><strong>Casse-t\u00eate de collage vintage de 1000 pi\u00e8ces &#8211; Fleurs\/Flori pour joie, en famille<\/strong><\/p>\n<p><span style=\"font-weight: 400;\">Tu entends toujours les enfants dire <\/span><em><span style=\"font-weight: 400;\">je m&rsquo;ennuie <\/span><\/em><span style=\"font-weight: 400;\">s&rsquo;ils ne sont pas connect\u00e9s \u00e0 un appareil mobile ? Mets leur esprit et leurs comp\u00e9tences au d\u00e9fi avec le puzzle de collage vintage de 1000 pi\u00e8ces &#8211; fleurs et romps la monotonie des moments o\u00f9 aucun de vous n&rsquo;a quelque chose \u00e0 faire <\/span><\/p>\n<p><span style=\"font-weight: 400;\">Divise l&rsquo;image de sorte que chaque membre constitue un certain nombre de fleurs. Une fois les illustrations termin\u00e9es, cherche des informations sur les fleurs et d\u00e9couvre leur symbolisme dans diff\u00e9rentes cultures du monde. Transforme ton temps libre en moments significatifs et joyeux. De plus, c&rsquo;est le moment id\u00e9al pour initier les adolescents \u00e0 l&rsquo;art vintage.<\/span><\/p>\n<p><span style=\"font-weight: 400;\">Que tu choisisses cet \u00e9tonnant puzzle vintage pour le reconstituer toi-m\u00eame ou que tu transformes cette activit\u00e9 en un moment social avec tes proches, le puzzle de fleurs de la collection Vintage de 1000 pi\u00e8ces te donne l&rsquo;occasion de construire un tableau de collection vintage.<\/span><\/p>\n<p><span style=\"font-weight: 400;\">De plus, le puzzle vintage de 1000 pi\u00e8ces de coll\u00e8ge &#8211; fleurs\/flower est l&rsquo;option cadeau id\u00e9ale pour les vacances ou les anniversaires.<\/span><\/p><\/p>\n","protected":false},"excerpt":{"rendered":"<p>Tu cherches un moyen de te d\u00e9connecter du quotidien ? D\u00e9couvre la collection de puzzles Vintage Collage, s\u00e9lectionne des jeux<\/p>\n","protected":false},"featured_media":50310,"template":"","meta":[],"product_brand":[],"product_cat":[2314,2316,2315],"product_tag":[],"class_list":{"0":"post-52466","1":"product","2":"type-product","3":"status-publish","4":"has-post-thumbnail","6":"product_cat-puzzles-fr","7":"product_cat-puzzles-de-1000-pieces","8":"product_cat-puzzles-pour-adultes","9":"pa_brand-d_toys-fr","10":"pa_country_of_manufacture-ro-fr","11":"pa_filter_age-14-fr","12":"pa_painter-collage-vintage","13":"pa_tip_ambalaj-boite","14":"pa_tip_puzzle-classique","16":"first","17":"instock","18":"taxable","19":"shipping-taxable","20":"product-type-simple"},"yoast_head":"<!-- This site is optimized with the Yoast SEO plugin v20.1 - https:\/\/yoast.com\/wordpress\/plugins\/seo\/ -->\n<title>Adulte 1000 pi\u00e8ces Casse-t\u00eate Collage Vintage - Fleurs<\/title>\n<meta name=\"description\" content=\"Adulte 1000 pi\u00e8ces Casse-t\u00eate Collage Vintage - Fleurs\" \/>\n<meta name=\"robots\" content=\"index, follow, max-snippet:-1, max-image-preview:large, max-video-preview:-1\" \/>\n<link rel=\"canonical\" href=\"https:\/\/business.roovi.com\/fr\/adulte-1000-pieces-casse-tete-collage-vintage-fleurs\/p\/\" \/>\n<meta property=\"og:locale\" content=\"fr_FR\" \/>\n<meta property=\"og:type\" content=\"article\" \/>\n<meta property=\"og:title\" content=\"Adulte 1000 pi\u00e8ces Casse-t\u00eate Collage Vintage - Fleurs\" \/>\n<meta property=\"og:description\" content=\"Adulte 1000 pi\u00e8ces Casse-t\u00eate Collage Vintage - Fleurs\" \/>\n<meta property=\"og:url\" content=\"https:\/\/business.roovi.com\/fr\/adulte-1000-pieces-casse-tete-collage-vintage-fleurs\/p\/\" \/>\n<meta property=\"og:site_name\" content=\"Roovi B2B\" \/>\n<meta property=\"article:publisher\" content=\"https:\/\/www.facebook.com\/wwwjucariero\" \/>\n<meta property=\"article:modified_time\" content=\"2022-07-13T10:17:04+00:00\" \/>\n<meta property=\"og:image\" content=\"https:\/\/business.roovi.com\/wp-content\/uploads\/2018\/09\/74362-03_ansamblu_dimensiuni_cutie_cm_orizontal_1200x1200.png\" \/>\n\t<meta property=\"og:image:width\" content=\"1200\" \/>\n\t<meta property=\"og:image:height\" content=\"1200\" \/>\n\t<meta property=\"og:image:type\" content=\"image\/png\" \/>\n<meta name=\"twitter:label1\" content=\"Dur\u00e9e de lecture estim\u00e9e\" \/>\n\t<meta name=\"twitter:data1\" content=\"3 minutes\" \/>\n<script type=\"application\/ld+json\" class=\"yoast-schema-graph\">{\"@context\":\"https:\/\/schema.org\",\"@graph\":[{\"@type\":\"WebPage\",\"@id\":\"https:\/\/business.roovi.com\/fr\/adulte-1000-pieces-casse-tete-collage-vintage-fleurs\/p\/\",\"url\":\"https:\/\/business.roovi.com\/fr\/adulte-1000-pieces-casse-tete-collage-vintage-fleurs\/p\/\",\"name\":\"Adulte 1000 pi\u00e8ces Casse-t\u00eate Collage Vintage - Fleurs\",\"isPartOf\":{\"@id\":\"https:\/\/business.roovi.com\/fr\/#website\"},\"datePublished\":\"2018-09-05T11:45:27+00:00\",\"dateModified\":\"2022-07-13T10:17:04+00:00\",\"description\":\"Adulte 1000 pi\u00e8ces Casse-t\u00eate Collage Vintage - Fleurs\",\"breadcrumb\":{\"@id\":\"https:\/\/business.roovi.com\/fr\/adulte-1000-pieces-casse-tete-collage-vintage-fleurs\/p\/#breadcrumb\"},\"inLanguage\":\"fr-FR\",\"potentialAction\":[{\"@type\":\"ReadAction\",\"target\":[\"https:\/\/business.roovi.com\/fr\/adulte-1000-pieces-casse-tete-collage-vintage-fleurs\/p\/\"]}]},{\"@type\":\"BreadcrumbList\",\"@id\":\"https:\/\/business.roovi.com\/fr\/adulte-1000-pieces-casse-tete-collage-vintage-fleurs\/p\/#breadcrumb\",\"itemListElement\":[{\"@type\":\"ListItem\",\"position\":1,\"name\":\"Home\",\"item\":\"https:\/\/business.roovi.com\/fr\/\"},{\"@type\":\"ListItem\",\"position\":2,\"name\":\"Boutique\",\"item\":\"https:\/\/business.roovi.com\/fr\/boutique\/\"},{\"@type\":\"ListItem\",\"position\":3,\"name\":\"Adulte 1000 pi\u00e8ces Casse-t\u00eate Collage Vintage &#8211; Fleurs\"}]},{\"@type\":\"WebSite\",\"@id\":\"https:\/\/business.roovi.com\/fr\/#website\",\"url\":\"https:\/\/business.roovi.com\/fr\/\",\"name\":\"Roovi B2B\",\"description\":\"Roovi Business Website\",\"potentialAction\":[{\"@type\":\"SearchAction\",\"target\":{\"@type\":\"EntryPoint\",\"urlTemplate\":\"https:\/\/business.roovi.com\/fr\/?s={search_term_string}\"},\"query-input\":\"required name=search_term_string\"}],\"inLanguage\":\"fr-FR\"}]}<\/script>\n<!-- \/ Yoast SEO plugin. -->","yoast_head_json":{"title":"Adulte 1000 pi\u00e8ces Casse-t\u00eate Collage Vintage - Fleurs","description":"Adulte 1000 pi\u00e8ces Casse-t\u00eate Collage Vintage - Fleurs","robots":{"index":"index","follow":"follow","max-snippet":"max-snippet:-1","max-image-preview":"max-image-preview:large","max-video-preview":"max-video-preview:-1"},"canonical":"https:\/\/business.roovi.com\/fr\/adulte-1000-pieces-casse-tete-collage-vintage-fleurs\/p\/","og_locale":"fr_FR","og_type":"article","og_title":"Adulte 1000 pi\u00e8ces Casse-t\u00eate Collage Vintage - Fleurs","og_description":"Adulte 1000 pi\u00e8ces Casse-t\u00eate Collage Vintage - Fleurs","og_url":"https:\/\/business.roovi.com\/fr\/adulte-1000-pieces-casse-tete-collage-vintage-fleurs\/p\/","og_site_name":"Roovi B2B","article_publisher":"https:\/\/www.facebook.com\/wwwjucariero","article_modified_time":"2022-07-13T10:17:04+00:00","og_image":[{"width":1200,"height":1200,"url":"https:\/\/business.roovi.com\/wp-content\/uploads\/2018\/09\/74362-03_ansamblu_dimensiuni_cutie_cm_orizontal_1200x1200.png","type":"image\/png"}],"twitter_misc":{"Dur\u00e9e de lecture estim\u00e9e":"3 minutes"},"schema":{"@context":"https:\/\/schema.org","@graph":[{"@type":"WebPage","@id":"https:\/\/business.roovi.com\/fr\/adulte-1000-pieces-casse-tete-collage-vintage-fleurs\/p\/","url":"https:\/\/business.roovi.com\/fr\/adulte-1000-pieces-casse-tete-collage-vintage-fleurs\/p\/","name":"Adulte 1000 pi\u00e8ces Casse-t\u00eate Collage Vintage - Fleurs","isPartOf":{"@id":"https:\/\/business.roovi.com\/fr\/#website"},"datePublished":"2018-09-05T11:45:27+00:00","dateModified":"2022-07-13T10:17:04+00:00","description":"Adulte 1000 pi\u00e8ces Casse-t\u00eate Collage Vintage - Fleurs","breadcrumb":{"@id":"https:\/\/business.roovi.com\/fr\/adulte-1000-pieces-casse-tete-collage-vintage-fleurs\/p\/#breadcrumb"},"inLanguage":"fr-FR","potentialAction":[{"@type":"ReadAction","target":["https:\/\/business.roovi.com\/fr\/adulte-1000-pieces-casse-tete-collage-vintage-fleurs\/p\/"]}]},{"@type":"BreadcrumbList","@id":"https:\/\/business.roovi.com\/fr\/adulte-1000-pieces-casse-tete-collage-vintage-fleurs\/p\/#breadcrumb","itemListElement":[{"@type":"ListItem","position":1,"name":"Home","item":"https:\/\/business.roovi.com\/fr\/"},{"@type":"ListItem","position":2,"name":"Boutique","item":"https:\/\/business.roovi.com\/fr\/boutique\/"},{"@type":"ListItem","position":3,"name":"Adulte 1000 pi\u00e8ces Casse-t\u00eate Collage Vintage &#8211; Fleurs"}]},{"@type":"WebSite","@id":"https:\/\/business.roovi.com\/fr\/#website","url":"https:\/\/business.roovi.com\/fr\/","name":"Roovi B2B","description":"Roovi Business Website","potentialAction":[{"@type":"SearchAction","target":{"@type":"EntryPoint","urlTemplate":"https:\/\/business.roovi.com\/fr\/?s={search_term_string}"},"query-input":"required name=search_term_string"}],"inLanguage":"fr-FR"}]}},"_links":{"self":[{"href":"https:\/\/business.roovi.com\/fr\/wp-json\/wp\/v2\/product\/52466","targetHints":{"allow":["GET"]}}],"collection":[{"href":"https:\/\/business.roovi.com\/fr\/wp-json\/wp\/v2\/product"}],"about":[{"href":"https:\/\/business.roovi.com\/fr\/wp-json\/wp\/v2\/types\/product"}],"version-history":[{"count":0,"href":"https:\/\/business.roovi.com\/fr\/wp-json\/wp\/v2\/product\/52466\/revisions"}],"wp:featuredmedia":[{"embeddable":true,"href":"https:\/\/business.roovi.com\/fr\/wp-json\/wp\/v2\/media\/50310"}],"wp:attachment":[{"href":"https:\/\/business.roovi.com\/fr\/wp-json\/wp\/v2\/media?parent=52466"}],"wp:term":[{"taxonomy":"product_brand","embeddable":true,"href":"https:\/\/business.roovi.com\/fr\/wp-json\/wp\/v2\/product_brand?post=52466"},{"taxonomy":"product_cat","embeddable":true,"href":"https:\/\/business.roovi.com\/fr\/wp-json\/wp\/v2\/product_cat?post=52466"},{"taxonomy":"product_tag","embeddable":true,"href":"https:\/\/business.roovi.com\/fr\/wp-json\/wp\/v2\/product_tag?post=52466"}],"curies":[{"name":"wp","href":"https:\/\/api.w.org\/{rel}","templated":true}]}}