{"id":52470,"date":"2018-09-05T11:40:31","date_gmt":"2018-09-05T11:40:31","guid":{"rendered":"https:\/\/business.roovi.com\/puzzle-adulti-1000-piese-vintage-collage-teasceaiuri\/p\/"},"modified":"2022-07-13T10:17:07","modified_gmt":"2022-07-13T10:17:07","slug":"casse-tete-adulte-1000-pieces-vintage-collage-teas-ceasers","status":"publish","type":"product","link":"https:\/\/business.roovi.com\/fr\/casse-tete-adulte-1000-pieces-vintage-collage-teas-ceasers\/p\/","title":{"rendered":"Casse-t\u00eate Adulte 1000 pi\u00e8ces Vintage Collage &#8211; Teas\/Ceasers"},"content":{"rendered":"<p><span style=\"font-weight: 400;\">Tu es passionn\u00e9 par les objets de collection ? Les jeux de puzzle de la collection de collage vintage te donnent l&rsquo;occasion de cr\u00e9er des tableaux sp\u00e9ciaux avec des illustrations de collage uniques que tout collectionneur d&rsquo;art vintage souhaite.<\/span><\/p>\n<p><span style=\"font-weight: 400;\">La gamme de puzzles \u00e0 collage vintage rassemble des puzzles de 1000 pi\u00e8ces avec des illustrations miniatures sur diff\u00e9rents th\u00e8mes : vieux billets de banque, affiches publicitaires des si\u00e8cles pass\u00e9s et bien plus encore. En raison de la multitude de d\u00e9tails, ces puzzles ont un degr\u00e9 de difficult\u00e9 plus \u00e9lev\u00e9 et peuvent n\u00e9cessiter plus de temps pour les assembler, et donc plus d&rsquo;heures de plaisir relaxant.<\/span><\/p>\n<p><span style=\"font-weight: 400;\">Le puzzle Teas\/Ceaiuri de 1000 pi\u00e8ces te montre une mini-collection d&rsquo;anciennes affiches publicitaires pour diff\u00e9rents types de th\u00e9. Au centre se trouve une carte de th\u00e9 de MacDonald Gill publi\u00e9e en 1940 <\/span><\/p>\n<p><span style=\"font-weight: 400;\">La carte c\u00e9l\u00e8bre l&rsquo;origine et la culture du th\u00e9. Au bas de la carte se trouvent 3 parchemins avec des donn\u00e9es sur la consommation de th\u00e9 \u00e0 l&rsquo;\u00e9poque. M\u00eame \u00e0 cette \u00e9poque, pas moins de 300 000 000 000 000 de tasses de th\u00e9 \u00e9taient bues chaque ann\u00e9e ! <\/span><\/p>\n<p><span style=\"font-weight: 400;\">Au-del\u00e0 du c\u00f4t\u00e9 ludique, le puzzle 1000 Pi\u00e8ces &#8211; Th\u00e9s est un collage fascinant qui r\u00e9v\u00e8le une petite partie de la fabuleuse histoire d&rsquo;une boisson simple, mais mondialement appr\u00e9ci\u00e9e. Nous t&rsquo;invitons donc \u00e0 une tasse de th\u00e9 aromatique et \u00e0 de nombreuses heures de d\u00e9tente !<\/span><\/p>\n<p><span style=\"font-weight: 400;\">Comprend un puzzle de collage vintage de 1000 pi\u00e8ces &#8211; Teas\/Ceasers :<\/span><\/p>\n<p><strong>Taille de l&rsquo;image reconstitu\u00e9e : 50 x 70 cm.<\/strong><\/p>\n<p><strong>Mat\u00e9riau du puzzle <\/strong><\/p>\n<p><strong>carton bleu de haute qualit\u00e9<\/strong><\/p>\n<p><strong>des mat\u00e9riaux durables et recyclables<\/strong><\/p>\n<p><strong>finition semi-brillante, couleurs vives<\/strong><\/p>\n<p><strong>Nombre de pi\u00e8ces de puzzle : 1000<\/strong><\/p>\n<p><strong>\u00c2ge recommand\u00e9 : 14+<\/strong><\/p>\n<p><strong>Pourquoi choisir un puzzle de 1000 pi\u00e8ces de la collection de puzzles Vintage Collage ?<\/strong><\/p>\n<p><span style=\"font-weight: 400;\">C&rsquo;est une excellente occasion de cr\u00e9er une peinture unique en son genre.<\/span><\/p>\n<p><span style=\"font-weight: 400;\">Passe de nombreuses heures \u00e0 te d\u00e9tendre et \u00e0 recr\u00e9er des images vintage qui te plongent dans l&rsquo;histoire.<\/span><\/p>\n<p><span style=\"font-weight: 400;\">Tu d\u00e9connes du quotidien et tu restes loin des \u00e9crans pendant longtemps.<\/span><\/p>\n<p><span style=\"font-weight: 400;\">C&rsquo;est un moyen agr\u00e9able d&rsquo;entra\u00eener des comp\u00e9tences comme la m\u00e9moire et l&rsquo;attention aux d\u00e9tails.<\/span><\/p>\n<p><span style=\"font-weight: 400;\">Le tableau que tu r\u00e9alises peut \u00eatre un objet d\u00e9coratif qui personnalise un endroit terne de ta maison.<\/span><\/p>\n<p><span style=\"font-weight: 400;\">Cela peut \u00eatre l&rsquo;occasion de passer du temps de qualit\u00e9 avec tes enfants ou ton groupe d&rsquo;amis.<\/span><\/p>\n<p><strong>Tu savais que&#8230; ?<\/strong><\/p>\n<p><span style=\"font-weight: 400;\">Dans la culture asiatique, le th\u00e9 est un symbole d&rsquo;amiti\u00e9 et d&rsquo;hospitalit\u00e9.<\/span><\/p>\n<p><span style=\"font-weight: 400;\">En Mongolie, le th\u00e9 se boit avec du lait et un peu de sel.<\/span><\/p>\n<p><span style=\"font-weight: 400;\">Apr\u00e8s l&rsquo;eau, le th\u00e9 est le liquide le plus consomm\u00e9 au monde. Chaque jour, plus de la moiti\u00e9 de la population mondiale boit du th\u00e9.<\/span><\/p>\n<p><span style=\"font-weight: 400;\">Les origines de cette boisson ne sont pas tr\u00e8s claires. Ses origines sont toujours contest\u00e9es entre les Chinois et les Indiens.<\/span><\/p>\n<p><span style=\"font-weight: 400;\">Les plus grands buveurs de th\u00e9 en Europe sont les Irlandais (pas les Anglais !), avec une moyenne de 6 tasses par jour.<\/span><\/p>\n<p><strong>Le puzzle du th\u00e9 de 1000 pi\u00e8ces te relie \u00e0 toi-m\u00eame<\/strong><\/p>\n<p><span style=\"font-weight: 400;\">Comme tout amateur d&rsquo;\u00e9nigmes, tu as envie de passer de nombreuses heures avec toi-m\u00eame. Le puzzle de 1000 pi\u00e8ces de la collection de puzzles Vintage Collage, avec sa complexit\u00e9 et sa multitude de d\u00e9tails, te donne le temps de sortir de ton espace quotidien et de te retrouver.<\/span><\/p>\n<p><span style=\"font-weight: 400;\">De multiples \u00e9tudes montrent que les jeux de puzzle ont des effets fantastiques sur l&rsquo;esprit humain, similaires \u00e0 la m\u00e9ditation. Ainsi, les puzzles pour adultes sont des outils \u00e9tonnants pour :<\/span><\/p>\n<ul>\n<li><span style=\"font-weight: 400;\">Restaurer la confiance en soi.<\/span><\/li>\n<li><span style=\"font-weight: 400;\">R\u00e9duire l&rsquo;anxi\u00e9t\u00e9.<\/span><\/li>\n<li><span style=\"font-weight: 400;\">Combattre l&rsquo;insomnie.<\/span><\/li>\n<li><span style=\"font-weight: 400;\">R\u00e9duire le stress.<\/span><\/li>\n<\/ul>\n<p><span style=\"font-weight: 400;\">Profite de tous les avantages qu&rsquo;un jeu de puzzle te procure et choisis des th\u00e9s de puzzle 1000 pi\u00e8ces. Si tu es un collectionneur passionn\u00e9 d&rsquo;art vintage, d\u00e9couvre tous les jeux de puzzle de la collection de puzzle Vintage Collage. Si tu aimes les passe-temps cr\u00e9atifs, ach\u00e8te le puzzle de 1000 pi\u00e8ces &#8211; collage d&rsquo;illustrations avec des affiches publicitaires de th\u00e9s et assemble-le quand tu veux pour d\u00e9fier ton esprit.<\/span><\/p><\/p>\n","protected":false},"excerpt":{"rendered":"<p>Tu es passionn\u00e9 par les objets de collection ? Les jeux de puzzle de la collection de collage vintage te<\/p>\n","protected":false},"featured_media":50283,"template":"","meta":[],"product_brand":[],"product_cat":[2314,2316,2315],"product_tag":[],"class_list":{"0":"post-52470","1":"product","2":"type-product","3":"status-publish","4":"has-post-thumbnail","6":"product_cat-puzzles-fr","7":"product_cat-puzzles-de-1000-pieces","8":"product_cat-puzzles-pour-adultes","9":"pa_brand-d_toys-fr","10":"pa_country_of_manufacture-ro-fr","11":"pa_filter_age-14-fr","12":"pa_painter-collage-vintage","13":"pa_tip_ambalaj-boite","14":"pa_tip_puzzle-classique","16":"first","17":"instock","18":"taxable","19":"shipping-taxable","20":"product-type-simple"},"yoast_head":"<!-- This site is optimized with the Yoast SEO plugin v20.1 - https:\/\/yoast.com\/wordpress\/plugins\/seo\/ -->\n<title>Casse-t\u00eate Adulte 1000 pi\u00e8ces Vintage Collage - Teas\/Ceasers<\/title>\n<meta name=\"description\" content=\"Casse-t\u00eate Adulte 1000 pi\u00e8ces Vintage Collage - Teas\/Ceasers\" \/>\n<meta name=\"robots\" content=\"index, follow, max-snippet:-1, max-image-preview:large, max-video-preview:-1\" \/>\n<link rel=\"canonical\" href=\"https:\/\/business.roovi.com\/fr\/casse-tete-adulte-1000-pieces-vintage-collage-teas-ceasers\/p\/\" \/>\n<meta property=\"og:locale\" content=\"fr_FR\" \/>\n<meta property=\"og:type\" content=\"article\" \/>\n<meta property=\"og:title\" content=\"Casse-t\u00eate Adulte 1000 pi\u00e8ces Vintage Collage - Teas\/Ceasers\" \/>\n<meta property=\"og:description\" content=\"Casse-t\u00eate Adulte 1000 pi\u00e8ces Vintage Collage - Teas\/Ceasers\" \/>\n<meta property=\"og:url\" content=\"https:\/\/business.roovi.com\/fr\/casse-tete-adulte-1000-pieces-vintage-collage-teas-ceasers\/p\/\" \/>\n<meta property=\"og:site_name\" content=\"Roovi B2B\" \/>\n<meta property=\"article:publisher\" content=\"https:\/\/www.facebook.com\/wwwjucariero\" \/>\n<meta property=\"article:modified_time\" content=\"2022-07-13T10:17:07+00:00\" \/>\n<meta property=\"og:image\" content=\"https:\/\/business.roovi.com\/wp-content\/uploads\/2018\/09\/74362-01_ansamblu_dimensiuni_cutie_cm_orizontal_1200x1200.png\" \/>\n\t<meta property=\"og:image:width\" content=\"1200\" \/>\n\t<meta property=\"og:image:height\" content=\"1200\" \/>\n\t<meta property=\"og:image:type\" content=\"image\/png\" \/>\n<meta name=\"twitter:label1\" content=\"Dur\u00e9e de lecture estim\u00e9e\" \/>\n\t<meta name=\"twitter:data1\" content=\"3 minutes\" \/>\n<script type=\"application\/ld+json\" class=\"yoast-schema-graph\">{\"@context\":\"https:\/\/schema.org\",\"@graph\":[{\"@type\":\"WebPage\",\"@id\":\"https:\/\/business.roovi.com\/fr\/casse-tete-adulte-1000-pieces-vintage-collage-teas-ceasers\/p\/\",\"url\":\"https:\/\/business.roovi.com\/fr\/casse-tete-adulte-1000-pieces-vintage-collage-teas-ceasers\/p\/\",\"name\":\"Casse-t\u00eate Adulte 1000 pi\u00e8ces Vintage Collage - Teas\/Ceasers\",\"isPartOf\":{\"@id\":\"https:\/\/business.roovi.com\/fr\/#website\"},\"datePublished\":\"2018-09-05T11:40:31+00:00\",\"dateModified\":\"2022-07-13T10:17:07+00:00\",\"description\":\"Casse-t\u00eate Adulte 1000 pi\u00e8ces Vintage Collage - Teas\/Ceasers\",\"breadcrumb\":{\"@id\":\"https:\/\/business.roovi.com\/fr\/casse-tete-adulte-1000-pieces-vintage-collage-teas-ceasers\/p\/#breadcrumb\"},\"inLanguage\":\"fr-FR\",\"potentialAction\":[{\"@type\":\"ReadAction\",\"target\":[\"https:\/\/business.roovi.com\/fr\/casse-tete-adulte-1000-pieces-vintage-collage-teas-ceasers\/p\/\"]}]},{\"@type\":\"BreadcrumbList\",\"@id\":\"https:\/\/business.roovi.com\/fr\/casse-tete-adulte-1000-pieces-vintage-collage-teas-ceasers\/p\/#breadcrumb\",\"itemListElement\":[{\"@type\":\"ListItem\",\"position\":1,\"name\":\"Home\",\"item\":\"https:\/\/business.roovi.com\/fr\/\"},{\"@type\":\"ListItem\",\"position\":2,\"name\":\"Boutique\",\"item\":\"https:\/\/business.roovi.com\/fr\/boutique\/\"},{\"@type\":\"ListItem\",\"position\":3,\"name\":\"Casse-t\u00eate Adulte 1000 pi\u00e8ces Vintage Collage &#8211; Teas\/Ceasers\"}]},{\"@type\":\"WebSite\",\"@id\":\"https:\/\/business.roovi.com\/fr\/#website\",\"url\":\"https:\/\/business.roovi.com\/fr\/\",\"name\":\"Roovi B2B\",\"description\":\"Roovi Business Website\",\"potentialAction\":[{\"@type\":\"SearchAction\",\"target\":{\"@type\":\"EntryPoint\",\"urlTemplate\":\"https:\/\/business.roovi.com\/fr\/?s={search_term_string}\"},\"query-input\":\"required name=search_term_string\"}],\"inLanguage\":\"fr-FR\"}]}<\/script>\n<!-- \/ Yoast SEO plugin. -->","yoast_head_json":{"title":"Casse-t\u00eate Adulte 1000 pi\u00e8ces Vintage Collage - Teas\/Ceasers","description":"Casse-t\u00eate Adulte 1000 pi\u00e8ces Vintage Collage - Teas\/Ceasers","robots":{"index":"index","follow":"follow","max-snippet":"max-snippet:-1","max-image-preview":"max-image-preview:large","max-video-preview":"max-video-preview:-1"},"canonical":"https:\/\/business.roovi.com\/fr\/casse-tete-adulte-1000-pieces-vintage-collage-teas-ceasers\/p\/","og_locale":"fr_FR","og_type":"article","og_title":"Casse-t\u00eate Adulte 1000 pi\u00e8ces Vintage Collage - Teas\/Ceasers","og_description":"Casse-t\u00eate Adulte 1000 pi\u00e8ces Vintage Collage - Teas\/Ceasers","og_url":"https:\/\/business.roovi.com\/fr\/casse-tete-adulte-1000-pieces-vintage-collage-teas-ceasers\/p\/","og_site_name":"Roovi B2B","article_publisher":"https:\/\/www.facebook.com\/wwwjucariero","article_modified_time":"2022-07-13T10:17:07+00:00","og_image":[{"width":1200,"height":1200,"url":"https:\/\/business.roovi.com\/wp-content\/uploads\/2018\/09\/74362-01_ansamblu_dimensiuni_cutie_cm_orizontal_1200x1200.png","type":"image\/png"}],"twitter_misc":{"Dur\u00e9e de lecture estim\u00e9e":"3 minutes"},"schema":{"@context":"https:\/\/schema.org","@graph":[{"@type":"WebPage","@id":"https:\/\/business.roovi.com\/fr\/casse-tete-adulte-1000-pieces-vintage-collage-teas-ceasers\/p\/","url":"https:\/\/business.roovi.com\/fr\/casse-tete-adulte-1000-pieces-vintage-collage-teas-ceasers\/p\/","name":"Casse-t\u00eate Adulte 1000 pi\u00e8ces Vintage Collage - Teas\/Ceasers","isPartOf":{"@id":"https:\/\/business.roovi.com\/fr\/#website"},"datePublished":"2018-09-05T11:40:31+00:00","dateModified":"2022-07-13T10:17:07+00:00","description":"Casse-t\u00eate Adulte 1000 pi\u00e8ces Vintage Collage - Teas\/Ceasers","breadcrumb":{"@id":"https:\/\/business.roovi.com\/fr\/casse-tete-adulte-1000-pieces-vintage-collage-teas-ceasers\/p\/#breadcrumb"},"inLanguage":"fr-FR","potentialAction":[{"@type":"ReadAction","target":["https:\/\/business.roovi.com\/fr\/casse-tete-adulte-1000-pieces-vintage-collage-teas-ceasers\/p\/"]}]},{"@type":"BreadcrumbList","@id":"https:\/\/business.roovi.com\/fr\/casse-tete-adulte-1000-pieces-vintage-collage-teas-ceasers\/p\/#breadcrumb","itemListElement":[{"@type":"ListItem","position":1,"name":"Home","item":"https:\/\/business.roovi.com\/fr\/"},{"@type":"ListItem","position":2,"name":"Boutique","item":"https:\/\/business.roovi.com\/fr\/boutique\/"},{"@type":"ListItem","position":3,"name":"Casse-t\u00eate Adulte 1000 pi\u00e8ces Vintage Collage &#8211; Teas\/Ceasers"}]},{"@type":"WebSite","@id":"https:\/\/business.roovi.com\/fr\/#website","url":"https:\/\/business.roovi.com\/fr\/","name":"Roovi B2B","description":"Roovi Business Website","potentialAction":[{"@type":"SearchAction","target":{"@type":"EntryPoint","urlTemplate":"https:\/\/business.roovi.com\/fr\/?s={search_term_string}"},"query-input":"required name=search_term_string"}],"inLanguage":"fr-FR"}]}},"_links":{"self":[{"href":"https:\/\/business.roovi.com\/fr\/wp-json\/wp\/v2\/product\/52470","targetHints":{"allow":["GET"]}}],"collection":[{"href":"https:\/\/business.roovi.com\/fr\/wp-json\/wp\/v2\/product"}],"about":[{"href":"https:\/\/business.roovi.com\/fr\/wp-json\/wp\/v2\/types\/product"}],"version-history":[{"count":0,"href":"https:\/\/business.roovi.com\/fr\/wp-json\/wp\/v2\/product\/52470\/revisions"}],"wp:featuredmedia":[{"embeddable":true,"href":"https:\/\/business.roovi.com\/fr\/wp-json\/wp\/v2\/media\/50283"}],"wp:attachment":[{"href":"https:\/\/business.roovi.com\/fr\/wp-json\/wp\/v2\/media?parent=52470"}],"wp:term":[{"taxonomy":"product_brand","embeddable":true,"href":"https:\/\/business.roovi.com\/fr\/wp-json\/wp\/v2\/product_brand?post=52470"},{"taxonomy":"product_cat","embeddable":true,"href":"https:\/\/business.roovi.com\/fr\/wp-json\/wp\/v2\/product_cat?post=52470"},{"taxonomy":"product_tag","embeddable":true,"href":"https:\/\/business.roovi.com\/fr\/wp-json\/wp\/v2\/product_tag?post=52470"}],"curies":[{"name":"wp","href":"https:\/\/api.w.org\/{rel}","templated":true}]}}