{"id":52472,"date":"2018-09-05T10:43:31","date_gmt":"2018-09-05T10:43:31","guid":{"rendered":"https:\/\/business.roovi.com\/puzzle-adulti-1000-piese-vintage-posters-howe-bicycles-tricycles\/p\/"},"modified":"2022-07-13T10:17:09","modified_gmt":"2022-07-13T10:17:09","slug":"puzzle-adulte-1000-pieces-affiches-vintage-howe-bicycles-tricycles","status":"publish","type":"product","link":"https:\/\/business.roovi.com\/fr\/puzzle-adulte-1000-pieces-affiches-vintage-howe-bicycles-tricycles\/p\/","title":{"rendered":"Puzzle adulte 1000 pi\u00e8ces Affiches vintage &#8211; Howe Bicycles Tricycles"},"content":{"rendered":"<p><span style=\"font-weight: 400;\">Si tu es passionn\u00e9(e) par les jeux de puzzle et que tu veux encadrer de superbes dessins, la collection Vintage Puzzle stimulera tes sens artistiques. Choisis l&rsquo;un des puzzles de 1000 pi\u00e8ces disponibles et cr\u00e9e ta propre collection unique de peintures vintage.<\/span><\/p>\n<p><span style=\"font-weight: 400;\">Le puzzle de 1000 pi\u00e8ces Howe Bicycles Tricycles reproduit l&rsquo;affiche publicitaire de la soci\u00e9t\u00e9 \u00e9cossaise de cyclisme Howe Bicycles &amp; Tricycles par un artiste anonyme vers 1890 <\/span><\/p>\n<p><span style=\"font-weight: 400;\">Cette image est une ic\u00f4ne du monde de la publicit\u00e9 et est l&rsquo;un des anc\u00eatres de la publicit\u00e9 moderne. L&rsquo;image repr\u00e9sente un jeune homme fringant avec des favoris assis sur son nouveau tricycle de la marque Howe. L&rsquo;affiche a \u00e9t\u00e9 imprim\u00e9e pour la premi\u00e8re fois \u00e0 Paris.<\/span><\/p>\n<p><span style=\"font-weight: 400;\">Le puzzle Tricycles de Howe Bicycles de 1000 pi\u00e8ces est fabriqu\u00e9 \u00e0 partir de mat\u00e9riaux de haute qualit\u00e9, et l&rsquo;image r\u00e9sultant de ce jeu de puzzle sp\u00e9cial sera superbe une fois encadr\u00e9e et mettra en valeur tout endroit o\u00f9 tu l&rsquo;exposes.<\/span><\/p>\n<p><span style=\"font-weight: 400;\">Tu veux en savoir plus sur les caract\u00e9ristiques techniques de ce jeu de r\u00e9flexion ? Lis les informations ci-dessous :<\/span><\/p>\n<p><strong>Taille de l&rsquo;image reconstruite : 50 x 70 cm <\/strong><span style=\"font-weight: 400;\">Tu peux utiliser une table basse standard pour l&rsquo;assemblage.<\/span><\/p>\n<p><strong>Mat\u00e9riau du puzzle <\/strong><\/p>\n<p><strong>carton bleu de haute qualit\u00e9<\/strong><\/p>\n<p><strong>des mat\u00e9riaux durables et recyclables<\/strong><\/p>\n<p><strong>finition semi-brillante, couleurs vives<\/strong><\/p>\n<p><strong>Nombre de pi\u00e8ces de puzzle : 1000<\/strong><\/p>\n<p><strong>\u00c2ge recommand\u00e9 : 14+<\/strong><\/p>\n<p><span style=\"font-weight: 400;\">Les jeux de r\u00e9flexion d\u00e9veloppent plusieurs comp\u00e9tences que tu utilises dans tes activit\u00e9s quotidiennes :<\/span><\/p>\n<p><span style=\"font-weight: 400;\">Attention aux d\u00e9tails &#8211; tu te sens comme un vrai d\u00e9tective qui cherche les bonnes pi\u00e8ces parmi les centaines de d\u00e9tails fabuleux du puzzle de 1000 pi\u00e8ces.<\/span><\/p>\n<p><span style=\"font-weight: 400;\">R\u00e9flexion logique en associant 1000 pi\u00e8ces de puzzle \u00e0 des formes et des couleurs similaires.<\/span><\/p>\n<p><span style=\"font-weight: 400;\">Imagination &#8211; d\u00e9couvre les d\u00e9tails \u00e9tonnants cach\u00e9s dans l&rsquo;arri\u00e8re-plan et imagine toute une histoire \u00e0 partir d&rsquo;eux.<\/span><\/p>\n<p><span style=\"font-weight: 400;\">Sens esth\u00e9tique &#8211; en composant une \u0153uvre d&rsquo;art, tu d\u00e9veloppes ton sens de la beaut\u00e9.<\/span><\/p>\n<p><span style=\"font-weight: 400;\">Pers\u00e9v\u00e9rance &#8211; tu apprends qu&rsquo;il n&rsquo;y a pas de \u00ab\u00a0can&rsquo;t\u00a0\u00bb si tu veux vraiment quelque chose.<\/span><\/p>\n<p><span style=\"font-weight: 400;\">Patience &#8211; qui \u00e0 la fin est c\u00e9l\u00e9br\u00e9e par une exp\u00e9rience r\u00e9ussie.<\/span><\/p>\n<p><strong>Tu savais que&#8230; ?<\/strong><\/p>\n<p><span style=\"font-weight: 400;\">Les jeux de puzzle stimulent la synth\u00e8se de la dopamine, l&rsquo;hormone du bonheur ? Et c&rsquo;est pourquoi tu ressens un bien-\u00eatre et une satisfaction \u00e9tonnants chaque fois que tu assembles des images de jeux de puzzle.<\/span><\/p>\n<p><span style=\"font-weight: 400;\">La dopamine est un neurotransmetteur qui, dans le cerveau, transmet des signaux entre les cellules nerveuses. Bien qu&rsquo;elle repr\u00e9sente moins de 1% des neurones du cerveau, la dopamine joue un r\u00f4le essentiel dans le bien-\u00eatre et la sant\u00e9 mentale.<\/span><\/p>\n<p><span style=\"font-weight: 400;\">Pendant le jeu de puzzle, la dopamine donne un coup de fouet instantan\u00e9 \u00e0 ton humeur et te fait te sentir d\u00e9tendu et \u00e0 l&rsquo;aise pendant que ton esprit appr\u00e9cie un d\u00e9fi cr\u00e9atif <\/span><\/p>\n<p><strong>Pourquoi choisir des puzzles d&rsquo;art vintage ?<\/strong><\/p>\n<p><span style=\"font-weight: 400;\">Il t&rsquo;offre jusqu&rsquo;\u00e0 30 heures de plaisir relaxant.<\/span><\/p>\n<p><span style=\"font-weight: 400;\">Il te donne l&rsquo;occasion de te mettre dans la peau de l&rsquo;artiste et de cr\u00e9er un tableau de chef-d&rsquo;\u0153uvre.<\/span><\/p>\n<p><span style=\"font-weight: 400;\">Tu cr\u00e9es un objet d\u00e9coratif qui donne de la personnalit\u00e9 \u00e0 tout espace terne dans lequel tu l&rsquo;exposes.<\/span><\/p>\n<p><span style=\"font-weight: 400;\">Tu as la possibilit\u00e9 d&rsquo;admirer les d\u00e9tails \u00e9tonnants de l&rsquo;\u0153uvre originale \u00e0 ton propre rythme lorsque la peinture est pr\u00eate.<\/span><\/p>\n<p><span style=\"font-weight: 400;\">C&rsquo;est une excellente occasion d&rsquo;affiner tes comp\u00e9tences en mati\u00e8re de puzzle et de les montrer \u00e0 tes amis.<\/span><\/p>\n<p><span style=\"font-weight: 400;\">Ach\u00e8te les puzzles de 1000 pi\u00e8ces Howe Bicycles Tricycles de la collection de puzzles vintage la plus originale du Royaume-Uni et profite de moments uniques de d\u00e9tachement et de joie. Que tu choisisses de compl\u00e9ter le tableau de ce puzzle pour adultes seul ou que tu pr\u00e9f\u00e8res la compagnie d&rsquo;amis pour t&rsquo;amuser intens\u00e9ment, le puzzle Tricycles Vintage Howe Bicycles de 1000 pi\u00e8ces est le choix id\u00e9al.<\/span><\/p><\/p>\n","protected":false},"excerpt":{"rendered":"<p>Si tu es passionn\u00e9(e) par les jeux de puzzle et que tu veux encadrer de superbes dessins, la collection Vintage<\/p>\n","protected":false},"featured_media":50263,"template":"","meta":[],"product_brand":[],"product_cat":[2314,2316,2315],"product_tag":[],"class_list":{"0":"post-52472","1":"product","2":"type-product","3":"status-publish","4":"has-post-thumbnail","6":"product_cat-puzzles-fr","7":"product_cat-puzzles-de-1000-pieces","8":"product_cat-puzzles-pour-adultes","9":"pa_brand-d_toys-fr","10":"pa_country_of_manufacture-ro-fr","11":"pa_filter_age-14-fr","12":"pa_painter-posters-vintage","13":"pa_tip_ambalaj-boite","14":"pa_tip_puzzle-classique","16":"first","17":"instock","18":"taxable","19":"shipping-taxable","20":"product-type-simple"},"yoast_head":"<!-- This site is optimized with the Yoast SEO plugin v20.1 - https:\/\/yoast.com\/wordpress\/plugins\/seo\/ -->\n<title>Puzzle adulte 1000 pi\u00e8ces Affiches vintage - Howe Bicycles Tricycles<\/title>\n<meta name=\"description\" content=\"Puzzle adulte 1000 pi\u00e8ces Affiches vintage - Howe Bicycles Tricycles\" \/>\n<meta name=\"robots\" content=\"index, follow, max-snippet:-1, max-image-preview:large, max-video-preview:-1\" \/>\n<link rel=\"canonical\" href=\"https:\/\/business.roovi.com\/fr\/puzzle-adulte-1000-pieces-affiches-vintage-howe-bicycles-tricycles\/p\/\" \/>\n<meta property=\"og:locale\" content=\"fr_FR\" \/>\n<meta property=\"og:type\" content=\"article\" \/>\n<meta property=\"og:title\" content=\"Puzzle adulte 1000 pi\u00e8ces Affiches vintage - Howe Bicycles Tricycles\" \/>\n<meta property=\"og:description\" content=\"Puzzle adulte 1000 pi\u00e8ces Affiches vintage - Howe Bicycles Tricycles\" \/>\n<meta property=\"og:url\" content=\"https:\/\/business.roovi.com\/fr\/puzzle-adulte-1000-pieces-affiches-vintage-howe-bicycles-tricycles\/p\/\" \/>\n<meta property=\"og:site_name\" content=\"Roovi B2B\" \/>\n<meta property=\"article:publisher\" content=\"https:\/\/www.facebook.com\/wwwjucariero\" \/>\n<meta property=\"article:modified_time\" content=\"2022-07-13T10:17:09+00:00\" \/>\n<meta property=\"og:image\" content=\"https:\/\/business.roovi.com\/wp-content\/uploads\/2018\/09\/67555-1_ansamblu_dimensiuni_cutie_cm_vertical_1200x1200.png\" \/>\n\t<meta property=\"og:image:width\" content=\"1200\" \/>\n\t<meta property=\"og:image:height\" content=\"1200\" \/>\n\t<meta property=\"og:image:type\" content=\"image\/png\" \/>\n<meta name=\"twitter:label1\" content=\"Dur\u00e9e de lecture estim\u00e9e\" \/>\n\t<meta name=\"twitter:data1\" content=\"3 minutes\" \/>\n<script type=\"application\/ld+json\" class=\"yoast-schema-graph\">{\"@context\":\"https:\/\/schema.org\",\"@graph\":[{\"@type\":\"WebPage\",\"@id\":\"https:\/\/business.roovi.com\/fr\/puzzle-adulte-1000-pieces-affiches-vintage-howe-bicycles-tricycles\/p\/\",\"url\":\"https:\/\/business.roovi.com\/fr\/puzzle-adulte-1000-pieces-affiches-vintage-howe-bicycles-tricycles\/p\/\",\"name\":\"Puzzle adulte 1000 pi\u00e8ces Affiches vintage - Howe Bicycles Tricycles\",\"isPartOf\":{\"@id\":\"https:\/\/business.roovi.com\/fr\/#website\"},\"datePublished\":\"2018-09-05T10:43:31+00:00\",\"dateModified\":\"2022-07-13T10:17:09+00:00\",\"description\":\"Puzzle adulte 1000 pi\u00e8ces Affiches vintage - Howe Bicycles Tricycles\",\"breadcrumb\":{\"@id\":\"https:\/\/business.roovi.com\/fr\/puzzle-adulte-1000-pieces-affiches-vintage-howe-bicycles-tricycles\/p\/#breadcrumb\"},\"inLanguage\":\"fr-FR\",\"potentialAction\":[{\"@type\":\"ReadAction\",\"target\":[\"https:\/\/business.roovi.com\/fr\/puzzle-adulte-1000-pieces-affiches-vintage-howe-bicycles-tricycles\/p\/\"]}]},{\"@type\":\"BreadcrumbList\",\"@id\":\"https:\/\/business.roovi.com\/fr\/puzzle-adulte-1000-pieces-affiches-vintage-howe-bicycles-tricycles\/p\/#breadcrumb\",\"itemListElement\":[{\"@type\":\"ListItem\",\"position\":1,\"name\":\"Home\",\"item\":\"https:\/\/business.roovi.com\/fr\/\"},{\"@type\":\"ListItem\",\"position\":2,\"name\":\"Boutique\",\"item\":\"https:\/\/business.roovi.com\/fr\/boutique\/\"},{\"@type\":\"ListItem\",\"position\":3,\"name\":\"Puzzle adulte 1000 pi\u00e8ces Affiches vintage &#8211; Howe Bicycles Tricycles\"}]},{\"@type\":\"WebSite\",\"@id\":\"https:\/\/business.roovi.com\/fr\/#website\",\"url\":\"https:\/\/business.roovi.com\/fr\/\",\"name\":\"Roovi B2B\",\"description\":\"Roovi Business Website\",\"potentialAction\":[{\"@type\":\"SearchAction\",\"target\":{\"@type\":\"EntryPoint\",\"urlTemplate\":\"https:\/\/business.roovi.com\/fr\/?s={search_term_string}\"},\"query-input\":\"required name=search_term_string\"}],\"inLanguage\":\"fr-FR\"}]}<\/script>\n<!-- \/ Yoast SEO plugin. -->","yoast_head_json":{"title":"Puzzle adulte 1000 pi\u00e8ces Affiches vintage - Howe Bicycles Tricycles","description":"Puzzle adulte 1000 pi\u00e8ces Affiches vintage - Howe Bicycles Tricycles","robots":{"index":"index","follow":"follow","max-snippet":"max-snippet:-1","max-image-preview":"max-image-preview:large","max-video-preview":"max-video-preview:-1"},"canonical":"https:\/\/business.roovi.com\/fr\/puzzle-adulte-1000-pieces-affiches-vintage-howe-bicycles-tricycles\/p\/","og_locale":"fr_FR","og_type":"article","og_title":"Puzzle adulte 1000 pi\u00e8ces Affiches vintage - Howe Bicycles Tricycles","og_description":"Puzzle adulte 1000 pi\u00e8ces Affiches vintage - Howe Bicycles Tricycles","og_url":"https:\/\/business.roovi.com\/fr\/puzzle-adulte-1000-pieces-affiches-vintage-howe-bicycles-tricycles\/p\/","og_site_name":"Roovi B2B","article_publisher":"https:\/\/www.facebook.com\/wwwjucariero","article_modified_time":"2022-07-13T10:17:09+00:00","og_image":[{"width":1200,"height":1200,"url":"https:\/\/business.roovi.com\/wp-content\/uploads\/2018\/09\/67555-1_ansamblu_dimensiuni_cutie_cm_vertical_1200x1200.png","type":"image\/png"}],"twitter_misc":{"Dur\u00e9e de lecture estim\u00e9e":"3 minutes"},"schema":{"@context":"https:\/\/schema.org","@graph":[{"@type":"WebPage","@id":"https:\/\/business.roovi.com\/fr\/puzzle-adulte-1000-pieces-affiches-vintage-howe-bicycles-tricycles\/p\/","url":"https:\/\/business.roovi.com\/fr\/puzzle-adulte-1000-pieces-affiches-vintage-howe-bicycles-tricycles\/p\/","name":"Puzzle adulte 1000 pi\u00e8ces Affiches vintage - Howe Bicycles Tricycles","isPartOf":{"@id":"https:\/\/business.roovi.com\/fr\/#website"},"datePublished":"2018-09-05T10:43:31+00:00","dateModified":"2022-07-13T10:17:09+00:00","description":"Puzzle adulte 1000 pi\u00e8ces Affiches vintage - Howe Bicycles Tricycles","breadcrumb":{"@id":"https:\/\/business.roovi.com\/fr\/puzzle-adulte-1000-pieces-affiches-vintage-howe-bicycles-tricycles\/p\/#breadcrumb"},"inLanguage":"fr-FR","potentialAction":[{"@type":"ReadAction","target":["https:\/\/business.roovi.com\/fr\/puzzle-adulte-1000-pieces-affiches-vintage-howe-bicycles-tricycles\/p\/"]}]},{"@type":"BreadcrumbList","@id":"https:\/\/business.roovi.com\/fr\/puzzle-adulte-1000-pieces-affiches-vintage-howe-bicycles-tricycles\/p\/#breadcrumb","itemListElement":[{"@type":"ListItem","position":1,"name":"Home","item":"https:\/\/business.roovi.com\/fr\/"},{"@type":"ListItem","position":2,"name":"Boutique","item":"https:\/\/business.roovi.com\/fr\/boutique\/"},{"@type":"ListItem","position":3,"name":"Puzzle adulte 1000 pi\u00e8ces Affiches vintage &#8211; Howe Bicycles Tricycles"}]},{"@type":"WebSite","@id":"https:\/\/business.roovi.com\/fr\/#website","url":"https:\/\/business.roovi.com\/fr\/","name":"Roovi B2B","description":"Roovi Business Website","potentialAction":[{"@type":"SearchAction","target":{"@type":"EntryPoint","urlTemplate":"https:\/\/business.roovi.com\/fr\/?s={search_term_string}"},"query-input":"required name=search_term_string"}],"inLanguage":"fr-FR"}]}},"_links":{"self":[{"href":"https:\/\/business.roovi.com\/fr\/wp-json\/wp\/v2\/product\/52472","targetHints":{"allow":["GET"]}}],"collection":[{"href":"https:\/\/business.roovi.com\/fr\/wp-json\/wp\/v2\/product"}],"about":[{"href":"https:\/\/business.roovi.com\/fr\/wp-json\/wp\/v2\/types\/product"}],"version-history":[{"count":0,"href":"https:\/\/business.roovi.com\/fr\/wp-json\/wp\/v2\/product\/52472\/revisions"}],"wp:featuredmedia":[{"embeddable":true,"href":"https:\/\/business.roovi.com\/fr\/wp-json\/wp\/v2\/media\/50263"}],"wp:attachment":[{"href":"https:\/\/business.roovi.com\/fr\/wp-json\/wp\/v2\/media?parent=52472"}],"wp:term":[{"taxonomy":"product_brand","embeddable":true,"href":"https:\/\/business.roovi.com\/fr\/wp-json\/wp\/v2\/product_brand?post=52472"},{"taxonomy":"product_cat","embeddable":true,"href":"https:\/\/business.roovi.com\/fr\/wp-json\/wp\/v2\/product_cat?post=52472"},{"taxonomy":"product_tag","embeddable":true,"href":"https:\/\/business.roovi.com\/fr\/wp-json\/wp\/v2\/product_tag?post=52472"}],"curies":[{"name":"wp","href":"https:\/\/api.w.org\/{rel}","templated":true}]}}