{"id":52477,"date":"2018-09-05T10:21:59","date_gmt":"2018-09-05T10:21:59","guid":{"rendered":"https:\/\/business.roovi.com\/puzzle-adulti-1000-piese-castele-franceze-castel-chenonceau\/p\/"},"modified":"2022-07-13T10:17:11","modified_gmt":"2022-07-13T10:17:11","slug":"puzzle-adulte-1000-pieces-chateaux-francais-chateau-de-chenonceau","status":"publish","type":"product","link":"https:\/\/business.roovi.com\/fr\/puzzle-adulte-1000-pieces-chateaux-francais-chateau-de-chenonceau\/p\/","title":{"rendered":"Puzzle Adulte 1000 pi\u00e8ces Ch\u00e2teaux Fran\u00e7ais &#8211; Ch\u00e2teau de Chenonceau"},"content":{"rendered":"<p><strong><em>Tu veux des jeux de r\u00e9flexion pour ajouter de la valeur \u00e0 ton temps libre ou pour offrir un cadeau \u00e0 tes chers amis ? Les 1000 pi\u00e8ces de la collection de puzzles Ch\u00e2teaux fran\u00e7ais sont exactement ce dont tu as besoin.<\/em><\/strong><\/p>\n<p><span style=\"font-weight: 400;\">Le Ch\u00e2teau de Chenonceau est ce cadeau extravagant qui.. <\/span><span style=\"font-weight: 400;\">le roi Henri II a donn\u00e9 \u00e0 sa favorite, <\/span><span style=\"font-weight: 400;\">Diane de Poitiers. Fascinant \u00e0 la fois pour son histoire int\u00e9ressante et son architecture distinctive, l&rsquo;imposant b\u00e2timent est l&rsquo;un des ch\u00e2teaux les plus connus de la vall\u00e9e de la Loire.<\/span><\/p>\n<p><span style=\"font-weight: 400;\">Le puzzle de 1000 pi\u00e8ces Ch\u00e2teau de Chenonceau montre l&rsquo;image du c\u00e9l\u00e8bre ch\u00e2teau qui se refl\u00e8te dans l&rsquo;eau du Cher. La premi\u00e8re mention de ce ch\u00e2teau remonte au 11e si\u00e8cle. Il a \u00e9t\u00e9 construit sur le site d&rsquo;un ancien moulin fortifi\u00e9 sur la rivi\u00e8re Cher. Au fil des ans, de nombreuses personnalit\u00e9s f\u00e9minines ont laiss\u00e9 leur empreinte sur son style et son design. Pour cette raison, on l&rsquo;appelle aussi <\/span><em><span style=\"font-weight: 400;\">Le ch\u00e2teau des femmes.<\/span><\/em><\/p>\n<p><span style=\"font-weight: 400;\">C&rsquo;est Diane de Poitiers qui a ordonn\u00e9 la construction du pont suspendu sur le Cher et elle \u00e9tait \u00e9galement responsable des jardins autour du ch\u00e2teau. Catherine de M\u00e9dicis a con\u00e7u le labyrinthe de jardins et la galerie \u00e0 deux \u00e9tages au-dessus du pont avec ses cinq arches <\/span><\/p>\n<p><span style=\"font-weight: 400;\">D\u00e9couvre un ch\u00e2teau de conte de f\u00e9es \u00e0 travers un jeu de puzzle sp\u00e9cial. Mets les pi\u00e8ces les unes apr\u00e8s les autres et remplis le tableau qui t&#8217;emm\u00e8ne dans un voyage fascinant qui ravit ton \u00e2me et vide ton esprit de ses pens\u00e9es et de ses soucis.<\/span><\/p>\n<p><strong>Pourquoi choisir le puzzle 1000 pi\u00e8ces Ch\u00e2teau de Chenonceau ?<\/strong><\/p>\n<p><span style=\"font-weight: 400;\">Tu cr\u00e9es \u00e0 partir de 1000 pi\u00e8ces de puzzle une image sp\u00e9ciale d&rsquo;un ch\u00e2teau fascinant dans la vall\u00e9e de la Loire.<\/span><\/p>\n<p><span style=\"font-weight: 400;\">Les dimensions de l&rsquo;image recr\u00e9\u00e9e sont de 68 x 47 cm. Tu peux le mettre dans un cadre et l&rsquo;utiliser comme objet de d\u00e9coration.<\/span><\/p>\n<p><span style=\"font-weight: 400;\">Il est fabriqu\u00e9 en carton bleu de haute qualit\u00e9, tr\u00e8s r\u00e9sistant m\u00eame lorsqu&rsquo;il est assembl\u00e9 plusieurs fois.<\/span><\/p>\n<p><span style=\"font-weight: 400;\">Il a une finition semi-brillante dans des couleurs agr\u00e9ables qui font ressortir la clart\u00e9 de l&rsquo;image.<\/span><\/p>\n<p><span style=\"font-weight: 400;\">Il est fabriqu\u00e9 \u00e0 partir de mat\u00e9riaux recyclables et durables.<\/span><\/p>\n<p><span style=\"font-weight: 400;\">Il convient aux personnes de plus de 14 ans et pr\u00e9sente un degr\u00e9 de complexit\u00e9 moyen<\/span><\/p>\n<p><span style=\"font-weight: 400;\">C&rsquo;est un jeu de puzzle parfait pour tout amateur de puzzle 1000 pi\u00e8ces ou \u00e0 offrir en cadeau \u00e0 des proches.<\/span><\/p>\n<p><span style=\"font-weight: 400;\">Si tu r\u00eaves de vacances dans la vall\u00e9e de la Loire, avec des visites inoubliables de ch\u00e2teaux fran\u00e7ais Puzzle 1000 pi\u00e8ces Ch\u00e2teau <\/span><span style=\"font-weight: 400;\">Chenonceau te rapproche de cet endroit de r\u00eave.<\/span><span style=\"font-weight: 400;\"> Si ton r\u00eave est d\u00e9j\u00e0 devenu r\u00e9alit\u00e9, alors ce jeu de puzzle <\/span><span style=\"font-weight: 400;\">est un moyen unique de garder le souvenir d&rsquo;une superbe destination.<\/span><\/p>\n<p><strong>Tu savais que&#8230; ?<\/strong><\/p>\n<p><span style=\"font-weight: 400;\">L&rsquo;architecture du ch\u00e2teau est un m\u00e9lange unique de styles gothique et Renaissance.<\/span><\/p>\n<p><span style=\"font-weight: 400;\">Pendant la Premi\u00e8re Guerre mondiale, le ch\u00e2teau a \u00e9t\u00e9 transform\u00e9 en h\u00f4pital militaire. Plus de 2000 soldats bless\u00e9s ont \u00e9t\u00e9 soign\u00e9s ici.<\/span><\/p>\n<p><span style=\"font-weight: 400;\">L&rsquo;une des personnalit\u00e9s qui poss\u00e9dait \u00e0 un moment donn\u00e9 le ch\u00e2teau de Chenonceau \u00e9tait Madame Dupin, la grand-m\u00e8re de l&rsquo;\u00e9crivain au pseudonyme de George Sand. Amoureuse de la litt\u00e9rature, elle a accueilli des personnalit\u00e9s telles que Jean-Jacques Rousseau, Voltaire et Georges de Buffon dans son salon litt\u00e9raire.<\/span><\/p>\n<p><span style=\"font-weight: 400;\">Aujourd&rsquo;hui, le ch\u00e2teau de Chenonceau est le deuxi\u00e8me ch\u00e2teau le plus visit\u00e9 de France apr\u00e8s Versailles, attirant plus d&rsquo;un million de visiteurs par an.<\/span><\/p>\n<p><strong>Le puzzle de 1000 pi\u00e8ces Ch\u00e2teau de Chenonceau te garde loin des \u00e9crans<\/strong><\/p>\n<p><span style=\"font-weight: 400;\">Pour les moments o\u00f9 tu veux te d\u00e9connecter de tes \u00e9crans pendant un long moment, le puzzle Ch\u00e2teau de Chenonceau de 1000 pi\u00e8ces de la collection de puzzles Ch\u00e2teaux fran\u00e7ais est le choix parfait. Avec chaque pi\u00e8ce assortie, tu recr\u00e9es la structure de l&rsquo;un des ch\u00e2teaux les plus c\u00e9l\u00e8bres du monde.<\/span><\/p>\n<p><span style=\"font-weight: 400;\">C&rsquo;est une occasion unique de prendre du recul par rapport \u00e0 l&rsquo;agitation de la vie quotidienne et de se reconnecter avec soi-m\u00eame. Avec le puzzle de 1000 pi\u00e8ces Ch\u00e2teau de Chenonceau, tu d\u00e9couvres bien plus qu&rsquo;une image \u00e9poustouflante : tu te red\u00e9couvres, tu t&rsquo;\u00e9coutes et tu t&rsquo;accordes du temps pour profiter des plaisirs simples de la vie.<\/span><\/p>\n<p><span style=\"font-weight: 400;\">De plus, si tu veux aussi d\u00e9brancher tes enfants de leurs appareils intelligents, envisage des s\u00e9ances de puzzle cr\u00e9atives et relaxantes. C&rsquo;est une fa\u00e7on unique de se d\u00e9tendre et d&rsquo;apprendre l&rsquo;histoire et les symboles fran\u00e7ais <\/span><\/p>\n<p><span style=\"font-weight: 400;\">Alors choisis le puzzle Ch\u00e2teau de Chenonceau de 1000 pi\u00e8ces pour toi et ta famille et d\u00e9couvre ensemble les myst\u00e8res d&rsquo;un c\u00e9l\u00e8bre symbole historique. Ou fais un cadeau de ce puzzle de 1000 pi\u00e8ces de la collection de puzzles pour adultes Ch\u00e2teaux fran\u00e7ais \u00e0 un amateur de puzzles.<\/span><\/p><\/p>\n","protected":false},"excerpt":{"rendered":"<p>Tu veux des jeux de r\u00e9flexion pour ajouter de la valeur \u00e0 ton temps libre ou pour offrir un cadeau<\/p>\n","protected":false},"featured_media":50228,"template":"","meta":[],"product_brand":[],"product_cat":[2314,2316,2315],"product_tag":[],"class_list":{"0":"post-52477","1":"product","2":"type-product","3":"status-publish","4":"has-post-thumbnail","6":"product_cat-puzzles-fr","7":"product_cat-puzzles-de-1000-pieces","8":"product_cat-puzzles-pour-adultes","9":"pa_brand-d_toys-fr","10":"pa_country_of_manufacture-ro-fr","11":"pa_filter_age-14-fr","12":"pa_painter-chateaux-francais","13":"pa_tip_ambalaj-boite","14":"pa_tip_puzzle-classique","16":"first","17":"instock","18":"taxable","19":"shipping-taxable","20":"product-type-simple"},"yoast_head":"<!-- This site is optimized with the Yoast SEO plugin v20.1 - https:\/\/yoast.com\/wordpress\/plugins\/seo\/ -->\n<title>Puzzle Adulte 1000 pi\u00e8ces Ch\u00e2teaux Fran\u00e7ais - Ch\u00e2teau de Chenonceau<\/title>\n<meta name=\"description\" content=\"Puzzle Adulte 1000 pi\u00e8ces Ch\u00e2teaux Fran\u00e7ais - Ch\u00e2teau de Chenonceau\" \/>\n<meta name=\"robots\" content=\"index, follow, max-snippet:-1, max-image-preview:large, max-video-preview:-1\" \/>\n<link rel=\"canonical\" href=\"https:\/\/business.roovi.com\/fr\/puzzle-adulte-1000-pieces-chateaux-francais-chateau-de-chenonceau\/p\/\" \/>\n<meta property=\"og:locale\" content=\"fr_FR\" \/>\n<meta property=\"og:type\" content=\"article\" \/>\n<meta property=\"og:title\" content=\"Puzzle Adulte 1000 pi\u00e8ces Ch\u00e2teaux Fran\u00e7ais - Ch\u00e2teau de Chenonceau\" \/>\n<meta property=\"og:description\" content=\"Puzzle Adulte 1000 pi\u00e8ces Ch\u00e2teaux Fran\u00e7ais - Ch\u00e2teau de Chenonceau\" \/>\n<meta property=\"og:url\" content=\"https:\/\/business.roovi.com\/fr\/puzzle-adulte-1000-pieces-chateaux-francais-chateau-de-chenonceau\/p\/\" \/>\n<meta property=\"og:site_name\" content=\"Roovi B2B\" \/>\n<meta property=\"article:publisher\" content=\"https:\/\/www.facebook.com\/wwwjucariero\" \/>\n<meta property=\"article:modified_time\" content=\"2022-07-13T10:17:11+00:00\" \/>\n<meta property=\"og:image\" content=\"https:\/\/business.roovi.com\/wp-content\/uploads\/2018\/09\/67562-03-ansamblu_dimensiuni-cutie-cm_orizontal.png\" \/>\n\t<meta property=\"og:image:width\" content=\"1000\" \/>\n\t<meta property=\"og:image:height\" content=\"1000\" \/>\n\t<meta property=\"og:image:type\" content=\"image\/png\" \/>\n<meta name=\"twitter:label1\" content=\"Dur\u00e9e de lecture estim\u00e9e\" \/>\n\t<meta name=\"twitter:data1\" content=\"4 minutes\" \/>\n<script type=\"application\/ld+json\" class=\"yoast-schema-graph\">{\"@context\":\"https:\/\/schema.org\",\"@graph\":[{\"@type\":\"WebPage\",\"@id\":\"https:\/\/business.roovi.com\/fr\/puzzle-adulte-1000-pieces-chateaux-francais-chateau-de-chenonceau\/p\/\",\"url\":\"https:\/\/business.roovi.com\/fr\/puzzle-adulte-1000-pieces-chateaux-francais-chateau-de-chenonceau\/p\/\",\"name\":\"Puzzle Adulte 1000 pi\u00e8ces Ch\u00e2teaux Fran\u00e7ais - Ch\u00e2teau de Chenonceau\",\"isPartOf\":{\"@id\":\"https:\/\/business.roovi.com\/fr\/#website\"},\"datePublished\":\"2018-09-05T10:21:59+00:00\",\"dateModified\":\"2022-07-13T10:17:11+00:00\",\"description\":\"Puzzle Adulte 1000 pi\u00e8ces Ch\u00e2teaux Fran\u00e7ais - Ch\u00e2teau de Chenonceau\",\"breadcrumb\":{\"@id\":\"https:\/\/business.roovi.com\/fr\/puzzle-adulte-1000-pieces-chateaux-francais-chateau-de-chenonceau\/p\/#breadcrumb\"},\"inLanguage\":\"fr-FR\",\"potentialAction\":[{\"@type\":\"ReadAction\",\"target\":[\"https:\/\/business.roovi.com\/fr\/puzzle-adulte-1000-pieces-chateaux-francais-chateau-de-chenonceau\/p\/\"]}]},{\"@type\":\"BreadcrumbList\",\"@id\":\"https:\/\/business.roovi.com\/fr\/puzzle-adulte-1000-pieces-chateaux-francais-chateau-de-chenonceau\/p\/#breadcrumb\",\"itemListElement\":[{\"@type\":\"ListItem\",\"position\":1,\"name\":\"Home\",\"item\":\"https:\/\/business.roovi.com\/fr\/\"},{\"@type\":\"ListItem\",\"position\":2,\"name\":\"Boutique\",\"item\":\"https:\/\/business.roovi.com\/fr\/boutique\/\"},{\"@type\":\"ListItem\",\"position\":3,\"name\":\"Puzzle Adulte 1000 pi\u00e8ces Ch\u00e2teaux Fran\u00e7ais &#8211; Ch\u00e2teau de Chenonceau\"}]},{\"@type\":\"WebSite\",\"@id\":\"https:\/\/business.roovi.com\/fr\/#website\",\"url\":\"https:\/\/business.roovi.com\/fr\/\",\"name\":\"Roovi B2B\",\"description\":\"Roovi Business Website\",\"potentialAction\":[{\"@type\":\"SearchAction\",\"target\":{\"@type\":\"EntryPoint\",\"urlTemplate\":\"https:\/\/business.roovi.com\/fr\/?s={search_term_string}\"},\"query-input\":\"required name=search_term_string\"}],\"inLanguage\":\"fr-FR\"}]}<\/script>\n<!-- \/ Yoast SEO plugin. -->","yoast_head_json":{"title":"Puzzle Adulte 1000 pi\u00e8ces Ch\u00e2teaux Fran\u00e7ais - Ch\u00e2teau de Chenonceau","description":"Puzzle Adulte 1000 pi\u00e8ces Ch\u00e2teaux Fran\u00e7ais - Ch\u00e2teau de Chenonceau","robots":{"index":"index","follow":"follow","max-snippet":"max-snippet:-1","max-image-preview":"max-image-preview:large","max-video-preview":"max-video-preview:-1"},"canonical":"https:\/\/business.roovi.com\/fr\/puzzle-adulte-1000-pieces-chateaux-francais-chateau-de-chenonceau\/p\/","og_locale":"fr_FR","og_type":"article","og_title":"Puzzle Adulte 1000 pi\u00e8ces Ch\u00e2teaux Fran\u00e7ais - Ch\u00e2teau de Chenonceau","og_description":"Puzzle Adulte 1000 pi\u00e8ces Ch\u00e2teaux Fran\u00e7ais - Ch\u00e2teau de Chenonceau","og_url":"https:\/\/business.roovi.com\/fr\/puzzle-adulte-1000-pieces-chateaux-francais-chateau-de-chenonceau\/p\/","og_site_name":"Roovi B2B","article_publisher":"https:\/\/www.facebook.com\/wwwjucariero","article_modified_time":"2022-07-13T10:17:11+00:00","og_image":[{"width":1000,"height":1000,"url":"https:\/\/business.roovi.com\/wp-content\/uploads\/2018\/09\/67562-03-ansamblu_dimensiuni-cutie-cm_orizontal.png","type":"image\/png"}],"twitter_misc":{"Dur\u00e9e de lecture estim\u00e9e":"4 minutes"},"schema":{"@context":"https:\/\/schema.org","@graph":[{"@type":"WebPage","@id":"https:\/\/business.roovi.com\/fr\/puzzle-adulte-1000-pieces-chateaux-francais-chateau-de-chenonceau\/p\/","url":"https:\/\/business.roovi.com\/fr\/puzzle-adulte-1000-pieces-chateaux-francais-chateau-de-chenonceau\/p\/","name":"Puzzle Adulte 1000 pi\u00e8ces Ch\u00e2teaux Fran\u00e7ais - Ch\u00e2teau de Chenonceau","isPartOf":{"@id":"https:\/\/business.roovi.com\/fr\/#website"},"datePublished":"2018-09-05T10:21:59+00:00","dateModified":"2022-07-13T10:17:11+00:00","description":"Puzzle Adulte 1000 pi\u00e8ces Ch\u00e2teaux Fran\u00e7ais - Ch\u00e2teau de Chenonceau","breadcrumb":{"@id":"https:\/\/business.roovi.com\/fr\/puzzle-adulte-1000-pieces-chateaux-francais-chateau-de-chenonceau\/p\/#breadcrumb"},"inLanguage":"fr-FR","potentialAction":[{"@type":"ReadAction","target":["https:\/\/business.roovi.com\/fr\/puzzle-adulte-1000-pieces-chateaux-francais-chateau-de-chenonceau\/p\/"]}]},{"@type":"BreadcrumbList","@id":"https:\/\/business.roovi.com\/fr\/puzzle-adulte-1000-pieces-chateaux-francais-chateau-de-chenonceau\/p\/#breadcrumb","itemListElement":[{"@type":"ListItem","position":1,"name":"Home","item":"https:\/\/business.roovi.com\/fr\/"},{"@type":"ListItem","position":2,"name":"Boutique","item":"https:\/\/business.roovi.com\/fr\/boutique\/"},{"@type":"ListItem","position":3,"name":"Puzzle Adulte 1000 pi\u00e8ces Ch\u00e2teaux Fran\u00e7ais &#8211; Ch\u00e2teau de Chenonceau"}]},{"@type":"WebSite","@id":"https:\/\/business.roovi.com\/fr\/#website","url":"https:\/\/business.roovi.com\/fr\/","name":"Roovi B2B","description":"Roovi Business Website","potentialAction":[{"@type":"SearchAction","target":{"@type":"EntryPoint","urlTemplate":"https:\/\/business.roovi.com\/fr\/?s={search_term_string}"},"query-input":"required name=search_term_string"}],"inLanguage":"fr-FR"}]}},"_links":{"self":[{"href":"https:\/\/business.roovi.com\/fr\/wp-json\/wp\/v2\/product\/52477","targetHints":{"allow":["GET"]}}],"collection":[{"href":"https:\/\/business.roovi.com\/fr\/wp-json\/wp\/v2\/product"}],"about":[{"href":"https:\/\/business.roovi.com\/fr\/wp-json\/wp\/v2\/types\/product"}],"version-history":[{"count":0,"href":"https:\/\/business.roovi.com\/fr\/wp-json\/wp\/v2\/product\/52477\/revisions"}],"wp:featuredmedia":[{"embeddable":true,"href":"https:\/\/business.roovi.com\/fr\/wp-json\/wp\/v2\/media\/50228"}],"wp:attachment":[{"href":"https:\/\/business.roovi.com\/fr\/wp-json\/wp\/v2\/media?parent=52477"}],"wp:term":[{"taxonomy":"product_brand","embeddable":true,"href":"https:\/\/business.roovi.com\/fr\/wp-json\/wp\/v2\/product_brand?post=52477"},{"taxonomy":"product_cat","embeddable":true,"href":"https:\/\/business.roovi.com\/fr\/wp-json\/wp\/v2\/product_cat?post=52477"},{"taxonomy":"product_tag","embeddable":true,"href":"https:\/\/business.roovi.com\/fr\/wp-json\/wp\/v2\/product_tag?post=52477"}],"curies":[{"name":"wp","href":"https:\/\/api.w.org\/{rel}","templated":true}]}}