{"id":52480,"date":"2018-09-05T09:37:32","date_gmt":"2018-09-05T09:37:32","guid":{"rendered":"https:\/\/business.roovi.com\/puzzle-adulti-1000-piese-high-difficulty-vegetables-legume\/p\/"},"modified":"2022-07-13T10:17:12","modified_gmt":"2022-07-13T10:17:12","slug":"puzzle-adulte-1000-pieces-haute-difficulte-legumes","status":"publish","type":"product","link":"https:\/\/business.roovi.com\/fr\/puzzle-adulte-1000-pieces-haute-difficulte-legumes\/p\/","title":{"rendered":"Puzzle adulte 1000 pi\u00e8ces Haute Difficult\u00e9 &#8211; L\u00e9gumes"},"content":{"rendered":"<p><span style=\"font-weight: 400;\">Mets de l&rsquo;ordre dans tes pens\u00e9es, pi\u00e8ce par pi\u00e8ce, avec un puzzle de 1000 pi\u00e8ces de haute difficult\u00e9. Compl\u00e8te un tableau vibrant avec beaucoup de l\u00e9gumes dans des tons proches du rouge et profite de nombreuses heures de d\u00e9tente et d&rsquo;introspection.<\/span><\/p>\n<p><span style=\"font-weight: 400;\">Le puzzle L\u00e9gumes\/Legumes de 1000 pi\u00e8ces de la collection Haute difficult\u00e9 t&#8217;emm\u00e8ne en toute s\u00e9curit\u00e9 au niveau sup\u00e9rieur des jeux de puzzle. De nombreux l\u00e9gumes rouge vif te permettent de rester connect\u00e9 \u00e0 une activit\u00e9 relaxante et cr\u00e9ative.<\/span><\/p>\n<p><span style=\"font-weight: 400;\">Imagine-toi aller au march\u00e9 et choisir des l\u00e9gumes m\u00fbrs avec lesquels tu pourras pr\u00e9parer la plus d\u00e9licieuse des salades d&rsquo;\u00e9t\u00e9. C&rsquo;est un peu la m\u00eame chose avec ce puzzle de 1000 pi\u00e8ces : choisis calmement, patiemment et soigneusement les bonnes pi\u00e8ces pour compl\u00e9ter le tableau. Au final, tu composes une image qui transmet de la fra\u00eecheur et de la vitalit\u00e9. C\u00e9l\u00e8bre ton travail en le mettant dans le cadre. Il ajoutera de la couleur \u00e0 n&rsquo;importe quel endroit ordinaire de ta maison. De plus, cela te rappellera toujours que tu peux faire ce que tu veux vraiment.<\/span><\/p>\n<p><span style=\"font-weight: 400;\">Caract\u00e9ristiques Puzzle de 1000 pi\u00e8ces de haute difficult\u00e9 &#8211; L\u00e9gumes :<\/span><\/p>\n<p><strong>Taille de l&rsquo;image assembl\u00e9e : 47 x 68 cm<\/strong><\/p>\n<p><strong>Mat\u00e9riau du puzzle <\/strong><\/p>\n<p><strong>carton bleu de haute qualit\u00e9<\/strong><\/p>\n<p><strong>des mat\u00e9riaux durables et recyclables<\/strong><\/p>\n<p><strong>finition semi-brillante, couleurs vives<\/strong><\/p>\n<p><strong>Nombre de pi\u00e8ces de puzzle : 1000<\/strong><\/p>\n<p><strong>\u00c2ge recommand\u00e9 : 14+<\/strong><\/p>\n<p><span style=\"font-weight: 400;\">Rassembler un puzzle de 1000 pi\u00e8ces de haute difficult\u00e9 pr\u00e9sente de nombreux avantages qui se refl\u00e8tent \u00e0 plusieurs niveaux :<\/span><\/p>\n<ul>\n<li><span style=\"font-weight: 400;\">Cela te permet de rester concentr\u00e9 sur une seule t\u00e2che pendant plus longtemps.<\/span><\/li>\n<li><span style=\"font-weight: 400;\">Elle cultive ta patience.<\/span><\/li>\n<li><span style=\"font-weight: 400;\">C&rsquo;est une activit\u00e9 relaxante et amusante.<\/span><\/li>\n<li><span style=\"font-weight: 400;\">Il te d\u00e9connecte de tes \u00e9crans pendant un long moment.<\/span><\/li>\n<li><span style=\"font-weight: 400;\">Cela peut \u00eatre l&rsquo;occasion de socialiser et de se rapprocher de ses proches.<\/span><\/li>\n<\/ul>\n<p><strong>Pourquoi choisir le puzzle 1000 pi\u00e8ces &#8211; L\u00e9gumes de la collection de puzzles de haute difficult\u00e9 ?<\/strong><\/p>\n<p><span style=\"font-weight: 400;\">Il met ton esprit au d\u00e9fi et garde ta m\u00e9moire vive.<\/span><\/p>\n<p><span style=\"font-weight: 400;\">Tu entra\u00eenes tes comp\u00e9tences en puzzle de 1000 pi\u00e8ces et tu montres ta ma\u00eetrise devant tes amis.<\/span><\/p>\n<p><span style=\"font-weight: 400;\">Ils stimulent la s\u00e9cr\u00e9tion de dopamine dans le cerveau et te donnent une bonne sensation.<\/span><\/p>\n<p><span style=\"font-weight: 400;\">Tu es soulag\u00e9e du stress et tu \u00e9prouves un incroyable sentiment de satisfaction une fois que tu as coll\u00e9 la derni\u00e8re pi\u00e8ce.<\/span><\/p>\n<p><span style=\"font-weight: 400;\">Les pi\u00e8ces du puzzle sont d\u00e9coup\u00e9es avec pr\u00e9cision et s&#8217;embo\u00eetent parfaitement, afin que l&rsquo;image termin\u00e9e puisse \u00eatre un tableau d\u00e9coratif exceptionnel.<\/span><\/p>\n<p><strong>Tu savais que&#8230; ?<\/strong><\/p>\n<p><span style=\"font-weight: 400;\">Le jus le plus populaire au monde est le jus de tomate.<\/span><\/p>\n<p><span style=\"font-weight: 400;\">Il existe environ 10 000 vari\u00e9t\u00e9s de tomates dans le monde.<\/span><\/p>\n<p><span style=\"font-weight: 400;\">Les poivrons contiennent du silicium, une substance qui renforce les ongles et les cheveux.<\/span><\/p>\n<p><span style=\"font-weight: 400;\">Un gros poivron rouge contient deux fois plus de vitamine C qu&rsquo;une orange.<\/span><\/p>\n<p><span style=\"font-weight: 400;\">Les premi\u00e8res personnes \u00e0 avoir cultiv\u00e9 des piments \u00e9taient les Azt\u00e8ques et les Mayas.<\/span><\/p>\n<p><strong>Le puzzle de 1000 pi\u00e8ces de haute difficult\u00e9 c\u00e9l\u00e8bre le moment pr\u00e9sent<\/strong><\/p>\n<p><span style=\"font-weight: 400;\">Lorsque tu te concentres sur les pi\u00e8ces du puzzle, leurs formes et leurs nuances, ton esprit est connect\u00e9 au moment pr\u00e9sent. Tu es ici et maintenant, tu assembles une image et c&rsquo;est tout. Rien d&rsquo;autre ne compte, aucune autre pens\u00e9e n&rsquo;envahit ton esprit.<\/span><\/p>\n<p><span style=\"font-weight: 400;\">Lorsque tu colles la derni\u00e8re pi\u00e8ce, tu te sens heureux et content de toi et tu veux revivre ces moments. Ainsi, le puzzle 1000 pi\u00e8ces de haute difficult\u00e9 t&rsquo;offre une exp\u00e9rience incroyable qui te d\u00e9tend et t&rsquo;apporte bonheur et optimisme.<\/span><\/p>\n<p><span style=\"font-weight: 400;\">Pour les moments o\u00f9 tu veux \u00eatre seule et te d\u00e9tendre en assemblant un super jeu de puzzle ou pour les jours o\u00f9 tu veux tester l&rsquo;attention aux d\u00e9tails de tes amis, le puzzle 1000 pi\u00e8ces High Difficult &#8211; Vegetables est parfait.<\/span><\/p>\n<p><span style=\"font-weight: 400;\">De plus, ce puzzle de 1000 pi\u00e8ces color\u00e9 et frais peut \u00eatre un cadeau appropri\u00e9 pour les vacances ou diverses occasions d&rsquo;anniversaire.<\/span><\/p><\/p>\n","protected":false},"excerpt":{"rendered":"<p>Mets de l&rsquo;ordre dans tes pens\u00e9es, pi\u00e8ce par pi\u00e8ce, avec un puzzle de 1000 pi\u00e8ces de haute difficult\u00e9. Compl\u00e8te un<\/p>\n","protected":false},"featured_media":50207,"template":"","meta":[],"product_brand":[],"product_cat":[2314,2316,2315],"product_tag":[],"class_list":{"0":"post-52480","1":"product","2":"type-product","3":"status-publish","4":"has-post-thumbnail","6":"product_cat-puzzles-fr","7":"product_cat-puzzles-de-1000-pieces","8":"product_cat-puzzles-pour-adultes","9":"pa_brand-d_toys-fr","10":"pa_country_of_manufacture-ro-fr","11":"pa_filter_age-14-fr","12":"pa_painter-difficulte-elevee","13":"pa_tip_ambalaj-boite","14":"pa_tip_puzzle-classique","16":"first","17":"instock","18":"taxable","19":"shipping-taxable","20":"product-type-simple"},"yoast_head":"<!-- This site is optimized with the Yoast SEO plugin v20.1 - https:\/\/yoast.com\/wordpress\/plugins\/seo\/ -->\n<title>Puzzle adulte 1000 pi\u00e8ces Haute Difficult\u00e9 - L\u00e9gumes<\/title>\n<meta name=\"description\" content=\"Puzzle adulte 1000 pi\u00e8ces Haute Difficult\u00e9 - L\u00e9gumes\" \/>\n<meta name=\"robots\" content=\"index, follow, max-snippet:-1, max-image-preview:large, max-video-preview:-1\" \/>\n<link rel=\"canonical\" href=\"https:\/\/business.roovi.com\/fr\/puzzle-adulte-1000-pieces-haute-difficulte-legumes\/p\/\" \/>\n<meta property=\"og:locale\" content=\"fr_FR\" \/>\n<meta property=\"og:type\" content=\"article\" \/>\n<meta property=\"og:title\" content=\"Puzzle adulte 1000 pi\u00e8ces Haute Difficult\u00e9 - L\u00e9gumes\" \/>\n<meta property=\"og:description\" content=\"Puzzle adulte 1000 pi\u00e8ces Haute Difficult\u00e9 - L\u00e9gumes\" \/>\n<meta property=\"og:url\" content=\"https:\/\/business.roovi.com\/fr\/puzzle-adulte-1000-pieces-haute-difficulte-legumes\/p\/\" \/>\n<meta property=\"og:site_name\" content=\"Roovi B2B\" \/>\n<meta property=\"article:publisher\" content=\"https:\/\/www.facebook.com\/wwwjucariero\" \/>\n<meta property=\"article:modified_time\" content=\"2022-07-13T10:17:12+00:00\" \/>\n<meta property=\"og:image\" content=\"https:\/\/business.roovi.com\/wp-content\/uploads\/2018\/09\/71958-03-ansamblu_dimensiuni-cutie-cm_orizontal.png\" \/>\n\t<meta property=\"og:image:width\" content=\"820\" \/>\n\t<meta property=\"og:image:height\" content=\"820\" \/>\n\t<meta property=\"og:image:type\" content=\"image\/png\" \/>\n<meta name=\"twitter:label1\" content=\"Dur\u00e9e de lecture estim\u00e9e\" \/>\n\t<meta name=\"twitter:data1\" content=\"3 minutes\" \/>\n<script type=\"application\/ld+json\" class=\"yoast-schema-graph\">{\"@context\":\"https:\/\/schema.org\",\"@graph\":[{\"@type\":\"WebPage\",\"@id\":\"https:\/\/business.roovi.com\/fr\/puzzle-adulte-1000-pieces-haute-difficulte-legumes\/p\/\",\"url\":\"https:\/\/business.roovi.com\/fr\/puzzle-adulte-1000-pieces-haute-difficulte-legumes\/p\/\",\"name\":\"Puzzle adulte 1000 pi\u00e8ces Haute Difficult\u00e9 - L\u00e9gumes\",\"isPartOf\":{\"@id\":\"https:\/\/business.roovi.com\/fr\/#website\"},\"datePublished\":\"2018-09-05T09:37:32+00:00\",\"dateModified\":\"2022-07-13T10:17:12+00:00\",\"description\":\"Puzzle adulte 1000 pi\u00e8ces Haute Difficult\u00e9 - L\u00e9gumes\",\"breadcrumb\":{\"@id\":\"https:\/\/business.roovi.com\/fr\/puzzle-adulte-1000-pieces-haute-difficulte-legumes\/p\/#breadcrumb\"},\"inLanguage\":\"fr-FR\",\"potentialAction\":[{\"@type\":\"ReadAction\",\"target\":[\"https:\/\/business.roovi.com\/fr\/puzzle-adulte-1000-pieces-haute-difficulte-legumes\/p\/\"]}]},{\"@type\":\"BreadcrumbList\",\"@id\":\"https:\/\/business.roovi.com\/fr\/puzzle-adulte-1000-pieces-haute-difficulte-legumes\/p\/#breadcrumb\",\"itemListElement\":[{\"@type\":\"ListItem\",\"position\":1,\"name\":\"Home\",\"item\":\"https:\/\/business.roovi.com\/fr\/\"},{\"@type\":\"ListItem\",\"position\":2,\"name\":\"Boutique\",\"item\":\"https:\/\/business.roovi.com\/fr\/boutique\/\"},{\"@type\":\"ListItem\",\"position\":3,\"name\":\"Puzzle adulte 1000 pi\u00e8ces Haute Difficult\u00e9 &#8211; L\u00e9gumes\"}]},{\"@type\":\"WebSite\",\"@id\":\"https:\/\/business.roovi.com\/fr\/#website\",\"url\":\"https:\/\/business.roovi.com\/fr\/\",\"name\":\"Roovi B2B\",\"description\":\"Roovi Business Website\",\"potentialAction\":[{\"@type\":\"SearchAction\",\"target\":{\"@type\":\"EntryPoint\",\"urlTemplate\":\"https:\/\/business.roovi.com\/fr\/?s={search_term_string}\"},\"query-input\":\"required name=search_term_string\"}],\"inLanguage\":\"fr-FR\"}]}<\/script>\n<!-- \/ Yoast SEO plugin. -->","yoast_head_json":{"title":"Puzzle adulte 1000 pi\u00e8ces Haute Difficult\u00e9 - L\u00e9gumes","description":"Puzzle adulte 1000 pi\u00e8ces Haute Difficult\u00e9 - L\u00e9gumes","robots":{"index":"index","follow":"follow","max-snippet":"max-snippet:-1","max-image-preview":"max-image-preview:large","max-video-preview":"max-video-preview:-1"},"canonical":"https:\/\/business.roovi.com\/fr\/puzzle-adulte-1000-pieces-haute-difficulte-legumes\/p\/","og_locale":"fr_FR","og_type":"article","og_title":"Puzzle adulte 1000 pi\u00e8ces Haute Difficult\u00e9 - L\u00e9gumes","og_description":"Puzzle adulte 1000 pi\u00e8ces Haute Difficult\u00e9 - L\u00e9gumes","og_url":"https:\/\/business.roovi.com\/fr\/puzzle-adulte-1000-pieces-haute-difficulte-legumes\/p\/","og_site_name":"Roovi B2B","article_publisher":"https:\/\/www.facebook.com\/wwwjucariero","article_modified_time":"2022-07-13T10:17:12+00:00","og_image":[{"width":820,"height":820,"url":"https:\/\/business.roovi.com\/wp-content\/uploads\/2018\/09\/71958-03-ansamblu_dimensiuni-cutie-cm_orizontal.png","type":"image\/png"}],"twitter_misc":{"Dur\u00e9e de lecture estim\u00e9e":"3 minutes"},"schema":{"@context":"https:\/\/schema.org","@graph":[{"@type":"WebPage","@id":"https:\/\/business.roovi.com\/fr\/puzzle-adulte-1000-pieces-haute-difficulte-legumes\/p\/","url":"https:\/\/business.roovi.com\/fr\/puzzle-adulte-1000-pieces-haute-difficulte-legumes\/p\/","name":"Puzzle adulte 1000 pi\u00e8ces Haute Difficult\u00e9 - L\u00e9gumes","isPartOf":{"@id":"https:\/\/business.roovi.com\/fr\/#website"},"datePublished":"2018-09-05T09:37:32+00:00","dateModified":"2022-07-13T10:17:12+00:00","description":"Puzzle adulte 1000 pi\u00e8ces Haute Difficult\u00e9 - L\u00e9gumes","breadcrumb":{"@id":"https:\/\/business.roovi.com\/fr\/puzzle-adulte-1000-pieces-haute-difficulte-legumes\/p\/#breadcrumb"},"inLanguage":"fr-FR","potentialAction":[{"@type":"ReadAction","target":["https:\/\/business.roovi.com\/fr\/puzzle-adulte-1000-pieces-haute-difficulte-legumes\/p\/"]}]},{"@type":"BreadcrumbList","@id":"https:\/\/business.roovi.com\/fr\/puzzle-adulte-1000-pieces-haute-difficulte-legumes\/p\/#breadcrumb","itemListElement":[{"@type":"ListItem","position":1,"name":"Home","item":"https:\/\/business.roovi.com\/fr\/"},{"@type":"ListItem","position":2,"name":"Boutique","item":"https:\/\/business.roovi.com\/fr\/boutique\/"},{"@type":"ListItem","position":3,"name":"Puzzle adulte 1000 pi\u00e8ces Haute Difficult\u00e9 &#8211; L\u00e9gumes"}]},{"@type":"WebSite","@id":"https:\/\/business.roovi.com\/fr\/#website","url":"https:\/\/business.roovi.com\/fr\/","name":"Roovi B2B","description":"Roovi Business Website","potentialAction":[{"@type":"SearchAction","target":{"@type":"EntryPoint","urlTemplate":"https:\/\/business.roovi.com\/fr\/?s={search_term_string}"},"query-input":"required name=search_term_string"}],"inLanguage":"fr-FR"}]}},"_links":{"self":[{"href":"https:\/\/business.roovi.com\/fr\/wp-json\/wp\/v2\/product\/52480","targetHints":{"allow":["GET"]}}],"collection":[{"href":"https:\/\/business.roovi.com\/fr\/wp-json\/wp\/v2\/product"}],"about":[{"href":"https:\/\/business.roovi.com\/fr\/wp-json\/wp\/v2\/types\/product"}],"version-history":[{"count":0,"href":"https:\/\/business.roovi.com\/fr\/wp-json\/wp\/v2\/product\/52480\/revisions"}],"wp:featuredmedia":[{"embeddable":true,"href":"https:\/\/business.roovi.com\/fr\/wp-json\/wp\/v2\/media\/50207"}],"wp:attachment":[{"href":"https:\/\/business.roovi.com\/fr\/wp-json\/wp\/v2\/media?parent=52480"}],"wp:term":[{"taxonomy":"product_brand","embeddable":true,"href":"https:\/\/business.roovi.com\/fr\/wp-json\/wp\/v2\/product_brand?post=52480"},{"taxonomy":"product_cat","embeddable":true,"href":"https:\/\/business.roovi.com\/fr\/wp-json\/wp\/v2\/product_cat?post=52480"},{"taxonomy":"product_tag","embeddable":true,"href":"https:\/\/business.roovi.com\/fr\/wp-json\/wp\/v2\/product_tag?post=52480"}],"curies":[{"name":"wp","href":"https:\/\/api.w.org\/{rel}","templated":true}]}}