{"id":52484,"date":"2018-09-04T09:57:02","date_gmt":"2018-09-04T09:57:02","guid":{"rendered":"https:\/\/business.roovi.com\/puzzle-adulti-1000-piese-edgar-degas-the-dance-foyer-at-the-opera\/p\/"},"modified":"2022-10-18T10:16:22","modified_gmt":"2022-10-18T10:16:22","slug":"puzzle-edgar-degas-de-1000-pieces-pour-adultes-le-foyer-de-la-danse-a-lopera","status":"publish","type":"product","link":"https:\/\/business.roovi.com\/fr\/puzzle-edgar-degas-de-1000-pieces-pour-adultes-le-foyer-de-la-danse-a-lopera\/p\/","title":{"rendered":"Puzzle Edgar Degas de 1000 pi\u00e8ces pour adultes &#8211; Le Foyer de la Danse \u00e0 l&rsquo;Op\u00e9ra"},"content":{"rendered":"<p><strong><em>Tu cherches un rem\u00e8de pour chasser l&rsquo;ennui ? Les puzzles de la collection de puzzles d&rsquo;art te feront sortir de ta zone de confort et te r\u00e9v\u00e9leront le monde fascinant des tableaux c\u00e9l\u00e8bres.<\/em><\/strong><\/p>\n<p><span style=\"font-weight: 400;\">Le puzzle de 1000 pi\u00e8ces Edgar Degas &#8211; Le Foyer de la Danse \u00e0 l&rsquo;Op\u00e9ra recr\u00e9e l&rsquo;image de l&rsquo;un des c\u00e9l\u00e8bres tableaux du peintre fran\u00e7ais fascin\u00e9 par la gr\u00e2ce des ballerines. Edgar Degas est connu pour la ma\u00eetrise avec laquelle il a esquiss\u00e9 chaque geste, mouvement et position des danseurs, puis a rassembl\u00e9 tous ces \u00e9l\u00e9ments dans des tableaux d&rsquo;une \u00e9l\u00e9gance stup\u00e9fiante.<\/span><\/p>\n<p><span style=\"font-weight: 400;\">Ma\u00eetre dans l&rsquo;art de repr\u00e9senter le mouvement en peinture, Degas a captur\u00e9 dans ses tableaux non seulement les c\u00e9l\u00e8bres ballerines et baigneuses, mais aussi d&rsquo;autres sujets comme les chevaux de course et les portraits. Ces derniers sont remarquables pour leur complexit\u00e9 psychologique et mettent parfois en avant l&rsquo;isolement des humains.<\/span><\/p>\n<p><span style=\"font-weight: 400;\">Assemble le puzzle de 1000 pi\u00e8ces Le Foyer de la Danse \u00e0 l&rsquo;Op\u00e9ra et admire tranquillement les finitions d&rsquo;un tableau spectaculaire. De plus, tu peux transformer l&rsquo;image en un tableau de collection qui ajoutera une touche raffin\u00e9e \u00e0 ta maison.<\/span><\/p>\n<p><strong>Caract\u00e9ristiques Puzzle de 1000 pi\u00e8ces Edgar Degas &#8211; Le Foyer de la Danse \u00e0 l&rsquo;Op\u00e9ra<\/strong><\/p>\n<p><strong>Taille de l&rsquo;image reconstruite : 68 x 47 cm<\/strong><\/p>\n<p><strong>Mat\u00e9riau du puzzle <\/strong><\/p>\n<p><strong>carton bleu de haute qualit\u00e9<\/strong><\/p>\n<p><strong>des mat\u00e9riaux durables et recyclables<\/strong><\/p>\n<p><strong>finition semi-brillante, couleurs vives<\/strong><\/p>\n<p><strong>Nombre de pi\u00e8ces de puzzle : 1000<\/strong><\/p>\n<p><strong>\u00c2ge recommand\u00e9 : 14+<\/strong><\/p>\n<p><span style=\"font-weight: 400;\">Les jeux de r\u00e9flexion sont un moyen incroyable de se d\u00e9tendre et de se d\u00e9velopper :<\/span><\/p>\n<ul>\n<li><span style=\"font-weight: 400;\">Elle cultive ton attention aux d\u00e9tails et ta pers\u00e9v\u00e9rance.<\/span><\/li>\n<li><span style=\"font-weight: 400;\">Elle te donne la le\u00e7on de patience et la satisfaction d&rsquo;atteindre un objectif pr\u00e9cis.<\/span><\/li>\n<li><span style=\"font-weight: 400;\">Il engage les deux h\u00e9misph\u00e8res c\u00e9r\u00e9braux et garde ta m\u00e9moire vive.<\/span><\/li>\n<li><span style=\"font-weight: 400;\">Il te d\u00e9connecte de tes \u00e9crans et t&rsquo;aide \u00e0 red\u00e9couvrir la joie des choses simples.<\/span><\/li>\n<li><span style=\"font-weight: 400;\">Cela peut \u00eatre un moyen de socialiser et de se rapprocher de ses proches.<\/span><\/li>\n<\/ul>\n<p><strong>Savais-tu que..<\/strong><\/p>\n<p><span style=\"font-weight: 400;\">Bien qu&rsquo;Edgar Degas soit consid\u00e9r\u00e9 comme l&rsquo;un des fondateurs de l&rsquo;impressionnisme, il a rejet\u00e9 ce terme, pr\u00e9f\u00e9rant \u00eatre appel\u00e9 peintre r\u00e9aliste.<\/span><\/p>\n<p><span style=\"font-weight: 400;\">Ses \u0153uvres dynamiques avec des sc\u00e8nes de diff\u00e9rents endroits sont cr\u00e9\u00e9es dans l&rsquo;atelier, plut\u00f4t qu&rsquo;en plein air, comme c&rsquo;\u00e9tait le cas pour les impressionnistes.<\/span><\/p>\n<p><span style=\"font-weight: 400;\">En plus des peintures, Degas a produit de nombreuses sculptures en bronze, des gravures et des dessins <\/span><\/p>\n<p><span style=\"font-weight: 400;\">Dans sa jeunesse, il avait l&rsquo;habitude de copier des \u0153uvres c\u00e9l\u00e8bres expos\u00e9es au Louvre.<\/span><\/p>\n<p><span style=\"font-weight: 400;\">Il a \u00e9t\u00e9 c\u00e9libataire toute sa vie et on ne conna\u00eet pas beaucoup de d\u00e9tails de sa vie priv\u00e9e. Manet disait de lui-m\u00eame qu&rsquo;il \u00e9tait <\/span><span style=\"font-weight: 400;\">\u00ab\u00a0<\/span><span style=\"font-weight: 400;\">incapable d&rsquo;aimer une femme<\/span><span style=\"font-weight: 400;\">\u00ab\u00a0<\/span><span style=\"font-weight: 400;\">.<\/span><\/p>\n<p><strong>Le Foyer de la Danse \u00e0 l&rsquo;Op\u00e9ra Puzzle de 1000 pi\u00e8ces pour une exp\u00e9rience profond\u00e9ment relaxante<\/strong><\/p>\n<p><span style=\"font-weight: 400;\">L&rsquo;activit\u00e9 d&rsquo;assemblage est un moyen de sortir de ta routine quotidienne et de te d\u00e9tendre profond\u00e9ment. En cherchant les bonnes pi\u00e8ces, ton esprit se concentre intens\u00e9ment et toutes les pens\u00e9es n\u00e9gatives et les soucis quotidiens disparaissent comme par magie. Tu vis dans le pr\u00e9sent et \u00e9prouve un sentiment de paix et de d\u00e9connexion de l&rsquo;agitation de la vie quotidienne. \u00c0 la fin, lorsque le puzzle de 1000 pi\u00e8ces est termin\u00e9, tu es heureux et confiant dans ta propre force et tu veux r\u00e9p\u00e9ter l&rsquo;exp\u00e9rience encore et encore.<\/span><\/p>\n<p><span style=\"font-weight: 400;\">Tu as de nombreuses raisons de choisir le puzzle artistique Edgar Degas &#8211; Le Foyer de la Danse \u00e0 l&rsquo;Op\u00e9ra. Garde-le chez toi et recr\u00e9e l&rsquo;image chaque fois que tu ressens le besoin d&rsquo;un d\u00e9fi cr\u00e9atif, profite-en avec ta famille ou tes amis, ou mets-le sous le sapin de No\u00ebl et transforme-le en un super cadeau pour les amateurs de jeux de r\u00e9flexion.<\/span><\/p>\n","protected":false},"excerpt":{"rendered":"<p>Tu cherches un rem\u00e8de pour chasser l&rsquo;ennui ? Les puzzles de la collection de puzzles d&rsquo;art te feront sortir de<\/p>\n","protected":false},"featured_media":63466,"template":"","meta":[],"product_brand":[],"product_cat":[2314,2316,2315],"product_tag":[],"class_list":{"0":"post-52484","1":"product","2":"type-product","3":"status-publish","4":"has-post-thumbnail","6":"product_cat-puzzles-fr","7":"product_cat-puzzles-de-1000-pieces","8":"product_cat-puzzles-pour-adultes","9":"pa_brand-d_toys-fr","10":"pa_country_of_manufacture-ro-fr","11":"pa_filter_age-14-fr","12":"pa_painter-edgardegas-fr","13":"pa_tip_ambalaj-boite","14":"pa_tip_puzzle-classique","16":"first","17":"instock","18":"taxable","19":"shipping-taxable","20":"product-type-simple"},"yoast_head":"<!-- This site is optimized with the Yoast SEO plugin v20.1 - https:\/\/yoast.com\/wordpress\/plugins\/seo\/ -->\n<title>Puzzle Edgar Degas de 1000 pi\u00e8ces pour adultes - Le Foyer de la Danse \u00e0 l&#039;Op\u00e9ra<\/title>\n<meta name=\"description\" content=\"Puzzle Edgar Degas de 1000 pi\u00e8ces pour adultes - Le Foyer de la Danse \u00e0 l&#039;Op\u00e9ra\" \/>\n<meta name=\"robots\" content=\"index, follow, max-snippet:-1, max-image-preview:large, max-video-preview:-1\" \/>\n<link rel=\"canonical\" href=\"https:\/\/business.roovi.com\/fr\/puzzle-edgar-degas-de-1000-pieces-pour-adultes-le-foyer-de-la-danse-a-lopera\/p\/\" \/>\n<meta property=\"og:locale\" content=\"fr_FR\" \/>\n<meta property=\"og:type\" content=\"article\" \/>\n<meta property=\"og:title\" content=\"Puzzle Edgar Degas de 1000 pi\u00e8ces pour adultes - Le Foyer de la Danse \u00e0 l&#039;Op\u00e9ra\" \/>\n<meta property=\"og:description\" content=\"Puzzle Edgar Degas de 1000 pi\u00e8ces pour adultes - Le Foyer de la Danse \u00e0 l&#039;Op\u00e9ra\" \/>\n<meta property=\"og:url\" content=\"https:\/\/business.roovi.com\/fr\/puzzle-edgar-degas-de-1000-pieces-pour-adultes-le-foyer-de-la-danse-a-lopera\/p\/\" \/>\n<meta property=\"og:site_name\" content=\"Roovi B2B\" \/>\n<meta property=\"article:publisher\" content=\"https:\/\/www.facebook.com\/wwwjucariero\" \/>\n<meta property=\"article:modified_time\" content=\"2022-10-18T10:16:22+00:00\" \/>\n<meta property=\"og:image\" content=\"https:\/\/business.roovi.com\/wp-content\/uploads\/2018\/09\/72801-03-ansamblu_dimensiuni-cutie-cm_orizontal.png\" \/>\n\t<meta property=\"og:image:width\" content=\"1200\" \/>\n\t<meta property=\"og:image:height\" content=\"1200\" \/>\n\t<meta property=\"og:image:type\" content=\"image\/png\" \/>\n<meta name=\"twitter:label1\" content=\"Dur\u00e9e de lecture estim\u00e9e\" \/>\n\t<meta name=\"twitter:data1\" content=\"3 minutes\" \/>\n<script type=\"application\/ld+json\" class=\"yoast-schema-graph\">{\"@context\":\"https:\/\/schema.org\",\"@graph\":[{\"@type\":\"WebPage\",\"@id\":\"https:\/\/business.roovi.com\/fr\/puzzle-edgar-degas-de-1000-pieces-pour-adultes-le-foyer-de-la-danse-a-lopera\/p\/\",\"url\":\"https:\/\/business.roovi.com\/fr\/puzzle-edgar-degas-de-1000-pieces-pour-adultes-le-foyer-de-la-danse-a-lopera\/p\/\",\"name\":\"Puzzle Edgar Degas de 1000 pi\u00e8ces pour adultes - Le Foyer de la Danse \u00e0 l'Op\u00e9ra\",\"isPartOf\":{\"@id\":\"https:\/\/business.roovi.com\/fr\/#website\"},\"datePublished\":\"2018-09-04T09:57:02+00:00\",\"dateModified\":\"2022-10-18T10:16:22+00:00\",\"description\":\"Puzzle Edgar Degas de 1000 pi\u00e8ces pour adultes - Le Foyer de la Danse \u00e0 l'Op\u00e9ra\",\"breadcrumb\":{\"@id\":\"https:\/\/business.roovi.com\/fr\/puzzle-edgar-degas-de-1000-pieces-pour-adultes-le-foyer-de-la-danse-a-lopera\/p\/#breadcrumb\"},\"inLanguage\":\"fr-FR\",\"potentialAction\":[{\"@type\":\"ReadAction\",\"target\":[\"https:\/\/business.roovi.com\/fr\/puzzle-edgar-degas-de-1000-pieces-pour-adultes-le-foyer-de-la-danse-a-lopera\/p\/\"]}]},{\"@type\":\"BreadcrumbList\",\"@id\":\"https:\/\/business.roovi.com\/fr\/puzzle-edgar-degas-de-1000-pieces-pour-adultes-le-foyer-de-la-danse-a-lopera\/p\/#breadcrumb\",\"itemListElement\":[{\"@type\":\"ListItem\",\"position\":1,\"name\":\"Home\",\"item\":\"https:\/\/business.roovi.com\/fr\/\"},{\"@type\":\"ListItem\",\"position\":2,\"name\":\"Boutique\",\"item\":\"https:\/\/business.roovi.com\/fr\/boutique\/\"},{\"@type\":\"ListItem\",\"position\":3,\"name\":\"Puzzle Edgar Degas de 1000 pi\u00e8ces pour adultes &#8211; Le Foyer de la Danse \u00e0 l&#8217;Op\u00e9ra\"}]},{\"@type\":\"WebSite\",\"@id\":\"https:\/\/business.roovi.com\/fr\/#website\",\"url\":\"https:\/\/business.roovi.com\/fr\/\",\"name\":\"Roovi B2B\",\"description\":\"Roovi Business Website\",\"potentialAction\":[{\"@type\":\"SearchAction\",\"target\":{\"@type\":\"EntryPoint\",\"urlTemplate\":\"https:\/\/business.roovi.com\/fr\/?s={search_term_string}\"},\"query-input\":\"required name=search_term_string\"}],\"inLanguage\":\"fr-FR\"}]}<\/script>\n<!-- \/ Yoast SEO plugin. -->","yoast_head_json":{"title":"Puzzle Edgar Degas de 1000 pi\u00e8ces pour adultes - Le Foyer de la Danse \u00e0 l'Op\u00e9ra","description":"Puzzle Edgar Degas de 1000 pi\u00e8ces pour adultes - Le Foyer de la Danse \u00e0 l'Op\u00e9ra","robots":{"index":"index","follow":"follow","max-snippet":"max-snippet:-1","max-image-preview":"max-image-preview:large","max-video-preview":"max-video-preview:-1"},"canonical":"https:\/\/business.roovi.com\/fr\/puzzle-edgar-degas-de-1000-pieces-pour-adultes-le-foyer-de-la-danse-a-lopera\/p\/","og_locale":"fr_FR","og_type":"article","og_title":"Puzzle Edgar Degas de 1000 pi\u00e8ces pour adultes - Le Foyer de la Danse \u00e0 l'Op\u00e9ra","og_description":"Puzzle Edgar Degas de 1000 pi\u00e8ces pour adultes - Le Foyer de la Danse \u00e0 l'Op\u00e9ra","og_url":"https:\/\/business.roovi.com\/fr\/puzzle-edgar-degas-de-1000-pieces-pour-adultes-le-foyer-de-la-danse-a-lopera\/p\/","og_site_name":"Roovi B2B","article_publisher":"https:\/\/www.facebook.com\/wwwjucariero","article_modified_time":"2022-10-18T10:16:22+00:00","og_image":[{"width":1200,"height":1200,"url":"https:\/\/business.roovi.com\/wp-content\/uploads\/2018\/09\/72801-03-ansamblu_dimensiuni-cutie-cm_orizontal.png","type":"image\/png"}],"twitter_misc":{"Dur\u00e9e de lecture estim\u00e9e":"3 minutes"},"schema":{"@context":"https:\/\/schema.org","@graph":[{"@type":"WebPage","@id":"https:\/\/business.roovi.com\/fr\/puzzle-edgar-degas-de-1000-pieces-pour-adultes-le-foyer-de-la-danse-a-lopera\/p\/","url":"https:\/\/business.roovi.com\/fr\/puzzle-edgar-degas-de-1000-pieces-pour-adultes-le-foyer-de-la-danse-a-lopera\/p\/","name":"Puzzle Edgar Degas de 1000 pi\u00e8ces pour adultes - Le Foyer de la Danse \u00e0 l'Op\u00e9ra","isPartOf":{"@id":"https:\/\/business.roovi.com\/fr\/#website"},"datePublished":"2018-09-04T09:57:02+00:00","dateModified":"2022-10-18T10:16:22+00:00","description":"Puzzle Edgar Degas de 1000 pi\u00e8ces pour adultes - Le Foyer de la Danse \u00e0 l'Op\u00e9ra","breadcrumb":{"@id":"https:\/\/business.roovi.com\/fr\/puzzle-edgar-degas-de-1000-pieces-pour-adultes-le-foyer-de-la-danse-a-lopera\/p\/#breadcrumb"},"inLanguage":"fr-FR","potentialAction":[{"@type":"ReadAction","target":["https:\/\/business.roovi.com\/fr\/puzzle-edgar-degas-de-1000-pieces-pour-adultes-le-foyer-de-la-danse-a-lopera\/p\/"]}]},{"@type":"BreadcrumbList","@id":"https:\/\/business.roovi.com\/fr\/puzzle-edgar-degas-de-1000-pieces-pour-adultes-le-foyer-de-la-danse-a-lopera\/p\/#breadcrumb","itemListElement":[{"@type":"ListItem","position":1,"name":"Home","item":"https:\/\/business.roovi.com\/fr\/"},{"@type":"ListItem","position":2,"name":"Boutique","item":"https:\/\/business.roovi.com\/fr\/boutique\/"},{"@type":"ListItem","position":3,"name":"Puzzle Edgar Degas de 1000 pi\u00e8ces pour adultes &#8211; Le Foyer de la Danse \u00e0 l&#8217;Op\u00e9ra"}]},{"@type":"WebSite","@id":"https:\/\/business.roovi.com\/fr\/#website","url":"https:\/\/business.roovi.com\/fr\/","name":"Roovi B2B","description":"Roovi Business Website","potentialAction":[{"@type":"SearchAction","target":{"@type":"EntryPoint","urlTemplate":"https:\/\/business.roovi.com\/fr\/?s={search_term_string}"},"query-input":"required name=search_term_string"}],"inLanguage":"fr-FR"}]}},"_links":{"self":[{"href":"https:\/\/business.roovi.com\/fr\/wp-json\/wp\/v2\/product\/52484","targetHints":{"allow":["GET"]}}],"collection":[{"href":"https:\/\/business.roovi.com\/fr\/wp-json\/wp\/v2\/product"}],"about":[{"href":"https:\/\/business.roovi.com\/fr\/wp-json\/wp\/v2\/types\/product"}],"version-history":[{"count":0,"href":"https:\/\/business.roovi.com\/fr\/wp-json\/wp\/v2\/product\/52484\/revisions"}],"wp:featuredmedia":[{"embeddable":true,"href":"https:\/\/business.roovi.com\/fr\/wp-json\/wp\/v2\/media\/63466"}],"wp:attachment":[{"href":"https:\/\/business.roovi.com\/fr\/wp-json\/wp\/v2\/media?parent=52484"}],"wp:term":[{"taxonomy":"product_brand","embeddable":true,"href":"https:\/\/business.roovi.com\/fr\/wp-json\/wp\/v2\/product_brand?post=52484"},{"taxonomy":"product_cat","embeddable":true,"href":"https:\/\/business.roovi.com\/fr\/wp-json\/wp\/v2\/product_cat?post=52484"},{"taxonomy":"product_tag","embeddable":true,"href":"https:\/\/business.roovi.com\/fr\/wp-json\/wp\/v2\/product_tag?post=52484"}],"curies":[{"name":"wp","href":"https:\/\/api.w.org\/{rel}","templated":true}]}}