{"id":52488,"date":"2018-09-04T08:48:05","date_gmt":"2018-09-04T08:48:05","guid":{"rendered":"https:\/\/business.roovi.com\/puzzle-adulti-1000-piese-edouard-manet-the-banks-of-the-seine-at-argenteuil\/p\/"},"modified":"2022-07-13T10:17:15","modified_gmt":"2022-07-13T10:17:15","slug":"puzzle-adulte-de-1000-pieces-edouard-manet-les-berges-de-la-seine-a-argenteuil","status":"publish","type":"product","link":"https:\/\/business.roovi.com\/fr\/puzzle-adulte-de-1000-pieces-edouard-manet-les-berges-de-la-seine-a-argenteuil\/p\/","title":{"rendered":"Puzzle adulte de 1000 pi\u00e8ces \u00c9douard Manet &#8211; Les berges de la Seine \u00e0 Argenteuil"},"content":{"rendered":"<p><span style=\"font-weight: 400;\">Tu veux des moments pour te d\u00e9tendre et te d\u00e9connecter de tes \u00e9crans ? Assemble les puzzles d&rsquo;art. Ils t&rsquo;occupent et t&#8217;emm\u00e8nent dans le monde magique des peintures c\u00e9l\u00e8bres. De plus, tu as la possibilit\u00e9 de cr\u00e9er des objets d\u00e9coratifs sp\u00e9ciaux de tes propres mains <\/span><\/p>\n<p><span style=\"font-weight: 400;\">Si tu veux ton propre chef-d&rsquo;\u0153uvre personnel, nous avons une superbe recommandation pour toi : le puzzle artistique \u00c9douard Manet &#8211; Les berges de la Seine \u00e0 Argenteuil. Le peintre fran\u00e7ais a cr\u00e9\u00e9 l&rsquo;\u0153uvre de cette image \u00e0 l&rsquo;occasion d&rsquo;une visite \u00e0 son ami Claude Monet alors qu&rsquo;il vivait \u00e0 Argenteuil <\/span><\/p>\n<p><span style=\"font-weight: 400;\">Alors que Monet avait tendance \u00e0 passer sous silence la r\u00e9volution industrielle et l&rsquo;\u00e9talement urbain, Manet peint un tableau plus proche de la r\u00e9alit\u00e9 quotidienne et inclut des \u00e9l\u00e9ments d&rsquo;industrialisation dans les chemin\u00e9es d&rsquo;usines \u00e0 l&rsquo;horizon. La femme et l&rsquo;enfant sur la photo pourraient bien \u00eatre la femme et le fils de Monet.<\/span><\/p>\n<p><span style=\"font-weight: 400;\">Ce puzzle de 1000 pi\u00e8ces est fabriqu\u00e9 avec des mat\u00e9riaux de haute qualit\u00e9 qui te donnent une durabilit\u00e9 \u00e0 chaque utilisation. Si tu aimes refaire l&rsquo;image plusieurs fois, tu obtiendras une peinture remarquable \u00e0 chaque fois. Tu peux utiliser une table basse ordinaire pour l&rsquo;assemblage.<\/span><\/p>\n<p><span style=\"font-weight: 400;\">Autres caract\u00e9ristiques du puzzle artistique \u00c9douard Manet &#8211; Les berges de la Seine \u00e0 Argenteuil <\/span><\/p>\n<p><strong>Taille de l&rsquo;image reconstruite : 50 x 70 cm.<\/strong><\/p>\n<p><strong>Mat\u00e9riau du puzzle <\/strong><\/p>\n<p><strong>carton bleu de haute qualit\u00e9<\/strong><\/p>\n<p><strong>des mat\u00e9riaux durables et recyclables<\/strong><\/p>\n<p><strong>finition semi-brillante, couleurs vives<\/strong><\/p>\n<p><strong>Nombre de pi\u00e8ces de puzzle : 1000<\/strong><\/p>\n<p><strong>\u00c2ge recommand\u00e9 : 14+<\/strong><\/p>\n<p><strong>5 comp\u00e9tences que tu d\u00e9veloppes avec les puzzles<\/strong><\/p>\n<p><strong>Attention aux d\u00e9tails<\/strong><span style=\"font-weight: 400;\"> qui te donne l&rsquo;impression d&rsquo;\u00eatre un vrai d\u00e9tective \u00e0 la recherche d&rsquo;indices dans le puzzle de 1000 pi\u00e8ces.<\/span><\/p>\n<p><strong>Pers\u00e9v\u00e9rance<\/strong><span style=\"font-weight: 400;\"> ce qui te permettra de vivre une exp\u00e9rience r\u00e9ussie une fois que tu auras termin\u00e9 le puzzle de 1000 pi\u00e8ces.<\/span><\/p>\n<p><strong>M\u00e9moire \u00e0 court terme<\/strong><span style=\"font-weight: 400;\"> en s\u00e9lectionnant et en m\u00e9morisant les pi\u00e8ces et leur emplacement.<\/span><\/p>\n<p><strong>Logic<\/strong><span style=\"font-weight: 400;\"> en associant des pi\u00e8ces aux formes similaires.<\/span><\/p>\n<p><strong>Patience<\/strong><span style=\"font-weight: 400;\"> qui t&rsquo;apprend que pour atteindre ton objectif, tu dois faire de petits pas et profiter de tout le voyage.<\/span><\/p>\n<p><strong>Quelques faits que tu ne connaissais pas sur Manet<\/strong><\/p>\n<p><span style=\"font-weight: 400;\">Il est issu d&rsquo;une famille bourgeoise ais\u00e9e.<\/span><\/p>\n<p><span style=\"font-weight: 400;\">Il a eu une relation avec sa professeure de piano, une femme plus \u00e2g\u00e9e que lui avec qui il a \u00e9galement eu un enfant.<\/span><\/p>\n<p><span style=\"font-weight: 400;\">\u00c0 l&rsquo;\u00e2ge de 12 ans, son fils le consid\u00e9rait comme son parrain, et son mariage avec le professeur de piano a choqu\u00e9 toute la famille.<\/span><\/p>\n<p><span style=\"font-weight: 400;\">Certains critiques d&rsquo;art le consid\u00e8rent comme le fondateur de l&rsquo;art moderne.<\/span><\/p>\n<p><span style=\"font-weight: 400;\">Il a peint environ 420 tableaux.<\/span><\/p>\n<p><span style=\"font-weight: 400;\">Il est mort de la syphilis \u00e0 51 ans.<\/span><\/p>\n<p><strong>Les puzzles d&rsquo;art te d\u00e9tendent profond\u00e9ment<\/strong><\/p>\n<p><span style=\"font-weight: 400;\">Les puzzles d&rsquo;art te donnent la satisfaction de reconstituer des \u0153uvres d&rsquo;art c\u00e9l\u00e8bres, en plus de t&rsquo;aider \u00e0 entrer dans un profond \u00e9tat de relaxation. De cette fa\u00e7on, tu profiteras de plusieurs avantages, tels que :<\/span><\/p>\n<p><span style=\"font-weight: 400;\">Am\u00e9lioration de l&rsquo;humeur.<\/span><\/p>\n<p><span style=\"font-weight: 400;\">Soulagement de l&rsquo;anxi\u00e9t\u00e9.<\/span><\/p>\n<p><span style=\"font-weight: 400;\">Lib\u00e8re les tensions et le stress.<\/span><\/p>\n<p><span style=\"font-weight: 400;\">Reconnecte-toi avec toi-m\u00eame.<\/span><\/p>\n<p><span style=\"font-weight: 400;\">Ach\u00e8te maintenant le puzzle de 1000 pi\u00e8ces \u00c9douard Manet &#8211; Les Berges de la Seine \u00e0 Argenteuil et profite de tous les avantages d&rsquo;un puzzle d&rsquo;art ! Compl\u00e8te ta collection de tableaux de la signature de Manet avec cet \u00e9tonnant puzzle de 1000 pi\u00e8ces.<\/span><\/p>\n<p><span style=\"font-weight: 400;\">Si tu es \u00e0 court d&rsquo;id\u00e9es de cadeaux, le puzzle artistique \u00c9douard Manet &#8211; Les berges de la Seine \u00e0 Argenteuil te sortira d&rsquo;affaire et apportera beaucoup de joie \u00e0 tes amis amateurs de puzzle.<\/span><\/p><\/p>\n","protected":false},"excerpt":{"rendered":"<p>Tu veux des moments pour te d\u00e9tendre et te d\u00e9connecter de tes \u00e9crans ? Assemble les puzzles d&rsquo;art. Ils t&rsquo;occupent<\/p>\n","protected":false},"featured_media":63558,"template":"","meta":[],"product_brand":[],"product_cat":[2314,2316,2315],"product_tag":[],"class_list":{"0":"post-52488","1":"product","2":"type-product","3":"status-publish","4":"has-post-thumbnail","6":"product_cat-puzzles-fr","7":"product_cat-puzzles-de-1000-pieces","8":"product_cat-puzzles-pour-adultes","9":"pa_brand-d_toys-fr","10":"pa_country_of_manufacture-ro-fr","11":"pa_filter_age-14-fr","12":"pa_painter-edouardmanet-fr","13":"pa_tip_ambalaj-boite","14":"pa_tip_puzzle-classique","16":"first","17":"instock","18":"taxable","19":"shipping-taxable","20":"product-type-simple"},"yoast_head":"<!-- This site is optimized with the Yoast SEO plugin v20.1 - https:\/\/yoast.com\/wordpress\/plugins\/seo\/ -->\n<title>Puzzle adulte de 1000 pi\u00e8ces \u00c9douard Manet - Les berges de la Seine \u00e0 Argenteuil<\/title>\n<meta name=\"description\" content=\"Puzzle adulte de 1000 pi\u00e8ces \u00c9douard Manet - Les berges de la Seine \u00e0 Argenteuil\" \/>\n<meta name=\"robots\" content=\"index, follow, max-snippet:-1, max-image-preview:large, max-video-preview:-1\" \/>\n<link rel=\"canonical\" href=\"https:\/\/business.roovi.com\/fr\/puzzle-adulte-de-1000-pieces-edouard-manet-les-berges-de-la-seine-a-argenteuil\/p\/\" \/>\n<meta property=\"og:locale\" content=\"fr_FR\" \/>\n<meta property=\"og:type\" content=\"article\" \/>\n<meta property=\"og:title\" content=\"Puzzle adulte de 1000 pi\u00e8ces \u00c9douard Manet - Les berges de la Seine \u00e0 Argenteuil\" \/>\n<meta property=\"og:description\" content=\"Puzzle adulte de 1000 pi\u00e8ces \u00c9douard Manet - Les berges de la Seine \u00e0 Argenteuil\" \/>\n<meta property=\"og:url\" content=\"https:\/\/business.roovi.com\/fr\/puzzle-adulte-de-1000-pieces-edouard-manet-les-berges-de-la-seine-a-argenteuil\/p\/\" \/>\n<meta property=\"og:site_name\" content=\"Roovi B2B\" \/>\n<meta property=\"article:publisher\" content=\"https:\/\/www.facebook.com\/wwwjucariero\" \/>\n<meta property=\"article:modified_time\" content=\"2022-07-13T10:17:15+00:00\" \/>\n<meta property=\"og:image\" content=\"https:\/\/business.roovi.com\/wp-content\/uploads\/2018\/09\/73068-05_ansamblu_dimensiuni_cutie_cm_orizontal_1200x1200.png\" \/>\n\t<meta property=\"og:image:width\" content=\"1200\" \/>\n\t<meta property=\"og:image:height\" content=\"1200\" \/>\n\t<meta property=\"og:image:type\" content=\"image\/png\" \/>\n<meta name=\"twitter:label1\" content=\"Dur\u00e9e de lecture estim\u00e9e\" \/>\n\t<meta name=\"twitter:data1\" content=\"3 minutes\" \/>\n<script type=\"application\/ld+json\" class=\"yoast-schema-graph\">{\"@context\":\"https:\/\/schema.org\",\"@graph\":[{\"@type\":\"WebPage\",\"@id\":\"https:\/\/business.roovi.com\/fr\/puzzle-adulte-de-1000-pieces-edouard-manet-les-berges-de-la-seine-a-argenteuil\/p\/\",\"url\":\"https:\/\/business.roovi.com\/fr\/puzzle-adulte-de-1000-pieces-edouard-manet-les-berges-de-la-seine-a-argenteuil\/p\/\",\"name\":\"Puzzle adulte de 1000 pi\u00e8ces \u00c9douard Manet - Les berges de la Seine \u00e0 Argenteuil\",\"isPartOf\":{\"@id\":\"https:\/\/business.roovi.com\/fr\/#website\"},\"datePublished\":\"2018-09-04T08:48:05+00:00\",\"dateModified\":\"2022-07-13T10:17:15+00:00\",\"description\":\"Puzzle adulte de 1000 pi\u00e8ces \u00c9douard Manet - Les berges de la Seine \u00e0 Argenteuil\",\"breadcrumb\":{\"@id\":\"https:\/\/business.roovi.com\/fr\/puzzle-adulte-de-1000-pieces-edouard-manet-les-berges-de-la-seine-a-argenteuil\/p\/#breadcrumb\"},\"inLanguage\":\"fr-FR\",\"potentialAction\":[{\"@type\":\"ReadAction\",\"target\":[\"https:\/\/business.roovi.com\/fr\/puzzle-adulte-de-1000-pieces-edouard-manet-les-berges-de-la-seine-a-argenteuil\/p\/\"]}]},{\"@type\":\"BreadcrumbList\",\"@id\":\"https:\/\/business.roovi.com\/fr\/puzzle-adulte-de-1000-pieces-edouard-manet-les-berges-de-la-seine-a-argenteuil\/p\/#breadcrumb\",\"itemListElement\":[{\"@type\":\"ListItem\",\"position\":1,\"name\":\"Home\",\"item\":\"https:\/\/business.roovi.com\/fr\/\"},{\"@type\":\"ListItem\",\"position\":2,\"name\":\"Boutique\",\"item\":\"https:\/\/business.roovi.com\/fr\/boutique\/\"},{\"@type\":\"ListItem\",\"position\":3,\"name\":\"Puzzle adulte de 1000 pi\u00e8ces \u00c9douard Manet &#8211; Les berges de la Seine \u00e0 Argenteuil\"}]},{\"@type\":\"WebSite\",\"@id\":\"https:\/\/business.roovi.com\/fr\/#website\",\"url\":\"https:\/\/business.roovi.com\/fr\/\",\"name\":\"Roovi B2B\",\"description\":\"Roovi Business Website\",\"potentialAction\":[{\"@type\":\"SearchAction\",\"target\":{\"@type\":\"EntryPoint\",\"urlTemplate\":\"https:\/\/business.roovi.com\/fr\/?s={search_term_string}\"},\"query-input\":\"required name=search_term_string\"}],\"inLanguage\":\"fr-FR\"}]}<\/script>\n<!-- \/ Yoast SEO plugin. -->","yoast_head_json":{"title":"Puzzle adulte de 1000 pi\u00e8ces \u00c9douard Manet - Les berges de la Seine \u00e0 Argenteuil","description":"Puzzle adulte de 1000 pi\u00e8ces \u00c9douard Manet - Les berges de la Seine \u00e0 Argenteuil","robots":{"index":"index","follow":"follow","max-snippet":"max-snippet:-1","max-image-preview":"max-image-preview:large","max-video-preview":"max-video-preview:-1"},"canonical":"https:\/\/business.roovi.com\/fr\/puzzle-adulte-de-1000-pieces-edouard-manet-les-berges-de-la-seine-a-argenteuil\/p\/","og_locale":"fr_FR","og_type":"article","og_title":"Puzzle adulte de 1000 pi\u00e8ces \u00c9douard Manet - Les berges de la Seine \u00e0 Argenteuil","og_description":"Puzzle adulte de 1000 pi\u00e8ces \u00c9douard Manet - Les berges de la Seine \u00e0 Argenteuil","og_url":"https:\/\/business.roovi.com\/fr\/puzzle-adulte-de-1000-pieces-edouard-manet-les-berges-de-la-seine-a-argenteuil\/p\/","og_site_name":"Roovi B2B","article_publisher":"https:\/\/www.facebook.com\/wwwjucariero","article_modified_time":"2022-07-13T10:17:15+00:00","og_image":[{"width":1200,"height":1200,"url":"https:\/\/business.roovi.com\/wp-content\/uploads\/2018\/09\/73068-05_ansamblu_dimensiuni_cutie_cm_orizontal_1200x1200.png","type":"image\/png"}],"twitter_misc":{"Dur\u00e9e de lecture estim\u00e9e":"3 minutes"},"schema":{"@context":"https:\/\/schema.org","@graph":[{"@type":"WebPage","@id":"https:\/\/business.roovi.com\/fr\/puzzle-adulte-de-1000-pieces-edouard-manet-les-berges-de-la-seine-a-argenteuil\/p\/","url":"https:\/\/business.roovi.com\/fr\/puzzle-adulte-de-1000-pieces-edouard-manet-les-berges-de-la-seine-a-argenteuil\/p\/","name":"Puzzle adulte de 1000 pi\u00e8ces \u00c9douard Manet - Les berges de la Seine \u00e0 Argenteuil","isPartOf":{"@id":"https:\/\/business.roovi.com\/fr\/#website"},"datePublished":"2018-09-04T08:48:05+00:00","dateModified":"2022-07-13T10:17:15+00:00","description":"Puzzle adulte de 1000 pi\u00e8ces \u00c9douard Manet - Les berges de la Seine \u00e0 Argenteuil","breadcrumb":{"@id":"https:\/\/business.roovi.com\/fr\/puzzle-adulte-de-1000-pieces-edouard-manet-les-berges-de-la-seine-a-argenteuil\/p\/#breadcrumb"},"inLanguage":"fr-FR","potentialAction":[{"@type":"ReadAction","target":["https:\/\/business.roovi.com\/fr\/puzzle-adulte-de-1000-pieces-edouard-manet-les-berges-de-la-seine-a-argenteuil\/p\/"]}]},{"@type":"BreadcrumbList","@id":"https:\/\/business.roovi.com\/fr\/puzzle-adulte-de-1000-pieces-edouard-manet-les-berges-de-la-seine-a-argenteuil\/p\/#breadcrumb","itemListElement":[{"@type":"ListItem","position":1,"name":"Home","item":"https:\/\/business.roovi.com\/fr\/"},{"@type":"ListItem","position":2,"name":"Boutique","item":"https:\/\/business.roovi.com\/fr\/boutique\/"},{"@type":"ListItem","position":3,"name":"Puzzle adulte de 1000 pi\u00e8ces \u00c9douard Manet &#8211; Les berges de la Seine \u00e0 Argenteuil"}]},{"@type":"WebSite","@id":"https:\/\/business.roovi.com\/fr\/#website","url":"https:\/\/business.roovi.com\/fr\/","name":"Roovi B2B","description":"Roovi Business Website","potentialAction":[{"@type":"SearchAction","target":{"@type":"EntryPoint","urlTemplate":"https:\/\/business.roovi.com\/fr\/?s={search_term_string}"},"query-input":"required name=search_term_string"}],"inLanguage":"fr-FR"}]}},"_links":{"self":[{"href":"https:\/\/business.roovi.com\/fr\/wp-json\/wp\/v2\/product\/52488","targetHints":{"allow":["GET"]}}],"collection":[{"href":"https:\/\/business.roovi.com\/fr\/wp-json\/wp\/v2\/product"}],"about":[{"href":"https:\/\/business.roovi.com\/fr\/wp-json\/wp\/v2\/types\/product"}],"version-history":[{"count":0,"href":"https:\/\/business.roovi.com\/fr\/wp-json\/wp\/v2\/product\/52488\/revisions"}],"wp:featuredmedia":[{"embeddable":true,"href":"https:\/\/business.roovi.com\/fr\/wp-json\/wp\/v2\/media\/63558"}],"wp:attachment":[{"href":"https:\/\/business.roovi.com\/fr\/wp-json\/wp\/v2\/media?parent=52488"}],"wp:term":[{"taxonomy":"product_brand","embeddable":true,"href":"https:\/\/business.roovi.com\/fr\/wp-json\/wp\/v2\/product_brand?post=52488"},{"taxonomy":"product_cat","embeddable":true,"href":"https:\/\/business.roovi.com\/fr\/wp-json\/wp\/v2\/product_cat?post=52488"},{"taxonomy":"product_tag","embeddable":true,"href":"https:\/\/business.roovi.com\/fr\/wp-json\/wp\/v2\/product_tag?post=52488"}],"curies":[{"name":"wp","href":"https:\/\/api.w.org\/{rel}","templated":true}]}}