{"id":52607,"date":"2018-08-23T09:02:39","date_gmt":"2018-08-23T09:02:39","guid":{"rendered":"https:\/\/business.roovi.com\/joc-dacii-si-romanii\/p\/"},"modified":"2022-07-13T10:18:02","modified_gmt":"2022-07-13T10:18:02","slug":"jeu-daciens-et-romains-jeu-de-strategie-pour-les-enfants","status":"publish","type":"product","link":"https:\/\/business.roovi.com\/fr\/jeu-daciens-et-romains-jeu-de-strategie-pour-les-enfants\/p\/","title":{"rendered":"Jeu Daciens et Romains &#8211; Jeu de strat\u00e9gie pour les enfants"},"content":{"rendered":"<p><span style=\"font-weight: 400;\">Qu&rsquo;est-ce que tu obtiens quand tu r\u00e9unis la strat\u00e9gie, les amis, un peu d&rsquo;histoire et beaucoup de bonne volont\u00e9 ? Tu obtiens Daciens et Romains, un super jeu de strat\u00e9gie qui est tr\u00e8s populaire aupr\u00e8s des joueurs de plateau.<\/span><\/p>\n<p><span style=\"font-weight: 400;\">Con\u00e7u comme un jeu pour 2 personnes, Daciens et Romains est plus qu&rsquo;une simple strat\u00e9gie. C&rsquo;est un jeu stimulant, inspir\u00e9 de l&rsquo;histoire des Roumains, avec de nombreuses possibilit\u00e9s tactiques, o\u00f9 tu dois utiliser tes ressources au maximum pour gagner.    <\/span><\/p>\n<p><span style=\"font-weight: 400;\">La bataille historique entre Trajan &#8211; l&#8217;empereur romain et Decebal &#8211; le roi de Dacie, a \u00e9t\u00e9 grandiose, pleine de rebondissements et de strat\u00e9gies brillantes, pour finalement aboutir \u00e0 la victoire de l&#8217;empereur romain. Qui va gagner maintenant ? <\/span><\/p>\n<p><span style=\"font-weight: 400;\">D\u00e9fie tes amis et \u00e9labore soigneusement ta strat\u00e9gie de combat !<\/span><\/p>\n<h2><span style=\"font-weight: 400;\">Savais-tu que le jeu des Daciens et des Romains..<\/span><\/h2>\n<ul>\n<li><span style=\"font-weight: 400;\">Aide \u00e0 d\u00e9velopper la pens\u00e9e strat\u00e9gique.<\/span><\/li>\n<li><span style=\"font-weight: 400;\">Favorise le d\u00e9veloppement de l&rsquo;esprit de comp\u00e9tition.<\/span><\/li>\n<li><span style=\"font-weight: 400;\">Aide \u00e0 am\u00e9liorer la concentration sur un seul objectif et la poursuite du r\u00e9sultat final.<\/span><\/li>\n<li><span style=\"font-weight: 400;\">Stimule le d\u00e9veloppement de la pens\u00e9e anticipative en essayant d&rsquo;anticiper les mouvements que ton adversaire pourrait faire.<\/span><\/li>\n<li><span style=\"font-weight: 400;\">C&rsquo;est un jeu amusant qui te met au d\u00e9fi et te d\u00e9tend en m\u00eame temps.<\/span><\/li>\n<\/ul>\n<h2><span style=\"font-weight: 400;\">Pourquoi choisir les Daciens et les Romains<\/span><\/h2>\n<p><span style=\"font-weight: 400;\">C&rsquo;est un jeu passionnant, plein de situations inattendues que tu dois anticiper ou surmonter pour gagner la bataille. Pendant les \u00ab\u00a0attaques\u00a0\u00bb, tous les coups sont permis et des situations dangereuses surgissent \u00e0 chaque tournant <\/span><\/p>\n<p><span style=\"font-weight: 400;\">Daciens et Romains a \u00e9t\u00e9 cr\u00e9\u00e9 comme une alternative aux jeux \u00e0 th\u00e8me historique qui existent en dehors du pays, mais avec de nouveaux v\u00eatements et des illustrations sp\u00e9ciales.<\/span><\/p>\n<p><span style=\"font-weight: 400;\">Il se distingue par son plateau de jeu sp\u00e9cial et offre 2 variantes de jeu, toutes aussi fascinantes et stimulantes les unes que les autres <\/span><\/p>\n<p><span style=\"font-weight: 400;\">Tu aimes les jeux de strat\u00e9gie ? Tu as un enfant qui se passionne pour les batailles historiques ou un ami qui est un ma\u00eetre de la logique ? Pour vous tous, et pour le plaisir qu&rsquo;il apportera dans votre foyer, Daciens et Romains est un choix tr\u00e8s appropri\u00e9.   <\/span><\/p>\n<p><span style=\"font-weight: 400;\">Si tu veux vivre ce que les braves conqu\u00e9rants ont ressenti autrefois, rejoins le jeu et sois celui qui gagnera la bataille !<\/span><\/p>\n<p><span style=\"font-weight: 400;\">\u00c2ge recommand\u00e9 : 9+<\/span><\/p>\n<p><span style=\"font-weight: 400;\">Joueurs : 2 personnes<\/span><\/p>\n<p><span style=\"font-weight: 400;\">La bo\u00eete contient : 1 plateau de jeu, 12 pions, 12 supports de pions, r\u00e8gles du jeu.<\/span><\/p>\n<p><span style=\"font-weight: 400;\">Non recommand\u00e9 pour les enfants de moins de 3 ans.<\/span><\/p>\n<p><\/p>\n","protected":false},"excerpt":{"rendered":"<p>Qu&rsquo;est-ce que tu obtiens quand tu r\u00e9unis la strat\u00e9gie, les amis, un peu d&rsquo;histoire et beaucoup de bonne volont\u00e9 ?<\/p>\n","protected":false},"featured_media":50060,"template":"","meta":[],"product_brand":[],"product_cat":[2333],"product_tag":[],"class_list":{"0":"post-52607","1":"product","2":"type-product","3":"status-publish","4":"has-post-thumbnail","6":"product_cat-jeux-roumains","7":"pa_brand-d_toys-fr","8":"pa_country_of_manufacture-ro-fr","9":"pa_filter_age-14-fr","10":"pa_filter_age-9_14-fr","11":"pa_tip_ambalaj-boite","13":"first","14":"instock","15":"taxable","16":"shipping-taxable","17":"product-type-simple"},"yoast_head":"<!-- This site is optimized with the Yoast SEO plugin v20.1 - https:\/\/yoast.com\/wordpress\/plugins\/seo\/ -->\n<title>Jeu Daciens et Romains - Jeu de strat\u00e9gie pour les enfants<\/title>\n<meta name=\"description\" content=\"Jeu Daciens et Romains - Jeu de strat\u00e9gie pour les enfants\" \/>\n<meta name=\"robots\" content=\"index, follow, max-snippet:-1, max-image-preview:large, max-video-preview:-1\" \/>\n<link rel=\"canonical\" href=\"https:\/\/business.roovi.com\/fr\/jeu-daciens-et-romains-jeu-de-strategie-pour-les-enfants\/p\/\" \/>\n<meta property=\"og:locale\" content=\"fr_FR\" \/>\n<meta property=\"og:type\" content=\"article\" \/>\n<meta property=\"og:title\" content=\"Jeu Daciens et Romains - Jeu de strat\u00e9gie pour les enfants\" \/>\n<meta property=\"og:description\" content=\"Jeu Daciens et Romains - Jeu de strat\u00e9gie pour les enfants\" \/>\n<meta property=\"og:url\" content=\"https:\/\/business.roovi.com\/fr\/jeu-daciens-et-romains-jeu-de-strategie-pour-les-enfants\/p\/\" \/>\n<meta property=\"og:site_name\" content=\"Roovi B2B\" \/>\n<meta property=\"article:publisher\" content=\"https:\/\/www.facebook.com\/wwwjucariero\" \/>\n<meta property=\"article:modified_time\" content=\"2022-07-13T10:18:02+00:00\" \/>\n<meta property=\"og:image\" content=\"https:\/\/business.roovi.com\/wp-content\/uploads\/2018\/08\/74201_dacii_si_romanii_elo.jpg\" \/>\n\t<meta property=\"og:image:width\" content=\"1200\" \/>\n\t<meta property=\"og:image:height\" content=\"1200\" \/>\n\t<meta property=\"og:image:type\" content=\"image\/jpeg\" \/>\n<meta name=\"twitter:label1\" content=\"Dur\u00e9e de lecture estim\u00e9e\" \/>\n\t<meta name=\"twitter:data1\" content=\"2 minutes\" \/>\n<script type=\"application\/ld+json\" class=\"yoast-schema-graph\">{\"@context\":\"https:\/\/schema.org\",\"@graph\":[{\"@type\":\"WebPage\",\"@id\":\"https:\/\/business.roovi.com\/fr\/jeu-daciens-et-romains-jeu-de-strategie-pour-les-enfants\/p\/\",\"url\":\"https:\/\/business.roovi.com\/fr\/jeu-daciens-et-romains-jeu-de-strategie-pour-les-enfants\/p\/\",\"name\":\"Jeu Daciens et Romains - Jeu de strat\u00e9gie pour les enfants\",\"isPartOf\":{\"@id\":\"https:\/\/business.roovi.com\/fr\/#website\"},\"datePublished\":\"2018-08-23T09:02:39+00:00\",\"dateModified\":\"2022-07-13T10:18:02+00:00\",\"description\":\"Jeu Daciens et Romains - Jeu de strat\u00e9gie pour les enfants\",\"breadcrumb\":{\"@id\":\"https:\/\/business.roovi.com\/fr\/jeu-daciens-et-romains-jeu-de-strategie-pour-les-enfants\/p\/#breadcrumb\"},\"inLanguage\":\"fr-FR\",\"potentialAction\":[{\"@type\":\"ReadAction\",\"target\":[\"https:\/\/business.roovi.com\/fr\/jeu-daciens-et-romains-jeu-de-strategie-pour-les-enfants\/p\/\"]}]},{\"@type\":\"BreadcrumbList\",\"@id\":\"https:\/\/business.roovi.com\/fr\/jeu-daciens-et-romains-jeu-de-strategie-pour-les-enfants\/p\/#breadcrumb\",\"itemListElement\":[{\"@type\":\"ListItem\",\"position\":1,\"name\":\"Home\",\"item\":\"https:\/\/business.roovi.com\/fr\/\"},{\"@type\":\"ListItem\",\"position\":2,\"name\":\"Boutique\",\"item\":\"https:\/\/business.roovi.com\/fr\/boutique\/\"},{\"@type\":\"ListItem\",\"position\":3,\"name\":\"Jeu Daciens et Romains &#8211; Jeu de strat\u00e9gie pour les enfants\"}]},{\"@type\":\"WebSite\",\"@id\":\"https:\/\/business.roovi.com\/fr\/#website\",\"url\":\"https:\/\/business.roovi.com\/fr\/\",\"name\":\"Roovi B2B\",\"description\":\"Roovi Business Website\",\"potentialAction\":[{\"@type\":\"SearchAction\",\"target\":{\"@type\":\"EntryPoint\",\"urlTemplate\":\"https:\/\/business.roovi.com\/fr\/?s={search_term_string}\"},\"query-input\":\"required name=search_term_string\"}],\"inLanguage\":\"fr-FR\"}]}<\/script>\n<!-- \/ Yoast SEO plugin. -->","yoast_head_json":{"title":"Jeu Daciens et Romains - Jeu de strat\u00e9gie pour les enfants","description":"Jeu Daciens et Romains - Jeu de strat\u00e9gie pour les enfants","robots":{"index":"index","follow":"follow","max-snippet":"max-snippet:-1","max-image-preview":"max-image-preview:large","max-video-preview":"max-video-preview:-1"},"canonical":"https:\/\/business.roovi.com\/fr\/jeu-daciens-et-romains-jeu-de-strategie-pour-les-enfants\/p\/","og_locale":"fr_FR","og_type":"article","og_title":"Jeu Daciens et Romains - Jeu de strat\u00e9gie pour les enfants","og_description":"Jeu Daciens et Romains - Jeu de strat\u00e9gie pour les enfants","og_url":"https:\/\/business.roovi.com\/fr\/jeu-daciens-et-romains-jeu-de-strategie-pour-les-enfants\/p\/","og_site_name":"Roovi B2B","article_publisher":"https:\/\/www.facebook.com\/wwwjucariero","article_modified_time":"2022-07-13T10:18:02+00:00","og_image":[{"width":1200,"height":1200,"url":"https:\/\/business.roovi.com\/wp-content\/uploads\/2018\/08\/74201_dacii_si_romanii_elo.jpg","type":"image\/jpeg"}],"twitter_misc":{"Dur\u00e9e de lecture estim\u00e9e":"2 minutes"},"schema":{"@context":"https:\/\/schema.org","@graph":[{"@type":"WebPage","@id":"https:\/\/business.roovi.com\/fr\/jeu-daciens-et-romains-jeu-de-strategie-pour-les-enfants\/p\/","url":"https:\/\/business.roovi.com\/fr\/jeu-daciens-et-romains-jeu-de-strategie-pour-les-enfants\/p\/","name":"Jeu Daciens et Romains - Jeu de strat\u00e9gie pour les enfants","isPartOf":{"@id":"https:\/\/business.roovi.com\/fr\/#website"},"datePublished":"2018-08-23T09:02:39+00:00","dateModified":"2022-07-13T10:18:02+00:00","description":"Jeu Daciens et Romains - Jeu de strat\u00e9gie pour les enfants","breadcrumb":{"@id":"https:\/\/business.roovi.com\/fr\/jeu-daciens-et-romains-jeu-de-strategie-pour-les-enfants\/p\/#breadcrumb"},"inLanguage":"fr-FR","potentialAction":[{"@type":"ReadAction","target":["https:\/\/business.roovi.com\/fr\/jeu-daciens-et-romains-jeu-de-strategie-pour-les-enfants\/p\/"]}]},{"@type":"BreadcrumbList","@id":"https:\/\/business.roovi.com\/fr\/jeu-daciens-et-romains-jeu-de-strategie-pour-les-enfants\/p\/#breadcrumb","itemListElement":[{"@type":"ListItem","position":1,"name":"Home","item":"https:\/\/business.roovi.com\/fr\/"},{"@type":"ListItem","position":2,"name":"Boutique","item":"https:\/\/business.roovi.com\/fr\/boutique\/"},{"@type":"ListItem","position":3,"name":"Jeu Daciens et Romains &#8211; Jeu de strat\u00e9gie pour les enfants"}]},{"@type":"WebSite","@id":"https:\/\/business.roovi.com\/fr\/#website","url":"https:\/\/business.roovi.com\/fr\/","name":"Roovi B2B","description":"Roovi Business Website","potentialAction":[{"@type":"SearchAction","target":{"@type":"EntryPoint","urlTemplate":"https:\/\/business.roovi.com\/fr\/?s={search_term_string}"},"query-input":"required name=search_term_string"}],"inLanguage":"fr-FR"}]}},"_links":{"self":[{"href":"https:\/\/business.roovi.com\/fr\/wp-json\/wp\/v2\/product\/52607","targetHints":{"allow":["GET"]}}],"collection":[{"href":"https:\/\/business.roovi.com\/fr\/wp-json\/wp\/v2\/product"}],"about":[{"href":"https:\/\/business.roovi.com\/fr\/wp-json\/wp\/v2\/types\/product"}],"version-history":[{"count":0,"href":"https:\/\/business.roovi.com\/fr\/wp-json\/wp\/v2\/product\/52607\/revisions"}],"wp:featuredmedia":[{"embeddable":true,"href":"https:\/\/business.roovi.com\/fr\/wp-json\/wp\/v2\/media\/50060"}],"wp:attachment":[{"href":"https:\/\/business.roovi.com\/fr\/wp-json\/wp\/v2\/media?parent=52607"}],"wp:term":[{"taxonomy":"product_brand","embeddable":true,"href":"https:\/\/business.roovi.com\/fr\/wp-json\/wp\/v2\/product_brand?post=52607"},{"taxonomy":"product_cat","embeddable":true,"href":"https:\/\/business.roovi.com\/fr\/wp-json\/wp\/v2\/product_cat?post=52607"},{"taxonomy":"product_tag","embeddable":true,"href":"https:\/\/business.roovi.com\/fr\/wp-json\/wp\/v2\/product_tag?post=52607"}],"curies":[{"name":"wp","href":"https:\/\/api.w.org\/{rel}","templated":true}]}}