{"id":52617,"date":"2018-08-02T08:38:02","date_gmt":"2018-08-02T08:38:02","guid":{"rendered":"https:\/\/business.roovi.com\/puzzle-adulti-1000-piese-vintage-posters-la-grande-roue-de-paris\/p\/"},"modified":"2022-07-13T10:18:08","modified_gmt":"2022-07-13T10:18:08","slug":"vintage-posters-puzzle-adulte-1000-pieces-la-grande-roue-de-paris","status":"publish","type":"product","link":"https:\/\/business.roovi.com\/fr\/vintage-posters-puzzle-adulte-1000-pieces-la-grande-roue-de-paris\/p\/","title":{"rendered":"Vintage Posters Puzzle Adulte 1000 pi\u00e8ces &#8211; La grande roue de Paris"},"content":{"rendered":"<p><span style=\"font-weight: 400;\">Tu es passionn\u00e9 par le style vintage et les jeux de puzzle ? D\u00e9couvre la plus grande gamme de puzzles de 1000 pi\u00e8ces avec des illustrations de collection des si\u00e8cles pass\u00e9s et poss\u00e8de une collection de tableaux vintage cr\u00e9\u00e9s de tes propres mains.<\/span><\/p>\n<p><span style=\"font-weight: 400;\">Imagine-toi dans le Paris des ann\u00e9es 1900 en train d&rsquo;admirer un b\u00e2timent fabuleux, la Grande Roue de la c\u00e9l\u00e8bre ville fran\u00e7aise. Quelle sensation unique, n&rsquo;est-ce pas ? Le puzzle de 1000 pi\u00e8ces La grande roue de Paris est l&rsquo;occasion de se d\u00e9tendre et de remonter dans le temps, \u00e0 une \u00e9poque o\u00f9 les progr\u00e8s de l&rsquo;humanit\u00e9 \u00e9taient marqu\u00e9s par <\/span><span style=\"font-weight: 400;\">l&rsquo;architecture du luxe industriel.<\/span><\/p>\n<p><span style=\"font-weight: 400;\">Le puzzle de 1000 pi\u00e8ces de la collection Affiches Vintage reproduit l&rsquo;image de l&rsquo;illustration faisant la promotion d&rsquo;une attraction touristique imposante, magnifique pour l&rsquo;\u00e9poque, une v\u00e9ritable merveille d&rsquo;ing\u00e9nierie. L&rsquo;image du jeu de puzzle conserve des couleurs vives et restitue m\u00eame les \u00e9l\u00e9ments les plus d\u00e9taill\u00e9s de l&rsquo;affiche originale. Les pi\u00e8ces sont fabriqu\u00e9es en carton de haute qualit\u00e9 et sont d\u00e9coup\u00e9es avec pr\u00e9cision pour que l&rsquo;image obtenue soit une copie parfaite de l&rsquo;image originale.<\/span><\/p>\n<p><span style=\"font-weight: 400;\">Caract\u00e9ristiques Puzzle de 1000 pi\u00e8ces<\/span><span style=\"font-weight: 400;\"> La grande roue de Paris :<\/span><\/p>\n<p><strong>Dimensions de l&rsquo;image reconstruite : 50 x 70 cm.<\/strong><\/p>\n<p><strong>Mat\u00e9riau du puzzle <\/strong><\/p>\n<p><strong>carton bleu de haute qualit\u00e9<\/strong><\/p>\n<p><strong>des mat\u00e9riaux durables et recyclables<\/strong><\/p>\n<p><strong>finition semi-brillante, couleurs vives<\/strong><\/p>\n<p><strong>Nombre de pi\u00e8ces de puzzle : 1000<\/strong><\/p>\n<p><strong>\u00c2ge recommand\u00e9 : 14+<\/strong><\/p>\n<p><span style=\"font-weight: 400;\">Les jeux de puzzle t&rsquo;apportent de multiples avantages qui se refl\u00e8tent sur plusieurs niveaux :<\/span><\/p>\n<ul>\n<li><span style=\"font-weight: 400;\">Il d\u00e9veloppe ta m\u00e9moire.<\/span><\/li>\n<li><span style=\"font-weight: 400;\">Aide \u00e0 rester concentr\u00e9 sur une seule t\u00e2che pendant une longue p\u00e9riode.<\/span><\/li>\n<li><span style=\"font-weight: 400;\">Ils sont une fa\u00e7on relaxante de passer ton temps libre.<\/span><\/li>\n<li><span style=\"font-weight: 400;\">Ils te d\u00e9connectent des \u00e9crans des appareils intelligents.<\/span><\/li>\n<li><span style=\"font-weight: 400;\">Ils peuvent \u00eatre l&rsquo;occasion de socialiser avec des amis.<\/span><\/li>\n<li><span style=\"font-weight: 400;\">Ils d\u00e9veloppent tes comp\u00e9tences en mati\u00e8re de r\u00e9solution de probl\u00e8mes <\/span><\/li>\n<\/ul>\n<p><strong>Tu savais que&#8230; ?<\/strong><\/p>\n<p><span style=\"font-weight: 400;\">Au moment de son inauguration, la Grande Roue de Paris \u00e9tait la roue la plus haute du monde : elle mesurait 96 m\u00e8tres de haut.<\/span><\/p>\n<p><span style=\"font-weight: 400;\">Il pesait 650 tonnes et pouvait transporter 1600 personnes.<\/span><\/p>\n<p><span style=\"font-weight: 400;\">Elle a \u00e9t\u00e9 d\u00e9mantel\u00e9e entre 1920 et 1922. Les cabines des passagers ont \u00e9t\u00e9 retir\u00e9es et utilis\u00e9es comme logement pour les familles fran\u00e7aises de la r\u00e9gion touch\u00e9es par la Premi\u00e8re Guerre mondiale.<\/span><\/p>\n<p><span style=\"font-weight: 400;\">La figure ail\u00e9e tenant une couronne de laurier expos\u00e9e symbolise le triomphe et l&rsquo;essor du progr\u00e8s industriel \u00e0 l&rsquo;\u00e9poque.<\/span><\/p>\n<p><strong>Puzzle 1000 pi\u00e8ces <\/strong><strong>La grande roue de Paris &#8211; une occasion de se d\u00e9tendre avec ses proches<\/strong><\/p>\n<p><span style=\"font-weight: 400;\">Les moments de socialisation et de connexion avec les proches sont de plus en plus rares. Le puzzle de 1000 pi\u00e8ces La grande roue de Paris r\u00e9unit la famille ou les amis et cr\u00e9e de pr\u00e9cieux souvenirs avec les personnes aim\u00e9es.<\/span><\/p>\n<p><span style=\"font-weight: 400;\">C&rsquo;est aussi l&rsquo;occasion de se d\u00e9tendre, d&rsquo;apprendre \u00e0 se conna\u00eetre et de nouer des relations durables avec les personnes de ton entourage. Alors pr\u00e9pare-toi \u00e0 vivre une aventure amusante et relaxante avec le puzzle de 1000 pi\u00e8ces La grande roue de Paris de la collection de puzzles Vintage Posters.<\/span><\/p>\n<p><span style=\"font-weight: 400;\">Tu veux surprendre une amie fascin\u00e9e par l&rsquo;art vintage de la mani\u00e8re la plus agr\u00e9able qui soit ? Fais-leur cadeau d&rsquo;un puzzle La grande roue de Paris de 1000 pi\u00e8ces et mets-les au d\u00e9fi de cr\u00e9er leur propre tableau.<\/span><\/p><\/p>\n","protected":false},"excerpt":{"rendered":"<p>Tu es passionn\u00e9 par le style vintage et les jeux de puzzle ? D\u00e9couvre la plus grande gamme de puzzles<\/p>\n","protected":false},"featured_media":49988,"template":"","meta":[],"product_brand":[],"product_cat":[2314,2316,2315],"product_tag":[],"class_list":{"0":"post-52617","1":"product","2":"type-product","3":"status-publish","4":"has-post-thumbnail","6":"product_cat-puzzles-fr","7":"product_cat-puzzles-de-1000-pieces","8":"product_cat-puzzles-pour-adultes","9":"pa_brand-d_toys-fr","10":"pa_country_of_manufacture-ro-fr","11":"pa_filter_age-14-fr","12":"pa_painter-posters-vintage","13":"pa_tip_ambalaj-boite","14":"pa_tip_puzzle-classique","16":"first","17":"instock","18":"taxable","19":"shipping-taxable","20":"product-type-simple"},"yoast_head":"<!-- This site is optimized with the Yoast SEO plugin v20.1 - https:\/\/yoast.com\/wordpress\/plugins\/seo\/ -->\n<title>Vintage Posters Puzzle Adulte 1000 pi\u00e8ces - La grande roue de Paris<\/title>\n<meta name=\"description\" content=\"Vintage Posters Puzzle Adulte 1000 pi\u00e8ces - La grande roue de Paris\" \/>\n<meta name=\"robots\" content=\"index, follow, max-snippet:-1, max-image-preview:large, max-video-preview:-1\" \/>\n<link rel=\"canonical\" href=\"https:\/\/business.roovi.com\/fr\/vintage-posters-puzzle-adulte-1000-pieces-la-grande-roue-de-paris\/p\/\" \/>\n<meta property=\"og:locale\" content=\"fr_FR\" \/>\n<meta property=\"og:type\" content=\"article\" \/>\n<meta property=\"og:title\" content=\"Vintage Posters Puzzle Adulte 1000 pi\u00e8ces - La grande roue de Paris\" \/>\n<meta property=\"og:description\" content=\"Vintage Posters Puzzle Adulte 1000 pi\u00e8ces - La grande roue de Paris\" \/>\n<meta property=\"og:url\" content=\"https:\/\/business.roovi.com\/fr\/vintage-posters-puzzle-adulte-1000-pieces-la-grande-roue-de-paris\/p\/\" \/>\n<meta property=\"og:site_name\" content=\"Roovi B2B\" \/>\n<meta property=\"article:publisher\" content=\"https:\/\/www.facebook.com\/wwwjucariero\" \/>\n<meta property=\"article:modified_time\" content=\"2022-07-13T10:18:08+00:00\" \/>\n<meta property=\"og:image\" content=\"https:\/\/business.roovi.com\/wp-content\/uploads\/2018\/08\/67555_ansamblu_dimensiuni_cutie_cm_vertical_1200x1200.png\" \/>\n\t<meta property=\"og:image:width\" content=\"1200\" \/>\n\t<meta property=\"og:image:height\" content=\"1200\" \/>\n\t<meta property=\"og:image:type\" content=\"image\/png\" \/>\n<meta name=\"twitter:label1\" content=\"Dur\u00e9e de lecture estim\u00e9e\" \/>\n\t<meta name=\"twitter:data1\" content=\"3 minutes\" \/>\n<script type=\"application\/ld+json\" class=\"yoast-schema-graph\">{\"@context\":\"https:\/\/schema.org\",\"@graph\":[{\"@type\":\"WebPage\",\"@id\":\"https:\/\/business.roovi.com\/fr\/vintage-posters-puzzle-adulte-1000-pieces-la-grande-roue-de-paris\/p\/\",\"url\":\"https:\/\/business.roovi.com\/fr\/vintage-posters-puzzle-adulte-1000-pieces-la-grande-roue-de-paris\/p\/\",\"name\":\"Vintage Posters Puzzle Adulte 1000 pi\u00e8ces - La grande roue de Paris\",\"isPartOf\":{\"@id\":\"https:\/\/business.roovi.com\/fr\/#website\"},\"datePublished\":\"2018-08-02T08:38:02+00:00\",\"dateModified\":\"2022-07-13T10:18:08+00:00\",\"description\":\"Vintage Posters Puzzle Adulte 1000 pi\u00e8ces - La grande roue de Paris\",\"breadcrumb\":{\"@id\":\"https:\/\/business.roovi.com\/fr\/vintage-posters-puzzle-adulte-1000-pieces-la-grande-roue-de-paris\/p\/#breadcrumb\"},\"inLanguage\":\"fr-FR\",\"potentialAction\":[{\"@type\":\"ReadAction\",\"target\":[\"https:\/\/business.roovi.com\/fr\/vintage-posters-puzzle-adulte-1000-pieces-la-grande-roue-de-paris\/p\/\"]}]},{\"@type\":\"BreadcrumbList\",\"@id\":\"https:\/\/business.roovi.com\/fr\/vintage-posters-puzzle-adulte-1000-pieces-la-grande-roue-de-paris\/p\/#breadcrumb\",\"itemListElement\":[{\"@type\":\"ListItem\",\"position\":1,\"name\":\"Home\",\"item\":\"https:\/\/business.roovi.com\/fr\/\"},{\"@type\":\"ListItem\",\"position\":2,\"name\":\"Boutique\",\"item\":\"https:\/\/business.roovi.com\/fr\/boutique\/\"},{\"@type\":\"ListItem\",\"position\":3,\"name\":\"Vintage Posters Puzzle Adulte 1000 pi\u00e8ces &#8211; La grande roue de Paris\"}]},{\"@type\":\"WebSite\",\"@id\":\"https:\/\/business.roovi.com\/fr\/#website\",\"url\":\"https:\/\/business.roovi.com\/fr\/\",\"name\":\"Roovi B2B\",\"description\":\"Roovi Business Website\",\"potentialAction\":[{\"@type\":\"SearchAction\",\"target\":{\"@type\":\"EntryPoint\",\"urlTemplate\":\"https:\/\/business.roovi.com\/fr\/?s={search_term_string}\"},\"query-input\":\"required name=search_term_string\"}],\"inLanguage\":\"fr-FR\"}]}<\/script>\n<!-- \/ Yoast SEO plugin. -->","yoast_head_json":{"title":"Vintage Posters Puzzle Adulte 1000 pi\u00e8ces - La grande roue de Paris","description":"Vintage Posters Puzzle Adulte 1000 pi\u00e8ces - La grande roue de Paris","robots":{"index":"index","follow":"follow","max-snippet":"max-snippet:-1","max-image-preview":"max-image-preview:large","max-video-preview":"max-video-preview:-1"},"canonical":"https:\/\/business.roovi.com\/fr\/vintage-posters-puzzle-adulte-1000-pieces-la-grande-roue-de-paris\/p\/","og_locale":"fr_FR","og_type":"article","og_title":"Vintage Posters Puzzle Adulte 1000 pi\u00e8ces - La grande roue de Paris","og_description":"Vintage Posters Puzzle Adulte 1000 pi\u00e8ces - La grande roue de Paris","og_url":"https:\/\/business.roovi.com\/fr\/vintage-posters-puzzle-adulte-1000-pieces-la-grande-roue-de-paris\/p\/","og_site_name":"Roovi B2B","article_publisher":"https:\/\/www.facebook.com\/wwwjucariero","article_modified_time":"2022-07-13T10:18:08+00:00","og_image":[{"width":1200,"height":1200,"url":"https:\/\/business.roovi.com\/wp-content\/uploads\/2018\/08\/67555_ansamblu_dimensiuni_cutie_cm_vertical_1200x1200.png","type":"image\/png"}],"twitter_misc":{"Dur\u00e9e de lecture estim\u00e9e":"3 minutes"},"schema":{"@context":"https:\/\/schema.org","@graph":[{"@type":"WebPage","@id":"https:\/\/business.roovi.com\/fr\/vintage-posters-puzzle-adulte-1000-pieces-la-grande-roue-de-paris\/p\/","url":"https:\/\/business.roovi.com\/fr\/vintage-posters-puzzle-adulte-1000-pieces-la-grande-roue-de-paris\/p\/","name":"Vintage Posters Puzzle Adulte 1000 pi\u00e8ces - La grande roue de Paris","isPartOf":{"@id":"https:\/\/business.roovi.com\/fr\/#website"},"datePublished":"2018-08-02T08:38:02+00:00","dateModified":"2022-07-13T10:18:08+00:00","description":"Vintage Posters Puzzle Adulte 1000 pi\u00e8ces - La grande roue de Paris","breadcrumb":{"@id":"https:\/\/business.roovi.com\/fr\/vintage-posters-puzzle-adulte-1000-pieces-la-grande-roue-de-paris\/p\/#breadcrumb"},"inLanguage":"fr-FR","potentialAction":[{"@type":"ReadAction","target":["https:\/\/business.roovi.com\/fr\/vintage-posters-puzzle-adulte-1000-pieces-la-grande-roue-de-paris\/p\/"]}]},{"@type":"BreadcrumbList","@id":"https:\/\/business.roovi.com\/fr\/vintage-posters-puzzle-adulte-1000-pieces-la-grande-roue-de-paris\/p\/#breadcrumb","itemListElement":[{"@type":"ListItem","position":1,"name":"Home","item":"https:\/\/business.roovi.com\/fr\/"},{"@type":"ListItem","position":2,"name":"Boutique","item":"https:\/\/business.roovi.com\/fr\/boutique\/"},{"@type":"ListItem","position":3,"name":"Vintage Posters Puzzle Adulte 1000 pi\u00e8ces &#8211; La grande roue de Paris"}]},{"@type":"WebSite","@id":"https:\/\/business.roovi.com\/fr\/#website","url":"https:\/\/business.roovi.com\/fr\/","name":"Roovi B2B","description":"Roovi Business Website","potentialAction":[{"@type":"SearchAction","target":{"@type":"EntryPoint","urlTemplate":"https:\/\/business.roovi.com\/fr\/?s={search_term_string}"},"query-input":"required name=search_term_string"}],"inLanguage":"fr-FR"}]}},"_links":{"self":[{"href":"https:\/\/business.roovi.com\/fr\/wp-json\/wp\/v2\/product\/52617","targetHints":{"allow":["GET"]}}],"collection":[{"href":"https:\/\/business.roovi.com\/fr\/wp-json\/wp\/v2\/product"}],"about":[{"href":"https:\/\/business.roovi.com\/fr\/wp-json\/wp\/v2\/types\/product"}],"version-history":[{"count":0,"href":"https:\/\/business.roovi.com\/fr\/wp-json\/wp\/v2\/product\/52617\/revisions"}],"wp:featuredmedia":[{"embeddable":true,"href":"https:\/\/business.roovi.com\/fr\/wp-json\/wp\/v2\/media\/49988"}],"wp:attachment":[{"href":"https:\/\/business.roovi.com\/fr\/wp-json\/wp\/v2\/media?parent=52617"}],"wp:term":[{"taxonomy":"product_brand","embeddable":true,"href":"https:\/\/business.roovi.com\/fr\/wp-json\/wp\/v2\/product_brand?post=52617"},{"taxonomy":"product_cat","embeddable":true,"href":"https:\/\/business.roovi.com\/fr\/wp-json\/wp\/v2\/product_cat?post=52617"},{"taxonomy":"product_tag","embeddable":true,"href":"https:\/\/business.roovi.com\/fr\/wp-json\/wp\/v2\/product_tag?post=52617"}],"curies":[{"name":"wp","href":"https:\/\/api.w.org\/{rel}","templated":true}]}}